{"id":881,"date":"2020-05-22T03:30:30","date_gmt":"2020-05-22T03:30:30","guid":{"rendered":"https:\/\/labochem.com.vn\/?post_type=product&#038;p=881"},"modified":"2020-05-22T03:31:27","modified_gmt":"2020-05-22T03:31:27","slug":"may-quang-pho-do-nuoc-cam-tay-model-dr900","status":"publish","type":"product","link":"https:\/\/labochem.com.vn\/en\/s\u1ea3n ph\u1ea9m\/may-quang-pho-do-nuoc-cam-tay-model-dr900\/","title":{"rendered":"(Ti\u1ebfng Vi\u1ec7t) M\u00e1y quang ph\u1ed5 \u0111o n\u01b0\u1edbc c\u1ea7m tay, Model: DR900"},"content":{"rendered":"","protected":false},"excerpt":{"rendered":"<p class=\"qtranxs-available-languages-message qtranxs-available-languages-message-en\">Sorry, this entry is only available in <a href=\"https:\/\/labochem.com.vn\/vi\/wp-json\/wp\/v2\/product\/881\" class=\"qtranxs-available-language-link qtranxs-available-language-link-vi\" title=\"Ti\u1ebfng Vi\u1ec7t\">Ti\u1ebfng Vi\u1ec7t<\/a>.<\/p>\n","protected":false},"featured_media":882,"comment_status":"open","ping_status":"closed","template":"","meta":[],"product_cat":[303],"product_tag":[334,335],"yoast_head":"<!-- This site is optimized with the Yoast SEO plugin v22.6 - https:\/\/yoast.com\/wordpress\/plugins\/seo\/ -->\n<title><\/title>\n<meta name=\"robots\" content=\"index, follow, max-snippet:-1, max-image-preview:large, max-video-preview:-1\" \/>\n<link rel=\"canonical\" href=\"https:\/\/labochem.com.vn\/s\u1ea3n%20ph\u1ea9m\/may-quang-pho-do-nuoc-cam-tay-model-dr900\/\" \/>\n<meta property=\"og:locale\" content=\"en_US\" \/>\n<meta property=\"og:type\" content=\"article\" \/>\n<meta property=\"og:title\" content=\"[:vi]M\u00e1y quang ph\u1ed5 \u0111o n\u01b0\u1edbc c\u1ea7m tay, Model: DR900[:] - C\u00f4ng ty TNHH LABOCHEM Vi\u1ec7t Nam\" \/>\n<meta property=\"og:description\" content=\"[:vi]M\u00e1y quang ph\u1ed5 \u0111o n\u01b0\u1edbc c\u1ea7m tay, Model: DR900 Model:\u00a0DR900  Nh\u00e0 s\u1ea3n xu\u1ea5t:\u00a0Hach - M\u1ef9  Xu\u1ea5t x\u1ee9:\u00a0M\u1ef9  1.Th\u00f4ng s\u1ed1 k\u1ef9 thu\u1eadt:   \u0110\u00e1p \u1ee9ng ti\u00eau chu\u1ea9n IP67  D\u00f9ng cho ph\u00e2n t\u00edch n\u01b0\u1edbc th\u1ea3i c\u00f4ng nghi\u1ec7p v\u00e0 n\u01b0\u1edbc th\u1ea3i sinh ho\u1ea1t, c\u00e1c lo\u1ea1i n\u01b0\u1edbc b\u1ec1 m\u1eb7t v\u00e0 n\u01b0\u1edbc ng\u1ea7m trong m\u00f4i tr\u01b0\u1eddng  M\u00e1y c\u1ea7m tay duy nh\u1ea5t c\u00f3 s\u1eb5n \u0111\u1ebfn 90 ph\u01b0\u01a1ng ph\u00e1p cho c\u00e1c ch\u1ec9 ti\u00eau th\u00f4ng d\u1ee5ng nh\u1ea5t.  B\u1ed9 nh\u1edb c\u00f3 s\u1eb5n 10 ch\u01b0\u01a1ng tr\u00ecnh cho ng\u01b0\u1eddi s\u1eed d\u1ee5ng v\u00e0 500 gi\u00e1 tr\u1ecb \u0111o  Ch\u01b0\u01a1ng tr\u00ecnh c\u00e0i \u0111\u1eb7t s\u1eb5n theo ti\u00eau chu\u1ea9n  Thang b\u01b0\u1edbc s\u00f3ng: 420, 520, 560, 610 nm  L\u1ef1a ch\u1ecdn b\u01b0\u1edbc s\u00f3ng t\u1ef1 \u0111\u1ed9ng  Ph\u01b0\u01a1ng ph\u00e1p \u0111o: Truy\u1ec1n quang (%), H\u1ea5p thu v\u00e0 N\u1ed3ng \u0111\u1ed9  \u0110\u1ed9 ch\u00ednh x\u00e1c: \u00b1 1nm  \u00c1nh s\u00e1ng l\u1ea1c: &lt; 1.0 % \u1edf 400 nm  \u0110\u1ed9 r\u1ed9ng khe ph\u1ed5: 15 nm  C\u1ed1c \u0111o t\u01b0\u01a1ng th\u00edch: 1 inch tr\u00f2n ho\u1eb7c 16 mm tr\u00f2n (v\u1edbi adapter)  Thang tr\u1eafc quang: 0 - 2 Abs  \u0110\u1ed9 l\u1eb7p l\u1ea1i: \u00b1 0.005 Abs (0 - 1 Abs)  \u0110\u1ed9 tuy\u1ebfn t\u00ednh quang: \u00b1 0.002 Abs (0 - 1 Abs)  \u0110\u1ed9 chu\u1ea9n x\u00e1c quang: \u00b1 0.005 Abs  Ngu\u1ed3n \u0111\u00e8n: Light Emiting Diode (LED)  Hi\u1ec3n th\u1ecb: M\u00e0n h\u00ecnh Graphical 240 x 160 pixel  Giao di\u1ec7n: USB Mini IP67  Nhi\u1ec7t \u0111\u1ed9 ho\u1ea1t \u0111\u1ed9ng 10 - 40\u00baC, \u0111\u1ed9 \u1ea9m 80%  Ngu\u1ed3n d\u00f9ng: 4 pin AA  K\u00edch th\u01b0\u1edbc: 231 x 96 x 48 mm  Tr\u1ecdng l\u01b0\u1ee3ng: X\u1ea5p x\u1ec9 0.6 kg    Cung c\u1ea5p bao g\u1ed3m:    M\u00e1y ch\u00ednh  C\u1ed1c \u0111o m\u1eabu th\u1ee7y tinh 1&quot; (2 c\u00e1i)  C\u1ed1c \u0111o m\u1eabu nh\u1ef1a 1cm (2 c\u00e1i)  Adapter 16-mm COD\/TNT  Pin AA (4 pin)  C\u00e1p USB mini - USB  T\u00e0i li\u1ec7u h\u01b0\u1edbng d\u1eabn s\u1eed d\u1ee5ng ti\u1ebfng Anh + ti\u1ebfng Vi\u1ec7t [:]\" \/>\n<meta property=\"og:url\" content=\"https:\/\/labochem.com.vn\/s\u1ea3n ph\u1ea9m\/may-quang-pho-do-nuoc-cam-tay-model-dr900\/\" \/>\n<meta property=\"og:site_name\" content=\"C\u00f4ng ty TNHH LABOCHEM Vi\u1ec7t Nam\" \/>\n<meta property=\"article:modified_time\" content=\"2020-05-22T03:31:27+00:00\" \/>\n<meta property=\"og:image\" content=\"https:\/\/labochem.com.vn\/wp-content\/uploads\/2020\/05\/dr900.jpg\" \/>\n\t<meta property=\"og:image:width\" content=\"450\" \/>\n\t<meta property=\"og:image:height\" content=\"450\" \/>\n\t<meta property=\"og:image:type\" content=\"image\/jpeg\" \/>\n<meta name=\"twitter:card\" content=\"summary_large_image\" \/>\n<script type=\"application\/ld+json\" class=\"yoast-schema-graph\">{\"@context\":\"https:\/\/schema.org\",\"@graph\":[{\"@type\":\"WebPage\",\"@id\":\"https:\/\/labochem.com.vn\/s\u1ea3n ph\u1ea9m\/may-quang-pho-do-nuoc-cam-tay-model-dr900\/\",\"url\":\"https:\/\/labochem.com.vn\/s\u1ea3n ph\u1ea9m\/may-quang-pho-do-nuoc-cam-tay-model-dr900\/\",\"name\":\"[:vi]M\u00e1y quang ph\u1ed5 \u0111o n\u01b0\u1edbc c\u1ea7m tay, Model: DR900[:] - C\u00f4ng ty TNHH LABOCHEM Vi\u1ec7t Nam\",\"isPartOf\":{\"@id\":\"https:\/\/labochem.com.vn\/#website\"},\"primaryImageOfPage\":{\"@id\":\"https:\/\/labochem.com.vn\/s\u1ea3n ph\u1ea9m\/may-quang-pho-do-nuoc-cam-tay-model-dr900\/#primaryimage\"},\"image\":{\"@id\":\"https:\/\/labochem.com.vn\/s\u1ea3n ph\u1ea9m\/may-quang-pho-do-nuoc-cam-tay-model-dr900\/#primaryimage\"},\"thumbnailUrl\":\"https:\/\/labochem.com.vn\/wp-content\/uploads\/2020\/05\/dr900.jpg\",\"datePublished\":\"2020-05-22T03:30:30+00:00\",\"dateModified\":\"2020-05-22T03:31:27+00:00\",\"breadcrumb\":{\"@id\":\"https:\/\/labochem.com.vn\/s\u1ea3n ph\u1ea9m\/may-quang-pho-do-nuoc-cam-tay-model-dr900\/#breadcrumb\"},\"inLanguage\":\"en-US\",\"potentialAction\":[{\"@type\":\"ReadAction\",\"target\":[\"https:\/\/labochem.com.vn\/s\u1ea3n ph\u1ea9m\/may-quang-pho-do-nuoc-cam-tay-model-dr900\/\"]}]},{\"@type\":\"ImageObject\",\"inLanguage\":\"en-US\",\"@id\":\"https:\/\/labochem.com.vn\/s\u1ea3n ph\u1ea9m\/may-quang-pho-do-nuoc-cam-tay-model-dr900\/#primaryimage\",\"url\":\"https:\/\/labochem.com.vn\/wp-content\/uploads\/2020\/05\/dr900.jpg\",\"contentUrl\":\"https:\/\/labochem.com.vn\/wp-content\/uploads\/2020\/05\/dr900.jpg\",\"width\":450,\"height\":450},{\"@type\":\"BreadcrumbList\",\"@id\":\"https:\/\/labochem.com.vn\/s\u1ea3n ph\u1ea9m\/may-quang-pho-do-nuoc-cam-tay-model-dr900\/#breadcrumb\",\"itemListElement\":[{\"@type\":\"ListItem\",\"position\":1,\"name\":\"Home\",\"item\":\"https:\/\/labochem.com.vn\/\"},{\"@type\":\"ListItem\",\"position\":2,\"name\":\"C\u1eeda h\u00e0ng\",\"item\":\"https:\/\/labochem.com.vn\/mua\/\"},{\"@type\":\"ListItem\",\"position\":3,\"name\":\"M\u00e1y quang ph\u1ed5 \u0111o n\u01b0\u1edbc c\u1ea7m tay, Model: DR900\"}]},{\"@type\":\"WebSite\",\"@id\":\"https:\/\/labochem.com.vn\/#website\",\"url\":\"https:\/\/labochem.com.vn\/\",\"name\":\"C\u00f4ng ty TNHH LABOCHEM Vi\u1ec7t Nam\",\"description\":\"M\u1ed9t trang web m\u1edbi s\u1eed d\u1ee5ng WordPress\",\"potentialAction\":[{\"@type\":\"SearchAction\",\"target\":{\"@type\":\"EntryPoint\",\"urlTemplate\":\"https:\/\/labochem.com.vn\/?s={search_term_string}\"},\"query-input\":\"required name=search_term_string\"}],\"inLanguage\":\"en-US\"}]}<\/script>\n<!-- \/ Yoast SEO plugin. -->","yoast_head_json":{"title":"[:vi]M\u00e1y quang ph\u1ed5 \u0111o n\u01b0\u1edbc c\u1ea7m tay, Model: DR900[:] - C\u00f4ng ty TNHH LABOCHEM Vi\u1ec7t Nam","robots":{"index":"index","follow":"follow","max-snippet":"max-snippet:-1","max-image-preview":"max-image-preview:large","max-video-preview":"max-video-preview:-1"},"canonical":"https:\/\/labochem.com.vn\/s\u1ea3n ph\u1ea9m\/may-quang-pho-do-nuoc-cam-tay-model-dr900\/","og_locale":"en_US","og_type":"article","og_title":"[:vi]M\u00e1y quang ph\u1ed5 \u0111o n\u01b0\u1edbc c\u1ea7m tay, Model: DR900[:] - C\u00f4ng ty TNHH LABOCHEM Vi\u1ec7t Nam","og_description":"[:vi]M\u00e1y quang ph\u1ed5 \u0111o n\u01b0\u1edbc c\u1ea7m tay, Model: DR900 Model:\u00a0DR900  Nh\u00e0 s\u1ea3n xu\u1ea5t:\u00a0Hach - M\u1ef9  Xu\u1ea5t x\u1ee9:\u00a0M\u1ef9  1.Th\u00f4ng s\u1ed1 k\u1ef9 thu\u1eadt:   \u0110\u00e1p \u1ee9ng ti\u00eau chu\u1ea9n IP67  D\u00f9ng cho ph\u00e2n t\u00edch n\u01b0\u1edbc th\u1ea3i c\u00f4ng nghi\u1ec7p v\u00e0 n\u01b0\u1edbc th\u1ea3i sinh ho\u1ea1t, c\u00e1c lo\u1ea1i n\u01b0\u1edbc b\u1ec1 m\u1eb7t v\u00e0 n\u01b0\u1edbc ng\u1ea7m trong m\u00f4i tr\u01b0\u1eddng  M\u00e1y c\u1ea7m tay duy nh\u1ea5t c\u00f3 s\u1eb5n \u0111\u1ebfn 90 ph\u01b0\u01a1ng ph\u00e1p cho c\u00e1c ch\u1ec9 ti\u00eau th\u00f4ng d\u1ee5ng nh\u1ea5t.  B\u1ed9 nh\u1edb c\u00f3 s\u1eb5n 10 ch\u01b0\u01a1ng tr\u00ecnh cho ng\u01b0\u1eddi s\u1eed d\u1ee5ng v\u00e0 500 gi\u00e1 tr\u1ecb \u0111o  Ch\u01b0\u01a1ng tr\u00ecnh c\u00e0i \u0111\u1eb7t s\u1eb5n theo ti\u00eau chu\u1ea9n  Thang b\u01b0\u1edbc s\u00f3ng: 420, 520, 560, 610 nm  L\u1ef1a ch\u1ecdn b\u01b0\u1edbc s\u00f3ng t\u1ef1 \u0111\u1ed9ng  Ph\u01b0\u01a1ng ph\u00e1p \u0111o: Truy\u1ec1n quang (%), H\u1ea5p thu v\u00e0 N\u1ed3ng \u0111\u1ed9  \u0110\u1ed9 ch\u00ednh x\u00e1c: \u00b1 1nm  \u00c1nh s\u00e1ng l\u1ea1c: &lt; 1.0 % \u1edf 400 nm  \u0110\u1ed9 r\u1ed9ng khe ph\u1ed5: 15 nm  C\u1ed1c \u0111o t\u01b0\u01a1ng th\u00edch: 1 inch tr\u00f2n ho\u1eb7c 16 mm tr\u00f2n (v\u1edbi adapter)  Thang tr\u1eafc quang: 0 - 2 Abs  \u0110\u1ed9 l\u1eb7p l\u1ea1i: \u00b1 0.005 Abs (0 - 1 Abs)  \u0110\u1ed9 tuy\u1ebfn t\u00ednh quang: \u00b1 0.002 Abs (0 - 1 Abs)  \u0110\u1ed9 chu\u1ea9n x\u00e1c quang: \u00b1 0.005 Abs  Ngu\u1ed3n \u0111\u00e8n: Light Emiting Diode (LED)  Hi\u1ec3n th\u1ecb: M\u00e0n h\u00ecnh Graphical 240 x 160 pixel  Giao di\u1ec7n: USB Mini IP67  Nhi\u1ec7t \u0111\u1ed9 ho\u1ea1t \u0111\u1ed9ng 10 - 40\u00baC, \u0111\u1ed9 \u1ea9m 80%  Ngu\u1ed3n d\u00f9ng: 4 pin AA  K\u00edch th\u01b0\u1edbc: 231 x 96 x 48 mm  Tr\u1ecdng l\u01b0\u1ee3ng: X\u1ea5p x\u1ec9 0.6 kg    Cung c\u1ea5p bao g\u1ed3m:    M\u00e1y ch\u00ednh  C\u1ed1c \u0111o m\u1eabu th\u1ee7y tinh 1\" (2 c\u00e1i)  C\u1ed1c \u0111o m\u1eabu nh\u1ef1a 1cm (2 c\u00e1i)  Adapter 16-mm COD\/TNT  Pin AA (4 pin)  C\u00e1p USB mini - USB  T\u00e0i li\u1ec7u h\u01b0\u1edbng d\u1eabn s\u1eed d\u1ee5ng ti\u1ebfng Anh + ti\u1ebfng Vi\u1ec7t [:]","og_url":"https:\/\/labochem.com.vn\/s\u1ea3n ph\u1ea9m\/may-quang-pho-do-nuoc-cam-tay-model-dr900\/","og_site_name":"C\u00f4ng ty TNHH LABOCHEM Vi\u1ec7t Nam","article_modified_time":"2020-05-22T03:31:27+00:00","og_image":[{"width":450,"height":450,"url":"https:\/\/labochem.com.vn\/wp-content\/uploads\/2020\/05\/dr900.jpg","type":"image\/jpeg"}],"twitter_card":"summary_large_image","schema":{"@context":"https:\/\/schema.org","@graph":[{"@type":"WebPage","@id":"https:\/\/labochem.com.vn\/s\u1ea3n ph\u1ea9m\/may-quang-pho-do-nuoc-cam-tay-model-dr900\/","url":"https:\/\/labochem.com.vn\/s\u1ea3n ph\u1ea9m\/may-quang-pho-do-nuoc-cam-tay-model-dr900\/","name":"[:vi]M\u00e1y quang ph\u1ed5 \u0111o n\u01b0\u1edbc c\u1ea7m tay, Model: DR900[:] - C\u00f4ng ty TNHH LABOCHEM Vi\u1ec7t Nam","isPartOf":{"@id":"https:\/\/labochem.com.vn\/#website"},"primaryImageOfPage":{"@id":"https:\/\/labochem.com.vn\/s\u1ea3n ph\u1ea9m\/may-quang-pho-do-nuoc-cam-tay-model-dr900\/#primaryimage"},"image":{"@id":"https:\/\/labochem.com.vn\/s\u1ea3n ph\u1ea9m\/may-quang-pho-do-nuoc-cam-tay-model-dr900\/#primaryimage"},"thumbnailUrl":"https:\/\/labochem.com.vn\/wp-content\/uploads\/2020\/05\/dr900.jpg","datePublished":"2020-05-22T03:30:30+00:00","dateModified":"2020-05-22T03:31:27+00:00","breadcrumb":{"@id":"https:\/\/labochem.com.vn\/s\u1ea3n ph\u1ea9m\/may-quang-pho-do-nuoc-cam-tay-model-dr900\/#breadcrumb"},"inLanguage":"en-US","potentialAction":[{"@type":"ReadAction","target":["https:\/\/labochem.com.vn\/s\u1ea3n ph\u1ea9m\/may-quang-pho-do-nuoc-cam-tay-model-dr900\/"]}]},{"@type":"ImageObject","inLanguage":"en-US","@id":"https:\/\/labochem.com.vn\/s\u1ea3n ph\u1ea9m\/may-quang-pho-do-nuoc-cam-tay-model-dr900\/#primaryimage","url":"https:\/\/labochem.com.vn\/wp-content\/uploads\/2020\/05\/dr900.jpg","contentUrl":"https:\/\/labochem.com.vn\/wp-content\/uploads\/2020\/05\/dr900.jpg","width":450,"height":450},{"@type":"BreadcrumbList","@id":"https:\/\/labochem.com.vn\/s\u1ea3n ph\u1ea9m\/may-quang-pho-do-nuoc-cam-tay-model-dr900\/#breadcrumb","itemListElement":[{"@type":"ListItem","position":1,"name":"Home","item":"https:\/\/labochem.com.vn\/"},{"@type":"ListItem","position":2,"name":"C\u1eeda h\u00e0ng","item":"https:\/\/labochem.com.vn\/mua\/"},{"@type":"ListItem","position":3,"name":"M\u00e1y quang ph\u1ed5 \u0111o n\u01b0\u1edbc c\u1ea7m tay, Model: DR900"}]},{"@type":"WebSite","@id":"https:\/\/labochem.com.vn\/#website","url":"https:\/\/labochem.com.vn\/","name":"C\u00f4ng ty TNHH LABOCHEM Vi\u1ec7t Nam","description":"M\u1ed9t trang web m\u1edbi s\u1eed d\u1ee5ng WordPress","potentialAction":[{"@type":"SearchAction","target":{"@type":"EntryPoint","urlTemplate":"https:\/\/labochem.com.vn\/?s={search_term_string}"},"query-input":"required name=search_term_string"}],"inLanguage":"en-US"}]}},"_links":{"self":[{"href":"https:\/\/labochem.com.vn\/en\/wp-json\/wp\/v2\/product\/881"}],"collection":[{"href":"https:\/\/labochem.com.vn\/en\/wp-json\/wp\/v2\/product"}],"about":[{"href":"https:\/\/labochem.com.vn\/en\/wp-json\/wp\/v2\/types\/product"}],"replies":[{"embeddable":true,"href":"https:\/\/labochem.com.vn\/en\/wp-json\/wp\/v2\/comments?post=881"}],"wp:featuredmedia":[{"embeddable":true,"href":"https:\/\/labochem.com.vn\/en\/wp-json\/wp\/v2\/media\/882"}],"wp:attachment":[{"href":"https:\/\/labochem.com.vn\/en\/wp-json\/wp\/v2\/media?parent=881"}],"wp:term":[{"taxonomy":"product_cat","embeddable":true,"href":"https:\/\/labochem.com.vn\/en\/wp-json\/wp\/v2\/product_cat?post=881"},{"taxonomy":"product_tag","embeddable":true,"href":"https:\/\/labochem.com.vn\/en\/wp-json\/wp\/v2\/product_tag?post=881"}],"curies":[{"name":"wp","href":"https:\/\/api.w.org\/{rel}","templated":true}]}}