{"id":879,"date":"2020-05-22T03:24:20","date_gmt":"2020-05-22T03:24:20","guid":{"rendered":"https:\/\/labochem.com.vn\/?post_type=product&#038;p=879"},"modified":"2020-05-22T03:24:21","modified_gmt":"2020-05-22T03:24:21","slug":"may-quang-pho-phan-tich-nuoc-de-ban","status":"publish","type":"product","link":"https:\/\/labochem.com.vn\/en\/s\u1ea3n ph\u1ea9m\/may-quang-pho-phan-tich-nuoc-de-ban\/","title":{"rendered":"(Ti\u1ebfng Vi\u1ec7t) M\u00e1y quang ph\u1ed5 ph\u00e2n t\u00edch n\u01b0\u1edbc \u0111\u1ec3 b\u00e0n"},"content":{"rendered":"","protected":false},"excerpt":{"rendered":"<p class=\"qtranxs-available-languages-message qtranxs-available-languages-message-en\">Sorry, this entry is only available in <a href=\"https:\/\/labochem.com.vn\/vi\/wp-json\/wp\/v2\/product\/879\" class=\"qtranxs-available-language-link qtranxs-available-language-link-vi\" title=\"Ti\u1ebfng Vi\u1ec7t\">Ti\u1ebfng Vi\u1ec7t<\/a>.<\/p>\n","protected":false},"featured_media":880,"comment_status":"open","ping_status":"closed","template":"","meta":[],"product_cat":[303],"product_tag":[333],"yoast_head":"<!-- This site is optimized with the Yoast SEO plugin v22.6 - https:\/\/yoast.com\/wordpress\/plugins\/seo\/ -->\n<title><\/title>\n<meta name=\"robots\" content=\"index, follow, max-snippet:-1, max-image-preview:large, max-video-preview:-1\" \/>\n<link rel=\"canonical\" href=\"https:\/\/labochem.com.vn\/s\u1ea3n%20ph\u1ea9m\/may-quang-pho-phan-tich-nuoc-de-ban\/\" \/>\n<meta property=\"og:locale\" content=\"en_US\" \/>\n<meta property=\"og:type\" content=\"article\" \/>\n<meta property=\"og:title\" content=\"[:vi]M\u00e1y quang ph\u1ed5 ph\u00e2n t\u00edch n\u01b0\u1edbc \u0111\u1ec3 b\u00e0n[:] - C\u00f4ng ty TNHH LABOCHEM Vi\u1ec7t Nam\" \/>\n<meta property=\"og:description\" content=\"[:vi]M\u00e1y quang ph\u1ed5 ph\u00e2n t\u00edch n\u01b0\u1edbc \u0111\u1ec3 b\u00e0n Model:\u00a0DR 6000  Nh\u00e0 s\u1ea3n xu\u1ea5t:\u00a0Hach - M\u1ef9   Xu\u1ea5t x\u1ee9:\u00a0M\u1ef9  1.Th\u00f4ng s\u1ed1 k\u1ef9 thu\u1eadt:   M\u00e1y quang ph\u1ed5 cao c\u1ea5p nh\u1ea5t d\u00e0nh cho ph\u00f2ng th\u00ed nghi\u1ec7m c\u1ee7a h\u00e3ng Hach, chuy\u00ean d\u1ee5ng cho \u0111o c\u00e1c ch\u1ec9 ti\u00eau n\u01b0\u1edbc, ph\u00f9 h\u1ee3p v\u1edbi c\u00e1c l\u0129nh v\u1ef1c: th\u1ef1c ph\u1ea9m, \u0111\u1ed3 u\u1ed1ng, n\u01b0\u1edbc th\u1ea3i, n\u01b0\u1edbc s\u1ea1ch\u2026  H\u01a1n 250 ch\u01b0\u01a1ng tr\u00ecnh c\u00e1c ph\u01b0\u01a1ng ph\u00e1p ph\u00e2n t\u00edch ch\u1ec9 ti\u00eau n\u01b0\u1edbc \u0111\u01b0\u1ee3c c\u00e0i s\u1eb5n, 200 ch\u01b0\u01a1ng tr\u00ecnh c\u00e0i \u0111\u1eb7t tu\u1ef3 \u00fd d\u00e0nh cho ng\u01b0\u1eddi s\u1eed d\u1ee5ng.  Ph\u01b0\u01a1ng ph\u00e1p \u0111o: \u0111\u1ed9 truy\u1ec1n quang (%) , \u0111\u1ed9 h\u1ea5p th\u1ee5 (Abs) , n\u1ed3ng \u0111\u1ed9 \u00a9  Ngu\u1ed3n \u0111\u00e8n : Tungsten cho v\u00f9ng kh\u00e1 ki\u1ebfn v\u00e0 deuterium cho v\u00f9ng t\u1eed ngo\u1ea1i (UV)  D\u1ea3i b\u01b0\u1edbc s\u00f3ng: 190 - 1100nm  \u0110\u1ed9 ch\u00ednh x\u00e1c b\u01b0\u1edbc s\u00f3ng: \u00b1 1 nm  \u0110\u1ed9 l\u1eb7p l\u1ea1i b\u01b0\u1edbc s\u00f3ng: &lt; 0.1nm  \u0110\u1ed9 ph\u00e2n gi\u1ea3i b\u01b0\u1edbc s\u00f3ng: 0.1nm  Hi\u1ec7u chu\u1ea9n b\u01b0\u1edbc s\u00f3ng : t\u1ef1 \u0111\u1ed9ng  Ch\u1ebf \u0111\u1ed9 ch\u1ecdn b\u01b0\u1edbc s\u00f3ng : t\u1ef1 \u0111\u1ed9ng, d\u1ef1a tr\u00ean ch\u01b0\u01a1ng tr\u00ecnh ph\u00e2n t\u00edch \u0111\u01b0\u1ee3c ch\u1ecdn  \u0110\u1ed9 r\u1ed9ng khe ph\u1ed5: 2 nm  Kho\u1ea3ng \u0111o tr\u1eafc quang: \u00b1 3 Abs  \u0110\u1ed9 ch\u00ednh x\u00e1c tr\u1eafc quang: 5 mAbs % \u1edf 0 - 0.5 Abs v\u00e0 &lt;1% \u1edf 0.5 - 2 Abs \u1edf b\u01b0\u1edbc s\u00f3ng 546nm  \u0110\u1ed9 tuy\u1ebfn t\u00ednh quang : 5% \u0111\u1ebfn 2Abs, \u2264 1% \u1edf &gt; 2Abs v\u1edbi neutral glass \u1edf b\u01b0\u1edbc s\u00f3ng 546 nm  \u00c1nh s\u00e1ng l\u1ea1c: Dung d\u1ecbch KI \u1edf 220nm &lt; 3.3Abs \/ &lt; 0.05%  \u0110i\u1ec1u khi\u1ec3n v\u00e0 hi\u1ec3n th\u1ecb: m\u00e0n h\u00ecnh TFT m\u00e0u, c\u1ea3m \u1ee9ng, r\u1ed9ng 7&quot;  M\u00e1y l\u01b0u \u0111\u01b0\u1ee3c 5000 \u0111i\u1ec3m d\u1eef li\u1ec7u (k\u1ebft qu\u1ea3, t\u00ean m\u1eabu, t\u00ean ng\u01b0\u1eddi s\u1eed d\u1ee5ng, ng\u00e0y th\u00e1ng, th\u1eddi gian)  Nhi\u1ec7t \u0111\u1ed9 m\u00f4i tr\u01b0\u1eddng ho\u1ea1t \u0111\u1ed9ng: 10 to 40oC, 80%RH  C\u1ed5ng giao di\u1ec7n: 3 c\u1ed5ng USB, 1 c\u1ed5ng Ethernet  Bu\u1ed3ng \u0111\u1ec3 m\u1eabu: d\u1ea1ng module, d\u00f9ng \u0111\u01b0\u1ee3c cho nhi\u1ec1u lo\u1ea1i c\u1ed1c \u0111o kh\u00e1c nhau.  C\u1ed1c \u0111o vu\u00f4ng: 1 cm, 5 cm, 1&quot;,  C\u1ed1c \u0111o tr\u00f2n: 13 mm, 16 mm, 1&quot;.  Ng\u00f4n ng\u1eef: Anh, Ph\u00e1p, \u00dd, \u0110\u1ee9c,\u2026  Chu\u1ea9n b\u1ea3o v\u1ec7 v\u1ecf m\u00e1y: IP20  Ngu\u1ed3n d\u00f9ng: 110-240 VAC; 50\/60 Hz  K\u00edch th\u01b0\u1edbc: 215 x 500 x 460mm  Tr\u1ecdng l\u01b0\u1ee3ng: 11kg    Cung c\u1ea5p\u00a0bao g\u1ed3m:    M\u00e1y ch\u00ednh  Adapter gi\u1eef nhi\u1ec1u lo\u1ea1i c\u1ed1c \u0111o  02 c\u1ed1c \u0111o m\u1eabu vu\u00f4ng 1&quot; - 10 mL  N\u1eafp ch\u1eafn s\u00e1ng g\u1eafn s\u1eb5n trong m\u00e1y  Bao ph\u1ee7 ch\u1ed1ng b\u1ee5i  D\u00e2y ngu\u1ed3n  T\u00e0i li\u1ec7u h\u01b0\u1edbng d\u1eabn s\u1eed d\u1ee5ng ti\u1ebfng Anh + ti\u1ebfng Vi\u1ec7t [:]\" \/>\n<meta property=\"og:url\" content=\"https:\/\/labochem.com.vn\/s\u1ea3n ph\u1ea9m\/may-quang-pho-phan-tich-nuoc-de-ban\/\" \/>\n<meta property=\"og:site_name\" content=\"C\u00f4ng ty TNHH LABOCHEM Vi\u1ec7t Nam\" \/>\n<meta property=\"article:modified_time\" content=\"2020-05-22T03:24:21+00:00\" \/>\n<meta property=\"og:image\" content=\"https:\/\/labochem.com.vn\/wp-content\/uploads\/2020\/05\/dr6000.jpg\" \/>\n\t<meta property=\"og:image:width\" content=\"450\" \/>\n\t<meta property=\"og:image:height\" content=\"450\" \/>\n\t<meta property=\"og:image:type\" content=\"image\/jpeg\" \/>\n<meta name=\"twitter:card\" content=\"summary_large_image\" \/>\n<script type=\"application\/ld+json\" class=\"yoast-schema-graph\">{\"@context\":\"https:\/\/schema.org\",\"@graph\":[{\"@type\":\"WebPage\",\"@id\":\"https:\/\/labochem.com.vn\/s\u1ea3n ph\u1ea9m\/may-quang-pho-phan-tich-nuoc-de-ban\/\",\"url\":\"https:\/\/labochem.com.vn\/s\u1ea3n ph\u1ea9m\/may-quang-pho-phan-tich-nuoc-de-ban\/\",\"name\":\"[:vi]M\u00e1y quang ph\u1ed5 ph\u00e2n t\u00edch n\u01b0\u1edbc \u0111\u1ec3 b\u00e0n[:] - C\u00f4ng ty TNHH LABOCHEM Vi\u1ec7t Nam\",\"isPartOf\":{\"@id\":\"https:\/\/labochem.com.vn\/#website\"},\"primaryImageOfPage\":{\"@id\":\"https:\/\/labochem.com.vn\/s\u1ea3n ph\u1ea9m\/may-quang-pho-phan-tich-nuoc-de-ban\/#primaryimage\"},\"image\":{\"@id\":\"https:\/\/labochem.com.vn\/s\u1ea3n ph\u1ea9m\/may-quang-pho-phan-tich-nuoc-de-ban\/#primaryimage\"},\"thumbnailUrl\":\"https:\/\/labochem.com.vn\/wp-content\/uploads\/2020\/05\/dr6000.jpg\",\"datePublished\":\"2020-05-22T03:24:20+00:00\",\"dateModified\":\"2020-05-22T03:24:21+00:00\",\"breadcrumb\":{\"@id\":\"https:\/\/labochem.com.vn\/s\u1ea3n ph\u1ea9m\/may-quang-pho-phan-tich-nuoc-de-ban\/#breadcrumb\"},\"inLanguage\":\"en-US\",\"potentialAction\":[{\"@type\":\"ReadAction\",\"target\":[\"https:\/\/labochem.com.vn\/s\u1ea3n ph\u1ea9m\/may-quang-pho-phan-tich-nuoc-de-ban\/\"]}]},{\"@type\":\"ImageObject\",\"inLanguage\":\"en-US\",\"@id\":\"https:\/\/labochem.com.vn\/s\u1ea3n ph\u1ea9m\/may-quang-pho-phan-tich-nuoc-de-ban\/#primaryimage\",\"url\":\"https:\/\/labochem.com.vn\/wp-content\/uploads\/2020\/05\/dr6000.jpg\",\"contentUrl\":\"https:\/\/labochem.com.vn\/wp-content\/uploads\/2020\/05\/dr6000.jpg\",\"width\":450,\"height\":450},{\"@type\":\"BreadcrumbList\",\"@id\":\"https:\/\/labochem.com.vn\/s\u1ea3n ph\u1ea9m\/may-quang-pho-phan-tich-nuoc-de-ban\/#breadcrumb\",\"itemListElement\":[{\"@type\":\"ListItem\",\"position\":1,\"name\":\"Home\",\"item\":\"https:\/\/labochem.com.vn\/\"},{\"@type\":\"ListItem\",\"position\":2,\"name\":\"C\u1eeda h\u00e0ng\",\"item\":\"https:\/\/labochem.com.vn\/mua\/\"},{\"@type\":\"ListItem\",\"position\":3,\"name\":\"M\u00e1y quang ph\u1ed5 ph\u00e2n t\u00edch n\u01b0\u1edbc \u0111\u1ec3 b\u00e0n\"}]},{\"@type\":\"WebSite\",\"@id\":\"https:\/\/labochem.com.vn\/#website\",\"url\":\"https:\/\/labochem.com.vn\/\",\"name\":\"C\u00f4ng ty TNHH LABOCHEM Vi\u1ec7t Nam\",\"description\":\"M\u1ed9t trang web m\u1edbi s\u1eed d\u1ee5ng WordPress\",\"potentialAction\":[{\"@type\":\"SearchAction\",\"target\":{\"@type\":\"EntryPoint\",\"urlTemplate\":\"https:\/\/labochem.com.vn\/?s={search_term_string}\"},\"query-input\":\"required name=search_term_string\"}],\"inLanguage\":\"en-US\"}]}<\/script>\n<!-- \/ Yoast SEO plugin. -->","yoast_head_json":{"title":"[:vi]M\u00e1y quang ph\u1ed5 ph\u00e2n t\u00edch n\u01b0\u1edbc \u0111\u1ec3 b\u00e0n[:] - C\u00f4ng ty TNHH LABOCHEM Vi\u1ec7t Nam","robots":{"index":"index","follow":"follow","max-snippet":"max-snippet:-1","max-image-preview":"max-image-preview:large","max-video-preview":"max-video-preview:-1"},"canonical":"https:\/\/labochem.com.vn\/s\u1ea3n ph\u1ea9m\/may-quang-pho-phan-tich-nuoc-de-ban\/","og_locale":"en_US","og_type":"article","og_title":"[:vi]M\u00e1y quang ph\u1ed5 ph\u00e2n t\u00edch n\u01b0\u1edbc \u0111\u1ec3 b\u00e0n[:] - C\u00f4ng ty TNHH LABOCHEM Vi\u1ec7t Nam","og_description":"[:vi]M\u00e1y quang ph\u1ed5 ph\u00e2n t\u00edch n\u01b0\u1edbc \u0111\u1ec3 b\u00e0n Model:\u00a0DR 6000  Nh\u00e0 s\u1ea3n xu\u1ea5t:\u00a0Hach - M\u1ef9   Xu\u1ea5t x\u1ee9:\u00a0M\u1ef9  1.Th\u00f4ng s\u1ed1 k\u1ef9 thu\u1eadt:   M\u00e1y quang ph\u1ed5 cao c\u1ea5p nh\u1ea5t d\u00e0nh cho ph\u00f2ng th\u00ed nghi\u1ec7m c\u1ee7a h\u00e3ng Hach, chuy\u00ean d\u1ee5ng cho \u0111o c\u00e1c ch\u1ec9 ti\u00eau n\u01b0\u1edbc, ph\u00f9 h\u1ee3p v\u1edbi c\u00e1c l\u0129nh v\u1ef1c: th\u1ef1c ph\u1ea9m, \u0111\u1ed3 u\u1ed1ng, n\u01b0\u1edbc th\u1ea3i, n\u01b0\u1edbc s\u1ea1ch\u2026  H\u01a1n 250 ch\u01b0\u01a1ng tr\u00ecnh c\u00e1c ph\u01b0\u01a1ng ph\u00e1p ph\u00e2n t\u00edch ch\u1ec9 ti\u00eau n\u01b0\u1edbc \u0111\u01b0\u1ee3c c\u00e0i s\u1eb5n, 200 ch\u01b0\u01a1ng tr\u00ecnh c\u00e0i \u0111\u1eb7t tu\u1ef3 \u00fd d\u00e0nh cho ng\u01b0\u1eddi s\u1eed d\u1ee5ng.  Ph\u01b0\u01a1ng ph\u00e1p \u0111o: \u0111\u1ed9 truy\u1ec1n quang (%) , \u0111\u1ed9 h\u1ea5p th\u1ee5 (Abs) , n\u1ed3ng \u0111\u1ed9 \u00a9  Ngu\u1ed3n \u0111\u00e8n : Tungsten cho v\u00f9ng kh\u00e1 ki\u1ebfn v\u00e0 deuterium cho v\u00f9ng t\u1eed ngo\u1ea1i (UV)  D\u1ea3i b\u01b0\u1edbc s\u00f3ng: 190 - 1100nm  \u0110\u1ed9 ch\u00ednh x\u00e1c b\u01b0\u1edbc s\u00f3ng: \u00b1 1 nm  \u0110\u1ed9 l\u1eb7p l\u1ea1i b\u01b0\u1edbc s\u00f3ng: &lt; 0.1nm  \u0110\u1ed9 ph\u00e2n gi\u1ea3i b\u01b0\u1edbc s\u00f3ng: 0.1nm  Hi\u1ec7u chu\u1ea9n b\u01b0\u1edbc s\u00f3ng : t\u1ef1 \u0111\u1ed9ng  Ch\u1ebf \u0111\u1ed9 ch\u1ecdn b\u01b0\u1edbc s\u00f3ng : t\u1ef1 \u0111\u1ed9ng, d\u1ef1a tr\u00ean ch\u01b0\u01a1ng tr\u00ecnh ph\u00e2n t\u00edch \u0111\u01b0\u1ee3c ch\u1ecdn  \u0110\u1ed9 r\u1ed9ng khe ph\u1ed5: 2 nm  Kho\u1ea3ng \u0111o tr\u1eafc quang: \u00b1 3 Abs  \u0110\u1ed9 ch\u00ednh x\u00e1c tr\u1eafc quang: 5 mAbs % \u1edf 0 - 0.5 Abs v\u00e0 &lt;1% \u1edf 0.5 - 2 Abs \u1edf b\u01b0\u1edbc s\u00f3ng 546nm  \u0110\u1ed9 tuy\u1ebfn t\u00ednh quang : 5% \u0111\u1ebfn 2Abs, \u2264 1% \u1edf &gt; 2Abs v\u1edbi neutral glass \u1edf b\u01b0\u1edbc s\u00f3ng 546 nm  \u00c1nh s\u00e1ng l\u1ea1c: Dung d\u1ecbch KI \u1edf 220nm &lt; 3.3Abs \/ &lt; 0.05%  \u0110i\u1ec1u khi\u1ec3n v\u00e0 hi\u1ec3n th\u1ecb: m\u00e0n h\u00ecnh TFT m\u00e0u, c\u1ea3m \u1ee9ng, r\u1ed9ng 7\"  M\u00e1y l\u01b0u \u0111\u01b0\u1ee3c 5000 \u0111i\u1ec3m d\u1eef li\u1ec7u (k\u1ebft qu\u1ea3, t\u00ean m\u1eabu, t\u00ean ng\u01b0\u1eddi s\u1eed d\u1ee5ng, ng\u00e0y th\u00e1ng, th\u1eddi gian)  Nhi\u1ec7t \u0111\u1ed9 m\u00f4i tr\u01b0\u1eddng ho\u1ea1t \u0111\u1ed9ng: 10 to 40oC, 80%RH  C\u1ed5ng giao di\u1ec7n: 3 c\u1ed5ng USB, 1 c\u1ed5ng Ethernet  Bu\u1ed3ng \u0111\u1ec3 m\u1eabu: d\u1ea1ng module, d\u00f9ng \u0111\u01b0\u1ee3c cho nhi\u1ec1u lo\u1ea1i c\u1ed1c \u0111o kh\u00e1c nhau.  C\u1ed1c \u0111o vu\u00f4ng: 1 cm, 5 cm, 1\",  C\u1ed1c \u0111o tr\u00f2n: 13 mm, 16 mm, 1\".  Ng\u00f4n ng\u1eef: Anh, Ph\u00e1p, \u00dd, \u0110\u1ee9c,\u2026  Chu\u1ea9n b\u1ea3o v\u1ec7 v\u1ecf m\u00e1y: IP20  Ngu\u1ed3n d\u00f9ng: 110-240 VAC; 50\/60 Hz  K\u00edch th\u01b0\u1edbc: 215 x 500 x 460mm  Tr\u1ecdng l\u01b0\u1ee3ng: 11kg    Cung c\u1ea5p\u00a0bao g\u1ed3m:    M\u00e1y ch\u00ednh  Adapter gi\u1eef nhi\u1ec1u lo\u1ea1i c\u1ed1c \u0111o  02 c\u1ed1c \u0111o m\u1eabu vu\u00f4ng 1\" - 10 mL  N\u1eafp ch\u1eafn s\u00e1ng g\u1eafn s\u1eb5n trong m\u00e1y  Bao ph\u1ee7 ch\u1ed1ng b\u1ee5i  D\u00e2y ngu\u1ed3n  T\u00e0i li\u1ec7u h\u01b0\u1edbng d\u1eabn s\u1eed d\u1ee5ng ti\u1ebfng Anh + ti\u1ebfng Vi\u1ec7t [:]","og_url":"https:\/\/labochem.com.vn\/s\u1ea3n ph\u1ea9m\/may-quang-pho-phan-tich-nuoc-de-ban\/","og_site_name":"C\u00f4ng ty TNHH LABOCHEM Vi\u1ec7t Nam","article_modified_time":"2020-05-22T03:24:21+00:00","og_image":[{"width":450,"height":450,"url":"https:\/\/labochem.com.vn\/wp-content\/uploads\/2020\/05\/dr6000.jpg","type":"image\/jpeg"}],"twitter_card":"summary_large_image","schema":{"@context":"https:\/\/schema.org","@graph":[{"@type":"WebPage","@id":"https:\/\/labochem.com.vn\/s\u1ea3n ph\u1ea9m\/may-quang-pho-phan-tich-nuoc-de-ban\/","url":"https:\/\/labochem.com.vn\/s\u1ea3n ph\u1ea9m\/may-quang-pho-phan-tich-nuoc-de-ban\/","name":"[:vi]M\u00e1y quang ph\u1ed5 ph\u00e2n t\u00edch n\u01b0\u1edbc \u0111\u1ec3 b\u00e0n[:] - C\u00f4ng ty TNHH LABOCHEM Vi\u1ec7t Nam","isPartOf":{"@id":"https:\/\/labochem.com.vn\/#website"},"primaryImageOfPage":{"@id":"https:\/\/labochem.com.vn\/s\u1ea3n ph\u1ea9m\/may-quang-pho-phan-tich-nuoc-de-ban\/#primaryimage"},"image":{"@id":"https:\/\/labochem.com.vn\/s\u1ea3n ph\u1ea9m\/may-quang-pho-phan-tich-nuoc-de-ban\/#primaryimage"},"thumbnailUrl":"https:\/\/labochem.com.vn\/wp-content\/uploads\/2020\/05\/dr6000.jpg","datePublished":"2020-05-22T03:24:20+00:00","dateModified":"2020-05-22T03:24:21+00:00","breadcrumb":{"@id":"https:\/\/labochem.com.vn\/s\u1ea3n ph\u1ea9m\/may-quang-pho-phan-tich-nuoc-de-ban\/#breadcrumb"},"inLanguage":"en-US","potentialAction":[{"@type":"ReadAction","target":["https:\/\/labochem.com.vn\/s\u1ea3n ph\u1ea9m\/may-quang-pho-phan-tich-nuoc-de-ban\/"]}]},{"@type":"ImageObject","inLanguage":"en-US","@id":"https:\/\/labochem.com.vn\/s\u1ea3n ph\u1ea9m\/may-quang-pho-phan-tich-nuoc-de-ban\/#primaryimage","url":"https:\/\/labochem.com.vn\/wp-content\/uploads\/2020\/05\/dr6000.jpg","contentUrl":"https:\/\/labochem.com.vn\/wp-content\/uploads\/2020\/05\/dr6000.jpg","width":450,"height":450},{"@type":"BreadcrumbList","@id":"https:\/\/labochem.com.vn\/s\u1ea3n ph\u1ea9m\/may-quang-pho-phan-tich-nuoc-de-ban\/#breadcrumb","itemListElement":[{"@type":"ListItem","position":1,"name":"Home","item":"https:\/\/labochem.com.vn\/"},{"@type":"ListItem","position":2,"name":"C\u1eeda h\u00e0ng","item":"https:\/\/labochem.com.vn\/mua\/"},{"@type":"ListItem","position":3,"name":"M\u00e1y quang ph\u1ed5 ph\u00e2n t\u00edch n\u01b0\u1edbc \u0111\u1ec3 b\u00e0n"}]},{"@type":"WebSite","@id":"https:\/\/labochem.com.vn\/#website","url":"https:\/\/labochem.com.vn\/","name":"C\u00f4ng ty TNHH LABOCHEM Vi\u1ec7t Nam","description":"M\u1ed9t trang web m\u1edbi s\u1eed d\u1ee5ng WordPress","potentialAction":[{"@type":"SearchAction","target":{"@type":"EntryPoint","urlTemplate":"https:\/\/labochem.com.vn\/?s={search_term_string}"},"query-input":"required name=search_term_string"}],"inLanguage":"en-US"}]}},"_links":{"self":[{"href":"https:\/\/labochem.com.vn\/en\/wp-json\/wp\/v2\/product\/879"}],"collection":[{"href":"https:\/\/labochem.com.vn\/en\/wp-json\/wp\/v2\/product"}],"about":[{"href":"https:\/\/labochem.com.vn\/en\/wp-json\/wp\/v2\/types\/product"}],"replies":[{"embeddable":true,"href":"https:\/\/labochem.com.vn\/en\/wp-json\/wp\/v2\/comments?post=879"}],"wp:featuredmedia":[{"embeddable":true,"href":"https:\/\/labochem.com.vn\/en\/wp-json\/wp\/v2\/media\/880"}],"wp:attachment":[{"href":"https:\/\/labochem.com.vn\/en\/wp-json\/wp\/v2\/media?parent=879"}],"wp:term":[{"taxonomy":"product_cat","embeddable":true,"href":"https:\/\/labochem.com.vn\/en\/wp-json\/wp\/v2\/product_cat?post=879"},{"taxonomy":"product_tag","embeddable":true,"href":"https:\/\/labochem.com.vn\/en\/wp-json\/wp\/v2\/product_tag?post=879"}],"curies":[{"name":"wp","href":"https:\/\/api.w.org\/{rel}","templated":true}]}}