{"id":874,"date":"2020-05-22T03:15:09","date_gmt":"2020-05-22T03:15:09","guid":{"rendered":"https:\/\/labochem.com.vn\/?post_type=product&#038;p=874"},"modified":"2020-05-22T03:19:27","modified_gmt":"2020-05-22T03:19:27","slug":"thiet-bi-do-nong-do-bui-dien-tu-casella-cel-712-microdust-pro","status":"publish","type":"product","link":"https:\/\/labochem.com.vn\/en\/s\u1ea3n ph\u1ea9m\/thiet-bi-do-nong-do-bui-dien-tu-casella-cel-712-microdust-pro\/","title":{"rendered":"(Ti\u1ebfng Vi\u1ec7t) Thi\u1ebft b\u1ecb \u0111o n\u1ed3ng \u0111\u1ed9 b\u1ee5i \u0111i\u1ec7n t\u1eed Casella CEL-712 MICRODUST PRO"},"content":{"rendered":"","protected":false},"excerpt":{"rendered":"<p class=\"qtranxs-available-languages-message qtranxs-available-languages-message-en\">Sorry, this entry is only available in <a href=\"https:\/\/labochem.com.vn\/vi\/wp-json\/wp\/v2\/product\/874\" class=\"qtranxs-available-language-link qtranxs-available-language-link-vi\" title=\"Ti\u1ebfng Vi\u1ec7t\">Ti\u1ebfng Vi\u1ec7t<\/a>.<\/p>\n","protected":false},"featured_media":875,"comment_status":"open","ping_status":"closed","template":"","meta":[],"product_cat":[303],"product_tag":[332],"yoast_head":"<!-- This site is optimized with the Yoast SEO plugin v22.6 - https:\/\/yoast.com\/wordpress\/plugins\/seo\/ -->\n<title><\/title>\n<meta name=\"robots\" content=\"index, follow, max-snippet:-1, max-image-preview:large, max-video-preview:-1\" \/>\n<link rel=\"canonical\" href=\"https:\/\/labochem.com.vn\/en\/s\u1ea3n%20ph\u1ea9m\/thiet-bi-do-nong-do-bui-dien-tu-casella-cel-712-microdust-pro\/\" \/>\n<meta property=\"og:locale\" content=\"en_US\" \/>\n<meta property=\"og:type\" content=\"article\" \/>\n<meta property=\"og:title\" content=\"[:vi]Thi\u1ebft b\u1ecb \u0111o n\u1ed3ng \u0111\u1ed9 b\u1ee5i \u0111i\u1ec7n t\u1eed Casella CEL-712 MICRODUST PRO[:] - C\u00f4ng ty TNHH LABOCHEM Vi\u1ec7t Nam\" \/>\n<meta property=\"og:description\" content=\"[:vi]  Thi\u1ebft b\u1ecb \u0111o n\u1ed3ng \u0111\u1ed9 b\u1ee5i \u0111i\u1ec7n t\u1eed Casella CEL-712 MICRODUST PRO  Chi ti\u1ebft s\u1ea3n ph\u1ea9m   H\u00e3ng s\u1ea3n xu\u1ea5t: Casella \u2013 Anh Qu\u1ed1c Model\u00a0: CEL-712 MICRODUST PRO M\u00e3 \u0111\u1eb7t h\u00e0ng: CEL-712\/K1 Xu\u1ea5t x\u1ee9 : Anh Qu\u1ed1c 1. \u0110\u1eb7c t\u00ednh k\u1ef9 thu\u1eadt:   Thi\u1ebft b\u1ecb g\u1ecdn nh\u1eb9, d\u1ec5 thao t\u00e1c, m\u00e0n h\u00ecnh m\u00e0u  M\u00e1y \u0111o th\u1eddi gian th\u1ef1c c\u1ee7a b\u1ee5i trong kh\u00f4ng kh\u00ed, kh\u00f3i\u2026  M\u00e1y \u0111o ph\u00f9 h\u1ee3p \u0111\u1ec3 theo d\u00f5i s\u1ee9c kh\u1ecfe ngh\u1ec1 nghi\u1ec7p, ngh\u00e0nh y, d\u01b0\u1ee3c c\u0169ng nh\u01b0 gi\u00e1m s\u00e1t b\u1ee5i c\u00f4ng nghi\u1ec7p\u2026  D\u1ea3i \u0111o r\u1ed9ng 0 \u0111\u1ebfn 250 g\/m3\u00a0( T\u1ef1 \u0111\u1ed9ng ch\u1ecdn d\u1ea3i \u0111o):   D\u1ea3i 0 \u0111\u1ebfn 2.5 mg\/m3  D\u1ea3i 0 \u0111\u1ebfn 25 mg\/m3  D\u1ea3i 0 \u0111\u1ebfn 250 mg\/m3  D\u1ea3i 0 \u0111\u1ebfn 2500 mg\/m3  D\u1ea3i 0 \u0111\u1ebfn 250 g\/m3    \u0110\u1ed9 ph\u00e2n gi\u1ea3i: 0.001 mg\/m3  \u0110\u1ed9 kh\u00f4ng \u1ed5n \u0111\u1ecbnh : &lt; 2\u00b5g\/ m3  \u0110o d\u1ea1ng s\u1ed1 v\u00e0 \u0111\u1ed3 th\u1ecb  Hi\u1ec3n th\u1ecb gi\u00e1 tr\u1ecb b\u1ee5i: t\u1ee9c th\u1eddi, Max, trung b\u00ecnh  T\u00f9y ch\u1ecdn \u0111a ng\u00f4n ng\u1eef  L\u1ea5y m\u1eabu \u0111\u1ec3 \u0111o b\u1ee5i t\u1ed5ng, b\u1ee5i h\u00f4 h\u1ea5p, b\u1ee5i k\u00edch th\u01b0\u1edbc PM2.5, PM10 (v\u1edbi c\u00e1c ph\u1ee5 ki\u1ec7n t\u00f9y kh\u00e1ch h\u00e0ng ch\u1ecdn th\u00eam g\u1ed3m b\u01a1m h\u00fat ph\u1ea7n 1.2 v\u00e0 \u0111\u1ea7u \u0111o k\u00e8m gi\u1ea5y l\u1ecdc b\u1ee5i ph\u1ea7n 1.1)  Th\u1eddi gian Logging: 1gi\u00e2y \u0111\u1ebfn 60 ph\u00fat  B\u1ed9 nh\u1edb trong: 86.000 \u0111i\u1ec3m gi\u1eef li\u1ec7u (500 l\u1ea7n \u0111o)  K\u1ebft n\u1ed1i m\u00e1y t\u00ednh qua : Mini B USB v\u00e0 ph\u1ea7n m\u1ec1m  Ngu\u1ed3n \u0111i\u1ec7n: pin 3xAA th\u1eddi gian ch\u1ea1y kho\u1ea3ng 13 gi\u1edd  D\u1ea3i nhi\u1ec7t \u0111\u1ed9 ho\u1ea1t \u0111\u1ed9ng: 0-55oC  Tr\u1ecdng l\u01b0\u1ee3ng: 600 bao g\u1ed3m c\u1ea3 pin  K\u00edch th\u01b0\u1edbc m\u00e1y : 172x72x33mm  K\u00edch th\u01b0\u1edbc tay c\u1ea7m : 35x205mm  2.\u00a0 \u00a0Cung c\u1ea5p bao g\u1ed3m:   M\u00e1y ch\u00ednh, t\u1ea5m chu\u1ea9n, \u1ed1ng l\u00e0m s\u1ea1ch b\u1ee5i, pin 3xAA, USB ph\u1ea7n m\u1ec1m, c\u00e1p ra m\u00e1y t\u00ednh v\u00e0 vali \u0111\u1ef1ng  T\u00e0i li\u1ec7u h\u01b0\u1edbng d\u1eabn s\u1eed d\u1ee5ng ti\u1ebfng Anh + ti\u1ebfng Vi\u1ec7t  3.\u00a0 \u00a0 B\u1ed9 ph\u1ee5 ki\u1ec7n k\u1ebft h\u1ee3p c\u00f9ng m\u00e1y \u0111o b\u1ee5i CEL 712 \u0111\u1ec3 \u0111o b\u1ee5i k\u00edch th\u01b0\u1edbc (G\u1ed3m b\u1ee5i h\u00f4 h\u1ea5p, b\u1ee5i PM2.5, PM10):  3.1 \u0110\u1ea7u \u0111o b\u1ee5i k\u00e8m gi\u1ea5y l\u1ecdc; Bao g\u1ed3m :   \u0110\u1ea7u \u0111o b\u1ee5i k\u00edch th\u01b0\u1edbc (Size Selective Adaptor);\u00a0M\u00e3\u00a0: 206102B   B\u1ed9 l\u1ecdc \u0111\u1ec3 \u0111o b\u1ee5i PM2.5 \u2013 G\u00f3i 10 chi\u1ebfc ( PUF filters for PM2.5) \u2013 M\u00e3 h\u00e0ng P118204  B\u1ed9 l\u1ecdc \u0111\u1ec3 \u0111o b\u1ee5i PM10 \u2013 G\u00f3i 10 chi\u1ebfc ( PUF filters for PM10) \u2013 M\u00e3 h\u00e0ng P118206  B\u1ed9 l\u1ecdc \u0111\u1ec3 \u0111o b\u1ee5i h\u00f4 h\u1ea5p \u2013 G\u00f3i 10 chi\u1ebfc ( PUF filters for  for Respirable ) \u2013 M\u00e3 h\u00e0ng P118208    \u0110\u1ea7u \u0111o b\u1ee5i tr\u1ecdng l\u01b0\u1ee3ng\u00a0M\u00e3\u00a0: 206101B  3.2\u00a0 B\u01a1m l\u1ea5y m\u1eabu  Model: TUFF 4 Plus\u00a0 I.S\u00a0 (M\u00e3 h\u00e0ng : P314221)  H\u00e3ng s\u1ea3n xu\u1ea5t: Casella \u2013\u00a0 Anh  N\u01b0\u1edbc s\u1ea3n xu\u1ea5t: Anh   C\u00f3 th\u1ec3 h\u00fat c\u00e1c lo\u1ea1i b\u1ee5i, kh\u00ed, Ch\u00ec, Amiang trong m\u00f4i tr\u01b0\u1eddng, l\u1ea5y m\u1eabu v\u1ec7 sinh lao \u0111\u1ed9ng ( y\u00eau c\u1ea7u ch\u1ecdn th\u00eam ph\u1ee5 ki\u1ec7n \u0111i k\u00e8m ph\u1ea7n 1.3).  \u0110\u00e1p \u1ee9ng ti\u00eau chu\u1ea9n l\u1ea5y m\u1eabu m\u00f4i tr\u01b0\u1eddng: EN1232 v\u00e0 NIOSH 0600 l\u1ea5y m\u1eabu c\u00e1 nh\u00e2n.  L\u01b0u l\u01b0\u1ee3ng b\u01a1m h\u00fat :  D\u1ea3i ti\u00eau chu\u1ea9n t\u1eeb 0.5 \u0111\u1ebfn 4,5 l\u00edt\/ ph\u00fat (hi\u1ec3n th\u1ecb tr\u00ean b\u01a1m)  D\u1ea3i l\u01b0u l\u01b0\u1ee3ng th\u1ea5p : T\u1eeb 5ml t\u1edbi 850ml (Hi\u1ec3n th\u1ecb tr\u00ean l\u01b0u l\u01b0\u1ee3ng k\u1ebf chu\u1ea9n khi kh\u00e1ch h\u00e0ng l\u1ef1a ch\u1ecdn th\u00eam b\u1ed9 \u0111i\u1ec1u ch\u1ec9nh l\u01b0u l\u01b0\u1ee3ng th\u1ea5p v\u00e0 b\u1ed9 l\u01b0u l\u01b0\u1ee3ng k\u1ebf chu\u1ea9n)  C\u1ea5p ch\u00ednh x\u00e1c b\u01a1m (\u0111\u1ed9 ch\u00ednh x\u00e1c \u0111i\u1ec1u khi\u1ec3n l\u01b0u l\u01b0\u1ee3ng b\u01a1m: +\/- 3%  M\u00e0n h\u00ecnh hi\u1ec3n th\u1ecb LCD  Hi\u1ec3n th\u1ecb \u0111i\u1ec3m thi\u1ebft l\u1eadp l\u01b0u l\u01b0\u1ee3ng,  Hi\u1ec3n th\u1ecb l\u01b0u l\u01b0\u1ee3ng th\u1ef1c theo th\u1eddi gian, t\u00edch l\u0169y th\u1eddi gian v\u00e0 kh\u1ed1i l\u01b0\u1ee3ng m\u1eabu  L\u1eadp tr\u00ecnh th\u1eddi gian ch\u1ea1y  Th\u00eam ch\u1ebf \u0111\u1ed9 l\u1eadp tr\u00ecnh \u0111\u1ec3 c\u00f3 th\u1ec3 n\u00e2ng c\u1ea5p l\u00ean TUFF Pro  Thi\u1ebft b\u1ecb bao g\u1ed3m:\u00a0B\u01a1m\u00a0TUFF 4 Plus I.S, pin, x\u1ea1c,1 m\u00e9t \u1ed1ng h\u00fat v\u00e0 h\u01b0\u1edbng d\u1eabn s\u1eed d\u1ee5ng ti\u1ebfng Vi\u1ec7t.  3.3\u00a0\u00a0\u00a0 B\u1ed9 Ph\u1ee5 ki\u1ec7n l\u1ea5y m\u1eabu Ami\u0103ng; code: P101022; Bao g\u1ed3m:   H\u1ed9p l\u1ea5y m\u1eabu Ami\u0103ng PCM, c\u00f3 s\u1eb5n gi\u1ea5y l\u1ecdc m\u00e0ng MCE 0.8 \u00b5m (\u03d525mm) \u2013 g\u00f3i 50 chi\u1ebfc  H\u1ed9p l\u1ea5y m\u1eabu Ami\u0103ng TEM, c\u00f3 s\u1eb5n gi\u1ea5y l\u1ecdc m\u00e0ng MCE 0.45\u00b5m (\u03d525mm) \u2013\u00a0 g\u00f3i 50 chi\u1ebfc  [:]\" \/>\n<meta property=\"og:url\" content=\"https:\/\/labochem.com.vn\/en\/s\u1ea3n ph\u1ea9m\/thiet-bi-do-nong-do-bui-dien-tu-casella-cel-712-microdust-pro\/\" \/>\n<meta property=\"og:site_name\" content=\"C\u00f4ng ty TNHH LABOCHEM Vi\u1ec7t Nam\" \/>\n<meta property=\"article:modified_time\" content=\"2020-05-22T03:19:27+00:00\" \/>\n<meta property=\"og:image\" content=\"https:\/\/labochem.com.vn\/wp-content\/uploads\/2020\/05\/20180206045744-1.-m\u00e1y-\u0111o-b\u1ee5i-CEL-712_001.png\" \/>\n\t<meta property=\"og:image:width\" content=\"595\" \/>\n\t<meta property=\"og:image:height\" content=\"801\" \/>\n\t<meta property=\"og:image:type\" content=\"image\/png\" \/>\n<meta name=\"twitter:card\" content=\"summary_large_image\" \/>\n<script type=\"application\/ld+json\" class=\"yoast-schema-graph\">{\"@context\":\"https:\/\/schema.org\",\"@graph\":[{\"@type\":\"WebPage\",\"@id\":\"https:\/\/labochem.com.vn\/en\/s\u1ea3n ph\u1ea9m\/thiet-bi-do-nong-do-bui-dien-tu-casella-cel-712-microdust-pro\/\",\"url\":\"https:\/\/labochem.com.vn\/en\/s\u1ea3n ph\u1ea9m\/thiet-bi-do-nong-do-bui-dien-tu-casella-cel-712-microdust-pro\/\",\"name\":\"[:vi]Thi\u1ebft b\u1ecb \u0111o n\u1ed3ng \u0111\u1ed9 b\u1ee5i \u0111i\u1ec7n t\u1eed Casella CEL-712 MICRODUST PRO[:] - C\u00f4ng ty TNHH LABOCHEM Vi\u1ec7t Nam\",\"isPartOf\":{\"@id\":\"https:\/\/labochem.com.vn\/#website\"},\"primaryImageOfPage\":{\"@id\":\"https:\/\/labochem.com.vn\/en\/s\u1ea3n ph\u1ea9m\/thiet-bi-do-nong-do-bui-dien-tu-casella-cel-712-microdust-pro\/#primaryimage\"},\"image\":{\"@id\":\"https:\/\/labochem.com.vn\/en\/s\u1ea3n ph\u1ea9m\/thiet-bi-do-nong-do-bui-dien-tu-casella-cel-712-microdust-pro\/#primaryimage\"},\"thumbnailUrl\":\"https:\/\/labochem.com.vn\/wp-content\/uploads\/2020\/05\/20180206045744-1.-m\u00e1y-\u0111o-b\u1ee5i-CEL-712_001.png\",\"datePublished\":\"2020-05-22T03:15:09+00:00\",\"dateModified\":\"2020-05-22T03:19:27+00:00\",\"breadcrumb\":{\"@id\":\"https:\/\/labochem.com.vn\/en\/s\u1ea3n ph\u1ea9m\/thiet-bi-do-nong-do-bui-dien-tu-casella-cel-712-microdust-pro\/#breadcrumb\"},\"inLanguage\":\"en-US\",\"potentialAction\":[{\"@type\":\"ReadAction\",\"target\":[\"https:\/\/labochem.com.vn\/en\/s\u1ea3n ph\u1ea9m\/thiet-bi-do-nong-do-bui-dien-tu-casella-cel-712-microdust-pro\/\"]}]},{\"@type\":\"ImageObject\",\"inLanguage\":\"en-US\",\"@id\":\"https:\/\/labochem.com.vn\/en\/s\u1ea3n ph\u1ea9m\/thiet-bi-do-nong-do-bui-dien-tu-casella-cel-712-microdust-pro\/#primaryimage\",\"url\":\"https:\/\/labochem.com.vn\/wp-content\/uploads\/2020\/05\/20180206045744-1.-m\u00e1y-\u0111o-b\u1ee5i-CEL-712_001.png\",\"contentUrl\":\"https:\/\/labochem.com.vn\/wp-content\/uploads\/2020\/05\/20180206045744-1.-m\u00e1y-\u0111o-b\u1ee5i-CEL-712_001.png\",\"width\":595,\"height\":801},{\"@type\":\"BreadcrumbList\",\"@id\":\"https:\/\/labochem.com.vn\/en\/s\u1ea3n ph\u1ea9m\/thiet-bi-do-nong-do-bui-dien-tu-casella-cel-712-microdust-pro\/#breadcrumb\",\"itemListElement\":[{\"@type\":\"ListItem\",\"position\":1,\"name\":\"Home\",\"item\":\"https:\/\/labochem.com.vn\/\"},{\"@type\":\"ListItem\",\"position\":2,\"name\":\"C\u1eeda h\u00e0ng\",\"item\":\"https:\/\/labochem.com.vn\/mua\/\"},{\"@type\":\"ListItem\",\"position\":3,\"name\":\"(Ti\u1ebfng Vi\u1ec7t) Thi\u1ebft b\u1ecb \u0111o n\u1ed3ng \u0111\u1ed9 b\u1ee5i \u0111i\u1ec7n t\u1eed Casella CEL-712 MICRODUST PRO\"}]},{\"@type\":\"WebSite\",\"@id\":\"https:\/\/labochem.com.vn\/#website\",\"url\":\"https:\/\/labochem.com.vn\/\",\"name\":\"C\u00f4ng ty TNHH LABOCHEM Vi\u1ec7t Nam\",\"description\":\"M\u1ed9t trang web m\u1edbi s\u1eed d\u1ee5ng WordPress\",\"potentialAction\":[{\"@type\":\"SearchAction\",\"target\":{\"@type\":\"EntryPoint\",\"urlTemplate\":\"https:\/\/labochem.com.vn\/?s={search_term_string}\"},\"query-input\":\"required name=search_term_string\"}],\"inLanguage\":\"en-US\"}]}<\/script>\n<!-- \/ Yoast SEO plugin. -->","yoast_head_json":{"title":"[:vi]Thi\u1ebft b\u1ecb \u0111o n\u1ed3ng \u0111\u1ed9 b\u1ee5i \u0111i\u1ec7n t\u1eed Casella CEL-712 MICRODUST PRO[:] - C\u00f4ng ty TNHH LABOCHEM Vi\u1ec7t Nam","robots":{"index":"index","follow":"follow","max-snippet":"max-snippet:-1","max-image-preview":"max-image-preview:large","max-video-preview":"max-video-preview:-1"},"canonical":"https:\/\/labochem.com.vn\/en\/s\u1ea3n ph\u1ea9m\/thiet-bi-do-nong-do-bui-dien-tu-casella-cel-712-microdust-pro\/","og_locale":"en_US","og_type":"article","og_title":"[:vi]Thi\u1ebft b\u1ecb \u0111o n\u1ed3ng \u0111\u1ed9 b\u1ee5i \u0111i\u1ec7n t\u1eed Casella CEL-712 MICRODUST PRO[:] - C\u00f4ng ty TNHH LABOCHEM Vi\u1ec7t Nam","og_description":"[:vi]  Thi\u1ebft b\u1ecb \u0111o n\u1ed3ng \u0111\u1ed9 b\u1ee5i \u0111i\u1ec7n t\u1eed Casella CEL-712 MICRODUST PRO  Chi ti\u1ebft s\u1ea3n ph\u1ea9m   H\u00e3ng s\u1ea3n xu\u1ea5t: Casella \u2013 Anh Qu\u1ed1c Model\u00a0: CEL-712 MICRODUST PRO M\u00e3 \u0111\u1eb7t h\u00e0ng: CEL-712\/K1 Xu\u1ea5t x\u1ee9 : Anh Qu\u1ed1c 1. \u0110\u1eb7c t\u00ednh k\u1ef9 thu\u1eadt:   Thi\u1ebft b\u1ecb g\u1ecdn nh\u1eb9, d\u1ec5 thao t\u00e1c, m\u00e0n h\u00ecnh m\u00e0u  M\u00e1y \u0111o th\u1eddi gian th\u1ef1c c\u1ee7a b\u1ee5i trong kh\u00f4ng kh\u00ed, kh\u00f3i\u2026  M\u00e1y \u0111o ph\u00f9 h\u1ee3p \u0111\u1ec3 theo d\u00f5i s\u1ee9c kh\u1ecfe ngh\u1ec1 nghi\u1ec7p, ngh\u00e0nh y, d\u01b0\u1ee3c c\u0169ng nh\u01b0 gi\u00e1m s\u00e1t b\u1ee5i c\u00f4ng nghi\u1ec7p\u2026  D\u1ea3i \u0111o r\u1ed9ng 0 \u0111\u1ebfn 250 g\/m3\u00a0( T\u1ef1 \u0111\u1ed9ng ch\u1ecdn d\u1ea3i \u0111o):   D\u1ea3i 0 \u0111\u1ebfn 2.5 mg\/m3  D\u1ea3i 0 \u0111\u1ebfn 25 mg\/m3  D\u1ea3i 0 \u0111\u1ebfn 250 mg\/m3  D\u1ea3i 0 \u0111\u1ebfn 2500 mg\/m3  D\u1ea3i 0 \u0111\u1ebfn 250 g\/m3    \u0110\u1ed9 ph\u00e2n gi\u1ea3i: 0.001 mg\/m3  \u0110\u1ed9 kh\u00f4ng \u1ed5n \u0111\u1ecbnh : &lt; 2\u00b5g\/ m3  \u0110o d\u1ea1ng s\u1ed1 v\u00e0 \u0111\u1ed3 th\u1ecb  Hi\u1ec3n th\u1ecb gi\u00e1 tr\u1ecb b\u1ee5i: t\u1ee9c th\u1eddi, Max, trung b\u00ecnh  T\u00f9y ch\u1ecdn \u0111a ng\u00f4n ng\u1eef  L\u1ea5y m\u1eabu \u0111\u1ec3 \u0111o b\u1ee5i t\u1ed5ng, b\u1ee5i h\u00f4 h\u1ea5p, b\u1ee5i k\u00edch th\u01b0\u1edbc PM2.5, PM10 (v\u1edbi c\u00e1c ph\u1ee5 ki\u1ec7n t\u00f9y kh\u00e1ch h\u00e0ng ch\u1ecdn th\u00eam g\u1ed3m b\u01a1m h\u00fat ph\u1ea7n 1.2 v\u00e0 \u0111\u1ea7u \u0111o k\u00e8m gi\u1ea5y l\u1ecdc b\u1ee5i ph\u1ea7n 1.1)  Th\u1eddi gian Logging: 1gi\u00e2y \u0111\u1ebfn 60 ph\u00fat  B\u1ed9 nh\u1edb trong: 86.000 \u0111i\u1ec3m gi\u1eef li\u1ec7u (500 l\u1ea7n \u0111o)  K\u1ebft n\u1ed1i m\u00e1y t\u00ednh qua : Mini B USB v\u00e0 ph\u1ea7n m\u1ec1m  Ngu\u1ed3n \u0111i\u1ec7n: pin 3xAA th\u1eddi gian ch\u1ea1y kho\u1ea3ng 13 gi\u1edd  D\u1ea3i nhi\u1ec7t \u0111\u1ed9 ho\u1ea1t \u0111\u1ed9ng: 0-55oC  Tr\u1ecdng l\u01b0\u1ee3ng: 600 bao g\u1ed3m c\u1ea3 pin  K\u00edch th\u01b0\u1edbc m\u00e1y : 172x72x33mm  K\u00edch th\u01b0\u1edbc tay c\u1ea7m : 35x205mm  2.\u00a0 \u00a0Cung c\u1ea5p bao g\u1ed3m:   M\u00e1y ch\u00ednh, t\u1ea5m chu\u1ea9n, \u1ed1ng l\u00e0m s\u1ea1ch b\u1ee5i, pin 3xAA, USB ph\u1ea7n m\u1ec1m, c\u00e1p ra m\u00e1y t\u00ednh v\u00e0 vali \u0111\u1ef1ng  T\u00e0i li\u1ec7u h\u01b0\u1edbng d\u1eabn s\u1eed d\u1ee5ng ti\u1ebfng Anh + ti\u1ebfng Vi\u1ec7t  3.\u00a0 \u00a0 B\u1ed9 ph\u1ee5 ki\u1ec7n k\u1ebft h\u1ee3p c\u00f9ng m\u00e1y \u0111o b\u1ee5i CEL 712 \u0111\u1ec3 \u0111o b\u1ee5i k\u00edch th\u01b0\u1edbc (G\u1ed3m b\u1ee5i h\u00f4 h\u1ea5p, b\u1ee5i PM2.5, PM10):  3.1 \u0110\u1ea7u \u0111o b\u1ee5i k\u00e8m gi\u1ea5y l\u1ecdc; Bao g\u1ed3m :   \u0110\u1ea7u \u0111o b\u1ee5i k\u00edch th\u01b0\u1edbc (Size Selective Adaptor);\u00a0M\u00e3\u00a0: 206102B   B\u1ed9 l\u1ecdc \u0111\u1ec3 \u0111o b\u1ee5i PM2.5 \u2013 G\u00f3i 10 chi\u1ebfc ( PUF filters for PM2.5) \u2013 M\u00e3 h\u00e0ng P118204  B\u1ed9 l\u1ecdc \u0111\u1ec3 \u0111o b\u1ee5i PM10 \u2013 G\u00f3i 10 chi\u1ebfc ( PUF filters for PM10) \u2013 M\u00e3 h\u00e0ng P118206  B\u1ed9 l\u1ecdc \u0111\u1ec3 \u0111o b\u1ee5i h\u00f4 h\u1ea5p \u2013 G\u00f3i 10 chi\u1ebfc ( PUF filters for  for Respirable ) \u2013 M\u00e3 h\u00e0ng P118208    \u0110\u1ea7u \u0111o b\u1ee5i tr\u1ecdng l\u01b0\u1ee3ng\u00a0M\u00e3\u00a0: 206101B  3.2\u00a0 B\u01a1m l\u1ea5y m\u1eabu  Model: TUFF 4 Plus\u00a0 I.S\u00a0 (M\u00e3 h\u00e0ng : P314221)  H\u00e3ng s\u1ea3n xu\u1ea5t: Casella \u2013\u00a0 Anh  N\u01b0\u1edbc s\u1ea3n xu\u1ea5t: Anh   C\u00f3 th\u1ec3 h\u00fat c\u00e1c lo\u1ea1i b\u1ee5i, kh\u00ed, Ch\u00ec, Amiang trong m\u00f4i tr\u01b0\u1eddng, l\u1ea5y m\u1eabu v\u1ec7 sinh lao \u0111\u1ed9ng ( y\u00eau c\u1ea7u ch\u1ecdn th\u00eam ph\u1ee5 ki\u1ec7n \u0111i k\u00e8m ph\u1ea7n 1.3).  \u0110\u00e1p \u1ee9ng ti\u00eau chu\u1ea9n l\u1ea5y m\u1eabu m\u00f4i tr\u01b0\u1eddng: EN1232 v\u00e0 NIOSH 0600 l\u1ea5y m\u1eabu c\u00e1 nh\u00e2n.  L\u01b0u l\u01b0\u1ee3ng b\u01a1m h\u00fat :  D\u1ea3i ti\u00eau chu\u1ea9n t\u1eeb 0.5 \u0111\u1ebfn 4,5 l\u00edt\/ ph\u00fat (hi\u1ec3n th\u1ecb tr\u00ean b\u01a1m)  D\u1ea3i l\u01b0u l\u01b0\u1ee3ng th\u1ea5p : T\u1eeb 5ml t\u1edbi 850ml (Hi\u1ec3n th\u1ecb tr\u00ean l\u01b0u l\u01b0\u1ee3ng k\u1ebf chu\u1ea9n khi kh\u00e1ch h\u00e0ng l\u1ef1a ch\u1ecdn th\u00eam b\u1ed9 \u0111i\u1ec1u ch\u1ec9nh l\u01b0u l\u01b0\u1ee3ng th\u1ea5p v\u00e0 b\u1ed9 l\u01b0u l\u01b0\u1ee3ng k\u1ebf chu\u1ea9n)  C\u1ea5p ch\u00ednh x\u00e1c b\u01a1m (\u0111\u1ed9 ch\u00ednh x\u00e1c \u0111i\u1ec1u khi\u1ec3n l\u01b0u l\u01b0\u1ee3ng b\u01a1m: +\/- 3%  M\u00e0n h\u00ecnh hi\u1ec3n th\u1ecb LCD  Hi\u1ec3n th\u1ecb \u0111i\u1ec3m thi\u1ebft l\u1eadp l\u01b0u l\u01b0\u1ee3ng,  Hi\u1ec3n th\u1ecb l\u01b0u l\u01b0\u1ee3ng th\u1ef1c theo th\u1eddi gian, t\u00edch l\u0169y th\u1eddi gian v\u00e0 kh\u1ed1i l\u01b0\u1ee3ng m\u1eabu  L\u1eadp tr\u00ecnh th\u1eddi gian ch\u1ea1y  Th\u00eam ch\u1ebf \u0111\u1ed9 l\u1eadp tr\u00ecnh \u0111\u1ec3 c\u00f3 th\u1ec3 n\u00e2ng c\u1ea5p l\u00ean TUFF Pro  Thi\u1ebft b\u1ecb bao g\u1ed3m:\u00a0B\u01a1m\u00a0TUFF 4 Plus I.S, pin, x\u1ea1c,1 m\u00e9t \u1ed1ng h\u00fat v\u00e0 h\u01b0\u1edbng d\u1eabn s\u1eed d\u1ee5ng ti\u1ebfng Vi\u1ec7t.  3.3\u00a0\u00a0\u00a0 B\u1ed9 Ph\u1ee5 ki\u1ec7n l\u1ea5y m\u1eabu Ami\u0103ng; code: P101022; Bao g\u1ed3m:   H\u1ed9p l\u1ea5y m\u1eabu Ami\u0103ng PCM, c\u00f3 s\u1eb5n gi\u1ea5y l\u1ecdc m\u00e0ng MCE 0.8 \u00b5m (\u03d525mm) \u2013 g\u00f3i 50 chi\u1ebfc  H\u1ed9p l\u1ea5y m\u1eabu Ami\u0103ng TEM, c\u00f3 s\u1eb5n gi\u1ea5y l\u1ecdc m\u00e0ng MCE 0.45\u00b5m (\u03d525mm) \u2013\u00a0 g\u00f3i 50 chi\u1ebfc  [:]","og_url":"https:\/\/labochem.com.vn\/en\/s\u1ea3n ph\u1ea9m\/thiet-bi-do-nong-do-bui-dien-tu-casella-cel-712-microdust-pro\/","og_site_name":"C\u00f4ng ty TNHH LABOCHEM Vi\u1ec7t Nam","article_modified_time":"2020-05-22T03:19:27+00:00","og_image":[{"width":595,"height":801,"url":"https:\/\/labochem.com.vn\/wp-content\/uploads\/2020\/05\/20180206045744-1.-m\u00e1y-\u0111o-b\u1ee5i-CEL-712_001.png","type":"image\/png"}],"twitter_card":"summary_large_image","schema":{"@context":"https:\/\/schema.org","@graph":[{"@type":"WebPage","@id":"https:\/\/labochem.com.vn\/en\/s\u1ea3n ph\u1ea9m\/thiet-bi-do-nong-do-bui-dien-tu-casella-cel-712-microdust-pro\/","url":"https:\/\/labochem.com.vn\/en\/s\u1ea3n ph\u1ea9m\/thiet-bi-do-nong-do-bui-dien-tu-casella-cel-712-microdust-pro\/","name":"[:vi]Thi\u1ebft b\u1ecb \u0111o n\u1ed3ng \u0111\u1ed9 b\u1ee5i \u0111i\u1ec7n t\u1eed Casella CEL-712 MICRODUST PRO[:] - C\u00f4ng ty TNHH LABOCHEM Vi\u1ec7t Nam","isPartOf":{"@id":"https:\/\/labochem.com.vn\/#website"},"primaryImageOfPage":{"@id":"https:\/\/labochem.com.vn\/en\/s\u1ea3n ph\u1ea9m\/thiet-bi-do-nong-do-bui-dien-tu-casella-cel-712-microdust-pro\/#primaryimage"},"image":{"@id":"https:\/\/labochem.com.vn\/en\/s\u1ea3n ph\u1ea9m\/thiet-bi-do-nong-do-bui-dien-tu-casella-cel-712-microdust-pro\/#primaryimage"},"thumbnailUrl":"https:\/\/labochem.com.vn\/wp-content\/uploads\/2020\/05\/20180206045744-1.-m\u00e1y-\u0111o-b\u1ee5i-CEL-712_001.png","datePublished":"2020-05-22T03:15:09+00:00","dateModified":"2020-05-22T03:19:27+00:00","breadcrumb":{"@id":"https:\/\/labochem.com.vn\/en\/s\u1ea3n ph\u1ea9m\/thiet-bi-do-nong-do-bui-dien-tu-casella-cel-712-microdust-pro\/#breadcrumb"},"inLanguage":"en-US","potentialAction":[{"@type":"ReadAction","target":["https:\/\/labochem.com.vn\/en\/s\u1ea3n ph\u1ea9m\/thiet-bi-do-nong-do-bui-dien-tu-casella-cel-712-microdust-pro\/"]}]},{"@type":"ImageObject","inLanguage":"en-US","@id":"https:\/\/labochem.com.vn\/en\/s\u1ea3n ph\u1ea9m\/thiet-bi-do-nong-do-bui-dien-tu-casella-cel-712-microdust-pro\/#primaryimage","url":"https:\/\/labochem.com.vn\/wp-content\/uploads\/2020\/05\/20180206045744-1.-m\u00e1y-\u0111o-b\u1ee5i-CEL-712_001.png","contentUrl":"https:\/\/labochem.com.vn\/wp-content\/uploads\/2020\/05\/20180206045744-1.-m\u00e1y-\u0111o-b\u1ee5i-CEL-712_001.png","width":595,"height":801},{"@type":"BreadcrumbList","@id":"https:\/\/labochem.com.vn\/en\/s\u1ea3n ph\u1ea9m\/thiet-bi-do-nong-do-bui-dien-tu-casella-cel-712-microdust-pro\/#breadcrumb","itemListElement":[{"@type":"ListItem","position":1,"name":"Home","item":"https:\/\/labochem.com.vn\/"},{"@type":"ListItem","position":2,"name":"C\u1eeda h\u00e0ng","item":"https:\/\/labochem.com.vn\/mua\/"},{"@type":"ListItem","position":3,"name":"(Ti\u1ebfng Vi\u1ec7t) Thi\u1ebft b\u1ecb \u0111o n\u1ed3ng \u0111\u1ed9 b\u1ee5i \u0111i\u1ec7n t\u1eed Casella CEL-712 MICRODUST PRO"}]},{"@type":"WebSite","@id":"https:\/\/labochem.com.vn\/#website","url":"https:\/\/labochem.com.vn\/","name":"C\u00f4ng ty TNHH LABOCHEM Vi\u1ec7t Nam","description":"M\u1ed9t trang web m\u1edbi s\u1eed d\u1ee5ng WordPress","potentialAction":[{"@type":"SearchAction","target":{"@type":"EntryPoint","urlTemplate":"https:\/\/labochem.com.vn\/?s={search_term_string}"},"query-input":"required name=search_term_string"}],"inLanguage":"en-US"}]}},"_links":{"self":[{"href":"https:\/\/labochem.com.vn\/en\/wp-json\/wp\/v2\/product\/874"}],"collection":[{"href":"https:\/\/labochem.com.vn\/en\/wp-json\/wp\/v2\/product"}],"about":[{"href":"https:\/\/labochem.com.vn\/en\/wp-json\/wp\/v2\/types\/product"}],"replies":[{"embeddable":true,"href":"https:\/\/labochem.com.vn\/en\/wp-json\/wp\/v2\/comments?post=874"}],"wp:featuredmedia":[{"embeddable":true,"href":"https:\/\/labochem.com.vn\/en\/wp-json\/wp\/v2\/media\/875"}],"wp:attachment":[{"href":"https:\/\/labochem.com.vn\/en\/wp-json\/wp\/v2\/media?parent=874"}],"wp:term":[{"taxonomy":"product_cat","embeddable":true,"href":"https:\/\/labochem.com.vn\/en\/wp-json\/wp\/v2\/product_cat?post=874"},{"taxonomy":"product_tag","embeddable":true,"href":"https:\/\/labochem.com.vn\/en\/wp-json\/wp\/v2\/product_tag?post=874"}],"curies":[{"name":"wp","href":"https:\/\/api.w.org\/{rel}","templated":true}]}}