{"id":861,"date":"2020-05-22T02:16:43","date_gmt":"2020-05-22T02:16:43","guid":{"rendered":"https:\/\/labochem.com.vn\/?post_type=product&#038;p=861"},"modified":"2020-11-05T06:57:38","modified_gmt":"2020-11-05T06:57:38","slug":"gang-tay-kham-biomax-3r-gloves-gang-biomax-3r","status":"publish","type":"product","link":"https:\/\/labochem.com.vn\/en\/s\u1ea3n ph\u1ea9m\/gang-tay-kham-biomax-3r-gloves-gang-biomax-3r\/","title":{"rendered":"(Ti\u1ebfng Vi\u1ec7t) G\u0103ng tay kh\u00e1m\u00a0 Biomax 3R GLOVES\u00a0&#8211; G\u0103ng Biomax\/3R"},"content":{"rendered":"","protected":false},"excerpt":{"rendered":"<p class=\"qtranxs-available-languages-message qtranxs-available-languages-message-en\">Sorry, this entry is only available in <a href=\"https:\/\/labochem.com.vn\/vi\/wp-json\/wp\/v2\/product\/861\" class=\"qtranxs-available-language-link qtranxs-available-language-link-vi\" title=\"Ti\u1ebfng Vi\u1ec7t\">Ti\u1ebfng Vi\u1ec7t<\/a>.<\/p>\n","protected":false},"featured_media":862,"comment_status":"open","ping_status":"closed","template":"","meta":[],"product_cat":[511,15,178,325],"product_tag":[326],"yoast_head":"<!-- This site is optimized with the Yoast SEO plugin v22.6 - https:\/\/yoast.com\/wordpress\/plugins\/seo\/ -->\n<title><\/title>\n<meta name=\"robots\" content=\"index, follow, max-snippet:-1, max-image-preview:large, max-video-preview:-1\" \/>\n<link rel=\"canonical\" href=\"https:\/\/labochem.com.vn\/en\/s\u1ea3n%20ph\u1ea9m\/gang-tay-kham-biomax-3r-gloves-gang-biomax-3r\/\" \/>\n<meta property=\"og:locale\" content=\"en_US\" \/>\n<meta property=\"og:type\" content=\"article\" \/>\n<meta property=\"og:title\" content=\"[:vi]G\u0103ng tay kh\u00e1m\u00a0 Biomax 3R GLOVES\u00a0- G\u0103ng Biomax\/3R[:] - C\u00f4ng ty TNHH LABOCHEM Vi\u1ec7t Nam\" \/>\n<meta property=\"og:description\" content=\"[:vi]G\u0103ng tay kh\u00e1m\u00a0 Biomax 3R GLOVES\u00a0- G\u0103ng Biomax\/3R G\u0103ng tay kh\u00e1m\u00a0 Biomax\/3R GLOVES c\u00f3 m\u00e0u tr\u1eafng, b\u00ean trong c\u00f3 ch\u1ee9a b\u1ed9t , tr\u01a1n m\u1ecbn, t\u1ef1 nhi\u00ean.C\u00f3 c\u00e1c size: S,M,L  L\u00e0 m\u1ed9t ph\u01b0\u01a1ng ti\u1ec7n b\u1ea3o h\u1ed9 lao \u0111\u1ed9ng c\u00e1 nh\u00e2n thi\u1ebft y\u1ebfu \u0111\u01b0\u1ee3c c\u00e1n b\u1ed9, nh\u00e2n vi\u00ean y t\u1ebf, c\u00f4ng nh\u00e2n l\u00e0m vi\u1ec7c v\u1edbi th\u1ef1c ph\u1ea9m, k\u1ec3 c\u1ea3 ng\u01b0\u1eddi nh\u00e0 ch\u0103m s\u00f3c b\u1ec7nh nh\u00e2n s\u1eed d\u1ee5ng nhi\u1ec1u \u0111\u1ec3 ch\u1ee7 \u0111\u1ed9ng ng\u0103n ng\u1eeba c\u00e1c nguy c\u01a1 ph\u01a1i nhi\u1ec5m l\u00e0m l\u00e2y nhi\u1ec5m b\u1ec7nh khi ti\u1ebfp x\u00fac tr\u1ef1c ti\u1ebfp v\u1edbi m\u00e1u ho\u1eb7c ch\u1ea5t d\u1ecbch c\u01a1 th\u1ec3 c\u1ee7a b\u1ec7nh nh\u00e2n b\u1ecb nhi\u1ec5m khu\u1ea9n.  Th\u00f4ng tin s\u1ea3n ph\u1ea9m:   T\u00ednh n\u0103ng \u0111\u00e0n h\u1ed3i cao, kh\u00f3 \u0111\u00e2m th\u1ee7ng v\u00e0 r\u00e1ch  B\u1ec1 m\u1eb7t tr\u01a1n l\u00e1ng t\u1ea1o c\u1ea3m gi\u00e1c t\u1ef1 nhi\u00ean v\u00e0 d\u1ec5 ch\u1ecbu  C\u1ed5 tay \u0111\u01b0\u1ee3c se vi\u1ec1n n\u00ean d\u1ec5 \u0111eo v\u00e0o v\u00e0 c\u1ef1c k\u00ec v\u1eeba v\u1eb7n v\u1edbi tay ng\u01b0\u1eddi s\u1eed d\u1ee5ng. Thi\u1ebft k\u1ebf c\u0169ng gi\u1ea3m thi\u1ec3u \u0111\u00e1ng k\u1ec3 kh\u1ea3 n\u0103ng ti\u1ebfp x\u00fac tr\u1ef1c ti\u1ebfp v\u1edbi c\u00e1c ch\u1ea5t \u0111\u1ed9c h\u1ea1i v\u00e0 nguy hi\u1ec3m kh\u00f4ng mong mu\u1ed1n  M\u1ee9c protenin v\u00e0 h\u00f3a ch\u1ea5t tr\u00ean g\u0103ng th\u1ea5p nh\u1ea5t nh\u1eb1m h\u1ea1n ch\u1ebf c\u00e1c d\u1ecb \u1ee9ng v\u1ec1 da \u0111\u1ed1i v\u1edbi ng\u01b0\u1eddi s\u1eed d\u1ee5ng  \u0110\u1ea1t ti\u00eau chu\u1ea9n\u00a0ISO 13485 : 2003 [:]\" \/>\n<meta property=\"og:url\" content=\"https:\/\/labochem.com.vn\/en\/s\u1ea3n ph\u1ea9m\/gang-tay-kham-biomax-3r-gloves-gang-biomax-3r\/\" \/>\n<meta property=\"og:site_name\" content=\"C\u00f4ng ty TNHH LABOCHEM Vi\u1ec7t Nam\" \/>\n<meta property=\"article:modified_time\" content=\"2020-11-05T06:57:38+00:00\" \/>\n<meta property=\"og:image\" content=\"https:\/\/labochem.com.vn\/wp-content\/uploads\/2020\/05\/fqmfYt_simg_de2fe0_500x500_maxb.jpg\" \/>\n\t<meta property=\"og:image:width\" content=\"500\" \/>\n\t<meta property=\"og:image:height\" content=\"500\" \/>\n\t<meta property=\"og:image:type\" content=\"image\/jpeg\" \/>\n<meta name=\"twitter:card\" content=\"summary_large_image\" \/>\n<script type=\"application\/ld+json\" class=\"yoast-schema-graph\">{\"@context\":\"https:\/\/schema.org\",\"@graph\":[{\"@type\":\"WebPage\",\"@id\":\"https:\/\/labochem.com.vn\/en\/s\u1ea3n ph\u1ea9m\/gang-tay-kham-biomax-3r-gloves-gang-biomax-3r\/\",\"url\":\"https:\/\/labochem.com.vn\/en\/s\u1ea3n ph\u1ea9m\/gang-tay-kham-biomax-3r-gloves-gang-biomax-3r\/\",\"name\":\"[:vi]G\u0103ng tay kh\u00e1m\u00a0 Biomax 3R GLOVES\u00a0- G\u0103ng Biomax\/3R[:] - C\u00f4ng ty TNHH LABOCHEM Vi\u1ec7t Nam\",\"isPartOf\":{\"@id\":\"https:\/\/labochem.com.vn\/#website\"},\"primaryImageOfPage\":{\"@id\":\"https:\/\/labochem.com.vn\/en\/s\u1ea3n ph\u1ea9m\/gang-tay-kham-biomax-3r-gloves-gang-biomax-3r\/#primaryimage\"},\"image\":{\"@id\":\"https:\/\/labochem.com.vn\/en\/s\u1ea3n ph\u1ea9m\/gang-tay-kham-biomax-3r-gloves-gang-biomax-3r\/#primaryimage\"},\"thumbnailUrl\":\"https:\/\/labochem.com.vn\/wp-content\/uploads\/2020\/05\/fqmfYt_simg_de2fe0_500x500_maxb.jpg\",\"datePublished\":\"2020-05-22T02:16:43+00:00\",\"dateModified\":\"2020-11-05T06:57:38+00:00\",\"breadcrumb\":{\"@id\":\"https:\/\/labochem.com.vn\/en\/s\u1ea3n ph\u1ea9m\/gang-tay-kham-biomax-3r-gloves-gang-biomax-3r\/#breadcrumb\"},\"inLanguage\":\"en-US\",\"potentialAction\":[{\"@type\":\"ReadAction\",\"target\":[\"https:\/\/labochem.com.vn\/en\/s\u1ea3n ph\u1ea9m\/gang-tay-kham-biomax-3r-gloves-gang-biomax-3r\/\"]}]},{\"@type\":\"ImageObject\",\"inLanguage\":\"en-US\",\"@id\":\"https:\/\/labochem.com.vn\/en\/s\u1ea3n ph\u1ea9m\/gang-tay-kham-biomax-3r-gloves-gang-biomax-3r\/#primaryimage\",\"url\":\"https:\/\/labochem.com.vn\/wp-content\/uploads\/2020\/05\/fqmfYt_simg_de2fe0_500x500_maxb.jpg\",\"contentUrl\":\"https:\/\/labochem.com.vn\/wp-content\/uploads\/2020\/05\/fqmfYt_simg_de2fe0_500x500_maxb.jpg\",\"width\":500,\"height\":500},{\"@type\":\"BreadcrumbList\",\"@id\":\"https:\/\/labochem.com.vn\/en\/s\u1ea3n ph\u1ea9m\/gang-tay-kham-biomax-3r-gloves-gang-biomax-3r\/#breadcrumb\",\"itemListElement\":[{\"@type\":\"ListItem\",\"position\":1,\"name\":\"Home\",\"item\":\"https:\/\/labochem.com.vn\/\"},{\"@type\":\"ListItem\",\"position\":2,\"name\":\"C\u1eeda h\u00e0ng\",\"item\":\"https:\/\/labochem.com.vn\/mua\/\"},{\"@type\":\"ListItem\",\"position\":3,\"name\":\"(Ti\u1ebfng Vi\u1ec7t) G\u0103ng tay kh\u00e1m\u00a0 Biomax 3R GLOVES\u00a0&#8211; G\u0103ng Biomax\/3R\"}]},{\"@type\":\"WebSite\",\"@id\":\"https:\/\/labochem.com.vn\/#website\",\"url\":\"https:\/\/labochem.com.vn\/\",\"name\":\"C\u00f4ng ty TNHH LABOCHEM Vi\u1ec7t Nam\",\"description\":\"M\u1ed9t trang web m\u1edbi s\u1eed d\u1ee5ng WordPress\",\"potentialAction\":[{\"@type\":\"SearchAction\",\"target\":{\"@type\":\"EntryPoint\",\"urlTemplate\":\"https:\/\/labochem.com.vn\/?s={search_term_string}\"},\"query-input\":\"required name=search_term_string\"}],\"inLanguage\":\"en-US\"}]}<\/script>\n<!-- \/ Yoast SEO plugin. -->","yoast_head_json":{"title":"[:vi]G\u0103ng tay kh\u00e1m\u00a0 Biomax 3R GLOVES\u00a0- G\u0103ng Biomax\/3R[:] - C\u00f4ng ty TNHH LABOCHEM Vi\u1ec7t Nam","robots":{"index":"index","follow":"follow","max-snippet":"max-snippet:-1","max-image-preview":"max-image-preview:large","max-video-preview":"max-video-preview:-1"},"canonical":"https:\/\/labochem.com.vn\/en\/s\u1ea3n ph\u1ea9m\/gang-tay-kham-biomax-3r-gloves-gang-biomax-3r\/","og_locale":"en_US","og_type":"article","og_title":"[:vi]G\u0103ng tay kh\u00e1m\u00a0 Biomax 3R GLOVES\u00a0- G\u0103ng Biomax\/3R[:] - C\u00f4ng ty TNHH LABOCHEM Vi\u1ec7t Nam","og_description":"[:vi]G\u0103ng tay kh\u00e1m\u00a0 Biomax 3R GLOVES\u00a0- G\u0103ng Biomax\/3R G\u0103ng tay kh\u00e1m\u00a0 Biomax\/3R GLOVES c\u00f3 m\u00e0u tr\u1eafng, b\u00ean trong c\u00f3 ch\u1ee9a b\u1ed9t , tr\u01a1n m\u1ecbn, t\u1ef1 nhi\u00ean.C\u00f3 c\u00e1c size: S,M,L  L\u00e0 m\u1ed9t ph\u01b0\u01a1ng ti\u1ec7n b\u1ea3o h\u1ed9 lao \u0111\u1ed9ng c\u00e1 nh\u00e2n thi\u1ebft y\u1ebfu \u0111\u01b0\u1ee3c c\u00e1n b\u1ed9, nh\u00e2n vi\u00ean y t\u1ebf, c\u00f4ng nh\u00e2n l\u00e0m vi\u1ec7c v\u1edbi th\u1ef1c ph\u1ea9m, k\u1ec3 c\u1ea3 ng\u01b0\u1eddi nh\u00e0 ch\u0103m s\u00f3c b\u1ec7nh nh\u00e2n s\u1eed d\u1ee5ng nhi\u1ec1u \u0111\u1ec3 ch\u1ee7 \u0111\u1ed9ng ng\u0103n ng\u1eeba c\u00e1c nguy c\u01a1 ph\u01a1i nhi\u1ec5m l\u00e0m l\u00e2y nhi\u1ec5m b\u1ec7nh khi ti\u1ebfp x\u00fac tr\u1ef1c ti\u1ebfp v\u1edbi m\u00e1u ho\u1eb7c ch\u1ea5t d\u1ecbch c\u01a1 th\u1ec3 c\u1ee7a b\u1ec7nh nh\u00e2n b\u1ecb nhi\u1ec5m khu\u1ea9n.  Th\u00f4ng tin s\u1ea3n ph\u1ea9m:   T\u00ednh n\u0103ng \u0111\u00e0n h\u1ed3i cao, kh\u00f3 \u0111\u00e2m th\u1ee7ng v\u00e0 r\u00e1ch  B\u1ec1 m\u1eb7t tr\u01a1n l\u00e1ng t\u1ea1o c\u1ea3m gi\u00e1c t\u1ef1 nhi\u00ean v\u00e0 d\u1ec5 ch\u1ecbu  C\u1ed5 tay \u0111\u01b0\u1ee3c se vi\u1ec1n n\u00ean d\u1ec5 \u0111eo v\u00e0o v\u00e0 c\u1ef1c k\u00ec v\u1eeba v\u1eb7n v\u1edbi tay ng\u01b0\u1eddi s\u1eed d\u1ee5ng. Thi\u1ebft k\u1ebf c\u0169ng gi\u1ea3m thi\u1ec3u \u0111\u00e1ng k\u1ec3 kh\u1ea3 n\u0103ng ti\u1ebfp x\u00fac tr\u1ef1c ti\u1ebfp v\u1edbi c\u00e1c ch\u1ea5t \u0111\u1ed9c h\u1ea1i v\u00e0 nguy hi\u1ec3m kh\u00f4ng mong mu\u1ed1n  M\u1ee9c protenin v\u00e0 h\u00f3a ch\u1ea5t tr\u00ean g\u0103ng th\u1ea5p nh\u1ea5t nh\u1eb1m h\u1ea1n ch\u1ebf c\u00e1c d\u1ecb \u1ee9ng v\u1ec1 da \u0111\u1ed1i v\u1edbi ng\u01b0\u1eddi s\u1eed d\u1ee5ng  \u0110\u1ea1t ti\u00eau chu\u1ea9n\u00a0ISO 13485 : 2003 [:]","og_url":"https:\/\/labochem.com.vn\/en\/s\u1ea3n ph\u1ea9m\/gang-tay-kham-biomax-3r-gloves-gang-biomax-3r\/","og_site_name":"C\u00f4ng ty TNHH LABOCHEM Vi\u1ec7t Nam","article_modified_time":"2020-11-05T06:57:38+00:00","og_image":[{"width":500,"height":500,"url":"https:\/\/labochem.com.vn\/wp-content\/uploads\/2020\/05\/fqmfYt_simg_de2fe0_500x500_maxb.jpg","type":"image\/jpeg"}],"twitter_card":"summary_large_image","schema":{"@context":"https:\/\/schema.org","@graph":[{"@type":"WebPage","@id":"https:\/\/labochem.com.vn\/en\/s\u1ea3n ph\u1ea9m\/gang-tay-kham-biomax-3r-gloves-gang-biomax-3r\/","url":"https:\/\/labochem.com.vn\/en\/s\u1ea3n ph\u1ea9m\/gang-tay-kham-biomax-3r-gloves-gang-biomax-3r\/","name":"[:vi]G\u0103ng tay kh\u00e1m\u00a0 Biomax 3R GLOVES\u00a0- G\u0103ng Biomax\/3R[:] - C\u00f4ng ty TNHH LABOCHEM Vi\u1ec7t Nam","isPartOf":{"@id":"https:\/\/labochem.com.vn\/#website"},"primaryImageOfPage":{"@id":"https:\/\/labochem.com.vn\/en\/s\u1ea3n ph\u1ea9m\/gang-tay-kham-biomax-3r-gloves-gang-biomax-3r\/#primaryimage"},"image":{"@id":"https:\/\/labochem.com.vn\/en\/s\u1ea3n ph\u1ea9m\/gang-tay-kham-biomax-3r-gloves-gang-biomax-3r\/#primaryimage"},"thumbnailUrl":"https:\/\/labochem.com.vn\/wp-content\/uploads\/2020\/05\/fqmfYt_simg_de2fe0_500x500_maxb.jpg","datePublished":"2020-05-22T02:16:43+00:00","dateModified":"2020-11-05T06:57:38+00:00","breadcrumb":{"@id":"https:\/\/labochem.com.vn\/en\/s\u1ea3n ph\u1ea9m\/gang-tay-kham-biomax-3r-gloves-gang-biomax-3r\/#breadcrumb"},"inLanguage":"en-US","potentialAction":[{"@type":"ReadAction","target":["https:\/\/labochem.com.vn\/en\/s\u1ea3n ph\u1ea9m\/gang-tay-kham-biomax-3r-gloves-gang-biomax-3r\/"]}]},{"@type":"ImageObject","inLanguage":"en-US","@id":"https:\/\/labochem.com.vn\/en\/s\u1ea3n ph\u1ea9m\/gang-tay-kham-biomax-3r-gloves-gang-biomax-3r\/#primaryimage","url":"https:\/\/labochem.com.vn\/wp-content\/uploads\/2020\/05\/fqmfYt_simg_de2fe0_500x500_maxb.jpg","contentUrl":"https:\/\/labochem.com.vn\/wp-content\/uploads\/2020\/05\/fqmfYt_simg_de2fe0_500x500_maxb.jpg","width":500,"height":500},{"@type":"BreadcrumbList","@id":"https:\/\/labochem.com.vn\/en\/s\u1ea3n ph\u1ea9m\/gang-tay-kham-biomax-3r-gloves-gang-biomax-3r\/#breadcrumb","itemListElement":[{"@type":"ListItem","position":1,"name":"Home","item":"https:\/\/labochem.com.vn\/"},{"@type":"ListItem","position":2,"name":"C\u1eeda h\u00e0ng","item":"https:\/\/labochem.com.vn\/mua\/"},{"@type":"ListItem","position":3,"name":"(Ti\u1ebfng Vi\u1ec7t) G\u0103ng tay kh\u00e1m\u00a0 Biomax 3R GLOVES\u00a0&#8211; G\u0103ng Biomax\/3R"}]},{"@type":"WebSite","@id":"https:\/\/labochem.com.vn\/#website","url":"https:\/\/labochem.com.vn\/","name":"C\u00f4ng ty TNHH LABOCHEM Vi\u1ec7t Nam","description":"M\u1ed9t trang web m\u1edbi s\u1eed d\u1ee5ng WordPress","potentialAction":[{"@type":"SearchAction","target":{"@type":"EntryPoint","urlTemplate":"https:\/\/labochem.com.vn\/?s={search_term_string}"},"query-input":"required name=search_term_string"}],"inLanguage":"en-US"}]}},"_links":{"self":[{"href":"https:\/\/labochem.com.vn\/en\/wp-json\/wp\/v2\/product\/861"}],"collection":[{"href":"https:\/\/labochem.com.vn\/en\/wp-json\/wp\/v2\/product"}],"about":[{"href":"https:\/\/labochem.com.vn\/en\/wp-json\/wp\/v2\/types\/product"}],"replies":[{"embeddable":true,"href":"https:\/\/labochem.com.vn\/en\/wp-json\/wp\/v2\/comments?post=861"}],"wp:featuredmedia":[{"embeddable":true,"href":"https:\/\/labochem.com.vn\/en\/wp-json\/wp\/v2\/media\/862"}],"wp:attachment":[{"href":"https:\/\/labochem.com.vn\/en\/wp-json\/wp\/v2\/media?parent=861"}],"wp:term":[{"taxonomy":"product_cat","embeddable":true,"href":"https:\/\/labochem.com.vn\/en\/wp-json\/wp\/v2\/product_cat?post=861"},{"taxonomy":"product_tag","embeddable":true,"href":"https:\/\/labochem.com.vn\/en\/wp-json\/wp\/v2\/product_tag?post=861"}],"curies":[{"name":"wp","href":"https:\/\/api.w.org\/{rel}","templated":true}]}}