{"id":838,"date":"2020-05-21T03:02:53","date_gmt":"2020-05-21T03:02:53","guid":{"rendered":"https:\/\/labochem.com.vn\/?post_type=product&#038;p=838"},"modified":"2020-05-21T03:02:54","modified_gmt":"2020-05-21T03:02:54","slug":"chen-su-phan-tich-cac-bon","status":"publish","type":"product","link":"https:\/\/labochem.com.vn\/en\/s\u1ea3n ph\u1ea9m\/chen-su-phan-tich-cac-bon\/","title":{"rendered":"(Ti\u1ebfng Vi\u1ec7t) Ch\u00e9n s\u1ee9 ph\u00e2n t\u00edch cac bon"},"content":{"rendered":"","protected":false},"excerpt":{"rendered":"<p class=\"qtranxs-available-languages-message qtranxs-available-languages-message-en\">Sorry, this entry is only available in <a href=\"https:\/\/labochem.com.vn\/vi\/wp-json\/wp\/v2\/product\/838\" class=\"qtranxs-available-language-link qtranxs-available-language-link-vi\" title=\"Ti\u1ebfng Vi\u1ec7t\">Ti\u1ebfng Vi\u1ec7t<\/a>.<\/p>\n","protected":false},"featured_media":839,"comment_status":"open","ping_status":"closed","template":"","meta":[],"product_cat":[103],"product_tag":[317],"yoast_head":"<!-- This site is optimized with the Yoast SEO plugin v22.6 - https:\/\/yoast.com\/wordpress\/plugins\/seo\/ -->\n<title><\/title>\n<meta name=\"robots\" content=\"index, follow, max-snippet:-1, max-image-preview:large, max-video-preview:-1\" \/>\n<link rel=\"canonical\" href=\"https:\/\/labochem.com.vn\/s\u1ea3n%20ph\u1ea9m\/chen-su-phan-tich-cac-bon\/\" \/>\n<meta property=\"og:locale\" content=\"en_US\" \/>\n<meta property=\"og:type\" content=\"article\" \/>\n<meta property=\"og:title\" content=\"[:vi]Ch\u00e9n s\u1ee9 ph\u00e2n t\u00edch cac bon[:] - C\u00f4ng ty TNHH LABOCHEM Vi\u1ec7t Nam\" \/>\n<meta property=\"og:description\" content=\"[:vi]Th\u00f4ng tin chung v\u1ec1 ch\u00e9n s\u1ee9 ph\u00e2n t\u00edch Cacbon:  Ch\u00e9n s\u1ee9 25x25mm  D\u00f9ng trong l\u00f2 \u0111\u1ed1t cao t\u1ea7n, tia h\u1ed3 quang \u0111i\u1ec7n, trong c\u00e1c m\u00e1y ph\u00e2n t\u00edch Cacbon c\u1ee7a Trung Qu\u1ed1c, t\u01b0 b\u1ea3n[:]\" \/>\n<meta property=\"og:url\" content=\"https:\/\/labochem.com.vn\/s\u1ea3n ph\u1ea9m\/chen-su-phan-tich-cac-bon\/\" \/>\n<meta property=\"og:site_name\" content=\"C\u00f4ng ty TNHH LABOCHEM Vi\u1ec7t Nam\" \/>\n<meta property=\"article:modified_time\" content=\"2020-05-21T03:02:54+00:00\" \/>\n<meta property=\"og:image\" content=\"https:\/\/labochem.com.vn\/wp-content\/uploads\/2020\/05\/chen-nung-dung-cho-may-phan-tich-luu-huynh.png\" \/>\n\t<meta property=\"og:image:width\" content=\"402\" \/>\n\t<meta property=\"og:image:height\" content=\"408\" \/>\n\t<meta property=\"og:image:type\" content=\"image\/png\" \/>\n<meta name=\"twitter:card\" content=\"summary_large_image\" \/>\n<script type=\"application\/ld+json\" class=\"yoast-schema-graph\">{\"@context\":\"https:\/\/schema.org\",\"@graph\":[{\"@type\":\"WebPage\",\"@id\":\"https:\/\/labochem.com.vn\/s\u1ea3n ph\u1ea9m\/chen-su-phan-tich-cac-bon\/\",\"url\":\"https:\/\/labochem.com.vn\/s\u1ea3n ph\u1ea9m\/chen-su-phan-tich-cac-bon\/\",\"name\":\"[:vi]Ch\u00e9n s\u1ee9 ph\u00e2n t\u00edch cac bon[:] - C\u00f4ng ty TNHH LABOCHEM Vi\u1ec7t Nam\",\"isPartOf\":{\"@id\":\"https:\/\/labochem.com.vn\/#website\"},\"primaryImageOfPage\":{\"@id\":\"https:\/\/labochem.com.vn\/s\u1ea3n ph\u1ea9m\/chen-su-phan-tich-cac-bon\/#primaryimage\"},\"image\":{\"@id\":\"https:\/\/labochem.com.vn\/s\u1ea3n ph\u1ea9m\/chen-su-phan-tich-cac-bon\/#primaryimage\"},\"thumbnailUrl\":\"https:\/\/labochem.com.vn\/wp-content\/uploads\/2020\/05\/chen-nung-dung-cho-may-phan-tich-luu-huynh.png\",\"datePublished\":\"2020-05-21T03:02:53+00:00\",\"dateModified\":\"2020-05-21T03:02:54+00:00\",\"breadcrumb\":{\"@id\":\"https:\/\/labochem.com.vn\/s\u1ea3n ph\u1ea9m\/chen-su-phan-tich-cac-bon\/#breadcrumb\"},\"inLanguage\":\"en-US\",\"potentialAction\":[{\"@type\":\"ReadAction\",\"target\":[\"https:\/\/labochem.com.vn\/s\u1ea3n ph\u1ea9m\/chen-su-phan-tich-cac-bon\/\"]}]},{\"@type\":\"ImageObject\",\"inLanguage\":\"en-US\",\"@id\":\"https:\/\/labochem.com.vn\/s\u1ea3n ph\u1ea9m\/chen-su-phan-tich-cac-bon\/#primaryimage\",\"url\":\"https:\/\/labochem.com.vn\/wp-content\/uploads\/2020\/05\/chen-nung-dung-cho-may-phan-tich-luu-huynh.png\",\"contentUrl\":\"https:\/\/labochem.com.vn\/wp-content\/uploads\/2020\/05\/chen-nung-dung-cho-may-phan-tich-luu-huynh.png\",\"width\":402,\"height\":408},{\"@type\":\"BreadcrumbList\",\"@id\":\"https:\/\/labochem.com.vn\/s\u1ea3n ph\u1ea9m\/chen-su-phan-tich-cac-bon\/#breadcrumb\",\"itemListElement\":[{\"@type\":\"ListItem\",\"position\":1,\"name\":\"Home\",\"item\":\"https:\/\/labochem.com.vn\/\"},{\"@type\":\"ListItem\",\"position\":2,\"name\":\"C\u1eeda h\u00e0ng\",\"item\":\"https:\/\/labochem.com.vn\/mua\/\"},{\"@type\":\"ListItem\",\"position\":3,\"name\":\"Ch\u00e9n s\u1ee9 ph\u00e2n t\u00edch cac bon\"}]},{\"@type\":\"WebSite\",\"@id\":\"https:\/\/labochem.com.vn\/#website\",\"url\":\"https:\/\/labochem.com.vn\/\",\"name\":\"C\u00f4ng ty TNHH LABOCHEM Vi\u1ec7t Nam\",\"description\":\"M\u1ed9t trang web m\u1edbi s\u1eed d\u1ee5ng WordPress\",\"potentialAction\":[{\"@type\":\"SearchAction\",\"target\":{\"@type\":\"EntryPoint\",\"urlTemplate\":\"https:\/\/labochem.com.vn\/?s={search_term_string}\"},\"query-input\":\"required name=search_term_string\"}],\"inLanguage\":\"en-US\"}]}<\/script>\n<!-- \/ Yoast SEO plugin. -->","yoast_head_json":{"title":"[:vi]Ch\u00e9n s\u1ee9 ph\u00e2n t\u00edch cac bon[:] - C\u00f4ng ty TNHH LABOCHEM Vi\u1ec7t Nam","robots":{"index":"index","follow":"follow","max-snippet":"max-snippet:-1","max-image-preview":"max-image-preview:large","max-video-preview":"max-video-preview:-1"},"canonical":"https:\/\/labochem.com.vn\/s\u1ea3n ph\u1ea9m\/chen-su-phan-tich-cac-bon\/","og_locale":"en_US","og_type":"article","og_title":"[:vi]Ch\u00e9n s\u1ee9 ph\u00e2n t\u00edch cac bon[:] - C\u00f4ng ty TNHH LABOCHEM Vi\u1ec7t Nam","og_description":"[:vi]Th\u00f4ng tin chung v\u1ec1 ch\u00e9n s\u1ee9 ph\u00e2n t\u00edch Cacbon:  Ch\u00e9n s\u1ee9 25x25mm  D\u00f9ng trong l\u00f2 \u0111\u1ed1t cao t\u1ea7n, tia h\u1ed3 quang \u0111i\u1ec7n, trong c\u00e1c m\u00e1y ph\u00e2n t\u00edch Cacbon c\u1ee7a Trung Qu\u1ed1c, t\u01b0 b\u1ea3n[:]","og_url":"https:\/\/labochem.com.vn\/s\u1ea3n ph\u1ea9m\/chen-su-phan-tich-cac-bon\/","og_site_name":"C\u00f4ng ty TNHH LABOCHEM Vi\u1ec7t Nam","article_modified_time":"2020-05-21T03:02:54+00:00","og_image":[{"width":402,"height":408,"url":"https:\/\/labochem.com.vn\/wp-content\/uploads\/2020\/05\/chen-nung-dung-cho-may-phan-tich-luu-huynh.png","type":"image\/png"}],"twitter_card":"summary_large_image","schema":{"@context":"https:\/\/schema.org","@graph":[{"@type":"WebPage","@id":"https:\/\/labochem.com.vn\/s\u1ea3n ph\u1ea9m\/chen-su-phan-tich-cac-bon\/","url":"https:\/\/labochem.com.vn\/s\u1ea3n ph\u1ea9m\/chen-su-phan-tich-cac-bon\/","name":"[:vi]Ch\u00e9n s\u1ee9 ph\u00e2n t\u00edch cac bon[:] - C\u00f4ng ty TNHH LABOCHEM Vi\u1ec7t Nam","isPartOf":{"@id":"https:\/\/labochem.com.vn\/#website"},"primaryImageOfPage":{"@id":"https:\/\/labochem.com.vn\/s\u1ea3n ph\u1ea9m\/chen-su-phan-tich-cac-bon\/#primaryimage"},"image":{"@id":"https:\/\/labochem.com.vn\/s\u1ea3n ph\u1ea9m\/chen-su-phan-tich-cac-bon\/#primaryimage"},"thumbnailUrl":"https:\/\/labochem.com.vn\/wp-content\/uploads\/2020\/05\/chen-nung-dung-cho-may-phan-tich-luu-huynh.png","datePublished":"2020-05-21T03:02:53+00:00","dateModified":"2020-05-21T03:02:54+00:00","breadcrumb":{"@id":"https:\/\/labochem.com.vn\/s\u1ea3n ph\u1ea9m\/chen-su-phan-tich-cac-bon\/#breadcrumb"},"inLanguage":"en-US","potentialAction":[{"@type":"ReadAction","target":["https:\/\/labochem.com.vn\/s\u1ea3n ph\u1ea9m\/chen-su-phan-tich-cac-bon\/"]}]},{"@type":"ImageObject","inLanguage":"en-US","@id":"https:\/\/labochem.com.vn\/s\u1ea3n ph\u1ea9m\/chen-su-phan-tich-cac-bon\/#primaryimage","url":"https:\/\/labochem.com.vn\/wp-content\/uploads\/2020\/05\/chen-nung-dung-cho-may-phan-tich-luu-huynh.png","contentUrl":"https:\/\/labochem.com.vn\/wp-content\/uploads\/2020\/05\/chen-nung-dung-cho-may-phan-tich-luu-huynh.png","width":402,"height":408},{"@type":"BreadcrumbList","@id":"https:\/\/labochem.com.vn\/s\u1ea3n ph\u1ea9m\/chen-su-phan-tich-cac-bon\/#breadcrumb","itemListElement":[{"@type":"ListItem","position":1,"name":"Home","item":"https:\/\/labochem.com.vn\/"},{"@type":"ListItem","position":2,"name":"C\u1eeda h\u00e0ng","item":"https:\/\/labochem.com.vn\/mua\/"},{"@type":"ListItem","position":3,"name":"Ch\u00e9n s\u1ee9 ph\u00e2n t\u00edch cac bon"}]},{"@type":"WebSite","@id":"https:\/\/labochem.com.vn\/#website","url":"https:\/\/labochem.com.vn\/","name":"C\u00f4ng ty TNHH LABOCHEM Vi\u1ec7t Nam","description":"M\u1ed9t trang web m\u1edbi s\u1eed d\u1ee5ng WordPress","potentialAction":[{"@type":"SearchAction","target":{"@type":"EntryPoint","urlTemplate":"https:\/\/labochem.com.vn\/?s={search_term_string}"},"query-input":"required name=search_term_string"}],"inLanguage":"en-US"}]}},"_links":{"self":[{"href":"https:\/\/labochem.com.vn\/en\/wp-json\/wp\/v2\/product\/838"}],"collection":[{"href":"https:\/\/labochem.com.vn\/en\/wp-json\/wp\/v2\/product"}],"about":[{"href":"https:\/\/labochem.com.vn\/en\/wp-json\/wp\/v2\/types\/product"}],"replies":[{"embeddable":true,"href":"https:\/\/labochem.com.vn\/en\/wp-json\/wp\/v2\/comments?post=838"}],"wp:featuredmedia":[{"embeddable":true,"href":"https:\/\/labochem.com.vn\/en\/wp-json\/wp\/v2\/media\/839"}],"wp:attachment":[{"href":"https:\/\/labochem.com.vn\/en\/wp-json\/wp\/v2\/media?parent=838"}],"wp:term":[{"taxonomy":"product_cat","embeddable":true,"href":"https:\/\/labochem.com.vn\/en\/wp-json\/wp\/v2\/product_cat?post=838"},{"taxonomy":"product_tag","embeddable":true,"href":"https:\/\/labochem.com.vn\/en\/wp-json\/wp\/v2\/product_tag?post=838"}],"curies":[{"name":"wp","href":"https:\/\/api.w.org\/{rel}","templated":true}]}}