{"id":834,"date":"2020-05-21T02:58:17","date_gmt":"2020-05-21T02:58:17","guid":{"rendered":"https:\/\/labochem.com.vn\/?post_type=product&#038;p=834"},"modified":"2020-10-16T04:16:24","modified_gmt":"2020-10-16T04:16:24","slug":"coc-do-do-nhot-xnd-1","status":"publish","type":"product","link":"https:\/\/labochem.com.vn\/en\/s\u1ea3n ph\u1ea9m\/coc-do-do-nhot-xnd-1\/","title":{"rendered":"(Ti\u1ebfng Vi\u1ec7t) C\u1ed1c \u0111o \u0111\u1ed9 nh\u1edbt XND-1"},"content":{"rendered":"","protected":false},"excerpt":{"rendered":"<p class=\"qtranxs-available-languages-message qtranxs-available-languages-message-en\">Sorry, this entry is only available in <a href=\"https:\/\/labochem.com.vn\/vi\/wp-json\/wp\/v2\/product\/834\" class=\"qtranxs-available-language-link qtranxs-available-language-link-vi\" title=\"Ti\u1ebfng Vi\u1ec7t\">Ti\u1ebfng Vi\u1ec7t<\/a>.<\/p>\n","protected":false},"featured_media":835,"comment_status":"open","ping_status":"closed","template":"","meta":[],"product_cat":[271,86,103],"product_tag":[315],"yoast_head":"<!-- This site is optimized with the Yoast SEO plugin v22.6 - https:\/\/yoast.com\/wordpress\/plugins\/seo\/ -->\n<title><\/title>\n<meta name=\"robots\" content=\"index, follow, max-snippet:-1, max-image-preview:large, max-video-preview:-1\" \/>\n<link rel=\"canonical\" href=\"https:\/\/labochem.com.vn\/s\u1ea3n%20ph\u1ea9m\/coc-do-do-nhot-xnd-1\/\" \/>\n<meta property=\"og:locale\" content=\"en_US\" \/>\n<meta property=\"og:type\" content=\"article\" \/>\n<meta property=\"og:title\" content=\"[:vi]C\u1ed1c \u0111o \u0111\u1ed9 nh\u1edbt XND-1[:] - C\u00f4ng ty TNHH LABOCHEM Vi\u1ec7t Nam\" \/>\n<meta property=\"og:description\" content=\"[:vi]C\u1ed1c \u0111o \u0111\u1ed9 nh\u1edbt XND-1 Model:\u00a0XND-1  S\u1ea3n xu\u1ea5t t\u1ea1i:\u00a0Trung Qu\u1ed1c  \u1ee8ng d\u1ee5ng: \u0110\u00e2y l\u00e0 d\u1ee5ng c\u1ee5 ki\u1ec3m tra \u0111\u1ed9 nh\u1edbt \u0111\u01a1n gi\u1ea3n v\u00e0 thu\u1eadn ti\u1ec7n nh\u1ea5t trong vi\u1ec7c\u00a0ki\u1ec3m tra \u0111\u1ed9 nh\u1edbt c\u1ee7a s\u01a1n, m\u1ef1c in, d\u1ea7u... C\u1ed1c c\u00f3 l\u1ed7 tho\u00e1t\u0111\u01b0\u1ee3c l\u00e0m b\u1eb1ng v\u1eadt li\u1ec7u \u0111\u1eb7c bi\u1ec7t, ch\u1ecbu ma s\u00e1t, \u0103n m\u00f2n c\u1ee7a s\u01a1n, d\u1ea7u...  \u0110\u1eb7c t\u00ednh k\u1ef9 thu\u1eadt: 1, H\u1ec7 th\u1ed1ng \u0111o \u0111\u1ed9 nh\u1edbt \u0111\u1ed3ng b\u1ed9n 4-T, Th\u1ec3 t\u00edch c\u1ee7a c\u1ed1c \u0111o kho\u1ea3ng 100 ml. 2, Kh\u00f3a \u0111i\u1ec1u ch\u1ec9nh K: \u0110\u01b0\u1ee3c \u0111i\u1ec1u ch\u1ec9nh \u0111\u1ec3 \u0111o \u0111\u1ed9 nh\u1edbt c\u1ee7a ch\u1ea5t l\u1ecfng trong c\u00e1c \u0111i\u1ec1u ki\u1ec7n. Kh\u00f3a \u0111i\u1ec1u ch\u1ec9nh K s\u1ebd c\u00f3 \u0111\u1ed9 r\u01a1i 1 \u00b1 0.03 \u0111\u01b0\u1ee3c thay \u0111\u1ed5i trong ph\u1ea1m vi c\u1ee7a nh\u1edbt k\u1ebf. 3,Ti\u00eau chu\u1ea9n \u0111\u1ed9 nh\u1edbt \u0111\u1ed9ng h\u1ecdc \u0111i ra t\u1eeb nh\u1edbt k\u1ebf 4-T \u0111o gi\u00e1 tr\u1ecb v\u00e0 t\u00ednh to\u00e1n gi\u1eefa c\u00e1c th\u1eddi gian kh\u00e1c nhau l\u00e0 \u00b1 3%.  Cung c\u1ea5p bao g\u1ed3m:  C\u1ed1c \u0111o \u0111o nh\u1edbt  Ch\u00e9n h\u1ee9ng\u00a0  Gi\u00e1 treo c\u1ed1c v\u00e0 k\u1eb9p gi\u1eef c\u1ed1c\u00a0  Ch\u00e2n \u0111\u1ebf[:]\" \/>\n<meta property=\"og:url\" content=\"https:\/\/labochem.com.vn\/s\u1ea3n ph\u1ea9m\/coc-do-do-nhot-xnd-1\/\" \/>\n<meta property=\"og:site_name\" content=\"C\u00f4ng ty TNHH LABOCHEM Vi\u1ec7t Nam\" \/>\n<meta property=\"article:modified_time\" content=\"2020-10-16T04:16:24+00:00\" \/>\n<meta property=\"og:image\" content=\"https:\/\/labochem.com.vn\/wp-content\/uploads\/2020\/05\/Coc-do-do-nhot-tq.jpg\" \/>\n\t<meta property=\"og:image:width\" content=\"682\" \/>\n\t<meta property=\"og:image:height\" content=\"690\" \/>\n\t<meta property=\"og:image:type\" content=\"image\/jpeg\" \/>\n<meta name=\"twitter:card\" content=\"summary_large_image\" \/>\n<script type=\"application\/ld+json\" class=\"yoast-schema-graph\">{\"@context\":\"https:\/\/schema.org\",\"@graph\":[{\"@type\":\"WebPage\",\"@id\":\"https:\/\/labochem.com.vn\/s\u1ea3n ph\u1ea9m\/coc-do-do-nhot-xnd-1\/\",\"url\":\"https:\/\/labochem.com.vn\/s\u1ea3n ph\u1ea9m\/coc-do-do-nhot-xnd-1\/\",\"name\":\"[:vi]C\u1ed1c \u0111o \u0111\u1ed9 nh\u1edbt XND-1[:] - C\u00f4ng ty TNHH LABOCHEM Vi\u1ec7t Nam\",\"isPartOf\":{\"@id\":\"https:\/\/labochem.com.vn\/#website\"},\"primaryImageOfPage\":{\"@id\":\"https:\/\/labochem.com.vn\/s\u1ea3n ph\u1ea9m\/coc-do-do-nhot-xnd-1\/#primaryimage\"},\"image\":{\"@id\":\"https:\/\/labochem.com.vn\/s\u1ea3n ph\u1ea9m\/coc-do-do-nhot-xnd-1\/#primaryimage\"},\"thumbnailUrl\":\"https:\/\/labochem.com.vn\/wp-content\/uploads\/2020\/05\/Coc-do-do-nhot-tq.jpg\",\"datePublished\":\"2020-05-21T02:58:17+00:00\",\"dateModified\":\"2020-10-16T04:16:24+00:00\",\"breadcrumb\":{\"@id\":\"https:\/\/labochem.com.vn\/s\u1ea3n ph\u1ea9m\/coc-do-do-nhot-xnd-1\/#breadcrumb\"},\"inLanguage\":\"en-US\",\"potentialAction\":[{\"@type\":\"ReadAction\",\"target\":[\"https:\/\/labochem.com.vn\/s\u1ea3n ph\u1ea9m\/coc-do-do-nhot-xnd-1\/\"]}]},{\"@type\":\"ImageObject\",\"inLanguage\":\"en-US\",\"@id\":\"https:\/\/labochem.com.vn\/s\u1ea3n ph\u1ea9m\/coc-do-do-nhot-xnd-1\/#primaryimage\",\"url\":\"https:\/\/labochem.com.vn\/wp-content\/uploads\/2020\/05\/Coc-do-do-nhot-tq.jpg\",\"contentUrl\":\"https:\/\/labochem.com.vn\/wp-content\/uploads\/2020\/05\/Coc-do-do-nhot-tq.jpg\",\"width\":682,\"height\":690},{\"@type\":\"BreadcrumbList\",\"@id\":\"https:\/\/labochem.com.vn\/s\u1ea3n ph\u1ea9m\/coc-do-do-nhot-xnd-1\/#breadcrumb\",\"itemListElement\":[{\"@type\":\"ListItem\",\"position\":1,\"name\":\"Home\",\"item\":\"https:\/\/labochem.com.vn\/\"},{\"@type\":\"ListItem\",\"position\":2,\"name\":\"C\u1eeda h\u00e0ng\",\"item\":\"https:\/\/labochem.com.vn\/mua\/\"},{\"@type\":\"ListItem\",\"position\":3,\"name\":\"C\u1ed1c \u0111o \u0111\u1ed9 nh\u1edbt XND-1\"}]},{\"@type\":\"WebSite\",\"@id\":\"https:\/\/labochem.com.vn\/#website\",\"url\":\"https:\/\/labochem.com.vn\/\",\"name\":\"C\u00f4ng ty TNHH LABOCHEM Vi\u1ec7t Nam\",\"description\":\"M\u1ed9t trang web m\u1edbi s\u1eed d\u1ee5ng WordPress\",\"potentialAction\":[{\"@type\":\"SearchAction\",\"target\":{\"@type\":\"EntryPoint\",\"urlTemplate\":\"https:\/\/labochem.com.vn\/?s={search_term_string}\"},\"query-input\":\"required name=search_term_string\"}],\"inLanguage\":\"en-US\"}]}<\/script>\n<!-- \/ Yoast SEO plugin. -->","yoast_head_json":{"title":"[:vi]C\u1ed1c \u0111o \u0111\u1ed9 nh\u1edbt XND-1[:] - C\u00f4ng ty TNHH LABOCHEM Vi\u1ec7t Nam","robots":{"index":"index","follow":"follow","max-snippet":"max-snippet:-1","max-image-preview":"max-image-preview:large","max-video-preview":"max-video-preview:-1"},"canonical":"https:\/\/labochem.com.vn\/s\u1ea3n ph\u1ea9m\/coc-do-do-nhot-xnd-1\/","og_locale":"en_US","og_type":"article","og_title":"[:vi]C\u1ed1c \u0111o \u0111\u1ed9 nh\u1edbt XND-1[:] - C\u00f4ng ty TNHH LABOCHEM Vi\u1ec7t Nam","og_description":"[:vi]C\u1ed1c \u0111o \u0111\u1ed9 nh\u1edbt XND-1 Model:\u00a0XND-1  S\u1ea3n xu\u1ea5t t\u1ea1i:\u00a0Trung Qu\u1ed1c  \u1ee8ng d\u1ee5ng: \u0110\u00e2y l\u00e0 d\u1ee5ng c\u1ee5 ki\u1ec3m tra \u0111\u1ed9 nh\u1edbt \u0111\u01a1n gi\u1ea3n v\u00e0 thu\u1eadn ti\u1ec7n nh\u1ea5t trong vi\u1ec7c\u00a0ki\u1ec3m tra \u0111\u1ed9 nh\u1edbt c\u1ee7a s\u01a1n, m\u1ef1c in, d\u1ea7u... C\u1ed1c c\u00f3 l\u1ed7 tho\u00e1t\u0111\u01b0\u1ee3c l\u00e0m b\u1eb1ng v\u1eadt li\u1ec7u \u0111\u1eb7c bi\u1ec7t, ch\u1ecbu ma s\u00e1t, \u0103n m\u00f2n c\u1ee7a s\u01a1n, d\u1ea7u...  \u0110\u1eb7c t\u00ednh k\u1ef9 thu\u1eadt: 1, H\u1ec7 th\u1ed1ng \u0111o \u0111\u1ed9 nh\u1edbt \u0111\u1ed3ng b\u1ed9n 4-T, Th\u1ec3 t\u00edch c\u1ee7a c\u1ed1c \u0111o kho\u1ea3ng 100 ml. 2, Kh\u00f3a \u0111i\u1ec1u ch\u1ec9nh K: \u0110\u01b0\u1ee3c \u0111i\u1ec1u ch\u1ec9nh \u0111\u1ec3 \u0111o \u0111\u1ed9 nh\u1edbt c\u1ee7a ch\u1ea5t l\u1ecfng trong c\u00e1c \u0111i\u1ec1u ki\u1ec7n. Kh\u00f3a \u0111i\u1ec1u ch\u1ec9nh K s\u1ebd c\u00f3 \u0111\u1ed9 r\u01a1i 1 \u00b1 0.03 \u0111\u01b0\u1ee3c thay \u0111\u1ed5i trong ph\u1ea1m vi c\u1ee7a nh\u1edbt k\u1ebf. 3,Ti\u00eau chu\u1ea9n \u0111\u1ed9 nh\u1edbt \u0111\u1ed9ng h\u1ecdc \u0111i ra t\u1eeb nh\u1edbt k\u1ebf 4-T \u0111o gi\u00e1 tr\u1ecb v\u00e0 t\u00ednh to\u00e1n gi\u1eefa c\u00e1c th\u1eddi gian kh\u00e1c nhau l\u00e0 \u00b1 3%.  Cung c\u1ea5p bao g\u1ed3m:  C\u1ed1c \u0111o \u0111o nh\u1edbt  Ch\u00e9n h\u1ee9ng\u00a0  Gi\u00e1 treo c\u1ed1c v\u00e0 k\u1eb9p gi\u1eef c\u1ed1c\u00a0  Ch\u00e2n \u0111\u1ebf[:]","og_url":"https:\/\/labochem.com.vn\/s\u1ea3n ph\u1ea9m\/coc-do-do-nhot-xnd-1\/","og_site_name":"C\u00f4ng ty TNHH LABOCHEM Vi\u1ec7t Nam","article_modified_time":"2020-10-16T04:16:24+00:00","og_image":[{"width":682,"height":690,"url":"https:\/\/labochem.com.vn\/wp-content\/uploads\/2020\/05\/Coc-do-do-nhot-tq.jpg","type":"image\/jpeg"}],"twitter_card":"summary_large_image","schema":{"@context":"https:\/\/schema.org","@graph":[{"@type":"WebPage","@id":"https:\/\/labochem.com.vn\/s\u1ea3n ph\u1ea9m\/coc-do-do-nhot-xnd-1\/","url":"https:\/\/labochem.com.vn\/s\u1ea3n ph\u1ea9m\/coc-do-do-nhot-xnd-1\/","name":"[:vi]C\u1ed1c \u0111o \u0111\u1ed9 nh\u1edbt XND-1[:] - C\u00f4ng ty TNHH LABOCHEM Vi\u1ec7t Nam","isPartOf":{"@id":"https:\/\/labochem.com.vn\/#website"},"primaryImageOfPage":{"@id":"https:\/\/labochem.com.vn\/s\u1ea3n ph\u1ea9m\/coc-do-do-nhot-xnd-1\/#primaryimage"},"image":{"@id":"https:\/\/labochem.com.vn\/s\u1ea3n ph\u1ea9m\/coc-do-do-nhot-xnd-1\/#primaryimage"},"thumbnailUrl":"https:\/\/labochem.com.vn\/wp-content\/uploads\/2020\/05\/Coc-do-do-nhot-tq.jpg","datePublished":"2020-05-21T02:58:17+00:00","dateModified":"2020-10-16T04:16:24+00:00","breadcrumb":{"@id":"https:\/\/labochem.com.vn\/s\u1ea3n ph\u1ea9m\/coc-do-do-nhot-xnd-1\/#breadcrumb"},"inLanguage":"en-US","potentialAction":[{"@type":"ReadAction","target":["https:\/\/labochem.com.vn\/s\u1ea3n ph\u1ea9m\/coc-do-do-nhot-xnd-1\/"]}]},{"@type":"ImageObject","inLanguage":"en-US","@id":"https:\/\/labochem.com.vn\/s\u1ea3n ph\u1ea9m\/coc-do-do-nhot-xnd-1\/#primaryimage","url":"https:\/\/labochem.com.vn\/wp-content\/uploads\/2020\/05\/Coc-do-do-nhot-tq.jpg","contentUrl":"https:\/\/labochem.com.vn\/wp-content\/uploads\/2020\/05\/Coc-do-do-nhot-tq.jpg","width":682,"height":690},{"@type":"BreadcrumbList","@id":"https:\/\/labochem.com.vn\/s\u1ea3n ph\u1ea9m\/coc-do-do-nhot-xnd-1\/#breadcrumb","itemListElement":[{"@type":"ListItem","position":1,"name":"Home","item":"https:\/\/labochem.com.vn\/"},{"@type":"ListItem","position":2,"name":"C\u1eeda h\u00e0ng","item":"https:\/\/labochem.com.vn\/mua\/"},{"@type":"ListItem","position":3,"name":"C\u1ed1c \u0111o \u0111\u1ed9 nh\u1edbt XND-1"}]},{"@type":"WebSite","@id":"https:\/\/labochem.com.vn\/#website","url":"https:\/\/labochem.com.vn\/","name":"C\u00f4ng ty TNHH LABOCHEM Vi\u1ec7t Nam","description":"M\u1ed9t trang web m\u1edbi s\u1eed d\u1ee5ng WordPress","potentialAction":[{"@type":"SearchAction","target":{"@type":"EntryPoint","urlTemplate":"https:\/\/labochem.com.vn\/?s={search_term_string}"},"query-input":"required name=search_term_string"}],"inLanguage":"en-US"}]}},"_links":{"self":[{"href":"https:\/\/labochem.com.vn\/en\/wp-json\/wp\/v2\/product\/834"}],"collection":[{"href":"https:\/\/labochem.com.vn\/en\/wp-json\/wp\/v2\/product"}],"about":[{"href":"https:\/\/labochem.com.vn\/en\/wp-json\/wp\/v2\/types\/product"}],"replies":[{"embeddable":true,"href":"https:\/\/labochem.com.vn\/en\/wp-json\/wp\/v2\/comments?post=834"}],"wp:featuredmedia":[{"embeddable":true,"href":"https:\/\/labochem.com.vn\/en\/wp-json\/wp\/v2\/media\/835"}],"wp:attachment":[{"href":"https:\/\/labochem.com.vn\/en\/wp-json\/wp\/v2\/media?parent=834"}],"wp:term":[{"taxonomy":"product_cat","embeddable":true,"href":"https:\/\/labochem.com.vn\/en\/wp-json\/wp\/v2\/product_cat?post=834"},{"taxonomy":"product_tag","embeddable":true,"href":"https:\/\/labochem.com.vn\/en\/wp-json\/wp\/v2\/product_tag?post=834"}],"curies":[{"name":"wp","href":"https:\/\/api.w.org\/{rel}","templated":true}]}}