{"id":832,"date":"2020-05-21T02:46:57","date_gmt":"2020-05-21T02:46:57","guid":{"rendered":"https:\/\/labochem.com.vn\/?post_type=product&#038;p=832"},"modified":"2020-05-21T02:46:58","modified_gmt":"2020-05-21T02:46:58","slug":"den-con-inox","status":"publish","type":"product","link":"https:\/\/labochem.com.vn\/en\/s\u1ea3n ph\u1ea9m\/den-con-inox\/","title":{"rendered":"(Ti\u1ebfng Vi\u1ec7t) \u0110\u00e8n c\u1ed3n INOX\u00a0"},"content":{"rendered":"","protected":false},"excerpt":{"rendered":"<p class=\"qtranxs-available-languages-message qtranxs-available-languages-message-en\">Sorry, this entry is only available in <a href=\"https:\/\/labochem.com.vn\/vi\/wp-json\/wp\/v2\/product\/832\" class=\"qtranxs-available-language-link qtranxs-available-language-link-vi\" title=\"Ti\u1ebfng Vi\u1ec7t\">Ti\u1ebfng Vi\u1ec7t<\/a>.<\/p>\n","protected":false},"featured_media":833,"comment_status":"open","ping_status":"closed","template":"","meta":[],"product_cat":[103],"product_tag":[314],"yoast_head":"<!-- This site is optimized with the Yoast SEO plugin v22.6 - https:\/\/yoast.com\/wordpress\/plugins\/seo\/ -->\n<title><\/title>\n<meta name=\"robots\" content=\"index, follow, max-snippet:-1, max-image-preview:large, max-video-preview:-1\" \/>\n<link rel=\"canonical\" href=\"https:\/\/labochem.com.vn\/en\/s\u1ea3n%20ph\u1ea9m\/den-con-inox\/\" \/>\n<meta property=\"og:locale\" content=\"en_US\" \/>\n<meta property=\"og:type\" content=\"article\" \/>\n<meta property=\"og:title\" content=\"[:vi]\u0110\u00e8n c\u1ed3n INOX\u00a0[:] - C\u00f4ng ty TNHH LABOCHEM Vi\u1ec7t Nam\" \/>\n<meta property=\"og:description\" content=\"[:vi]\u0110\u00e8n c\u1ed3n INOX Th\u00f4ng tin chung v\u1ec1 \u0111\u00e8n c\u1ed3n inox:  -\u00a0\u0110\u00e8n c\u1ed3n\u00a0l\u00e0 m\u1ed9t trong nh\u1eefng d\u1ee5ng c\u1ee5 th\u1ee7y tinh th\u01b0\u1eddng xuy\u00ean \u0111\u01b0\u1ee3c s\u1eed d\u1ee5ng trong ph\u00f2ng th\u00ed nghi\u1ec7m, ph\u00f2ng nghi\u00ean c\u1ee9u...  -\u00a0\u0110\u00e8n c\u1ed3n ph\u00f2ng th\u00ed nghi\u1ec7m\u00a0\u0111\u01b0\u1ee3c s\u1eed d\u1ee5ng \u0111\u1ec3 \u0111\u1ed1t n\u00f3ng v\u00e0 cung c\u1ea5p nhi\u1ec7t \u0111\u1ed9 cho c\u00e1c ph\u1ea3n \u1ee9ng h\u00f3a h\u1ecdc y\u00eau c\u1ea7u c\u00f3 nhi\u1ec7t \u0111\u1ed9.  - Lo\u1ea1i \u0111\u00e8n n\u00e0y s\u1ea1ch, ti\u1ec7n l\u1ee3i va an to\u00e0n.  - V\u1eadt li\u1ec7u: INOX[:]\" \/>\n<meta property=\"og:url\" content=\"https:\/\/labochem.com.vn\/en\/s\u1ea3n ph\u1ea9m\/den-con-inox\/\" \/>\n<meta property=\"og:site_name\" content=\"C\u00f4ng ty TNHH LABOCHEM Vi\u1ec7t Nam\" \/>\n<meta property=\"article:modified_time\" content=\"2020-05-21T02:46:58+00:00\" \/>\n<meta property=\"og:image\" content=\"https:\/\/labochem.com.vn\/wp-content\/uploads\/2020\/05\/Den-con-inox.png\" \/>\n\t<meta property=\"og:image:width\" content=\"650\" \/>\n\t<meta property=\"og:image:height\" content=\"642\" \/>\n\t<meta property=\"og:image:type\" content=\"image\/png\" \/>\n<meta name=\"twitter:card\" content=\"summary_large_image\" \/>\n<script type=\"application\/ld+json\" class=\"yoast-schema-graph\">{\"@context\":\"https:\/\/schema.org\",\"@graph\":[{\"@type\":\"WebPage\",\"@id\":\"https:\/\/labochem.com.vn\/en\/s\u1ea3n ph\u1ea9m\/den-con-inox\/\",\"url\":\"https:\/\/labochem.com.vn\/en\/s\u1ea3n ph\u1ea9m\/den-con-inox\/\",\"name\":\"[:vi]\u0110\u00e8n c\u1ed3n INOX\u00a0[:] - C\u00f4ng ty TNHH LABOCHEM Vi\u1ec7t Nam\",\"isPartOf\":{\"@id\":\"https:\/\/labochem.com.vn\/#website\"},\"primaryImageOfPage\":{\"@id\":\"https:\/\/labochem.com.vn\/en\/s\u1ea3n ph\u1ea9m\/den-con-inox\/#primaryimage\"},\"image\":{\"@id\":\"https:\/\/labochem.com.vn\/en\/s\u1ea3n ph\u1ea9m\/den-con-inox\/#primaryimage\"},\"thumbnailUrl\":\"https:\/\/labochem.com.vn\/wp-content\/uploads\/2020\/05\/Den-con-inox.png\",\"datePublished\":\"2020-05-21T02:46:57+00:00\",\"dateModified\":\"2020-05-21T02:46:58+00:00\",\"breadcrumb\":{\"@id\":\"https:\/\/labochem.com.vn\/en\/s\u1ea3n ph\u1ea9m\/den-con-inox\/#breadcrumb\"},\"inLanguage\":\"en-US\",\"potentialAction\":[{\"@type\":\"ReadAction\",\"target\":[\"https:\/\/labochem.com.vn\/en\/s\u1ea3n ph\u1ea9m\/den-con-inox\/\"]}]},{\"@type\":\"ImageObject\",\"inLanguage\":\"en-US\",\"@id\":\"https:\/\/labochem.com.vn\/en\/s\u1ea3n ph\u1ea9m\/den-con-inox\/#primaryimage\",\"url\":\"https:\/\/labochem.com.vn\/wp-content\/uploads\/2020\/05\/Den-con-inox.png\",\"contentUrl\":\"https:\/\/labochem.com.vn\/wp-content\/uploads\/2020\/05\/Den-con-inox.png\",\"width\":650,\"height\":642},{\"@type\":\"BreadcrumbList\",\"@id\":\"https:\/\/labochem.com.vn\/en\/s\u1ea3n ph\u1ea9m\/den-con-inox\/#breadcrumb\",\"itemListElement\":[{\"@type\":\"ListItem\",\"position\":1,\"name\":\"Home\",\"item\":\"https:\/\/labochem.com.vn\/\"},{\"@type\":\"ListItem\",\"position\":2,\"name\":\"C\u1eeda h\u00e0ng\",\"item\":\"https:\/\/labochem.com.vn\/mua\/\"},{\"@type\":\"ListItem\",\"position\":3,\"name\":\"(Ti\u1ebfng Vi\u1ec7t) \u0110\u00e8n c\u1ed3n INOX\u00a0\"}]},{\"@type\":\"WebSite\",\"@id\":\"https:\/\/labochem.com.vn\/#website\",\"url\":\"https:\/\/labochem.com.vn\/\",\"name\":\"C\u00f4ng ty TNHH LABOCHEM Vi\u1ec7t Nam\",\"description\":\"M\u1ed9t trang web m\u1edbi s\u1eed d\u1ee5ng WordPress\",\"potentialAction\":[{\"@type\":\"SearchAction\",\"target\":{\"@type\":\"EntryPoint\",\"urlTemplate\":\"https:\/\/labochem.com.vn\/?s={search_term_string}\"},\"query-input\":\"required name=search_term_string\"}],\"inLanguage\":\"en-US\"}]}<\/script>\n<!-- \/ Yoast SEO plugin. -->","yoast_head_json":{"title":"[:vi]\u0110\u00e8n c\u1ed3n INOX\u00a0[:] - C\u00f4ng ty TNHH LABOCHEM Vi\u1ec7t Nam","robots":{"index":"index","follow":"follow","max-snippet":"max-snippet:-1","max-image-preview":"max-image-preview:large","max-video-preview":"max-video-preview:-1"},"canonical":"https:\/\/labochem.com.vn\/en\/s\u1ea3n ph\u1ea9m\/den-con-inox\/","og_locale":"en_US","og_type":"article","og_title":"[:vi]\u0110\u00e8n c\u1ed3n INOX\u00a0[:] - C\u00f4ng ty TNHH LABOCHEM Vi\u1ec7t Nam","og_description":"[:vi]\u0110\u00e8n c\u1ed3n INOX Th\u00f4ng tin chung v\u1ec1 \u0111\u00e8n c\u1ed3n inox:  -\u00a0\u0110\u00e8n c\u1ed3n\u00a0l\u00e0 m\u1ed9t trong nh\u1eefng d\u1ee5ng c\u1ee5 th\u1ee7y tinh th\u01b0\u1eddng xuy\u00ean \u0111\u01b0\u1ee3c s\u1eed d\u1ee5ng trong ph\u00f2ng th\u00ed nghi\u1ec7m, ph\u00f2ng nghi\u00ean c\u1ee9u...  -\u00a0\u0110\u00e8n c\u1ed3n ph\u00f2ng th\u00ed nghi\u1ec7m\u00a0\u0111\u01b0\u1ee3c s\u1eed d\u1ee5ng \u0111\u1ec3 \u0111\u1ed1t n\u00f3ng v\u00e0 cung c\u1ea5p nhi\u1ec7t \u0111\u1ed9 cho c\u00e1c ph\u1ea3n \u1ee9ng h\u00f3a h\u1ecdc y\u00eau c\u1ea7u c\u00f3 nhi\u1ec7t \u0111\u1ed9.  - Lo\u1ea1i \u0111\u00e8n n\u00e0y s\u1ea1ch, ti\u1ec7n l\u1ee3i va an to\u00e0n.  - V\u1eadt li\u1ec7u: INOX[:]","og_url":"https:\/\/labochem.com.vn\/en\/s\u1ea3n ph\u1ea9m\/den-con-inox\/","og_site_name":"C\u00f4ng ty TNHH LABOCHEM Vi\u1ec7t Nam","article_modified_time":"2020-05-21T02:46:58+00:00","og_image":[{"width":650,"height":642,"url":"https:\/\/labochem.com.vn\/wp-content\/uploads\/2020\/05\/Den-con-inox.png","type":"image\/png"}],"twitter_card":"summary_large_image","schema":{"@context":"https:\/\/schema.org","@graph":[{"@type":"WebPage","@id":"https:\/\/labochem.com.vn\/en\/s\u1ea3n ph\u1ea9m\/den-con-inox\/","url":"https:\/\/labochem.com.vn\/en\/s\u1ea3n ph\u1ea9m\/den-con-inox\/","name":"[:vi]\u0110\u00e8n c\u1ed3n INOX\u00a0[:] - C\u00f4ng ty TNHH LABOCHEM Vi\u1ec7t Nam","isPartOf":{"@id":"https:\/\/labochem.com.vn\/#website"},"primaryImageOfPage":{"@id":"https:\/\/labochem.com.vn\/en\/s\u1ea3n ph\u1ea9m\/den-con-inox\/#primaryimage"},"image":{"@id":"https:\/\/labochem.com.vn\/en\/s\u1ea3n ph\u1ea9m\/den-con-inox\/#primaryimage"},"thumbnailUrl":"https:\/\/labochem.com.vn\/wp-content\/uploads\/2020\/05\/Den-con-inox.png","datePublished":"2020-05-21T02:46:57+00:00","dateModified":"2020-05-21T02:46:58+00:00","breadcrumb":{"@id":"https:\/\/labochem.com.vn\/en\/s\u1ea3n ph\u1ea9m\/den-con-inox\/#breadcrumb"},"inLanguage":"en-US","potentialAction":[{"@type":"ReadAction","target":["https:\/\/labochem.com.vn\/en\/s\u1ea3n ph\u1ea9m\/den-con-inox\/"]}]},{"@type":"ImageObject","inLanguage":"en-US","@id":"https:\/\/labochem.com.vn\/en\/s\u1ea3n ph\u1ea9m\/den-con-inox\/#primaryimage","url":"https:\/\/labochem.com.vn\/wp-content\/uploads\/2020\/05\/Den-con-inox.png","contentUrl":"https:\/\/labochem.com.vn\/wp-content\/uploads\/2020\/05\/Den-con-inox.png","width":650,"height":642},{"@type":"BreadcrumbList","@id":"https:\/\/labochem.com.vn\/en\/s\u1ea3n ph\u1ea9m\/den-con-inox\/#breadcrumb","itemListElement":[{"@type":"ListItem","position":1,"name":"Home","item":"https:\/\/labochem.com.vn\/"},{"@type":"ListItem","position":2,"name":"C\u1eeda h\u00e0ng","item":"https:\/\/labochem.com.vn\/mua\/"},{"@type":"ListItem","position":3,"name":"(Ti\u1ebfng Vi\u1ec7t) \u0110\u00e8n c\u1ed3n INOX\u00a0"}]},{"@type":"WebSite","@id":"https:\/\/labochem.com.vn\/#website","url":"https:\/\/labochem.com.vn\/","name":"C\u00f4ng ty TNHH LABOCHEM Vi\u1ec7t Nam","description":"M\u1ed9t trang web m\u1edbi s\u1eed d\u1ee5ng WordPress","potentialAction":[{"@type":"SearchAction","target":{"@type":"EntryPoint","urlTemplate":"https:\/\/labochem.com.vn\/?s={search_term_string}"},"query-input":"required name=search_term_string"}],"inLanguage":"en-US"}]}},"_links":{"self":[{"href":"https:\/\/labochem.com.vn\/en\/wp-json\/wp\/v2\/product\/832"}],"collection":[{"href":"https:\/\/labochem.com.vn\/en\/wp-json\/wp\/v2\/product"}],"about":[{"href":"https:\/\/labochem.com.vn\/en\/wp-json\/wp\/v2\/types\/product"}],"replies":[{"embeddable":true,"href":"https:\/\/labochem.com.vn\/en\/wp-json\/wp\/v2\/comments?post=832"}],"wp:featuredmedia":[{"embeddable":true,"href":"https:\/\/labochem.com.vn\/en\/wp-json\/wp\/v2\/media\/833"}],"wp:attachment":[{"href":"https:\/\/labochem.com.vn\/en\/wp-json\/wp\/v2\/media?parent=832"}],"wp:term":[{"taxonomy":"product_cat","embeddable":true,"href":"https:\/\/labochem.com.vn\/en\/wp-json\/wp\/v2\/product_cat?post=832"},{"taxonomy":"product_tag","embeddable":true,"href":"https:\/\/labochem.com.vn\/en\/wp-json\/wp\/v2\/product_tag?post=832"}],"curies":[{"name":"wp","href":"https:\/\/api.w.org\/{rel}","templated":true}]}}