{"id":811,"date":"2020-05-20T09:43:54","date_gmt":"2020-05-20T09:43:54","guid":{"rendered":"https:\/\/labochem.com.vn\/?post_type=product&#038;p=811"},"modified":"2020-05-20T09:43:55","modified_gmt":"2020-05-20T09:43:55","slug":"pheu-nhua-dung-cu-thi-nghiem","status":"publish","type":"product","link":"https:\/\/labochem.com.vn\/en\/s\u1ea3n ph\u1ea9m\/pheu-nhua-dung-cu-thi-nghiem\/","title":{"rendered":"(Ti\u1ebfng Vi\u1ec7t) Ph\u1ec5u nh\u1ef1a d\u1ee5ng c\u1ee5 th\u00ed nghi\u1ec7m"},"content":{"rendered":"","protected":false},"excerpt":{"rendered":"<p class=\"qtranxs-available-languages-message qtranxs-available-languages-message-en\">Sorry, this entry is only available in <a href=\"https:\/\/labochem.com.vn\/vi\/wp-json\/wp\/v2\/product\/811\" class=\"qtranxs-available-language-link qtranxs-available-language-link-vi\" title=\"Ti\u1ebfng Vi\u1ec7t\">Ti\u1ebfng Vi\u1ec7t<\/a>.<\/p>\n","protected":false},"featured_media":812,"comment_status":"open","ping_status":"closed","template":"","meta":[],"product_cat":[302],"product_tag":[305],"yoast_head":"<!-- This site is optimized with the Yoast SEO plugin v22.6 - https:\/\/yoast.com\/wordpress\/plugins\/seo\/ -->\n<title><\/title>\n<meta name=\"robots\" content=\"index, follow, max-snippet:-1, max-image-preview:large, max-video-preview:-1\" \/>\n<link rel=\"canonical\" href=\"https:\/\/labochem.com.vn\/en\/s\u1ea3n%20ph\u1ea9m\/pheu-nhua-dung-cu-thi-nghiem\/\" \/>\n<meta property=\"og:locale\" content=\"en_US\" \/>\n<meta property=\"og:type\" content=\"article\" \/>\n<meta property=\"og:title\" content=\"[:vi]Ph\u1ec5u nh\u1ef1a d\u1ee5ng c\u1ee5 th\u00ed nghi\u1ec7m[:] - C\u00f4ng ty TNHH LABOCHEM Vi\u1ec7t Nam\" \/>\n<meta property=\"og:description\" content=\"[:vi]Ph\u1ec5u nh\u1ef1a d\u1ee5ng c\u1ee5 th\u00ed nghi\u1ec7m  Ph\u1ec5u nh\u1ef1a c\u00f3 cu\u1ed1ng d\u00e0i, nh\u1ecf ti\u1ec7n d\u1ee5ng cho vi\u1ec7c \u0111ong r\u00f3t ho\u00e1 ch\u1ea5t hay ho\u00e1 ph\u1ea9m v\u00e0o c\u00e1c l\u1ecd chai k\u00edch c\u1ee1 nh\u1ecf. Ph\u1ec5u nh\u1ef1a nh\u1ecf g\u1ecdn v\u00e0 tr\u1ecdng l\u01b0\u1ee3ng si\u00eau nh\u1eb9, d\u1ec5 d\u00e0ng thao t\u00e1c. Th\u00edch h\u1ee3p cho c\u00e1c ph\u00f2ng th\u00ed nghi\u1ec7m ho\u00e1 ph\u1ea9m, ho\u00e1 d\u01b0\u1ee3c...v.v  M\u00e0u S\u1eafc: Tr\u1eafng trong   Ch\u1ea5t li\u1ec7u:\u00a0Nh\u1ef1a PP     Tr\u1ecdng l\u01b0\u1ee3ng: 1.4 gam  Ch\u1ecbu nhi\u1ec7t: 30-140*C  Ch\u1ee9ng nh\u1eadn: ISO 9001   [:]\" \/>\n<meta property=\"og:url\" content=\"https:\/\/labochem.com.vn\/en\/s\u1ea3n ph\u1ea9m\/pheu-nhua-dung-cu-thi-nghiem\/\" \/>\n<meta property=\"og:site_name\" content=\"C\u00f4ng ty TNHH LABOCHEM Vi\u1ec7t Nam\" \/>\n<meta property=\"article:modified_time\" content=\"2020-05-20T09:43:55+00:00\" \/>\n<meta property=\"og:image\" content=\"https:\/\/labochem.com.vn\/wp-content\/uploads\/2020\/05\/images-1-1.jpg\" \/>\n\t<meta property=\"og:image:width\" content=\"225\" \/>\n\t<meta property=\"og:image:height\" content=\"225\" \/>\n\t<meta property=\"og:image:type\" content=\"image\/jpeg\" \/>\n<meta name=\"twitter:card\" content=\"summary_large_image\" \/>\n<script type=\"application\/ld+json\" class=\"yoast-schema-graph\">{\"@context\":\"https:\/\/schema.org\",\"@graph\":[{\"@type\":\"WebPage\",\"@id\":\"https:\/\/labochem.com.vn\/en\/s\u1ea3n ph\u1ea9m\/pheu-nhua-dung-cu-thi-nghiem\/\",\"url\":\"https:\/\/labochem.com.vn\/en\/s\u1ea3n ph\u1ea9m\/pheu-nhua-dung-cu-thi-nghiem\/\",\"name\":\"[:vi]Ph\u1ec5u nh\u1ef1a d\u1ee5ng c\u1ee5 th\u00ed nghi\u1ec7m[:] - C\u00f4ng ty TNHH LABOCHEM Vi\u1ec7t Nam\",\"isPartOf\":{\"@id\":\"https:\/\/labochem.com.vn\/#website\"},\"primaryImageOfPage\":{\"@id\":\"https:\/\/labochem.com.vn\/en\/s\u1ea3n ph\u1ea9m\/pheu-nhua-dung-cu-thi-nghiem\/#primaryimage\"},\"image\":{\"@id\":\"https:\/\/labochem.com.vn\/en\/s\u1ea3n ph\u1ea9m\/pheu-nhua-dung-cu-thi-nghiem\/#primaryimage\"},\"thumbnailUrl\":\"https:\/\/labochem.com.vn\/wp-content\/uploads\/2020\/05\/images-1-1.jpg\",\"datePublished\":\"2020-05-20T09:43:54+00:00\",\"dateModified\":\"2020-05-20T09:43:55+00:00\",\"breadcrumb\":{\"@id\":\"https:\/\/labochem.com.vn\/en\/s\u1ea3n ph\u1ea9m\/pheu-nhua-dung-cu-thi-nghiem\/#breadcrumb\"},\"inLanguage\":\"en-US\",\"potentialAction\":[{\"@type\":\"ReadAction\",\"target\":[\"https:\/\/labochem.com.vn\/en\/s\u1ea3n ph\u1ea9m\/pheu-nhua-dung-cu-thi-nghiem\/\"]}]},{\"@type\":\"ImageObject\",\"inLanguage\":\"en-US\",\"@id\":\"https:\/\/labochem.com.vn\/en\/s\u1ea3n ph\u1ea9m\/pheu-nhua-dung-cu-thi-nghiem\/#primaryimage\",\"url\":\"https:\/\/labochem.com.vn\/wp-content\/uploads\/2020\/05\/images-1-1.jpg\",\"contentUrl\":\"https:\/\/labochem.com.vn\/wp-content\/uploads\/2020\/05\/images-1-1.jpg\",\"width\":225,\"height\":225},{\"@type\":\"BreadcrumbList\",\"@id\":\"https:\/\/labochem.com.vn\/en\/s\u1ea3n ph\u1ea9m\/pheu-nhua-dung-cu-thi-nghiem\/#breadcrumb\",\"itemListElement\":[{\"@type\":\"ListItem\",\"position\":1,\"name\":\"Home\",\"item\":\"https:\/\/labochem.com.vn\/\"},{\"@type\":\"ListItem\",\"position\":2,\"name\":\"C\u1eeda h\u00e0ng\",\"item\":\"https:\/\/labochem.com.vn\/mua\/\"},{\"@type\":\"ListItem\",\"position\":3,\"name\":\"(Ti\u1ebfng Vi\u1ec7t) Ph\u1ec5u nh\u1ef1a d\u1ee5ng c\u1ee5 th\u00ed nghi\u1ec7m\"}]},{\"@type\":\"WebSite\",\"@id\":\"https:\/\/labochem.com.vn\/#website\",\"url\":\"https:\/\/labochem.com.vn\/\",\"name\":\"C\u00f4ng ty TNHH LABOCHEM Vi\u1ec7t Nam\",\"description\":\"M\u1ed9t trang web m\u1edbi s\u1eed d\u1ee5ng WordPress\",\"potentialAction\":[{\"@type\":\"SearchAction\",\"target\":{\"@type\":\"EntryPoint\",\"urlTemplate\":\"https:\/\/labochem.com.vn\/?s={search_term_string}\"},\"query-input\":\"required name=search_term_string\"}],\"inLanguage\":\"en-US\"}]}<\/script>\n<!-- \/ Yoast SEO plugin. -->","yoast_head_json":{"title":"[:vi]Ph\u1ec5u nh\u1ef1a d\u1ee5ng c\u1ee5 th\u00ed nghi\u1ec7m[:] - C\u00f4ng ty TNHH LABOCHEM Vi\u1ec7t Nam","robots":{"index":"index","follow":"follow","max-snippet":"max-snippet:-1","max-image-preview":"max-image-preview:large","max-video-preview":"max-video-preview:-1"},"canonical":"https:\/\/labochem.com.vn\/en\/s\u1ea3n ph\u1ea9m\/pheu-nhua-dung-cu-thi-nghiem\/","og_locale":"en_US","og_type":"article","og_title":"[:vi]Ph\u1ec5u nh\u1ef1a d\u1ee5ng c\u1ee5 th\u00ed nghi\u1ec7m[:] - C\u00f4ng ty TNHH LABOCHEM Vi\u1ec7t Nam","og_description":"[:vi]Ph\u1ec5u nh\u1ef1a d\u1ee5ng c\u1ee5 th\u00ed nghi\u1ec7m  Ph\u1ec5u nh\u1ef1a c\u00f3 cu\u1ed1ng d\u00e0i, nh\u1ecf ti\u1ec7n d\u1ee5ng cho vi\u1ec7c \u0111ong r\u00f3t ho\u00e1 ch\u1ea5t hay ho\u00e1 ph\u1ea9m v\u00e0o c\u00e1c l\u1ecd chai k\u00edch c\u1ee1 nh\u1ecf. Ph\u1ec5u nh\u1ef1a nh\u1ecf g\u1ecdn v\u00e0 tr\u1ecdng l\u01b0\u1ee3ng si\u00eau nh\u1eb9, d\u1ec5 d\u00e0ng thao t\u00e1c. Th\u00edch h\u1ee3p cho c\u00e1c ph\u00f2ng th\u00ed nghi\u1ec7m ho\u00e1 ph\u1ea9m, ho\u00e1 d\u01b0\u1ee3c...v.v  M\u00e0u S\u1eafc: Tr\u1eafng trong   Ch\u1ea5t li\u1ec7u:\u00a0Nh\u1ef1a PP     Tr\u1ecdng l\u01b0\u1ee3ng: 1.4 gam  Ch\u1ecbu nhi\u1ec7t: 30-140*C  Ch\u1ee9ng nh\u1eadn: ISO 9001   [:]","og_url":"https:\/\/labochem.com.vn\/en\/s\u1ea3n ph\u1ea9m\/pheu-nhua-dung-cu-thi-nghiem\/","og_site_name":"C\u00f4ng ty TNHH LABOCHEM Vi\u1ec7t Nam","article_modified_time":"2020-05-20T09:43:55+00:00","og_image":[{"width":225,"height":225,"url":"https:\/\/labochem.com.vn\/wp-content\/uploads\/2020\/05\/images-1-1.jpg","type":"image\/jpeg"}],"twitter_card":"summary_large_image","schema":{"@context":"https:\/\/schema.org","@graph":[{"@type":"WebPage","@id":"https:\/\/labochem.com.vn\/en\/s\u1ea3n ph\u1ea9m\/pheu-nhua-dung-cu-thi-nghiem\/","url":"https:\/\/labochem.com.vn\/en\/s\u1ea3n ph\u1ea9m\/pheu-nhua-dung-cu-thi-nghiem\/","name":"[:vi]Ph\u1ec5u nh\u1ef1a d\u1ee5ng c\u1ee5 th\u00ed nghi\u1ec7m[:] - C\u00f4ng ty TNHH LABOCHEM Vi\u1ec7t Nam","isPartOf":{"@id":"https:\/\/labochem.com.vn\/#website"},"primaryImageOfPage":{"@id":"https:\/\/labochem.com.vn\/en\/s\u1ea3n ph\u1ea9m\/pheu-nhua-dung-cu-thi-nghiem\/#primaryimage"},"image":{"@id":"https:\/\/labochem.com.vn\/en\/s\u1ea3n ph\u1ea9m\/pheu-nhua-dung-cu-thi-nghiem\/#primaryimage"},"thumbnailUrl":"https:\/\/labochem.com.vn\/wp-content\/uploads\/2020\/05\/images-1-1.jpg","datePublished":"2020-05-20T09:43:54+00:00","dateModified":"2020-05-20T09:43:55+00:00","breadcrumb":{"@id":"https:\/\/labochem.com.vn\/en\/s\u1ea3n ph\u1ea9m\/pheu-nhua-dung-cu-thi-nghiem\/#breadcrumb"},"inLanguage":"en-US","potentialAction":[{"@type":"ReadAction","target":["https:\/\/labochem.com.vn\/en\/s\u1ea3n ph\u1ea9m\/pheu-nhua-dung-cu-thi-nghiem\/"]}]},{"@type":"ImageObject","inLanguage":"en-US","@id":"https:\/\/labochem.com.vn\/en\/s\u1ea3n ph\u1ea9m\/pheu-nhua-dung-cu-thi-nghiem\/#primaryimage","url":"https:\/\/labochem.com.vn\/wp-content\/uploads\/2020\/05\/images-1-1.jpg","contentUrl":"https:\/\/labochem.com.vn\/wp-content\/uploads\/2020\/05\/images-1-1.jpg","width":225,"height":225},{"@type":"BreadcrumbList","@id":"https:\/\/labochem.com.vn\/en\/s\u1ea3n ph\u1ea9m\/pheu-nhua-dung-cu-thi-nghiem\/#breadcrumb","itemListElement":[{"@type":"ListItem","position":1,"name":"Home","item":"https:\/\/labochem.com.vn\/"},{"@type":"ListItem","position":2,"name":"C\u1eeda h\u00e0ng","item":"https:\/\/labochem.com.vn\/mua\/"},{"@type":"ListItem","position":3,"name":"(Ti\u1ebfng Vi\u1ec7t) Ph\u1ec5u nh\u1ef1a d\u1ee5ng c\u1ee5 th\u00ed nghi\u1ec7m"}]},{"@type":"WebSite","@id":"https:\/\/labochem.com.vn\/#website","url":"https:\/\/labochem.com.vn\/","name":"C\u00f4ng ty TNHH LABOCHEM Vi\u1ec7t Nam","description":"M\u1ed9t trang web m\u1edbi s\u1eed d\u1ee5ng WordPress","potentialAction":[{"@type":"SearchAction","target":{"@type":"EntryPoint","urlTemplate":"https:\/\/labochem.com.vn\/?s={search_term_string}"},"query-input":"required name=search_term_string"}],"inLanguage":"en-US"}]}},"_links":{"self":[{"href":"https:\/\/labochem.com.vn\/en\/wp-json\/wp\/v2\/product\/811"}],"collection":[{"href":"https:\/\/labochem.com.vn\/en\/wp-json\/wp\/v2\/product"}],"about":[{"href":"https:\/\/labochem.com.vn\/en\/wp-json\/wp\/v2\/types\/product"}],"replies":[{"embeddable":true,"href":"https:\/\/labochem.com.vn\/en\/wp-json\/wp\/v2\/comments?post=811"}],"wp:featuredmedia":[{"embeddable":true,"href":"https:\/\/labochem.com.vn\/en\/wp-json\/wp\/v2\/media\/812"}],"wp:attachment":[{"href":"https:\/\/labochem.com.vn\/en\/wp-json\/wp\/v2\/media?parent=811"}],"wp:term":[{"taxonomy":"product_cat","embeddable":true,"href":"https:\/\/labochem.com.vn\/en\/wp-json\/wp\/v2\/product_cat?post=811"},{"taxonomy":"product_tag","embeddable":true,"href":"https:\/\/labochem.com.vn\/en\/wp-json\/wp\/v2\/product_tag?post=811"}],"curies":[{"name":"wp","href":"https:\/\/api.w.org\/{rel}","templated":true}]}}