{"id":809,"date":"2020-05-20T09:39:25","date_gmt":"2020-05-20T09:39:25","guid":{"rendered":"https:\/\/labochem.com.vn\/?post_type=product&#038;p=809"},"modified":"2020-05-20T09:39:26","modified_gmt":"2020-05-20T09:39:26","slug":"ca-dong-coc-ly-dong-do-250ml-500ml-1000ml","status":"publish","type":"product","link":"https:\/\/labochem.com.vn\/en\/s\u1ea3n ph\u1ea9m\/ca-dong-coc-ly-dong-do-250ml-500ml-1000ml\/","title":{"rendered":"(Ti\u1ebfng Vi\u1ec7t) Ca \u0111ong \/ c\u1ed1c ly \u0111ong \u0111o 250ml-500ml-1000ml"},"content":{"rendered":"","protected":false},"excerpt":{"rendered":"<p class=\"qtranxs-available-languages-message qtranxs-available-languages-message-en\">Sorry, this entry is only available in <a href=\"https:\/\/labochem.com.vn\/vi\/wp-json\/wp\/v2\/product\/809\" class=\"qtranxs-available-language-link qtranxs-available-language-link-vi\" title=\"Ti\u1ebfng Vi\u1ec7t\">Ti\u1ebfng Vi\u1ec7t<\/a>.<\/p>\n","protected":false},"featured_media":810,"comment_status":"open","ping_status":"closed","template":"","meta":[],"product_cat":[302],"product_tag":[304],"yoast_head":"<!-- This site is optimized with the Yoast SEO plugin v22.6 - https:\/\/yoast.com\/wordpress\/plugins\/seo\/ -->\n<title><\/title>\n<meta name=\"robots\" content=\"index, follow, max-snippet:-1, max-image-preview:large, max-video-preview:-1\" \/>\n<link rel=\"canonical\" href=\"https:\/\/labochem.com.vn\/en\/s\u1ea3n%20ph\u1ea9m\/ca-dong-coc-ly-dong-do-250ml-500ml-1000ml\/\" \/>\n<meta property=\"og:locale\" content=\"en_US\" \/>\n<meta property=\"og:type\" content=\"article\" \/>\n<meta property=\"og:title\" content=\"[:vi]Ca \u0111ong \/ c\u1ed1c ly \u0111ong \u0111o 250ml-500ml-1000ml[:] - C\u00f4ng ty TNHH LABOCHEM Vi\u1ec7t Nam\" \/>\n<meta property=\"og:description\" content=\"[:vi]Ca \u0111ong \/ c\u1ed1c ly \u0111ong \u0111o 250ml-500ml-1000ml  Ca \u0111ong nh\u1ef1a \u0111\u01b0\u1ee3c l\u00e0m t\u1eeb nh\u1ef1a PP cao c\u1ea5p, c\u1ee9ng c\u00e1p, trong su\u1ed1t v\u1edbi v\u1ea1ch chia th\u1ec3 t\u00edch m\u00e0u \u0111\u1ecf r\u00f5 r\u00e0ng, gi\u00fap ng\u01b0\u1eddi d\u00f9ng quan s\u00e1t d\u1ec5 d\u00e0ng li\u1ec1u l\u01b0\u1ee3ng dung d\u1ecbch \u0111ong.[:]\" \/>\n<meta property=\"og:url\" content=\"https:\/\/labochem.com.vn\/en\/s\u1ea3n ph\u1ea9m\/ca-dong-coc-ly-dong-do-250ml-500ml-1000ml\/\" \/>\n<meta property=\"og:site_name\" content=\"C\u00f4ng ty TNHH LABOCHEM Vi\u1ec7t Nam\" \/>\n<meta property=\"article:modified_time\" content=\"2020-05-20T09:39:26+00:00\" \/>\n<meta property=\"og:image\" content=\"https:\/\/labochem.com.vn\/wp-content\/uploads\/2020\/05\/images-2.jpg\" \/>\n\t<meta property=\"og:image:width\" content=\"225\" \/>\n\t<meta property=\"og:image:height\" content=\"225\" \/>\n\t<meta property=\"og:image:type\" content=\"image\/jpeg\" \/>\n<meta name=\"twitter:card\" content=\"summary_large_image\" \/>\n<script type=\"application\/ld+json\" class=\"yoast-schema-graph\">{\"@context\":\"https:\/\/schema.org\",\"@graph\":[{\"@type\":\"WebPage\",\"@id\":\"https:\/\/labochem.com.vn\/en\/s\u1ea3n ph\u1ea9m\/ca-dong-coc-ly-dong-do-250ml-500ml-1000ml\/\",\"url\":\"https:\/\/labochem.com.vn\/en\/s\u1ea3n ph\u1ea9m\/ca-dong-coc-ly-dong-do-250ml-500ml-1000ml\/\",\"name\":\"[:vi]Ca \u0111ong \/ c\u1ed1c ly \u0111ong \u0111o 250ml-500ml-1000ml[:] - C\u00f4ng ty TNHH LABOCHEM Vi\u1ec7t Nam\",\"isPartOf\":{\"@id\":\"https:\/\/labochem.com.vn\/#website\"},\"primaryImageOfPage\":{\"@id\":\"https:\/\/labochem.com.vn\/en\/s\u1ea3n ph\u1ea9m\/ca-dong-coc-ly-dong-do-250ml-500ml-1000ml\/#primaryimage\"},\"image\":{\"@id\":\"https:\/\/labochem.com.vn\/en\/s\u1ea3n ph\u1ea9m\/ca-dong-coc-ly-dong-do-250ml-500ml-1000ml\/#primaryimage\"},\"thumbnailUrl\":\"https:\/\/labochem.com.vn\/wp-content\/uploads\/2020\/05\/images-2.jpg\",\"datePublished\":\"2020-05-20T09:39:25+00:00\",\"dateModified\":\"2020-05-20T09:39:26+00:00\",\"breadcrumb\":{\"@id\":\"https:\/\/labochem.com.vn\/en\/s\u1ea3n ph\u1ea9m\/ca-dong-coc-ly-dong-do-250ml-500ml-1000ml\/#breadcrumb\"},\"inLanguage\":\"en-US\",\"potentialAction\":[{\"@type\":\"ReadAction\",\"target\":[\"https:\/\/labochem.com.vn\/en\/s\u1ea3n ph\u1ea9m\/ca-dong-coc-ly-dong-do-250ml-500ml-1000ml\/\"]}]},{\"@type\":\"ImageObject\",\"inLanguage\":\"en-US\",\"@id\":\"https:\/\/labochem.com.vn\/en\/s\u1ea3n ph\u1ea9m\/ca-dong-coc-ly-dong-do-250ml-500ml-1000ml\/#primaryimage\",\"url\":\"https:\/\/labochem.com.vn\/wp-content\/uploads\/2020\/05\/images-2.jpg\",\"contentUrl\":\"https:\/\/labochem.com.vn\/wp-content\/uploads\/2020\/05\/images-2.jpg\",\"width\":225,\"height\":225},{\"@type\":\"BreadcrumbList\",\"@id\":\"https:\/\/labochem.com.vn\/en\/s\u1ea3n ph\u1ea9m\/ca-dong-coc-ly-dong-do-250ml-500ml-1000ml\/#breadcrumb\",\"itemListElement\":[{\"@type\":\"ListItem\",\"position\":1,\"name\":\"Home\",\"item\":\"https:\/\/labochem.com.vn\/\"},{\"@type\":\"ListItem\",\"position\":2,\"name\":\"C\u1eeda h\u00e0ng\",\"item\":\"https:\/\/labochem.com.vn\/mua\/\"},{\"@type\":\"ListItem\",\"position\":3,\"name\":\"(Ti\u1ebfng Vi\u1ec7t) Ca \u0111ong \/ c\u1ed1c ly \u0111ong \u0111o 250ml-500ml-1000ml\"}]},{\"@type\":\"WebSite\",\"@id\":\"https:\/\/labochem.com.vn\/#website\",\"url\":\"https:\/\/labochem.com.vn\/\",\"name\":\"C\u00f4ng ty TNHH LABOCHEM Vi\u1ec7t Nam\",\"description\":\"M\u1ed9t trang web m\u1edbi s\u1eed d\u1ee5ng WordPress\",\"potentialAction\":[{\"@type\":\"SearchAction\",\"target\":{\"@type\":\"EntryPoint\",\"urlTemplate\":\"https:\/\/labochem.com.vn\/?s={search_term_string}\"},\"query-input\":\"required name=search_term_string\"}],\"inLanguage\":\"en-US\"}]}<\/script>\n<!-- \/ Yoast SEO plugin. -->","yoast_head_json":{"title":"[:vi]Ca \u0111ong \/ c\u1ed1c ly \u0111ong \u0111o 250ml-500ml-1000ml[:] - C\u00f4ng ty TNHH LABOCHEM Vi\u1ec7t Nam","robots":{"index":"index","follow":"follow","max-snippet":"max-snippet:-1","max-image-preview":"max-image-preview:large","max-video-preview":"max-video-preview:-1"},"canonical":"https:\/\/labochem.com.vn\/en\/s\u1ea3n ph\u1ea9m\/ca-dong-coc-ly-dong-do-250ml-500ml-1000ml\/","og_locale":"en_US","og_type":"article","og_title":"[:vi]Ca \u0111ong \/ c\u1ed1c ly \u0111ong \u0111o 250ml-500ml-1000ml[:] - C\u00f4ng ty TNHH LABOCHEM Vi\u1ec7t Nam","og_description":"[:vi]Ca \u0111ong \/ c\u1ed1c ly \u0111ong \u0111o 250ml-500ml-1000ml  Ca \u0111ong nh\u1ef1a \u0111\u01b0\u1ee3c l\u00e0m t\u1eeb nh\u1ef1a PP cao c\u1ea5p, c\u1ee9ng c\u00e1p, trong su\u1ed1t v\u1edbi v\u1ea1ch chia th\u1ec3 t\u00edch m\u00e0u \u0111\u1ecf r\u00f5 r\u00e0ng, gi\u00fap ng\u01b0\u1eddi d\u00f9ng quan s\u00e1t d\u1ec5 d\u00e0ng li\u1ec1u l\u01b0\u1ee3ng dung d\u1ecbch \u0111ong.[:]","og_url":"https:\/\/labochem.com.vn\/en\/s\u1ea3n ph\u1ea9m\/ca-dong-coc-ly-dong-do-250ml-500ml-1000ml\/","og_site_name":"C\u00f4ng ty TNHH LABOCHEM Vi\u1ec7t Nam","article_modified_time":"2020-05-20T09:39:26+00:00","og_image":[{"width":225,"height":225,"url":"https:\/\/labochem.com.vn\/wp-content\/uploads\/2020\/05\/images-2.jpg","type":"image\/jpeg"}],"twitter_card":"summary_large_image","schema":{"@context":"https:\/\/schema.org","@graph":[{"@type":"WebPage","@id":"https:\/\/labochem.com.vn\/en\/s\u1ea3n ph\u1ea9m\/ca-dong-coc-ly-dong-do-250ml-500ml-1000ml\/","url":"https:\/\/labochem.com.vn\/en\/s\u1ea3n ph\u1ea9m\/ca-dong-coc-ly-dong-do-250ml-500ml-1000ml\/","name":"[:vi]Ca \u0111ong \/ c\u1ed1c ly \u0111ong \u0111o 250ml-500ml-1000ml[:] - C\u00f4ng ty TNHH LABOCHEM Vi\u1ec7t Nam","isPartOf":{"@id":"https:\/\/labochem.com.vn\/#website"},"primaryImageOfPage":{"@id":"https:\/\/labochem.com.vn\/en\/s\u1ea3n ph\u1ea9m\/ca-dong-coc-ly-dong-do-250ml-500ml-1000ml\/#primaryimage"},"image":{"@id":"https:\/\/labochem.com.vn\/en\/s\u1ea3n ph\u1ea9m\/ca-dong-coc-ly-dong-do-250ml-500ml-1000ml\/#primaryimage"},"thumbnailUrl":"https:\/\/labochem.com.vn\/wp-content\/uploads\/2020\/05\/images-2.jpg","datePublished":"2020-05-20T09:39:25+00:00","dateModified":"2020-05-20T09:39:26+00:00","breadcrumb":{"@id":"https:\/\/labochem.com.vn\/en\/s\u1ea3n ph\u1ea9m\/ca-dong-coc-ly-dong-do-250ml-500ml-1000ml\/#breadcrumb"},"inLanguage":"en-US","potentialAction":[{"@type":"ReadAction","target":["https:\/\/labochem.com.vn\/en\/s\u1ea3n ph\u1ea9m\/ca-dong-coc-ly-dong-do-250ml-500ml-1000ml\/"]}]},{"@type":"ImageObject","inLanguage":"en-US","@id":"https:\/\/labochem.com.vn\/en\/s\u1ea3n ph\u1ea9m\/ca-dong-coc-ly-dong-do-250ml-500ml-1000ml\/#primaryimage","url":"https:\/\/labochem.com.vn\/wp-content\/uploads\/2020\/05\/images-2.jpg","contentUrl":"https:\/\/labochem.com.vn\/wp-content\/uploads\/2020\/05\/images-2.jpg","width":225,"height":225},{"@type":"BreadcrumbList","@id":"https:\/\/labochem.com.vn\/en\/s\u1ea3n ph\u1ea9m\/ca-dong-coc-ly-dong-do-250ml-500ml-1000ml\/#breadcrumb","itemListElement":[{"@type":"ListItem","position":1,"name":"Home","item":"https:\/\/labochem.com.vn\/"},{"@type":"ListItem","position":2,"name":"C\u1eeda h\u00e0ng","item":"https:\/\/labochem.com.vn\/mua\/"},{"@type":"ListItem","position":3,"name":"(Ti\u1ebfng Vi\u1ec7t) Ca \u0111ong \/ c\u1ed1c ly \u0111ong \u0111o 250ml-500ml-1000ml"}]},{"@type":"WebSite","@id":"https:\/\/labochem.com.vn\/#website","url":"https:\/\/labochem.com.vn\/","name":"C\u00f4ng ty TNHH LABOCHEM Vi\u1ec7t Nam","description":"M\u1ed9t trang web m\u1edbi s\u1eed d\u1ee5ng WordPress","potentialAction":[{"@type":"SearchAction","target":{"@type":"EntryPoint","urlTemplate":"https:\/\/labochem.com.vn\/?s={search_term_string}"},"query-input":"required name=search_term_string"}],"inLanguage":"en-US"}]}},"_links":{"self":[{"href":"https:\/\/labochem.com.vn\/en\/wp-json\/wp\/v2\/product\/809"}],"collection":[{"href":"https:\/\/labochem.com.vn\/en\/wp-json\/wp\/v2\/product"}],"about":[{"href":"https:\/\/labochem.com.vn\/en\/wp-json\/wp\/v2\/types\/product"}],"replies":[{"embeddable":true,"href":"https:\/\/labochem.com.vn\/en\/wp-json\/wp\/v2\/comments?post=809"}],"wp:featuredmedia":[{"embeddable":true,"href":"https:\/\/labochem.com.vn\/en\/wp-json\/wp\/v2\/media\/810"}],"wp:attachment":[{"href":"https:\/\/labochem.com.vn\/en\/wp-json\/wp\/v2\/media?parent=809"}],"wp:term":[{"taxonomy":"product_cat","embeddable":true,"href":"https:\/\/labochem.com.vn\/en\/wp-json\/wp\/v2\/product_cat?post=809"},{"taxonomy":"product_tag","embeddable":true,"href":"https:\/\/labochem.com.vn\/en\/wp-json\/wp\/v2\/product_tag?post=809"}],"curies":[{"name":"wp","href":"https:\/\/api.w.org\/{rel}","templated":true}]}}