{"id":803,"date":"2020-05-20T04:32:11","date_gmt":"2020-05-20T04:32:11","guid":{"rendered":"https:\/\/labochem.com.vn\/?post_type=product&#038;p=803"},"modified":"2020-05-20T06:43:14","modified_gmt":"2020-05-20T06:43:14","slug":"may-pha-mau-tu-dong-model-flo2","status":"publish","type":"product","link":"https:\/\/labochem.com.vn\/en\/s\u1ea3n ph\u1ea9m\/may-pha-mau-tu-dong-model-flo2\/","title":{"rendered":"(Ti\u1ebfng Vi\u1ec7t) M\u00e1y pha m\u00e0u t\u1ef1 \u0111\u1ed9ng  Model: FLO2"},"content":{"rendered":"","protected":false},"excerpt":{"rendered":"<p class=\"qtranxs-available-languages-message qtranxs-available-languages-message-en\">Sorry, this entry is only available in <a href=\"https:\/\/labochem.com.vn\/vi\/wp-json\/wp\/v2\/product\/803\" class=\"qtranxs-available-language-link qtranxs-available-language-link-vi\" title=\"Ti\u1ebfng Vi\u1ec7t\">Ti\u1ebfng Vi\u1ec7t<\/a>.<\/p>\n","protected":false},"featured_media":804,"comment_status":"open","ping_status":"closed","template":"","meta":[],"product_cat":[86],"product_tag":[300],"yoast_head":"<!-- This site is optimized with the Yoast SEO plugin v22.6 - https:\/\/yoast.com\/wordpress\/plugins\/seo\/ -->\n<title><\/title>\n<meta name=\"robots\" content=\"index, follow, max-snippet:-1, max-image-preview:large, max-video-preview:-1\" \/>\n<link rel=\"canonical\" href=\"https:\/\/labochem.com.vn\/en\/s\u1ea3n%20ph\u1ea9m\/may-pha-mau-tu-dong-model-flo2\/\" \/>\n<meta property=\"og:locale\" content=\"en_US\" \/>\n<meta property=\"og:type\" content=\"article\" \/>\n<meta property=\"og:title\" content=\"[:vi]M\u00e1y pha m\u00e0u t\u1ef1 \u0111\u1ed9ng Model: FLO2[:] - C\u00f4ng ty TNHH LABOCHEM Vi\u1ec7t Nam\" \/>\n<meta property=\"og:description\" content=\"[:vi]M\u00e1y pha m\u00e0u t\u1ef1 \u0111\u1ed9ng  Model: FLO2  B\u1ea3o h\u00e0nh: 12 th\u00e1ng  - C\u00f4ng ngh\u1ec7 b\u01a1m Piston v\u1edbi 16 \u1ed1ng m\u00e0u.  - Th\u1ec3 t\u00edch \u1ed1ng m\u00e0u 2,2 L\u00edt  - Th\u1ec3 t\u00edch b\u01a1m nh\u1ecf nh\u1ea5t 1\/384 fl oz ( 0.078ml)  - T\u1ed1c \u0111\u1ed9 b\u01a1m 230ml\/ph\u00fat  - Ch\u1ebf \u0111\u1ed9 b\u01a1m tu\u1ea7n ho\u00e0n m\u00e0u, ch\u1ed1ng\u00a0\u00a0 \u00a0\u00a0\u00a0l\u1eafng, \u00a0ch\u1ed1ng \u00a0ngh\u1eb9t \u00a0\u00a0\u00a0\u00a0m\u00e0u.  * C\u00e1c thi\u1ebft b\u1ecb \u0111i k\u00e8m bao g\u1ed3m:  + \u1ed4n \u00e1p 3 KVA:  B\u1ea3o h\u00e0nh: 36 th\u00e1ng  + B\u1ed9 m\u00e1y vi t\u00ednh Dell:  B\u1ea3o h\u00e0nh: 12 th\u00e1ng (Kh\u00f4ng b\u1ea3o h\u00e0nh chu\u1ed9t v\u00e0 b\u00e0n ph\u00edm)[:]\" \/>\n<meta property=\"og:url\" content=\"https:\/\/labochem.com.vn\/en\/s\u1ea3n ph\u1ea9m\/may-pha-mau-tu-dong-model-flo2\/\" \/>\n<meta property=\"og:site_name\" content=\"C\u00f4ng ty TNHH LABOCHEM Vi\u1ec7t Nam\" \/>\n<meta property=\"article:modified_time\" content=\"2020-05-20T06:43:14+00:00\" \/>\n<meta property=\"og:image\" content=\"https:\/\/labochem.com.vn\/wp-content\/uploads\/2020\/05\/images-1.jpg\" \/>\n\t<meta property=\"og:image:width\" content=\"204\" \/>\n\t<meta property=\"og:image:height\" content=\"247\" \/>\n\t<meta property=\"og:image:type\" content=\"image\/jpeg\" \/>\n<meta name=\"twitter:card\" content=\"summary_large_image\" \/>\n<script type=\"application\/ld+json\" class=\"yoast-schema-graph\">{\"@context\":\"https:\/\/schema.org\",\"@graph\":[{\"@type\":\"WebPage\",\"@id\":\"https:\/\/labochem.com.vn\/en\/s\u1ea3n ph\u1ea9m\/may-pha-mau-tu-dong-model-flo2\/\",\"url\":\"https:\/\/labochem.com.vn\/en\/s\u1ea3n ph\u1ea9m\/may-pha-mau-tu-dong-model-flo2\/\",\"name\":\"[:vi]M\u00e1y pha m\u00e0u t\u1ef1 \u0111\u1ed9ng Model: FLO2[:] - C\u00f4ng ty TNHH LABOCHEM Vi\u1ec7t Nam\",\"isPartOf\":{\"@id\":\"https:\/\/labochem.com.vn\/#website\"},\"primaryImageOfPage\":{\"@id\":\"https:\/\/labochem.com.vn\/en\/s\u1ea3n ph\u1ea9m\/may-pha-mau-tu-dong-model-flo2\/#primaryimage\"},\"image\":{\"@id\":\"https:\/\/labochem.com.vn\/en\/s\u1ea3n ph\u1ea9m\/may-pha-mau-tu-dong-model-flo2\/#primaryimage\"},\"thumbnailUrl\":\"https:\/\/labochem.com.vn\/wp-content\/uploads\/2020\/05\/images-1.jpg\",\"datePublished\":\"2020-05-20T04:32:11+00:00\",\"dateModified\":\"2020-05-20T06:43:14+00:00\",\"breadcrumb\":{\"@id\":\"https:\/\/labochem.com.vn\/en\/s\u1ea3n ph\u1ea9m\/may-pha-mau-tu-dong-model-flo2\/#breadcrumb\"},\"inLanguage\":\"en-US\",\"potentialAction\":[{\"@type\":\"ReadAction\",\"target\":[\"https:\/\/labochem.com.vn\/en\/s\u1ea3n ph\u1ea9m\/may-pha-mau-tu-dong-model-flo2\/\"]}]},{\"@type\":\"ImageObject\",\"inLanguage\":\"en-US\",\"@id\":\"https:\/\/labochem.com.vn\/en\/s\u1ea3n ph\u1ea9m\/may-pha-mau-tu-dong-model-flo2\/#primaryimage\",\"url\":\"https:\/\/labochem.com.vn\/wp-content\/uploads\/2020\/05\/images-1.jpg\",\"contentUrl\":\"https:\/\/labochem.com.vn\/wp-content\/uploads\/2020\/05\/images-1.jpg\",\"width\":204,\"height\":247},{\"@type\":\"BreadcrumbList\",\"@id\":\"https:\/\/labochem.com.vn\/en\/s\u1ea3n ph\u1ea9m\/may-pha-mau-tu-dong-model-flo2\/#breadcrumb\",\"itemListElement\":[{\"@type\":\"ListItem\",\"position\":1,\"name\":\"Home\",\"item\":\"https:\/\/labochem.com.vn\/\"},{\"@type\":\"ListItem\",\"position\":2,\"name\":\"C\u1eeda h\u00e0ng\",\"item\":\"https:\/\/labochem.com.vn\/mua\/\"},{\"@type\":\"ListItem\",\"position\":3,\"name\":\"(Ti\u1ebfng Vi\u1ec7t) M\u00e1y pha m\u00e0u t\u1ef1 \u0111\u1ed9ng Model: FLO2\"}]},{\"@type\":\"WebSite\",\"@id\":\"https:\/\/labochem.com.vn\/#website\",\"url\":\"https:\/\/labochem.com.vn\/\",\"name\":\"C\u00f4ng ty TNHH LABOCHEM Vi\u1ec7t Nam\",\"description\":\"M\u1ed9t trang web m\u1edbi s\u1eed d\u1ee5ng WordPress\",\"potentialAction\":[{\"@type\":\"SearchAction\",\"target\":{\"@type\":\"EntryPoint\",\"urlTemplate\":\"https:\/\/labochem.com.vn\/?s={search_term_string}\"},\"query-input\":\"required name=search_term_string\"}],\"inLanguage\":\"en-US\"}]}<\/script>\n<!-- \/ Yoast SEO plugin. -->","yoast_head_json":{"title":"[:vi]M\u00e1y pha m\u00e0u t\u1ef1 \u0111\u1ed9ng Model: FLO2[:] - C\u00f4ng ty TNHH LABOCHEM Vi\u1ec7t Nam","robots":{"index":"index","follow":"follow","max-snippet":"max-snippet:-1","max-image-preview":"max-image-preview:large","max-video-preview":"max-video-preview:-1"},"canonical":"https:\/\/labochem.com.vn\/en\/s\u1ea3n ph\u1ea9m\/may-pha-mau-tu-dong-model-flo2\/","og_locale":"en_US","og_type":"article","og_title":"[:vi]M\u00e1y pha m\u00e0u t\u1ef1 \u0111\u1ed9ng Model: FLO2[:] - C\u00f4ng ty TNHH LABOCHEM Vi\u1ec7t Nam","og_description":"[:vi]M\u00e1y pha m\u00e0u t\u1ef1 \u0111\u1ed9ng  Model: FLO2  B\u1ea3o h\u00e0nh: 12 th\u00e1ng  - C\u00f4ng ngh\u1ec7 b\u01a1m Piston v\u1edbi 16 \u1ed1ng m\u00e0u.  - Th\u1ec3 t\u00edch \u1ed1ng m\u00e0u 2,2 L\u00edt  - Th\u1ec3 t\u00edch b\u01a1m nh\u1ecf nh\u1ea5t 1\/384 fl oz ( 0.078ml)  - T\u1ed1c \u0111\u1ed9 b\u01a1m 230ml\/ph\u00fat  - Ch\u1ebf \u0111\u1ed9 b\u01a1m tu\u1ea7n ho\u00e0n m\u00e0u, ch\u1ed1ng\u00a0\u00a0 \u00a0\u00a0\u00a0l\u1eafng, \u00a0ch\u1ed1ng \u00a0ngh\u1eb9t \u00a0\u00a0\u00a0\u00a0m\u00e0u.  * C\u00e1c thi\u1ebft b\u1ecb \u0111i k\u00e8m bao g\u1ed3m:  + \u1ed4n \u00e1p 3 KVA:  B\u1ea3o h\u00e0nh: 36 th\u00e1ng  + B\u1ed9 m\u00e1y vi t\u00ednh Dell:  B\u1ea3o h\u00e0nh: 12 th\u00e1ng (Kh\u00f4ng b\u1ea3o h\u00e0nh chu\u1ed9t v\u00e0 b\u00e0n ph\u00edm)[:]","og_url":"https:\/\/labochem.com.vn\/en\/s\u1ea3n ph\u1ea9m\/may-pha-mau-tu-dong-model-flo2\/","og_site_name":"C\u00f4ng ty TNHH LABOCHEM Vi\u1ec7t Nam","article_modified_time":"2020-05-20T06:43:14+00:00","og_image":[{"width":204,"height":247,"url":"https:\/\/labochem.com.vn\/wp-content\/uploads\/2020\/05\/images-1.jpg","type":"image\/jpeg"}],"twitter_card":"summary_large_image","schema":{"@context":"https:\/\/schema.org","@graph":[{"@type":"WebPage","@id":"https:\/\/labochem.com.vn\/en\/s\u1ea3n ph\u1ea9m\/may-pha-mau-tu-dong-model-flo2\/","url":"https:\/\/labochem.com.vn\/en\/s\u1ea3n ph\u1ea9m\/may-pha-mau-tu-dong-model-flo2\/","name":"[:vi]M\u00e1y pha m\u00e0u t\u1ef1 \u0111\u1ed9ng Model: FLO2[:] - C\u00f4ng ty TNHH LABOCHEM Vi\u1ec7t Nam","isPartOf":{"@id":"https:\/\/labochem.com.vn\/#website"},"primaryImageOfPage":{"@id":"https:\/\/labochem.com.vn\/en\/s\u1ea3n ph\u1ea9m\/may-pha-mau-tu-dong-model-flo2\/#primaryimage"},"image":{"@id":"https:\/\/labochem.com.vn\/en\/s\u1ea3n ph\u1ea9m\/may-pha-mau-tu-dong-model-flo2\/#primaryimage"},"thumbnailUrl":"https:\/\/labochem.com.vn\/wp-content\/uploads\/2020\/05\/images-1.jpg","datePublished":"2020-05-20T04:32:11+00:00","dateModified":"2020-05-20T06:43:14+00:00","breadcrumb":{"@id":"https:\/\/labochem.com.vn\/en\/s\u1ea3n ph\u1ea9m\/may-pha-mau-tu-dong-model-flo2\/#breadcrumb"},"inLanguage":"en-US","potentialAction":[{"@type":"ReadAction","target":["https:\/\/labochem.com.vn\/en\/s\u1ea3n ph\u1ea9m\/may-pha-mau-tu-dong-model-flo2\/"]}]},{"@type":"ImageObject","inLanguage":"en-US","@id":"https:\/\/labochem.com.vn\/en\/s\u1ea3n ph\u1ea9m\/may-pha-mau-tu-dong-model-flo2\/#primaryimage","url":"https:\/\/labochem.com.vn\/wp-content\/uploads\/2020\/05\/images-1.jpg","contentUrl":"https:\/\/labochem.com.vn\/wp-content\/uploads\/2020\/05\/images-1.jpg","width":204,"height":247},{"@type":"BreadcrumbList","@id":"https:\/\/labochem.com.vn\/en\/s\u1ea3n ph\u1ea9m\/may-pha-mau-tu-dong-model-flo2\/#breadcrumb","itemListElement":[{"@type":"ListItem","position":1,"name":"Home","item":"https:\/\/labochem.com.vn\/"},{"@type":"ListItem","position":2,"name":"C\u1eeda h\u00e0ng","item":"https:\/\/labochem.com.vn\/mua\/"},{"@type":"ListItem","position":3,"name":"(Ti\u1ebfng Vi\u1ec7t) M\u00e1y pha m\u00e0u t\u1ef1 \u0111\u1ed9ng Model: FLO2"}]},{"@type":"WebSite","@id":"https:\/\/labochem.com.vn\/#website","url":"https:\/\/labochem.com.vn\/","name":"C\u00f4ng ty TNHH LABOCHEM Vi\u1ec7t Nam","description":"M\u1ed9t trang web m\u1edbi s\u1eed d\u1ee5ng WordPress","potentialAction":[{"@type":"SearchAction","target":{"@type":"EntryPoint","urlTemplate":"https:\/\/labochem.com.vn\/?s={search_term_string}"},"query-input":"required name=search_term_string"}],"inLanguage":"en-US"}]}},"_links":{"self":[{"href":"https:\/\/labochem.com.vn\/en\/wp-json\/wp\/v2\/product\/803"}],"collection":[{"href":"https:\/\/labochem.com.vn\/en\/wp-json\/wp\/v2\/product"}],"about":[{"href":"https:\/\/labochem.com.vn\/en\/wp-json\/wp\/v2\/types\/product"}],"replies":[{"embeddable":true,"href":"https:\/\/labochem.com.vn\/en\/wp-json\/wp\/v2\/comments?post=803"}],"wp:featuredmedia":[{"embeddable":true,"href":"https:\/\/labochem.com.vn\/en\/wp-json\/wp\/v2\/media\/804"}],"wp:attachment":[{"href":"https:\/\/labochem.com.vn\/en\/wp-json\/wp\/v2\/media?parent=803"}],"wp:term":[{"taxonomy":"product_cat","embeddable":true,"href":"https:\/\/labochem.com.vn\/en\/wp-json\/wp\/v2\/product_cat?post=803"},{"taxonomy":"product_tag","embeddable":true,"href":"https:\/\/labochem.com.vn\/en\/wp-json\/wp\/v2\/product_tag?post=803"}],"curies":[{"name":"wp","href":"https:\/\/api.w.org\/{rel}","templated":true}]}}