{"id":797,"date":"2020-05-16T03:12:52","date_gmt":"2020-05-16T03:12:52","guid":{"rendered":"https:\/\/labochem.com.vn\/?post_type=product&#038;p=797"},"modified":"2024-11-17T07:27:49","modified_gmt":"2024-11-17T07:27:49","slug":"can-ky-thuat-400g-x-0-01g-sps402f","status":"publish","type":"product","link":"https:\/\/labochem.com.vn\/en\/s\u1ea3n ph\u1ea9m\/can-ky-thuat-400g-x-0-01g-sps402f\/","title":{"rendered":"(Ti\u1ebfng Vi\u1ec7t) C\u00e2n K\u1ef9 Thu\u1eadt, 400g X 0.01g SPS402F"},"content":{"rendered":"","protected":false},"excerpt":{"rendered":"<p class=\"qtranxs-available-languages-message qtranxs-available-languages-message-en\">Sorry, this entry is only available in <a href=\"https:\/\/labochem.com.vn\/vi\/wp-json\/wp\/v2\/product\/797\" class=\"qtranxs-available-language-link qtranxs-available-language-link-vi\" title=\"Ti\u1ebfng Vi\u1ec7t\">Ti\u1ebfng Vi\u1ec7t<\/a>.<\/p>\n","protected":false},"featured_media":798,"comment_status":"open","ping_status":"closed","template":"","meta":[],"product_cat":[454],"product_tag":[297,296],"yoast_head":"<!-- This site is optimized with the Yoast SEO plugin v22.6 - https:\/\/yoast.com\/wordpress\/plugins\/seo\/ -->\n<title><\/title>\n<meta name=\"robots\" content=\"index, follow, max-snippet:-1, max-image-preview:large, max-video-preview:-1\" \/>\n<link rel=\"canonical\" href=\"https:\/\/labochem.com.vn\/en\/s\u1ea3n%20ph\u1ea9m\/can-ky-thuat-400g-x-0-01g-sps402f\/\" \/>\n<meta property=\"og:locale\" content=\"en_US\" \/>\n<meta property=\"og:type\" content=\"article\" \/>\n<meta property=\"og:title\" content=\"[:vi]C\u00e2n K\u1ef9 Thu\u1eadt, 400g X 0.01g SPS402F[:] - C\u00f4ng ty TNHH LABOCHEM Vi\u1ec7t Nam\" \/>\n<meta property=\"og:description\" content=\"[:vi]- Hi\u1ec7u qu\u1ea3 s\u1eed d\u1ee5ng cao, c\u00f3 th\u1ec3 mang mang \u0111i \u0111\u01b0\u1ee3c - C\u00f3 nhi\u1ec1u \u0111\u01a1n v\u1ecb c\u00e2n bao g\u1ed3m:gam, kg, pound, ounces, l\u1ea1ng, hi\u1ec3n th\u1ecb ounce, T ounce, v\u00e0 penni - Nhi\u1ec1u ch\u1ee9c n\u0103ng \u1ee9ng d\u1ee5ng nh\u01b0: c\u00e2n \u0111\u1ebfm, c\u00e2n %, c\u00e2n t\u1ed5ng, v\u00e0 gi\u1eef hi\u1ec3n th\u1ecb - D\u1ec5 d\u00e0ng s\u1eed d\u1ee5ng, m\u00e0n h\u00ecnh LCD, c\u00f3 hai ph\u00edm ch\u1ee9c n\u0103ng thu\u1eadn ti\u1ec7n thao t\u00e1c. - V\u1ec7 sinh \u0111\u01a1n gi\u1ea3n, b\u00e0n c\u00e2n b\u1eb1ng th\u00e9p kh\u00f4ng g\u1ec9, \u0111\u0129a c\u00e2n c\u00f3 v\u00f2ng tr\u00e1nh tr\u01b0\u1ee3t v\u1eadt c\u00e2n  M\u00f4 t\u1ea3 s\u1ea3n ph\u1ea9m    H\u00e3ng s\u1ea3n xu\u1ea5t:\u00a0Ohaus \u2013 M\u1ef9  Model:\u00a0SPS402F  Xu\u1ea5t x\u1ee9:\u00a0Trung Qu\u1ed1c  C\u00e2n chu\u1ea9n ngo\u1ea1i  - Kh\u1ea3 n\u0103ng c\u00e2n: 400g  - \u0110\u1ed9 \u0111\u1ecdc: 0.01g  - \u0110\u1ed9 l\u1eb7p l\u1ea1i: 0.01g  - \u0110\u1ed9 tuy\u1ebfn t\u00ednh: \u00b1 0.01g  - \u0110\u01a1n v\u1ecb c\u00e2n: g, oz , ozt , dwt  - Th\u1eddi gian \u1ed5n \u0111\u1ecbnh: 3 gi\u00e2y  - Nhi\u1ec7t \u0111\u1ed9 h\u1ecdat \u0111\u1ed9ng: -10 \u0111\u1ebfn\u00a040oC  - Ngu\u1ed3n \u0111i\u1ec7n s\u1eed d\u1ee5ng: AC adaptor 220 V  - K\u1ebft qu\u1ea3 hi\u1ec3n th\u1ecb tr\u00ean m\u00e0n h\u00ecnh tinh th\u1ec3 l\u1ecfng  - K\u00edch th\u01b0\u1edbc \u0111\u0129a c\u00e2n: \u00a0f120mm  - K\u00edch th\u01b0\u1edbc c\u00e2n (r\u1ed9ng x cao x\u00a0s\u00e2u): 192 x 54 x 210 mm  - Tr\u1ecdng l\u01b0\u1ee3ng c\u1ee7a c\u00e2n: 0.8 kg  Cung c\u1ea5p bao g\u1ed3m:  - C\u00e2n k\u1ef9 thu\u1eadt, model SPS402F  - AC adapter  [:]\" \/>\n<meta property=\"og:url\" content=\"https:\/\/labochem.com.vn\/en\/s\u1ea3n ph\u1ea9m\/can-ky-thuat-400g-x-0-01g-sps402f\/\" \/>\n<meta property=\"og:site_name\" content=\"C\u00f4ng ty TNHH LABOCHEM Vi\u1ec7t Nam\" \/>\n<meta property=\"article:modified_time\" content=\"2024-11-17T07:27:49+00:00\" \/>\n<meta property=\"og:image\" content=\"https:\/\/labochem.com.vn\/wp-content\/uploads\/2020\/05\/can-phan-tich-hai-so-le-ohaus-sps402f-image1.jpg\" \/>\n\t<meta property=\"og:image:width\" content=\"1200\" \/>\n\t<meta property=\"og:image:height\" content=\"803\" \/>\n\t<meta property=\"og:image:type\" content=\"image\/jpeg\" \/>\n<meta name=\"twitter:card\" content=\"summary_large_image\" \/>\n<script type=\"application\/ld+json\" class=\"yoast-schema-graph\">{\"@context\":\"https:\/\/schema.org\",\"@graph\":[{\"@type\":\"WebPage\",\"@id\":\"https:\/\/labochem.com.vn\/en\/s\u1ea3n ph\u1ea9m\/can-ky-thuat-400g-x-0-01g-sps402f\/\",\"url\":\"https:\/\/labochem.com.vn\/en\/s\u1ea3n ph\u1ea9m\/can-ky-thuat-400g-x-0-01g-sps402f\/\",\"name\":\"[:vi]C\u00e2n K\u1ef9 Thu\u1eadt, 400g X 0.01g SPS402F[:] - C\u00f4ng ty TNHH LABOCHEM Vi\u1ec7t Nam\",\"isPartOf\":{\"@id\":\"https:\/\/labochem.com.vn\/#website\"},\"primaryImageOfPage\":{\"@id\":\"https:\/\/labochem.com.vn\/en\/s\u1ea3n ph\u1ea9m\/can-ky-thuat-400g-x-0-01g-sps402f\/#primaryimage\"},\"image\":{\"@id\":\"https:\/\/labochem.com.vn\/en\/s\u1ea3n ph\u1ea9m\/can-ky-thuat-400g-x-0-01g-sps402f\/#primaryimage\"},\"thumbnailUrl\":\"https:\/\/labochem.com.vn\/wp-content\/uploads\/2020\/05\/can-phan-tich-hai-so-le-ohaus-sps402f-image1.jpg\",\"datePublished\":\"2020-05-16T03:12:52+00:00\",\"dateModified\":\"2024-11-17T07:27:49+00:00\",\"breadcrumb\":{\"@id\":\"https:\/\/labochem.com.vn\/en\/s\u1ea3n ph\u1ea9m\/can-ky-thuat-400g-x-0-01g-sps402f\/#breadcrumb\"},\"inLanguage\":\"en-US\",\"potentialAction\":[{\"@type\":\"ReadAction\",\"target\":[\"https:\/\/labochem.com.vn\/en\/s\u1ea3n ph\u1ea9m\/can-ky-thuat-400g-x-0-01g-sps402f\/\"]}]},{\"@type\":\"ImageObject\",\"inLanguage\":\"en-US\",\"@id\":\"https:\/\/labochem.com.vn\/en\/s\u1ea3n ph\u1ea9m\/can-ky-thuat-400g-x-0-01g-sps402f\/#primaryimage\",\"url\":\"https:\/\/labochem.com.vn\/wp-content\/uploads\/2020\/05\/can-phan-tich-hai-so-le-ohaus-sps402f-image1.jpg\",\"contentUrl\":\"https:\/\/labochem.com.vn\/wp-content\/uploads\/2020\/05\/can-phan-tich-hai-so-le-ohaus-sps402f-image1.jpg\",\"width\":1200,\"height\":803},{\"@type\":\"BreadcrumbList\",\"@id\":\"https:\/\/labochem.com.vn\/en\/s\u1ea3n ph\u1ea9m\/can-ky-thuat-400g-x-0-01g-sps402f\/#breadcrumb\",\"itemListElement\":[{\"@type\":\"ListItem\",\"position\":1,\"name\":\"Home\",\"item\":\"https:\/\/labochem.com.vn\/\"},{\"@type\":\"ListItem\",\"position\":2,\"name\":\"C\u1eeda h\u00e0ng\",\"item\":\"https:\/\/labochem.com.vn\/mua\/\"},{\"@type\":\"ListItem\",\"position\":3,\"name\":\"(Ti\u1ebfng Vi\u1ec7t) C\u00e2n K\u1ef9 Thu\u1eadt, 400g X 0.01g SPS402F\"}]},{\"@type\":\"WebSite\",\"@id\":\"https:\/\/labochem.com.vn\/#website\",\"url\":\"https:\/\/labochem.com.vn\/\",\"name\":\"C\u00f4ng ty TNHH LABOCHEM Vi\u1ec7t Nam\",\"description\":\"M\u1ed9t trang web m\u1edbi s\u1eed d\u1ee5ng WordPress\",\"potentialAction\":[{\"@type\":\"SearchAction\",\"target\":{\"@type\":\"EntryPoint\",\"urlTemplate\":\"https:\/\/labochem.com.vn\/?s={search_term_string}\"},\"query-input\":\"required name=search_term_string\"}],\"inLanguage\":\"en-US\"}]}<\/script>\n<!-- \/ Yoast SEO plugin. -->","yoast_head_json":{"title":"[:vi]C\u00e2n K\u1ef9 Thu\u1eadt, 400g X 0.01g SPS402F[:] - C\u00f4ng ty TNHH LABOCHEM Vi\u1ec7t Nam","robots":{"index":"index","follow":"follow","max-snippet":"max-snippet:-1","max-image-preview":"max-image-preview:large","max-video-preview":"max-video-preview:-1"},"canonical":"https:\/\/labochem.com.vn\/en\/s\u1ea3n ph\u1ea9m\/can-ky-thuat-400g-x-0-01g-sps402f\/","og_locale":"en_US","og_type":"article","og_title":"[:vi]C\u00e2n K\u1ef9 Thu\u1eadt, 400g X 0.01g SPS402F[:] - C\u00f4ng ty TNHH LABOCHEM Vi\u1ec7t Nam","og_description":"[:vi]- Hi\u1ec7u qu\u1ea3 s\u1eed d\u1ee5ng cao, c\u00f3 th\u1ec3 mang mang \u0111i \u0111\u01b0\u1ee3c - C\u00f3 nhi\u1ec1u \u0111\u01a1n v\u1ecb c\u00e2n bao g\u1ed3m:gam, kg, pound, ounces, l\u1ea1ng, hi\u1ec3n th\u1ecb ounce, T ounce, v\u00e0 penni - Nhi\u1ec1u ch\u1ee9c n\u0103ng \u1ee9ng d\u1ee5ng nh\u01b0: c\u00e2n \u0111\u1ebfm, c\u00e2n %, c\u00e2n t\u1ed5ng, v\u00e0 gi\u1eef hi\u1ec3n th\u1ecb - D\u1ec5 d\u00e0ng s\u1eed d\u1ee5ng, m\u00e0n h\u00ecnh LCD, c\u00f3 hai ph\u00edm ch\u1ee9c n\u0103ng thu\u1eadn ti\u1ec7n thao t\u00e1c. - V\u1ec7 sinh \u0111\u01a1n gi\u1ea3n, b\u00e0n c\u00e2n b\u1eb1ng th\u00e9p kh\u00f4ng g\u1ec9, \u0111\u0129a c\u00e2n c\u00f3 v\u00f2ng tr\u00e1nh tr\u01b0\u1ee3t v\u1eadt c\u00e2n  M\u00f4 t\u1ea3 s\u1ea3n ph\u1ea9m    H\u00e3ng s\u1ea3n xu\u1ea5t:\u00a0Ohaus \u2013 M\u1ef9  Model:\u00a0SPS402F  Xu\u1ea5t x\u1ee9:\u00a0Trung Qu\u1ed1c  C\u00e2n chu\u1ea9n ngo\u1ea1i  - Kh\u1ea3 n\u0103ng c\u00e2n: 400g  - \u0110\u1ed9 \u0111\u1ecdc: 0.01g  - \u0110\u1ed9 l\u1eb7p l\u1ea1i: 0.01g  - \u0110\u1ed9 tuy\u1ebfn t\u00ednh: \u00b1 0.01g  - \u0110\u01a1n v\u1ecb c\u00e2n: g, oz , ozt , dwt  - Th\u1eddi gian \u1ed5n \u0111\u1ecbnh: 3 gi\u00e2y  - Nhi\u1ec7t \u0111\u1ed9 h\u1ecdat \u0111\u1ed9ng: -10 \u0111\u1ebfn\u00a040oC  - Ngu\u1ed3n \u0111i\u1ec7n s\u1eed d\u1ee5ng: AC adaptor 220 V  - K\u1ebft qu\u1ea3 hi\u1ec3n th\u1ecb tr\u00ean m\u00e0n h\u00ecnh tinh th\u1ec3 l\u1ecfng  - K\u00edch th\u01b0\u1edbc \u0111\u0129a c\u00e2n: \u00a0f120mm  - K\u00edch th\u01b0\u1edbc c\u00e2n (r\u1ed9ng x cao x\u00a0s\u00e2u): 192 x 54 x 210 mm  - Tr\u1ecdng l\u01b0\u1ee3ng c\u1ee7a c\u00e2n: 0.8 kg  Cung c\u1ea5p bao g\u1ed3m:  - C\u00e2n k\u1ef9 thu\u1eadt, model SPS402F  - AC adapter  [:]","og_url":"https:\/\/labochem.com.vn\/en\/s\u1ea3n ph\u1ea9m\/can-ky-thuat-400g-x-0-01g-sps402f\/","og_site_name":"C\u00f4ng ty TNHH LABOCHEM Vi\u1ec7t Nam","article_modified_time":"2024-11-17T07:27:49+00:00","og_image":[{"width":1200,"height":803,"url":"https:\/\/labochem.com.vn\/wp-content\/uploads\/2020\/05\/can-phan-tich-hai-so-le-ohaus-sps402f-image1.jpg","type":"image\/jpeg"}],"twitter_card":"summary_large_image","schema":{"@context":"https:\/\/schema.org","@graph":[{"@type":"WebPage","@id":"https:\/\/labochem.com.vn\/en\/s\u1ea3n ph\u1ea9m\/can-ky-thuat-400g-x-0-01g-sps402f\/","url":"https:\/\/labochem.com.vn\/en\/s\u1ea3n ph\u1ea9m\/can-ky-thuat-400g-x-0-01g-sps402f\/","name":"[:vi]C\u00e2n K\u1ef9 Thu\u1eadt, 400g X 0.01g SPS402F[:] - C\u00f4ng ty TNHH LABOCHEM Vi\u1ec7t Nam","isPartOf":{"@id":"https:\/\/labochem.com.vn\/#website"},"primaryImageOfPage":{"@id":"https:\/\/labochem.com.vn\/en\/s\u1ea3n ph\u1ea9m\/can-ky-thuat-400g-x-0-01g-sps402f\/#primaryimage"},"image":{"@id":"https:\/\/labochem.com.vn\/en\/s\u1ea3n ph\u1ea9m\/can-ky-thuat-400g-x-0-01g-sps402f\/#primaryimage"},"thumbnailUrl":"https:\/\/labochem.com.vn\/wp-content\/uploads\/2020\/05\/can-phan-tich-hai-so-le-ohaus-sps402f-image1.jpg","datePublished":"2020-05-16T03:12:52+00:00","dateModified":"2024-11-17T07:27:49+00:00","breadcrumb":{"@id":"https:\/\/labochem.com.vn\/en\/s\u1ea3n ph\u1ea9m\/can-ky-thuat-400g-x-0-01g-sps402f\/#breadcrumb"},"inLanguage":"en-US","potentialAction":[{"@type":"ReadAction","target":["https:\/\/labochem.com.vn\/en\/s\u1ea3n ph\u1ea9m\/can-ky-thuat-400g-x-0-01g-sps402f\/"]}]},{"@type":"ImageObject","inLanguage":"en-US","@id":"https:\/\/labochem.com.vn\/en\/s\u1ea3n ph\u1ea9m\/can-ky-thuat-400g-x-0-01g-sps402f\/#primaryimage","url":"https:\/\/labochem.com.vn\/wp-content\/uploads\/2020\/05\/can-phan-tich-hai-so-le-ohaus-sps402f-image1.jpg","contentUrl":"https:\/\/labochem.com.vn\/wp-content\/uploads\/2020\/05\/can-phan-tich-hai-so-le-ohaus-sps402f-image1.jpg","width":1200,"height":803},{"@type":"BreadcrumbList","@id":"https:\/\/labochem.com.vn\/en\/s\u1ea3n ph\u1ea9m\/can-ky-thuat-400g-x-0-01g-sps402f\/#breadcrumb","itemListElement":[{"@type":"ListItem","position":1,"name":"Home","item":"https:\/\/labochem.com.vn\/"},{"@type":"ListItem","position":2,"name":"C\u1eeda h\u00e0ng","item":"https:\/\/labochem.com.vn\/mua\/"},{"@type":"ListItem","position":3,"name":"(Ti\u1ebfng Vi\u1ec7t) C\u00e2n K\u1ef9 Thu\u1eadt, 400g X 0.01g SPS402F"}]},{"@type":"WebSite","@id":"https:\/\/labochem.com.vn\/#website","url":"https:\/\/labochem.com.vn\/","name":"C\u00f4ng ty TNHH LABOCHEM Vi\u1ec7t Nam","description":"M\u1ed9t trang web m\u1edbi s\u1eed d\u1ee5ng WordPress","potentialAction":[{"@type":"SearchAction","target":{"@type":"EntryPoint","urlTemplate":"https:\/\/labochem.com.vn\/?s={search_term_string}"},"query-input":"required name=search_term_string"}],"inLanguage":"en-US"}]}},"_links":{"self":[{"href":"https:\/\/labochem.com.vn\/en\/wp-json\/wp\/v2\/product\/797"}],"collection":[{"href":"https:\/\/labochem.com.vn\/en\/wp-json\/wp\/v2\/product"}],"about":[{"href":"https:\/\/labochem.com.vn\/en\/wp-json\/wp\/v2\/types\/product"}],"replies":[{"embeddable":true,"href":"https:\/\/labochem.com.vn\/en\/wp-json\/wp\/v2\/comments?post=797"}],"wp:featuredmedia":[{"embeddable":true,"href":"https:\/\/labochem.com.vn\/en\/wp-json\/wp\/v2\/media\/798"}],"wp:attachment":[{"href":"https:\/\/labochem.com.vn\/en\/wp-json\/wp\/v2\/media?parent=797"}],"wp:term":[{"taxonomy":"product_cat","embeddable":true,"href":"https:\/\/labochem.com.vn\/en\/wp-json\/wp\/v2\/product_cat?post=797"},{"taxonomy":"product_tag","embeddable":true,"href":"https:\/\/labochem.com.vn\/en\/wp-json\/wp\/v2\/product_tag?post=797"}],"curies":[{"name":"wp","href":"https:\/\/api.w.org\/{rel}","templated":true}]}}