{"id":795,"date":"2020-05-16T03:10:04","date_gmt":"2020-05-16T03:10:04","guid":{"rendered":"https:\/\/labochem.com.vn\/?post_type=product&#038;p=795"},"modified":"2020-06-23T01:25:00","modified_gmt":"2020-06-23T01:25:00","slug":"can-phan-tich-3-so-le-ohaus-pa213","status":"publish","type":"product","link":"https:\/\/labochem.com.vn\/en\/s\u1ea3n ph\u1ea9m\/can-phan-tich-3-so-le-ohaus-pa213\/","title":{"rendered":"(Ti\u1ebfng Vi\u1ec7t) C\u00e2n ph\u00e2n t\u00edch 3 s\u1ed1 l\u1ebb, Ohaus, PA213"},"content":{"rendered":"","protected":false},"excerpt":{"rendered":"<p class=\"qtranxs-available-languages-message qtranxs-available-languages-message-en\">Sorry, this entry is only available in <a href=\"https:\/\/labochem.com.vn\/vi\/wp-json\/wp\/v2\/product\/795\" class=\"qtranxs-available-language-link qtranxs-available-language-link-vi\" title=\"Ti\u1ebfng Vi\u1ec7t\">Ti\u1ebfng Vi\u1ec7t<\/a>.<\/p>\n","protected":false},"featured_media":796,"comment_status":"open","ping_status":"closed","template":"","meta":[],"product_cat":[454],"product_tag":[293,294,295],"yoast_head":"<!-- This site is optimized with the Yoast SEO plugin v22.6 - https:\/\/yoast.com\/wordpress\/plugins\/seo\/ -->\n<title><\/title>\n<meta name=\"robots\" content=\"index, follow, max-snippet:-1, max-image-preview:large, max-video-preview:-1\" \/>\n<link rel=\"canonical\" href=\"https:\/\/labochem.com.vn\/en\/s\u1ea3n%20ph\u1ea9m\/can-phan-tich-3-so-le-ohaus-pa213\/\" \/>\n<meta property=\"og:locale\" content=\"en_US\" \/>\n<meta property=\"og:type\" content=\"article\" \/>\n<meta property=\"og:title\" content=\"[:vi]C\u00e2n ph\u00e2n t\u00edch 3 s\u1ed1 l\u1ebb, Ohaus, PA213[:] - C\u00f4ng ty TNHH LABOCHEM Vi\u1ec7t Nam\" \/>\n<meta property=\"og:description\" content=\"[:vi]- \u0110\u01b0\u1ee3c \u1ee9ng d\u1ee5ng trong nhi\u1ec1u l\u0129nh v\u1ef1c: ph\u00f2ng th\u00ed nghi\u1ec7m, c\u00f4ng nghi\u1ec7p, gi\u00e1o d\u1ee5c. Ch\u1ee9c n\u0103ng c\u00e2n: tr\u1ecdng l\u01b0\u1ee3ng, \u0111\u1ebfm, ph\u1ea7n tr\u0103m. - Kh\u1ea3 n\u0103ng c\u00e2n: 210g, \u0110\u1ed9 \u0111\u1ecdc: 0.001 g, chu\u1ea9n ngo\u1ea1i  M\u00f4 t\u1ea3 s\u1ea3n ph\u1ea9m    H\u00e3ng s\u1ea3n xu\u1ea5t:\u00a0Ohaus \u2013 M\u1ef9  Model:\u00a0PA213  Xu\u1ea5t x\u1ee9:\u00a0Trung Qu\u1ed1c  \u0110\u1eb7c t\u00ednh:  -\u00a0\u00a0 \u00a0Gi\u1ea3i ph\u00e1p kinh t\u1ebf trong c\u00e1c \u1ee9ng d\u1ee5ng -\u00a0\u00a0 \u00a0M\u00e0n h\u00ecnh hi\u1ec3n th\u1ecb tinh th\u1ec3 l\u1ecfng, r\u1ed9ng, thu\u1eadn ti\u1ec7n c\u00e0i \u0111\u1eb7t v\u00e0 s\u1eed d\u1ee5ng -\u00a0\u00a0 \u00a0C\u1ed5ng RS 232 chuy\u1ec1n d\u1eef li\u1ec7u ra m\u00e1y in, m\u00e1y t\u00ednh -\u00a0\u00a0 \u00a0C\u00f3 16 \u0111\u01a1n v\u1ecb c\u00e2n c\u00f3 th\u1ec3 l\u1ef1a ch\u1ecdn c\u1ed9ng th\u00eam c\u00e2n \u0111\u1ebfm -\u00a0\u00a0 \u00a0C\u00e2n ki\u1ec3m tra tr\u1ecdng l\u01b0\u1ee3ng thi\u1ebfu \u0111\u1ec3 x\u00e1c \u0111\u1ecbnh s\u1ed1 l\u01b0\u1ee3ng \u0111\u01a1n gi\u1ea3n  Th\u00f4ng s\u1ed1 k\u1ef9 thu\u1eadt:  - C\u00e2n chu\u1ea9n ngo\u1ea1i  - Kh\u1ea3 n\u0103ng c\u00e2n: 210 g  - \u0110\u1ed9 \u0111\u1ecdc: 0.001 g  - \u0110\u1ed9 tuy\u1ebfn t\u00ednh: 0.002 g  - Th\u1eddi gian tr\u1eeb b\u00ec (Taring Time): 1 gi\u00e2y  - Th\u1eddi gian \u1ed5n \u0111\u1ecbnh: 3 gi\u00e2y  - Ch\u1ee9c n\u0103ng c\u00e2n: tr\u1ecdng l\u01b0\u1ee3ng, \u0111\u1ebfm, ph\u1ea7n tr\u0103m  - \u0110\u01a1n v\u1ecb c\u00e2n: mg, g, ct, oz, dwt, tical, tola, mommes, baht, grain, mesghals, Newton, ozt, teals.  - M\u1eb7t c\u00e2n b\u1eb1ng th\u00e9p kh\u00f4ng g\u1ec9, k\u00edch th\u01b0\u1edbc \u00de 120 mm  - C\u1ed5ng giao di\u1ec7n RS-232  - M\u00e0n h\u00ecnh hi\u1ec3n th\u1ecb LCD  - K\u00edch th\u01b0\u1edbc c\u00e2n: r\u1ed9ng 196 x cao 287 x s\u00e2u 320 mm  - Tr\u1ecdng l\u01b0\u1ee3ng c\u00e2n: 4.5 kg  - Ngu\u1ed3n \u0111i\u1ec7n: Adapter 220-240V, 50\/60Hz  Cung c\u1ea5p k\u00e8m theo:  - AC adapter  Ph\u1ee5 ki\u1ec7n ch\u1ecdn th\u00eam:  - M\u00e0n h\u00ecnh hi\u1ec3n th\u1ecb b\u00ean ngo\u00e0i (80251396)  - M\u00e1y in nhi\u1ec7t SF42 (12101508)  - C\u00e1p RS232, m\u00e1y in nhi\u1ec7t SF42 (21253677)  - C\u00e1p RS232, IBM 9 pin (00410024)  - C\u00e1p RS232, IBM 25 pin (80500524)  [:]\" \/>\n<meta property=\"og:url\" content=\"https:\/\/labochem.com.vn\/en\/s\u1ea3n ph\u1ea9m\/can-phan-tich-3-so-le-ohaus-pa213\/\" \/>\n<meta property=\"og:site_name\" content=\"C\u00f4ng ty TNHH LABOCHEM Vi\u1ec7t Nam\" \/>\n<meta property=\"article:modified_time\" content=\"2020-06-23T01:25:00+00:00\" \/>\n<meta property=\"og:image\" content=\"https:\/\/labochem.com.vn\/wp-content\/uploads\/2020\/05\/can-phan-tich-ba-so-le-ohaus-pa213-image1.jpeg\" \/>\n\t<meta property=\"og:image:width\" content=\"500\" \/>\n\t<meta property=\"og:image:height\" content=\"500\" \/>\n\t<meta property=\"og:image:type\" content=\"image\/jpeg\" \/>\n<meta name=\"twitter:card\" content=\"summary_large_image\" \/>\n<script type=\"application\/ld+json\" class=\"yoast-schema-graph\">{\"@context\":\"https:\/\/schema.org\",\"@graph\":[{\"@type\":\"WebPage\",\"@id\":\"https:\/\/labochem.com.vn\/en\/s\u1ea3n ph\u1ea9m\/can-phan-tich-3-so-le-ohaus-pa213\/\",\"url\":\"https:\/\/labochem.com.vn\/en\/s\u1ea3n ph\u1ea9m\/can-phan-tich-3-so-le-ohaus-pa213\/\",\"name\":\"[:vi]C\u00e2n ph\u00e2n t\u00edch 3 s\u1ed1 l\u1ebb, Ohaus, PA213[:] - C\u00f4ng ty TNHH LABOCHEM Vi\u1ec7t Nam\",\"isPartOf\":{\"@id\":\"https:\/\/labochem.com.vn\/#website\"},\"primaryImageOfPage\":{\"@id\":\"https:\/\/labochem.com.vn\/en\/s\u1ea3n ph\u1ea9m\/can-phan-tich-3-so-le-ohaus-pa213\/#primaryimage\"},\"image\":{\"@id\":\"https:\/\/labochem.com.vn\/en\/s\u1ea3n ph\u1ea9m\/can-phan-tich-3-so-le-ohaus-pa213\/#primaryimage\"},\"thumbnailUrl\":\"https:\/\/labochem.com.vn\/wp-content\/uploads\/2020\/05\/can-phan-tich-ba-so-le-ohaus-pa213-image1.jpeg\",\"datePublished\":\"2020-05-16T03:10:04+00:00\",\"dateModified\":\"2020-06-23T01:25:00+00:00\",\"breadcrumb\":{\"@id\":\"https:\/\/labochem.com.vn\/en\/s\u1ea3n ph\u1ea9m\/can-phan-tich-3-so-le-ohaus-pa213\/#breadcrumb\"},\"inLanguage\":\"en-US\",\"potentialAction\":[{\"@type\":\"ReadAction\",\"target\":[\"https:\/\/labochem.com.vn\/en\/s\u1ea3n ph\u1ea9m\/can-phan-tich-3-so-le-ohaus-pa213\/\"]}]},{\"@type\":\"ImageObject\",\"inLanguage\":\"en-US\",\"@id\":\"https:\/\/labochem.com.vn\/en\/s\u1ea3n ph\u1ea9m\/can-phan-tich-3-so-le-ohaus-pa213\/#primaryimage\",\"url\":\"https:\/\/labochem.com.vn\/wp-content\/uploads\/2020\/05\/can-phan-tich-ba-so-le-ohaus-pa213-image1.jpeg\",\"contentUrl\":\"https:\/\/labochem.com.vn\/wp-content\/uploads\/2020\/05\/can-phan-tich-ba-so-le-ohaus-pa213-image1.jpeg\",\"width\":500,\"height\":500},{\"@type\":\"BreadcrumbList\",\"@id\":\"https:\/\/labochem.com.vn\/en\/s\u1ea3n ph\u1ea9m\/can-phan-tich-3-so-le-ohaus-pa213\/#breadcrumb\",\"itemListElement\":[{\"@type\":\"ListItem\",\"position\":1,\"name\":\"Home\",\"item\":\"https:\/\/labochem.com.vn\/\"},{\"@type\":\"ListItem\",\"position\":2,\"name\":\"C\u1eeda h\u00e0ng\",\"item\":\"https:\/\/labochem.com.vn\/mua\/\"},{\"@type\":\"ListItem\",\"position\":3,\"name\":\"(Ti\u1ebfng Vi\u1ec7t) C\u00e2n ph\u00e2n t\u00edch 3 s\u1ed1 l\u1ebb, Ohaus, PA213\"}]},{\"@type\":\"WebSite\",\"@id\":\"https:\/\/labochem.com.vn\/#website\",\"url\":\"https:\/\/labochem.com.vn\/\",\"name\":\"C\u00f4ng ty TNHH LABOCHEM Vi\u1ec7t Nam\",\"description\":\"M\u1ed9t trang web m\u1edbi s\u1eed d\u1ee5ng WordPress\",\"potentialAction\":[{\"@type\":\"SearchAction\",\"target\":{\"@type\":\"EntryPoint\",\"urlTemplate\":\"https:\/\/labochem.com.vn\/?s={search_term_string}\"},\"query-input\":\"required name=search_term_string\"}],\"inLanguage\":\"en-US\"}]}<\/script>\n<!-- \/ Yoast SEO plugin. -->","yoast_head_json":{"title":"[:vi]C\u00e2n ph\u00e2n t\u00edch 3 s\u1ed1 l\u1ebb, Ohaus, PA213[:] - C\u00f4ng ty TNHH LABOCHEM Vi\u1ec7t Nam","robots":{"index":"index","follow":"follow","max-snippet":"max-snippet:-1","max-image-preview":"max-image-preview:large","max-video-preview":"max-video-preview:-1"},"canonical":"https:\/\/labochem.com.vn\/en\/s\u1ea3n ph\u1ea9m\/can-phan-tich-3-so-le-ohaus-pa213\/","og_locale":"en_US","og_type":"article","og_title":"[:vi]C\u00e2n ph\u00e2n t\u00edch 3 s\u1ed1 l\u1ebb, Ohaus, PA213[:] - C\u00f4ng ty TNHH LABOCHEM Vi\u1ec7t Nam","og_description":"[:vi]- \u0110\u01b0\u1ee3c \u1ee9ng d\u1ee5ng trong nhi\u1ec1u l\u0129nh v\u1ef1c: ph\u00f2ng th\u00ed nghi\u1ec7m, c\u00f4ng nghi\u1ec7p, gi\u00e1o d\u1ee5c. Ch\u1ee9c n\u0103ng c\u00e2n: tr\u1ecdng l\u01b0\u1ee3ng, \u0111\u1ebfm, ph\u1ea7n tr\u0103m. - Kh\u1ea3 n\u0103ng c\u00e2n: 210g, \u0110\u1ed9 \u0111\u1ecdc: 0.001 g, chu\u1ea9n ngo\u1ea1i  M\u00f4 t\u1ea3 s\u1ea3n ph\u1ea9m    H\u00e3ng s\u1ea3n xu\u1ea5t:\u00a0Ohaus \u2013 M\u1ef9  Model:\u00a0PA213  Xu\u1ea5t x\u1ee9:\u00a0Trung Qu\u1ed1c  \u0110\u1eb7c t\u00ednh:  -\u00a0\u00a0 \u00a0Gi\u1ea3i ph\u00e1p kinh t\u1ebf trong c\u00e1c \u1ee9ng d\u1ee5ng -\u00a0\u00a0 \u00a0M\u00e0n h\u00ecnh hi\u1ec3n th\u1ecb tinh th\u1ec3 l\u1ecfng, r\u1ed9ng, thu\u1eadn ti\u1ec7n c\u00e0i \u0111\u1eb7t v\u00e0 s\u1eed d\u1ee5ng -\u00a0\u00a0 \u00a0C\u1ed5ng RS 232 chuy\u1ec1n d\u1eef li\u1ec7u ra m\u00e1y in, m\u00e1y t\u00ednh -\u00a0\u00a0 \u00a0C\u00f3 16 \u0111\u01a1n v\u1ecb c\u00e2n c\u00f3 th\u1ec3 l\u1ef1a ch\u1ecdn c\u1ed9ng th\u00eam c\u00e2n \u0111\u1ebfm -\u00a0\u00a0 \u00a0C\u00e2n ki\u1ec3m tra tr\u1ecdng l\u01b0\u1ee3ng thi\u1ebfu \u0111\u1ec3 x\u00e1c \u0111\u1ecbnh s\u1ed1 l\u01b0\u1ee3ng \u0111\u01a1n gi\u1ea3n  Th\u00f4ng s\u1ed1 k\u1ef9 thu\u1eadt:  - C\u00e2n chu\u1ea9n ngo\u1ea1i  - Kh\u1ea3 n\u0103ng c\u00e2n: 210 g  - \u0110\u1ed9 \u0111\u1ecdc: 0.001 g  - \u0110\u1ed9 tuy\u1ebfn t\u00ednh: 0.002 g  - Th\u1eddi gian tr\u1eeb b\u00ec (Taring Time): 1 gi\u00e2y  - Th\u1eddi gian \u1ed5n \u0111\u1ecbnh: 3 gi\u00e2y  - Ch\u1ee9c n\u0103ng c\u00e2n: tr\u1ecdng l\u01b0\u1ee3ng, \u0111\u1ebfm, ph\u1ea7n tr\u0103m  - \u0110\u01a1n v\u1ecb c\u00e2n: mg, g, ct, oz, dwt, tical, tola, mommes, baht, grain, mesghals, Newton, ozt, teals.  - M\u1eb7t c\u00e2n b\u1eb1ng th\u00e9p kh\u00f4ng g\u1ec9, k\u00edch th\u01b0\u1edbc \u00de 120 mm  - C\u1ed5ng giao di\u1ec7n RS-232  - M\u00e0n h\u00ecnh hi\u1ec3n th\u1ecb LCD  - K\u00edch th\u01b0\u1edbc c\u00e2n: r\u1ed9ng 196 x cao 287 x s\u00e2u 320 mm  - Tr\u1ecdng l\u01b0\u1ee3ng c\u00e2n: 4.5 kg  - Ngu\u1ed3n \u0111i\u1ec7n: Adapter 220-240V, 50\/60Hz  Cung c\u1ea5p k\u00e8m theo:  - AC adapter  Ph\u1ee5 ki\u1ec7n ch\u1ecdn th\u00eam:  - M\u00e0n h\u00ecnh hi\u1ec3n th\u1ecb b\u00ean ngo\u00e0i (80251396)  - M\u00e1y in nhi\u1ec7t SF42 (12101508)  - C\u00e1p RS232, m\u00e1y in nhi\u1ec7t SF42 (21253677)  - C\u00e1p RS232, IBM 9 pin (00410024)  - C\u00e1p RS232, IBM 25 pin (80500524)  [:]","og_url":"https:\/\/labochem.com.vn\/en\/s\u1ea3n ph\u1ea9m\/can-phan-tich-3-so-le-ohaus-pa213\/","og_site_name":"C\u00f4ng ty TNHH LABOCHEM Vi\u1ec7t Nam","article_modified_time":"2020-06-23T01:25:00+00:00","og_image":[{"width":500,"height":500,"url":"https:\/\/labochem.com.vn\/wp-content\/uploads\/2020\/05\/can-phan-tich-ba-so-le-ohaus-pa213-image1.jpeg","type":"image\/jpeg"}],"twitter_card":"summary_large_image","schema":{"@context":"https:\/\/schema.org","@graph":[{"@type":"WebPage","@id":"https:\/\/labochem.com.vn\/en\/s\u1ea3n ph\u1ea9m\/can-phan-tich-3-so-le-ohaus-pa213\/","url":"https:\/\/labochem.com.vn\/en\/s\u1ea3n ph\u1ea9m\/can-phan-tich-3-so-le-ohaus-pa213\/","name":"[:vi]C\u00e2n ph\u00e2n t\u00edch 3 s\u1ed1 l\u1ebb, Ohaus, PA213[:] - C\u00f4ng ty TNHH LABOCHEM Vi\u1ec7t Nam","isPartOf":{"@id":"https:\/\/labochem.com.vn\/#website"},"primaryImageOfPage":{"@id":"https:\/\/labochem.com.vn\/en\/s\u1ea3n ph\u1ea9m\/can-phan-tich-3-so-le-ohaus-pa213\/#primaryimage"},"image":{"@id":"https:\/\/labochem.com.vn\/en\/s\u1ea3n ph\u1ea9m\/can-phan-tich-3-so-le-ohaus-pa213\/#primaryimage"},"thumbnailUrl":"https:\/\/labochem.com.vn\/wp-content\/uploads\/2020\/05\/can-phan-tich-ba-so-le-ohaus-pa213-image1.jpeg","datePublished":"2020-05-16T03:10:04+00:00","dateModified":"2020-06-23T01:25:00+00:00","breadcrumb":{"@id":"https:\/\/labochem.com.vn\/en\/s\u1ea3n ph\u1ea9m\/can-phan-tich-3-so-le-ohaus-pa213\/#breadcrumb"},"inLanguage":"en-US","potentialAction":[{"@type":"ReadAction","target":["https:\/\/labochem.com.vn\/en\/s\u1ea3n ph\u1ea9m\/can-phan-tich-3-so-le-ohaus-pa213\/"]}]},{"@type":"ImageObject","inLanguage":"en-US","@id":"https:\/\/labochem.com.vn\/en\/s\u1ea3n ph\u1ea9m\/can-phan-tich-3-so-le-ohaus-pa213\/#primaryimage","url":"https:\/\/labochem.com.vn\/wp-content\/uploads\/2020\/05\/can-phan-tich-ba-so-le-ohaus-pa213-image1.jpeg","contentUrl":"https:\/\/labochem.com.vn\/wp-content\/uploads\/2020\/05\/can-phan-tich-ba-so-le-ohaus-pa213-image1.jpeg","width":500,"height":500},{"@type":"BreadcrumbList","@id":"https:\/\/labochem.com.vn\/en\/s\u1ea3n ph\u1ea9m\/can-phan-tich-3-so-le-ohaus-pa213\/#breadcrumb","itemListElement":[{"@type":"ListItem","position":1,"name":"Home","item":"https:\/\/labochem.com.vn\/"},{"@type":"ListItem","position":2,"name":"C\u1eeda h\u00e0ng","item":"https:\/\/labochem.com.vn\/mua\/"},{"@type":"ListItem","position":3,"name":"(Ti\u1ebfng Vi\u1ec7t) C\u00e2n ph\u00e2n t\u00edch 3 s\u1ed1 l\u1ebb, Ohaus, PA213"}]},{"@type":"WebSite","@id":"https:\/\/labochem.com.vn\/#website","url":"https:\/\/labochem.com.vn\/","name":"C\u00f4ng ty TNHH LABOCHEM Vi\u1ec7t Nam","description":"M\u1ed9t trang web m\u1edbi s\u1eed d\u1ee5ng WordPress","potentialAction":[{"@type":"SearchAction","target":{"@type":"EntryPoint","urlTemplate":"https:\/\/labochem.com.vn\/?s={search_term_string}"},"query-input":"required name=search_term_string"}],"inLanguage":"en-US"}]}},"_links":{"self":[{"href":"https:\/\/labochem.com.vn\/en\/wp-json\/wp\/v2\/product\/795"}],"collection":[{"href":"https:\/\/labochem.com.vn\/en\/wp-json\/wp\/v2\/product"}],"about":[{"href":"https:\/\/labochem.com.vn\/en\/wp-json\/wp\/v2\/types\/product"}],"replies":[{"embeddable":true,"href":"https:\/\/labochem.com.vn\/en\/wp-json\/wp\/v2\/comments?post=795"}],"wp:featuredmedia":[{"embeddable":true,"href":"https:\/\/labochem.com.vn\/en\/wp-json\/wp\/v2\/media\/796"}],"wp:attachment":[{"href":"https:\/\/labochem.com.vn\/en\/wp-json\/wp\/v2\/media?parent=795"}],"wp:term":[{"taxonomy":"product_cat","embeddable":true,"href":"https:\/\/labochem.com.vn\/en\/wp-json\/wp\/v2\/product_cat?post=795"},{"taxonomy":"product_tag","embeddable":true,"href":"https:\/\/labochem.com.vn\/en\/wp-json\/wp\/v2\/product_tag?post=795"}],"curies":[{"name":"wp","href":"https:\/\/api.w.org\/{rel}","templated":true}]}}