{"id":793,"date":"2020-05-16T03:03:50","date_gmt":"2020-05-16T03:03:50","guid":{"rendered":"https:\/\/labochem.com.vn\/?post_type=product&#038;p=793"},"modified":"2020-06-23T01:25:40","modified_gmt":"2020-06-23T01:25:40","slug":"can-ky-thuat-2-so-le-2100g-x-001g-pa2102-ohaus","status":"publish","type":"product","link":"https:\/\/labochem.com.vn\/en\/s\u1ea3n ph\u1ea9m\/can-ky-thuat-2-so-le-2100g-x-001g-pa2102-ohaus\/","title":{"rendered":"(Ti\u1ebfng Vi\u1ec7t) C\u00e2n k\u1ef9 thu\u1eadt 2 s\u1ed1 l\u1ebb (2100g x 0,01g) PA2102 Ohaus"},"content":{"rendered":"","protected":false},"excerpt":{"rendered":"<p class=\"qtranxs-available-languages-message qtranxs-available-languages-message-en\">Sorry, this entry is only available in <a href=\"https:\/\/labochem.com.vn\/vi\/wp-json\/wp\/v2\/product\/793\" class=\"qtranxs-available-language-link qtranxs-available-language-link-vi\" title=\"Ti\u1ebfng Vi\u1ec7t\">Ti\u1ebfng Vi\u1ec7t<\/a>.<\/p>\n","protected":false},"featured_media":794,"comment_status":"open","ping_status":"closed","template":"","meta":[],"product_cat":[454],"product_tag":[292,291],"yoast_head":"<!-- This site is optimized with the Yoast SEO plugin v22.6 - https:\/\/yoast.com\/wordpress\/plugins\/seo\/ -->\n<title><\/title>\n<meta name=\"robots\" content=\"index, follow, max-snippet:-1, max-image-preview:large, max-video-preview:-1\" \/>\n<link rel=\"canonical\" href=\"https:\/\/labochem.com.vn\/en\/s\u1ea3n%20ph\u1ea9m\/can-ky-thuat-2-so-le-2100g-x-001g-pa2102-ohaus\/\" \/>\n<meta property=\"og:locale\" content=\"en_US\" \/>\n<meta property=\"og:type\" content=\"article\" \/>\n<meta property=\"og:title\" content=\"[:vi]C\u00e2n k\u1ef9 thu\u1eadt 2 s\u1ed1 l\u1ebb (2100g x 0,01g) PA2102 Ohaus[:] - C\u00f4ng ty TNHH LABOCHEM Vi\u1ec7t Nam\" \/>\n<meta property=\"og:description\" content=\"[:vi]C\u00e2n k\u1ef9 thu\u1eadt 2 s\u1ed1 l\u1ebb (2100g x 0,01g) PA2102 Ohaus - M\u1ef9 l\u00e0 d\u00f2ng c\u00e2n c\u00f3 \u0111\u1ed9 ch\u00ednh x\u00e1c cao v\u00e0 \u0111\u01b0\u1ee3c thi\u1ebft k\u1ebf cho vi\u1ec7c c\u00e2n tr\u1ecdng l\u01b0\u1ee3ng c\u01a1 b\u1ea3n c\u1ee7a m\u1eabu trong c\u00e1c l\u0129nh v\u1ef1c nh\u01b0 ph\u00f2ng th\u00ed nghi\u1ec7m, c\u00f4ng nghi\u1ec7p v\u00e0 gi\u00e1o d\u1ee5c.    T\u00ean s\u1ea3n ph\u1ea9m: C\u00e2n k\u1ef9 thu\u1eadt 2 s\u1ed1 l\u1ebb (2100g x 0,01g) PA2102 Ohaus   Model: PA2102   H\u00e3ng s\u1ea3n xu\u1ea5t: Ohaus - M\u1ef9\u00a0   Xu\u1ea5t x\u1ee9: Trung Qu\u1ed1c   \u1ee8ng d\u1ee5ng: - \u0110\u01b0\u1ee3c s\u1eed d\u1ee5ng\u00a0r\u1ed9ng r\u00e3i trong c\u00e1c ng\u00e0nh d\u01b0\u1ee3c ph\u1ea9m, th\u1ef1c ph\u1ea9m, trong c\u00f4ng nghi\u1ec7p v\u00e0 n\u00f4ng nghi\u1ec7p, c\u00e1c c\u00f4ng ty s\u1ea3n xu\u1ea5t, c\u00e1c nh\u00e0 m\u00e1y, c\u00e1c ph\u00f2ng th\u00ed nghi\u1ec7m, trung t\u00e2m nghi\u00ean c\u1ee9u, c\u00e1c b\u1ec7nh vi\u1ec7n, tr\u01b0\u1eddng h\u1ecdc, c\u00e1c vi\u1ec7n \u0111o l\u01b0\u1eddng ki\u1ec3m nghi\u1ec7m.   Th\u00f4ng s\u1ed1 k\u0129 thu\u1eadt: - Kh\u1ea3 n\u0103ng c\u00e2n: 2100 g  - \u0110\u1ed9 ch\u00ednh x\u00e1c: 0.01 g  - \u0110\u1ed9 l\u1eb7p l\u1ea1i (Std, Dev): 0.01 g  - \u0110\u1ed9 tuy\u1ebfn t\u00ednh: \u00b10.02 g  - \u0110\u01a1n v\u1ecb c\u00e2n: g, kg ct, lb, oz, dwt, tical, tola, mommes, baht, grain, mesghal, Newton, ozt, teals, custom  - Ngu\u1ed3n \u0111i\u1ec7n s\u1eed d\u1ee5ng d\u00f9ng Adapter: 220-240 VAC 50\/60 Hz  - Th\u1eddi gian \u1ed5n \u0111\u1ecbnh c\u00e2n: 3 gi\u00e2y  - Ch\u1ebf \u0111\u1ed9 \u1ee9ng d\u1ee5ng: C\u00e2n kh\u1ed1i l\u01b0\u1ee3ng, c\u00e2n \u0111\u1ebfm, c\u00e2n ph\u1ea7n tr\u0103m  - Kho\u1ea3ng nhi\u1ec7t \u0111\u1ed9 m\u00f4i tr\u01b0\u1eddng ho\u1ea1t \u0111\u1ed9ng: 10-40oC\u00a0v\u1edbi \u0111\u1ed9 \u1ea9m t\u1eeb 10% \u0111\u1ebfn 80% v\u00e0 cao \u0111\u1ed9 4.000m so v\u1edbi m\u1eb7t n\u01b0\u1edbc bi\u1ec3n.  -\u00a0C\u1ed5ng RS 232 truy\u1ec1n d\u1eef li\u1ec7u ra m\u00e1y in, m\u00e1y t\u00ednh  - K\u00edch th\u01b0\u1edbc \u0111\u0129a c\u00e2n: 180mm  - K\u00edch th\u01b0\u1edbc c\u00e2n: r\u1ed9ng 19.6 x cao 9.2 x s\u00e2u 32 cm  - Kh\u1ed1i l\u01b0\u1ee3ng c\u1ee7a c\u00e2n: 3,3kg.  - K\u00edch th\u01b0\u1edbc bao b\u00ec:\u00a049.5 x 39.5 x 32.7 cm  - Kh\u1ed1i l\u01b0\u1ee3ng bao b\u00ec:\u00a05,4kg   Cung c\u1ea5p bao g\u1ed3m: - C\u00e2n ch\u00ednh  - \u0110\u0129a c\u00e2n  - AC adapter, h\u01b0\u1edbng d\u1eabn s\u1eed d\u1ee5ng ti\u1ebfng anh   [:]\" \/>\n<meta property=\"og:url\" content=\"https:\/\/labochem.com.vn\/en\/s\u1ea3n ph\u1ea9m\/can-ky-thuat-2-so-le-2100g-x-001g-pa2102-ohaus\/\" \/>\n<meta property=\"og:site_name\" content=\"C\u00f4ng ty TNHH LABOCHEM Vi\u1ec7t Nam\" \/>\n<meta property=\"article:modified_time\" content=\"2020-06-23T01:25:40+00:00\" \/>\n<meta property=\"og:image\" content=\"https:\/\/labochem.com.vn\/wp-content\/uploads\/2020\/05\/can-ky-thuat-pa512-ohaus.jpg\" \/>\n\t<meta property=\"og:image:width\" content=\"500\" \/>\n\t<meta property=\"og:image:height\" content=\"500\" \/>\n\t<meta property=\"og:image:type\" content=\"image\/jpeg\" \/>\n<meta name=\"twitter:card\" content=\"summary_large_image\" \/>\n<script type=\"application\/ld+json\" class=\"yoast-schema-graph\">{\"@context\":\"https:\/\/schema.org\",\"@graph\":[{\"@type\":\"WebPage\",\"@id\":\"https:\/\/labochem.com.vn\/en\/s\u1ea3n ph\u1ea9m\/can-ky-thuat-2-so-le-2100g-x-001g-pa2102-ohaus\/\",\"url\":\"https:\/\/labochem.com.vn\/en\/s\u1ea3n ph\u1ea9m\/can-ky-thuat-2-so-le-2100g-x-001g-pa2102-ohaus\/\",\"name\":\"[:vi]C\u00e2n k\u1ef9 thu\u1eadt 2 s\u1ed1 l\u1ebb (2100g x 0,01g) PA2102 Ohaus[:] - C\u00f4ng ty TNHH LABOCHEM Vi\u1ec7t Nam\",\"isPartOf\":{\"@id\":\"https:\/\/labochem.com.vn\/#website\"},\"primaryImageOfPage\":{\"@id\":\"https:\/\/labochem.com.vn\/en\/s\u1ea3n ph\u1ea9m\/can-ky-thuat-2-so-le-2100g-x-001g-pa2102-ohaus\/#primaryimage\"},\"image\":{\"@id\":\"https:\/\/labochem.com.vn\/en\/s\u1ea3n ph\u1ea9m\/can-ky-thuat-2-so-le-2100g-x-001g-pa2102-ohaus\/#primaryimage\"},\"thumbnailUrl\":\"https:\/\/labochem.com.vn\/wp-content\/uploads\/2020\/05\/can-ky-thuat-pa512-ohaus.jpg\",\"datePublished\":\"2020-05-16T03:03:50+00:00\",\"dateModified\":\"2020-06-23T01:25:40+00:00\",\"breadcrumb\":{\"@id\":\"https:\/\/labochem.com.vn\/en\/s\u1ea3n ph\u1ea9m\/can-ky-thuat-2-so-le-2100g-x-001g-pa2102-ohaus\/#breadcrumb\"},\"inLanguage\":\"en-US\",\"potentialAction\":[{\"@type\":\"ReadAction\",\"target\":[\"https:\/\/labochem.com.vn\/en\/s\u1ea3n ph\u1ea9m\/can-ky-thuat-2-so-le-2100g-x-001g-pa2102-ohaus\/\"]}]},{\"@type\":\"ImageObject\",\"inLanguage\":\"en-US\",\"@id\":\"https:\/\/labochem.com.vn\/en\/s\u1ea3n ph\u1ea9m\/can-ky-thuat-2-so-le-2100g-x-001g-pa2102-ohaus\/#primaryimage\",\"url\":\"https:\/\/labochem.com.vn\/wp-content\/uploads\/2020\/05\/can-ky-thuat-pa512-ohaus.jpg\",\"contentUrl\":\"https:\/\/labochem.com.vn\/wp-content\/uploads\/2020\/05\/can-ky-thuat-pa512-ohaus.jpg\",\"width\":500,\"height\":500},{\"@type\":\"BreadcrumbList\",\"@id\":\"https:\/\/labochem.com.vn\/en\/s\u1ea3n ph\u1ea9m\/can-ky-thuat-2-so-le-2100g-x-001g-pa2102-ohaus\/#breadcrumb\",\"itemListElement\":[{\"@type\":\"ListItem\",\"position\":1,\"name\":\"Home\",\"item\":\"https:\/\/labochem.com.vn\/\"},{\"@type\":\"ListItem\",\"position\":2,\"name\":\"C\u1eeda h\u00e0ng\",\"item\":\"https:\/\/labochem.com.vn\/mua\/\"},{\"@type\":\"ListItem\",\"position\":3,\"name\":\"(Ti\u1ebfng Vi\u1ec7t) C\u00e2n k\u1ef9 thu\u1eadt 2 s\u1ed1 l\u1ebb (2100g x 0,01g) PA2102 Ohaus\"}]},{\"@type\":\"WebSite\",\"@id\":\"https:\/\/labochem.com.vn\/#website\",\"url\":\"https:\/\/labochem.com.vn\/\",\"name\":\"C\u00f4ng ty TNHH LABOCHEM Vi\u1ec7t Nam\",\"description\":\"M\u1ed9t trang web m\u1edbi s\u1eed d\u1ee5ng WordPress\",\"potentialAction\":[{\"@type\":\"SearchAction\",\"target\":{\"@type\":\"EntryPoint\",\"urlTemplate\":\"https:\/\/labochem.com.vn\/?s={search_term_string}\"},\"query-input\":\"required name=search_term_string\"}],\"inLanguage\":\"en-US\"}]}<\/script>\n<!-- \/ Yoast SEO plugin. -->","yoast_head_json":{"title":"[:vi]C\u00e2n k\u1ef9 thu\u1eadt 2 s\u1ed1 l\u1ebb (2100g x 0,01g) PA2102 Ohaus[:] - C\u00f4ng ty TNHH LABOCHEM Vi\u1ec7t Nam","robots":{"index":"index","follow":"follow","max-snippet":"max-snippet:-1","max-image-preview":"max-image-preview:large","max-video-preview":"max-video-preview:-1"},"canonical":"https:\/\/labochem.com.vn\/en\/s\u1ea3n ph\u1ea9m\/can-ky-thuat-2-so-le-2100g-x-001g-pa2102-ohaus\/","og_locale":"en_US","og_type":"article","og_title":"[:vi]C\u00e2n k\u1ef9 thu\u1eadt 2 s\u1ed1 l\u1ebb (2100g x 0,01g) PA2102 Ohaus[:] - C\u00f4ng ty TNHH LABOCHEM Vi\u1ec7t Nam","og_description":"[:vi]C\u00e2n k\u1ef9 thu\u1eadt 2 s\u1ed1 l\u1ebb (2100g x 0,01g) PA2102 Ohaus - M\u1ef9 l\u00e0 d\u00f2ng c\u00e2n c\u00f3 \u0111\u1ed9 ch\u00ednh x\u00e1c cao v\u00e0 \u0111\u01b0\u1ee3c thi\u1ebft k\u1ebf cho vi\u1ec7c c\u00e2n tr\u1ecdng l\u01b0\u1ee3ng c\u01a1 b\u1ea3n c\u1ee7a m\u1eabu trong c\u00e1c l\u0129nh v\u1ef1c nh\u01b0 ph\u00f2ng th\u00ed nghi\u1ec7m, c\u00f4ng nghi\u1ec7p v\u00e0 gi\u00e1o d\u1ee5c.    T\u00ean s\u1ea3n ph\u1ea9m: C\u00e2n k\u1ef9 thu\u1eadt 2 s\u1ed1 l\u1ebb (2100g x 0,01g) PA2102 Ohaus   Model: PA2102   H\u00e3ng s\u1ea3n xu\u1ea5t: Ohaus - M\u1ef9\u00a0   Xu\u1ea5t x\u1ee9: Trung Qu\u1ed1c   \u1ee8ng d\u1ee5ng: - \u0110\u01b0\u1ee3c s\u1eed d\u1ee5ng\u00a0r\u1ed9ng r\u00e3i trong c\u00e1c ng\u00e0nh d\u01b0\u1ee3c ph\u1ea9m, th\u1ef1c ph\u1ea9m, trong c\u00f4ng nghi\u1ec7p v\u00e0 n\u00f4ng nghi\u1ec7p, c\u00e1c c\u00f4ng ty s\u1ea3n xu\u1ea5t, c\u00e1c nh\u00e0 m\u00e1y, c\u00e1c ph\u00f2ng th\u00ed nghi\u1ec7m, trung t\u00e2m nghi\u00ean c\u1ee9u, c\u00e1c b\u1ec7nh vi\u1ec7n, tr\u01b0\u1eddng h\u1ecdc, c\u00e1c vi\u1ec7n \u0111o l\u01b0\u1eddng ki\u1ec3m nghi\u1ec7m.   Th\u00f4ng s\u1ed1 k\u0129 thu\u1eadt: - Kh\u1ea3 n\u0103ng c\u00e2n: 2100 g  - \u0110\u1ed9 ch\u00ednh x\u00e1c: 0.01 g  - \u0110\u1ed9 l\u1eb7p l\u1ea1i (Std, Dev): 0.01 g  - \u0110\u1ed9 tuy\u1ebfn t\u00ednh: \u00b10.02 g  - \u0110\u01a1n v\u1ecb c\u00e2n: g, kg ct, lb, oz, dwt, tical, tola, mommes, baht, grain, mesghal, Newton, ozt, teals, custom  - Ngu\u1ed3n \u0111i\u1ec7n s\u1eed d\u1ee5ng d\u00f9ng Adapter: 220-240 VAC 50\/60 Hz  - Th\u1eddi gian \u1ed5n \u0111\u1ecbnh c\u00e2n: 3 gi\u00e2y  - Ch\u1ebf \u0111\u1ed9 \u1ee9ng d\u1ee5ng: C\u00e2n kh\u1ed1i l\u01b0\u1ee3ng, c\u00e2n \u0111\u1ebfm, c\u00e2n ph\u1ea7n tr\u0103m  - Kho\u1ea3ng nhi\u1ec7t \u0111\u1ed9 m\u00f4i tr\u01b0\u1eddng ho\u1ea1t \u0111\u1ed9ng: 10-40oC\u00a0v\u1edbi \u0111\u1ed9 \u1ea9m t\u1eeb 10% \u0111\u1ebfn 80% v\u00e0 cao \u0111\u1ed9 4.000m so v\u1edbi m\u1eb7t n\u01b0\u1edbc bi\u1ec3n.  -\u00a0C\u1ed5ng RS 232 truy\u1ec1n d\u1eef li\u1ec7u ra m\u00e1y in, m\u00e1y t\u00ednh  - K\u00edch th\u01b0\u1edbc \u0111\u0129a c\u00e2n: 180mm  - K\u00edch th\u01b0\u1edbc c\u00e2n: r\u1ed9ng 19.6 x cao 9.2 x s\u00e2u 32 cm  - Kh\u1ed1i l\u01b0\u1ee3ng c\u1ee7a c\u00e2n: 3,3kg.  - K\u00edch th\u01b0\u1edbc bao b\u00ec:\u00a049.5 x 39.5 x 32.7 cm  - Kh\u1ed1i l\u01b0\u1ee3ng bao b\u00ec:\u00a05,4kg   Cung c\u1ea5p bao g\u1ed3m: - C\u00e2n ch\u00ednh  - \u0110\u0129a c\u00e2n  - AC adapter, h\u01b0\u1edbng d\u1eabn s\u1eed d\u1ee5ng ti\u1ebfng anh   [:]","og_url":"https:\/\/labochem.com.vn\/en\/s\u1ea3n ph\u1ea9m\/can-ky-thuat-2-so-le-2100g-x-001g-pa2102-ohaus\/","og_site_name":"C\u00f4ng ty TNHH LABOCHEM Vi\u1ec7t Nam","article_modified_time":"2020-06-23T01:25:40+00:00","og_image":[{"width":500,"height":500,"url":"https:\/\/labochem.com.vn\/wp-content\/uploads\/2020\/05\/can-ky-thuat-pa512-ohaus.jpg","type":"image\/jpeg"}],"twitter_card":"summary_large_image","schema":{"@context":"https:\/\/schema.org","@graph":[{"@type":"WebPage","@id":"https:\/\/labochem.com.vn\/en\/s\u1ea3n ph\u1ea9m\/can-ky-thuat-2-so-le-2100g-x-001g-pa2102-ohaus\/","url":"https:\/\/labochem.com.vn\/en\/s\u1ea3n ph\u1ea9m\/can-ky-thuat-2-so-le-2100g-x-001g-pa2102-ohaus\/","name":"[:vi]C\u00e2n k\u1ef9 thu\u1eadt 2 s\u1ed1 l\u1ebb (2100g x 0,01g) PA2102 Ohaus[:] - C\u00f4ng ty TNHH LABOCHEM Vi\u1ec7t Nam","isPartOf":{"@id":"https:\/\/labochem.com.vn\/#website"},"primaryImageOfPage":{"@id":"https:\/\/labochem.com.vn\/en\/s\u1ea3n ph\u1ea9m\/can-ky-thuat-2-so-le-2100g-x-001g-pa2102-ohaus\/#primaryimage"},"image":{"@id":"https:\/\/labochem.com.vn\/en\/s\u1ea3n ph\u1ea9m\/can-ky-thuat-2-so-le-2100g-x-001g-pa2102-ohaus\/#primaryimage"},"thumbnailUrl":"https:\/\/labochem.com.vn\/wp-content\/uploads\/2020\/05\/can-ky-thuat-pa512-ohaus.jpg","datePublished":"2020-05-16T03:03:50+00:00","dateModified":"2020-06-23T01:25:40+00:00","breadcrumb":{"@id":"https:\/\/labochem.com.vn\/en\/s\u1ea3n ph\u1ea9m\/can-ky-thuat-2-so-le-2100g-x-001g-pa2102-ohaus\/#breadcrumb"},"inLanguage":"en-US","potentialAction":[{"@type":"ReadAction","target":["https:\/\/labochem.com.vn\/en\/s\u1ea3n ph\u1ea9m\/can-ky-thuat-2-so-le-2100g-x-001g-pa2102-ohaus\/"]}]},{"@type":"ImageObject","inLanguage":"en-US","@id":"https:\/\/labochem.com.vn\/en\/s\u1ea3n ph\u1ea9m\/can-ky-thuat-2-so-le-2100g-x-001g-pa2102-ohaus\/#primaryimage","url":"https:\/\/labochem.com.vn\/wp-content\/uploads\/2020\/05\/can-ky-thuat-pa512-ohaus.jpg","contentUrl":"https:\/\/labochem.com.vn\/wp-content\/uploads\/2020\/05\/can-ky-thuat-pa512-ohaus.jpg","width":500,"height":500},{"@type":"BreadcrumbList","@id":"https:\/\/labochem.com.vn\/en\/s\u1ea3n ph\u1ea9m\/can-ky-thuat-2-so-le-2100g-x-001g-pa2102-ohaus\/#breadcrumb","itemListElement":[{"@type":"ListItem","position":1,"name":"Home","item":"https:\/\/labochem.com.vn\/"},{"@type":"ListItem","position":2,"name":"C\u1eeda h\u00e0ng","item":"https:\/\/labochem.com.vn\/mua\/"},{"@type":"ListItem","position":3,"name":"(Ti\u1ebfng Vi\u1ec7t) C\u00e2n k\u1ef9 thu\u1eadt 2 s\u1ed1 l\u1ebb (2100g x 0,01g) PA2102 Ohaus"}]},{"@type":"WebSite","@id":"https:\/\/labochem.com.vn\/#website","url":"https:\/\/labochem.com.vn\/","name":"C\u00f4ng ty TNHH LABOCHEM Vi\u1ec7t Nam","description":"M\u1ed9t trang web m\u1edbi s\u1eed d\u1ee5ng WordPress","potentialAction":[{"@type":"SearchAction","target":{"@type":"EntryPoint","urlTemplate":"https:\/\/labochem.com.vn\/?s={search_term_string}"},"query-input":"required name=search_term_string"}],"inLanguage":"en-US"}]}},"_links":{"self":[{"href":"https:\/\/labochem.com.vn\/en\/wp-json\/wp\/v2\/product\/793"}],"collection":[{"href":"https:\/\/labochem.com.vn\/en\/wp-json\/wp\/v2\/product"}],"about":[{"href":"https:\/\/labochem.com.vn\/en\/wp-json\/wp\/v2\/types\/product"}],"replies":[{"embeddable":true,"href":"https:\/\/labochem.com.vn\/en\/wp-json\/wp\/v2\/comments?post=793"}],"wp:featuredmedia":[{"embeddable":true,"href":"https:\/\/labochem.com.vn\/en\/wp-json\/wp\/v2\/media\/794"}],"wp:attachment":[{"href":"https:\/\/labochem.com.vn\/en\/wp-json\/wp\/v2\/media?parent=793"}],"wp:term":[{"taxonomy":"product_cat","embeddable":true,"href":"https:\/\/labochem.com.vn\/en\/wp-json\/wp\/v2\/product_cat?post=793"},{"taxonomy":"product_tag","embeddable":true,"href":"https:\/\/labochem.com.vn\/en\/wp-json\/wp\/v2\/product_tag?post=793"}],"curies":[{"name":"wp","href":"https:\/\/api.w.org\/{rel}","templated":true}]}}