{"id":791,"date":"2020-05-16T03:00:51","date_gmt":"2020-05-16T03:00:51","guid":{"rendered":"https:\/\/labochem.com.vn\/?post_type=product&#038;p=791"},"modified":"2020-06-23T01:26:16","modified_gmt":"2020-06-23T01:26:16","slug":"can-phan-tich-4-so-le-chuan-ngoai-210g-x-0-0001g-pa214-ohaus","status":"publish","type":"product","link":"https:\/\/labochem.com.vn\/en\/s\u1ea3n ph\u1ea9m\/can-phan-tich-4-so-le-chuan-ngoai-210g-x-0-0001g-pa214-ohaus\/","title":{"rendered":"(Ti\u1ebfng Vi\u1ec7t) C\u00e2n ph\u00e2n t\u00edch 4 s\u1ed1 l\u1ebb chu\u1ea9n ngo\u1ea1i (210g x 0.0001g) PA214 Ohaus"},"content":{"rendered":"","protected":false},"excerpt":{"rendered":"<p class=\"qtranxs-available-languages-message qtranxs-available-languages-message-en\">Sorry, this entry is only available in <a href=\"https:\/\/labochem.com.vn\/vi\/wp-json\/wp\/v2\/product\/791\" class=\"qtranxs-available-language-link qtranxs-available-language-link-vi\" title=\"Ti\u1ebfng Vi\u1ec7t\">Ti\u1ebfng Vi\u1ec7t<\/a>.<\/p>\n","protected":false},"featured_media":792,"comment_status":"open","ping_status":"closed","template":"","meta":[],"product_cat":[454],"product_tag":[290],"yoast_head":"<!-- This site is optimized with the Yoast SEO plugin v22.6 - https:\/\/yoast.com\/wordpress\/plugins\/seo\/ -->\n<title><\/title>\n<meta name=\"robots\" content=\"index, follow, max-snippet:-1, max-image-preview:large, max-video-preview:-1\" \/>\n<link rel=\"canonical\" href=\"https:\/\/labochem.com.vn\/en\/s\u1ea3n%20ph\u1ea9m\/can-phan-tich-4-so-le-chuan-ngoai-210g-x-0-0001g-pa214-ohaus\/\" \/>\n<meta property=\"og:locale\" content=\"en_US\" \/>\n<meta property=\"og:type\" content=\"article\" \/>\n<meta property=\"og:title\" content=\"[:vi]C\u00e2n ph\u00e2n t\u00edch 4 s\u1ed1 l\u1ebb chu\u1ea9n ngo\u1ea1i (210g x 0.0001g) PA214 Ohaus[:] - C\u00f4ng ty TNHH LABOCHEM Vi\u1ec7t Nam\" \/>\n<meta property=\"og:description\" content=\"[:vi]C\u00e2n ph\u00e2n t\u00edch \u0111i\u1ec7n t\u1eed chuy\u00ean d\u00f9ng ph\u00f2ng ph\u00e2n t\u00edch, ph\u00f2ng th\u00ed nghi\u1ec7m, c\u00e2n v\u00e0ng,\u2026 nh\u1eefng n\u01a1i c\u00f3 y\u00eau c\u1ea7u v\u1ec1 \u0111\u1ed9 ch\u00ednh x\u00e1c cao. C\u00e2n chu\u1ea9n ngo\u1ea1i c\u00f3 c\u1ed5ng RS232 k\u1ebft n\u1ed1i m\u00e1y in, m\u00e1y t\u00ednh.     T\u00ean s\u1ea3n ph\u1ea9m: C\u00e2n ph\u00e2n t\u00edch 4 s\u1ed1 l\u1ebb chu\u1ea9n ngo\u1ea1i (210g x 0.0001g) PA214 Ohaus   Model: PA214   H\u00e3ng s\u1ea3n xu\u1ea5t: Ohaus - M\u1ef9   Xu\u1ea5t x\u1ee9: Trung Qu\u1ed1c   \u1ee8ng d\u1ee5ng: \u1ee8ng d\u1ee5ng r\u1ed9ng r\u00e3i trong c\u00e1c ng\u00e0nh d\u01b0\u1ee3c ph\u1ea9m, th\u1ef1c ph\u1ea9m, trong c\u00f4ng nghi\u1ec7p v\u00e0 n\u00f4ng nghi\u1ec7p, c\u00e1c c\u00f4ng ty s\u1ea3n xu\u1ea5t, c\u00e1c nh\u00e0 m\u00e1y, c\u00e1c ph\u00f2ng th\u00ed nghi\u1ec7m, trung t\u00e2m nghi\u00ean c\u1ee9u, c\u00e1c b\u1ec7nh vi\u1ec7n, tr\u01b0\u1eddng h\u1ecdc, c\u00e1c vi\u1ec7n \u0111o l\u01b0\u1eddng ki\u1ec3m nghi\u1ec7m.   Th\u00f4ng s\u1ed1 k\u1ef9 thu\u1eadt: - C\u00e2n chu\u1ea9n ngo\u1ea1i  -\u00a0Kh\u1ea3 n\u0103ng c\u00e2n: 210 g  -\u00a0\u0110\u1ed9 \u0111\u1ecdc: 0.0001 g  -\u00a0\u0110\u1ed9 l\u1eb7p l\u1ea1i: 0.0001 g  -\u00a0\u0110\u1ed9 tuy\u1ebfn t\u00ednh: \u00b1 0.0003 g  -\u00a0Ch\u1ee9c n\u0103ng c\u00e2n: tr\u1ecdng l\u01b0\u1ee3ng, \u0111\u1ebfm, ph\u1ea7n tr\u0103m  -\u00a0\u0110\u01a1n v\u1ecb c\u00e2n: mg, g, ct, oz, dwt, tical, tola, mommes, baht, grain, mesghals, Newton, ozt, teals.  -\u00a0Th\u1eddi gian tr\u1eeb b\u00ec: 1 gi\u00e2y  -\u00a0Th\u1eddi gian \u1ed5n \u0111\u1ecbnh: 3 gi\u00e2y  -\u00a0 M\u1eb7t c\u00e2n b\u1eb1ng th\u00e9p kh\u00f4ng g\u1ec9, k\u00edch th\u01b0\u1edbc \u0111\u0129a c\u00e2n 90 mm  - Giao di\u1ec7n RS232  -\u00a0Chi\u1ec1u cao b\u00ean trong c\u1ee7a l\u1ed3ng k\u00ednh ch\u1eafn gi\u00f3: 185 mm  -\u00a0Kho\u1ea3ng nhi\u1ec7t \u0111\u1ed9 ho\u1ea1t \u0111\u1ed9ng:  -\u00a0M\u00f4i tr\u01b0\u1eddng ho\u1ea1t \u0111\u1ed9ng: - 40oC \u0111\u1ebfn 70oC t\u1ea1i \u0111\u1ed9 \u1ea9m 10% \u0111\u1ebfn 80%.  -\u00a0Tr\u1ecdng l\u01b0\u1ee3ng c\u00e2n: 4.5 kg  -\u00a0K\u00edch th\u01b0\u1edbc c\u00e2n: r\u1ed9ng 19.6 x cao 28.7 x s\u00e2u 32.0 cm  -\u00a0Ngu\u1ed3n \u0111i\u1ec7n: Adapter 220V, 50Hz   Cung c\u1ea5p k\u00e8m theo: + AC adapter.  + T\u00e0i li\u1ec7u h\u01b0\u1edbng d\u1eabn s\u1eed d\u1ee5ng.    &nbsp;  &nbsp;     \u00a0* T\u00ednh n\u0103ng chi ti\u1ebft\u00a0C\u00e2n ph\u00e2n t\u00edch 4 s\u1ed1 l\u1ebb chu\u1ea9n ngo\u1ea1i PA214 Ohaus  C\u00e2n ph\u00e2n t\u00edch 4 s\u1ed1 l\u1ebb chu\u1ea9n ngo\u1ea1i PA214 Ohaus  &nbsp;  - L\u1ed3ng\u00a0c\u00e2n ph\u00e2n t\u00edch\u00a0\u0111\u01b0\u1ee3c thi\u1ebft k\u1ebf linh ho\u1ea1t, d\u1ec5 d\u00e0ng th\u00e1o r\u1eddi gi\u00fap vi\u1ec7c v\u1ec7 sinh tr\u1edf l\u00ean \u0111\u01a1n gi\u1ea3n.  \u0110\u0129a c\u00e2n ph\u00e2n t\u00edch 4 s\u1ed1 l\u1ebb chu\u1ea9n ngo\u1ea1i PA214 Ohaus   - Gi\u1ecdt n\u01b0\u1edbc ch\u1ec9nh c\u00e2n b\u1eb1ng \u0111\u01b0\u1ee3c b\u1ed1 tr\u00ed ngay ph\u00eda tr\u01b0\u1edbc c\u1ee7a c\u00e2n, gi\u00fap quan s\u00e1t t\u1ed1t h\u01a1n \u0111\u1ea3m b\u1ea3o c\u00e2n ho\u1ea1t \u0111\u1ed9ng ch\u00ednh x\u00e1c.  - \u00a0Ch\u1ebf \u0111\u1ed9 l\u1ef1a ch\u1ecdn \u0111i\u1ec1u ki\u1ec7n l\u00e0m vi\u1ec7c v\u1edbi c\u00e1c ch\u1ebf \u0111\u1ed9 Trung b\u00ecnh\/Cao\/Th\u1ea5p. Khi ho\u1ea1t \u0111\u1ed9ng trong \u0111i\u1ec1u ki\u1ec7n\u00a0 m\u00f4i tr\u01b0\u1eddng kh\u1eafc nghi\u1ec7t, c\u00e2n s\u1ebd t\u1ef1 \u0111\u1ed9ng b\u00f9i tr\u1eeb do rung hay nhi\u1ec5m \u0111\u1ed9ng. Ng\u01b0\u1ee3c l\u1ea1i v\u1edbi m\u00f4i tr\u01b0\u1eddng t\u1ed1t h\u01a1n, c\u00e2n s\u1ebd t\u0103ng \u0111\u1ed9 nh\u1ea1y \u0111\u1ec3 \u0111\u1ea3m b\u1ea3o \u0111\u1ed9 ch\u00ednh x\u00e1c c\u1ee7a ph\u00e9p \u0111o.  - Ch\u1ebf \u0111\u1ed9 chu\u1ea9n c\u00e2n AutoCal cho ph\u00e9p chu\u1ea9n c\u00e2n t\u1ef1 \u0111\u1ed9ng v\u1edbi qu\u1ea3 n\u1ed9i chu\u1ea9n hay qu\u1ea3 c\u00e2n ngo\u00e0i.  M\u00e0n h\u00ecnh LCD\u00a0C\u00e2n ph\u00e2n t\u00edch 4 s\u1ed1 l\u1ebb chu\u1ea9n ngo\u1ea1i PA214 Ohaus  &nbsp;  N\u00fat \u0111i\u1ec1u khi\u1ec3n\u00a0C\u00e2n ph\u00e2n t\u00edch 4 s\u1ed1 l\u1ebb chu\u1ea9n ngo\u1ea1i PA214 Ohaus  [:]\" \/>\n<meta property=\"og:url\" content=\"https:\/\/labochem.com.vn\/en\/s\u1ea3n ph\u1ea9m\/can-phan-tich-4-so-le-chuan-ngoai-210g-x-0-0001g-pa214-ohaus\/\" \/>\n<meta property=\"og:site_name\" content=\"C\u00f4ng ty TNHH LABOCHEM Vi\u1ec7t Nam\" \/>\n<meta property=\"article:modified_time\" content=\"2020-06-23T01:26:16+00:00\" \/>\n<meta property=\"og:image\" content=\"https:\/\/labochem.com.vn\/wp-content\/uploads\/2020\/05\/can-phan-tich-ohaus-pa214-image1.jpg\" \/>\n\t<meta property=\"og:image:width\" content=\"495\" \/>\n\t<meta property=\"og:image:height\" content=\"495\" \/>\n\t<meta property=\"og:image:type\" content=\"image\/jpeg\" \/>\n<meta name=\"twitter:card\" content=\"summary_large_image\" \/>\n<script type=\"application\/ld+json\" class=\"yoast-schema-graph\">{\"@context\":\"https:\/\/schema.org\",\"@graph\":[{\"@type\":\"WebPage\",\"@id\":\"https:\/\/labochem.com.vn\/en\/s\u1ea3n ph\u1ea9m\/can-phan-tich-4-so-le-chuan-ngoai-210g-x-0-0001g-pa214-ohaus\/\",\"url\":\"https:\/\/labochem.com.vn\/en\/s\u1ea3n ph\u1ea9m\/can-phan-tich-4-so-le-chuan-ngoai-210g-x-0-0001g-pa214-ohaus\/\",\"name\":\"[:vi]C\u00e2n ph\u00e2n t\u00edch 4 s\u1ed1 l\u1ebb chu\u1ea9n ngo\u1ea1i (210g x 0.0001g) PA214 Ohaus[:] - C\u00f4ng ty TNHH LABOCHEM Vi\u1ec7t Nam\",\"isPartOf\":{\"@id\":\"https:\/\/labochem.com.vn\/#website\"},\"primaryImageOfPage\":{\"@id\":\"https:\/\/labochem.com.vn\/en\/s\u1ea3n ph\u1ea9m\/can-phan-tich-4-so-le-chuan-ngoai-210g-x-0-0001g-pa214-ohaus\/#primaryimage\"},\"image\":{\"@id\":\"https:\/\/labochem.com.vn\/en\/s\u1ea3n ph\u1ea9m\/can-phan-tich-4-so-le-chuan-ngoai-210g-x-0-0001g-pa214-ohaus\/#primaryimage\"},\"thumbnailUrl\":\"https:\/\/labochem.com.vn\/wp-content\/uploads\/2020\/05\/can-phan-tich-ohaus-pa214-image1.jpg\",\"datePublished\":\"2020-05-16T03:00:51+00:00\",\"dateModified\":\"2020-06-23T01:26:16+00:00\",\"breadcrumb\":{\"@id\":\"https:\/\/labochem.com.vn\/en\/s\u1ea3n ph\u1ea9m\/can-phan-tich-4-so-le-chuan-ngoai-210g-x-0-0001g-pa214-ohaus\/#breadcrumb\"},\"inLanguage\":\"en-US\",\"potentialAction\":[{\"@type\":\"ReadAction\",\"target\":[\"https:\/\/labochem.com.vn\/en\/s\u1ea3n ph\u1ea9m\/can-phan-tich-4-so-le-chuan-ngoai-210g-x-0-0001g-pa214-ohaus\/\"]}]},{\"@type\":\"ImageObject\",\"inLanguage\":\"en-US\",\"@id\":\"https:\/\/labochem.com.vn\/en\/s\u1ea3n ph\u1ea9m\/can-phan-tich-4-so-le-chuan-ngoai-210g-x-0-0001g-pa214-ohaus\/#primaryimage\",\"url\":\"https:\/\/labochem.com.vn\/wp-content\/uploads\/2020\/05\/can-phan-tich-ohaus-pa214-image1.jpg\",\"contentUrl\":\"https:\/\/labochem.com.vn\/wp-content\/uploads\/2020\/05\/can-phan-tich-ohaus-pa214-image1.jpg\",\"width\":495,\"height\":495},{\"@type\":\"BreadcrumbList\",\"@id\":\"https:\/\/labochem.com.vn\/en\/s\u1ea3n ph\u1ea9m\/can-phan-tich-4-so-le-chuan-ngoai-210g-x-0-0001g-pa214-ohaus\/#breadcrumb\",\"itemListElement\":[{\"@type\":\"ListItem\",\"position\":1,\"name\":\"Home\",\"item\":\"https:\/\/labochem.com.vn\/\"},{\"@type\":\"ListItem\",\"position\":2,\"name\":\"C\u1eeda h\u00e0ng\",\"item\":\"https:\/\/labochem.com.vn\/mua\/\"},{\"@type\":\"ListItem\",\"position\":3,\"name\":\"(Ti\u1ebfng Vi\u1ec7t) C\u00e2n ph\u00e2n t\u00edch 4 s\u1ed1 l\u1ebb chu\u1ea9n ngo\u1ea1i (210g x 0.0001g) PA214 Ohaus\"}]},{\"@type\":\"WebSite\",\"@id\":\"https:\/\/labochem.com.vn\/#website\",\"url\":\"https:\/\/labochem.com.vn\/\",\"name\":\"C\u00f4ng ty TNHH LABOCHEM Vi\u1ec7t Nam\",\"description\":\"M\u1ed9t trang web m\u1edbi s\u1eed d\u1ee5ng WordPress\",\"potentialAction\":[{\"@type\":\"SearchAction\",\"target\":{\"@type\":\"EntryPoint\",\"urlTemplate\":\"https:\/\/labochem.com.vn\/?s={search_term_string}\"},\"query-input\":\"required name=search_term_string\"}],\"inLanguage\":\"en-US\"}]}<\/script>\n<!-- \/ Yoast SEO plugin. -->","yoast_head_json":{"title":"[:vi]C\u00e2n ph\u00e2n t\u00edch 4 s\u1ed1 l\u1ebb chu\u1ea9n ngo\u1ea1i (210g x 0.0001g) PA214 Ohaus[:] - C\u00f4ng ty TNHH LABOCHEM Vi\u1ec7t Nam","robots":{"index":"index","follow":"follow","max-snippet":"max-snippet:-1","max-image-preview":"max-image-preview:large","max-video-preview":"max-video-preview:-1"},"canonical":"https:\/\/labochem.com.vn\/en\/s\u1ea3n ph\u1ea9m\/can-phan-tich-4-so-le-chuan-ngoai-210g-x-0-0001g-pa214-ohaus\/","og_locale":"en_US","og_type":"article","og_title":"[:vi]C\u00e2n ph\u00e2n t\u00edch 4 s\u1ed1 l\u1ebb chu\u1ea9n ngo\u1ea1i (210g x 0.0001g) PA214 Ohaus[:] - C\u00f4ng ty TNHH LABOCHEM Vi\u1ec7t Nam","og_description":"[:vi]C\u00e2n ph\u00e2n t\u00edch \u0111i\u1ec7n t\u1eed chuy\u00ean d\u00f9ng ph\u00f2ng ph\u00e2n t\u00edch, ph\u00f2ng th\u00ed nghi\u1ec7m, c\u00e2n v\u00e0ng,\u2026 nh\u1eefng n\u01a1i c\u00f3 y\u00eau c\u1ea7u v\u1ec1 \u0111\u1ed9 ch\u00ednh x\u00e1c cao. C\u00e2n chu\u1ea9n ngo\u1ea1i c\u00f3 c\u1ed5ng RS232 k\u1ebft n\u1ed1i m\u00e1y in, m\u00e1y t\u00ednh.     T\u00ean s\u1ea3n ph\u1ea9m: C\u00e2n ph\u00e2n t\u00edch 4 s\u1ed1 l\u1ebb chu\u1ea9n ngo\u1ea1i (210g x 0.0001g) PA214 Ohaus   Model: PA214   H\u00e3ng s\u1ea3n xu\u1ea5t: Ohaus - M\u1ef9   Xu\u1ea5t x\u1ee9: Trung Qu\u1ed1c   \u1ee8ng d\u1ee5ng: \u1ee8ng d\u1ee5ng r\u1ed9ng r\u00e3i trong c\u00e1c ng\u00e0nh d\u01b0\u1ee3c ph\u1ea9m, th\u1ef1c ph\u1ea9m, trong c\u00f4ng nghi\u1ec7p v\u00e0 n\u00f4ng nghi\u1ec7p, c\u00e1c c\u00f4ng ty s\u1ea3n xu\u1ea5t, c\u00e1c nh\u00e0 m\u00e1y, c\u00e1c ph\u00f2ng th\u00ed nghi\u1ec7m, trung t\u00e2m nghi\u00ean c\u1ee9u, c\u00e1c b\u1ec7nh vi\u1ec7n, tr\u01b0\u1eddng h\u1ecdc, c\u00e1c vi\u1ec7n \u0111o l\u01b0\u1eddng ki\u1ec3m nghi\u1ec7m.   Th\u00f4ng s\u1ed1 k\u1ef9 thu\u1eadt: - C\u00e2n chu\u1ea9n ngo\u1ea1i  -\u00a0Kh\u1ea3 n\u0103ng c\u00e2n: 210 g  -\u00a0\u0110\u1ed9 \u0111\u1ecdc: 0.0001 g  -\u00a0\u0110\u1ed9 l\u1eb7p l\u1ea1i: 0.0001 g  -\u00a0\u0110\u1ed9 tuy\u1ebfn t\u00ednh: \u00b1 0.0003 g  -\u00a0Ch\u1ee9c n\u0103ng c\u00e2n: tr\u1ecdng l\u01b0\u1ee3ng, \u0111\u1ebfm, ph\u1ea7n tr\u0103m  -\u00a0\u0110\u01a1n v\u1ecb c\u00e2n: mg, g, ct, oz, dwt, tical, tola, mommes, baht, grain, mesghals, Newton, ozt, teals.  -\u00a0Th\u1eddi gian tr\u1eeb b\u00ec: 1 gi\u00e2y  -\u00a0Th\u1eddi gian \u1ed5n \u0111\u1ecbnh: 3 gi\u00e2y  -\u00a0 M\u1eb7t c\u00e2n b\u1eb1ng th\u00e9p kh\u00f4ng g\u1ec9, k\u00edch th\u01b0\u1edbc \u0111\u0129a c\u00e2n 90 mm  - Giao di\u1ec7n RS232  -\u00a0Chi\u1ec1u cao b\u00ean trong c\u1ee7a l\u1ed3ng k\u00ednh ch\u1eafn gi\u00f3: 185 mm  -\u00a0Kho\u1ea3ng nhi\u1ec7t \u0111\u1ed9 ho\u1ea1t \u0111\u1ed9ng:  -\u00a0M\u00f4i tr\u01b0\u1eddng ho\u1ea1t \u0111\u1ed9ng: - 40oC \u0111\u1ebfn 70oC t\u1ea1i \u0111\u1ed9 \u1ea9m 10% \u0111\u1ebfn 80%.  -\u00a0Tr\u1ecdng l\u01b0\u1ee3ng c\u00e2n: 4.5 kg  -\u00a0K\u00edch th\u01b0\u1edbc c\u00e2n: r\u1ed9ng 19.6 x cao 28.7 x s\u00e2u 32.0 cm  -\u00a0Ngu\u1ed3n \u0111i\u1ec7n: Adapter 220V, 50Hz   Cung c\u1ea5p k\u00e8m theo: + AC adapter.  + T\u00e0i li\u1ec7u h\u01b0\u1edbng d\u1eabn s\u1eed d\u1ee5ng.    &nbsp;  &nbsp;     \u00a0* T\u00ednh n\u0103ng chi ti\u1ebft\u00a0C\u00e2n ph\u00e2n t\u00edch 4 s\u1ed1 l\u1ebb chu\u1ea9n ngo\u1ea1i PA214 Ohaus  C\u00e2n ph\u00e2n t\u00edch 4 s\u1ed1 l\u1ebb chu\u1ea9n ngo\u1ea1i PA214 Ohaus  &nbsp;  - L\u1ed3ng\u00a0c\u00e2n ph\u00e2n t\u00edch\u00a0\u0111\u01b0\u1ee3c thi\u1ebft k\u1ebf linh ho\u1ea1t, d\u1ec5 d\u00e0ng th\u00e1o r\u1eddi gi\u00fap vi\u1ec7c v\u1ec7 sinh tr\u1edf l\u00ean \u0111\u01a1n gi\u1ea3n.  \u0110\u0129a c\u00e2n ph\u00e2n t\u00edch 4 s\u1ed1 l\u1ebb chu\u1ea9n ngo\u1ea1i PA214 Ohaus   - Gi\u1ecdt n\u01b0\u1edbc ch\u1ec9nh c\u00e2n b\u1eb1ng \u0111\u01b0\u1ee3c b\u1ed1 tr\u00ed ngay ph\u00eda tr\u01b0\u1edbc c\u1ee7a c\u00e2n, gi\u00fap quan s\u00e1t t\u1ed1t h\u01a1n \u0111\u1ea3m b\u1ea3o c\u00e2n ho\u1ea1t \u0111\u1ed9ng ch\u00ednh x\u00e1c.  - \u00a0Ch\u1ebf \u0111\u1ed9 l\u1ef1a ch\u1ecdn \u0111i\u1ec1u ki\u1ec7n l\u00e0m vi\u1ec7c v\u1edbi c\u00e1c ch\u1ebf \u0111\u1ed9 Trung b\u00ecnh\/Cao\/Th\u1ea5p. Khi ho\u1ea1t \u0111\u1ed9ng trong \u0111i\u1ec1u ki\u1ec7n\u00a0 m\u00f4i tr\u01b0\u1eddng kh\u1eafc nghi\u1ec7t, c\u00e2n s\u1ebd t\u1ef1 \u0111\u1ed9ng b\u00f9i tr\u1eeb do rung hay nhi\u1ec5m \u0111\u1ed9ng. Ng\u01b0\u1ee3c l\u1ea1i v\u1edbi m\u00f4i tr\u01b0\u1eddng t\u1ed1t h\u01a1n, c\u00e2n s\u1ebd t\u0103ng \u0111\u1ed9 nh\u1ea1y \u0111\u1ec3 \u0111\u1ea3m b\u1ea3o \u0111\u1ed9 ch\u00ednh x\u00e1c c\u1ee7a ph\u00e9p \u0111o.  - Ch\u1ebf \u0111\u1ed9 chu\u1ea9n c\u00e2n AutoCal cho ph\u00e9p chu\u1ea9n c\u00e2n t\u1ef1 \u0111\u1ed9ng v\u1edbi qu\u1ea3 n\u1ed9i chu\u1ea9n hay qu\u1ea3 c\u00e2n ngo\u00e0i.  M\u00e0n h\u00ecnh LCD\u00a0C\u00e2n ph\u00e2n t\u00edch 4 s\u1ed1 l\u1ebb chu\u1ea9n ngo\u1ea1i PA214 Ohaus  &nbsp;  N\u00fat \u0111i\u1ec1u khi\u1ec3n\u00a0C\u00e2n ph\u00e2n t\u00edch 4 s\u1ed1 l\u1ebb chu\u1ea9n ngo\u1ea1i PA214 Ohaus  [:]","og_url":"https:\/\/labochem.com.vn\/en\/s\u1ea3n ph\u1ea9m\/can-phan-tich-4-so-le-chuan-ngoai-210g-x-0-0001g-pa214-ohaus\/","og_site_name":"C\u00f4ng ty TNHH LABOCHEM Vi\u1ec7t Nam","article_modified_time":"2020-06-23T01:26:16+00:00","og_image":[{"width":495,"height":495,"url":"https:\/\/labochem.com.vn\/wp-content\/uploads\/2020\/05\/can-phan-tich-ohaus-pa214-image1.jpg","type":"image\/jpeg"}],"twitter_card":"summary_large_image","schema":{"@context":"https:\/\/schema.org","@graph":[{"@type":"WebPage","@id":"https:\/\/labochem.com.vn\/en\/s\u1ea3n ph\u1ea9m\/can-phan-tich-4-so-le-chuan-ngoai-210g-x-0-0001g-pa214-ohaus\/","url":"https:\/\/labochem.com.vn\/en\/s\u1ea3n ph\u1ea9m\/can-phan-tich-4-so-le-chuan-ngoai-210g-x-0-0001g-pa214-ohaus\/","name":"[:vi]C\u00e2n ph\u00e2n t\u00edch 4 s\u1ed1 l\u1ebb chu\u1ea9n ngo\u1ea1i (210g x 0.0001g) PA214 Ohaus[:] - C\u00f4ng ty TNHH LABOCHEM Vi\u1ec7t Nam","isPartOf":{"@id":"https:\/\/labochem.com.vn\/#website"},"primaryImageOfPage":{"@id":"https:\/\/labochem.com.vn\/en\/s\u1ea3n ph\u1ea9m\/can-phan-tich-4-so-le-chuan-ngoai-210g-x-0-0001g-pa214-ohaus\/#primaryimage"},"image":{"@id":"https:\/\/labochem.com.vn\/en\/s\u1ea3n ph\u1ea9m\/can-phan-tich-4-so-le-chuan-ngoai-210g-x-0-0001g-pa214-ohaus\/#primaryimage"},"thumbnailUrl":"https:\/\/labochem.com.vn\/wp-content\/uploads\/2020\/05\/can-phan-tich-ohaus-pa214-image1.jpg","datePublished":"2020-05-16T03:00:51+00:00","dateModified":"2020-06-23T01:26:16+00:00","breadcrumb":{"@id":"https:\/\/labochem.com.vn\/en\/s\u1ea3n ph\u1ea9m\/can-phan-tich-4-so-le-chuan-ngoai-210g-x-0-0001g-pa214-ohaus\/#breadcrumb"},"inLanguage":"en-US","potentialAction":[{"@type":"ReadAction","target":["https:\/\/labochem.com.vn\/en\/s\u1ea3n ph\u1ea9m\/can-phan-tich-4-so-le-chuan-ngoai-210g-x-0-0001g-pa214-ohaus\/"]}]},{"@type":"ImageObject","inLanguage":"en-US","@id":"https:\/\/labochem.com.vn\/en\/s\u1ea3n ph\u1ea9m\/can-phan-tich-4-so-le-chuan-ngoai-210g-x-0-0001g-pa214-ohaus\/#primaryimage","url":"https:\/\/labochem.com.vn\/wp-content\/uploads\/2020\/05\/can-phan-tich-ohaus-pa214-image1.jpg","contentUrl":"https:\/\/labochem.com.vn\/wp-content\/uploads\/2020\/05\/can-phan-tich-ohaus-pa214-image1.jpg","width":495,"height":495},{"@type":"BreadcrumbList","@id":"https:\/\/labochem.com.vn\/en\/s\u1ea3n ph\u1ea9m\/can-phan-tich-4-so-le-chuan-ngoai-210g-x-0-0001g-pa214-ohaus\/#breadcrumb","itemListElement":[{"@type":"ListItem","position":1,"name":"Home","item":"https:\/\/labochem.com.vn\/"},{"@type":"ListItem","position":2,"name":"C\u1eeda h\u00e0ng","item":"https:\/\/labochem.com.vn\/mua\/"},{"@type":"ListItem","position":3,"name":"(Ti\u1ebfng Vi\u1ec7t) C\u00e2n ph\u00e2n t\u00edch 4 s\u1ed1 l\u1ebb chu\u1ea9n ngo\u1ea1i (210g x 0.0001g) PA214 Ohaus"}]},{"@type":"WebSite","@id":"https:\/\/labochem.com.vn\/#website","url":"https:\/\/labochem.com.vn\/","name":"C\u00f4ng ty TNHH LABOCHEM Vi\u1ec7t Nam","description":"M\u1ed9t trang web m\u1edbi s\u1eed d\u1ee5ng WordPress","potentialAction":[{"@type":"SearchAction","target":{"@type":"EntryPoint","urlTemplate":"https:\/\/labochem.com.vn\/?s={search_term_string}"},"query-input":"required name=search_term_string"}],"inLanguage":"en-US"}]}},"_links":{"self":[{"href":"https:\/\/labochem.com.vn\/en\/wp-json\/wp\/v2\/product\/791"}],"collection":[{"href":"https:\/\/labochem.com.vn\/en\/wp-json\/wp\/v2\/product"}],"about":[{"href":"https:\/\/labochem.com.vn\/en\/wp-json\/wp\/v2\/types\/product"}],"replies":[{"embeddable":true,"href":"https:\/\/labochem.com.vn\/en\/wp-json\/wp\/v2\/comments?post=791"}],"wp:featuredmedia":[{"embeddable":true,"href":"https:\/\/labochem.com.vn\/en\/wp-json\/wp\/v2\/media\/792"}],"wp:attachment":[{"href":"https:\/\/labochem.com.vn\/en\/wp-json\/wp\/v2\/media?parent=791"}],"wp:term":[{"taxonomy":"product_cat","embeddable":true,"href":"https:\/\/labochem.com.vn\/en\/wp-json\/wp\/v2\/product_cat?post=791"},{"taxonomy":"product_tag","embeddable":true,"href":"https:\/\/labochem.com.vn\/en\/wp-json\/wp\/v2\/product_tag?post=791"}],"curies":[{"name":"wp","href":"https:\/\/api.w.org\/{rel}","templated":true}]}}