{"id":786,"date":"2020-05-15T04:48:08","date_gmt":"2020-05-15T04:48:08","guid":{"rendered":"https:\/\/labochem.com.vn\/?post_type=product&#038;p=786"},"modified":"2020-05-15T04:48:09","modified_gmt":"2020-05-15T04:48:09","slug":"but-do-ph-nhiet-do-hi98128-hanna","status":"publish","type":"product","link":"https:\/\/labochem.com.vn\/en\/s\u1ea3n ph\u1ea9m\/but-do-ph-nhiet-do-hi98128-hanna\/","title":{"rendered":"(Ti\u1ebfng Vi\u1ec7t) B\u00fat \u0111o pH\/Nhi\u1ec7t \u0111\u1ed9 HI98128 Hanna"},"content":{"rendered":"","protected":false},"excerpt":{"rendered":"<p class=\"qtranxs-available-languages-message qtranxs-available-languages-message-en\">Sorry, this entry is only available in <a href=\"https:\/\/labochem.com.vn\/vi\/wp-json\/wp\/v2\/product\/786\" class=\"qtranxs-available-language-link qtranxs-available-language-link-vi\" title=\"Ti\u1ebfng Vi\u1ec7t\">Ti\u1ebfng Vi\u1ec7t<\/a>.<\/p>\n","protected":false},"featured_media":787,"comment_status":"open","ping_status":"closed","template":"","meta":[],"product_cat":[278],"product_tag":[287],"yoast_head":"<!-- This site is optimized with the Yoast SEO plugin v22.6 - https:\/\/yoast.com\/wordpress\/plugins\/seo\/ -->\n<title><\/title>\n<meta name=\"robots\" content=\"index, follow, max-snippet:-1, max-image-preview:large, max-video-preview:-1\" \/>\n<link rel=\"canonical\" href=\"https:\/\/labochem.com.vn\/en\/s\u1ea3n%20ph\u1ea9m\/but-do-ph-nhiet-do-hi98128-hanna\/\" \/>\n<meta property=\"og:locale\" content=\"en_US\" \/>\n<meta property=\"og:type\" content=\"article\" \/>\n<meta property=\"og:title\" content=\"[:vi]B\u00fat \u0111o pH\/Nhi\u1ec7t \u0111\u1ed9 HI98128 Hanna[:] - C\u00f4ng ty TNHH LABOCHEM Vi\u1ec7t Nam\" \/>\n<meta property=\"og:description\" content=\"[:vi]B\u00fat \u0111o pH\/Nhi\u1ec7t \u0111\u1ed9 HI98128 Hanna v\u1edbi thi\u1ebft k\u1ebf nh\u1ecf g\u1ecdn, s\u1eed d\u1ee5ng \u0111\u01a1n gi\u1ea3n ti\u1ec7n l\u1ee3i chuy\u00ean \u0111\u00f9ng \u0111\u1ec3 \u0111o pH v\u00e0 nhi\u1ec7t \u0111\u1ed9 trong dung d\u1ecbch. Th\u00edch h\u1ee3p v\u1edbi c\u00e1c \u1ee9ng d\u1ee5ng li\u00ean quan \u0111\u1ebfn vi\u1ec7c \u0111o v\u00e0 ki\u1ec3m so\u00e1t pH hay nhi\u1ec7t \u0111\u1ed9 nh\u01b0: trong nu\u00f4i trong th\u1ee7y s\u1ea3n, trong c\u00e1c ph\u00f2ng lab, vi\u1ec7n nghi\u00ean c\u1ee9u, tr\u01b0\u1eddng h\u1ecdc c\u00e1c t\u1ed5 ch\u1ee9c hay c\u00e1 nh\u00e2n c\u00f3 nhu c\u1ea7u.    T\u00ean s\u1ea3n ph\u1ea9m:\u00a0 \u00a0B\u00fat \u0111o pH\/Nhi\u1ec7t \u0111\u1ed9 HI98128 Hanna   \u00a0Code \/ Model:\u00a0 \u00a0HI98128   \u00a0H\u00e3ng - Xu\u1ea5t x\u1ee9 :\u00a0 \u00a0Hanna - \u00dd\u00a0   \u00a0\u1ee8ng d\u1ee5ng:\u00a0 Chuy\u00ean \u0111\u00f9ng \u0111\u1ec3 \u0111o pH v\u00e0 nhi\u1ec7t \u0111\u1ed9 trong dung d\u1ecbch. Th\u00edch h\u1ee3p v\u1edbi c\u00e1c \u1ee9ng d\u1ee5ng li\u00ean quan \u0111\u1ebfn vi\u1ec7c \u0111o v\u00e0 ki\u1ec3m so\u00e1t pH hay nhi\u1ec7t \u0111\u1ed9 nh\u01b0: trong nu\u00f4i trong th\u1ee7y s\u1ea3n, trong c\u00e1c ph\u00f2ng lab, vi\u1ec7n nghi\u00ean c\u1ee9u, tr\u01b0\u1eddng h\u1ecdc c\u00e1c t\u1ed5 ch\u1ee9c hay c\u00e1 nh\u00e2n c\u00f3 nhu c\u1ea7u.   \u00a0Th\u00f4ng s\u1ed1 k\u0129 thu\u1eadt:\u00a0 - Thang \u0111o PH: -2.00 - 16.00 pH  - \u0110\u1ed9 chu\u1ea9n: Automatic, 1 ho\u1eb7c 2 \u0111i\u1ec3m v\u1edbi 2 set nh\u1edb \u0111\u1ec7m (pH 4.01\/7.01\/10.01 ho\u1eb7c 4.01\/6.86\/9.18)  - \u0110\u1ed9 ch\u00ednh x\u00e1c: \u00b10.05 pH  - B\u00f9 nhi\u1ec7t \u0111\u1ed9: T\u1ef1 \u0111\u1ed9ng  - Thang \u0111o nhi\u1ec7t \u0111\u1ed9: -5.0 to 60.0\u00b0C  - \u0110\u1ed9 ph\u00e2n gi\u1ea3i nhi\u1ec7t \u0111\u1ed9: 0.1\u00b0C  - \u0110\u1ed9 ch\u00ednh x\u00e1c nhi\u1ec7t \u0111\u1ed9: \u00b10.5\u00b0C  - Nhi\u1ec7t \u0111\u1ed9 v\u1eadn h\u00e0nh: 0 - 50\u00b0C  - Ngu\u1ed3n \u0111i\u1ec7n\/ Th\u1eddi gian s\u1eed d\u1ee5ng: PIN 1.5V (4)\/ 300 gi\u1edd s\u1eed d\u1ee5ng li\u00ean t\u1ee5c, t\u1ef1 \u0111\u1ed9ng t\u1eaft sau 8 ph\u00fat kh\u00f4ng s\u1eed d\u1ee5ng  - K\u00edch th\u01b0\u1edbc: 163 x 40 x 26 mm  - Tr\u1ecdng l\u01b0\u1ee3ng: 100g   \u00a0Cung c\u1ea5p bao g\u1ed3m M\u00e1y ch\u00ednh v\u1edbi \u0111i\u1ec7n c\u1ef1c HI73127 pH, d\u1ee5ng g\u1ee1 b\u1ecf \u0111i\u1ec7n c\u1ef1c HI73128, PIN, HDSD   [:]\" \/>\n<meta property=\"og:url\" content=\"https:\/\/labochem.com.vn\/en\/s\u1ea3n ph\u1ea9m\/but-do-ph-nhiet-do-hi98128-hanna\/\" \/>\n<meta property=\"og:site_name\" content=\"C\u00f4ng ty TNHH LABOCHEM Vi\u1ec7t Nam\" \/>\n<meta property=\"article:modified_time\" content=\"2020-05-15T04:48:09+00:00\" \/>\n<meta property=\"og:image\" content=\"https:\/\/labochem.com.vn\/wp-content\/uploads\/2020\/05\/hi981281.jpg\" \/>\n\t<meta property=\"og:image:width\" content=\"1200\" \/>\n\t<meta property=\"og:image:height\" content=\"1800\" \/>\n\t<meta property=\"og:image:type\" content=\"image\/jpeg\" \/>\n<meta name=\"twitter:card\" content=\"summary_large_image\" \/>\n<script type=\"application\/ld+json\" class=\"yoast-schema-graph\">{\"@context\":\"https:\/\/schema.org\",\"@graph\":[{\"@type\":\"WebPage\",\"@id\":\"https:\/\/labochem.com.vn\/en\/s\u1ea3n ph\u1ea9m\/but-do-ph-nhiet-do-hi98128-hanna\/\",\"url\":\"https:\/\/labochem.com.vn\/en\/s\u1ea3n ph\u1ea9m\/but-do-ph-nhiet-do-hi98128-hanna\/\",\"name\":\"[:vi]B\u00fat \u0111o pH\/Nhi\u1ec7t \u0111\u1ed9 HI98128 Hanna[:] - C\u00f4ng ty TNHH LABOCHEM Vi\u1ec7t Nam\",\"isPartOf\":{\"@id\":\"https:\/\/labochem.com.vn\/#website\"},\"primaryImageOfPage\":{\"@id\":\"https:\/\/labochem.com.vn\/en\/s\u1ea3n ph\u1ea9m\/but-do-ph-nhiet-do-hi98128-hanna\/#primaryimage\"},\"image\":{\"@id\":\"https:\/\/labochem.com.vn\/en\/s\u1ea3n ph\u1ea9m\/but-do-ph-nhiet-do-hi98128-hanna\/#primaryimage\"},\"thumbnailUrl\":\"https:\/\/labochem.com.vn\/wp-content\/uploads\/2020\/05\/hi981281.jpg\",\"datePublished\":\"2020-05-15T04:48:08+00:00\",\"dateModified\":\"2020-05-15T04:48:09+00:00\",\"breadcrumb\":{\"@id\":\"https:\/\/labochem.com.vn\/en\/s\u1ea3n ph\u1ea9m\/but-do-ph-nhiet-do-hi98128-hanna\/#breadcrumb\"},\"inLanguage\":\"en-US\",\"potentialAction\":[{\"@type\":\"ReadAction\",\"target\":[\"https:\/\/labochem.com.vn\/en\/s\u1ea3n ph\u1ea9m\/but-do-ph-nhiet-do-hi98128-hanna\/\"]}]},{\"@type\":\"ImageObject\",\"inLanguage\":\"en-US\",\"@id\":\"https:\/\/labochem.com.vn\/en\/s\u1ea3n ph\u1ea9m\/but-do-ph-nhiet-do-hi98128-hanna\/#primaryimage\",\"url\":\"https:\/\/labochem.com.vn\/wp-content\/uploads\/2020\/05\/hi981281.jpg\",\"contentUrl\":\"https:\/\/labochem.com.vn\/wp-content\/uploads\/2020\/05\/hi981281.jpg\",\"width\":1200,\"height\":1800},{\"@type\":\"BreadcrumbList\",\"@id\":\"https:\/\/labochem.com.vn\/en\/s\u1ea3n ph\u1ea9m\/but-do-ph-nhiet-do-hi98128-hanna\/#breadcrumb\",\"itemListElement\":[{\"@type\":\"ListItem\",\"position\":1,\"name\":\"Home\",\"item\":\"https:\/\/labochem.com.vn\/\"},{\"@type\":\"ListItem\",\"position\":2,\"name\":\"C\u1eeda h\u00e0ng\",\"item\":\"https:\/\/labochem.com.vn\/mua\/\"},{\"@type\":\"ListItem\",\"position\":3,\"name\":\"(Ti\u1ebfng Vi\u1ec7t) B\u00fat \u0111o pH\/Nhi\u1ec7t \u0111\u1ed9 HI98128 Hanna\"}]},{\"@type\":\"WebSite\",\"@id\":\"https:\/\/labochem.com.vn\/#website\",\"url\":\"https:\/\/labochem.com.vn\/\",\"name\":\"C\u00f4ng ty TNHH LABOCHEM Vi\u1ec7t Nam\",\"description\":\"M\u1ed9t trang web m\u1edbi s\u1eed d\u1ee5ng WordPress\",\"potentialAction\":[{\"@type\":\"SearchAction\",\"target\":{\"@type\":\"EntryPoint\",\"urlTemplate\":\"https:\/\/labochem.com.vn\/?s={search_term_string}\"},\"query-input\":\"required name=search_term_string\"}],\"inLanguage\":\"en-US\"}]}<\/script>\n<!-- \/ Yoast SEO plugin. -->","yoast_head_json":{"title":"[:vi]B\u00fat \u0111o pH\/Nhi\u1ec7t \u0111\u1ed9 HI98128 Hanna[:] - C\u00f4ng ty TNHH LABOCHEM Vi\u1ec7t Nam","robots":{"index":"index","follow":"follow","max-snippet":"max-snippet:-1","max-image-preview":"max-image-preview:large","max-video-preview":"max-video-preview:-1"},"canonical":"https:\/\/labochem.com.vn\/en\/s\u1ea3n ph\u1ea9m\/but-do-ph-nhiet-do-hi98128-hanna\/","og_locale":"en_US","og_type":"article","og_title":"[:vi]B\u00fat \u0111o pH\/Nhi\u1ec7t \u0111\u1ed9 HI98128 Hanna[:] - C\u00f4ng ty TNHH LABOCHEM Vi\u1ec7t Nam","og_description":"[:vi]B\u00fat \u0111o pH\/Nhi\u1ec7t \u0111\u1ed9 HI98128 Hanna v\u1edbi thi\u1ebft k\u1ebf nh\u1ecf g\u1ecdn, s\u1eed d\u1ee5ng \u0111\u01a1n gi\u1ea3n ti\u1ec7n l\u1ee3i chuy\u00ean \u0111\u00f9ng \u0111\u1ec3 \u0111o pH v\u00e0 nhi\u1ec7t \u0111\u1ed9 trong dung d\u1ecbch. Th\u00edch h\u1ee3p v\u1edbi c\u00e1c \u1ee9ng d\u1ee5ng li\u00ean quan \u0111\u1ebfn vi\u1ec7c \u0111o v\u00e0 ki\u1ec3m so\u00e1t pH hay nhi\u1ec7t \u0111\u1ed9 nh\u01b0: trong nu\u00f4i trong th\u1ee7y s\u1ea3n, trong c\u00e1c ph\u00f2ng lab, vi\u1ec7n nghi\u00ean c\u1ee9u, tr\u01b0\u1eddng h\u1ecdc c\u00e1c t\u1ed5 ch\u1ee9c hay c\u00e1 nh\u00e2n c\u00f3 nhu c\u1ea7u.    T\u00ean s\u1ea3n ph\u1ea9m:\u00a0 \u00a0B\u00fat \u0111o pH\/Nhi\u1ec7t \u0111\u1ed9 HI98128 Hanna   \u00a0Code \/ Model:\u00a0 \u00a0HI98128   \u00a0H\u00e3ng - Xu\u1ea5t x\u1ee9 :\u00a0 \u00a0Hanna - \u00dd\u00a0   \u00a0\u1ee8ng d\u1ee5ng:\u00a0 Chuy\u00ean \u0111\u00f9ng \u0111\u1ec3 \u0111o pH v\u00e0 nhi\u1ec7t \u0111\u1ed9 trong dung d\u1ecbch. Th\u00edch h\u1ee3p v\u1edbi c\u00e1c \u1ee9ng d\u1ee5ng li\u00ean quan \u0111\u1ebfn vi\u1ec7c \u0111o v\u00e0 ki\u1ec3m so\u00e1t pH hay nhi\u1ec7t \u0111\u1ed9 nh\u01b0: trong nu\u00f4i trong th\u1ee7y s\u1ea3n, trong c\u00e1c ph\u00f2ng lab, vi\u1ec7n nghi\u00ean c\u1ee9u, tr\u01b0\u1eddng h\u1ecdc c\u00e1c t\u1ed5 ch\u1ee9c hay c\u00e1 nh\u00e2n c\u00f3 nhu c\u1ea7u.   \u00a0Th\u00f4ng s\u1ed1 k\u0129 thu\u1eadt:\u00a0 - Thang \u0111o PH: -2.00 - 16.00 pH  - \u0110\u1ed9 chu\u1ea9n: Automatic, 1 ho\u1eb7c 2 \u0111i\u1ec3m v\u1edbi 2 set nh\u1edb \u0111\u1ec7m (pH 4.01\/7.01\/10.01 ho\u1eb7c 4.01\/6.86\/9.18)  - \u0110\u1ed9 ch\u00ednh x\u00e1c: \u00b10.05 pH  - B\u00f9 nhi\u1ec7t \u0111\u1ed9: T\u1ef1 \u0111\u1ed9ng  - Thang \u0111o nhi\u1ec7t \u0111\u1ed9: -5.0 to 60.0\u00b0C  - \u0110\u1ed9 ph\u00e2n gi\u1ea3i nhi\u1ec7t \u0111\u1ed9: 0.1\u00b0C  - \u0110\u1ed9 ch\u00ednh x\u00e1c nhi\u1ec7t \u0111\u1ed9: \u00b10.5\u00b0C  - Nhi\u1ec7t \u0111\u1ed9 v\u1eadn h\u00e0nh: 0 - 50\u00b0C  - Ngu\u1ed3n \u0111i\u1ec7n\/ Th\u1eddi gian s\u1eed d\u1ee5ng: PIN 1.5V (4)\/ 300 gi\u1edd s\u1eed d\u1ee5ng li\u00ean t\u1ee5c, t\u1ef1 \u0111\u1ed9ng t\u1eaft sau 8 ph\u00fat kh\u00f4ng s\u1eed d\u1ee5ng  - K\u00edch th\u01b0\u1edbc: 163 x 40 x 26 mm  - Tr\u1ecdng l\u01b0\u1ee3ng: 100g   \u00a0Cung c\u1ea5p bao g\u1ed3m M\u00e1y ch\u00ednh v\u1edbi \u0111i\u1ec7n c\u1ef1c HI73127 pH, d\u1ee5ng g\u1ee1 b\u1ecf \u0111i\u1ec7n c\u1ef1c HI73128, PIN, HDSD   [:]","og_url":"https:\/\/labochem.com.vn\/en\/s\u1ea3n ph\u1ea9m\/but-do-ph-nhiet-do-hi98128-hanna\/","og_site_name":"C\u00f4ng ty TNHH LABOCHEM Vi\u1ec7t Nam","article_modified_time":"2020-05-15T04:48:09+00:00","og_image":[{"width":1200,"height":1800,"url":"https:\/\/labochem.com.vn\/wp-content\/uploads\/2020\/05\/hi981281.jpg","type":"image\/jpeg"}],"twitter_card":"summary_large_image","schema":{"@context":"https:\/\/schema.org","@graph":[{"@type":"WebPage","@id":"https:\/\/labochem.com.vn\/en\/s\u1ea3n ph\u1ea9m\/but-do-ph-nhiet-do-hi98128-hanna\/","url":"https:\/\/labochem.com.vn\/en\/s\u1ea3n ph\u1ea9m\/but-do-ph-nhiet-do-hi98128-hanna\/","name":"[:vi]B\u00fat \u0111o pH\/Nhi\u1ec7t \u0111\u1ed9 HI98128 Hanna[:] - C\u00f4ng ty TNHH LABOCHEM Vi\u1ec7t Nam","isPartOf":{"@id":"https:\/\/labochem.com.vn\/#website"},"primaryImageOfPage":{"@id":"https:\/\/labochem.com.vn\/en\/s\u1ea3n ph\u1ea9m\/but-do-ph-nhiet-do-hi98128-hanna\/#primaryimage"},"image":{"@id":"https:\/\/labochem.com.vn\/en\/s\u1ea3n ph\u1ea9m\/but-do-ph-nhiet-do-hi98128-hanna\/#primaryimage"},"thumbnailUrl":"https:\/\/labochem.com.vn\/wp-content\/uploads\/2020\/05\/hi981281.jpg","datePublished":"2020-05-15T04:48:08+00:00","dateModified":"2020-05-15T04:48:09+00:00","breadcrumb":{"@id":"https:\/\/labochem.com.vn\/en\/s\u1ea3n ph\u1ea9m\/but-do-ph-nhiet-do-hi98128-hanna\/#breadcrumb"},"inLanguage":"en-US","potentialAction":[{"@type":"ReadAction","target":["https:\/\/labochem.com.vn\/en\/s\u1ea3n ph\u1ea9m\/but-do-ph-nhiet-do-hi98128-hanna\/"]}]},{"@type":"ImageObject","inLanguage":"en-US","@id":"https:\/\/labochem.com.vn\/en\/s\u1ea3n ph\u1ea9m\/but-do-ph-nhiet-do-hi98128-hanna\/#primaryimage","url":"https:\/\/labochem.com.vn\/wp-content\/uploads\/2020\/05\/hi981281.jpg","contentUrl":"https:\/\/labochem.com.vn\/wp-content\/uploads\/2020\/05\/hi981281.jpg","width":1200,"height":1800},{"@type":"BreadcrumbList","@id":"https:\/\/labochem.com.vn\/en\/s\u1ea3n ph\u1ea9m\/but-do-ph-nhiet-do-hi98128-hanna\/#breadcrumb","itemListElement":[{"@type":"ListItem","position":1,"name":"Home","item":"https:\/\/labochem.com.vn\/"},{"@type":"ListItem","position":2,"name":"C\u1eeda h\u00e0ng","item":"https:\/\/labochem.com.vn\/mua\/"},{"@type":"ListItem","position":3,"name":"(Ti\u1ebfng Vi\u1ec7t) B\u00fat \u0111o pH\/Nhi\u1ec7t \u0111\u1ed9 HI98128 Hanna"}]},{"@type":"WebSite","@id":"https:\/\/labochem.com.vn\/#website","url":"https:\/\/labochem.com.vn\/","name":"C\u00f4ng ty TNHH LABOCHEM Vi\u1ec7t Nam","description":"M\u1ed9t trang web m\u1edbi s\u1eed d\u1ee5ng WordPress","potentialAction":[{"@type":"SearchAction","target":{"@type":"EntryPoint","urlTemplate":"https:\/\/labochem.com.vn\/?s={search_term_string}"},"query-input":"required name=search_term_string"}],"inLanguage":"en-US"}]}},"_links":{"self":[{"href":"https:\/\/labochem.com.vn\/en\/wp-json\/wp\/v2\/product\/786"}],"collection":[{"href":"https:\/\/labochem.com.vn\/en\/wp-json\/wp\/v2\/product"}],"about":[{"href":"https:\/\/labochem.com.vn\/en\/wp-json\/wp\/v2\/types\/product"}],"replies":[{"embeddable":true,"href":"https:\/\/labochem.com.vn\/en\/wp-json\/wp\/v2\/comments?post=786"}],"wp:featuredmedia":[{"embeddable":true,"href":"https:\/\/labochem.com.vn\/en\/wp-json\/wp\/v2\/media\/787"}],"wp:attachment":[{"href":"https:\/\/labochem.com.vn\/en\/wp-json\/wp\/v2\/media?parent=786"}],"wp:term":[{"taxonomy":"product_cat","embeddable":true,"href":"https:\/\/labochem.com.vn\/en\/wp-json\/wp\/v2\/product_cat?post=786"},{"taxonomy":"product_tag","embeddable":true,"href":"https:\/\/labochem.com.vn\/en\/wp-json\/wp\/v2\/product_tag?post=786"}],"curies":[{"name":"wp","href":"https:\/\/api.w.org\/{rel}","templated":true}]}}