{"id":784,"date":"2020-05-15T04:44:05","date_gmt":"2020-05-15T04:44:05","guid":{"rendered":"https:\/\/labochem.com.vn\/?post_type=product&#038;p=784"},"modified":"2020-05-15T04:44:07","modified_gmt":"2020-05-15T04:44:07","slug":"may-do-ph-de-ban-2-00-16-00-ph-st3100-f-ohaus","status":"publish","type":"product","link":"https:\/\/labochem.com.vn\/en\/s\u1ea3n ph\u1ea9m\/may-do-ph-de-ban-2-00-16-00-ph-st3100-f-ohaus\/","title":{"rendered":"(Ti\u1ebfng Vi\u1ec7t) M\u00e1y \u0111o pH \u0111\u1ec3 b\u00e0n -2.00 &#8211; 16.00 pH ST3100-F Ohaus"},"content":{"rendered":"","protected":false},"excerpt":{"rendered":"<p class=\"qtranxs-available-languages-message qtranxs-available-languages-message-en\">Sorry, this entry is only available in <a href=\"https:\/\/labochem.com.vn\/vi\/wp-json\/wp\/v2\/product\/784\" class=\"qtranxs-available-language-link qtranxs-available-language-link-vi\" title=\"Ti\u1ebfng Vi\u1ec7t\">Ti\u1ebfng Vi\u1ec7t<\/a>.<\/p>\n","protected":false},"featured_media":785,"comment_status":"open","ping_status":"closed","template":"","meta":[],"product_cat":[278],"product_tag":[286],"yoast_head":"<!-- This site is optimized with the Yoast SEO plugin v22.6 - https:\/\/yoast.com\/wordpress\/plugins\/seo\/ -->\n<title><\/title>\n<meta name=\"robots\" content=\"index, follow, max-snippet:-1, max-image-preview:large, max-video-preview:-1\" \/>\n<link rel=\"canonical\" href=\"https:\/\/labochem.com.vn\/en\/s\u1ea3n%20ph\u1ea9m\/may-do-ph-de-ban-2-00-16-00-ph-st3100-f-ohaus\/\" \/>\n<meta property=\"og:locale\" content=\"en_US\" \/>\n<meta property=\"og:type\" content=\"article\" \/>\n<meta property=\"og:title\" content=\"[:vi]M\u00e1y \u0111o pH \u0111\u1ec3 b\u00e0n -2.00 - 16.00 pH ST3100-F Ohaus[:] - C\u00f4ng ty TNHH LABOCHEM Vi\u1ec7t Nam\" \/>\n<meta property=\"og:description\" content=\"[:vi]M\u00e1y \u0111o pH \u0111\u1ec3 b\u00e0n -2.00\u202616.00 pH ST3100-F Ohaus. V\u1eadt li\u1ec7u m\u00e1y: ABS. Kho\u1ea3ng \u0111o pH: -2.00 ... 16.00 pH. \u0110\u1ed9 ph\u00e2n gi\u1ea3i: 0.01 pH. Gi\u1edbi h\u1ea1n sai s\u1ed1: \u00b10.01 pH. Kho\u1ea3ng \u0111o mV: -1999 ... 1999 mV. \u0110\u1ed9 ph\u00e2n gi\u1ea3i: 1 mV. Gi\u1edbi h\u1ea1n sai s\u1ed1: \u00b11 mV. Kho\u1ea3ng \u0111o nhi\u1ec7t \u0111\u1ed9: -5 0C ... 110 0C. \u0110\u1ed9 ph\u00e2n gi\u1ea3i: 0.1 0C. Gi\u1edbi h\u1ea1n sai s\u1ed1: \u00b10.5 0C      T\u00ean s\u1ea3n ph\u1ea9m: M\u00e1y \u0111o pH \u0111\u1ec3 b\u00e0n -2.00 - 16.00 pH ST3100-F Ohaus   Model: ST3100-F   H\u00e3ng s\u1ea3n xu\u1ea5t: Ohaus - M\u1ef9   Xu\u1ea5t x\u1ee9: Trung Qu\u1ed1c   \u1ee8ng d\u1ee5ng: D\u00f9ng \u0111\u1ec3 \u0111o \u0111\u1ed9 pH   Th\u00f4ng s\u1ed1 k\u1ef9 thu\u1eadt: - Kho\u1ea3ng \u0111o pH: -2.00 ... 16.00 pH. \u0110\u1ed9 ph\u00e2n gi\u1ea3i: 0.01 pH. Gi\u1edbi h\u1ea1n sai s\u1ed1: \u00b10.01 pH  - Kho\u1ea3ng \u0111o mV: -1999 ... 1999 mV. \u0110\u1ed9 ph\u00e2n gi\u1ea3i: 1 mV. Gi\u1edbi h\u1ea1n sai s\u1ed1: \u00b11 mV  - Kho\u1ea3ng \u0111o nhi\u1ec7t \u0111\u1ed9: -5\u00a00C ... 110\u00a00C. \u0110\u1ed9 ph\u00e2n gi\u1ea3i: 0.1\u00a00C. Gi\u1edbi h\u1ea1n sai s\u1ed1: \u00b10.5\u00a00C  - Hi\u1ec7u chu\u1ea9n: 3 \u0111i\u1ec3m. M\u00e1y \u0111\u01b0\u1ee3c l\u1eadp tr\u00ecnh s\u1eb5n 3 nh\u00f3m dung d\u1ecbch chu\u1ea9n  - B\u1ed9 nh\u1edb: 99 k\u1ebft qu\u1ea3 \u0111o v\u00e0 d\u1eef li\u1ec7u hi\u1ec7u chu\u1ea9n sau c\u00f9ng  - K\u1ebft qu\u1ea3 hi\u1ec3n th\u1ecb b\u1eb1ng m\u00e0n h\u00ecnh tinh th\u1ec3 l\u1ecfng  - Giao di\u1ec7n RS232  - Lo\u1ea1i \u0111\u1ea7u\u00a0c\u1eafm pH: BNC, tr\u1edf kh\u00e1ng &gt;10e +12 \u03a9  - Lo\u1ea1i \u0111\u1ea7u c\u1eafm nhi\u1ec7t \u0111\u1ed9: Cinch, NTC 30 k\u03a9  - B\u00f9 tr\u1eeb nhi\u1ec7t \u0111\u1ed9 t\u1ef1 \u0111\u1ed9ng &amp; b\u1eb1ng tay ATC &amp; MTC  - V\u1eadt li\u1ec7u m\u00e1y: ABS  - K\u00edch th\u01b0\u1edbc: 220 x 175 x 78 mm  - Tr\u1ecdng l\u01b0\u1ee3ng: 0.75 kg  - \u0110i\u1ec7n: 110 \u2013 240V\/50Hz, DC 9V   Cung c\u1ea5p bao g\u1ed3m: - M\u00e1y ch\u00ednh ST3100  - \u0110i\u1ec7n c\u1ef1c \u0111o pH (3 trong 1), ST310  - B\u1ed9 dung d\u1ecbch chu\u1ea9n  - S\u00e1ch h\u01b0\u1edbng d\u1eabn s\u1eed d\u1ee5ng         [:]\" \/>\n<meta property=\"og:url\" content=\"https:\/\/labochem.com.vn\/en\/s\u1ea3n ph\u1ea9m\/may-do-ph-de-ban-2-00-16-00-ph-st3100-f-ohaus\/\" \/>\n<meta property=\"og:site_name\" content=\"C\u00f4ng ty TNHH LABOCHEM Vi\u1ec7t Nam\" \/>\n<meta property=\"article:modified_time\" content=\"2020-05-15T04:44:07+00:00\" \/>\n<meta property=\"og:image\" content=\"https:\/\/labochem.com.vn\/wp-content\/uploads\/2020\/05\/bdd599fb-9f3d-4f7c-87cd-ad0ef64eb5da.jpeg\" \/>\n\t<meta property=\"og:image:width\" content=\"600\" \/>\n\t<meta property=\"og:image:height\" content=\"600\" \/>\n\t<meta property=\"og:image:type\" content=\"image\/jpeg\" \/>\n<meta name=\"twitter:card\" content=\"summary_large_image\" \/>\n<script type=\"application\/ld+json\" class=\"yoast-schema-graph\">{\"@context\":\"https:\/\/schema.org\",\"@graph\":[{\"@type\":\"WebPage\",\"@id\":\"https:\/\/labochem.com.vn\/en\/s\u1ea3n ph\u1ea9m\/may-do-ph-de-ban-2-00-16-00-ph-st3100-f-ohaus\/\",\"url\":\"https:\/\/labochem.com.vn\/en\/s\u1ea3n ph\u1ea9m\/may-do-ph-de-ban-2-00-16-00-ph-st3100-f-ohaus\/\",\"name\":\"[:vi]M\u00e1y \u0111o pH \u0111\u1ec3 b\u00e0n -2.00 - 16.00 pH ST3100-F Ohaus[:] - C\u00f4ng ty TNHH LABOCHEM Vi\u1ec7t Nam\",\"isPartOf\":{\"@id\":\"https:\/\/labochem.com.vn\/#website\"},\"primaryImageOfPage\":{\"@id\":\"https:\/\/labochem.com.vn\/en\/s\u1ea3n ph\u1ea9m\/may-do-ph-de-ban-2-00-16-00-ph-st3100-f-ohaus\/#primaryimage\"},\"image\":{\"@id\":\"https:\/\/labochem.com.vn\/en\/s\u1ea3n ph\u1ea9m\/may-do-ph-de-ban-2-00-16-00-ph-st3100-f-ohaus\/#primaryimage\"},\"thumbnailUrl\":\"https:\/\/labochem.com.vn\/wp-content\/uploads\/2020\/05\/bdd599fb-9f3d-4f7c-87cd-ad0ef64eb5da.jpeg\",\"datePublished\":\"2020-05-15T04:44:05+00:00\",\"dateModified\":\"2020-05-15T04:44:07+00:00\",\"breadcrumb\":{\"@id\":\"https:\/\/labochem.com.vn\/en\/s\u1ea3n ph\u1ea9m\/may-do-ph-de-ban-2-00-16-00-ph-st3100-f-ohaus\/#breadcrumb\"},\"inLanguage\":\"en-US\",\"potentialAction\":[{\"@type\":\"ReadAction\",\"target\":[\"https:\/\/labochem.com.vn\/en\/s\u1ea3n ph\u1ea9m\/may-do-ph-de-ban-2-00-16-00-ph-st3100-f-ohaus\/\"]}]},{\"@type\":\"ImageObject\",\"inLanguage\":\"en-US\",\"@id\":\"https:\/\/labochem.com.vn\/en\/s\u1ea3n ph\u1ea9m\/may-do-ph-de-ban-2-00-16-00-ph-st3100-f-ohaus\/#primaryimage\",\"url\":\"https:\/\/labochem.com.vn\/wp-content\/uploads\/2020\/05\/bdd599fb-9f3d-4f7c-87cd-ad0ef64eb5da.jpeg\",\"contentUrl\":\"https:\/\/labochem.com.vn\/wp-content\/uploads\/2020\/05\/bdd599fb-9f3d-4f7c-87cd-ad0ef64eb5da.jpeg\",\"width\":600,\"height\":600},{\"@type\":\"BreadcrumbList\",\"@id\":\"https:\/\/labochem.com.vn\/en\/s\u1ea3n ph\u1ea9m\/may-do-ph-de-ban-2-00-16-00-ph-st3100-f-ohaus\/#breadcrumb\",\"itemListElement\":[{\"@type\":\"ListItem\",\"position\":1,\"name\":\"Home\",\"item\":\"https:\/\/labochem.com.vn\/\"},{\"@type\":\"ListItem\",\"position\":2,\"name\":\"C\u1eeda h\u00e0ng\",\"item\":\"https:\/\/labochem.com.vn\/mua\/\"},{\"@type\":\"ListItem\",\"position\":3,\"name\":\"(Ti\u1ebfng Vi\u1ec7t) M\u00e1y \u0111o pH \u0111\u1ec3 b\u00e0n -2.00 &#8211; 16.00 pH ST3100-F Ohaus\"}]},{\"@type\":\"WebSite\",\"@id\":\"https:\/\/labochem.com.vn\/#website\",\"url\":\"https:\/\/labochem.com.vn\/\",\"name\":\"C\u00f4ng ty TNHH LABOCHEM Vi\u1ec7t Nam\",\"description\":\"M\u1ed9t trang web m\u1edbi s\u1eed d\u1ee5ng WordPress\",\"potentialAction\":[{\"@type\":\"SearchAction\",\"target\":{\"@type\":\"EntryPoint\",\"urlTemplate\":\"https:\/\/labochem.com.vn\/?s={search_term_string}\"},\"query-input\":\"required name=search_term_string\"}],\"inLanguage\":\"en-US\"}]}<\/script>\n<!-- \/ Yoast SEO plugin. -->","yoast_head_json":{"title":"[:vi]M\u00e1y \u0111o pH \u0111\u1ec3 b\u00e0n -2.00 - 16.00 pH ST3100-F Ohaus[:] - C\u00f4ng ty TNHH LABOCHEM Vi\u1ec7t Nam","robots":{"index":"index","follow":"follow","max-snippet":"max-snippet:-1","max-image-preview":"max-image-preview:large","max-video-preview":"max-video-preview:-1"},"canonical":"https:\/\/labochem.com.vn\/en\/s\u1ea3n ph\u1ea9m\/may-do-ph-de-ban-2-00-16-00-ph-st3100-f-ohaus\/","og_locale":"en_US","og_type":"article","og_title":"[:vi]M\u00e1y \u0111o pH \u0111\u1ec3 b\u00e0n -2.00 - 16.00 pH ST3100-F Ohaus[:] - C\u00f4ng ty TNHH LABOCHEM Vi\u1ec7t Nam","og_description":"[:vi]M\u00e1y \u0111o pH \u0111\u1ec3 b\u00e0n -2.00\u202616.00 pH ST3100-F Ohaus. V\u1eadt li\u1ec7u m\u00e1y: ABS. Kho\u1ea3ng \u0111o pH: -2.00 ... 16.00 pH. \u0110\u1ed9 ph\u00e2n gi\u1ea3i: 0.01 pH. Gi\u1edbi h\u1ea1n sai s\u1ed1: \u00b10.01 pH. Kho\u1ea3ng \u0111o mV: -1999 ... 1999 mV. \u0110\u1ed9 ph\u00e2n gi\u1ea3i: 1 mV. Gi\u1edbi h\u1ea1n sai s\u1ed1: \u00b11 mV. Kho\u1ea3ng \u0111o nhi\u1ec7t \u0111\u1ed9: -5 0C ... 110 0C. \u0110\u1ed9 ph\u00e2n gi\u1ea3i: 0.1 0C. Gi\u1edbi h\u1ea1n sai s\u1ed1: \u00b10.5 0C      T\u00ean s\u1ea3n ph\u1ea9m: M\u00e1y \u0111o pH \u0111\u1ec3 b\u00e0n -2.00 - 16.00 pH ST3100-F Ohaus   Model: ST3100-F   H\u00e3ng s\u1ea3n xu\u1ea5t: Ohaus - M\u1ef9   Xu\u1ea5t x\u1ee9: Trung Qu\u1ed1c   \u1ee8ng d\u1ee5ng: D\u00f9ng \u0111\u1ec3 \u0111o \u0111\u1ed9 pH   Th\u00f4ng s\u1ed1 k\u1ef9 thu\u1eadt: - Kho\u1ea3ng \u0111o pH: -2.00 ... 16.00 pH. \u0110\u1ed9 ph\u00e2n gi\u1ea3i: 0.01 pH. Gi\u1edbi h\u1ea1n sai s\u1ed1: \u00b10.01 pH  - Kho\u1ea3ng \u0111o mV: -1999 ... 1999 mV. \u0110\u1ed9 ph\u00e2n gi\u1ea3i: 1 mV. Gi\u1edbi h\u1ea1n sai s\u1ed1: \u00b11 mV  - Kho\u1ea3ng \u0111o nhi\u1ec7t \u0111\u1ed9: -5\u00a00C ... 110\u00a00C. \u0110\u1ed9 ph\u00e2n gi\u1ea3i: 0.1\u00a00C. Gi\u1edbi h\u1ea1n sai s\u1ed1: \u00b10.5\u00a00C  - Hi\u1ec7u chu\u1ea9n: 3 \u0111i\u1ec3m. M\u00e1y \u0111\u01b0\u1ee3c l\u1eadp tr\u00ecnh s\u1eb5n 3 nh\u00f3m dung d\u1ecbch chu\u1ea9n  - B\u1ed9 nh\u1edb: 99 k\u1ebft qu\u1ea3 \u0111o v\u00e0 d\u1eef li\u1ec7u hi\u1ec7u chu\u1ea9n sau c\u00f9ng  - K\u1ebft qu\u1ea3 hi\u1ec3n th\u1ecb b\u1eb1ng m\u00e0n h\u00ecnh tinh th\u1ec3 l\u1ecfng  - Giao di\u1ec7n RS232  - Lo\u1ea1i \u0111\u1ea7u\u00a0c\u1eafm pH: BNC, tr\u1edf kh\u00e1ng &gt;10e +12 \u03a9  - Lo\u1ea1i \u0111\u1ea7u c\u1eafm nhi\u1ec7t \u0111\u1ed9: Cinch, NTC 30 k\u03a9  - B\u00f9 tr\u1eeb nhi\u1ec7t \u0111\u1ed9 t\u1ef1 \u0111\u1ed9ng &amp; b\u1eb1ng tay ATC &amp; MTC  - V\u1eadt li\u1ec7u m\u00e1y: ABS  - K\u00edch th\u01b0\u1edbc: 220 x 175 x 78 mm  - Tr\u1ecdng l\u01b0\u1ee3ng: 0.75 kg  - \u0110i\u1ec7n: 110 \u2013 240V\/50Hz, DC 9V   Cung c\u1ea5p bao g\u1ed3m: - M\u00e1y ch\u00ednh ST3100  - \u0110i\u1ec7n c\u1ef1c \u0111o pH (3 trong 1), ST310  - B\u1ed9 dung d\u1ecbch chu\u1ea9n  - S\u00e1ch h\u01b0\u1edbng d\u1eabn s\u1eed d\u1ee5ng         [:]","og_url":"https:\/\/labochem.com.vn\/en\/s\u1ea3n ph\u1ea9m\/may-do-ph-de-ban-2-00-16-00-ph-st3100-f-ohaus\/","og_site_name":"C\u00f4ng ty TNHH LABOCHEM Vi\u1ec7t Nam","article_modified_time":"2020-05-15T04:44:07+00:00","og_image":[{"width":600,"height":600,"url":"https:\/\/labochem.com.vn\/wp-content\/uploads\/2020\/05\/bdd599fb-9f3d-4f7c-87cd-ad0ef64eb5da.jpeg","type":"image\/jpeg"}],"twitter_card":"summary_large_image","schema":{"@context":"https:\/\/schema.org","@graph":[{"@type":"WebPage","@id":"https:\/\/labochem.com.vn\/en\/s\u1ea3n ph\u1ea9m\/may-do-ph-de-ban-2-00-16-00-ph-st3100-f-ohaus\/","url":"https:\/\/labochem.com.vn\/en\/s\u1ea3n ph\u1ea9m\/may-do-ph-de-ban-2-00-16-00-ph-st3100-f-ohaus\/","name":"[:vi]M\u00e1y \u0111o pH \u0111\u1ec3 b\u00e0n -2.00 - 16.00 pH ST3100-F Ohaus[:] - C\u00f4ng ty TNHH LABOCHEM Vi\u1ec7t Nam","isPartOf":{"@id":"https:\/\/labochem.com.vn\/#website"},"primaryImageOfPage":{"@id":"https:\/\/labochem.com.vn\/en\/s\u1ea3n ph\u1ea9m\/may-do-ph-de-ban-2-00-16-00-ph-st3100-f-ohaus\/#primaryimage"},"image":{"@id":"https:\/\/labochem.com.vn\/en\/s\u1ea3n ph\u1ea9m\/may-do-ph-de-ban-2-00-16-00-ph-st3100-f-ohaus\/#primaryimage"},"thumbnailUrl":"https:\/\/labochem.com.vn\/wp-content\/uploads\/2020\/05\/bdd599fb-9f3d-4f7c-87cd-ad0ef64eb5da.jpeg","datePublished":"2020-05-15T04:44:05+00:00","dateModified":"2020-05-15T04:44:07+00:00","breadcrumb":{"@id":"https:\/\/labochem.com.vn\/en\/s\u1ea3n ph\u1ea9m\/may-do-ph-de-ban-2-00-16-00-ph-st3100-f-ohaus\/#breadcrumb"},"inLanguage":"en-US","potentialAction":[{"@type":"ReadAction","target":["https:\/\/labochem.com.vn\/en\/s\u1ea3n ph\u1ea9m\/may-do-ph-de-ban-2-00-16-00-ph-st3100-f-ohaus\/"]}]},{"@type":"ImageObject","inLanguage":"en-US","@id":"https:\/\/labochem.com.vn\/en\/s\u1ea3n ph\u1ea9m\/may-do-ph-de-ban-2-00-16-00-ph-st3100-f-ohaus\/#primaryimage","url":"https:\/\/labochem.com.vn\/wp-content\/uploads\/2020\/05\/bdd599fb-9f3d-4f7c-87cd-ad0ef64eb5da.jpeg","contentUrl":"https:\/\/labochem.com.vn\/wp-content\/uploads\/2020\/05\/bdd599fb-9f3d-4f7c-87cd-ad0ef64eb5da.jpeg","width":600,"height":600},{"@type":"BreadcrumbList","@id":"https:\/\/labochem.com.vn\/en\/s\u1ea3n ph\u1ea9m\/may-do-ph-de-ban-2-00-16-00-ph-st3100-f-ohaus\/#breadcrumb","itemListElement":[{"@type":"ListItem","position":1,"name":"Home","item":"https:\/\/labochem.com.vn\/"},{"@type":"ListItem","position":2,"name":"C\u1eeda h\u00e0ng","item":"https:\/\/labochem.com.vn\/mua\/"},{"@type":"ListItem","position":3,"name":"(Ti\u1ebfng Vi\u1ec7t) M\u00e1y \u0111o pH \u0111\u1ec3 b\u00e0n -2.00 &#8211; 16.00 pH ST3100-F Ohaus"}]},{"@type":"WebSite","@id":"https:\/\/labochem.com.vn\/#website","url":"https:\/\/labochem.com.vn\/","name":"C\u00f4ng ty TNHH LABOCHEM Vi\u1ec7t Nam","description":"M\u1ed9t trang web m\u1edbi s\u1eed d\u1ee5ng WordPress","potentialAction":[{"@type":"SearchAction","target":{"@type":"EntryPoint","urlTemplate":"https:\/\/labochem.com.vn\/?s={search_term_string}"},"query-input":"required name=search_term_string"}],"inLanguage":"en-US"}]}},"_links":{"self":[{"href":"https:\/\/labochem.com.vn\/en\/wp-json\/wp\/v2\/product\/784"}],"collection":[{"href":"https:\/\/labochem.com.vn\/en\/wp-json\/wp\/v2\/product"}],"about":[{"href":"https:\/\/labochem.com.vn\/en\/wp-json\/wp\/v2\/types\/product"}],"replies":[{"embeddable":true,"href":"https:\/\/labochem.com.vn\/en\/wp-json\/wp\/v2\/comments?post=784"}],"wp:featuredmedia":[{"embeddable":true,"href":"https:\/\/labochem.com.vn\/en\/wp-json\/wp\/v2\/media\/785"}],"wp:attachment":[{"href":"https:\/\/labochem.com.vn\/en\/wp-json\/wp\/v2\/media?parent=784"}],"wp:term":[{"taxonomy":"product_cat","embeddable":true,"href":"https:\/\/labochem.com.vn\/en\/wp-json\/wp\/v2\/product_cat?post=784"},{"taxonomy":"product_tag","embeddable":true,"href":"https:\/\/labochem.com.vn\/en\/wp-json\/wp\/v2\/product_tag?post=784"}],"curies":[{"name":"wp","href":"https:\/\/api.w.org\/{rel}","templated":true}]}}