{"id":780,"date":"2020-05-15T04:39:16","date_gmt":"2020-05-15T04:39:16","guid":{"rendered":"https:\/\/labochem.com.vn\/?post_type=product&#038;p=780"},"modified":"2020-05-15T04:39:22","modified_gmt":"2020-05-15T04:39:22","slug":"may-do-ph-mv-nhiet-do-cam-tay-walklab-hp9000-ti-9000-hp9000-trans-instruments","status":"publish","type":"product","link":"https:\/\/labochem.com.vn\/en\/s\u1ea3n ph\u1ea9m\/may-do-ph-mv-nhiet-do-cam-tay-walklab-hp9000-ti-9000-hp9000-trans-instruments\/","title":{"rendered":"(Ti\u1ebfng Vi\u1ec7t) M\u00e1y \u0111o pH \/ mV \/ nhi\u1ec7t \u0111\u1ed9 c\u1ea7m tay WalkLAB HP9000 (TI 9000) HP9000 Trans Instruments"},"content":{"rendered":"","protected":false},"excerpt":{"rendered":"<p class=\"qtranxs-available-languages-message qtranxs-available-languages-message-en\">Sorry, this entry is only available in <a href=\"https:\/\/labochem.com.vn\/vi\/wp-json\/wp\/v2\/product\/780\" class=\"qtranxs-available-language-link qtranxs-available-language-link-vi\" title=\"Ti\u1ebfng Vi\u1ec7t\">Ti\u1ebfng Vi\u1ec7t<\/a>.<\/p>\n","protected":false},"featured_media":781,"comment_status":"open","ping_status":"closed","template":"","meta":[],"product_cat":[278],"product_tag":[284],"yoast_head":"<!-- This site is optimized with the Yoast SEO plugin v22.6 - https:\/\/yoast.com\/wordpress\/plugins\/seo\/ -->\n<title><\/title>\n<meta name=\"robots\" content=\"index, follow, max-snippet:-1, max-image-preview:large, max-video-preview:-1\" \/>\n<link rel=\"canonical\" href=\"https:\/\/labochem.com.vn\/s\u1ea3n%20ph\u1ea9m\/may-do-ph-mv-nhiet-do-cam-tay-walklab-hp9000-ti-9000-hp9000-trans-instruments\/\" \/>\n<meta property=\"og:locale\" content=\"en_US\" \/>\n<meta property=\"og:type\" content=\"article\" \/>\n<meta property=\"og:title\" content=\"[:vi]M\u00e1y \u0111o pH \/ mV \/ nhi\u1ec7t \u0111\u1ed9 c\u1ea7m tay WalkLAB HP9000 (TI 9000) HP9000 Trans Instruments[:] - C\u00f4ng ty TNHH LABOCHEM Vi\u1ec7t Nam\" \/>\n<meta property=\"og:description\" content=\"[:vi]M\u00e1y \u0111o pH \/ mV \/ nhi\u1ec7t \u0111\u1ed9 c\u1ea7m tay WalkLAB HP9000 (TI 9000) HP9000 Trans Instruments \u0111\u01b0\u1ee3c thi\u1ebft k\u1ebf g\u1ecdn nh\u1eb9, ti\u1ec7n d\u1ee5ng, \u0111\u1ed9 b\u1ec1n cao, s\u1eed d\u1ee5ng \u0111\u01a1n gi\u1ea3n, chi ph\u00ed th\u1ea5p. \u0110\u00e2y l\u00e0 m\u1ed9t thi\u1ebft b\u1ecb c\u00f3 kh\u1ea3 n\u0103ng \u0111o pH \/ mV \/ nhi\u1ec7t \u0111\u1ed9 r\u1ea5t nhanh v\u00e0 ch\u00ednh x\u00e1c r\u1ea5t l\u00fd t\u01b0\u1edfng cho c\u00e1c ng\u00e0nh c\u00f4ng nghi\u1ec7p v\u00e0 nu\u00f4i tr\u1ed3ng th\u1ee7y s\u1ea3n.    \u00a0 T\u00ean s\u1ea3n ph\u1ea9m: M\u00e1y \u0111o pH \/ mV \/ nhi\u1ec7t \u0111\u1ed9 c\u1ea7m tay WalkLAB HP9000 (TL 9000) HP9000 Trans Instruments   \u00a0 Model: WalkLAB HP9000 (TL 9000)   \u00a0 Order Code: HP9000   \u00a0 H\u00e3ng - Xu\u1ea5t x\u1ee9: Trans Instruments - Singapore   \u00a0 \u1ee8ng d\u1ee5ng: D\u00f9ng \u0111\u1ec3 \u0111o pH \/ mV \/ nhi\u1ec7t \u0111\u1ed9 ... v\u00e0 \u0111\u01b0\u1ee3c \u1ee9ng d\u1ee5ng cho c\u00e1c ng\u00e0nh c\u00f4ng nghi\u1ec7p th\u1ef1c ph\u1ea9m v\u00e0 nu\u00f4i tr\u1ed3ng th\u1ee7y s\u1ea3n   \u00a0 Th\u00f4ng s\u1ed1 k\u1ef9 thu\u1eadt: \u00a0- Kho\u1ea3ng \u0111o: 0.00 - 14.00 pH \/\u00a0\u00b1 999 mV \/ 0 - 100\u00b0C  - \u0110\u1ed9 ph\u00e2n gi\u1ea3i: 0.01 pH \/ 1mV \/ 0.1\u00b0C  - \u0110\u1ed9 ch\u00ednh x\u00e1c: \u00b10.01 pH \/\u00a0\u00b1 1mV \/ \u00b1 0.5\u00b0C  - T\u1ef1 \u0111\u1ed9ng b\u00f9 tr\u1eeb nhi\u1ec7t \u0111\u1ed9: 0 - 100\u00b0C  - \u0110\u1ed9 l\u1ec7ch chu\u1ea9n:\u00a0\u00b1 60mV \u0111\u1ed1i v\u1edbi pH 7  - \u0110\u1ed9 l\u1ec7ch d\u1ed1c:\u00a0\u00b1 20% \u0111\u1ed1i v\u1edbi pH 4 v\u00e0 pH 10  - T\u1ed5ng tr\u1edf ng\u1ecf v\u00e0o: 10\u00b9\u00b2 ohms  - T\u1ef1 \u0111\u1ed9ng \u0111\u00f3ng b\u0103ng m\u00e0ng h\u00ecnh khi \u0111\u1ea1t k\u1ebft qu\u1ea3 \u0111o \u1ed5n \u0111\u1ecbnh  - T\u1ef1 \u0111\u00f4ng t\u1eaft ngu\u1ed3n sau 5ph\u00fat k\u1ec3 t\u1eeb l\u00fac \u1ea5n n\u00fat sau c\u00f9ng  - M\u00f4i tr\u01b0\u1eddng: 0 - 50\u00b0C \/ 90% RH max  - K\u00edch th\u01b0\u1edbc: 164 x 83 x 35 mm  - Trong l\u01b0\u1ee3ng:\u00a0\u223c 350 gr  - Ngu\u1ed3n \u0111i\u1ec7n: pin DC 9V\u00a0\u223c 200 gi\u1edd  - Cung c\u1ea5p bao g\u1ed3m:  + M\u00e1y ch\u00ednh HP9000  + \u0110i\u1ec7n c\u1ef1c pH PP5003  + \u0110\u1ea7u d\u00f2 nhi\u1ec7t \u0111\u1ed9 PT9000( th\u00e9p kh\u00f4ng g\u1ec9)  + Dung d\u1ecbch chu\u1ea9n pH 7.00 90 ml SP0701N  + Dung d\u1ecbch chu\u1ea9n pH 4.01 90 ml SP0401N  + H\u1ed9p \u0111\u1ef1ng v\u1ecf c\u1ee9ng  + H\u01b0\u1edbng d\u1eabn s\u1eed d\u1ee5ng   \u00a0 Ph\u1ee5 ki\u1ec7n t\u00f9y ch\u1ecdn: \u00a0- \u0110i\u1ec7n c\u1ef1c pH PE03( PP5003)\u00a0 Trans Instruments  - \u0110i\u1ec7n c\u1ef1c pH th\u1ee7y tinh PG02(PP5052) Trans Instruments  - \u0110i\u1ec7n c\u1ef1c pH th\u1ee7y tinh d\u1ea1ng kim PG04(PP5054) Trans Instruments  - Dung d\u1ecbch chu\u1ea9n pH 7.00 90ml SP0700N Trans Instruments  - Dung d\u1ecbch chu\u1ea9n pH 7.00 500ml SP0700F Trans Instruments  - Dung d\u1ecbch chu\u1ea9n pH 4.01 90 ml SP0401N Trans Instruments  - Dung d\u1ecbch chu\u1ea9n pH 4.01 500ml SP0401F Trans Instruments  - Dung d\u1ecbch chu\u1ea9n pH 10.01 90 ml SP1001N Trans Instruments  - Dung d\u1ecbch chu\u1ea9n pH 10.01 500 ml SP1001F Trans Instruments  - Dung d\u1ecbch b\u1ea3o qu\u1ea3n \u0111i\u1ec7n c\u1ef1c pH 4230 90 ml SP0004N Trans Instruments  - Dung d\u1ecbch ch\u00e2m \u0111i\u1ec7n c\u1ef1c pH 3M KCL 90 ml SPK3M0 Trans Instruments   [:]\" \/>\n<meta property=\"og:url\" content=\"https:\/\/labochem.com.vn\/s\u1ea3n ph\u1ea9m\/may-do-ph-mv-nhiet-do-cam-tay-walklab-hp9000-ti-9000-hp9000-trans-instruments\/\" \/>\n<meta property=\"og:site_name\" content=\"C\u00f4ng ty TNHH LABOCHEM Vi\u1ec7t Nam\" \/>\n<meta property=\"article:modified_time\" content=\"2020-05-15T04:39:22+00:00\" \/>\n<meta property=\"og:image\" content=\"https:\/\/labochem.com.vn\/wp-content\/uploads\/2020\/05\/may-do-ph-cam-tay.png\" \/>\n\t<meta property=\"og:image:width\" content=\"360\" \/>\n\t<meta property=\"og:image:height\" content=\"320\" \/>\n\t<meta property=\"og:image:type\" content=\"image\/png\" \/>\n<meta name=\"twitter:card\" content=\"summary_large_image\" \/>\n<script type=\"application\/ld+json\" class=\"yoast-schema-graph\">{\"@context\":\"https:\/\/schema.org\",\"@graph\":[{\"@type\":\"WebPage\",\"@id\":\"https:\/\/labochem.com.vn\/s\u1ea3n ph\u1ea9m\/may-do-ph-mv-nhiet-do-cam-tay-walklab-hp9000-ti-9000-hp9000-trans-instruments\/\",\"url\":\"https:\/\/labochem.com.vn\/s\u1ea3n ph\u1ea9m\/may-do-ph-mv-nhiet-do-cam-tay-walklab-hp9000-ti-9000-hp9000-trans-instruments\/\",\"name\":\"[:vi]M\u00e1y \u0111o pH \/ mV \/ nhi\u1ec7t \u0111\u1ed9 c\u1ea7m tay WalkLAB HP9000 (TI 9000) HP9000 Trans Instruments[:] - C\u00f4ng ty TNHH LABOCHEM Vi\u1ec7t Nam\",\"isPartOf\":{\"@id\":\"https:\/\/labochem.com.vn\/#website\"},\"primaryImageOfPage\":{\"@id\":\"https:\/\/labochem.com.vn\/s\u1ea3n ph\u1ea9m\/may-do-ph-mv-nhiet-do-cam-tay-walklab-hp9000-ti-9000-hp9000-trans-instruments\/#primaryimage\"},\"image\":{\"@id\":\"https:\/\/labochem.com.vn\/s\u1ea3n ph\u1ea9m\/may-do-ph-mv-nhiet-do-cam-tay-walklab-hp9000-ti-9000-hp9000-trans-instruments\/#primaryimage\"},\"thumbnailUrl\":\"https:\/\/labochem.com.vn\/wp-content\/uploads\/2020\/05\/may-do-ph-cam-tay.png\",\"datePublished\":\"2020-05-15T04:39:16+00:00\",\"dateModified\":\"2020-05-15T04:39:22+00:00\",\"breadcrumb\":{\"@id\":\"https:\/\/labochem.com.vn\/s\u1ea3n ph\u1ea9m\/may-do-ph-mv-nhiet-do-cam-tay-walklab-hp9000-ti-9000-hp9000-trans-instruments\/#breadcrumb\"},\"inLanguage\":\"en-US\",\"potentialAction\":[{\"@type\":\"ReadAction\",\"target\":[\"https:\/\/labochem.com.vn\/s\u1ea3n ph\u1ea9m\/may-do-ph-mv-nhiet-do-cam-tay-walklab-hp9000-ti-9000-hp9000-trans-instruments\/\"]}]},{\"@type\":\"ImageObject\",\"inLanguage\":\"en-US\",\"@id\":\"https:\/\/labochem.com.vn\/s\u1ea3n ph\u1ea9m\/may-do-ph-mv-nhiet-do-cam-tay-walklab-hp9000-ti-9000-hp9000-trans-instruments\/#primaryimage\",\"url\":\"https:\/\/labochem.com.vn\/wp-content\/uploads\/2020\/05\/may-do-ph-cam-tay.png\",\"contentUrl\":\"https:\/\/labochem.com.vn\/wp-content\/uploads\/2020\/05\/may-do-ph-cam-tay.png\",\"width\":360,\"height\":320},{\"@type\":\"BreadcrumbList\",\"@id\":\"https:\/\/labochem.com.vn\/s\u1ea3n ph\u1ea9m\/may-do-ph-mv-nhiet-do-cam-tay-walklab-hp9000-ti-9000-hp9000-trans-instruments\/#breadcrumb\",\"itemListElement\":[{\"@type\":\"ListItem\",\"position\":1,\"name\":\"Home\",\"item\":\"https:\/\/labochem.com.vn\/\"},{\"@type\":\"ListItem\",\"position\":2,\"name\":\"C\u1eeda h\u00e0ng\",\"item\":\"https:\/\/labochem.com.vn\/mua\/\"},{\"@type\":\"ListItem\",\"position\":3,\"name\":\"M\u00e1y \u0111o pH \/ mV \/ nhi\u1ec7t \u0111\u1ed9 c\u1ea7m tay WalkLAB HP9000 (TI 9000) HP9000 Trans Instruments\"}]},{\"@type\":\"WebSite\",\"@id\":\"https:\/\/labochem.com.vn\/#website\",\"url\":\"https:\/\/labochem.com.vn\/\",\"name\":\"C\u00f4ng ty TNHH LABOCHEM Vi\u1ec7t Nam\",\"description\":\"M\u1ed9t trang web m\u1edbi s\u1eed d\u1ee5ng WordPress\",\"potentialAction\":[{\"@type\":\"SearchAction\",\"target\":{\"@type\":\"EntryPoint\",\"urlTemplate\":\"https:\/\/labochem.com.vn\/?s={search_term_string}\"},\"query-input\":\"required name=search_term_string\"}],\"inLanguage\":\"en-US\"}]}<\/script>\n<!-- \/ Yoast SEO plugin. -->","yoast_head_json":{"title":"[:vi]M\u00e1y \u0111o pH \/ mV \/ nhi\u1ec7t \u0111\u1ed9 c\u1ea7m tay WalkLAB HP9000 (TI 9000) HP9000 Trans Instruments[:] - C\u00f4ng ty TNHH LABOCHEM Vi\u1ec7t Nam","robots":{"index":"index","follow":"follow","max-snippet":"max-snippet:-1","max-image-preview":"max-image-preview:large","max-video-preview":"max-video-preview:-1"},"canonical":"https:\/\/labochem.com.vn\/s\u1ea3n ph\u1ea9m\/may-do-ph-mv-nhiet-do-cam-tay-walklab-hp9000-ti-9000-hp9000-trans-instruments\/","og_locale":"en_US","og_type":"article","og_title":"[:vi]M\u00e1y \u0111o pH \/ mV \/ nhi\u1ec7t \u0111\u1ed9 c\u1ea7m tay WalkLAB HP9000 (TI 9000) HP9000 Trans Instruments[:] - C\u00f4ng ty TNHH LABOCHEM Vi\u1ec7t Nam","og_description":"[:vi]M\u00e1y \u0111o pH \/ mV \/ nhi\u1ec7t \u0111\u1ed9 c\u1ea7m tay WalkLAB HP9000 (TI 9000) HP9000 Trans Instruments \u0111\u01b0\u1ee3c thi\u1ebft k\u1ebf g\u1ecdn nh\u1eb9, ti\u1ec7n d\u1ee5ng, \u0111\u1ed9 b\u1ec1n cao, s\u1eed d\u1ee5ng \u0111\u01a1n gi\u1ea3n, chi ph\u00ed th\u1ea5p. \u0110\u00e2y l\u00e0 m\u1ed9t thi\u1ebft b\u1ecb c\u00f3 kh\u1ea3 n\u0103ng \u0111o pH \/ mV \/ nhi\u1ec7t \u0111\u1ed9 r\u1ea5t nhanh v\u00e0 ch\u00ednh x\u00e1c r\u1ea5t l\u00fd t\u01b0\u1edfng cho c\u00e1c ng\u00e0nh c\u00f4ng nghi\u1ec7p v\u00e0 nu\u00f4i tr\u1ed3ng th\u1ee7y s\u1ea3n.    \u00a0 T\u00ean s\u1ea3n ph\u1ea9m: M\u00e1y \u0111o pH \/ mV \/ nhi\u1ec7t \u0111\u1ed9 c\u1ea7m tay WalkLAB HP9000 (TL 9000) HP9000 Trans Instruments   \u00a0 Model: WalkLAB HP9000 (TL 9000)   \u00a0 Order Code: HP9000   \u00a0 H\u00e3ng - Xu\u1ea5t x\u1ee9: Trans Instruments - Singapore   \u00a0 \u1ee8ng d\u1ee5ng: D\u00f9ng \u0111\u1ec3 \u0111o pH \/ mV \/ nhi\u1ec7t \u0111\u1ed9 ... v\u00e0 \u0111\u01b0\u1ee3c \u1ee9ng d\u1ee5ng cho c\u00e1c ng\u00e0nh c\u00f4ng nghi\u1ec7p th\u1ef1c ph\u1ea9m v\u00e0 nu\u00f4i tr\u1ed3ng th\u1ee7y s\u1ea3n   \u00a0 Th\u00f4ng s\u1ed1 k\u1ef9 thu\u1eadt: \u00a0- Kho\u1ea3ng \u0111o: 0.00 - 14.00 pH \/\u00a0\u00b1 999 mV \/ 0 - 100\u00b0C  - \u0110\u1ed9 ph\u00e2n gi\u1ea3i: 0.01 pH \/ 1mV \/ 0.1\u00b0C  - \u0110\u1ed9 ch\u00ednh x\u00e1c: \u00b10.01 pH \/\u00a0\u00b1 1mV \/ \u00b1 0.5\u00b0C  - T\u1ef1 \u0111\u1ed9ng b\u00f9 tr\u1eeb nhi\u1ec7t \u0111\u1ed9: 0 - 100\u00b0C  - \u0110\u1ed9 l\u1ec7ch chu\u1ea9n:\u00a0\u00b1 60mV \u0111\u1ed1i v\u1edbi pH 7  - \u0110\u1ed9 l\u1ec7ch d\u1ed1c:\u00a0\u00b1 20% \u0111\u1ed1i v\u1edbi pH 4 v\u00e0 pH 10  - T\u1ed5ng tr\u1edf ng\u1ecf v\u00e0o: 10\u00b9\u00b2 ohms  - T\u1ef1 \u0111\u1ed9ng \u0111\u00f3ng b\u0103ng m\u00e0ng h\u00ecnh khi \u0111\u1ea1t k\u1ebft qu\u1ea3 \u0111o \u1ed5n \u0111\u1ecbnh  - T\u1ef1 \u0111\u00f4ng t\u1eaft ngu\u1ed3n sau 5ph\u00fat k\u1ec3 t\u1eeb l\u00fac \u1ea5n n\u00fat sau c\u00f9ng  - M\u00f4i tr\u01b0\u1eddng: 0 - 50\u00b0C \/ 90% RH max  - K\u00edch th\u01b0\u1edbc: 164 x 83 x 35 mm  - Trong l\u01b0\u1ee3ng:\u00a0\u223c 350 gr  - Ngu\u1ed3n \u0111i\u1ec7n: pin DC 9V\u00a0\u223c 200 gi\u1edd  - Cung c\u1ea5p bao g\u1ed3m:  + M\u00e1y ch\u00ednh HP9000  + \u0110i\u1ec7n c\u1ef1c pH PP5003  + \u0110\u1ea7u d\u00f2 nhi\u1ec7t \u0111\u1ed9 PT9000( th\u00e9p kh\u00f4ng g\u1ec9)  + Dung d\u1ecbch chu\u1ea9n pH 7.00 90 ml SP0701N  + Dung d\u1ecbch chu\u1ea9n pH 4.01 90 ml SP0401N  + H\u1ed9p \u0111\u1ef1ng v\u1ecf c\u1ee9ng  + H\u01b0\u1edbng d\u1eabn s\u1eed d\u1ee5ng   \u00a0 Ph\u1ee5 ki\u1ec7n t\u00f9y ch\u1ecdn: \u00a0- \u0110i\u1ec7n c\u1ef1c pH PE03( PP5003)\u00a0 Trans Instruments  - \u0110i\u1ec7n c\u1ef1c pH th\u1ee7y tinh PG02(PP5052) Trans Instruments  - \u0110i\u1ec7n c\u1ef1c pH th\u1ee7y tinh d\u1ea1ng kim PG04(PP5054) Trans Instruments  - Dung d\u1ecbch chu\u1ea9n pH 7.00 90ml SP0700N Trans Instruments  - Dung d\u1ecbch chu\u1ea9n pH 7.00 500ml SP0700F Trans Instruments  - Dung d\u1ecbch chu\u1ea9n pH 4.01 90 ml SP0401N Trans Instruments  - Dung d\u1ecbch chu\u1ea9n pH 4.01 500ml SP0401F Trans Instruments  - Dung d\u1ecbch chu\u1ea9n pH 10.01 90 ml SP1001N Trans Instruments  - Dung d\u1ecbch chu\u1ea9n pH 10.01 500 ml SP1001F Trans Instruments  - Dung d\u1ecbch b\u1ea3o qu\u1ea3n \u0111i\u1ec7n c\u1ef1c pH 4230 90 ml SP0004N Trans Instruments  - Dung d\u1ecbch ch\u00e2m \u0111i\u1ec7n c\u1ef1c pH 3M KCL 90 ml SPK3M0 Trans Instruments   [:]","og_url":"https:\/\/labochem.com.vn\/s\u1ea3n ph\u1ea9m\/may-do-ph-mv-nhiet-do-cam-tay-walklab-hp9000-ti-9000-hp9000-trans-instruments\/","og_site_name":"C\u00f4ng ty TNHH LABOCHEM Vi\u1ec7t Nam","article_modified_time":"2020-05-15T04:39:22+00:00","og_image":[{"width":360,"height":320,"url":"https:\/\/labochem.com.vn\/wp-content\/uploads\/2020\/05\/may-do-ph-cam-tay.png","type":"image\/png"}],"twitter_card":"summary_large_image","schema":{"@context":"https:\/\/schema.org","@graph":[{"@type":"WebPage","@id":"https:\/\/labochem.com.vn\/s\u1ea3n ph\u1ea9m\/may-do-ph-mv-nhiet-do-cam-tay-walklab-hp9000-ti-9000-hp9000-trans-instruments\/","url":"https:\/\/labochem.com.vn\/s\u1ea3n ph\u1ea9m\/may-do-ph-mv-nhiet-do-cam-tay-walklab-hp9000-ti-9000-hp9000-trans-instruments\/","name":"[:vi]M\u00e1y \u0111o pH \/ mV \/ nhi\u1ec7t \u0111\u1ed9 c\u1ea7m tay WalkLAB HP9000 (TI 9000) HP9000 Trans Instruments[:] - C\u00f4ng ty TNHH LABOCHEM Vi\u1ec7t Nam","isPartOf":{"@id":"https:\/\/labochem.com.vn\/#website"},"primaryImageOfPage":{"@id":"https:\/\/labochem.com.vn\/s\u1ea3n ph\u1ea9m\/may-do-ph-mv-nhiet-do-cam-tay-walklab-hp9000-ti-9000-hp9000-trans-instruments\/#primaryimage"},"image":{"@id":"https:\/\/labochem.com.vn\/s\u1ea3n ph\u1ea9m\/may-do-ph-mv-nhiet-do-cam-tay-walklab-hp9000-ti-9000-hp9000-trans-instruments\/#primaryimage"},"thumbnailUrl":"https:\/\/labochem.com.vn\/wp-content\/uploads\/2020\/05\/may-do-ph-cam-tay.png","datePublished":"2020-05-15T04:39:16+00:00","dateModified":"2020-05-15T04:39:22+00:00","breadcrumb":{"@id":"https:\/\/labochem.com.vn\/s\u1ea3n ph\u1ea9m\/may-do-ph-mv-nhiet-do-cam-tay-walklab-hp9000-ti-9000-hp9000-trans-instruments\/#breadcrumb"},"inLanguage":"en-US","potentialAction":[{"@type":"ReadAction","target":["https:\/\/labochem.com.vn\/s\u1ea3n ph\u1ea9m\/may-do-ph-mv-nhiet-do-cam-tay-walklab-hp9000-ti-9000-hp9000-trans-instruments\/"]}]},{"@type":"ImageObject","inLanguage":"en-US","@id":"https:\/\/labochem.com.vn\/s\u1ea3n ph\u1ea9m\/may-do-ph-mv-nhiet-do-cam-tay-walklab-hp9000-ti-9000-hp9000-trans-instruments\/#primaryimage","url":"https:\/\/labochem.com.vn\/wp-content\/uploads\/2020\/05\/may-do-ph-cam-tay.png","contentUrl":"https:\/\/labochem.com.vn\/wp-content\/uploads\/2020\/05\/may-do-ph-cam-tay.png","width":360,"height":320},{"@type":"BreadcrumbList","@id":"https:\/\/labochem.com.vn\/s\u1ea3n ph\u1ea9m\/may-do-ph-mv-nhiet-do-cam-tay-walklab-hp9000-ti-9000-hp9000-trans-instruments\/#breadcrumb","itemListElement":[{"@type":"ListItem","position":1,"name":"Home","item":"https:\/\/labochem.com.vn\/"},{"@type":"ListItem","position":2,"name":"C\u1eeda h\u00e0ng","item":"https:\/\/labochem.com.vn\/mua\/"},{"@type":"ListItem","position":3,"name":"M\u00e1y \u0111o pH \/ mV \/ nhi\u1ec7t \u0111\u1ed9 c\u1ea7m tay WalkLAB HP9000 (TI 9000) HP9000 Trans Instruments"}]},{"@type":"WebSite","@id":"https:\/\/labochem.com.vn\/#website","url":"https:\/\/labochem.com.vn\/","name":"C\u00f4ng ty TNHH LABOCHEM Vi\u1ec7t Nam","description":"M\u1ed9t trang web m\u1edbi s\u1eed d\u1ee5ng WordPress","potentialAction":[{"@type":"SearchAction","target":{"@type":"EntryPoint","urlTemplate":"https:\/\/labochem.com.vn\/?s={search_term_string}"},"query-input":"required name=search_term_string"}],"inLanguage":"en-US"}]}},"_links":{"self":[{"href":"https:\/\/labochem.com.vn\/en\/wp-json\/wp\/v2\/product\/780"}],"collection":[{"href":"https:\/\/labochem.com.vn\/en\/wp-json\/wp\/v2\/product"}],"about":[{"href":"https:\/\/labochem.com.vn\/en\/wp-json\/wp\/v2\/types\/product"}],"replies":[{"embeddable":true,"href":"https:\/\/labochem.com.vn\/en\/wp-json\/wp\/v2\/comments?post=780"}],"wp:featuredmedia":[{"embeddable":true,"href":"https:\/\/labochem.com.vn\/en\/wp-json\/wp\/v2\/media\/781"}],"wp:attachment":[{"href":"https:\/\/labochem.com.vn\/en\/wp-json\/wp\/v2\/media?parent=780"}],"wp:term":[{"taxonomy":"product_cat","embeddable":true,"href":"https:\/\/labochem.com.vn\/en\/wp-json\/wp\/v2\/product_cat?post=780"},{"taxonomy":"product_tag","embeddable":true,"href":"https:\/\/labochem.com.vn\/en\/wp-json\/wp\/v2\/product_tag?post=780"}],"curies":[{"name":"wp","href":"https:\/\/api.w.org\/{rel}","templated":true}]}}