{"id":778,"date":"2020-05-15T04:32:29","date_gmt":"2020-05-15T04:32:29","guid":{"rendered":"https:\/\/labochem.com.vn\/?post_type=product&#038;p=778"},"modified":"2020-05-15T04:32:32","modified_gmt":"2020-05-15T04:32:32","slug":"may-do-ph-cam-tay-000-1400-ph-st300-ohaus","status":"publish","type":"product","link":"https:\/\/labochem.com.vn\/en\/s\u1ea3n ph\u1ea9m\/may-do-ph-cam-tay-000-1400-ph-st300-ohaus\/","title":{"rendered":"(Ti\u1ebfng Vi\u1ec7t) M\u00e1y \u0111o pH c\u1ea7m tay 0,00 &#8211; 14,00 pH ST300 Ohaus"},"content":{"rendered":"","protected":false},"excerpt":{"rendered":"<p class=\"qtranxs-available-languages-message qtranxs-available-languages-message-en\">Sorry, this entry is only available in <a href=\"https:\/\/labochem.com.vn\/vi\/wp-json\/wp\/v2\/product\/778\" class=\"qtranxs-available-language-link qtranxs-available-language-link-vi\" title=\"Ti\u1ebfng Vi\u1ec7t\">Ti\u1ebfng Vi\u1ec7t<\/a>.<\/p>\n","protected":false},"featured_media":779,"comment_status":"open","ping_status":"closed","template":"","meta":[],"product_cat":[278],"product_tag":[282,283,281],"yoast_head":"<!-- This site is optimized with the Yoast SEO plugin v22.6 - https:\/\/yoast.com\/wordpress\/plugins\/seo\/ -->\n<title><\/title>\n<meta name=\"robots\" content=\"index, follow, max-snippet:-1, max-image-preview:large, max-video-preview:-1\" \/>\n<link rel=\"canonical\" href=\"https:\/\/labochem.com.vn\/en\/s\u1ea3n%20ph\u1ea9m\/may-do-ph-cam-tay-000-1400-ph-st300-ohaus\/\" \/>\n<meta property=\"og:locale\" content=\"en_US\" \/>\n<meta property=\"og:type\" content=\"article\" \/>\n<meta property=\"og:title\" content=\"[:vi]M\u00e1y \u0111o pH c\u1ea7m tay 0,00 - 14,00 pH ST300 Ohaus[:] - C\u00f4ng ty TNHH LABOCHEM Vi\u1ec7t Nam\" \/>\n<meta property=\"og:description\" content=\"[:vi]M\u00e1y \u0111o pH c\u1ea7m tay 0,00 to 14,00 pH ST300 Ohaus. V\u1eadt li\u1ec7u ch\u1ebf t\u1ea1o: ABS. D\u1ea3i \u0111o: 0,00 ~14,00 pH\/ -1999 ~ +1999mV\/ 0\u02daC ~ 100\u02daC. \u0110\u1ed9 ph\u00e2n gi\u1ea3i: 0,01 pH\/ 1 mV\/ 0,1 \u02daC. Sai s\u1ed1: \u00b1 0,01 pH\/ \u00b1 1 mV\/ \u00b1 0,5\u02daC. B\u1ed9 nh\u1edb: L\u01b0u \u0111\u01b0\u1ee3c 30 gi\u00e1 tr\u1ecb \u0111o.    T\u00ean s\u1ea3n ph\u1ea9m: M\u00e1y \u0111o pH c\u1ea7m tay 0,00 - 14,00 pH ST300 Ohaus   Model: ST300   H\u00e3ng s\u1ea3n xu\u1ea5t: Ohaus - M\u1ef9   Xu\u1ea5t x\u1ee9: Trung Qu\u1ed1c   \u1ee8ng d\u1ee5ng: D\u00f9ng \u0111\u1ec3 \u0111o \u0111\u1ed9 pH   Th\u00f4ng s\u1ed1 k\u1ef9 thu\u1eadt: - D\u1ea3i \u0111o: 0,00 ~14,00 pH\/ -1999 ~ +1999mV\/ 0\u02daC ~ 100\u02daC  - \u0110\u1ed9 ph\u00e2n gi\u1ea3i: 0,01 pH\/ 1mV\/ 0,1\u02daC  - Sai s\u1ed1: \u00b1 0,01pH \/ \u00b1 1mV \/ \u00b1 0,5\u02daC  - Hi\u1ec7u chu\u1ea9n pH: 3 \u0111i\u1ec3m  - Dung d\u1ecbch \u0111i\u1ec7m: 4.00, 6.86, 9.18 t\u1ef1 \u0111\u1ed9ng nh\u1eadn d\u1ea1ng buffer  - B\u1ed9 nh\u1edb: L\u01b0u \u0111\u01b0\u1ee3c 30 gi\u00e1 tr\u1ecb \u0111o  - Ngu\u1ed3n \u0111i\u1ec7n\/Pin: 4 x AAA &gt;500 hrs  - K\u00edch th\u01b0\u1edbc v\u00e0 tr\u1ecdng l\u01b0\u1ee3ng:\u00a0 90 W x 170 D x 35 H (mm)\/0,18 kg  - M\u00e0n h\u00ecnh tinh th\u1ec3 l\u1ecfng  - pH input: BNC, tr\u1edf kh\u00e1ng &gt;10e+12 \u03a9  - Nhi\u1ec7t \u0111\u1ed9 \u0111\u1ea7u v\u00e0o: Cinch, NTC 30 k\u03a9  - Ch\u1ebf \u0111\u1ed9 b\u00f9 nhi\u1ec7t: ATC ho\u1eb7c\u00a0 MTC  - D\u1ea3i b\u00f9 nhi\u1ec7t: 0\u02daC~100\u02daC  - M\u1ee9c IP: IP54  - V\u1eadt li\u1ec7u ch\u1ebf t\u1ea1o: ABS   T\u00ednh n\u0103ng: - L\u00e0 lo\u1ea1i m\u00e1y \u0111o pH c\u1ea7m tay cho b\u1ea1n k\u1ebft qu\u1ea3 t\u1ed1t nh\u1ea5t so v\u1edbi c\u00e1c s\u1ea3n ph\u1ea9m c\u00f9ng lo\u1ea1i  - M\u00e1y \u0111\u01b0\u1ee3c thi\u1ebft k\u1ebf \u0111\u1ed9c \u0111\u00e1o, c\u00f3 g\u1edd c\u00e0i \u0111i\u1ec7n c\u1ef1c, c\u00f3 ch\u00e2n \u0111\u1ebf\u00a0 g\u1eafn tr\u00ean s\u1ea3n ph\u1ea9m \u0111\u1ec3 c\u00f3 th\u1ec3 s\u1eed d\u1ee5ng nh\u01b0 m\u1ed9t thi\u1ebft b\u1ecb \u0111\u1ec3 b\u00e0n.  - \u0110i\u1ec7n c\u1ef1c t\u00edch h\u1ee3p 3 trong 1, t\u1ef1 \u0111\u1ed9ng b\u00f9 nhi\u1ec7t  - T\u1ef1 \u0111\u1ed9ng chu\u1ea9n \u0111o\u00e1n ph\u00e2n t\u00edch l\u1ed7i  - Thi\u1ebft k\u1ebf ti\u1ec7n d\u1ee5ng gi\u00fap ng\u01b0\u1eddi d\u00f9ng s\u1eed d\u1ee5ng linh ho\u1ea1t   Cung c\u1ea5p bao g\u1ed3m: - M\u00e1y ch\u00ednh  - \u0110i\u1ec7n c\u1ef1c \u0111o pH (3 trong 1) ST320  - H\u00f3a ch\u1ea5t chu\u1ea9n m\u00e1y (03 g\u00f3i)  - S\u00e1ch h\u01b0\u1edbng d\u1eabn s\u1eed d\u1ee5ng   [:]\" \/>\n<meta property=\"og:url\" content=\"https:\/\/labochem.com.vn\/en\/s\u1ea3n ph\u1ea9m\/may-do-ph-cam-tay-000-1400-ph-st300-ohaus\/\" \/>\n<meta property=\"og:site_name\" content=\"C\u00f4ng ty TNHH LABOCHEM Vi\u1ec7t Nam\" \/>\n<meta property=\"article:modified_time\" content=\"2020-05-15T04:32:32+00:00\" \/>\n<meta property=\"og:image\" content=\"https:\/\/labochem.com.vn\/wp-content\/uploads\/2020\/05\/68ebf211-8e04-435b-9806-e4db19995b60.jpeg\" \/>\n\t<meta property=\"og:image:width\" content=\"600\" \/>\n\t<meta property=\"og:image:height\" content=\"600\" \/>\n\t<meta property=\"og:image:type\" content=\"image\/jpeg\" \/>\n<meta name=\"twitter:card\" content=\"summary_large_image\" \/>\n<script type=\"application\/ld+json\" class=\"yoast-schema-graph\">{\"@context\":\"https:\/\/schema.org\",\"@graph\":[{\"@type\":\"WebPage\",\"@id\":\"https:\/\/labochem.com.vn\/en\/s\u1ea3n ph\u1ea9m\/may-do-ph-cam-tay-000-1400-ph-st300-ohaus\/\",\"url\":\"https:\/\/labochem.com.vn\/en\/s\u1ea3n ph\u1ea9m\/may-do-ph-cam-tay-000-1400-ph-st300-ohaus\/\",\"name\":\"[:vi]M\u00e1y \u0111o pH c\u1ea7m tay 0,00 - 14,00 pH ST300 Ohaus[:] - C\u00f4ng ty TNHH LABOCHEM Vi\u1ec7t Nam\",\"isPartOf\":{\"@id\":\"https:\/\/labochem.com.vn\/#website\"},\"primaryImageOfPage\":{\"@id\":\"https:\/\/labochem.com.vn\/en\/s\u1ea3n ph\u1ea9m\/may-do-ph-cam-tay-000-1400-ph-st300-ohaus\/#primaryimage\"},\"image\":{\"@id\":\"https:\/\/labochem.com.vn\/en\/s\u1ea3n ph\u1ea9m\/may-do-ph-cam-tay-000-1400-ph-st300-ohaus\/#primaryimage\"},\"thumbnailUrl\":\"https:\/\/labochem.com.vn\/wp-content\/uploads\/2020\/05\/68ebf211-8e04-435b-9806-e4db19995b60.jpeg\",\"datePublished\":\"2020-05-15T04:32:29+00:00\",\"dateModified\":\"2020-05-15T04:32:32+00:00\",\"breadcrumb\":{\"@id\":\"https:\/\/labochem.com.vn\/en\/s\u1ea3n ph\u1ea9m\/may-do-ph-cam-tay-000-1400-ph-st300-ohaus\/#breadcrumb\"},\"inLanguage\":\"en-US\",\"potentialAction\":[{\"@type\":\"ReadAction\",\"target\":[\"https:\/\/labochem.com.vn\/en\/s\u1ea3n ph\u1ea9m\/may-do-ph-cam-tay-000-1400-ph-st300-ohaus\/\"]}]},{\"@type\":\"ImageObject\",\"inLanguage\":\"en-US\",\"@id\":\"https:\/\/labochem.com.vn\/en\/s\u1ea3n ph\u1ea9m\/may-do-ph-cam-tay-000-1400-ph-st300-ohaus\/#primaryimage\",\"url\":\"https:\/\/labochem.com.vn\/wp-content\/uploads\/2020\/05\/68ebf211-8e04-435b-9806-e4db19995b60.jpeg\",\"contentUrl\":\"https:\/\/labochem.com.vn\/wp-content\/uploads\/2020\/05\/68ebf211-8e04-435b-9806-e4db19995b60.jpeg\",\"width\":600,\"height\":600},{\"@type\":\"BreadcrumbList\",\"@id\":\"https:\/\/labochem.com.vn\/en\/s\u1ea3n ph\u1ea9m\/may-do-ph-cam-tay-000-1400-ph-st300-ohaus\/#breadcrumb\",\"itemListElement\":[{\"@type\":\"ListItem\",\"position\":1,\"name\":\"Home\",\"item\":\"https:\/\/labochem.com.vn\/\"},{\"@type\":\"ListItem\",\"position\":2,\"name\":\"C\u1eeda h\u00e0ng\",\"item\":\"https:\/\/labochem.com.vn\/mua\/\"},{\"@type\":\"ListItem\",\"position\":3,\"name\":\"(Ti\u1ebfng Vi\u1ec7t) M\u00e1y \u0111o pH c\u1ea7m tay 0,00 &#8211; 14,00 pH ST300 Ohaus\"}]},{\"@type\":\"WebSite\",\"@id\":\"https:\/\/labochem.com.vn\/#website\",\"url\":\"https:\/\/labochem.com.vn\/\",\"name\":\"C\u00f4ng ty TNHH LABOCHEM Vi\u1ec7t Nam\",\"description\":\"M\u1ed9t trang web m\u1edbi s\u1eed d\u1ee5ng WordPress\",\"potentialAction\":[{\"@type\":\"SearchAction\",\"target\":{\"@type\":\"EntryPoint\",\"urlTemplate\":\"https:\/\/labochem.com.vn\/?s={search_term_string}\"},\"query-input\":\"required name=search_term_string\"}],\"inLanguage\":\"en-US\"}]}<\/script>\n<!-- \/ Yoast SEO plugin. -->","yoast_head_json":{"title":"[:vi]M\u00e1y \u0111o pH c\u1ea7m tay 0,00 - 14,00 pH ST300 Ohaus[:] - C\u00f4ng ty TNHH LABOCHEM Vi\u1ec7t Nam","robots":{"index":"index","follow":"follow","max-snippet":"max-snippet:-1","max-image-preview":"max-image-preview:large","max-video-preview":"max-video-preview:-1"},"canonical":"https:\/\/labochem.com.vn\/en\/s\u1ea3n ph\u1ea9m\/may-do-ph-cam-tay-000-1400-ph-st300-ohaus\/","og_locale":"en_US","og_type":"article","og_title":"[:vi]M\u00e1y \u0111o pH c\u1ea7m tay 0,00 - 14,00 pH ST300 Ohaus[:] - C\u00f4ng ty TNHH LABOCHEM Vi\u1ec7t Nam","og_description":"[:vi]M\u00e1y \u0111o pH c\u1ea7m tay 0,00 to 14,00 pH ST300 Ohaus. V\u1eadt li\u1ec7u ch\u1ebf t\u1ea1o: ABS. D\u1ea3i \u0111o: 0,00 ~14,00 pH\/ -1999 ~ +1999mV\/ 0\u02daC ~ 100\u02daC. \u0110\u1ed9 ph\u00e2n gi\u1ea3i: 0,01 pH\/ 1 mV\/ 0,1 \u02daC. Sai s\u1ed1: \u00b1 0,01 pH\/ \u00b1 1 mV\/ \u00b1 0,5\u02daC. B\u1ed9 nh\u1edb: L\u01b0u \u0111\u01b0\u1ee3c 30 gi\u00e1 tr\u1ecb \u0111o.    T\u00ean s\u1ea3n ph\u1ea9m: M\u00e1y \u0111o pH c\u1ea7m tay 0,00 - 14,00 pH ST300 Ohaus   Model: ST300   H\u00e3ng s\u1ea3n xu\u1ea5t: Ohaus - M\u1ef9   Xu\u1ea5t x\u1ee9: Trung Qu\u1ed1c   \u1ee8ng d\u1ee5ng: D\u00f9ng \u0111\u1ec3 \u0111o \u0111\u1ed9 pH   Th\u00f4ng s\u1ed1 k\u1ef9 thu\u1eadt: - D\u1ea3i \u0111o: 0,00 ~14,00 pH\/ -1999 ~ +1999mV\/ 0\u02daC ~ 100\u02daC  - \u0110\u1ed9 ph\u00e2n gi\u1ea3i: 0,01 pH\/ 1mV\/ 0,1\u02daC  - Sai s\u1ed1: \u00b1 0,01pH \/ \u00b1 1mV \/ \u00b1 0,5\u02daC  - Hi\u1ec7u chu\u1ea9n pH: 3 \u0111i\u1ec3m  - Dung d\u1ecbch \u0111i\u1ec7m: 4.00, 6.86, 9.18 t\u1ef1 \u0111\u1ed9ng nh\u1eadn d\u1ea1ng buffer  - B\u1ed9 nh\u1edb: L\u01b0u \u0111\u01b0\u1ee3c 30 gi\u00e1 tr\u1ecb \u0111o  - Ngu\u1ed3n \u0111i\u1ec7n\/Pin: 4 x AAA &gt;500 hrs  - K\u00edch th\u01b0\u1edbc v\u00e0 tr\u1ecdng l\u01b0\u1ee3ng:\u00a0 90 W x 170 D x 35 H (mm)\/0,18 kg  - M\u00e0n h\u00ecnh tinh th\u1ec3 l\u1ecfng  - pH input: BNC, tr\u1edf kh\u00e1ng &gt;10e+12 \u03a9  - Nhi\u1ec7t \u0111\u1ed9 \u0111\u1ea7u v\u00e0o: Cinch, NTC 30 k\u03a9  - Ch\u1ebf \u0111\u1ed9 b\u00f9 nhi\u1ec7t: ATC ho\u1eb7c\u00a0 MTC  - D\u1ea3i b\u00f9 nhi\u1ec7t: 0\u02daC~100\u02daC  - M\u1ee9c IP: IP54  - V\u1eadt li\u1ec7u ch\u1ebf t\u1ea1o: ABS   T\u00ednh n\u0103ng: - L\u00e0 lo\u1ea1i m\u00e1y \u0111o pH c\u1ea7m tay cho b\u1ea1n k\u1ebft qu\u1ea3 t\u1ed1t nh\u1ea5t so v\u1edbi c\u00e1c s\u1ea3n ph\u1ea9m c\u00f9ng lo\u1ea1i  - M\u00e1y \u0111\u01b0\u1ee3c thi\u1ebft k\u1ebf \u0111\u1ed9c \u0111\u00e1o, c\u00f3 g\u1edd c\u00e0i \u0111i\u1ec7n c\u1ef1c, c\u00f3 ch\u00e2n \u0111\u1ebf\u00a0 g\u1eafn tr\u00ean s\u1ea3n ph\u1ea9m \u0111\u1ec3 c\u00f3 th\u1ec3 s\u1eed d\u1ee5ng nh\u01b0 m\u1ed9t thi\u1ebft b\u1ecb \u0111\u1ec3 b\u00e0n.  - \u0110i\u1ec7n c\u1ef1c t\u00edch h\u1ee3p 3 trong 1, t\u1ef1 \u0111\u1ed9ng b\u00f9 nhi\u1ec7t  - T\u1ef1 \u0111\u1ed9ng chu\u1ea9n \u0111o\u00e1n ph\u00e2n t\u00edch l\u1ed7i  - Thi\u1ebft k\u1ebf ti\u1ec7n d\u1ee5ng gi\u00fap ng\u01b0\u1eddi d\u00f9ng s\u1eed d\u1ee5ng linh ho\u1ea1t   Cung c\u1ea5p bao g\u1ed3m: - M\u00e1y ch\u00ednh  - \u0110i\u1ec7n c\u1ef1c \u0111o pH (3 trong 1) ST320  - H\u00f3a ch\u1ea5t chu\u1ea9n m\u00e1y (03 g\u00f3i)  - S\u00e1ch h\u01b0\u1edbng d\u1eabn s\u1eed d\u1ee5ng   [:]","og_url":"https:\/\/labochem.com.vn\/en\/s\u1ea3n ph\u1ea9m\/may-do-ph-cam-tay-000-1400-ph-st300-ohaus\/","og_site_name":"C\u00f4ng ty TNHH LABOCHEM Vi\u1ec7t Nam","article_modified_time":"2020-05-15T04:32:32+00:00","og_image":[{"width":600,"height":600,"url":"https:\/\/labochem.com.vn\/wp-content\/uploads\/2020\/05\/68ebf211-8e04-435b-9806-e4db19995b60.jpeg","type":"image\/jpeg"}],"twitter_card":"summary_large_image","schema":{"@context":"https:\/\/schema.org","@graph":[{"@type":"WebPage","@id":"https:\/\/labochem.com.vn\/en\/s\u1ea3n ph\u1ea9m\/may-do-ph-cam-tay-000-1400-ph-st300-ohaus\/","url":"https:\/\/labochem.com.vn\/en\/s\u1ea3n ph\u1ea9m\/may-do-ph-cam-tay-000-1400-ph-st300-ohaus\/","name":"[:vi]M\u00e1y \u0111o pH c\u1ea7m tay 0,00 - 14,00 pH ST300 Ohaus[:] - C\u00f4ng ty TNHH LABOCHEM Vi\u1ec7t Nam","isPartOf":{"@id":"https:\/\/labochem.com.vn\/#website"},"primaryImageOfPage":{"@id":"https:\/\/labochem.com.vn\/en\/s\u1ea3n ph\u1ea9m\/may-do-ph-cam-tay-000-1400-ph-st300-ohaus\/#primaryimage"},"image":{"@id":"https:\/\/labochem.com.vn\/en\/s\u1ea3n ph\u1ea9m\/may-do-ph-cam-tay-000-1400-ph-st300-ohaus\/#primaryimage"},"thumbnailUrl":"https:\/\/labochem.com.vn\/wp-content\/uploads\/2020\/05\/68ebf211-8e04-435b-9806-e4db19995b60.jpeg","datePublished":"2020-05-15T04:32:29+00:00","dateModified":"2020-05-15T04:32:32+00:00","breadcrumb":{"@id":"https:\/\/labochem.com.vn\/en\/s\u1ea3n ph\u1ea9m\/may-do-ph-cam-tay-000-1400-ph-st300-ohaus\/#breadcrumb"},"inLanguage":"en-US","potentialAction":[{"@type":"ReadAction","target":["https:\/\/labochem.com.vn\/en\/s\u1ea3n ph\u1ea9m\/may-do-ph-cam-tay-000-1400-ph-st300-ohaus\/"]}]},{"@type":"ImageObject","inLanguage":"en-US","@id":"https:\/\/labochem.com.vn\/en\/s\u1ea3n ph\u1ea9m\/may-do-ph-cam-tay-000-1400-ph-st300-ohaus\/#primaryimage","url":"https:\/\/labochem.com.vn\/wp-content\/uploads\/2020\/05\/68ebf211-8e04-435b-9806-e4db19995b60.jpeg","contentUrl":"https:\/\/labochem.com.vn\/wp-content\/uploads\/2020\/05\/68ebf211-8e04-435b-9806-e4db19995b60.jpeg","width":600,"height":600},{"@type":"BreadcrumbList","@id":"https:\/\/labochem.com.vn\/en\/s\u1ea3n ph\u1ea9m\/may-do-ph-cam-tay-000-1400-ph-st300-ohaus\/#breadcrumb","itemListElement":[{"@type":"ListItem","position":1,"name":"Home","item":"https:\/\/labochem.com.vn\/"},{"@type":"ListItem","position":2,"name":"C\u1eeda h\u00e0ng","item":"https:\/\/labochem.com.vn\/mua\/"},{"@type":"ListItem","position":3,"name":"(Ti\u1ebfng Vi\u1ec7t) M\u00e1y \u0111o pH c\u1ea7m tay 0,00 &#8211; 14,00 pH ST300 Ohaus"}]},{"@type":"WebSite","@id":"https:\/\/labochem.com.vn\/#website","url":"https:\/\/labochem.com.vn\/","name":"C\u00f4ng ty TNHH LABOCHEM Vi\u1ec7t Nam","description":"M\u1ed9t trang web m\u1edbi s\u1eed d\u1ee5ng WordPress","potentialAction":[{"@type":"SearchAction","target":{"@type":"EntryPoint","urlTemplate":"https:\/\/labochem.com.vn\/?s={search_term_string}"},"query-input":"required name=search_term_string"}],"inLanguage":"en-US"}]}},"_links":{"self":[{"href":"https:\/\/labochem.com.vn\/en\/wp-json\/wp\/v2\/product\/778"}],"collection":[{"href":"https:\/\/labochem.com.vn\/en\/wp-json\/wp\/v2\/product"}],"about":[{"href":"https:\/\/labochem.com.vn\/en\/wp-json\/wp\/v2\/types\/product"}],"replies":[{"embeddable":true,"href":"https:\/\/labochem.com.vn\/en\/wp-json\/wp\/v2\/comments?post=778"}],"wp:featuredmedia":[{"embeddable":true,"href":"https:\/\/labochem.com.vn\/en\/wp-json\/wp\/v2\/media\/779"}],"wp:attachment":[{"href":"https:\/\/labochem.com.vn\/en\/wp-json\/wp\/v2\/media?parent=778"}],"wp:term":[{"taxonomy":"product_cat","embeddable":true,"href":"https:\/\/labochem.com.vn\/en\/wp-json\/wp\/v2\/product_cat?post=778"},{"taxonomy":"product_tag","embeddable":true,"href":"https:\/\/labochem.com.vn\/en\/wp-json\/wp\/v2\/product_tag?post=778"}],"curies":[{"name":"wp","href":"https:\/\/api.w.org\/{rel}","templated":true}]}}