{"id":776,"date":"2020-05-15T04:30:15","date_gmt":"2020-05-15T04:30:15","guid":{"rendered":"https:\/\/labochem.com.vn\/?post_type=product&#038;p=776"},"modified":"2020-05-15T04:30:16","modified_gmt":"2020-05-15T04:30:16","slug":"may-do-ph-cam-tay-hi8314-hanna","status":"publish","type":"product","link":"https:\/\/labochem.com.vn\/en\/s\u1ea3n ph\u1ea9m\/may-do-ph-cam-tay-hi8314-hanna\/","title":{"rendered":"(Ti\u1ebfng Vi\u1ec7t) M\u00e1y \u0111o pH c\u1ea7m tay HI8314 Hanna"},"content":{"rendered":"","protected":false},"excerpt":{"rendered":"<p class=\"qtranxs-available-languages-message qtranxs-available-languages-message-en\">Sorry, this entry is only available in <a href=\"https:\/\/labochem.com.vn\/vi\/wp-json\/wp\/v2\/product\/776\" class=\"qtranxs-available-language-link qtranxs-available-language-link-vi\" title=\"Ti\u1ebfng Vi\u1ec7t\">Ti\u1ebfng Vi\u1ec7t<\/a>.<\/p>\n","protected":false},"featured_media":777,"comment_status":"open","ping_status":"closed","template":"","meta":[],"product_cat":[278],"product_tag":[280],"yoast_head":"<!-- This site is optimized with the Yoast SEO plugin v22.6 - https:\/\/yoast.com\/wordpress\/plugins\/seo\/ -->\n<title><\/title>\n<meta name=\"robots\" content=\"index, follow, max-snippet:-1, max-image-preview:large, max-video-preview:-1\" \/>\n<link rel=\"canonical\" href=\"https:\/\/labochem.com.vn\/en\/s\u1ea3n%20ph\u1ea9m\/may-do-ph-cam-tay-hi8314-hanna\/\" \/>\n<meta property=\"og:locale\" content=\"en_US\" \/>\n<meta property=\"og:type\" content=\"article\" \/>\n<meta property=\"og:title\" content=\"[:vi]M\u00e1y \u0111o pH c\u1ea7m tay HI8314 Hanna[:] - C\u00f4ng ty TNHH LABOCHEM Vi\u1ec7t Nam\" \/>\n<meta property=\"og:description\" content=\"[:vi]HI 8314 l\u00e0 m\u1ed9t thi\u1ebft b\u1ecb c\u1ea7m tay \u0111o pH \/ mV \/ \u00b0C \u0111\u01b0\u1ee3c thi\u1ebft k\u1ebf d\u1ec5 s\u1eed d\u1ee5ng v\u00e0 \u0111\u1ed9 ch\u00ednh x\u00e1c cao, thu\u1eadn ti\u1ec7n cho \u0111o pH \u1edf m\u1ecdi n\u01a1i m\u1ecdi l\u00fac, ph\u00f9 h\u1ee3p v\u1edbi ph\u00f2ng th\u00ed nghi\u1ec7m, tr\u01b0\u1eddng h\u1ecdc, \u0111o pH l\u01b0u \u0111\u1ed9ng, ...    T\u00ean s\u1ea3n ph\u1ea9m: M\u00e1y \u0111o pH c\u1ea7m tay HI8314   Model: HI8314   H\u00e3ng - S\u1ea3n xu\u1ea5t: Hana - \u00dd   \u1ee8ng d\u1ee5ng: \u0110o pH trong dung d\u1ecbch, nhi\u1ec7t \u0111\u1ed9, ORP. \u1ee8ng d\u1ee5ng trong c\u00e1c ph\u00f2ng th\u00ed nghi\u1ec7m h\u00f3a h\u1ecdc, m\u00f4i tr\u01b0\u1eddng, tr\u01b0\u1eddng h\u1ecdc, \u0111o pH l\u01b0u \u0111\u1ed9ng...   Th\u00f4ng s\u1ed1 k\u0129 thu\u1eadt: - Thang \u0111o pH:\u00a00.00 \u0111\u1ebfn \u00a014.00 pH  - Thang \u0111o nhi\u1ec7t \u0111\u1ed9:\u00a00.0 to 100.0\u00b0C  - Thang \u0111o ORP:\u00a0\u00b11999 mV  - \u0110\u1ed9 ph\u00e2n gi\u1ea3i \u0111o pH: 0.01pH  - \u0110\u1ed9 ph\u00e2n gi\u1ea3i \u0111o nhi\u1ec7t \u0111\u1ed9:\u00a00.1 \u00b0C  - \u0110\u1ed9 ph\u00e2n gi\u1ea3i mV: 1 mV  - \u0110\u1ed9 ch\u00ednh x\u00e1c pH:\u00a0\u00b10.01 pH  - \u0110\u1ed9 ch\u00ednh x\u00e1c nhi\u1ec7t \u0111\u1ed9:\u00a00.1 \u00b0C  - \u0110\u1ed9 ch\u00ednh x\u00e1c mV:\u00a0\u00b11 mV  - Chu\u1ea9n pH: b\u1eb1ng tay hai \u0111i\u1ec3m\u00a0b\u1eb1ng n\u00fat tinh ch\u1ec9nh v\u1edbi\u00a0offset \u00b11 pH; slope: 80 to 110%  - B\u00f9 nhi\u1ec7t t\u1ef1 \u0111\u1ed9ng t\u1eeb 0- 70\u00a0\u00b0C  - \u0110i\u1ec7n c\u1ef1c pH:\u00a0HI 1217D, th\u00e2n PEI, c\u00f3 c\u1ea3m bi\u1ebfn nhi\u1ec7t \u0111\u1ed9, c\u1ed5ng k\u1ebft n\u1ed1i DIN, c\u00e1p 1m  - Tr\u1edf kh\u00e1ng \u0111\u1ea7u v\u00e0o:\u00a01012\u00a0Ohm  - Ngu\u1ed3n \u0111i\u1ec7n:\u00a01 pin 9V\/ t\u01b0\u01a1ng \u0111\u01b0\u01a1ng 100 gi\u1edd s\u1eed d\u1ee5ng li\u00ean t\u1ee5c  - M\u00f4i tr\u01b0\u1eddng:\u00a00 to 50\u00b0C (32 to 122\u00b0F); RH max 100%  - K\u00edch th\u01b0\u01a1c:\u00a0164 x 76 x 45 mm  - Kh\u1ed1i l\u01b0\u1ee3ng:\u00a0180g  - B\u1ea3o h\u00e0nh: 12 th\u00e1ng cho m\u00e1y v\u00e0 6 th\u00e1ng cho \u0111i\u1ec7n c\u1ef1c   Cung c\u1ea5p bao g\u1ed3m:\u00a0 - M\u00e1y ch\u00ednh HI 8314  - \u0110i\u1ec7n c\u1ef1c pH\u00a0HI1217D  - G\u00f3i dung d\u1ecbch\u00a0pH4.01\u00a0HI70004  - Dung d\u1ecbch\u00a0pH7.01\u00a0HI70007  - Dung d\u1ecbch\u00a0v\u1ec7 sinh\u00a0HI700661  - V\u00edt hi\u1ec7u chu\u1ea9n, pin, h\u1ed9p \u0111\u1ef1ng v\u00e0 h\u01b0\u1edbng d\u1eabn.   ph\u1ee5 ki\u1ec7n mua k\u00e8m:\u00a0 - \u0110i\u1ec7n c\u1ef1c pH\u00a0HI1217D  - Dung d\u1ecbch chu\u1ea9n pH4.01 500ml HI70004  - Dung d\u1ecbch chu\u1ea9n pH7.01 500ml HI70007  - Dung d\u1ecbch\u00a0v\u1ec7 sinh 500ml HI700661   [:]\" \/>\n<meta property=\"og:url\" content=\"https:\/\/labochem.com.vn\/en\/s\u1ea3n ph\u1ea9m\/may-do-ph-cam-tay-hi8314-hanna\/\" \/>\n<meta property=\"og:site_name\" content=\"C\u00f4ng ty TNHH LABOCHEM Vi\u1ec7t Nam\" \/>\n<meta property=\"article:modified_time\" content=\"2020-05-15T04:30:16+00:00\" \/>\n<meta property=\"og:image\" content=\"https:\/\/labochem.com.vn\/wp-content\/uploads\/2020\/05\/hi83141.jpg\" \/>\n\t<meta property=\"og:image:width\" content=\"400\" \/>\n\t<meta property=\"og:image:height\" content=\"400\" \/>\n\t<meta property=\"og:image:type\" content=\"image\/jpeg\" \/>\n<meta name=\"twitter:card\" content=\"summary_large_image\" \/>\n<script type=\"application\/ld+json\" class=\"yoast-schema-graph\">{\"@context\":\"https:\/\/schema.org\",\"@graph\":[{\"@type\":\"WebPage\",\"@id\":\"https:\/\/labochem.com.vn\/en\/s\u1ea3n ph\u1ea9m\/may-do-ph-cam-tay-hi8314-hanna\/\",\"url\":\"https:\/\/labochem.com.vn\/en\/s\u1ea3n ph\u1ea9m\/may-do-ph-cam-tay-hi8314-hanna\/\",\"name\":\"[:vi]M\u00e1y \u0111o pH c\u1ea7m tay HI8314 Hanna[:] - C\u00f4ng ty TNHH LABOCHEM Vi\u1ec7t Nam\",\"isPartOf\":{\"@id\":\"https:\/\/labochem.com.vn\/#website\"},\"primaryImageOfPage\":{\"@id\":\"https:\/\/labochem.com.vn\/en\/s\u1ea3n ph\u1ea9m\/may-do-ph-cam-tay-hi8314-hanna\/#primaryimage\"},\"image\":{\"@id\":\"https:\/\/labochem.com.vn\/en\/s\u1ea3n ph\u1ea9m\/may-do-ph-cam-tay-hi8314-hanna\/#primaryimage\"},\"thumbnailUrl\":\"https:\/\/labochem.com.vn\/wp-content\/uploads\/2020\/05\/hi83141.jpg\",\"datePublished\":\"2020-05-15T04:30:15+00:00\",\"dateModified\":\"2020-05-15T04:30:16+00:00\",\"breadcrumb\":{\"@id\":\"https:\/\/labochem.com.vn\/en\/s\u1ea3n ph\u1ea9m\/may-do-ph-cam-tay-hi8314-hanna\/#breadcrumb\"},\"inLanguage\":\"en-US\",\"potentialAction\":[{\"@type\":\"ReadAction\",\"target\":[\"https:\/\/labochem.com.vn\/en\/s\u1ea3n ph\u1ea9m\/may-do-ph-cam-tay-hi8314-hanna\/\"]}]},{\"@type\":\"ImageObject\",\"inLanguage\":\"en-US\",\"@id\":\"https:\/\/labochem.com.vn\/en\/s\u1ea3n ph\u1ea9m\/may-do-ph-cam-tay-hi8314-hanna\/#primaryimage\",\"url\":\"https:\/\/labochem.com.vn\/wp-content\/uploads\/2020\/05\/hi83141.jpg\",\"contentUrl\":\"https:\/\/labochem.com.vn\/wp-content\/uploads\/2020\/05\/hi83141.jpg\",\"width\":400,\"height\":400},{\"@type\":\"BreadcrumbList\",\"@id\":\"https:\/\/labochem.com.vn\/en\/s\u1ea3n ph\u1ea9m\/may-do-ph-cam-tay-hi8314-hanna\/#breadcrumb\",\"itemListElement\":[{\"@type\":\"ListItem\",\"position\":1,\"name\":\"Home\",\"item\":\"https:\/\/labochem.com.vn\/\"},{\"@type\":\"ListItem\",\"position\":2,\"name\":\"C\u1eeda h\u00e0ng\",\"item\":\"https:\/\/labochem.com.vn\/mua\/\"},{\"@type\":\"ListItem\",\"position\":3,\"name\":\"(Ti\u1ebfng Vi\u1ec7t) M\u00e1y \u0111o pH c\u1ea7m tay HI8314 Hanna\"}]},{\"@type\":\"WebSite\",\"@id\":\"https:\/\/labochem.com.vn\/#website\",\"url\":\"https:\/\/labochem.com.vn\/\",\"name\":\"C\u00f4ng ty TNHH LABOCHEM Vi\u1ec7t Nam\",\"description\":\"M\u1ed9t trang web m\u1edbi s\u1eed d\u1ee5ng WordPress\",\"potentialAction\":[{\"@type\":\"SearchAction\",\"target\":{\"@type\":\"EntryPoint\",\"urlTemplate\":\"https:\/\/labochem.com.vn\/?s={search_term_string}\"},\"query-input\":\"required name=search_term_string\"}],\"inLanguage\":\"en-US\"}]}<\/script>\n<!-- \/ Yoast SEO plugin. -->","yoast_head_json":{"title":"[:vi]M\u00e1y \u0111o pH c\u1ea7m tay HI8314 Hanna[:] - C\u00f4ng ty TNHH LABOCHEM Vi\u1ec7t Nam","robots":{"index":"index","follow":"follow","max-snippet":"max-snippet:-1","max-image-preview":"max-image-preview:large","max-video-preview":"max-video-preview:-1"},"canonical":"https:\/\/labochem.com.vn\/en\/s\u1ea3n ph\u1ea9m\/may-do-ph-cam-tay-hi8314-hanna\/","og_locale":"en_US","og_type":"article","og_title":"[:vi]M\u00e1y \u0111o pH c\u1ea7m tay HI8314 Hanna[:] - C\u00f4ng ty TNHH LABOCHEM Vi\u1ec7t Nam","og_description":"[:vi]HI 8314 l\u00e0 m\u1ed9t thi\u1ebft b\u1ecb c\u1ea7m tay \u0111o pH \/ mV \/ \u00b0C \u0111\u01b0\u1ee3c thi\u1ebft k\u1ebf d\u1ec5 s\u1eed d\u1ee5ng v\u00e0 \u0111\u1ed9 ch\u00ednh x\u00e1c cao, thu\u1eadn ti\u1ec7n cho \u0111o pH \u1edf m\u1ecdi n\u01a1i m\u1ecdi l\u00fac, ph\u00f9 h\u1ee3p v\u1edbi ph\u00f2ng th\u00ed nghi\u1ec7m, tr\u01b0\u1eddng h\u1ecdc, \u0111o pH l\u01b0u \u0111\u1ed9ng, ...    T\u00ean s\u1ea3n ph\u1ea9m: M\u00e1y \u0111o pH c\u1ea7m tay HI8314   Model: HI8314   H\u00e3ng - S\u1ea3n xu\u1ea5t: Hana - \u00dd   \u1ee8ng d\u1ee5ng: \u0110o pH trong dung d\u1ecbch, nhi\u1ec7t \u0111\u1ed9, ORP. \u1ee8ng d\u1ee5ng trong c\u00e1c ph\u00f2ng th\u00ed nghi\u1ec7m h\u00f3a h\u1ecdc, m\u00f4i tr\u01b0\u1eddng, tr\u01b0\u1eddng h\u1ecdc, \u0111o pH l\u01b0u \u0111\u1ed9ng...   Th\u00f4ng s\u1ed1 k\u0129 thu\u1eadt: - Thang \u0111o pH:\u00a00.00 \u0111\u1ebfn \u00a014.00 pH  - Thang \u0111o nhi\u1ec7t \u0111\u1ed9:\u00a00.0 to 100.0\u00b0C  - Thang \u0111o ORP:\u00a0\u00b11999 mV  - \u0110\u1ed9 ph\u00e2n gi\u1ea3i \u0111o pH: 0.01pH  - \u0110\u1ed9 ph\u00e2n gi\u1ea3i \u0111o nhi\u1ec7t \u0111\u1ed9:\u00a00.1 \u00b0C  - \u0110\u1ed9 ph\u00e2n gi\u1ea3i mV: 1 mV  - \u0110\u1ed9 ch\u00ednh x\u00e1c pH:\u00a0\u00b10.01 pH  - \u0110\u1ed9 ch\u00ednh x\u00e1c nhi\u1ec7t \u0111\u1ed9:\u00a00.1 \u00b0C  - \u0110\u1ed9 ch\u00ednh x\u00e1c mV:\u00a0\u00b11 mV  - Chu\u1ea9n pH: b\u1eb1ng tay hai \u0111i\u1ec3m\u00a0b\u1eb1ng n\u00fat tinh ch\u1ec9nh v\u1edbi\u00a0offset \u00b11 pH; slope: 80 to 110%  - B\u00f9 nhi\u1ec7t t\u1ef1 \u0111\u1ed9ng t\u1eeb 0- 70\u00a0\u00b0C  - \u0110i\u1ec7n c\u1ef1c pH:\u00a0HI 1217D, th\u00e2n PEI, c\u00f3 c\u1ea3m bi\u1ebfn nhi\u1ec7t \u0111\u1ed9, c\u1ed5ng k\u1ebft n\u1ed1i DIN, c\u00e1p 1m  - Tr\u1edf kh\u00e1ng \u0111\u1ea7u v\u00e0o:\u00a01012\u00a0Ohm  - Ngu\u1ed3n \u0111i\u1ec7n:\u00a01 pin 9V\/ t\u01b0\u01a1ng \u0111\u01b0\u01a1ng 100 gi\u1edd s\u1eed d\u1ee5ng li\u00ean t\u1ee5c  - M\u00f4i tr\u01b0\u1eddng:\u00a00 to 50\u00b0C (32 to 122\u00b0F); RH max 100%  - K\u00edch th\u01b0\u01a1c:\u00a0164 x 76 x 45 mm  - Kh\u1ed1i l\u01b0\u1ee3ng:\u00a0180g  - B\u1ea3o h\u00e0nh: 12 th\u00e1ng cho m\u00e1y v\u00e0 6 th\u00e1ng cho \u0111i\u1ec7n c\u1ef1c   Cung c\u1ea5p bao g\u1ed3m:\u00a0 - M\u00e1y ch\u00ednh HI 8314  - \u0110i\u1ec7n c\u1ef1c pH\u00a0HI1217D  - G\u00f3i dung d\u1ecbch\u00a0pH4.01\u00a0HI70004  - Dung d\u1ecbch\u00a0pH7.01\u00a0HI70007  - Dung d\u1ecbch\u00a0v\u1ec7 sinh\u00a0HI700661  - V\u00edt hi\u1ec7u chu\u1ea9n, pin, h\u1ed9p \u0111\u1ef1ng v\u00e0 h\u01b0\u1edbng d\u1eabn.   ph\u1ee5 ki\u1ec7n mua k\u00e8m:\u00a0 - \u0110i\u1ec7n c\u1ef1c pH\u00a0HI1217D  - Dung d\u1ecbch chu\u1ea9n pH4.01 500ml HI70004  - Dung d\u1ecbch chu\u1ea9n pH7.01 500ml HI70007  - Dung d\u1ecbch\u00a0v\u1ec7 sinh 500ml HI700661   [:]","og_url":"https:\/\/labochem.com.vn\/en\/s\u1ea3n ph\u1ea9m\/may-do-ph-cam-tay-hi8314-hanna\/","og_site_name":"C\u00f4ng ty TNHH LABOCHEM Vi\u1ec7t Nam","article_modified_time":"2020-05-15T04:30:16+00:00","og_image":[{"width":400,"height":400,"url":"https:\/\/labochem.com.vn\/wp-content\/uploads\/2020\/05\/hi83141.jpg","type":"image\/jpeg"}],"twitter_card":"summary_large_image","schema":{"@context":"https:\/\/schema.org","@graph":[{"@type":"WebPage","@id":"https:\/\/labochem.com.vn\/en\/s\u1ea3n ph\u1ea9m\/may-do-ph-cam-tay-hi8314-hanna\/","url":"https:\/\/labochem.com.vn\/en\/s\u1ea3n ph\u1ea9m\/may-do-ph-cam-tay-hi8314-hanna\/","name":"[:vi]M\u00e1y \u0111o pH c\u1ea7m tay HI8314 Hanna[:] - C\u00f4ng ty TNHH LABOCHEM Vi\u1ec7t Nam","isPartOf":{"@id":"https:\/\/labochem.com.vn\/#website"},"primaryImageOfPage":{"@id":"https:\/\/labochem.com.vn\/en\/s\u1ea3n ph\u1ea9m\/may-do-ph-cam-tay-hi8314-hanna\/#primaryimage"},"image":{"@id":"https:\/\/labochem.com.vn\/en\/s\u1ea3n ph\u1ea9m\/may-do-ph-cam-tay-hi8314-hanna\/#primaryimage"},"thumbnailUrl":"https:\/\/labochem.com.vn\/wp-content\/uploads\/2020\/05\/hi83141.jpg","datePublished":"2020-05-15T04:30:15+00:00","dateModified":"2020-05-15T04:30:16+00:00","breadcrumb":{"@id":"https:\/\/labochem.com.vn\/en\/s\u1ea3n ph\u1ea9m\/may-do-ph-cam-tay-hi8314-hanna\/#breadcrumb"},"inLanguage":"en-US","potentialAction":[{"@type":"ReadAction","target":["https:\/\/labochem.com.vn\/en\/s\u1ea3n ph\u1ea9m\/may-do-ph-cam-tay-hi8314-hanna\/"]}]},{"@type":"ImageObject","inLanguage":"en-US","@id":"https:\/\/labochem.com.vn\/en\/s\u1ea3n ph\u1ea9m\/may-do-ph-cam-tay-hi8314-hanna\/#primaryimage","url":"https:\/\/labochem.com.vn\/wp-content\/uploads\/2020\/05\/hi83141.jpg","contentUrl":"https:\/\/labochem.com.vn\/wp-content\/uploads\/2020\/05\/hi83141.jpg","width":400,"height":400},{"@type":"BreadcrumbList","@id":"https:\/\/labochem.com.vn\/en\/s\u1ea3n ph\u1ea9m\/may-do-ph-cam-tay-hi8314-hanna\/#breadcrumb","itemListElement":[{"@type":"ListItem","position":1,"name":"Home","item":"https:\/\/labochem.com.vn\/"},{"@type":"ListItem","position":2,"name":"C\u1eeda h\u00e0ng","item":"https:\/\/labochem.com.vn\/mua\/"},{"@type":"ListItem","position":3,"name":"(Ti\u1ebfng Vi\u1ec7t) M\u00e1y \u0111o pH c\u1ea7m tay HI8314 Hanna"}]},{"@type":"WebSite","@id":"https:\/\/labochem.com.vn\/#website","url":"https:\/\/labochem.com.vn\/","name":"C\u00f4ng ty TNHH LABOCHEM Vi\u1ec7t Nam","description":"M\u1ed9t trang web m\u1edbi s\u1eed d\u1ee5ng WordPress","potentialAction":[{"@type":"SearchAction","target":{"@type":"EntryPoint","urlTemplate":"https:\/\/labochem.com.vn\/?s={search_term_string}"},"query-input":"required name=search_term_string"}],"inLanguage":"en-US"}]}},"_links":{"self":[{"href":"https:\/\/labochem.com.vn\/en\/wp-json\/wp\/v2\/product\/776"}],"collection":[{"href":"https:\/\/labochem.com.vn\/en\/wp-json\/wp\/v2\/product"}],"about":[{"href":"https:\/\/labochem.com.vn\/en\/wp-json\/wp\/v2\/types\/product"}],"replies":[{"embeddable":true,"href":"https:\/\/labochem.com.vn\/en\/wp-json\/wp\/v2\/comments?post=776"}],"wp:featuredmedia":[{"embeddable":true,"href":"https:\/\/labochem.com.vn\/en\/wp-json\/wp\/v2\/media\/777"}],"wp:attachment":[{"href":"https:\/\/labochem.com.vn\/en\/wp-json\/wp\/v2\/media?parent=776"}],"wp:term":[{"taxonomy":"product_cat","embeddable":true,"href":"https:\/\/labochem.com.vn\/en\/wp-json\/wp\/v2\/product_cat?post=776"},{"taxonomy":"product_tag","embeddable":true,"href":"https:\/\/labochem.com.vn\/en\/wp-json\/wp\/v2\/product_tag?post=776"}],"curies":[{"name":"wp","href":"https:\/\/api.w.org\/{rel}","templated":true}]}}