{"id":774,"date":"2020-05-15T04:28:07","date_gmt":"2020-05-15T04:28:07","guid":{"rendered":"https:\/\/labochem.com.vn\/?post_type=product&#038;p=774"},"modified":"2020-05-15T04:28:09","modified_gmt":"2020-05-15T04:28:09","slug":"bo-kiem-soat-ph-mini-co-ngo-ra-4-20ma-bl931700-hanna","status":"publish","type":"product","link":"https:\/\/labochem.com.vn\/en\/s\u1ea3n ph\u1ea9m\/bo-kiem-soat-ph-mini-co-ngo-ra-4-20ma-bl931700-hanna\/","title":{"rendered":"(Ti\u1ebfng Vi\u1ec7t) B\u1ed9 ki\u1ec3m so\u00e1t pH Mini c\u00f3 ng\u00f5 ra 4-20mA BL931700 Hanna"},"content":{"rendered":"","protected":false},"excerpt":{"rendered":"<p class=\"qtranxs-available-languages-message qtranxs-available-languages-message-en\">Sorry, this entry is only available in <a href=\"https:\/\/labochem.com.vn\/vi\/wp-json\/wp\/v2\/product\/774\" class=\"qtranxs-available-language-link qtranxs-available-language-link-vi\" title=\"Ti\u1ebfng Vi\u1ec7t\">Ti\u1ebfng Vi\u1ec7t<\/a>.<\/p>\n","protected":false},"featured_media":775,"comment_status":"open","ping_status":"closed","template":"","meta":[],"product_cat":[278],"product_tag":[279],"yoast_head":"<!-- This site is optimized with the Yoast SEO plugin v22.6 - https:\/\/yoast.com\/wordpress\/plugins\/seo\/ -->\n<title><\/title>\n<meta name=\"robots\" content=\"index, follow, max-snippet:-1, max-image-preview:large, max-video-preview:-1\" \/>\n<link rel=\"canonical\" href=\"https:\/\/labochem.com.vn\/en\/s\u1ea3n%20ph\u1ea9m\/bo-kiem-soat-ph-mini-co-ngo-ra-4-20ma-bl931700-hanna\/\" \/>\n<meta property=\"og:locale\" content=\"en_US\" \/>\n<meta property=\"og:type\" content=\"article\" \/>\n<meta property=\"og:title\" content=\"[:vi]B\u1ed9 ki\u1ec3m so\u00e1t pH Mini c\u00f3 ng\u00f5 ra 4-20mA BL931700 Hanna[:] - C\u00f4ng ty TNHH LABOCHEM Vi\u1ec7t Nam\" \/>\n<meta property=\"og:description\" content=\"[:vi]BL931700 l\u00e0 m\u1ed9t m\u00e0n h\u00ecnh \u0111i\u1ec1u khi\u1ec3n pH 1 \u0111i\u1ec3m nh\u1ecf g\u1ecdn \u0111\u01b0\u1ee3c thi\u1ebft k\u1ebf cho c\u00e1c \u1ee9ng d\u1ee5ng c\u1ea7n kh\u00f4ng gian ho\u1eb7c chi ph\u00ed ph\u00f9 h\u1ee3p. Thi\u1ebft b\u1ecb n\u00e0y c\u00f3 m\u1ed9t \u0111\u1ea7u v\u00e0o pH tr\u1edf kh\u00e1ng cao v\u00e0 c\u00f3 th\u1ec3 \u0111\u01b0\u1ee3c s\u1eed d\u1ee5ng v\u1edbi b\u1ea5t k\u1ef3 \u0111i\u1ec7n c\u1ef1c pH c\u00f3 m\u1ed9t \u0111\u1ea7u n\u1ed1i BNC chu\u1ea9n. R\u01a1 le \u0111\u1ecbnh l\u01b0\u1ee3ng c\u00f3 th\u1ec3 \u0111\u01b0\u1ee3c c\u1ea5u h\u00ecnh ph\u00e2n li\u1ec1u tr\u00ean ho\u1eb7c d\u01b0\u1edbi \u0111i\u1ec3m c\u00e0i \u0111\u1eb7t pH \u0111\u00e3 \u0111\u01b0\u1ee3c l\u1eadp tr\u00ecnh. Ng\u01b0\u1eddi d\u00f9ng c\u00f3 th\u1ec3 l\u1ef1a ch\u1ecdn ch\u1ebf \u0111\u1ed9 ph\u00e2n li\u1ec1u t\u1ef1 \u0111\u1ed9ng ho\u1eb7c b\u1eb1ng tay \u0111\u1ec3 d\u1ec5 b\u1ea3o tr\u00ec v\u00e0 x\u1eed l\u00fd s\u1ef1 c\u1ed1.     T\u00ean s\u1ea3n ph\u1ea9m:\u00a0 B\u1ed9 ki\u1ec3m so\u00e1t pH Mini c\u00f3 ng\u00f5 ra 4-20mA BL931700 Hanna   Code \/ Model:\u00a0 BL931700   H\u00e3ng - Xu\u1ea5t x\u1ee9:\u00a0 Hanna - \u00dd\u00a0   \u1ee8ng d\u1ee5ng:\u00a0 BL931700 l\u00e0 m\u1ed9t m\u00e0n h\u00ecnh \u0111i\u1ec1u khi\u1ec3n pH 1 \u0111i\u1ec3m nh\u1ecf g\u1ecdn \u0111\u01b0\u1ee3c thi\u1ebft k\u1ebf cho c\u00e1c \u1ee9ng d\u1ee5ng c\u1ea7n kh\u00f4ng gian ho\u1eb7c chi ph\u00ed ph\u00f9 h\u1ee3p   Th\u00f4ng s\u1ed1 k\u0129 thu\u1eadt: - D\u1ea3i \u0111o: 0.0 \u2013 14.0 pH  - \u0110\u1ed9 ph\u00e2n gi\u1ea3i: 0.01pH  - \u0110\u1ed9 ch\u00ednh x\u00e1c \u1edf 25oC: \u00b10.02 pH  - Ngu\u1ed3n \u0111i\u1ec7n:BL931700-0: adapter 12 VDC (included);  BL931700-1: 115\/230VAC; 50\/60Hz  - Hi\u1ec7u chu\u1ea9n: B\u1eb1ng tay 2 \u0111i\u1ec3m c\u00f9ng v\u1edbi OFFSET TRIMMER  - Relay: Max 2A, 250VAC, 30VDC (\u0110i\u1ec1u khi\u1ec3n b\u01a1m axit ho\u1eb7c ki\u1ec1m)  - Relay ON n\u1ebfu gi\u00e1 tr\u1ecb \u0111o l\u1edbn h\u01a1n \u0111i\u1ec3m \u0111\u1eb7t  - Relay OFF n\u1ebfu gi\u00e1 tr\u1ecb \u0111o nh\u1ecf h\u01a1n \u0111i\u1ec3m \u0111\u1eb7t  - \u0110i\u1ec3m \u0111\u1eb7t: \u0110i\u1ec1u ch\u1ec9nh t\u1eeb 0-14pH  - C\u1ed9ng th\u00eam gi\u1edd: \u0110i\u1ec1u ch\u1ec9nh t\u1eeb 5 \u0111\u1ebfn kho\u1ea3ng 30 ph\u00fat  - \u0110\u1ea7u ra: 4-20mA, \u0111\u1ed9 ch\u00ednh x\u00e1c \u00b10.20 mA, tr\u1edf kh\u00e1ng l\u1edbn nh\u1ea5t 500Ohm  - Tr\u1edf kh\u00e1ng v\u00e0o: 10\u00b9\u00b2 Ohm  - K\u00edch th\u01b0\u1edbc: 83 x 53 x 99 mm (3.3 x 2.1 x 3.9 inch)  - Kh\u1ed1i l\u01b0\u1ee3ng:\u00a0BL931700-0: 200 g (7.1 oz.);  BL931700-1: 300 g (10.6 oz.)  - B\u1ea3o h\u00e0nh: 12 th\u00e1ng   T\u00ednh n\u0103ng n\u1ed5i b\u1eadt:\u00a0 - M\u00e0n h\u00ecnh LCD l\u1edbn, r\u00f5 r\u00e0ng  - M\u1ed9t m\u00e0n h\u00ecnh LCD l\u1edbn hi\u1ec3n th\u1ecb r\u00f5 r\u00e0ng c\u00e1c th\u00f4ng s\u1ed1 \u0111ang theo d\u00f5i.  - V\u1ecf b\u1ecdc ch\u1ed1ng ch\u00e1y  - V\u1eadt li\u1ec7u \u0111\u1eb7c bi\u1ec7t b\u1ea3o v\u1ec7 b\u1ed5 sung trong tr\u01b0\u1eddng h\u1ee3p kh\u1ea9n c\u1ea5p.  - K\u1ebft n\u1ed1i BNC  - \u0110\u1ea7u v\u00e0o pH tr\u1edf kh\u00e1ng cao c\u1ee7a b\u1ed9 \u0111i\u1ec1u khi\u1ec3n c\u00f3 th\u1ec3 \u0111\u01b0\u1ee3c s\u1eed d\u1ee5ng v\u1edbi b\u1ea5t k\u1ef3 \u0111i\u1ec7n c\u1ef1c pH \u0111\u1ea7u n\u1ed1i BNC chu\u1ea9n.  - K\u1ebft n\u1ed1i thi\u1ebft b\u1ecb ngo\u1ea1i vi d\u1ec5 d\u00e0ng  - \u0110\u1ed9 \u0111\u00fang v\u00e0 \u0111\u1ed9 ch\u00ednh x\u00e1c cao   Cung c\u1ea5p bao g\u1ed3m:\u00a0 - 01 M\u00e1y ch\u00ednh  - Khung l\u1eafp v\u00e0 h\u01b0\u1edbng d\u1eabn s\u1eed d\u1ee5ng   M\u00e3 \u0111\u1eb7t h\u00e0ng:\u00a0 -\u00a0BL931700-0  -\u00a0BL931700-1   [:]\" \/>\n<meta property=\"og:url\" content=\"https:\/\/labochem.com.vn\/en\/s\u1ea3n ph\u1ea9m\/bo-kiem-soat-ph-mini-co-ngo-ra-4-20ma-bl931700-hanna\/\" \/>\n<meta property=\"og:site_name\" content=\"C\u00f4ng ty TNHH LABOCHEM Vi\u1ec7t Nam\" \/>\n<meta property=\"article:modified_time\" content=\"2020-05-15T04:28:09+00:00\" \/>\n<meta property=\"og:image\" content=\"https:\/\/labochem.com.vn\/wp-content\/uploads\/2020\/05\/bo-kiem-soat-ph-mini-co-ngo-ra-4-20ma-bl931700-hanna.jpg\" \/>\n\t<meta property=\"og:image:width\" content=\"1200\" \/>\n\t<meta property=\"og:image:height\" content=\"1200\" \/>\n\t<meta property=\"og:image:type\" content=\"image\/jpeg\" \/>\n<meta name=\"twitter:card\" content=\"summary_large_image\" \/>\n<script type=\"application\/ld+json\" class=\"yoast-schema-graph\">{\"@context\":\"https:\/\/schema.org\",\"@graph\":[{\"@type\":\"WebPage\",\"@id\":\"https:\/\/labochem.com.vn\/en\/s\u1ea3n ph\u1ea9m\/bo-kiem-soat-ph-mini-co-ngo-ra-4-20ma-bl931700-hanna\/\",\"url\":\"https:\/\/labochem.com.vn\/en\/s\u1ea3n ph\u1ea9m\/bo-kiem-soat-ph-mini-co-ngo-ra-4-20ma-bl931700-hanna\/\",\"name\":\"[:vi]B\u1ed9 ki\u1ec3m so\u00e1t pH Mini c\u00f3 ng\u00f5 ra 4-20mA BL931700 Hanna[:] - C\u00f4ng ty TNHH LABOCHEM Vi\u1ec7t Nam\",\"isPartOf\":{\"@id\":\"https:\/\/labochem.com.vn\/#website\"},\"primaryImageOfPage\":{\"@id\":\"https:\/\/labochem.com.vn\/en\/s\u1ea3n ph\u1ea9m\/bo-kiem-soat-ph-mini-co-ngo-ra-4-20ma-bl931700-hanna\/#primaryimage\"},\"image\":{\"@id\":\"https:\/\/labochem.com.vn\/en\/s\u1ea3n ph\u1ea9m\/bo-kiem-soat-ph-mini-co-ngo-ra-4-20ma-bl931700-hanna\/#primaryimage\"},\"thumbnailUrl\":\"https:\/\/labochem.com.vn\/wp-content\/uploads\/2020\/05\/bo-kiem-soat-ph-mini-co-ngo-ra-4-20ma-bl931700-hanna.jpg\",\"datePublished\":\"2020-05-15T04:28:07+00:00\",\"dateModified\":\"2020-05-15T04:28:09+00:00\",\"breadcrumb\":{\"@id\":\"https:\/\/labochem.com.vn\/en\/s\u1ea3n ph\u1ea9m\/bo-kiem-soat-ph-mini-co-ngo-ra-4-20ma-bl931700-hanna\/#breadcrumb\"},\"inLanguage\":\"en-US\",\"potentialAction\":[{\"@type\":\"ReadAction\",\"target\":[\"https:\/\/labochem.com.vn\/en\/s\u1ea3n ph\u1ea9m\/bo-kiem-soat-ph-mini-co-ngo-ra-4-20ma-bl931700-hanna\/\"]}]},{\"@type\":\"ImageObject\",\"inLanguage\":\"en-US\",\"@id\":\"https:\/\/labochem.com.vn\/en\/s\u1ea3n ph\u1ea9m\/bo-kiem-soat-ph-mini-co-ngo-ra-4-20ma-bl931700-hanna\/#primaryimage\",\"url\":\"https:\/\/labochem.com.vn\/wp-content\/uploads\/2020\/05\/bo-kiem-soat-ph-mini-co-ngo-ra-4-20ma-bl931700-hanna.jpg\",\"contentUrl\":\"https:\/\/labochem.com.vn\/wp-content\/uploads\/2020\/05\/bo-kiem-soat-ph-mini-co-ngo-ra-4-20ma-bl931700-hanna.jpg\",\"width\":1200,\"height\":1200},{\"@type\":\"BreadcrumbList\",\"@id\":\"https:\/\/labochem.com.vn\/en\/s\u1ea3n ph\u1ea9m\/bo-kiem-soat-ph-mini-co-ngo-ra-4-20ma-bl931700-hanna\/#breadcrumb\",\"itemListElement\":[{\"@type\":\"ListItem\",\"position\":1,\"name\":\"Home\",\"item\":\"https:\/\/labochem.com.vn\/\"},{\"@type\":\"ListItem\",\"position\":2,\"name\":\"C\u1eeda h\u00e0ng\",\"item\":\"https:\/\/labochem.com.vn\/mua\/\"},{\"@type\":\"ListItem\",\"position\":3,\"name\":\"(Ti\u1ebfng Vi\u1ec7t) B\u1ed9 ki\u1ec3m so\u00e1t pH Mini c\u00f3 ng\u00f5 ra 4-20mA BL931700 Hanna\"}]},{\"@type\":\"WebSite\",\"@id\":\"https:\/\/labochem.com.vn\/#website\",\"url\":\"https:\/\/labochem.com.vn\/\",\"name\":\"C\u00f4ng ty TNHH LABOCHEM Vi\u1ec7t Nam\",\"description\":\"M\u1ed9t trang web m\u1edbi s\u1eed d\u1ee5ng WordPress\",\"potentialAction\":[{\"@type\":\"SearchAction\",\"target\":{\"@type\":\"EntryPoint\",\"urlTemplate\":\"https:\/\/labochem.com.vn\/?s={search_term_string}\"},\"query-input\":\"required name=search_term_string\"}],\"inLanguage\":\"en-US\"}]}<\/script>\n<!-- \/ Yoast SEO plugin. -->","yoast_head_json":{"title":"[:vi]B\u1ed9 ki\u1ec3m so\u00e1t pH Mini c\u00f3 ng\u00f5 ra 4-20mA BL931700 Hanna[:] - C\u00f4ng ty TNHH LABOCHEM Vi\u1ec7t Nam","robots":{"index":"index","follow":"follow","max-snippet":"max-snippet:-1","max-image-preview":"max-image-preview:large","max-video-preview":"max-video-preview:-1"},"canonical":"https:\/\/labochem.com.vn\/en\/s\u1ea3n ph\u1ea9m\/bo-kiem-soat-ph-mini-co-ngo-ra-4-20ma-bl931700-hanna\/","og_locale":"en_US","og_type":"article","og_title":"[:vi]B\u1ed9 ki\u1ec3m so\u00e1t pH Mini c\u00f3 ng\u00f5 ra 4-20mA BL931700 Hanna[:] - C\u00f4ng ty TNHH LABOCHEM Vi\u1ec7t Nam","og_description":"[:vi]BL931700 l\u00e0 m\u1ed9t m\u00e0n h\u00ecnh \u0111i\u1ec1u khi\u1ec3n pH 1 \u0111i\u1ec3m nh\u1ecf g\u1ecdn \u0111\u01b0\u1ee3c thi\u1ebft k\u1ebf cho c\u00e1c \u1ee9ng d\u1ee5ng c\u1ea7n kh\u00f4ng gian ho\u1eb7c chi ph\u00ed ph\u00f9 h\u1ee3p. Thi\u1ebft b\u1ecb n\u00e0y c\u00f3 m\u1ed9t \u0111\u1ea7u v\u00e0o pH tr\u1edf kh\u00e1ng cao v\u00e0 c\u00f3 th\u1ec3 \u0111\u01b0\u1ee3c s\u1eed d\u1ee5ng v\u1edbi b\u1ea5t k\u1ef3 \u0111i\u1ec7n c\u1ef1c pH c\u00f3 m\u1ed9t \u0111\u1ea7u n\u1ed1i BNC chu\u1ea9n. R\u01a1 le \u0111\u1ecbnh l\u01b0\u1ee3ng c\u00f3 th\u1ec3 \u0111\u01b0\u1ee3c c\u1ea5u h\u00ecnh ph\u00e2n li\u1ec1u tr\u00ean ho\u1eb7c d\u01b0\u1edbi \u0111i\u1ec3m c\u00e0i \u0111\u1eb7t pH \u0111\u00e3 \u0111\u01b0\u1ee3c l\u1eadp tr\u00ecnh. Ng\u01b0\u1eddi d\u00f9ng c\u00f3 th\u1ec3 l\u1ef1a ch\u1ecdn ch\u1ebf \u0111\u1ed9 ph\u00e2n li\u1ec1u t\u1ef1 \u0111\u1ed9ng ho\u1eb7c b\u1eb1ng tay \u0111\u1ec3 d\u1ec5 b\u1ea3o tr\u00ec v\u00e0 x\u1eed l\u00fd s\u1ef1 c\u1ed1.     T\u00ean s\u1ea3n ph\u1ea9m:\u00a0 B\u1ed9 ki\u1ec3m so\u00e1t pH Mini c\u00f3 ng\u00f5 ra 4-20mA BL931700 Hanna   Code \/ Model:\u00a0 BL931700   H\u00e3ng - Xu\u1ea5t x\u1ee9:\u00a0 Hanna - \u00dd\u00a0   \u1ee8ng d\u1ee5ng:\u00a0 BL931700 l\u00e0 m\u1ed9t m\u00e0n h\u00ecnh \u0111i\u1ec1u khi\u1ec3n pH 1 \u0111i\u1ec3m nh\u1ecf g\u1ecdn \u0111\u01b0\u1ee3c thi\u1ebft k\u1ebf cho c\u00e1c \u1ee9ng d\u1ee5ng c\u1ea7n kh\u00f4ng gian ho\u1eb7c chi ph\u00ed ph\u00f9 h\u1ee3p   Th\u00f4ng s\u1ed1 k\u0129 thu\u1eadt: - D\u1ea3i \u0111o: 0.0 \u2013 14.0 pH  - \u0110\u1ed9 ph\u00e2n gi\u1ea3i: 0.01pH  - \u0110\u1ed9 ch\u00ednh x\u00e1c \u1edf 25oC: \u00b10.02 pH  - Ngu\u1ed3n \u0111i\u1ec7n:BL931700-0: adapter 12 VDC (included);  BL931700-1: 115\/230VAC; 50\/60Hz  - Hi\u1ec7u chu\u1ea9n: B\u1eb1ng tay 2 \u0111i\u1ec3m c\u00f9ng v\u1edbi OFFSET TRIMMER  - Relay: Max 2A, 250VAC, 30VDC (\u0110i\u1ec1u khi\u1ec3n b\u01a1m axit ho\u1eb7c ki\u1ec1m)  - Relay ON n\u1ebfu gi\u00e1 tr\u1ecb \u0111o l\u1edbn h\u01a1n \u0111i\u1ec3m \u0111\u1eb7t  - Relay OFF n\u1ebfu gi\u00e1 tr\u1ecb \u0111o nh\u1ecf h\u01a1n \u0111i\u1ec3m \u0111\u1eb7t  - \u0110i\u1ec3m \u0111\u1eb7t: \u0110i\u1ec1u ch\u1ec9nh t\u1eeb 0-14pH  - C\u1ed9ng th\u00eam gi\u1edd: \u0110i\u1ec1u ch\u1ec9nh t\u1eeb 5 \u0111\u1ebfn kho\u1ea3ng 30 ph\u00fat  - \u0110\u1ea7u ra: 4-20mA, \u0111\u1ed9 ch\u00ednh x\u00e1c \u00b10.20 mA, tr\u1edf kh\u00e1ng l\u1edbn nh\u1ea5t 500Ohm  - Tr\u1edf kh\u00e1ng v\u00e0o: 10\u00b9\u00b2 Ohm  - K\u00edch th\u01b0\u1edbc: 83 x 53 x 99 mm (3.3 x 2.1 x 3.9 inch)  - Kh\u1ed1i l\u01b0\u1ee3ng:\u00a0BL931700-0: 200 g (7.1 oz.);  BL931700-1: 300 g (10.6 oz.)  - B\u1ea3o h\u00e0nh: 12 th\u00e1ng   T\u00ednh n\u0103ng n\u1ed5i b\u1eadt:\u00a0 - M\u00e0n h\u00ecnh LCD l\u1edbn, r\u00f5 r\u00e0ng  - M\u1ed9t m\u00e0n h\u00ecnh LCD l\u1edbn hi\u1ec3n th\u1ecb r\u00f5 r\u00e0ng c\u00e1c th\u00f4ng s\u1ed1 \u0111ang theo d\u00f5i.  - V\u1ecf b\u1ecdc ch\u1ed1ng ch\u00e1y  - V\u1eadt li\u1ec7u \u0111\u1eb7c bi\u1ec7t b\u1ea3o v\u1ec7 b\u1ed5 sung trong tr\u01b0\u1eddng h\u1ee3p kh\u1ea9n c\u1ea5p.  - K\u1ebft n\u1ed1i BNC  - \u0110\u1ea7u v\u00e0o pH tr\u1edf kh\u00e1ng cao c\u1ee7a b\u1ed9 \u0111i\u1ec1u khi\u1ec3n c\u00f3 th\u1ec3 \u0111\u01b0\u1ee3c s\u1eed d\u1ee5ng v\u1edbi b\u1ea5t k\u1ef3 \u0111i\u1ec7n c\u1ef1c pH \u0111\u1ea7u n\u1ed1i BNC chu\u1ea9n.  - K\u1ebft n\u1ed1i thi\u1ebft b\u1ecb ngo\u1ea1i vi d\u1ec5 d\u00e0ng  - \u0110\u1ed9 \u0111\u00fang v\u00e0 \u0111\u1ed9 ch\u00ednh x\u00e1c cao   Cung c\u1ea5p bao g\u1ed3m:\u00a0 - 01 M\u00e1y ch\u00ednh  - Khung l\u1eafp v\u00e0 h\u01b0\u1edbng d\u1eabn s\u1eed d\u1ee5ng   M\u00e3 \u0111\u1eb7t h\u00e0ng:\u00a0 -\u00a0BL931700-0  -\u00a0BL931700-1   [:]","og_url":"https:\/\/labochem.com.vn\/en\/s\u1ea3n ph\u1ea9m\/bo-kiem-soat-ph-mini-co-ngo-ra-4-20ma-bl931700-hanna\/","og_site_name":"C\u00f4ng ty TNHH LABOCHEM Vi\u1ec7t Nam","article_modified_time":"2020-05-15T04:28:09+00:00","og_image":[{"width":1200,"height":1200,"url":"https:\/\/labochem.com.vn\/wp-content\/uploads\/2020\/05\/bo-kiem-soat-ph-mini-co-ngo-ra-4-20ma-bl931700-hanna.jpg","type":"image\/jpeg"}],"twitter_card":"summary_large_image","schema":{"@context":"https:\/\/schema.org","@graph":[{"@type":"WebPage","@id":"https:\/\/labochem.com.vn\/en\/s\u1ea3n ph\u1ea9m\/bo-kiem-soat-ph-mini-co-ngo-ra-4-20ma-bl931700-hanna\/","url":"https:\/\/labochem.com.vn\/en\/s\u1ea3n ph\u1ea9m\/bo-kiem-soat-ph-mini-co-ngo-ra-4-20ma-bl931700-hanna\/","name":"[:vi]B\u1ed9 ki\u1ec3m so\u00e1t pH Mini c\u00f3 ng\u00f5 ra 4-20mA BL931700 Hanna[:] - C\u00f4ng ty TNHH LABOCHEM Vi\u1ec7t Nam","isPartOf":{"@id":"https:\/\/labochem.com.vn\/#website"},"primaryImageOfPage":{"@id":"https:\/\/labochem.com.vn\/en\/s\u1ea3n ph\u1ea9m\/bo-kiem-soat-ph-mini-co-ngo-ra-4-20ma-bl931700-hanna\/#primaryimage"},"image":{"@id":"https:\/\/labochem.com.vn\/en\/s\u1ea3n ph\u1ea9m\/bo-kiem-soat-ph-mini-co-ngo-ra-4-20ma-bl931700-hanna\/#primaryimage"},"thumbnailUrl":"https:\/\/labochem.com.vn\/wp-content\/uploads\/2020\/05\/bo-kiem-soat-ph-mini-co-ngo-ra-4-20ma-bl931700-hanna.jpg","datePublished":"2020-05-15T04:28:07+00:00","dateModified":"2020-05-15T04:28:09+00:00","breadcrumb":{"@id":"https:\/\/labochem.com.vn\/en\/s\u1ea3n ph\u1ea9m\/bo-kiem-soat-ph-mini-co-ngo-ra-4-20ma-bl931700-hanna\/#breadcrumb"},"inLanguage":"en-US","potentialAction":[{"@type":"ReadAction","target":["https:\/\/labochem.com.vn\/en\/s\u1ea3n ph\u1ea9m\/bo-kiem-soat-ph-mini-co-ngo-ra-4-20ma-bl931700-hanna\/"]}]},{"@type":"ImageObject","inLanguage":"en-US","@id":"https:\/\/labochem.com.vn\/en\/s\u1ea3n ph\u1ea9m\/bo-kiem-soat-ph-mini-co-ngo-ra-4-20ma-bl931700-hanna\/#primaryimage","url":"https:\/\/labochem.com.vn\/wp-content\/uploads\/2020\/05\/bo-kiem-soat-ph-mini-co-ngo-ra-4-20ma-bl931700-hanna.jpg","contentUrl":"https:\/\/labochem.com.vn\/wp-content\/uploads\/2020\/05\/bo-kiem-soat-ph-mini-co-ngo-ra-4-20ma-bl931700-hanna.jpg","width":1200,"height":1200},{"@type":"BreadcrumbList","@id":"https:\/\/labochem.com.vn\/en\/s\u1ea3n ph\u1ea9m\/bo-kiem-soat-ph-mini-co-ngo-ra-4-20ma-bl931700-hanna\/#breadcrumb","itemListElement":[{"@type":"ListItem","position":1,"name":"Home","item":"https:\/\/labochem.com.vn\/"},{"@type":"ListItem","position":2,"name":"C\u1eeda h\u00e0ng","item":"https:\/\/labochem.com.vn\/mua\/"},{"@type":"ListItem","position":3,"name":"(Ti\u1ebfng Vi\u1ec7t) B\u1ed9 ki\u1ec3m so\u00e1t pH Mini c\u00f3 ng\u00f5 ra 4-20mA BL931700 Hanna"}]},{"@type":"WebSite","@id":"https:\/\/labochem.com.vn\/#website","url":"https:\/\/labochem.com.vn\/","name":"C\u00f4ng ty TNHH LABOCHEM Vi\u1ec7t Nam","description":"M\u1ed9t trang web m\u1edbi s\u1eed d\u1ee5ng WordPress","potentialAction":[{"@type":"SearchAction","target":{"@type":"EntryPoint","urlTemplate":"https:\/\/labochem.com.vn\/?s={search_term_string}"},"query-input":"required name=search_term_string"}],"inLanguage":"en-US"}]}},"_links":{"self":[{"href":"https:\/\/labochem.com.vn\/en\/wp-json\/wp\/v2\/product\/774"}],"collection":[{"href":"https:\/\/labochem.com.vn\/en\/wp-json\/wp\/v2\/product"}],"about":[{"href":"https:\/\/labochem.com.vn\/en\/wp-json\/wp\/v2\/types\/product"}],"replies":[{"embeddable":true,"href":"https:\/\/labochem.com.vn\/en\/wp-json\/wp\/v2\/comments?post=774"}],"wp:featuredmedia":[{"embeddable":true,"href":"https:\/\/labochem.com.vn\/en\/wp-json\/wp\/v2\/media\/775"}],"wp:attachment":[{"href":"https:\/\/labochem.com.vn\/en\/wp-json\/wp\/v2\/media?parent=774"}],"wp:term":[{"taxonomy":"product_cat","embeddable":true,"href":"https:\/\/labochem.com.vn\/en\/wp-json\/wp\/v2\/product_cat?post=774"},{"taxonomy":"product_tag","embeddable":true,"href":"https:\/\/labochem.com.vn\/en\/wp-json\/wp\/v2\/product_tag?post=774"}],"curies":[{"name":"wp","href":"https:\/\/api.w.org\/{rel}","templated":true}]}}