{"id":689,"date":"2020-05-14T03:33:37","date_gmt":"2020-05-14T03:33:37","guid":{"rendered":"https:\/\/labochem.com.vn\/?post_type=product&#038;p=689"},"modified":"2024-03-24T21:40:08","modified_gmt":"2024-03-24T21:40:08","slug":"dung-dich-hieu-chuan-do-dan-ec-hanna-hi7031l-500ml-1413-%c2%b5s-cm","status":"publish","type":"product","link":"https:\/\/labochem.com.vn\/en\/s\u1ea3n ph\u1ea9m\/dung-dich-hieu-chuan-do-dan-ec-hanna-hi7031l-500ml-1413-%c2%b5s-cm\/","title":{"rendered":"(Ti\u1ebfng Vi\u1ec7t) Dung D\u1ecbch Hi\u1ec7u Chu\u1ea9n \u0110\u1ed9 D\u1eabn (EC) Hanna HI7031L (500mL, 1413 \u00b5S\/cm)"},"content":{"rendered":"","protected":false},"excerpt":{"rendered":"<p class=\"qtranxs-available-languages-message qtranxs-available-languages-message-en\">Sorry, this entry is only available in <a href=\"https:\/\/labochem.com.vn\/vi\/wp-json\/wp\/v2\/product\/689\" class=\"qtranxs-available-language-link qtranxs-available-language-link-vi\" title=\"Ti\u1ebfng Vi\u1ec7t\">Ti\u1ebfng Vi\u1ec7t<\/a>.<\/p>\n","protected":false},"featured_media":690,"comment_status":"open","ping_status":"closed","template":"","meta":[],"product_cat":[229],"product_tag":[239,238],"yoast_head":"<!-- This site is optimized with the Yoast SEO plugin v22.6 - https:\/\/yoast.com\/wordpress\/plugins\/seo\/ -->\n<title><\/title>\n<meta name=\"robots\" content=\"index, follow, max-snippet:-1, max-image-preview:large, max-video-preview:-1\" \/>\n<link rel=\"canonical\" href=\"https:\/\/labochem.com.vn\/s\u1ea3n%20ph\u1ea9m\/dung-dich-hieu-chuan-do-dan-ec-hanna-hi7031l-500ml-1413-\u00b5s-cm\/\" \/>\n<meta property=\"og:locale\" content=\"en_US\" \/>\n<meta property=\"og:type\" content=\"article\" \/>\n<meta property=\"og:title\" content=\"[:vi]Dung D\u1ecbch Hi\u1ec7u Chu\u1ea9n \u0110\u1ed9 D\u1eabn (EC) Hanna HI7031L (500mL, 1413 \u00b5S\/cm)[:] - C\u00f4ng ty TNHH LABOCHEM Vi\u1ec7t Nam\" \/>\n<meta property=\"og:description\" content=\"[:vi]Th\u00f4ng s\u1ed1 \u00b5S\/cm @25\u00b0C: 1413 \u00b5S\/cm \u0110\u00f3ng g\u00f3i: chai K\u00edch th\u01b0\u1edbc: 500 mL Chi ti\u1ebft H7031L l\u00e0 m\u1ed9t dung d\u1ecbch hi\u1ec7u chu\u1ea9n \u0111\u1ed9 d\u1eabn 1413\u00b5S\/cm ch\u1ea5t l\u01b0\u1ee3ng cao \u0111\u01b0\u1ee3c chu\u1ea9n h\u00f3a c\u00f9ng v\u1edbi m\u1ed9t m\u00e1y \u0111o \u0111\u1ed9 d\u1eabn \u0111i\u1ec7n \u0111\u00e3 \u0111\u01b0\u1ee3c hi\u1ec7u chu\u1ea9n v\u1edbi kali clorua NIST SRM 2202 (Ch\u1ea5t li\u1ec7u tham chi\u1ebfu ti\u00eau chu\u1ea9n) trong n\u01b0\u1edbc kh\u1eed ion d\u00f9ng trong ph\u00e2n t\u00edch theo ti\u00eau chu\u1ea9n ISO 3696 \/ BS3978.  M\u00e0ng b\u1ea3o v\u1ec7 d\u01b0\u1edbi n\u1eafp \u0111\u01b0\u1ee3c g\u1eafn ch\u1eb7t ch\u1ebd \u0110\u1ea3m b\u1ea3o ch\u1ea5t l\u01b0\u1ee3ng c\u1ee7a dung d\u1ecbch  M\u1ed7i chai \u0111\u01b0\u1ee3c in s\u1ed1 l\u00f4 v\u00e0 h\u1ea1n s\u1eed d\u1ee5ng Dung d\u1ecbch chu\u1ea9n Hanna c\u00f3 h\u1ea1n s\u1eed d\u1ee5ng 5 n\u0103m k\u1ec3 t\u1eeb ng\u00e0y s\u1ea3n xu\u1ea5t \u0111\u1ed1i v\u1edbi m\u1ed9t chai ch\u01b0a m\u1edf n\u1eafp[:]\" \/>\n<meta property=\"og:url\" content=\"https:\/\/labochem.com.vn\/s\u1ea3n ph\u1ea9m\/dung-dich-hieu-chuan-do-dan-ec-hanna-hi7031l-500ml-1413-\u00b5s-cm\/\" \/>\n<meta property=\"og:site_name\" content=\"C\u00f4ng ty TNHH LABOCHEM Vi\u1ec7t Nam\" \/>\n<meta property=\"article:modified_time\" content=\"2024-03-24T21:40:08+00:00\" \/>\n<meta property=\"og:image\" content=\"https:\/\/labochem.com.vn\/wp-content\/uploads\/2020\/05\/9.1.png\" \/>\n\t<meta property=\"og:image:width\" content=\"888\" \/>\n\t<meta property=\"og:image:height\" content=\"891\" \/>\n\t<meta property=\"og:image:type\" content=\"image\/png\" \/>\n<meta name=\"twitter:card\" content=\"summary_large_image\" \/>\n<script type=\"application\/ld+json\" class=\"yoast-schema-graph\">{\"@context\":\"https:\/\/schema.org\",\"@graph\":[{\"@type\":\"WebPage\",\"@id\":\"https:\/\/labochem.com.vn\/s\u1ea3n ph\u1ea9m\/dung-dich-hieu-chuan-do-dan-ec-hanna-hi7031l-500ml-1413-%c2%b5s-cm\/\",\"url\":\"https:\/\/labochem.com.vn\/s\u1ea3n ph\u1ea9m\/dung-dich-hieu-chuan-do-dan-ec-hanna-hi7031l-500ml-1413-%c2%b5s-cm\/\",\"name\":\"[:vi]Dung D\u1ecbch Hi\u1ec7u Chu\u1ea9n \u0110\u1ed9 D\u1eabn (EC) Hanna HI7031L (500mL, 1413 \u00b5S\/cm)[:] - C\u00f4ng ty TNHH LABOCHEM Vi\u1ec7t Nam\",\"isPartOf\":{\"@id\":\"https:\/\/labochem.com.vn\/#website\"},\"primaryImageOfPage\":{\"@id\":\"https:\/\/labochem.com.vn\/s\u1ea3n ph\u1ea9m\/dung-dich-hieu-chuan-do-dan-ec-hanna-hi7031l-500ml-1413-%c2%b5s-cm\/#primaryimage\"},\"image\":{\"@id\":\"https:\/\/labochem.com.vn\/s\u1ea3n ph\u1ea9m\/dung-dich-hieu-chuan-do-dan-ec-hanna-hi7031l-500ml-1413-%c2%b5s-cm\/#primaryimage\"},\"thumbnailUrl\":\"https:\/\/labochem.com.vn\/wp-content\/uploads\/2020\/05\/9.1.png\",\"datePublished\":\"2020-05-14T03:33:37+00:00\",\"dateModified\":\"2024-03-24T21:40:08+00:00\",\"breadcrumb\":{\"@id\":\"https:\/\/labochem.com.vn\/s\u1ea3n ph\u1ea9m\/dung-dich-hieu-chuan-do-dan-ec-hanna-hi7031l-500ml-1413-%c2%b5s-cm\/#breadcrumb\"},\"inLanguage\":\"en-US\",\"potentialAction\":[{\"@type\":\"ReadAction\",\"target\":[\"https:\/\/labochem.com.vn\/s\u1ea3n ph\u1ea9m\/dung-dich-hieu-chuan-do-dan-ec-hanna-hi7031l-500ml-1413-%c2%b5s-cm\/\"]}]},{\"@type\":\"ImageObject\",\"inLanguage\":\"en-US\",\"@id\":\"https:\/\/labochem.com.vn\/s\u1ea3n ph\u1ea9m\/dung-dich-hieu-chuan-do-dan-ec-hanna-hi7031l-500ml-1413-%c2%b5s-cm\/#primaryimage\",\"url\":\"https:\/\/labochem.com.vn\/wp-content\/uploads\/2020\/05\/9.1.png\",\"contentUrl\":\"https:\/\/labochem.com.vn\/wp-content\/uploads\/2020\/05\/9.1.png\",\"width\":888,\"height\":891},{\"@type\":\"BreadcrumbList\",\"@id\":\"https:\/\/labochem.com.vn\/s\u1ea3n ph\u1ea9m\/dung-dich-hieu-chuan-do-dan-ec-hanna-hi7031l-500ml-1413-%c2%b5s-cm\/#breadcrumb\",\"itemListElement\":[{\"@type\":\"ListItem\",\"position\":1,\"name\":\"Home\",\"item\":\"https:\/\/labochem.com.vn\/\"},{\"@type\":\"ListItem\",\"position\":2,\"name\":\"C\u1eeda h\u00e0ng\",\"item\":\"https:\/\/labochem.com.vn\/mua\/\"},{\"@type\":\"ListItem\",\"position\":3,\"name\":\"Dung D\u1ecbch Hi\u1ec7u Chu\u1ea9n \u0110\u1ed9 D\u1eabn (EC) Hanna HI7031L (500mL, 1413 \u00b5S\/cm)\"}]},{\"@type\":\"WebSite\",\"@id\":\"https:\/\/labochem.com.vn\/#website\",\"url\":\"https:\/\/labochem.com.vn\/\",\"name\":\"C\u00f4ng ty TNHH LABOCHEM Vi\u1ec7t Nam\",\"description\":\"M\u1ed9t trang web m\u1edbi s\u1eed d\u1ee5ng WordPress\",\"potentialAction\":[{\"@type\":\"SearchAction\",\"target\":{\"@type\":\"EntryPoint\",\"urlTemplate\":\"https:\/\/labochem.com.vn\/?s={search_term_string}\"},\"query-input\":\"required name=search_term_string\"}],\"inLanguage\":\"en-US\"}]}<\/script>\n<!-- \/ Yoast SEO plugin. -->","yoast_head_json":{"title":"[:vi]Dung D\u1ecbch Hi\u1ec7u Chu\u1ea9n \u0110\u1ed9 D\u1eabn (EC) Hanna HI7031L (500mL, 1413 \u00b5S\/cm)[:] - C\u00f4ng ty TNHH LABOCHEM Vi\u1ec7t Nam","robots":{"index":"index","follow":"follow","max-snippet":"max-snippet:-1","max-image-preview":"max-image-preview:large","max-video-preview":"max-video-preview:-1"},"canonical":"https:\/\/labochem.com.vn\/s\u1ea3n ph\u1ea9m\/dung-dich-hieu-chuan-do-dan-ec-hanna-hi7031l-500ml-1413-\u00b5s-cm\/","og_locale":"en_US","og_type":"article","og_title":"[:vi]Dung D\u1ecbch Hi\u1ec7u Chu\u1ea9n \u0110\u1ed9 D\u1eabn (EC) Hanna HI7031L (500mL, 1413 \u00b5S\/cm)[:] - C\u00f4ng ty TNHH LABOCHEM Vi\u1ec7t Nam","og_description":"[:vi]Th\u00f4ng s\u1ed1 \u00b5S\/cm @25\u00b0C: 1413 \u00b5S\/cm \u0110\u00f3ng g\u00f3i: chai K\u00edch th\u01b0\u1edbc: 500 mL Chi ti\u1ebft H7031L l\u00e0 m\u1ed9t dung d\u1ecbch hi\u1ec7u chu\u1ea9n \u0111\u1ed9 d\u1eabn 1413\u00b5S\/cm ch\u1ea5t l\u01b0\u1ee3ng cao \u0111\u01b0\u1ee3c chu\u1ea9n h\u00f3a c\u00f9ng v\u1edbi m\u1ed9t m\u00e1y \u0111o \u0111\u1ed9 d\u1eabn \u0111i\u1ec7n \u0111\u00e3 \u0111\u01b0\u1ee3c hi\u1ec7u chu\u1ea9n v\u1edbi kali clorua NIST SRM 2202 (Ch\u1ea5t li\u1ec7u tham chi\u1ebfu ti\u00eau chu\u1ea9n) trong n\u01b0\u1edbc kh\u1eed ion d\u00f9ng trong ph\u00e2n t\u00edch theo ti\u00eau chu\u1ea9n ISO 3696 \/ BS3978.  M\u00e0ng b\u1ea3o v\u1ec7 d\u01b0\u1edbi n\u1eafp \u0111\u01b0\u1ee3c g\u1eafn ch\u1eb7t ch\u1ebd \u0110\u1ea3m b\u1ea3o ch\u1ea5t l\u01b0\u1ee3ng c\u1ee7a dung d\u1ecbch  M\u1ed7i chai \u0111\u01b0\u1ee3c in s\u1ed1 l\u00f4 v\u00e0 h\u1ea1n s\u1eed d\u1ee5ng Dung d\u1ecbch chu\u1ea9n Hanna c\u00f3 h\u1ea1n s\u1eed d\u1ee5ng 5 n\u0103m k\u1ec3 t\u1eeb ng\u00e0y s\u1ea3n xu\u1ea5t \u0111\u1ed1i v\u1edbi m\u1ed9t chai ch\u01b0a m\u1edf n\u1eafp[:]","og_url":"https:\/\/labochem.com.vn\/s\u1ea3n ph\u1ea9m\/dung-dich-hieu-chuan-do-dan-ec-hanna-hi7031l-500ml-1413-\u00b5s-cm\/","og_site_name":"C\u00f4ng ty TNHH LABOCHEM Vi\u1ec7t Nam","article_modified_time":"2024-03-24T21:40:08+00:00","og_image":[{"width":888,"height":891,"url":"https:\/\/labochem.com.vn\/wp-content\/uploads\/2020\/05\/9.1.png","type":"image\/png"}],"twitter_card":"summary_large_image","schema":{"@context":"https:\/\/schema.org","@graph":[{"@type":"WebPage","@id":"https:\/\/labochem.com.vn\/s\u1ea3n ph\u1ea9m\/dung-dich-hieu-chuan-do-dan-ec-hanna-hi7031l-500ml-1413-%c2%b5s-cm\/","url":"https:\/\/labochem.com.vn\/s\u1ea3n ph\u1ea9m\/dung-dich-hieu-chuan-do-dan-ec-hanna-hi7031l-500ml-1413-%c2%b5s-cm\/","name":"[:vi]Dung D\u1ecbch Hi\u1ec7u Chu\u1ea9n \u0110\u1ed9 D\u1eabn (EC) Hanna HI7031L (500mL, 1413 \u00b5S\/cm)[:] - C\u00f4ng ty TNHH LABOCHEM Vi\u1ec7t Nam","isPartOf":{"@id":"https:\/\/labochem.com.vn\/#website"},"primaryImageOfPage":{"@id":"https:\/\/labochem.com.vn\/s\u1ea3n ph\u1ea9m\/dung-dich-hieu-chuan-do-dan-ec-hanna-hi7031l-500ml-1413-%c2%b5s-cm\/#primaryimage"},"image":{"@id":"https:\/\/labochem.com.vn\/s\u1ea3n ph\u1ea9m\/dung-dich-hieu-chuan-do-dan-ec-hanna-hi7031l-500ml-1413-%c2%b5s-cm\/#primaryimage"},"thumbnailUrl":"https:\/\/labochem.com.vn\/wp-content\/uploads\/2020\/05\/9.1.png","datePublished":"2020-05-14T03:33:37+00:00","dateModified":"2024-03-24T21:40:08+00:00","breadcrumb":{"@id":"https:\/\/labochem.com.vn\/s\u1ea3n ph\u1ea9m\/dung-dich-hieu-chuan-do-dan-ec-hanna-hi7031l-500ml-1413-%c2%b5s-cm\/#breadcrumb"},"inLanguage":"en-US","potentialAction":[{"@type":"ReadAction","target":["https:\/\/labochem.com.vn\/s\u1ea3n ph\u1ea9m\/dung-dich-hieu-chuan-do-dan-ec-hanna-hi7031l-500ml-1413-%c2%b5s-cm\/"]}]},{"@type":"ImageObject","inLanguage":"en-US","@id":"https:\/\/labochem.com.vn\/s\u1ea3n ph\u1ea9m\/dung-dich-hieu-chuan-do-dan-ec-hanna-hi7031l-500ml-1413-%c2%b5s-cm\/#primaryimage","url":"https:\/\/labochem.com.vn\/wp-content\/uploads\/2020\/05\/9.1.png","contentUrl":"https:\/\/labochem.com.vn\/wp-content\/uploads\/2020\/05\/9.1.png","width":888,"height":891},{"@type":"BreadcrumbList","@id":"https:\/\/labochem.com.vn\/s\u1ea3n ph\u1ea9m\/dung-dich-hieu-chuan-do-dan-ec-hanna-hi7031l-500ml-1413-%c2%b5s-cm\/#breadcrumb","itemListElement":[{"@type":"ListItem","position":1,"name":"Home","item":"https:\/\/labochem.com.vn\/"},{"@type":"ListItem","position":2,"name":"C\u1eeda h\u00e0ng","item":"https:\/\/labochem.com.vn\/mua\/"},{"@type":"ListItem","position":3,"name":"Dung D\u1ecbch Hi\u1ec7u Chu\u1ea9n \u0110\u1ed9 D\u1eabn (EC) Hanna HI7031L (500mL, 1413 \u00b5S\/cm)"}]},{"@type":"WebSite","@id":"https:\/\/labochem.com.vn\/#website","url":"https:\/\/labochem.com.vn\/","name":"C\u00f4ng ty TNHH LABOCHEM Vi\u1ec7t Nam","description":"M\u1ed9t trang web m\u1edbi s\u1eed d\u1ee5ng WordPress","potentialAction":[{"@type":"SearchAction","target":{"@type":"EntryPoint","urlTemplate":"https:\/\/labochem.com.vn\/?s={search_term_string}"},"query-input":"required name=search_term_string"}],"inLanguage":"en-US"}]}},"_links":{"self":[{"href":"https:\/\/labochem.com.vn\/en\/wp-json\/wp\/v2\/product\/689"}],"collection":[{"href":"https:\/\/labochem.com.vn\/en\/wp-json\/wp\/v2\/product"}],"about":[{"href":"https:\/\/labochem.com.vn\/en\/wp-json\/wp\/v2\/types\/product"}],"replies":[{"embeddable":true,"href":"https:\/\/labochem.com.vn\/en\/wp-json\/wp\/v2\/comments?post=689"}],"wp:featuredmedia":[{"embeddable":true,"href":"https:\/\/labochem.com.vn\/en\/wp-json\/wp\/v2\/media\/690"}],"wp:attachment":[{"href":"https:\/\/labochem.com.vn\/en\/wp-json\/wp\/v2\/media?parent=689"}],"wp:term":[{"taxonomy":"product_cat","embeddable":true,"href":"https:\/\/labochem.com.vn\/en\/wp-json\/wp\/v2\/product_cat?post=689"},{"taxonomy":"product_tag","embeddable":true,"href":"https:\/\/labochem.com.vn\/en\/wp-json\/wp\/v2\/product_tag?post=689"}],"curies":[{"name":"wp","href":"https:\/\/api.w.org\/{rel}","templated":true}]}}