{"id":669,"date":"2020-05-13T09:53:06","date_gmt":"2020-05-13T09:53:06","guid":{"rendered":"https:\/\/labochem.com.vn\/?post_type=product&#038;p=669"},"modified":"2020-05-13T09:53:07","modified_gmt":"2020-05-13T09:53:07","slug":"may-chiet-mau-ban-tu-dong-loai-16-ong-mau-model-ts-216c","status":"publish","type":"product","link":"https:\/\/labochem.com.vn\/en\/s\u1ea3n ph\u1ea9m\/may-chiet-mau-ban-tu-dong-loai-16-ong-mau-model-ts-216c\/","title":{"rendered":"(Ti\u1ebfng Vi\u1ec7t) M\u00e1y chi\u1ebft m\u1ea7u b\u00e1n t\u1ef1 \u0111\u1ed9ng lo\u1ea1i 16 \u1ed1ng m\u1ea7u.  Model: TS &#8211; 216C"},"content":{"rendered":"","protected":false},"excerpt":{"rendered":"<p class=\"qtranxs-available-languages-message qtranxs-available-languages-message-en\">Sorry, this entry is only available in <a href=\"https:\/\/labochem.com.vn\/vi\/wp-json\/wp\/v2\/product\/669\" class=\"qtranxs-available-language-link qtranxs-available-language-link-vi\" title=\"Ti\u1ebfng Vi\u1ec7t\">Ti\u1ebfng Vi\u1ec7t<\/a>.<\/p>\n","protected":false},"featured_media":670,"comment_status":"open","ping_status":"closed","template":"","meta":[],"product_cat":[86],"product_tag":[227],"yoast_head":"<!-- This site is optimized with the Yoast SEO plugin v22.6 - https:\/\/yoast.com\/wordpress\/plugins\/seo\/ -->\n<title><\/title>\n<meta name=\"robots\" content=\"index, follow, max-snippet:-1, max-image-preview:large, max-video-preview:-1\" \/>\n<link rel=\"canonical\" href=\"https:\/\/labochem.com.vn\/s\u1ea3n%20ph\u1ea9m\/may-chiet-mau-ban-tu-dong-loai-16-ong-mau-model-ts-216c\/\" \/>\n<meta property=\"og:locale\" content=\"en_US\" \/>\n<meta property=\"og:type\" content=\"article\" \/>\n<meta property=\"og:title\" content=\"[:vi]M\u00e1y chi\u1ebft m\u1ea7u b\u00e1n t\u1ef1 \u0111\u1ed9ng lo\u1ea1i 16 \u1ed1ng m\u1ea7u. Model: TS - 216C[:] - C\u00f4ng ty TNHH LABOCHEM Vi\u1ec7t Nam\" \/>\n<meta property=\"og:description\" content=\"[:vi]M\u00e1y chi\u1ebft m\u1ea7u b\u00e1n t\u1ef1 \u0111\u1ed9ng lo\u1ea1i 16 \u1ed1ng m\u1ea7u.  Model: TS - 216C  Xu\u1ea5t x\u1ee9: Trung Qu\u1ed1c  B\u1ea3o h\u00e0nh: 06 th\u00e1ng   T\u00ednh n\u0103ng c\u01a1 b\u1ea3n  L\u00ean \u0111\u1ebfn 21 h\u1ed9p  T\u01b0\u01a1ng th\u00edch v\u1edbi c\u00e1c ch\u1ea5t m\u00e0u g\u1ed1c n\u01b0\u1edbc ho\u1eb7c ph\u1ed5 qu\u00e1t  Canister dung t\u00edch th\u1ef1c 2 l\u00edt \/ quarts  B\u01a1m piston b\u1eb1ng th\u00e9p kh\u00f4ng g\u1ec9 2 Ounces (60 ml)  Pha ch\u1ebf \u0111\u01a1n v\u1ecb ml ho\u1eb7c 1 \/ 4811oz, \u0111\u1ed9 ch\u00ednh x\u00e1c l\u00ean t\u1edbi 1\/384 fl. oz (0,077 cc)  M\u00e0u tr\u1eafng l\u00e0 m\u00e0u chu\u1ea9n cho c\u01a1 th\u1ec3  Tr\u1ed9n m\u00e0u t\u1ef1 \u0111\u1ed9ng (5 ph\u00fat m\u1ed7i 6 gi\u1edd, \u0111i\u1ec1u ch\u1ec9nh t\u1ea1i nh\u00e0 m\u00e1y)   T\u00f9y ch\u1ecdn  C\u1ea5u h\u00ecnh c\u01a1 s\u1edf 12, 14, 16 v\u00e0 21 h\u1ed9p  Ch\u00e2n \u0111\u1ebf, m\u1eb7t b\u00e0n ho\u1eb7c th\u00e2n m\u00e1y  \u0110\u01a1n v\u1ecb pha ch\u1ebf kh\u00e1c nhau v\u00e0 quy m\u00f4 b\u1eafn ounce   H\u01b0\u1edbng d\u1eabn s\u1eed d\u1ee5ng c\u00f3 th\u1ec3 \u0111\u1ee5c l\u1ed7 ( m\u1ea5t m\u1ed9t v\u1ecb tr\u00ed \u1ed1ng \u0111\u1ef1ng )  C\u00e0i \u0111\u1eb7t ngu\u1ed3n 110 V 60 Hz  M\u00e0u s\u1eafc c\u01a1 th\u1ec3 t\u00f9y ch\u1ec9nh  Th\u00e2n h\u1ed9p m\u00e0u tr\u1eafng ho\u1eb7c \u0111en  C\u01a1 ch\u1ebf tr\u1ed9n m\u00e0u \u0111\u1ed9ng c\u01a1 \u0111i\u1ec7n cho lo\u1ea1i c\u01a1 th\u1ec3 trong d\u00f2ng   C\u00f3 th\u1ec3 x\u1eed l\u00fd  Chi\u1ec1u cao t\u1ed1i \u0111a c\u00f3 th\u1ec3 l\u00e0 420 mm (ch\u00e2n \u0111\u1ebf), 280 mm (m\u1eb7t b\u00e0n)  \u0110\u01b0\u1eddng k\u00ednh c\u01a1 s\u1edf t\u1ed1i \u0111a c\u00f3 th\u1ec3 300 mm   Th\u00f4ng s\u1ed1 k\u1ef9 thu\u1eadt \u0111i\u1ec7n v\u00e0 \u0111i\u1ec7n.  M\u1ed9t pha 220 V 50 Hz \u00b1 10%  T\u1ed1i \u0111a ti\u00eau th\u1ee5 \u0111i\u1ec7n n\u0103ng 40 W  Nhi\u1ec7t \u0111\u1ed9 l\u00e0m vi\u1ec7c t\u1eeb 10 \u00b0 \u0111\u1ebfn 40 \u00b0  \u0110\u1ed9 \u1ea9m t\u01b0\u01a1ng \u0111\u1ed1i t\u1eeb 5% \u0111\u1ebfn 85% (kh\u00f4ng ng\u01b0ng t\u1ee5)   K\u00edch th\u01b0\u1edbc v\u00e0 tr\u1ecdng l\u01b0\u1ee3ng  K\u00edch th\u01b0\u1edbc TS-216C (H, W, D) 700 x 860 x 860 mm  Tr\u1ecdng l\u01b0\u1ee3ng 60 Kg (132 lb.)  &nbsp;[:]\" \/>\n<meta property=\"og:url\" content=\"https:\/\/labochem.com.vn\/s\u1ea3n ph\u1ea9m\/may-chiet-mau-ban-tu-dong-loai-16-ong-mau-model-ts-216c\/\" \/>\n<meta property=\"og:site_name\" content=\"C\u00f4ng ty TNHH LABOCHEM Vi\u1ec7t Nam\" \/>\n<meta property=\"article:modified_time\" content=\"2020-05-13T09:53:07+00:00\" \/>\n<meta property=\"og:image\" content=\"https:\/\/labochem.com.vn\/wp-content\/uploads\/2020\/05\/m\u00e1y-chi\u1ebft-12-\u1ed1ng.jpg\" \/>\n\t<meta property=\"og:image:width\" content=\"2560\" \/>\n\t<meta property=\"og:image:height\" content=\"1440\" \/>\n\t<meta property=\"og:image:type\" content=\"image\/jpeg\" \/>\n<meta name=\"twitter:card\" content=\"summary_large_image\" \/>\n<script type=\"application\/ld+json\" class=\"yoast-schema-graph\">{\"@context\":\"https:\/\/schema.org\",\"@graph\":[{\"@type\":\"WebPage\",\"@id\":\"https:\/\/labochem.com.vn\/s\u1ea3n ph\u1ea9m\/may-chiet-mau-ban-tu-dong-loai-16-ong-mau-model-ts-216c\/\",\"url\":\"https:\/\/labochem.com.vn\/s\u1ea3n ph\u1ea9m\/may-chiet-mau-ban-tu-dong-loai-16-ong-mau-model-ts-216c\/\",\"name\":\"[:vi]M\u00e1y chi\u1ebft m\u1ea7u b\u00e1n t\u1ef1 \u0111\u1ed9ng lo\u1ea1i 16 \u1ed1ng m\u1ea7u. Model: TS - 216C[:] - C\u00f4ng ty TNHH LABOCHEM Vi\u1ec7t Nam\",\"isPartOf\":{\"@id\":\"https:\/\/labochem.com.vn\/#website\"},\"primaryImageOfPage\":{\"@id\":\"https:\/\/labochem.com.vn\/s\u1ea3n ph\u1ea9m\/may-chiet-mau-ban-tu-dong-loai-16-ong-mau-model-ts-216c\/#primaryimage\"},\"image\":{\"@id\":\"https:\/\/labochem.com.vn\/s\u1ea3n ph\u1ea9m\/may-chiet-mau-ban-tu-dong-loai-16-ong-mau-model-ts-216c\/#primaryimage\"},\"thumbnailUrl\":\"https:\/\/labochem.com.vn\/wp-content\/uploads\/2020\/05\/m\u00e1y-chi\u1ebft-12-\u1ed1ng.jpg\",\"datePublished\":\"2020-05-13T09:53:06+00:00\",\"dateModified\":\"2020-05-13T09:53:07+00:00\",\"breadcrumb\":{\"@id\":\"https:\/\/labochem.com.vn\/s\u1ea3n ph\u1ea9m\/may-chiet-mau-ban-tu-dong-loai-16-ong-mau-model-ts-216c\/#breadcrumb\"},\"inLanguage\":\"en-US\",\"potentialAction\":[{\"@type\":\"ReadAction\",\"target\":[\"https:\/\/labochem.com.vn\/s\u1ea3n ph\u1ea9m\/may-chiet-mau-ban-tu-dong-loai-16-ong-mau-model-ts-216c\/\"]}]},{\"@type\":\"ImageObject\",\"inLanguage\":\"en-US\",\"@id\":\"https:\/\/labochem.com.vn\/s\u1ea3n ph\u1ea9m\/may-chiet-mau-ban-tu-dong-loai-16-ong-mau-model-ts-216c\/#primaryimage\",\"url\":\"https:\/\/labochem.com.vn\/wp-content\/uploads\/2020\/05\/m\u00e1y-chi\u1ebft-12-\u1ed1ng.jpg\",\"contentUrl\":\"https:\/\/labochem.com.vn\/wp-content\/uploads\/2020\/05\/m\u00e1y-chi\u1ebft-12-\u1ed1ng.jpg\",\"width\":2560,\"height\":1440},{\"@type\":\"BreadcrumbList\",\"@id\":\"https:\/\/labochem.com.vn\/s\u1ea3n ph\u1ea9m\/may-chiet-mau-ban-tu-dong-loai-16-ong-mau-model-ts-216c\/#breadcrumb\",\"itemListElement\":[{\"@type\":\"ListItem\",\"position\":1,\"name\":\"Home\",\"item\":\"https:\/\/labochem.com.vn\/\"},{\"@type\":\"ListItem\",\"position\":2,\"name\":\"C\u1eeda h\u00e0ng\",\"item\":\"https:\/\/labochem.com.vn\/mua\/\"},{\"@type\":\"ListItem\",\"position\":3,\"name\":\"M\u00e1y chi\u1ebft m\u1ea7u b\u00e1n t\u1ef1 \u0111\u1ed9ng lo\u1ea1i 16 \u1ed1ng m\u1ea7u. Model: TS &#8211; 216C\"}]},{\"@type\":\"WebSite\",\"@id\":\"https:\/\/labochem.com.vn\/#website\",\"url\":\"https:\/\/labochem.com.vn\/\",\"name\":\"C\u00f4ng ty TNHH LABOCHEM Vi\u1ec7t Nam\",\"description\":\"M\u1ed9t trang web m\u1edbi s\u1eed d\u1ee5ng WordPress\",\"potentialAction\":[{\"@type\":\"SearchAction\",\"target\":{\"@type\":\"EntryPoint\",\"urlTemplate\":\"https:\/\/labochem.com.vn\/?s={search_term_string}\"},\"query-input\":\"required name=search_term_string\"}],\"inLanguage\":\"en-US\"}]}<\/script>\n<!-- \/ Yoast SEO plugin. -->","yoast_head_json":{"title":"[:vi]M\u00e1y chi\u1ebft m\u1ea7u b\u00e1n t\u1ef1 \u0111\u1ed9ng lo\u1ea1i 16 \u1ed1ng m\u1ea7u. Model: TS - 216C[:] - C\u00f4ng ty TNHH LABOCHEM Vi\u1ec7t Nam","robots":{"index":"index","follow":"follow","max-snippet":"max-snippet:-1","max-image-preview":"max-image-preview:large","max-video-preview":"max-video-preview:-1"},"canonical":"https:\/\/labochem.com.vn\/s\u1ea3n ph\u1ea9m\/may-chiet-mau-ban-tu-dong-loai-16-ong-mau-model-ts-216c\/","og_locale":"en_US","og_type":"article","og_title":"[:vi]M\u00e1y chi\u1ebft m\u1ea7u b\u00e1n t\u1ef1 \u0111\u1ed9ng lo\u1ea1i 16 \u1ed1ng m\u1ea7u. Model: TS - 216C[:] - C\u00f4ng ty TNHH LABOCHEM Vi\u1ec7t Nam","og_description":"[:vi]M\u00e1y chi\u1ebft m\u1ea7u b\u00e1n t\u1ef1 \u0111\u1ed9ng lo\u1ea1i 16 \u1ed1ng m\u1ea7u.  Model: TS - 216C  Xu\u1ea5t x\u1ee9: Trung Qu\u1ed1c  B\u1ea3o h\u00e0nh: 06 th\u00e1ng   T\u00ednh n\u0103ng c\u01a1 b\u1ea3n  L\u00ean \u0111\u1ebfn 21 h\u1ed9p  T\u01b0\u01a1ng th\u00edch v\u1edbi c\u00e1c ch\u1ea5t m\u00e0u g\u1ed1c n\u01b0\u1edbc ho\u1eb7c ph\u1ed5 qu\u00e1t  Canister dung t\u00edch th\u1ef1c 2 l\u00edt \/ quarts  B\u01a1m piston b\u1eb1ng th\u00e9p kh\u00f4ng g\u1ec9 2 Ounces (60 ml)  Pha ch\u1ebf \u0111\u01a1n v\u1ecb ml ho\u1eb7c 1 \/ 4811oz, \u0111\u1ed9 ch\u00ednh x\u00e1c l\u00ean t\u1edbi 1\/384 fl. oz (0,077 cc)  M\u00e0u tr\u1eafng l\u00e0 m\u00e0u chu\u1ea9n cho c\u01a1 th\u1ec3  Tr\u1ed9n m\u00e0u t\u1ef1 \u0111\u1ed9ng (5 ph\u00fat m\u1ed7i 6 gi\u1edd, \u0111i\u1ec1u ch\u1ec9nh t\u1ea1i nh\u00e0 m\u00e1y)   T\u00f9y ch\u1ecdn  C\u1ea5u h\u00ecnh c\u01a1 s\u1edf 12, 14, 16 v\u00e0 21 h\u1ed9p  Ch\u00e2n \u0111\u1ebf, m\u1eb7t b\u00e0n ho\u1eb7c th\u00e2n m\u00e1y  \u0110\u01a1n v\u1ecb pha ch\u1ebf kh\u00e1c nhau v\u00e0 quy m\u00f4 b\u1eafn ounce   H\u01b0\u1edbng d\u1eabn s\u1eed d\u1ee5ng c\u00f3 th\u1ec3 \u0111\u1ee5c l\u1ed7 ( m\u1ea5t m\u1ed9t v\u1ecb tr\u00ed \u1ed1ng \u0111\u1ef1ng )  C\u00e0i \u0111\u1eb7t ngu\u1ed3n 110 V 60 Hz  M\u00e0u s\u1eafc c\u01a1 th\u1ec3 t\u00f9y ch\u1ec9nh  Th\u00e2n h\u1ed9p m\u00e0u tr\u1eafng ho\u1eb7c \u0111en  C\u01a1 ch\u1ebf tr\u1ed9n m\u00e0u \u0111\u1ed9ng c\u01a1 \u0111i\u1ec7n cho lo\u1ea1i c\u01a1 th\u1ec3 trong d\u00f2ng   C\u00f3 th\u1ec3 x\u1eed l\u00fd  Chi\u1ec1u cao t\u1ed1i \u0111a c\u00f3 th\u1ec3 l\u00e0 420 mm (ch\u00e2n \u0111\u1ebf), 280 mm (m\u1eb7t b\u00e0n)  \u0110\u01b0\u1eddng k\u00ednh c\u01a1 s\u1edf t\u1ed1i \u0111a c\u00f3 th\u1ec3 300 mm   Th\u00f4ng s\u1ed1 k\u1ef9 thu\u1eadt \u0111i\u1ec7n v\u00e0 \u0111i\u1ec7n.  M\u1ed9t pha 220 V 50 Hz \u00b1 10%  T\u1ed1i \u0111a ti\u00eau th\u1ee5 \u0111i\u1ec7n n\u0103ng 40 W  Nhi\u1ec7t \u0111\u1ed9 l\u00e0m vi\u1ec7c t\u1eeb 10 \u00b0 \u0111\u1ebfn 40 \u00b0  \u0110\u1ed9 \u1ea9m t\u01b0\u01a1ng \u0111\u1ed1i t\u1eeb 5% \u0111\u1ebfn 85% (kh\u00f4ng ng\u01b0ng t\u1ee5)   K\u00edch th\u01b0\u1edbc v\u00e0 tr\u1ecdng l\u01b0\u1ee3ng  K\u00edch th\u01b0\u1edbc TS-216C (H, W, D) 700 x 860 x 860 mm  Tr\u1ecdng l\u01b0\u1ee3ng 60 Kg (132 lb.)  &nbsp;[:]","og_url":"https:\/\/labochem.com.vn\/s\u1ea3n ph\u1ea9m\/may-chiet-mau-ban-tu-dong-loai-16-ong-mau-model-ts-216c\/","og_site_name":"C\u00f4ng ty TNHH LABOCHEM Vi\u1ec7t Nam","article_modified_time":"2020-05-13T09:53:07+00:00","og_image":[{"width":2560,"height":1440,"url":"https:\/\/labochem.com.vn\/wp-content\/uploads\/2020\/05\/m\u00e1y-chi\u1ebft-12-\u1ed1ng.jpg","type":"image\/jpeg"}],"twitter_card":"summary_large_image","schema":{"@context":"https:\/\/schema.org","@graph":[{"@type":"WebPage","@id":"https:\/\/labochem.com.vn\/s\u1ea3n ph\u1ea9m\/may-chiet-mau-ban-tu-dong-loai-16-ong-mau-model-ts-216c\/","url":"https:\/\/labochem.com.vn\/s\u1ea3n ph\u1ea9m\/may-chiet-mau-ban-tu-dong-loai-16-ong-mau-model-ts-216c\/","name":"[:vi]M\u00e1y chi\u1ebft m\u1ea7u b\u00e1n t\u1ef1 \u0111\u1ed9ng lo\u1ea1i 16 \u1ed1ng m\u1ea7u. Model: TS - 216C[:] - C\u00f4ng ty TNHH LABOCHEM Vi\u1ec7t Nam","isPartOf":{"@id":"https:\/\/labochem.com.vn\/#website"},"primaryImageOfPage":{"@id":"https:\/\/labochem.com.vn\/s\u1ea3n ph\u1ea9m\/may-chiet-mau-ban-tu-dong-loai-16-ong-mau-model-ts-216c\/#primaryimage"},"image":{"@id":"https:\/\/labochem.com.vn\/s\u1ea3n ph\u1ea9m\/may-chiet-mau-ban-tu-dong-loai-16-ong-mau-model-ts-216c\/#primaryimage"},"thumbnailUrl":"https:\/\/labochem.com.vn\/wp-content\/uploads\/2020\/05\/m\u00e1y-chi\u1ebft-12-\u1ed1ng.jpg","datePublished":"2020-05-13T09:53:06+00:00","dateModified":"2020-05-13T09:53:07+00:00","breadcrumb":{"@id":"https:\/\/labochem.com.vn\/s\u1ea3n ph\u1ea9m\/may-chiet-mau-ban-tu-dong-loai-16-ong-mau-model-ts-216c\/#breadcrumb"},"inLanguage":"en-US","potentialAction":[{"@type":"ReadAction","target":["https:\/\/labochem.com.vn\/s\u1ea3n ph\u1ea9m\/may-chiet-mau-ban-tu-dong-loai-16-ong-mau-model-ts-216c\/"]}]},{"@type":"ImageObject","inLanguage":"en-US","@id":"https:\/\/labochem.com.vn\/s\u1ea3n ph\u1ea9m\/may-chiet-mau-ban-tu-dong-loai-16-ong-mau-model-ts-216c\/#primaryimage","url":"https:\/\/labochem.com.vn\/wp-content\/uploads\/2020\/05\/m\u00e1y-chi\u1ebft-12-\u1ed1ng.jpg","contentUrl":"https:\/\/labochem.com.vn\/wp-content\/uploads\/2020\/05\/m\u00e1y-chi\u1ebft-12-\u1ed1ng.jpg","width":2560,"height":1440},{"@type":"BreadcrumbList","@id":"https:\/\/labochem.com.vn\/s\u1ea3n ph\u1ea9m\/may-chiet-mau-ban-tu-dong-loai-16-ong-mau-model-ts-216c\/#breadcrumb","itemListElement":[{"@type":"ListItem","position":1,"name":"Home","item":"https:\/\/labochem.com.vn\/"},{"@type":"ListItem","position":2,"name":"C\u1eeda h\u00e0ng","item":"https:\/\/labochem.com.vn\/mua\/"},{"@type":"ListItem","position":3,"name":"M\u00e1y chi\u1ebft m\u1ea7u b\u00e1n t\u1ef1 \u0111\u1ed9ng lo\u1ea1i 16 \u1ed1ng m\u1ea7u. Model: TS &#8211; 216C"}]},{"@type":"WebSite","@id":"https:\/\/labochem.com.vn\/#website","url":"https:\/\/labochem.com.vn\/","name":"C\u00f4ng ty TNHH LABOCHEM Vi\u1ec7t Nam","description":"M\u1ed9t trang web m\u1edbi s\u1eed d\u1ee5ng WordPress","potentialAction":[{"@type":"SearchAction","target":{"@type":"EntryPoint","urlTemplate":"https:\/\/labochem.com.vn\/?s={search_term_string}"},"query-input":"required name=search_term_string"}],"inLanguage":"en-US"}]}},"_links":{"self":[{"href":"https:\/\/labochem.com.vn\/en\/wp-json\/wp\/v2\/product\/669"}],"collection":[{"href":"https:\/\/labochem.com.vn\/en\/wp-json\/wp\/v2\/product"}],"about":[{"href":"https:\/\/labochem.com.vn\/en\/wp-json\/wp\/v2\/types\/product"}],"replies":[{"embeddable":true,"href":"https:\/\/labochem.com.vn\/en\/wp-json\/wp\/v2\/comments?post=669"}],"wp:featuredmedia":[{"embeddable":true,"href":"https:\/\/labochem.com.vn\/en\/wp-json\/wp\/v2\/media\/670"}],"wp:attachment":[{"href":"https:\/\/labochem.com.vn\/en\/wp-json\/wp\/v2\/media?parent=669"}],"wp:term":[{"taxonomy":"product_cat","embeddable":true,"href":"https:\/\/labochem.com.vn\/en\/wp-json\/wp\/v2\/product_cat?post=669"},{"taxonomy":"product_tag","embeddable":true,"href":"https:\/\/labochem.com.vn\/en\/wp-json\/wp\/v2\/product_tag?post=669"}],"curies":[{"name":"wp","href":"https:\/\/api.w.org\/{rel}","templated":true}]}}