{"id":661,"date":"2020-05-13T04:19:32","date_gmt":"2020-05-13T04:19:32","guid":{"rendered":"https:\/\/labochem.com.vn\/?post_type=product&#038;p=661"},"modified":"2020-05-13T04:19:44","modified_gmt":"2020-05-13T04:19:44","slug":"dung-dich-chuan-dan-dien-nacl-100-ml-hach","status":"publish","type":"product","link":"https:\/\/labochem.com.vn\/en\/s\u1ea3n ph\u1ea9m\/dung-dich-chuan-dan-dien-nacl-100-ml-hach\/","title":{"rendered":"(Ti\u1ebfng Vi\u1ec7t) Dung d\u1ecbch chu\u1ea9n d\u1eabn \u0111i\u1ec7n, NaCl, 100 mL &#8211; Hach"},"content":{"rendered":"","protected":false},"excerpt":{"rendered":"<p class=\"qtranxs-available-languages-message qtranxs-available-languages-message-en\">Sorry, this entry is only available in <a href=\"https:\/\/labochem.com.vn\/vi\/wp-json\/wp\/v2\/product\/661\" class=\"qtranxs-available-language-link qtranxs-available-language-link-vi\" title=\"Ti\u1ebfng Vi\u1ec7t\">Ti\u1ebfng Vi\u1ec7t<\/a>.<\/p>\n","protected":false},"featured_media":663,"comment_status":"open","ping_status":"closed","template":"","meta":[],"product_cat":[137],"product_tag":[226,224,225],"yoast_head":"<!-- This site is optimized with the Yoast SEO plugin v22.6 - https:\/\/yoast.com\/wordpress\/plugins\/seo\/ -->\n<title><\/title>\n<meta name=\"robots\" content=\"index, follow, max-snippet:-1, max-image-preview:large, max-video-preview:-1\" \/>\n<link rel=\"canonical\" href=\"https:\/\/labochem.com.vn\/s\u1ea3n%20ph\u1ea9m\/dung-dich-chuan-dan-dien-nacl-100-ml-hach\/\" \/>\n<meta property=\"og:locale\" content=\"en_US\" \/>\n<meta property=\"og:type\" content=\"article\" \/>\n<meta property=\"og:title\" content=\"[:vi]Dung d\u1ecbch chu\u1ea9n d\u1eabn \u0111i\u1ec7n, NaCl, 100 mL - Hach[:] - C\u00f4ng ty TNHH LABOCHEM Vi\u1ec7t Nam\" \/>\n<meta property=\"og:description\" content=\"[:vi]Gi\u1ea3i ph\u00e1p ti\u00eau chu\u1ea9n d\u1eabn \u0111i\u1ec7n cho ph\u00e2n t\u00edch ph\u00f2ng th\u00ed nghi\u1ec7m v\u00e0 hi\u1ec7n tr\u01b0\u1eddng   Dung d\u1ecbch chu\u1ea9n d\u1eabn \u0111i\u1ec7n, 180 PhaS \/ cm \u00b1 10 Van \/ cm \u1edf 25 \u00b0 C, 85,47 mg \/ L d\u01b0\u1edbi d\u1ea1ng Natri Clorua (NaCl), (1 TDS \/ cm ~ 0,5 mg \/ L TDS), chai 100 mL.   C\u00f3 th\u1ec3 truy nguy\u00ean theo t\u00e0i li\u1ec7u tham kh\u1ea3o ti\u00eau chu\u1ea9n c\u1ee7a NIST  Thi\u1ebft k\u1ebf \u0111\u1ec3 s\u1eed d\u1ee5ng v\u1edbi danh m\u1ee5c \u0111\u1ea7u t\u01b0 m\u00e9t m\u00e9t v\u00e0 c\u00e1c m\u00e9t kh\u00e1c.  [:]\" \/>\n<meta property=\"og:url\" content=\"https:\/\/labochem.com.vn\/s\u1ea3n ph\u1ea9m\/dung-dich-chuan-dan-dien-nacl-100-ml-hach\/\" \/>\n<meta property=\"og:site_name\" content=\"C\u00f4ng ty TNHH LABOCHEM Vi\u1ec7t Nam\" \/>\n<meta property=\"article:modified_time\" content=\"2020-05-13T04:19:44+00:00\" \/>\n<meta property=\"og:image\" content=\"https:\/\/labochem.com.vn\/wp-content\/uploads\/2020\/05\/3-2.jpg\" \/>\n\t<meta property=\"og:image:width\" content=\"250\" \/>\n\t<meta property=\"og:image:height\" content=\"250\" \/>\n\t<meta property=\"og:image:type\" content=\"image\/jpeg\" \/>\n<meta name=\"twitter:card\" content=\"summary_large_image\" \/>\n<script type=\"application\/ld+json\" class=\"yoast-schema-graph\">{\"@context\":\"https:\/\/schema.org\",\"@graph\":[{\"@type\":\"WebPage\",\"@id\":\"https:\/\/labochem.com.vn\/s\u1ea3n ph\u1ea9m\/dung-dich-chuan-dan-dien-nacl-100-ml-hach\/\",\"url\":\"https:\/\/labochem.com.vn\/s\u1ea3n ph\u1ea9m\/dung-dich-chuan-dan-dien-nacl-100-ml-hach\/\",\"name\":\"[:vi]Dung d\u1ecbch chu\u1ea9n d\u1eabn \u0111i\u1ec7n, NaCl, 100 mL - Hach[:] - C\u00f4ng ty TNHH LABOCHEM Vi\u1ec7t Nam\",\"isPartOf\":{\"@id\":\"https:\/\/labochem.com.vn\/#website\"},\"primaryImageOfPage\":{\"@id\":\"https:\/\/labochem.com.vn\/s\u1ea3n ph\u1ea9m\/dung-dich-chuan-dan-dien-nacl-100-ml-hach\/#primaryimage\"},\"image\":{\"@id\":\"https:\/\/labochem.com.vn\/s\u1ea3n ph\u1ea9m\/dung-dich-chuan-dan-dien-nacl-100-ml-hach\/#primaryimage\"},\"thumbnailUrl\":\"https:\/\/labochem.com.vn\/wp-content\/uploads\/2020\/05\/3-2.jpg\",\"datePublished\":\"2020-05-13T04:19:32+00:00\",\"dateModified\":\"2020-05-13T04:19:44+00:00\",\"breadcrumb\":{\"@id\":\"https:\/\/labochem.com.vn\/s\u1ea3n ph\u1ea9m\/dung-dich-chuan-dan-dien-nacl-100-ml-hach\/#breadcrumb\"},\"inLanguage\":\"en-US\",\"potentialAction\":[{\"@type\":\"ReadAction\",\"target\":[\"https:\/\/labochem.com.vn\/s\u1ea3n ph\u1ea9m\/dung-dich-chuan-dan-dien-nacl-100-ml-hach\/\"]}]},{\"@type\":\"ImageObject\",\"inLanguage\":\"en-US\",\"@id\":\"https:\/\/labochem.com.vn\/s\u1ea3n ph\u1ea9m\/dung-dich-chuan-dan-dien-nacl-100-ml-hach\/#primaryimage\",\"url\":\"https:\/\/labochem.com.vn\/wp-content\/uploads\/2020\/05\/3-2.jpg\",\"contentUrl\":\"https:\/\/labochem.com.vn\/wp-content\/uploads\/2020\/05\/3-2.jpg\",\"width\":250,\"height\":250},{\"@type\":\"BreadcrumbList\",\"@id\":\"https:\/\/labochem.com.vn\/s\u1ea3n ph\u1ea9m\/dung-dich-chuan-dan-dien-nacl-100-ml-hach\/#breadcrumb\",\"itemListElement\":[{\"@type\":\"ListItem\",\"position\":1,\"name\":\"Home\",\"item\":\"https:\/\/labochem.com.vn\/\"},{\"@type\":\"ListItem\",\"position\":2,\"name\":\"C\u1eeda h\u00e0ng\",\"item\":\"https:\/\/labochem.com.vn\/mua\/\"},{\"@type\":\"ListItem\",\"position\":3,\"name\":\"Dung d\u1ecbch chu\u1ea9n d\u1eabn \u0111i\u1ec7n, NaCl, 100 mL &#8211; Hach\"}]},{\"@type\":\"WebSite\",\"@id\":\"https:\/\/labochem.com.vn\/#website\",\"url\":\"https:\/\/labochem.com.vn\/\",\"name\":\"C\u00f4ng ty TNHH LABOCHEM Vi\u1ec7t Nam\",\"description\":\"M\u1ed9t trang web m\u1edbi s\u1eed d\u1ee5ng WordPress\",\"potentialAction\":[{\"@type\":\"SearchAction\",\"target\":{\"@type\":\"EntryPoint\",\"urlTemplate\":\"https:\/\/labochem.com.vn\/?s={search_term_string}\"},\"query-input\":\"required name=search_term_string\"}],\"inLanguage\":\"en-US\"}]}<\/script>\n<!-- \/ Yoast SEO plugin. -->","yoast_head_json":{"title":"[:vi]Dung d\u1ecbch chu\u1ea9n d\u1eabn \u0111i\u1ec7n, NaCl, 100 mL - Hach[:] - C\u00f4ng ty TNHH LABOCHEM Vi\u1ec7t Nam","robots":{"index":"index","follow":"follow","max-snippet":"max-snippet:-1","max-image-preview":"max-image-preview:large","max-video-preview":"max-video-preview:-1"},"canonical":"https:\/\/labochem.com.vn\/s\u1ea3n ph\u1ea9m\/dung-dich-chuan-dan-dien-nacl-100-ml-hach\/","og_locale":"en_US","og_type":"article","og_title":"[:vi]Dung d\u1ecbch chu\u1ea9n d\u1eabn \u0111i\u1ec7n, NaCl, 100 mL - Hach[:] - C\u00f4ng ty TNHH LABOCHEM Vi\u1ec7t Nam","og_description":"[:vi]Gi\u1ea3i ph\u00e1p ti\u00eau chu\u1ea9n d\u1eabn \u0111i\u1ec7n cho ph\u00e2n t\u00edch ph\u00f2ng th\u00ed nghi\u1ec7m v\u00e0 hi\u1ec7n tr\u01b0\u1eddng   Dung d\u1ecbch chu\u1ea9n d\u1eabn \u0111i\u1ec7n, 180 PhaS \/ cm \u00b1 10 Van \/ cm \u1edf 25 \u00b0 C, 85,47 mg \/ L d\u01b0\u1edbi d\u1ea1ng Natri Clorua (NaCl), (1 TDS \/ cm ~ 0,5 mg \/ L TDS), chai 100 mL.   C\u00f3 th\u1ec3 truy nguy\u00ean theo t\u00e0i li\u1ec7u tham kh\u1ea3o ti\u00eau chu\u1ea9n c\u1ee7a NIST  Thi\u1ebft k\u1ebf \u0111\u1ec3 s\u1eed d\u1ee5ng v\u1edbi danh m\u1ee5c \u0111\u1ea7u t\u01b0 m\u00e9t m\u00e9t v\u00e0 c\u00e1c m\u00e9t kh\u00e1c.  [:]","og_url":"https:\/\/labochem.com.vn\/s\u1ea3n ph\u1ea9m\/dung-dich-chuan-dan-dien-nacl-100-ml-hach\/","og_site_name":"C\u00f4ng ty TNHH LABOCHEM Vi\u1ec7t Nam","article_modified_time":"2020-05-13T04:19:44+00:00","og_image":[{"width":250,"height":250,"url":"https:\/\/labochem.com.vn\/wp-content\/uploads\/2020\/05\/3-2.jpg","type":"image\/jpeg"}],"twitter_card":"summary_large_image","schema":{"@context":"https:\/\/schema.org","@graph":[{"@type":"WebPage","@id":"https:\/\/labochem.com.vn\/s\u1ea3n ph\u1ea9m\/dung-dich-chuan-dan-dien-nacl-100-ml-hach\/","url":"https:\/\/labochem.com.vn\/s\u1ea3n ph\u1ea9m\/dung-dich-chuan-dan-dien-nacl-100-ml-hach\/","name":"[:vi]Dung d\u1ecbch chu\u1ea9n d\u1eabn \u0111i\u1ec7n, NaCl, 100 mL - Hach[:] - C\u00f4ng ty TNHH LABOCHEM Vi\u1ec7t Nam","isPartOf":{"@id":"https:\/\/labochem.com.vn\/#website"},"primaryImageOfPage":{"@id":"https:\/\/labochem.com.vn\/s\u1ea3n ph\u1ea9m\/dung-dich-chuan-dan-dien-nacl-100-ml-hach\/#primaryimage"},"image":{"@id":"https:\/\/labochem.com.vn\/s\u1ea3n ph\u1ea9m\/dung-dich-chuan-dan-dien-nacl-100-ml-hach\/#primaryimage"},"thumbnailUrl":"https:\/\/labochem.com.vn\/wp-content\/uploads\/2020\/05\/3-2.jpg","datePublished":"2020-05-13T04:19:32+00:00","dateModified":"2020-05-13T04:19:44+00:00","breadcrumb":{"@id":"https:\/\/labochem.com.vn\/s\u1ea3n ph\u1ea9m\/dung-dich-chuan-dan-dien-nacl-100-ml-hach\/#breadcrumb"},"inLanguage":"en-US","potentialAction":[{"@type":"ReadAction","target":["https:\/\/labochem.com.vn\/s\u1ea3n ph\u1ea9m\/dung-dich-chuan-dan-dien-nacl-100-ml-hach\/"]}]},{"@type":"ImageObject","inLanguage":"en-US","@id":"https:\/\/labochem.com.vn\/s\u1ea3n ph\u1ea9m\/dung-dich-chuan-dan-dien-nacl-100-ml-hach\/#primaryimage","url":"https:\/\/labochem.com.vn\/wp-content\/uploads\/2020\/05\/3-2.jpg","contentUrl":"https:\/\/labochem.com.vn\/wp-content\/uploads\/2020\/05\/3-2.jpg","width":250,"height":250},{"@type":"BreadcrumbList","@id":"https:\/\/labochem.com.vn\/s\u1ea3n ph\u1ea9m\/dung-dich-chuan-dan-dien-nacl-100-ml-hach\/#breadcrumb","itemListElement":[{"@type":"ListItem","position":1,"name":"Home","item":"https:\/\/labochem.com.vn\/"},{"@type":"ListItem","position":2,"name":"C\u1eeda h\u00e0ng","item":"https:\/\/labochem.com.vn\/mua\/"},{"@type":"ListItem","position":3,"name":"Dung d\u1ecbch chu\u1ea9n d\u1eabn \u0111i\u1ec7n, NaCl, 100 mL &#8211; Hach"}]},{"@type":"WebSite","@id":"https:\/\/labochem.com.vn\/#website","url":"https:\/\/labochem.com.vn\/","name":"C\u00f4ng ty TNHH LABOCHEM Vi\u1ec7t Nam","description":"M\u1ed9t trang web m\u1edbi s\u1eed d\u1ee5ng WordPress","potentialAction":[{"@type":"SearchAction","target":{"@type":"EntryPoint","urlTemplate":"https:\/\/labochem.com.vn\/?s={search_term_string}"},"query-input":"required name=search_term_string"}],"inLanguage":"en-US"}]}},"_links":{"self":[{"href":"https:\/\/labochem.com.vn\/en\/wp-json\/wp\/v2\/product\/661"}],"collection":[{"href":"https:\/\/labochem.com.vn\/en\/wp-json\/wp\/v2\/product"}],"about":[{"href":"https:\/\/labochem.com.vn\/en\/wp-json\/wp\/v2\/types\/product"}],"replies":[{"embeddable":true,"href":"https:\/\/labochem.com.vn\/en\/wp-json\/wp\/v2\/comments?post=661"}],"wp:featuredmedia":[{"embeddable":true,"href":"https:\/\/labochem.com.vn\/en\/wp-json\/wp\/v2\/media\/663"}],"wp:attachment":[{"href":"https:\/\/labochem.com.vn\/en\/wp-json\/wp\/v2\/media?parent=661"}],"wp:term":[{"taxonomy":"product_cat","embeddable":true,"href":"https:\/\/labochem.com.vn\/en\/wp-json\/wp\/v2\/product_cat?post=661"},{"taxonomy":"product_tag","embeddable":true,"href":"https:\/\/labochem.com.vn\/en\/wp-json\/wp\/v2\/product_tag?post=661"}],"curies":[{"name":"wp","href":"https:\/\/api.w.org\/{rel}","templated":true}]}}