{"id":600,"date":"2020-05-11T08:24:07","date_gmt":"2020-05-11T08:24:07","guid":{"rendered":"https:\/\/labochem.com.vn\/?post_type=product&#038;p=600"},"modified":"2020-05-11T08:24:09","modified_gmt":"2020-05-11T08:24:09","slug":"dung-dich-collodion-500ml-09986-500ml-sigma-aldrich","status":"publish","type":"product","link":"https:\/\/labochem.com.vn\/en\/s\u1ea3n ph\u1ea9m\/dung-dich-collodion-500ml-09986-500ml-sigma-aldrich\/","title":{"rendered":"(Ti\u1ebfng Vi\u1ec7t) Dung d\u1ecbch Collodion (500ML) \u2013 09986-500ML \u2013 Sigma Aldrich"},"content":{"rendered":"","protected":false},"excerpt":{"rendered":"<p class=\"qtranxs-available-languages-message qtranxs-available-languages-message-en\">Sorry, this entry is only available in <a href=\"https:\/\/labochem.com.vn\/vi\/wp-json\/wp\/v2\/product\/600\" class=\"qtranxs-available-language-link qtranxs-available-language-link-vi\" title=\"Ti\u1ebfng Vi\u1ec7t\">Ti\u1ebfng Vi\u1ec7t<\/a>.<\/p>\n","protected":false},"featured_media":601,"comment_status":"open","ping_status":"closed","template":"","meta":[],"product_cat":[202],"product_tag":[212],"yoast_head":"<!-- This site is optimized with the Yoast SEO plugin v22.6 - https:\/\/yoast.com\/wordpress\/plugins\/seo\/ -->\n<title><\/title>\n<meta name=\"robots\" content=\"index, follow, max-snippet:-1, max-image-preview:large, max-video-preview:-1\" \/>\n<link rel=\"canonical\" href=\"https:\/\/labochem.com.vn\/s\u1ea3n%20ph\u1ea9m\/dung-dich-collodion-500ml-09986-500ml-sigma-aldrich\/\" \/>\n<meta property=\"og:locale\" content=\"en_US\" \/>\n<meta property=\"og:type\" content=\"article\" \/>\n<meta property=\"og:title\" content=\"[:vi]Dung d\u1ecbch Collodion (500ML) \u2013 09986-500ML \u2013 Sigma Aldrich[:] - C\u00f4ng ty TNHH LABOCHEM Vi\u1ec7t Nam\" \/>\n<meta property=\"og:description\" content=\"[:vi]T\u00ean s\u1ea3n ph\u1ea9m:\u00a0Dung d\u1ecbch Collodion (500ML) \u2013 09986-500ML \u2013 Sigma Aldrich   M\u00e3 s\u1ea3n ph\u1ea9m: 09986-500ML  Th\u01b0\u01a1ng hi\u1ec7u: Sigma Aldrich \u2013 M\u1ef9  \u0110\u00f3ng g\u00f3i: Chai 500ml  \u1ee8ng d\u1ee5ng s\u1ea3n ph\u1ea9m Dung d\u1ecbch Collodion (500ML) \u2013 09986-500ML \u2013 Sigma Aldrich S\u1ea3n ph\u1ea9m \u0111\u01b0\u1ee3c d\u00f9ng :   Trong x\u1eed l\u00fd nitrocellulose c\u1ee7a \u0111i\u1ec7n c\u1ef1c l\u00e0m vi\u1ec7c trong m\u00f4 c\u1ea5y c\u1ea3m bi\u1ebfn oxy sinh h\u1ecdc \u0111\u1ec3 ng\u0103n ng\u1eeba ng\u1ed9 \u0111\u1ed9c \u0111i\u1ec7n c\u1ef1c.  L\u00e0 ch\u1ea5t \u1ed5n \u0111\u1ecbnh trong vi\u1ec7c t\u1ed5ng h\u1ee3p c\u00e1c h\u1ea1t nano b\u1ea1c (AgNP) \u0111\u1ec3 chu\u1ea9n b\u1ecb m\u1ef1c in d\u1eabn \u0111i\u1ec7n b\u1eb1ng b\u1ea1c.  L\u00e0m ch\u1ea5t k\u1ebft d\u00ednh trong \u0111i\u1ec1u ch\u1ebf b\u1ed9t titan b\u1eb1ng ph\u01b0\u01a1ng ph\u00e1p kh\u1eed kim lo\u1ea1i. [:]\" \/>\n<meta property=\"og:url\" content=\"https:\/\/labochem.com.vn\/s\u1ea3n ph\u1ea9m\/dung-dich-collodion-500ml-09986-500ml-sigma-aldrich\/\" \/>\n<meta property=\"og:site_name\" content=\"C\u00f4ng ty TNHH LABOCHEM Vi\u1ec7t Nam\" \/>\n<meta property=\"article:modified_time\" content=\"2020-05-11T08:24:09+00:00\" \/>\n<meta property=\"og:image\" content=\"https:\/\/labochem.com.vn\/wp-content\/uploads\/2020\/05\/9.1-2.jpg\" \/>\n\t<meta property=\"og:image:width\" content=\"533\" \/>\n\t<meta property=\"og:image:height\" content=\"554\" \/>\n\t<meta property=\"og:image:type\" content=\"image\/jpeg\" \/>\n<meta name=\"twitter:card\" content=\"summary_large_image\" \/>\n<script type=\"application\/ld+json\" class=\"yoast-schema-graph\">{\"@context\":\"https:\/\/schema.org\",\"@graph\":[{\"@type\":\"WebPage\",\"@id\":\"https:\/\/labochem.com.vn\/s\u1ea3n ph\u1ea9m\/dung-dich-collodion-500ml-09986-500ml-sigma-aldrich\/\",\"url\":\"https:\/\/labochem.com.vn\/s\u1ea3n ph\u1ea9m\/dung-dich-collodion-500ml-09986-500ml-sigma-aldrich\/\",\"name\":\"[:vi]Dung d\u1ecbch Collodion (500ML) \u2013 09986-500ML \u2013 Sigma Aldrich[:] - C\u00f4ng ty TNHH LABOCHEM Vi\u1ec7t Nam\",\"isPartOf\":{\"@id\":\"https:\/\/labochem.com.vn\/#website\"},\"primaryImageOfPage\":{\"@id\":\"https:\/\/labochem.com.vn\/s\u1ea3n ph\u1ea9m\/dung-dich-collodion-500ml-09986-500ml-sigma-aldrich\/#primaryimage\"},\"image\":{\"@id\":\"https:\/\/labochem.com.vn\/s\u1ea3n ph\u1ea9m\/dung-dich-collodion-500ml-09986-500ml-sigma-aldrich\/#primaryimage\"},\"thumbnailUrl\":\"https:\/\/labochem.com.vn\/wp-content\/uploads\/2020\/05\/9.1-2.jpg\",\"datePublished\":\"2020-05-11T08:24:07+00:00\",\"dateModified\":\"2020-05-11T08:24:09+00:00\",\"breadcrumb\":{\"@id\":\"https:\/\/labochem.com.vn\/s\u1ea3n ph\u1ea9m\/dung-dich-collodion-500ml-09986-500ml-sigma-aldrich\/#breadcrumb\"},\"inLanguage\":\"en-US\",\"potentialAction\":[{\"@type\":\"ReadAction\",\"target\":[\"https:\/\/labochem.com.vn\/s\u1ea3n ph\u1ea9m\/dung-dich-collodion-500ml-09986-500ml-sigma-aldrich\/\"]}]},{\"@type\":\"ImageObject\",\"inLanguage\":\"en-US\",\"@id\":\"https:\/\/labochem.com.vn\/s\u1ea3n ph\u1ea9m\/dung-dich-collodion-500ml-09986-500ml-sigma-aldrich\/#primaryimage\",\"url\":\"https:\/\/labochem.com.vn\/wp-content\/uploads\/2020\/05\/9.1-2.jpg\",\"contentUrl\":\"https:\/\/labochem.com.vn\/wp-content\/uploads\/2020\/05\/9.1-2.jpg\",\"width\":533,\"height\":554},{\"@type\":\"BreadcrumbList\",\"@id\":\"https:\/\/labochem.com.vn\/s\u1ea3n ph\u1ea9m\/dung-dich-collodion-500ml-09986-500ml-sigma-aldrich\/#breadcrumb\",\"itemListElement\":[{\"@type\":\"ListItem\",\"position\":1,\"name\":\"Home\",\"item\":\"https:\/\/labochem.com.vn\/\"},{\"@type\":\"ListItem\",\"position\":2,\"name\":\"C\u1eeda h\u00e0ng\",\"item\":\"https:\/\/labochem.com.vn\/mua\/\"},{\"@type\":\"ListItem\",\"position\":3,\"name\":\"Dung d\u1ecbch Collodion (500ML) \u2013 09986-500ML \u2013 Sigma Aldrich\"}]},{\"@type\":\"WebSite\",\"@id\":\"https:\/\/labochem.com.vn\/#website\",\"url\":\"https:\/\/labochem.com.vn\/\",\"name\":\"C\u00f4ng ty TNHH LABOCHEM Vi\u1ec7t Nam\",\"description\":\"M\u1ed9t trang web m\u1edbi s\u1eed d\u1ee5ng WordPress\",\"potentialAction\":[{\"@type\":\"SearchAction\",\"target\":{\"@type\":\"EntryPoint\",\"urlTemplate\":\"https:\/\/labochem.com.vn\/?s={search_term_string}\"},\"query-input\":\"required name=search_term_string\"}],\"inLanguage\":\"en-US\"}]}<\/script>\n<!-- \/ Yoast SEO plugin. -->","yoast_head_json":{"title":"[:vi]Dung d\u1ecbch Collodion (500ML) \u2013 09986-500ML \u2013 Sigma Aldrich[:] - C\u00f4ng ty TNHH LABOCHEM Vi\u1ec7t Nam","robots":{"index":"index","follow":"follow","max-snippet":"max-snippet:-1","max-image-preview":"max-image-preview:large","max-video-preview":"max-video-preview:-1"},"canonical":"https:\/\/labochem.com.vn\/s\u1ea3n ph\u1ea9m\/dung-dich-collodion-500ml-09986-500ml-sigma-aldrich\/","og_locale":"en_US","og_type":"article","og_title":"[:vi]Dung d\u1ecbch Collodion (500ML) \u2013 09986-500ML \u2013 Sigma Aldrich[:] - C\u00f4ng ty TNHH LABOCHEM Vi\u1ec7t Nam","og_description":"[:vi]T\u00ean s\u1ea3n ph\u1ea9m:\u00a0Dung d\u1ecbch Collodion (500ML) \u2013 09986-500ML \u2013 Sigma Aldrich   M\u00e3 s\u1ea3n ph\u1ea9m: 09986-500ML  Th\u01b0\u01a1ng hi\u1ec7u: Sigma Aldrich \u2013 M\u1ef9  \u0110\u00f3ng g\u00f3i: Chai 500ml  \u1ee8ng d\u1ee5ng s\u1ea3n ph\u1ea9m Dung d\u1ecbch Collodion (500ML) \u2013 09986-500ML \u2013 Sigma Aldrich S\u1ea3n ph\u1ea9m \u0111\u01b0\u1ee3c d\u00f9ng :   Trong x\u1eed l\u00fd nitrocellulose c\u1ee7a \u0111i\u1ec7n c\u1ef1c l\u00e0m vi\u1ec7c trong m\u00f4 c\u1ea5y c\u1ea3m bi\u1ebfn oxy sinh h\u1ecdc \u0111\u1ec3 ng\u0103n ng\u1eeba ng\u1ed9 \u0111\u1ed9c \u0111i\u1ec7n c\u1ef1c.  L\u00e0 ch\u1ea5t \u1ed5n \u0111\u1ecbnh trong vi\u1ec7c t\u1ed5ng h\u1ee3p c\u00e1c h\u1ea1t nano b\u1ea1c (AgNP) \u0111\u1ec3 chu\u1ea9n b\u1ecb m\u1ef1c in d\u1eabn \u0111i\u1ec7n b\u1eb1ng b\u1ea1c.  L\u00e0m ch\u1ea5t k\u1ebft d\u00ednh trong \u0111i\u1ec1u ch\u1ebf b\u1ed9t titan b\u1eb1ng ph\u01b0\u01a1ng ph\u00e1p kh\u1eed kim lo\u1ea1i. [:]","og_url":"https:\/\/labochem.com.vn\/s\u1ea3n ph\u1ea9m\/dung-dich-collodion-500ml-09986-500ml-sigma-aldrich\/","og_site_name":"C\u00f4ng ty TNHH LABOCHEM Vi\u1ec7t Nam","article_modified_time":"2020-05-11T08:24:09+00:00","og_image":[{"width":533,"height":554,"url":"https:\/\/labochem.com.vn\/wp-content\/uploads\/2020\/05\/9.1-2.jpg","type":"image\/jpeg"}],"twitter_card":"summary_large_image","schema":{"@context":"https:\/\/schema.org","@graph":[{"@type":"WebPage","@id":"https:\/\/labochem.com.vn\/s\u1ea3n ph\u1ea9m\/dung-dich-collodion-500ml-09986-500ml-sigma-aldrich\/","url":"https:\/\/labochem.com.vn\/s\u1ea3n ph\u1ea9m\/dung-dich-collodion-500ml-09986-500ml-sigma-aldrich\/","name":"[:vi]Dung d\u1ecbch Collodion (500ML) \u2013 09986-500ML \u2013 Sigma Aldrich[:] - C\u00f4ng ty TNHH LABOCHEM Vi\u1ec7t Nam","isPartOf":{"@id":"https:\/\/labochem.com.vn\/#website"},"primaryImageOfPage":{"@id":"https:\/\/labochem.com.vn\/s\u1ea3n ph\u1ea9m\/dung-dich-collodion-500ml-09986-500ml-sigma-aldrich\/#primaryimage"},"image":{"@id":"https:\/\/labochem.com.vn\/s\u1ea3n ph\u1ea9m\/dung-dich-collodion-500ml-09986-500ml-sigma-aldrich\/#primaryimage"},"thumbnailUrl":"https:\/\/labochem.com.vn\/wp-content\/uploads\/2020\/05\/9.1-2.jpg","datePublished":"2020-05-11T08:24:07+00:00","dateModified":"2020-05-11T08:24:09+00:00","breadcrumb":{"@id":"https:\/\/labochem.com.vn\/s\u1ea3n ph\u1ea9m\/dung-dich-collodion-500ml-09986-500ml-sigma-aldrich\/#breadcrumb"},"inLanguage":"en-US","potentialAction":[{"@type":"ReadAction","target":["https:\/\/labochem.com.vn\/s\u1ea3n ph\u1ea9m\/dung-dich-collodion-500ml-09986-500ml-sigma-aldrich\/"]}]},{"@type":"ImageObject","inLanguage":"en-US","@id":"https:\/\/labochem.com.vn\/s\u1ea3n ph\u1ea9m\/dung-dich-collodion-500ml-09986-500ml-sigma-aldrich\/#primaryimage","url":"https:\/\/labochem.com.vn\/wp-content\/uploads\/2020\/05\/9.1-2.jpg","contentUrl":"https:\/\/labochem.com.vn\/wp-content\/uploads\/2020\/05\/9.1-2.jpg","width":533,"height":554},{"@type":"BreadcrumbList","@id":"https:\/\/labochem.com.vn\/s\u1ea3n ph\u1ea9m\/dung-dich-collodion-500ml-09986-500ml-sigma-aldrich\/#breadcrumb","itemListElement":[{"@type":"ListItem","position":1,"name":"Home","item":"https:\/\/labochem.com.vn\/"},{"@type":"ListItem","position":2,"name":"C\u1eeda h\u00e0ng","item":"https:\/\/labochem.com.vn\/mua\/"},{"@type":"ListItem","position":3,"name":"Dung d\u1ecbch Collodion (500ML) \u2013 09986-500ML \u2013 Sigma Aldrich"}]},{"@type":"WebSite","@id":"https:\/\/labochem.com.vn\/#website","url":"https:\/\/labochem.com.vn\/","name":"C\u00f4ng ty TNHH LABOCHEM Vi\u1ec7t Nam","description":"M\u1ed9t trang web m\u1edbi s\u1eed d\u1ee5ng WordPress","potentialAction":[{"@type":"SearchAction","target":{"@type":"EntryPoint","urlTemplate":"https:\/\/labochem.com.vn\/?s={search_term_string}"},"query-input":"required name=search_term_string"}],"inLanguage":"en-US"}]}},"_links":{"self":[{"href":"https:\/\/labochem.com.vn\/en\/wp-json\/wp\/v2\/product\/600"}],"collection":[{"href":"https:\/\/labochem.com.vn\/en\/wp-json\/wp\/v2\/product"}],"about":[{"href":"https:\/\/labochem.com.vn\/en\/wp-json\/wp\/v2\/types\/product"}],"replies":[{"embeddable":true,"href":"https:\/\/labochem.com.vn\/en\/wp-json\/wp\/v2\/comments?post=600"}],"wp:featuredmedia":[{"embeddable":true,"href":"https:\/\/labochem.com.vn\/en\/wp-json\/wp\/v2\/media\/601"}],"wp:attachment":[{"href":"https:\/\/labochem.com.vn\/en\/wp-json\/wp\/v2\/media?parent=600"}],"wp:term":[{"taxonomy":"product_cat","embeddable":true,"href":"https:\/\/labochem.com.vn\/en\/wp-json\/wp\/v2\/product_cat?post=600"},{"taxonomy":"product_tag","embeddable":true,"href":"https:\/\/labochem.com.vn\/en\/wp-json\/wp\/v2\/product_tag?post=600"}],"curies":[{"name":"wp","href":"https:\/\/api.w.org\/{rel}","templated":true}]}}