{"id":598,"date":"2020-05-11T07:54:51","date_gmt":"2020-05-11T07:54:51","guid":{"rendered":"https:\/\/labochem.com.vn\/?post_type=product&#038;p=598"},"modified":"2020-05-11T07:54:53","modified_gmt":"2020-05-11T07:54:53","slug":"hoa-chat-hydrindantin-sigma-aldrich","status":"publish","type":"product","link":"https:\/\/labochem.com.vn\/en\/s\u1ea3n ph\u1ea9m\/hoa-chat-hydrindantin-sigma-aldrich\/","title":{"rendered":"(Ti\u1ebfng Vi\u1ec7t) H\u00f3a ch\u1ea5t Hydrindantin \u2013 Sigma Aldrich"},"content":{"rendered":"","protected":false},"excerpt":{"rendered":"<p class=\"qtranxs-available-languages-message qtranxs-available-languages-message-en\">Sorry, this entry is only available in <a href=\"https:\/\/labochem.com.vn\/vi\/wp-json\/wp\/v2\/product\/598\" class=\"qtranxs-available-language-link qtranxs-available-language-link-vi\" title=\"Ti\u1ebfng Vi\u1ec7t\">Ti\u1ebfng Vi\u1ec7t<\/a>.<\/p>\n","protected":false},"featured_media":599,"comment_status":"open","ping_status":"closed","template":"","meta":[],"product_cat":[202],"product_tag":[211],"yoast_head":"<!-- This site is optimized with the Yoast SEO plugin v22.6 - https:\/\/yoast.com\/wordpress\/plugins\/seo\/ -->\n<title><\/title>\n<meta name=\"robots\" content=\"index, follow, max-snippet:-1, max-image-preview:large, max-video-preview:-1\" \/>\n<link rel=\"canonical\" href=\"https:\/\/labochem.com.vn\/s\u1ea3n%20ph\u1ea9m\/hoa-chat-hydrindantin-sigma-aldrich\/\" \/>\n<meta property=\"og:locale\" content=\"en_US\" \/>\n<meta property=\"og:type\" content=\"article\" \/>\n<meta property=\"og:title\" content=\"[:vi]H\u00f3a ch\u1ea5t Hydrindantin \u2013 Sigma Aldrich[:] - C\u00f4ng ty TNHH LABOCHEM Vi\u1ec7t Nam\" \/>\n<meta property=\"og:description\" content=\"[:vi]T\u00ean s\u1ea3n ph\u1ea9m:\u00a0H\u00f3a ch\u1ea5t Hydrindantin \u2013 Sigma Aldrich   M\u00e3 s\u1ea3n ph\u1ea9m: H17309  Th\u01b0\u01a1ng hi\u1ec7u: Sigma Aldrich \u2013 M\u1ef9  \u0110\u00f3ng g\u00f3i: Chai 5g, 25g  \u1ee8ng d\u1ee5ng s\u1ea3n ph\u1ea9m H\u00f3a ch\u1ea5t Hydrindantin \u2013 Sigma Aldrich     \u0110\u01b0\u1ee3c s\u1eed d\u1ee5ng trong vi\u1ec7c x\u00e1c \u0111\u1ecbnh axit amin.    Trung S\u01a1n\u00a0hi\u1ec7n l\u00e0 \u0111\u1ecba ch\u1ec9 uy t\u00edn cung c\u1ea5p\u00a0H\u00f3a ch\u1ea5t Hydrindantin \u2013 Sigma Aldrich\u00a0v\u1edbi ch\u1ea5t l\u01b0\u1ee3ng \u0111\u1ea3m b\u1ea3o, gi\u00e1 th\u00e0nh c\u1ea1nh tranh. Ngo\u00e0i ra, ch\u00fang t\u00f4i c\u0169ng cung c\u1ea5p c\u00e1c s\u1ea3n ph\u1ea9m v\u1ec1\u00a0ho\u00e1 ch\u1ea5t\u00a0v\u00e0 thi\u1ebft b\u1ecb, h\u00e3y li\u00ean h\u1ec7 v\u1edbi ch\u00fang t\u00f4i n\u1ebfu b\u1ea1n c\u00f3 nhu c\u1ea7u s\u1eed d\u1ee5ng nh\u1eefng s\u1ea3n ph\u1ea9m n\u00e0y.[:]\" \/>\n<meta property=\"og:url\" content=\"https:\/\/labochem.com.vn\/s\u1ea3n ph\u1ea9m\/hoa-chat-hydrindantin-sigma-aldrich\/\" \/>\n<meta property=\"og:site_name\" content=\"C\u00f4ng ty TNHH LABOCHEM Vi\u1ec7t Nam\" \/>\n<meta property=\"article:modified_time\" content=\"2020-05-11T07:54:53+00:00\" \/>\n<meta property=\"og:image\" content=\"https:\/\/labochem.com.vn\/wp-content\/uploads\/2020\/05\/7.1-2.jpg\" \/>\n\t<meta property=\"og:image:width\" content=\"533\" \/>\n\t<meta property=\"og:image:height\" content=\"550\" \/>\n\t<meta property=\"og:image:type\" content=\"image\/jpeg\" \/>\n<meta name=\"twitter:card\" content=\"summary_large_image\" \/>\n<script type=\"application\/ld+json\" class=\"yoast-schema-graph\">{\"@context\":\"https:\/\/schema.org\",\"@graph\":[{\"@type\":\"WebPage\",\"@id\":\"https:\/\/labochem.com.vn\/s\u1ea3n ph\u1ea9m\/hoa-chat-hydrindantin-sigma-aldrich\/\",\"url\":\"https:\/\/labochem.com.vn\/s\u1ea3n ph\u1ea9m\/hoa-chat-hydrindantin-sigma-aldrich\/\",\"name\":\"[:vi]H\u00f3a ch\u1ea5t Hydrindantin \u2013 Sigma Aldrich[:] - C\u00f4ng ty TNHH LABOCHEM Vi\u1ec7t Nam\",\"isPartOf\":{\"@id\":\"https:\/\/labochem.com.vn\/#website\"},\"primaryImageOfPage\":{\"@id\":\"https:\/\/labochem.com.vn\/s\u1ea3n ph\u1ea9m\/hoa-chat-hydrindantin-sigma-aldrich\/#primaryimage\"},\"image\":{\"@id\":\"https:\/\/labochem.com.vn\/s\u1ea3n ph\u1ea9m\/hoa-chat-hydrindantin-sigma-aldrich\/#primaryimage\"},\"thumbnailUrl\":\"https:\/\/labochem.com.vn\/wp-content\/uploads\/2020\/05\/7.1-2.jpg\",\"datePublished\":\"2020-05-11T07:54:51+00:00\",\"dateModified\":\"2020-05-11T07:54:53+00:00\",\"breadcrumb\":{\"@id\":\"https:\/\/labochem.com.vn\/s\u1ea3n ph\u1ea9m\/hoa-chat-hydrindantin-sigma-aldrich\/#breadcrumb\"},\"inLanguage\":\"en-US\",\"potentialAction\":[{\"@type\":\"ReadAction\",\"target\":[\"https:\/\/labochem.com.vn\/s\u1ea3n ph\u1ea9m\/hoa-chat-hydrindantin-sigma-aldrich\/\"]}]},{\"@type\":\"ImageObject\",\"inLanguage\":\"en-US\",\"@id\":\"https:\/\/labochem.com.vn\/s\u1ea3n ph\u1ea9m\/hoa-chat-hydrindantin-sigma-aldrich\/#primaryimage\",\"url\":\"https:\/\/labochem.com.vn\/wp-content\/uploads\/2020\/05\/7.1-2.jpg\",\"contentUrl\":\"https:\/\/labochem.com.vn\/wp-content\/uploads\/2020\/05\/7.1-2.jpg\",\"width\":533,\"height\":550},{\"@type\":\"BreadcrumbList\",\"@id\":\"https:\/\/labochem.com.vn\/s\u1ea3n ph\u1ea9m\/hoa-chat-hydrindantin-sigma-aldrich\/#breadcrumb\",\"itemListElement\":[{\"@type\":\"ListItem\",\"position\":1,\"name\":\"Home\",\"item\":\"https:\/\/labochem.com.vn\/\"},{\"@type\":\"ListItem\",\"position\":2,\"name\":\"C\u1eeda h\u00e0ng\",\"item\":\"https:\/\/labochem.com.vn\/mua\/\"},{\"@type\":\"ListItem\",\"position\":3,\"name\":\"H\u00f3a ch\u1ea5t Hydrindantin \u2013 Sigma Aldrich\"}]},{\"@type\":\"WebSite\",\"@id\":\"https:\/\/labochem.com.vn\/#website\",\"url\":\"https:\/\/labochem.com.vn\/\",\"name\":\"C\u00f4ng ty TNHH LABOCHEM Vi\u1ec7t Nam\",\"description\":\"M\u1ed9t trang web m\u1edbi s\u1eed d\u1ee5ng WordPress\",\"potentialAction\":[{\"@type\":\"SearchAction\",\"target\":{\"@type\":\"EntryPoint\",\"urlTemplate\":\"https:\/\/labochem.com.vn\/?s={search_term_string}\"},\"query-input\":\"required name=search_term_string\"}],\"inLanguage\":\"en-US\"}]}<\/script>\n<!-- \/ Yoast SEO plugin. -->","yoast_head_json":{"title":"[:vi]H\u00f3a ch\u1ea5t Hydrindantin \u2013 Sigma Aldrich[:] - C\u00f4ng ty TNHH LABOCHEM Vi\u1ec7t Nam","robots":{"index":"index","follow":"follow","max-snippet":"max-snippet:-1","max-image-preview":"max-image-preview:large","max-video-preview":"max-video-preview:-1"},"canonical":"https:\/\/labochem.com.vn\/s\u1ea3n ph\u1ea9m\/hoa-chat-hydrindantin-sigma-aldrich\/","og_locale":"en_US","og_type":"article","og_title":"[:vi]H\u00f3a ch\u1ea5t Hydrindantin \u2013 Sigma Aldrich[:] - C\u00f4ng ty TNHH LABOCHEM Vi\u1ec7t Nam","og_description":"[:vi]T\u00ean s\u1ea3n ph\u1ea9m:\u00a0H\u00f3a ch\u1ea5t Hydrindantin \u2013 Sigma Aldrich   M\u00e3 s\u1ea3n ph\u1ea9m: H17309  Th\u01b0\u01a1ng hi\u1ec7u: Sigma Aldrich \u2013 M\u1ef9  \u0110\u00f3ng g\u00f3i: Chai 5g, 25g  \u1ee8ng d\u1ee5ng s\u1ea3n ph\u1ea9m H\u00f3a ch\u1ea5t Hydrindantin \u2013 Sigma Aldrich     \u0110\u01b0\u1ee3c s\u1eed d\u1ee5ng trong vi\u1ec7c x\u00e1c \u0111\u1ecbnh axit amin.    Trung S\u01a1n\u00a0hi\u1ec7n l\u00e0 \u0111\u1ecba ch\u1ec9 uy t\u00edn cung c\u1ea5p\u00a0H\u00f3a ch\u1ea5t Hydrindantin \u2013 Sigma Aldrich\u00a0v\u1edbi ch\u1ea5t l\u01b0\u1ee3ng \u0111\u1ea3m b\u1ea3o, gi\u00e1 th\u00e0nh c\u1ea1nh tranh. Ngo\u00e0i ra, ch\u00fang t\u00f4i c\u0169ng cung c\u1ea5p c\u00e1c s\u1ea3n ph\u1ea9m v\u1ec1\u00a0ho\u00e1 ch\u1ea5t\u00a0v\u00e0 thi\u1ebft b\u1ecb, h\u00e3y li\u00ean h\u1ec7 v\u1edbi ch\u00fang t\u00f4i n\u1ebfu b\u1ea1n c\u00f3 nhu c\u1ea7u s\u1eed d\u1ee5ng nh\u1eefng s\u1ea3n ph\u1ea9m n\u00e0y.[:]","og_url":"https:\/\/labochem.com.vn\/s\u1ea3n ph\u1ea9m\/hoa-chat-hydrindantin-sigma-aldrich\/","og_site_name":"C\u00f4ng ty TNHH LABOCHEM Vi\u1ec7t Nam","article_modified_time":"2020-05-11T07:54:53+00:00","og_image":[{"width":533,"height":550,"url":"https:\/\/labochem.com.vn\/wp-content\/uploads\/2020\/05\/7.1-2.jpg","type":"image\/jpeg"}],"twitter_card":"summary_large_image","schema":{"@context":"https:\/\/schema.org","@graph":[{"@type":"WebPage","@id":"https:\/\/labochem.com.vn\/s\u1ea3n ph\u1ea9m\/hoa-chat-hydrindantin-sigma-aldrich\/","url":"https:\/\/labochem.com.vn\/s\u1ea3n ph\u1ea9m\/hoa-chat-hydrindantin-sigma-aldrich\/","name":"[:vi]H\u00f3a ch\u1ea5t Hydrindantin \u2013 Sigma Aldrich[:] - C\u00f4ng ty TNHH LABOCHEM Vi\u1ec7t Nam","isPartOf":{"@id":"https:\/\/labochem.com.vn\/#website"},"primaryImageOfPage":{"@id":"https:\/\/labochem.com.vn\/s\u1ea3n ph\u1ea9m\/hoa-chat-hydrindantin-sigma-aldrich\/#primaryimage"},"image":{"@id":"https:\/\/labochem.com.vn\/s\u1ea3n ph\u1ea9m\/hoa-chat-hydrindantin-sigma-aldrich\/#primaryimage"},"thumbnailUrl":"https:\/\/labochem.com.vn\/wp-content\/uploads\/2020\/05\/7.1-2.jpg","datePublished":"2020-05-11T07:54:51+00:00","dateModified":"2020-05-11T07:54:53+00:00","breadcrumb":{"@id":"https:\/\/labochem.com.vn\/s\u1ea3n ph\u1ea9m\/hoa-chat-hydrindantin-sigma-aldrich\/#breadcrumb"},"inLanguage":"en-US","potentialAction":[{"@type":"ReadAction","target":["https:\/\/labochem.com.vn\/s\u1ea3n ph\u1ea9m\/hoa-chat-hydrindantin-sigma-aldrich\/"]}]},{"@type":"ImageObject","inLanguage":"en-US","@id":"https:\/\/labochem.com.vn\/s\u1ea3n ph\u1ea9m\/hoa-chat-hydrindantin-sigma-aldrich\/#primaryimage","url":"https:\/\/labochem.com.vn\/wp-content\/uploads\/2020\/05\/7.1-2.jpg","contentUrl":"https:\/\/labochem.com.vn\/wp-content\/uploads\/2020\/05\/7.1-2.jpg","width":533,"height":550},{"@type":"BreadcrumbList","@id":"https:\/\/labochem.com.vn\/s\u1ea3n ph\u1ea9m\/hoa-chat-hydrindantin-sigma-aldrich\/#breadcrumb","itemListElement":[{"@type":"ListItem","position":1,"name":"Home","item":"https:\/\/labochem.com.vn\/"},{"@type":"ListItem","position":2,"name":"C\u1eeda h\u00e0ng","item":"https:\/\/labochem.com.vn\/mua\/"},{"@type":"ListItem","position":3,"name":"H\u00f3a ch\u1ea5t Hydrindantin \u2013 Sigma Aldrich"}]},{"@type":"WebSite","@id":"https:\/\/labochem.com.vn\/#website","url":"https:\/\/labochem.com.vn\/","name":"C\u00f4ng ty TNHH LABOCHEM Vi\u1ec7t Nam","description":"M\u1ed9t trang web m\u1edbi s\u1eed d\u1ee5ng WordPress","potentialAction":[{"@type":"SearchAction","target":{"@type":"EntryPoint","urlTemplate":"https:\/\/labochem.com.vn\/?s={search_term_string}"},"query-input":"required name=search_term_string"}],"inLanguage":"en-US"}]}},"_links":{"self":[{"href":"https:\/\/labochem.com.vn\/en\/wp-json\/wp\/v2\/product\/598"}],"collection":[{"href":"https:\/\/labochem.com.vn\/en\/wp-json\/wp\/v2\/product"}],"about":[{"href":"https:\/\/labochem.com.vn\/en\/wp-json\/wp\/v2\/types\/product"}],"replies":[{"embeddable":true,"href":"https:\/\/labochem.com.vn\/en\/wp-json\/wp\/v2\/comments?post=598"}],"wp:featuredmedia":[{"embeddable":true,"href":"https:\/\/labochem.com.vn\/en\/wp-json\/wp\/v2\/media\/599"}],"wp:attachment":[{"href":"https:\/\/labochem.com.vn\/en\/wp-json\/wp\/v2\/media?parent=598"}],"wp:term":[{"taxonomy":"product_cat","embeddable":true,"href":"https:\/\/labochem.com.vn\/en\/wp-json\/wp\/v2\/product_cat?post=598"},{"taxonomy":"product_tag","embeddable":true,"href":"https:\/\/labochem.com.vn\/en\/wp-json\/wp\/v2\/product_tag?post=598"}],"curies":[{"name":"wp","href":"https:\/\/api.w.org\/{rel}","templated":true}]}}