{"id":596,"date":"2020-05-11T07:49:59","date_gmt":"2020-05-11T07:49:59","guid":{"rendered":"https:\/\/labochem.com.vn\/?post_type=product&#038;p=596"},"modified":"2020-05-11T07:55:23","modified_gmt":"2020-05-11T07:55:23","slug":"hoa-chat-piperine-sigma-aldrich","status":"publish","type":"product","link":"https:\/\/labochem.com.vn\/en\/s\u1ea3n ph\u1ea9m\/hoa-chat-piperine-sigma-aldrich\/","title":{"rendered":"H\u00f3a ch\u1ea5t Piperine \u2013 Sigma Aldrich"},"content":{"rendered":"","protected":false},"excerpt":{"rendered":"<p class=\"qtranxs-available-languages-message qtranxs-available-languages-message-en\">Sorry, this entry is only available in <a href=\"https:\/\/labochem.com.vn\/vi\/wp-json\/wp\/v2\/product\/596\" class=\"qtranxs-available-language-link qtranxs-available-language-link-vi\" title=\"Ti\u1ebfng Vi\u1ec7t\">Ti\u1ebfng Vi\u1ec7t<\/a>.<\/p>\n","protected":false},"featured_media":597,"comment_status":"open","ping_status":"closed","template":"","meta":[],"product_cat":[202],"product_tag":[210],"yoast_head":"<!-- This site is optimized with the Yoast SEO plugin v22.6 - https:\/\/yoast.com\/wordpress\/plugins\/seo\/ -->\n<title>H\u00f3a ch\u1ea5t Piperine \u2013 Sigma Aldrich - C\u00f4ng ty TNHH LABOCHEM Vi\u1ec7t Nam<\/title>\n<meta name=\"robots\" content=\"index, follow, max-snippet:-1, max-image-preview:large, max-video-preview:-1\" \/>\n<link rel=\"canonical\" href=\"https:\/\/labochem.com.vn\/s\u1ea3n%20ph\u1ea9m\/hoa-chat-piperine-sigma-aldrich\/\" \/>\n<meta property=\"og:locale\" content=\"en_US\" \/>\n<meta property=\"og:type\" content=\"article\" \/>\n<meta property=\"og:title\" content=\"H\u00f3a ch\u1ea5t Piperine \u2013 Sigma Aldrich - C\u00f4ng ty TNHH LABOCHEM Vi\u1ec7t Nam\" \/>\n<meta property=\"og:description\" content=\"[:vi]T\u00ean s\u1ea3n ph\u1ea9m:\u00a0H\u00f3a ch\u1ea5t Piperine \u2013 Sigma Aldrich   M\u00e3 s\u1ea3n ph\u1ea9m: P49007  Th\u01b0\u01a1ng hi\u1ec7u: Sigma Aldrich \u2013 M\u1ef9  \u1ee8ng d\u1ee5ng s\u1ea3n ph\u1ea9m H\u00f3a ch\u1ea5t Piperine \u2013 Sigma Aldrich Ch\u1ea5t ph\u1ea3n \u1ee9ng \u0111\u1ec3 t\u1ed5ng h\u1ee3p c\u1ee7a:   Dimeric amide alkaloid.  Piperoyl-amino axit h\u1ee3p ch\u1ea5t s\u1eed d\u1ee5ng cho ho\u1ea1t \u0111\u1ed9ng antileishmanial.  Piperine c\u00f3 ngu\u1ed3n g\u1ed1c amit v\u1edbi ho\u1ea1t \u0111\u1ed9ng TRPV1.  Piperine t\u01b0\u01a1ng t\u1ef1 nh\u01b0 S. aureus Nora ra ngo\u00e0i n\u00e0y \u1ee9c ch\u1ebf b\u01a1m.  C\u00e1c li\u00ean h\u1ee3p ho\u1ea1t t\u00ednh sinh h\u1ecdc c\u1ee7a curcumin c\u00f3 \u0111\u1eb7c t\u00ednh kh\u00e1ng khu\u1ea9n v\u00e0 ch\u1ed1ng \u0111\u00f4ng m\u00e1u.  D\u1eabn xu\u1ea5t piperine \u0111\u1ec3 s\u1eed d\u1ee5ng l\u00e0m t\u00e1c nh\u00e2n trypanocidal. [:]\" \/>\n<meta property=\"og:url\" content=\"https:\/\/labochem.com.vn\/s\u1ea3n ph\u1ea9m\/hoa-chat-piperine-sigma-aldrich\/\" \/>\n<meta property=\"og:site_name\" content=\"C\u00f4ng ty TNHH LABOCHEM Vi\u1ec7t Nam\" \/>\n<meta property=\"article:modified_time\" content=\"2020-05-11T07:55:23+00:00\" \/>\n<meta property=\"og:image\" content=\"https:\/\/labochem.com.vn\/wp-content\/uploads\/2020\/05\/6.1-2.jpg\" \/>\n\t<meta property=\"og:image:width\" content=\"538\" \/>\n\t<meta property=\"og:image:height\" content=\"552\" \/>\n\t<meta property=\"og:image:type\" content=\"image\/jpeg\" \/>\n<meta name=\"twitter:card\" content=\"summary_large_image\" \/>\n<script type=\"application\/ld+json\" class=\"yoast-schema-graph\">{\"@context\":\"https:\/\/schema.org\",\"@graph\":[{\"@type\":\"WebPage\",\"@id\":\"https:\/\/labochem.com.vn\/s\u1ea3n ph\u1ea9m\/hoa-chat-piperine-sigma-aldrich\/\",\"url\":\"https:\/\/labochem.com.vn\/s\u1ea3n ph\u1ea9m\/hoa-chat-piperine-sigma-aldrich\/\",\"name\":\"H\u00f3a ch\u1ea5t Piperine \u2013 Sigma Aldrich - C\u00f4ng ty TNHH LABOCHEM Vi\u1ec7t Nam\",\"isPartOf\":{\"@id\":\"https:\/\/labochem.com.vn\/#website\"},\"primaryImageOfPage\":{\"@id\":\"https:\/\/labochem.com.vn\/s\u1ea3n ph\u1ea9m\/hoa-chat-piperine-sigma-aldrich\/#primaryimage\"},\"image\":{\"@id\":\"https:\/\/labochem.com.vn\/s\u1ea3n ph\u1ea9m\/hoa-chat-piperine-sigma-aldrich\/#primaryimage\"},\"thumbnailUrl\":\"https:\/\/labochem.com.vn\/wp-content\/uploads\/2020\/05\/6.1-2.jpg\",\"datePublished\":\"2020-05-11T07:49:59+00:00\",\"dateModified\":\"2020-05-11T07:55:23+00:00\",\"breadcrumb\":{\"@id\":\"https:\/\/labochem.com.vn\/s\u1ea3n ph\u1ea9m\/hoa-chat-piperine-sigma-aldrich\/#breadcrumb\"},\"inLanguage\":\"en-US\",\"potentialAction\":[{\"@type\":\"ReadAction\",\"target\":[\"https:\/\/labochem.com.vn\/s\u1ea3n ph\u1ea9m\/hoa-chat-piperine-sigma-aldrich\/\"]}]},{\"@type\":\"ImageObject\",\"inLanguage\":\"en-US\",\"@id\":\"https:\/\/labochem.com.vn\/s\u1ea3n ph\u1ea9m\/hoa-chat-piperine-sigma-aldrich\/#primaryimage\",\"url\":\"https:\/\/labochem.com.vn\/wp-content\/uploads\/2020\/05\/6.1-2.jpg\",\"contentUrl\":\"https:\/\/labochem.com.vn\/wp-content\/uploads\/2020\/05\/6.1-2.jpg\",\"width\":538,\"height\":552},{\"@type\":\"BreadcrumbList\",\"@id\":\"https:\/\/labochem.com.vn\/s\u1ea3n ph\u1ea9m\/hoa-chat-piperine-sigma-aldrich\/#breadcrumb\",\"itemListElement\":[{\"@type\":\"ListItem\",\"position\":1,\"name\":\"Home\",\"item\":\"https:\/\/labochem.com.vn\/\"},{\"@type\":\"ListItem\",\"position\":2,\"name\":\"C\u1eeda h\u00e0ng\",\"item\":\"https:\/\/labochem.com.vn\/mua\/\"},{\"@type\":\"ListItem\",\"position\":3,\"name\":\"H\u00f3a ch\u1ea5t Piperine \u2013 Sigma Aldrich\"}]},{\"@type\":\"WebSite\",\"@id\":\"https:\/\/labochem.com.vn\/#website\",\"url\":\"https:\/\/labochem.com.vn\/\",\"name\":\"C\u00f4ng ty TNHH LABOCHEM Vi\u1ec7t Nam\",\"description\":\"M\u1ed9t trang web m\u1edbi s\u1eed d\u1ee5ng WordPress\",\"potentialAction\":[{\"@type\":\"SearchAction\",\"target\":{\"@type\":\"EntryPoint\",\"urlTemplate\":\"https:\/\/labochem.com.vn\/?s={search_term_string}\"},\"query-input\":\"required name=search_term_string\"}],\"inLanguage\":\"en-US\"}]}<\/script>\n<!-- \/ Yoast SEO plugin. -->","yoast_head_json":{"title":"H\u00f3a ch\u1ea5t Piperine \u2013 Sigma Aldrich - C\u00f4ng ty TNHH LABOCHEM Vi\u1ec7t Nam","robots":{"index":"index","follow":"follow","max-snippet":"max-snippet:-1","max-image-preview":"max-image-preview:large","max-video-preview":"max-video-preview:-1"},"canonical":"https:\/\/labochem.com.vn\/s\u1ea3n ph\u1ea9m\/hoa-chat-piperine-sigma-aldrich\/","og_locale":"en_US","og_type":"article","og_title":"H\u00f3a ch\u1ea5t Piperine \u2013 Sigma Aldrich - C\u00f4ng ty TNHH LABOCHEM Vi\u1ec7t Nam","og_description":"[:vi]T\u00ean s\u1ea3n ph\u1ea9m:\u00a0H\u00f3a ch\u1ea5t Piperine \u2013 Sigma Aldrich   M\u00e3 s\u1ea3n ph\u1ea9m: P49007  Th\u01b0\u01a1ng hi\u1ec7u: Sigma Aldrich \u2013 M\u1ef9  \u1ee8ng d\u1ee5ng s\u1ea3n ph\u1ea9m H\u00f3a ch\u1ea5t Piperine \u2013 Sigma Aldrich Ch\u1ea5t ph\u1ea3n \u1ee9ng \u0111\u1ec3 t\u1ed5ng h\u1ee3p c\u1ee7a:   Dimeric amide alkaloid.  Piperoyl-amino axit h\u1ee3p ch\u1ea5t s\u1eed d\u1ee5ng cho ho\u1ea1t \u0111\u1ed9ng antileishmanial.  Piperine c\u00f3 ngu\u1ed3n g\u1ed1c amit v\u1edbi ho\u1ea1t \u0111\u1ed9ng TRPV1.  Piperine t\u01b0\u01a1ng t\u1ef1 nh\u01b0 S. aureus Nora ra ngo\u00e0i n\u00e0y \u1ee9c ch\u1ebf b\u01a1m.  C\u00e1c li\u00ean h\u1ee3p ho\u1ea1t t\u00ednh sinh h\u1ecdc c\u1ee7a curcumin c\u00f3 \u0111\u1eb7c t\u00ednh kh\u00e1ng khu\u1ea9n v\u00e0 ch\u1ed1ng \u0111\u00f4ng m\u00e1u.  D\u1eabn xu\u1ea5t piperine \u0111\u1ec3 s\u1eed d\u1ee5ng l\u00e0m t\u00e1c nh\u00e2n trypanocidal. [:]","og_url":"https:\/\/labochem.com.vn\/s\u1ea3n ph\u1ea9m\/hoa-chat-piperine-sigma-aldrich\/","og_site_name":"C\u00f4ng ty TNHH LABOCHEM Vi\u1ec7t Nam","article_modified_time":"2020-05-11T07:55:23+00:00","og_image":[{"width":538,"height":552,"url":"https:\/\/labochem.com.vn\/wp-content\/uploads\/2020\/05\/6.1-2.jpg","type":"image\/jpeg"}],"twitter_card":"summary_large_image","schema":{"@context":"https:\/\/schema.org","@graph":[{"@type":"WebPage","@id":"https:\/\/labochem.com.vn\/s\u1ea3n ph\u1ea9m\/hoa-chat-piperine-sigma-aldrich\/","url":"https:\/\/labochem.com.vn\/s\u1ea3n ph\u1ea9m\/hoa-chat-piperine-sigma-aldrich\/","name":"H\u00f3a ch\u1ea5t Piperine \u2013 Sigma Aldrich - C\u00f4ng ty TNHH LABOCHEM Vi\u1ec7t Nam","isPartOf":{"@id":"https:\/\/labochem.com.vn\/#website"},"primaryImageOfPage":{"@id":"https:\/\/labochem.com.vn\/s\u1ea3n ph\u1ea9m\/hoa-chat-piperine-sigma-aldrich\/#primaryimage"},"image":{"@id":"https:\/\/labochem.com.vn\/s\u1ea3n ph\u1ea9m\/hoa-chat-piperine-sigma-aldrich\/#primaryimage"},"thumbnailUrl":"https:\/\/labochem.com.vn\/wp-content\/uploads\/2020\/05\/6.1-2.jpg","datePublished":"2020-05-11T07:49:59+00:00","dateModified":"2020-05-11T07:55:23+00:00","breadcrumb":{"@id":"https:\/\/labochem.com.vn\/s\u1ea3n ph\u1ea9m\/hoa-chat-piperine-sigma-aldrich\/#breadcrumb"},"inLanguage":"en-US","potentialAction":[{"@type":"ReadAction","target":["https:\/\/labochem.com.vn\/s\u1ea3n ph\u1ea9m\/hoa-chat-piperine-sigma-aldrich\/"]}]},{"@type":"ImageObject","inLanguage":"en-US","@id":"https:\/\/labochem.com.vn\/s\u1ea3n ph\u1ea9m\/hoa-chat-piperine-sigma-aldrich\/#primaryimage","url":"https:\/\/labochem.com.vn\/wp-content\/uploads\/2020\/05\/6.1-2.jpg","contentUrl":"https:\/\/labochem.com.vn\/wp-content\/uploads\/2020\/05\/6.1-2.jpg","width":538,"height":552},{"@type":"BreadcrumbList","@id":"https:\/\/labochem.com.vn\/s\u1ea3n ph\u1ea9m\/hoa-chat-piperine-sigma-aldrich\/#breadcrumb","itemListElement":[{"@type":"ListItem","position":1,"name":"Home","item":"https:\/\/labochem.com.vn\/"},{"@type":"ListItem","position":2,"name":"C\u1eeda h\u00e0ng","item":"https:\/\/labochem.com.vn\/mua\/"},{"@type":"ListItem","position":3,"name":"H\u00f3a ch\u1ea5t Piperine \u2013 Sigma Aldrich"}]},{"@type":"WebSite","@id":"https:\/\/labochem.com.vn\/#website","url":"https:\/\/labochem.com.vn\/","name":"C\u00f4ng ty TNHH LABOCHEM Vi\u1ec7t Nam","description":"M\u1ed9t trang web m\u1edbi s\u1eed d\u1ee5ng WordPress","potentialAction":[{"@type":"SearchAction","target":{"@type":"EntryPoint","urlTemplate":"https:\/\/labochem.com.vn\/?s={search_term_string}"},"query-input":"required name=search_term_string"}],"inLanguage":"en-US"}]}},"_links":{"self":[{"href":"https:\/\/labochem.com.vn\/en\/wp-json\/wp\/v2\/product\/596"}],"collection":[{"href":"https:\/\/labochem.com.vn\/en\/wp-json\/wp\/v2\/product"}],"about":[{"href":"https:\/\/labochem.com.vn\/en\/wp-json\/wp\/v2\/types\/product"}],"replies":[{"embeddable":true,"href":"https:\/\/labochem.com.vn\/en\/wp-json\/wp\/v2\/comments?post=596"}],"wp:featuredmedia":[{"embeddable":true,"href":"https:\/\/labochem.com.vn\/en\/wp-json\/wp\/v2\/media\/597"}],"wp:attachment":[{"href":"https:\/\/labochem.com.vn\/en\/wp-json\/wp\/v2\/media?parent=596"}],"wp:term":[{"taxonomy":"product_cat","embeddable":true,"href":"https:\/\/labochem.com.vn\/en\/wp-json\/wp\/v2\/product_cat?post=596"},{"taxonomy":"product_tag","embeddable":true,"href":"https:\/\/labochem.com.vn\/en\/wp-json\/wp\/v2\/product_tag?post=596"}],"curies":[{"name":"wp","href":"https:\/\/api.w.org\/{rel}","templated":true}]}}