{"id":594,"date":"2020-05-11T07:45:43","date_gmt":"2020-05-11T07:45:43","guid":{"rendered":"https:\/\/labochem.com.vn\/?post_type=product&#038;p=594"},"modified":"2020-05-11T07:45:45","modified_gmt":"2020-05-11T07:45:45","slug":"hoa-chat-medroxyprogesterone-acetate-500mg-phr1589-500mg-sigma-aldrich","status":"publish","type":"product","link":"https:\/\/labochem.com.vn\/en\/s\u1ea3n ph\u1ea9m\/hoa-chat-medroxyprogesterone-acetate-500mg-phr1589-500mg-sigma-aldrich\/","title":{"rendered":"(Ti\u1ebfng Vi\u1ec7t) H\u00f3a ch\u1ea5t Medroxyprogesterone Acetate (500MG) \u2013 PHR1589-500MG \u2013 Sigma Aldrich"},"content":{"rendered":"","protected":false},"excerpt":{"rendered":"<p class=\"qtranxs-available-languages-message qtranxs-available-languages-message-en\">Sorry, this entry is only available in <a href=\"https:\/\/labochem.com.vn\/vi\/wp-json\/wp\/v2\/product\/594\" class=\"qtranxs-available-language-link qtranxs-available-language-link-vi\" title=\"Ti\u1ebfng Vi\u1ec7t\">Ti\u1ebfng Vi\u1ec7t<\/a>.<\/p>\n","protected":false},"featured_media":595,"comment_status":"open","ping_status":"closed","template":"","meta":[],"product_cat":[202],"product_tag":[209],"yoast_head":"<!-- This site is optimized with the Yoast SEO plugin v22.6 - https:\/\/yoast.com\/wordpress\/plugins\/seo\/ -->\n<title><\/title>\n<meta name=\"robots\" content=\"index, follow, max-snippet:-1, max-image-preview:large, max-video-preview:-1\" \/>\n<link rel=\"canonical\" href=\"https:\/\/labochem.com.vn\/s\u1ea3n%20ph\u1ea9m\/hoa-chat-medroxyprogesterone-acetate-500mg-phr1589-500mg-sigma-aldrich\/\" \/>\n<meta property=\"og:locale\" content=\"en_US\" \/>\n<meta property=\"og:type\" content=\"article\" \/>\n<meta property=\"og:title\" content=\"[:vi]H\u00f3a ch\u1ea5t Medroxyprogesterone Acetate (500MG) \u2013 PHR1589-500MG \u2013 Sigma Aldrich[:] - C\u00f4ng ty TNHH LABOCHEM Vi\u1ec7t Nam\" \/>\n<meta property=\"og:description\" content=\"[:vi]T\u00ean s\u1ea3n ph\u1ea9m:\u00a0H\u00f3a ch\u1ea5t Medroxyprogesterone Acetate (500MG) \u2013 PHR1589-500MG \u2013 Sigma Aldrich   M\u00e3 s\u1ea3n ph\u1ea9m: PHR1589-500MG  Th\u01b0\u01a1ng hi\u1ec7u: Sigma Aldrich \u2013 M\u1ef9  \u0110\u00f3ng g\u00f3i: Chai 500g  M\u00f4 t\u1ea3 s\u1ea3n ph\u1ea9m H\u00f3a ch\u1ea5t Medroxyprogesterone Acetate (500MG) \u2013 PHR1589-500MG \u2013 Sigma Aldrich   Medroxyprogesterone acetate l\u00e0 m\u1ed9t lo\u1ea1i thu\u1ed1c ti\u00ean d\u01b0\u1ee3c t\u1ed5ng h\u1ee3p \u0111\u01b0\u1ee3c s\u1eed d\u1ee5ng nh\u01b0 m\u1ed9t bi\u1ec7n ph\u00e1p tr\u00e1nh thai.  N\u00f3 c\u0169ng \u0111\u01b0\u1ee3c s\u1eed d\u1ee5ng nh\u01b0 m\u1ed9t lo\u1ea1i thu\u1ed1c \u0111\u1ec3 \u0111i\u1ec1u tr\u1ecb ung th\u01b0 ph\u1ee5 thu\u1ed9c hormone, ch\u1eb3ng h\u1ea1n nh\u01b0 ung th\u01b0 v\u00fa.  \u1ee8ng d\u1ee5ng s\u1ea3n ph\u1ea9m H\u00f3a ch\u1ea5t Medroxyprogesterone Acetate (500MG) \u2013 PHR1589-500MG \u2013 Sigma Aldrich   Medroxyprogesterone Acetate c\u00f3 th\u1ec3 \u0111\u01b0\u1ee3c s\u1eed d\u1ee5ng l\u00e0m ti\u00eau chu\u1ea9n tham chi\u1ebfu d\u01b0\u1ee3c ph\u1ea9m \u0111\u1ec3 x\u00e1c \u0111\u1ecbnh ch\u1ea5t ph\u00e2n t\u00edch trong huy\u1ec1n ph\u00f9 d\u01b0\u1ee3c ph\u1ea9m, c\u00f4ng th\u1ee9c thu\u1ed1c v\u00e0 thu\u1ed1c vi\u00ean s\u1ed1 l\u01b0\u1ee3ng l\u1edbn b\u1eb1ng ph\u01b0\u01a1ng ph\u00e1p quang ph\u1ed5 Raman v\u00e0 s\u1eafc k\u00fd.  C\u00e1c ti\u00eau chu\u1ea9n ph\u1ee5 n\u00e0y \u0111\u01b0\u1ee3c ch\u1ee9ng nh\u1eadn l\u00e0 t\u00e0i li\u1ec7u tham kh\u1ea3o \u0111\u01b0\u1ee3c ch\u1ee9ng nh\u1eadn.  Ch\u00fang th\u00edch h\u1ee3p \u0111\u1ec3 s\u1eed d\u1ee5ng trong m\u1ed9t s\u1ed1 \u1ee9ng d\u1ee5ng ph\u00e2n t\u00edch bao g\u1ed3m nh\u01b0ng kh\u00f4ng gi\u1edbi h\u1ea1n trong th\u1eed nghi\u1ec7m ph\u00e1t h\u00e0nh d\u01b0\u1ee3c ph\u1ea9m, ph\u00e1t tri\u1ec3n ph\u01b0\u01a1ng ph\u00e1p d\u01b0\u1ee3c ph\u1ea9m \u0111\u1ec3 ph\u00e2n t\u00edch \u0111\u1ecbnh t\u00ednh v\u00e0 \u0111\u1ecbnh l\u01b0\u1ee3ng, th\u1eed nghi\u1ec7m ki\u1ec3m so\u00e1t ch\u1ea5t l\u01b0\u1ee3ng th\u1ef1c ph\u1ea9m v\u00e0 \u0111\u1ed3 u\u1ed1ng v\u00e0 c\u00e1c y\u00eau c\u1ea7u hi\u1ec7u chu\u1ea9n kh\u00e1c. [:]\" \/>\n<meta property=\"og:url\" content=\"https:\/\/labochem.com.vn\/s\u1ea3n ph\u1ea9m\/hoa-chat-medroxyprogesterone-acetate-500mg-phr1589-500mg-sigma-aldrich\/\" \/>\n<meta property=\"og:site_name\" content=\"C\u00f4ng ty TNHH LABOCHEM Vi\u1ec7t Nam\" \/>\n<meta property=\"article:modified_time\" content=\"2020-05-11T07:45:45+00:00\" \/>\n<meta property=\"og:image\" content=\"https:\/\/labochem.com.vn\/wp-content\/uploads\/2020\/05\/5.1-2.jpg\" \/>\n\t<meta property=\"og:image:width\" content=\"538\" \/>\n\t<meta property=\"og:image:height\" content=\"553\" \/>\n\t<meta property=\"og:image:type\" content=\"image\/jpeg\" \/>\n<meta name=\"twitter:card\" content=\"summary_large_image\" \/>\n<script type=\"application\/ld+json\" class=\"yoast-schema-graph\">{\"@context\":\"https:\/\/schema.org\",\"@graph\":[{\"@type\":\"WebPage\",\"@id\":\"https:\/\/labochem.com.vn\/s\u1ea3n ph\u1ea9m\/hoa-chat-medroxyprogesterone-acetate-500mg-phr1589-500mg-sigma-aldrich\/\",\"url\":\"https:\/\/labochem.com.vn\/s\u1ea3n ph\u1ea9m\/hoa-chat-medroxyprogesterone-acetate-500mg-phr1589-500mg-sigma-aldrich\/\",\"name\":\"[:vi]H\u00f3a ch\u1ea5t Medroxyprogesterone Acetate (500MG) \u2013 PHR1589-500MG \u2013 Sigma Aldrich[:] - C\u00f4ng ty TNHH LABOCHEM Vi\u1ec7t Nam\",\"isPartOf\":{\"@id\":\"https:\/\/labochem.com.vn\/#website\"},\"primaryImageOfPage\":{\"@id\":\"https:\/\/labochem.com.vn\/s\u1ea3n ph\u1ea9m\/hoa-chat-medroxyprogesterone-acetate-500mg-phr1589-500mg-sigma-aldrich\/#primaryimage\"},\"image\":{\"@id\":\"https:\/\/labochem.com.vn\/s\u1ea3n ph\u1ea9m\/hoa-chat-medroxyprogesterone-acetate-500mg-phr1589-500mg-sigma-aldrich\/#primaryimage\"},\"thumbnailUrl\":\"https:\/\/labochem.com.vn\/wp-content\/uploads\/2020\/05\/5.1-2.jpg\",\"datePublished\":\"2020-05-11T07:45:43+00:00\",\"dateModified\":\"2020-05-11T07:45:45+00:00\",\"breadcrumb\":{\"@id\":\"https:\/\/labochem.com.vn\/s\u1ea3n ph\u1ea9m\/hoa-chat-medroxyprogesterone-acetate-500mg-phr1589-500mg-sigma-aldrich\/#breadcrumb\"},\"inLanguage\":\"en-US\",\"potentialAction\":[{\"@type\":\"ReadAction\",\"target\":[\"https:\/\/labochem.com.vn\/s\u1ea3n ph\u1ea9m\/hoa-chat-medroxyprogesterone-acetate-500mg-phr1589-500mg-sigma-aldrich\/\"]}]},{\"@type\":\"ImageObject\",\"inLanguage\":\"en-US\",\"@id\":\"https:\/\/labochem.com.vn\/s\u1ea3n ph\u1ea9m\/hoa-chat-medroxyprogesterone-acetate-500mg-phr1589-500mg-sigma-aldrich\/#primaryimage\",\"url\":\"https:\/\/labochem.com.vn\/wp-content\/uploads\/2020\/05\/5.1-2.jpg\",\"contentUrl\":\"https:\/\/labochem.com.vn\/wp-content\/uploads\/2020\/05\/5.1-2.jpg\",\"width\":538,\"height\":553},{\"@type\":\"BreadcrumbList\",\"@id\":\"https:\/\/labochem.com.vn\/s\u1ea3n ph\u1ea9m\/hoa-chat-medroxyprogesterone-acetate-500mg-phr1589-500mg-sigma-aldrich\/#breadcrumb\",\"itemListElement\":[{\"@type\":\"ListItem\",\"position\":1,\"name\":\"Home\",\"item\":\"https:\/\/labochem.com.vn\/\"},{\"@type\":\"ListItem\",\"position\":2,\"name\":\"C\u1eeda h\u00e0ng\",\"item\":\"https:\/\/labochem.com.vn\/mua\/\"},{\"@type\":\"ListItem\",\"position\":3,\"name\":\"H\u00f3a ch\u1ea5t Medroxyprogesterone Acetate (500MG) \u2013 PHR1589-500MG \u2013 Sigma Aldrich\"}]},{\"@type\":\"WebSite\",\"@id\":\"https:\/\/labochem.com.vn\/#website\",\"url\":\"https:\/\/labochem.com.vn\/\",\"name\":\"C\u00f4ng ty TNHH LABOCHEM Vi\u1ec7t Nam\",\"description\":\"M\u1ed9t trang web m\u1edbi s\u1eed d\u1ee5ng WordPress\",\"potentialAction\":[{\"@type\":\"SearchAction\",\"target\":{\"@type\":\"EntryPoint\",\"urlTemplate\":\"https:\/\/labochem.com.vn\/?s={search_term_string}\"},\"query-input\":\"required name=search_term_string\"}],\"inLanguage\":\"en-US\"}]}<\/script>\n<!-- \/ Yoast SEO plugin. -->","yoast_head_json":{"title":"[:vi]H\u00f3a ch\u1ea5t Medroxyprogesterone Acetate (500MG) \u2013 PHR1589-500MG \u2013 Sigma Aldrich[:] - C\u00f4ng ty TNHH LABOCHEM Vi\u1ec7t Nam","robots":{"index":"index","follow":"follow","max-snippet":"max-snippet:-1","max-image-preview":"max-image-preview:large","max-video-preview":"max-video-preview:-1"},"canonical":"https:\/\/labochem.com.vn\/s\u1ea3n ph\u1ea9m\/hoa-chat-medroxyprogesterone-acetate-500mg-phr1589-500mg-sigma-aldrich\/","og_locale":"en_US","og_type":"article","og_title":"[:vi]H\u00f3a ch\u1ea5t Medroxyprogesterone Acetate (500MG) \u2013 PHR1589-500MG \u2013 Sigma Aldrich[:] - C\u00f4ng ty TNHH LABOCHEM Vi\u1ec7t Nam","og_description":"[:vi]T\u00ean s\u1ea3n ph\u1ea9m:\u00a0H\u00f3a ch\u1ea5t Medroxyprogesterone Acetate (500MG) \u2013 PHR1589-500MG \u2013 Sigma Aldrich   M\u00e3 s\u1ea3n ph\u1ea9m: PHR1589-500MG  Th\u01b0\u01a1ng hi\u1ec7u: Sigma Aldrich \u2013 M\u1ef9  \u0110\u00f3ng g\u00f3i: Chai 500g  M\u00f4 t\u1ea3 s\u1ea3n ph\u1ea9m H\u00f3a ch\u1ea5t Medroxyprogesterone Acetate (500MG) \u2013 PHR1589-500MG \u2013 Sigma Aldrich   Medroxyprogesterone acetate l\u00e0 m\u1ed9t lo\u1ea1i thu\u1ed1c ti\u00ean d\u01b0\u1ee3c t\u1ed5ng h\u1ee3p \u0111\u01b0\u1ee3c s\u1eed d\u1ee5ng nh\u01b0 m\u1ed9t bi\u1ec7n ph\u00e1p tr\u00e1nh thai.  N\u00f3 c\u0169ng \u0111\u01b0\u1ee3c s\u1eed d\u1ee5ng nh\u01b0 m\u1ed9t lo\u1ea1i thu\u1ed1c \u0111\u1ec3 \u0111i\u1ec1u tr\u1ecb ung th\u01b0 ph\u1ee5 thu\u1ed9c hormone, ch\u1eb3ng h\u1ea1n nh\u01b0 ung th\u01b0 v\u00fa.  \u1ee8ng d\u1ee5ng s\u1ea3n ph\u1ea9m H\u00f3a ch\u1ea5t Medroxyprogesterone Acetate (500MG) \u2013 PHR1589-500MG \u2013 Sigma Aldrich   Medroxyprogesterone Acetate c\u00f3 th\u1ec3 \u0111\u01b0\u1ee3c s\u1eed d\u1ee5ng l\u00e0m ti\u00eau chu\u1ea9n tham chi\u1ebfu d\u01b0\u1ee3c ph\u1ea9m \u0111\u1ec3 x\u00e1c \u0111\u1ecbnh ch\u1ea5t ph\u00e2n t\u00edch trong huy\u1ec1n ph\u00f9 d\u01b0\u1ee3c ph\u1ea9m, c\u00f4ng th\u1ee9c thu\u1ed1c v\u00e0 thu\u1ed1c vi\u00ean s\u1ed1 l\u01b0\u1ee3ng l\u1edbn b\u1eb1ng ph\u01b0\u01a1ng ph\u00e1p quang ph\u1ed5 Raman v\u00e0 s\u1eafc k\u00fd.  C\u00e1c ti\u00eau chu\u1ea9n ph\u1ee5 n\u00e0y \u0111\u01b0\u1ee3c ch\u1ee9ng nh\u1eadn l\u00e0 t\u00e0i li\u1ec7u tham kh\u1ea3o \u0111\u01b0\u1ee3c ch\u1ee9ng nh\u1eadn.  Ch\u00fang th\u00edch h\u1ee3p \u0111\u1ec3 s\u1eed d\u1ee5ng trong m\u1ed9t s\u1ed1 \u1ee9ng d\u1ee5ng ph\u00e2n t\u00edch bao g\u1ed3m nh\u01b0ng kh\u00f4ng gi\u1edbi h\u1ea1n trong th\u1eed nghi\u1ec7m ph\u00e1t h\u00e0nh d\u01b0\u1ee3c ph\u1ea9m, ph\u00e1t tri\u1ec3n ph\u01b0\u01a1ng ph\u00e1p d\u01b0\u1ee3c ph\u1ea9m \u0111\u1ec3 ph\u00e2n t\u00edch \u0111\u1ecbnh t\u00ednh v\u00e0 \u0111\u1ecbnh l\u01b0\u1ee3ng, th\u1eed nghi\u1ec7m ki\u1ec3m so\u00e1t ch\u1ea5t l\u01b0\u1ee3ng th\u1ef1c ph\u1ea9m v\u00e0 \u0111\u1ed3 u\u1ed1ng v\u00e0 c\u00e1c y\u00eau c\u1ea7u hi\u1ec7u chu\u1ea9n kh\u00e1c. [:]","og_url":"https:\/\/labochem.com.vn\/s\u1ea3n ph\u1ea9m\/hoa-chat-medroxyprogesterone-acetate-500mg-phr1589-500mg-sigma-aldrich\/","og_site_name":"C\u00f4ng ty TNHH LABOCHEM Vi\u1ec7t Nam","article_modified_time":"2020-05-11T07:45:45+00:00","og_image":[{"width":538,"height":553,"url":"https:\/\/labochem.com.vn\/wp-content\/uploads\/2020\/05\/5.1-2.jpg","type":"image\/jpeg"}],"twitter_card":"summary_large_image","schema":{"@context":"https:\/\/schema.org","@graph":[{"@type":"WebPage","@id":"https:\/\/labochem.com.vn\/s\u1ea3n ph\u1ea9m\/hoa-chat-medroxyprogesterone-acetate-500mg-phr1589-500mg-sigma-aldrich\/","url":"https:\/\/labochem.com.vn\/s\u1ea3n ph\u1ea9m\/hoa-chat-medroxyprogesterone-acetate-500mg-phr1589-500mg-sigma-aldrich\/","name":"[:vi]H\u00f3a ch\u1ea5t Medroxyprogesterone Acetate (500MG) \u2013 PHR1589-500MG \u2013 Sigma Aldrich[:] - C\u00f4ng ty TNHH LABOCHEM Vi\u1ec7t Nam","isPartOf":{"@id":"https:\/\/labochem.com.vn\/#website"},"primaryImageOfPage":{"@id":"https:\/\/labochem.com.vn\/s\u1ea3n ph\u1ea9m\/hoa-chat-medroxyprogesterone-acetate-500mg-phr1589-500mg-sigma-aldrich\/#primaryimage"},"image":{"@id":"https:\/\/labochem.com.vn\/s\u1ea3n ph\u1ea9m\/hoa-chat-medroxyprogesterone-acetate-500mg-phr1589-500mg-sigma-aldrich\/#primaryimage"},"thumbnailUrl":"https:\/\/labochem.com.vn\/wp-content\/uploads\/2020\/05\/5.1-2.jpg","datePublished":"2020-05-11T07:45:43+00:00","dateModified":"2020-05-11T07:45:45+00:00","breadcrumb":{"@id":"https:\/\/labochem.com.vn\/s\u1ea3n ph\u1ea9m\/hoa-chat-medroxyprogesterone-acetate-500mg-phr1589-500mg-sigma-aldrich\/#breadcrumb"},"inLanguage":"en-US","potentialAction":[{"@type":"ReadAction","target":["https:\/\/labochem.com.vn\/s\u1ea3n ph\u1ea9m\/hoa-chat-medroxyprogesterone-acetate-500mg-phr1589-500mg-sigma-aldrich\/"]}]},{"@type":"ImageObject","inLanguage":"en-US","@id":"https:\/\/labochem.com.vn\/s\u1ea3n ph\u1ea9m\/hoa-chat-medroxyprogesterone-acetate-500mg-phr1589-500mg-sigma-aldrich\/#primaryimage","url":"https:\/\/labochem.com.vn\/wp-content\/uploads\/2020\/05\/5.1-2.jpg","contentUrl":"https:\/\/labochem.com.vn\/wp-content\/uploads\/2020\/05\/5.1-2.jpg","width":538,"height":553},{"@type":"BreadcrumbList","@id":"https:\/\/labochem.com.vn\/s\u1ea3n ph\u1ea9m\/hoa-chat-medroxyprogesterone-acetate-500mg-phr1589-500mg-sigma-aldrich\/#breadcrumb","itemListElement":[{"@type":"ListItem","position":1,"name":"Home","item":"https:\/\/labochem.com.vn\/"},{"@type":"ListItem","position":2,"name":"C\u1eeda h\u00e0ng","item":"https:\/\/labochem.com.vn\/mua\/"},{"@type":"ListItem","position":3,"name":"H\u00f3a ch\u1ea5t Medroxyprogesterone Acetate (500MG) \u2013 PHR1589-500MG \u2013 Sigma Aldrich"}]},{"@type":"WebSite","@id":"https:\/\/labochem.com.vn\/#website","url":"https:\/\/labochem.com.vn\/","name":"C\u00f4ng ty TNHH LABOCHEM Vi\u1ec7t Nam","description":"M\u1ed9t trang web m\u1edbi s\u1eed d\u1ee5ng WordPress","potentialAction":[{"@type":"SearchAction","target":{"@type":"EntryPoint","urlTemplate":"https:\/\/labochem.com.vn\/?s={search_term_string}"},"query-input":"required name=search_term_string"}],"inLanguage":"en-US"}]}},"_links":{"self":[{"href":"https:\/\/labochem.com.vn\/en\/wp-json\/wp\/v2\/product\/594"}],"collection":[{"href":"https:\/\/labochem.com.vn\/en\/wp-json\/wp\/v2\/product"}],"about":[{"href":"https:\/\/labochem.com.vn\/en\/wp-json\/wp\/v2\/types\/product"}],"replies":[{"embeddable":true,"href":"https:\/\/labochem.com.vn\/en\/wp-json\/wp\/v2\/comments?post=594"}],"wp:featuredmedia":[{"embeddable":true,"href":"https:\/\/labochem.com.vn\/en\/wp-json\/wp\/v2\/media\/595"}],"wp:attachment":[{"href":"https:\/\/labochem.com.vn\/en\/wp-json\/wp\/v2\/media?parent=594"}],"wp:term":[{"taxonomy":"product_cat","embeddable":true,"href":"https:\/\/labochem.com.vn\/en\/wp-json\/wp\/v2\/product_cat?post=594"},{"taxonomy":"product_tag","embeddable":true,"href":"https:\/\/labochem.com.vn\/en\/wp-json\/wp\/v2\/product_tag?post=594"}],"curies":[{"name":"wp","href":"https:\/\/api.w.org\/{rel}","templated":true}]}}