{"id":589,"date":"2020-05-11T03:57:46","date_gmt":"2020-05-11T03:57:46","guid":{"rendered":"https:\/\/labochem.com.vn\/?post_type=product&#038;p=589"},"modified":"2020-05-11T07:39:53","modified_gmt":"2020-05-11T07:39:53","slug":"dung-dich-ethidium-bromide-aqueous-10ml-e1510-10ml-sigma-aldrich","status":"publish","type":"product","link":"https:\/\/labochem.com.vn\/en\/s\u1ea3n ph\u1ea9m\/dung-dich-ethidium-bromide-aqueous-10ml-e1510-10ml-sigma-aldrich\/","title":{"rendered":"(Ti\u1ebfng Vi\u1ec7t) Dung d\u1ecbch Ethidium bromide aqueous (10ML) \u2013 E1510-10ML \u2013 Sigma Aldrich"},"content":{"rendered":"","protected":false},"excerpt":{"rendered":"<p class=\"qtranxs-available-languages-message qtranxs-available-languages-message-en\">Sorry, this entry is only available in <a href=\"https:\/\/labochem.com.vn\/vi\/wp-json\/wp\/v2\/product\/589\" class=\"qtranxs-available-language-link qtranxs-available-language-link-vi\" title=\"Ti\u1ebfng Vi\u1ec7t\">Ti\u1ebfng Vi\u1ec7t<\/a>.<\/p>\n","protected":false},"featured_media":593,"comment_status":"open","ping_status":"closed","template":"","meta":[],"product_cat":[202],"product_tag":[208],"yoast_head":"<!-- This site is optimized with the Yoast SEO plugin v22.6 - https:\/\/yoast.com\/wordpress\/plugins\/seo\/ -->\n<title><\/title>\n<meta name=\"robots\" content=\"index, follow, max-snippet:-1, max-image-preview:large, max-video-preview:-1\" \/>\n<link rel=\"canonical\" href=\"https:\/\/labochem.com.vn\/s\u1ea3n%20ph\u1ea9m\/dung-dich-ethidium-bromide-aqueous-10ml-e1510-10ml-sigma-aldrich\/\" \/>\n<meta property=\"og:locale\" content=\"en_US\" \/>\n<meta property=\"og:type\" content=\"article\" \/>\n<meta property=\"og:title\" content=\"[:vi]Dung d\u1ecbch Ethidium bromide aqueous (10ML) \u2013 E1510-10ML \u2013 Sigma Aldrich[:] - C\u00f4ng ty TNHH LABOCHEM Vi\u1ec7t Nam\" \/>\n<meta property=\"og:description\" content=\"[:vi]T\u00ean s\u1ea3n ph\u1ea9m:\u00a0Dung d\u1ecbch Ethidium bromide aqueous (10ML) \u2013 E1510-10ML \u2013 Sigma Aldrich   M\u00e3 s\u1ea3n ph\u1ea9m: E1510-10ML  Th\u01b0\u01a1ng hi\u1ec7u: Sigma Aldrich \u2013 M\u1ef9  \u0110\u00f3ng g\u00f3i: Chai 100ml  \u1ee8ng d\u1ee5ng s\u1ea3n ph\u1ea9m Dung d\u1ecbch Ethidium bromide aqueous (10ML) \u2013 E1510-10ML \u2013 Sigma Aldrich Dung d\u1ecbch ethidium bromide \u0111\u00e3 \u0111\u01b0\u1ee3c s\u1eed d\u1ee5ng:   Nh\u01b0 m\u1ed9t v\u1ebft b\u1ea9n \u0111\u1ec3 tr\u1ef1c quan h\u00f3a c\u00e1c t\u1ebf b\u00e0o U937 \u0111\u1ec3 \u0111\u00e1nh gi\u00e1 kh\u1ea3 n\u0103ng s\u1ed1ng c\u1ee7a t\u1ebf b\u00e0o.  \u0110\u1ec3 ph\u00e1t hi\u1ec7n c\u00e1c s\u1ea3n ph\u1ea9m ph\u1ea3n \u1ee9ng chu\u1ed7i polymerase.  Trong x\u00e9t nghi\u1ec7m ch\u1eadm ph\u00e1t tri\u1ec3n \u0111i\u1ec7n di tr\u00ean gel agarose.  Ethidium bromide (EtBr) l\u00e0 v\u1ebft axit nucleic \u0111\u01b0\u1ee3c s\u1eed d\u1ee5ng ph\u1ed5 bi\u1ebfn nh\u1ea5t cho \u0111i\u1ec7n di PAGE ho\u1eb7c agarose gel.\u00a0S\u1ef1 ph\u00e1t hu\u1ef3nh quang c\u1ee7a EtBr t\u0103ng g\u1ea5p 21 l\u1ea7n khi li\u00ean k\u1ebft v\u1edbi ARN s\u1ee3i k\u00e9p v\u00e0 25 l\u1ea7n tr\u00ean DNA s\u1ee3i \u0111\u00f4i li\u00ean k\u1ebft \u0111\u1ec3 kh\u00f4ng c\u1ea7n thi\u1ebft ph\u1ea3i c\u00f3 n\u1ec1n v\u1edbi n\u1ed3ng \u0111\u1ed9 v\u1ebft b\u1ea9n th\u1ea5p (10 \u03bcg \/ ml).  Ethidium bromide \u0111\u00e3 \u0111\u01b0\u1ee3c s\u1eed d\u1ee5ng trong m\u1ed9t s\u1ed1 x\u00e9t nghi\u1ec7m fluorimetric cho axit nucleic.\u00a0N\u00f3 \u0111\u00e3 \u0111\u01b0\u1ee3c ch\u1ee9ng minh l\u00e0 li\u00ean k\u1ebft v\u1edbi DNA chu\u1ed7i \u0111\u01a1n (m\u1eb7c d\u00f9 kh\u00f4ng m\u1ea1nh b\u1eb1ng) v\u00e0 DNA chu\u1ed7i ba do kh\u1ea3 n\u0103ng li\u00ean k\u1ebft v\u1edbi DNA, EtBr l\u00e0 ch\u1ea5t \u1ee9c ch\u1ebf DNA polymerase.[:]\" \/>\n<meta property=\"og:url\" content=\"https:\/\/labochem.com.vn\/s\u1ea3n ph\u1ea9m\/dung-dich-ethidium-bromide-aqueous-10ml-e1510-10ml-sigma-aldrich\/\" \/>\n<meta property=\"og:site_name\" content=\"C\u00f4ng ty TNHH LABOCHEM Vi\u1ec7t Nam\" \/>\n<meta property=\"article:modified_time\" content=\"2020-05-11T07:39:53+00:00\" \/>\n<meta property=\"og:image\" content=\"https:\/\/labochem.com.vn\/wp-content\/uploads\/2020\/05\/4.1-2.jpg\" \/>\n\t<meta property=\"og:image:width\" content=\"647\" \/>\n\t<meta property=\"og:image:height\" content=\"655\" \/>\n\t<meta property=\"og:image:type\" content=\"image\/jpeg\" \/>\n<meta name=\"twitter:card\" content=\"summary_large_image\" \/>\n<script type=\"application\/ld+json\" class=\"yoast-schema-graph\">{\"@context\":\"https:\/\/schema.org\",\"@graph\":[{\"@type\":\"WebPage\",\"@id\":\"https:\/\/labochem.com.vn\/s\u1ea3n ph\u1ea9m\/dung-dich-ethidium-bromide-aqueous-10ml-e1510-10ml-sigma-aldrich\/\",\"url\":\"https:\/\/labochem.com.vn\/s\u1ea3n ph\u1ea9m\/dung-dich-ethidium-bromide-aqueous-10ml-e1510-10ml-sigma-aldrich\/\",\"name\":\"[:vi]Dung d\u1ecbch Ethidium bromide aqueous (10ML) \u2013 E1510-10ML \u2013 Sigma Aldrich[:] - C\u00f4ng ty TNHH LABOCHEM Vi\u1ec7t Nam\",\"isPartOf\":{\"@id\":\"https:\/\/labochem.com.vn\/#website\"},\"primaryImageOfPage\":{\"@id\":\"https:\/\/labochem.com.vn\/s\u1ea3n ph\u1ea9m\/dung-dich-ethidium-bromide-aqueous-10ml-e1510-10ml-sigma-aldrich\/#primaryimage\"},\"image\":{\"@id\":\"https:\/\/labochem.com.vn\/s\u1ea3n ph\u1ea9m\/dung-dich-ethidium-bromide-aqueous-10ml-e1510-10ml-sigma-aldrich\/#primaryimage\"},\"thumbnailUrl\":\"https:\/\/labochem.com.vn\/wp-content\/uploads\/2020\/05\/4.1-2.jpg\",\"datePublished\":\"2020-05-11T03:57:46+00:00\",\"dateModified\":\"2020-05-11T07:39:53+00:00\",\"breadcrumb\":{\"@id\":\"https:\/\/labochem.com.vn\/s\u1ea3n ph\u1ea9m\/dung-dich-ethidium-bromide-aqueous-10ml-e1510-10ml-sigma-aldrich\/#breadcrumb\"},\"inLanguage\":\"en-US\",\"potentialAction\":[{\"@type\":\"ReadAction\",\"target\":[\"https:\/\/labochem.com.vn\/s\u1ea3n ph\u1ea9m\/dung-dich-ethidium-bromide-aqueous-10ml-e1510-10ml-sigma-aldrich\/\"]}]},{\"@type\":\"ImageObject\",\"inLanguage\":\"en-US\",\"@id\":\"https:\/\/labochem.com.vn\/s\u1ea3n ph\u1ea9m\/dung-dich-ethidium-bromide-aqueous-10ml-e1510-10ml-sigma-aldrich\/#primaryimage\",\"url\":\"https:\/\/labochem.com.vn\/wp-content\/uploads\/2020\/05\/4.1-2.jpg\",\"contentUrl\":\"https:\/\/labochem.com.vn\/wp-content\/uploads\/2020\/05\/4.1-2.jpg\",\"width\":647,\"height\":655},{\"@type\":\"BreadcrumbList\",\"@id\":\"https:\/\/labochem.com.vn\/s\u1ea3n ph\u1ea9m\/dung-dich-ethidium-bromide-aqueous-10ml-e1510-10ml-sigma-aldrich\/#breadcrumb\",\"itemListElement\":[{\"@type\":\"ListItem\",\"position\":1,\"name\":\"Home\",\"item\":\"https:\/\/labochem.com.vn\/\"},{\"@type\":\"ListItem\",\"position\":2,\"name\":\"C\u1eeda h\u00e0ng\",\"item\":\"https:\/\/labochem.com.vn\/mua\/\"},{\"@type\":\"ListItem\",\"position\":3,\"name\":\"Dung d\u1ecbch Ethidium bromide aqueous (10ML) \u2013 E1510-10ML \u2013 Sigma Aldrich\"}]},{\"@type\":\"WebSite\",\"@id\":\"https:\/\/labochem.com.vn\/#website\",\"url\":\"https:\/\/labochem.com.vn\/\",\"name\":\"C\u00f4ng ty TNHH LABOCHEM Vi\u1ec7t Nam\",\"description\":\"M\u1ed9t trang web m\u1edbi s\u1eed d\u1ee5ng WordPress\",\"potentialAction\":[{\"@type\":\"SearchAction\",\"target\":{\"@type\":\"EntryPoint\",\"urlTemplate\":\"https:\/\/labochem.com.vn\/?s={search_term_string}\"},\"query-input\":\"required name=search_term_string\"}],\"inLanguage\":\"en-US\"}]}<\/script>\n<!-- \/ Yoast SEO plugin. -->","yoast_head_json":{"title":"[:vi]Dung d\u1ecbch Ethidium bromide aqueous (10ML) \u2013 E1510-10ML \u2013 Sigma Aldrich[:] - C\u00f4ng ty TNHH LABOCHEM Vi\u1ec7t Nam","robots":{"index":"index","follow":"follow","max-snippet":"max-snippet:-1","max-image-preview":"max-image-preview:large","max-video-preview":"max-video-preview:-1"},"canonical":"https:\/\/labochem.com.vn\/s\u1ea3n ph\u1ea9m\/dung-dich-ethidium-bromide-aqueous-10ml-e1510-10ml-sigma-aldrich\/","og_locale":"en_US","og_type":"article","og_title":"[:vi]Dung d\u1ecbch Ethidium bromide aqueous (10ML) \u2013 E1510-10ML \u2013 Sigma Aldrich[:] - C\u00f4ng ty TNHH LABOCHEM Vi\u1ec7t Nam","og_description":"[:vi]T\u00ean s\u1ea3n ph\u1ea9m:\u00a0Dung d\u1ecbch Ethidium bromide aqueous (10ML) \u2013 E1510-10ML \u2013 Sigma Aldrich   M\u00e3 s\u1ea3n ph\u1ea9m: E1510-10ML  Th\u01b0\u01a1ng hi\u1ec7u: Sigma Aldrich \u2013 M\u1ef9  \u0110\u00f3ng g\u00f3i: Chai 100ml  \u1ee8ng d\u1ee5ng s\u1ea3n ph\u1ea9m Dung d\u1ecbch Ethidium bromide aqueous (10ML) \u2013 E1510-10ML \u2013 Sigma Aldrich Dung d\u1ecbch ethidium bromide \u0111\u00e3 \u0111\u01b0\u1ee3c s\u1eed d\u1ee5ng:   Nh\u01b0 m\u1ed9t v\u1ebft b\u1ea9n \u0111\u1ec3 tr\u1ef1c quan h\u00f3a c\u00e1c t\u1ebf b\u00e0o U937 \u0111\u1ec3 \u0111\u00e1nh gi\u00e1 kh\u1ea3 n\u0103ng s\u1ed1ng c\u1ee7a t\u1ebf b\u00e0o.  \u0110\u1ec3 ph\u00e1t hi\u1ec7n c\u00e1c s\u1ea3n ph\u1ea9m ph\u1ea3n \u1ee9ng chu\u1ed7i polymerase.  Trong x\u00e9t nghi\u1ec7m ch\u1eadm ph\u00e1t tri\u1ec3n \u0111i\u1ec7n di tr\u00ean gel agarose.  Ethidium bromide (EtBr) l\u00e0 v\u1ebft axit nucleic \u0111\u01b0\u1ee3c s\u1eed d\u1ee5ng ph\u1ed5 bi\u1ebfn nh\u1ea5t cho \u0111i\u1ec7n di PAGE ho\u1eb7c agarose gel.\u00a0S\u1ef1 ph\u00e1t hu\u1ef3nh quang c\u1ee7a EtBr t\u0103ng g\u1ea5p 21 l\u1ea7n khi li\u00ean k\u1ebft v\u1edbi ARN s\u1ee3i k\u00e9p v\u00e0 25 l\u1ea7n tr\u00ean DNA s\u1ee3i \u0111\u00f4i li\u00ean k\u1ebft \u0111\u1ec3 kh\u00f4ng c\u1ea7n thi\u1ebft ph\u1ea3i c\u00f3 n\u1ec1n v\u1edbi n\u1ed3ng \u0111\u1ed9 v\u1ebft b\u1ea9n th\u1ea5p (10 \u03bcg \/ ml).  Ethidium bromide \u0111\u00e3 \u0111\u01b0\u1ee3c s\u1eed d\u1ee5ng trong m\u1ed9t s\u1ed1 x\u00e9t nghi\u1ec7m fluorimetric cho axit nucleic.\u00a0N\u00f3 \u0111\u00e3 \u0111\u01b0\u1ee3c ch\u1ee9ng minh l\u00e0 li\u00ean k\u1ebft v\u1edbi DNA chu\u1ed7i \u0111\u01a1n (m\u1eb7c d\u00f9 kh\u00f4ng m\u1ea1nh b\u1eb1ng) v\u00e0 DNA chu\u1ed7i ba do kh\u1ea3 n\u0103ng li\u00ean k\u1ebft v\u1edbi DNA, EtBr l\u00e0 ch\u1ea5t \u1ee9c ch\u1ebf DNA polymerase.[:]","og_url":"https:\/\/labochem.com.vn\/s\u1ea3n ph\u1ea9m\/dung-dich-ethidium-bromide-aqueous-10ml-e1510-10ml-sigma-aldrich\/","og_site_name":"C\u00f4ng ty TNHH LABOCHEM Vi\u1ec7t Nam","article_modified_time":"2020-05-11T07:39:53+00:00","og_image":[{"width":647,"height":655,"url":"https:\/\/labochem.com.vn\/wp-content\/uploads\/2020\/05\/4.1-2.jpg","type":"image\/jpeg"}],"twitter_card":"summary_large_image","schema":{"@context":"https:\/\/schema.org","@graph":[{"@type":"WebPage","@id":"https:\/\/labochem.com.vn\/s\u1ea3n ph\u1ea9m\/dung-dich-ethidium-bromide-aqueous-10ml-e1510-10ml-sigma-aldrich\/","url":"https:\/\/labochem.com.vn\/s\u1ea3n ph\u1ea9m\/dung-dich-ethidium-bromide-aqueous-10ml-e1510-10ml-sigma-aldrich\/","name":"[:vi]Dung d\u1ecbch Ethidium bromide aqueous (10ML) \u2013 E1510-10ML \u2013 Sigma Aldrich[:] - C\u00f4ng ty TNHH LABOCHEM Vi\u1ec7t Nam","isPartOf":{"@id":"https:\/\/labochem.com.vn\/#website"},"primaryImageOfPage":{"@id":"https:\/\/labochem.com.vn\/s\u1ea3n ph\u1ea9m\/dung-dich-ethidium-bromide-aqueous-10ml-e1510-10ml-sigma-aldrich\/#primaryimage"},"image":{"@id":"https:\/\/labochem.com.vn\/s\u1ea3n ph\u1ea9m\/dung-dich-ethidium-bromide-aqueous-10ml-e1510-10ml-sigma-aldrich\/#primaryimage"},"thumbnailUrl":"https:\/\/labochem.com.vn\/wp-content\/uploads\/2020\/05\/4.1-2.jpg","datePublished":"2020-05-11T03:57:46+00:00","dateModified":"2020-05-11T07:39:53+00:00","breadcrumb":{"@id":"https:\/\/labochem.com.vn\/s\u1ea3n ph\u1ea9m\/dung-dich-ethidium-bromide-aqueous-10ml-e1510-10ml-sigma-aldrich\/#breadcrumb"},"inLanguage":"en-US","potentialAction":[{"@type":"ReadAction","target":["https:\/\/labochem.com.vn\/s\u1ea3n ph\u1ea9m\/dung-dich-ethidium-bromide-aqueous-10ml-e1510-10ml-sigma-aldrich\/"]}]},{"@type":"ImageObject","inLanguage":"en-US","@id":"https:\/\/labochem.com.vn\/s\u1ea3n ph\u1ea9m\/dung-dich-ethidium-bromide-aqueous-10ml-e1510-10ml-sigma-aldrich\/#primaryimage","url":"https:\/\/labochem.com.vn\/wp-content\/uploads\/2020\/05\/4.1-2.jpg","contentUrl":"https:\/\/labochem.com.vn\/wp-content\/uploads\/2020\/05\/4.1-2.jpg","width":647,"height":655},{"@type":"BreadcrumbList","@id":"https:\/\/labochem.com.vn\/s\u1ea3n ph\u1ea9m\/dung-dich-ethidium-bromide-aqueous-10ml-e1510-10ml-sigma-aldrich\/#breadcrumb","itemListElement":[{"@type":"ListItem","position":1,"name":"Home","item":"https:\/\/labochem.com.vn\/"},{"@type":"ListItem","position":2,"name":"C\u1eeda h\u00e0ng","item":"https:\/\/labochem.com.vn\/mua\/"},{"@type":"ListItem","position":3,"name":"Dung d\u1ecbch Ethidium bromide aqueous (10ML) \u2013 E1510-10ML \u2013 Sigma Aldrich"}]},{"@type":"WebSite","@id":"https:\/\/labochem.com.vn\/#website","url":"https:\/\/labochem.com.vn\/","name":"C\u00f4ng ty TNHH LABOCHEM Vi\u1ec7t Nam","description":"M\u1ed9t trang web m\u1edbi s\u1eed d\u1ee5ng WordPress","potentialAction":[{"@type":"SearchAction","target":{"@type":"EntryPoint","urlTemplate":"https:\/\/labochem.com.vn\/?s={search_term_string}"},"query-input":"required name=search_term_string"}],"inLanguage":"en-US"}]}},"_links":{"self":[{"href":"https:\/\/labochem.com.vn\/en\/wp-json\/wp\/v2\/product\/589"}],"collection":[{"href":"https:\/\/labochem.com.vn\/en\/wp-json\/wp\/v2\/product"}],"about":[{"href":"https:\/\/labochem.com.vn\/en\/wp-json\/wp\/v2\/types\/product"}],"replies":[{"embeddable":true,"href":"https:\/\/labochem.com.vn\/en\/wp-json\/wp\/v2\/comments?post=589"}],"wp:featuredmedia":[{"embeddable":true,"href":"https:\/\/labochem.com.vn\/en\/wp-json\/wp\/v2\/media\/593"}],"wp:attachment":[{"href":"https:\/\/labochem.com.vn\/en\/wp-json\/wp\/v2\/media?parent=589"}],"wp:term":[{"taxonomy":"product_cat","embeddable":true,"href":"https:\/\/labochem.com.vn\/en\/wp-json\/wp\/v2\/product_cat?post=589"},{"taxonomy":"product_tag","embeddable":true,"href":"https:\/\/labochem.com.vn\/en\/wp-json\/wp\/v2\/product_tag?post=589"}],"curies":[{"name":"wp","href":"https:\/\/api.w.org\/{rel}","templated":true}]}}