{"id":585,"date":"2020-05-11T03:48:14","date_gmt":"2020-05-11T03:48:14","guid":{"rendered":"https:\/\/labochem.com.vn\/?post_type=product&#038;p=585"},"modified":"2020-05-11T03:48:15","modified_gmt":"2020-05-11T03:48:15","slug":"hoa-chat-ursolic-acid-sigma-aldrich","status":"publish","type":"product","link":"https:\/\/labochem.com.vn\/en\/s\u1ea3n ph\u1ea9m\/hoa-chat-ursolic-acid-sigma-aldrich\/","title":{"rendered":"(Ti\u1ebfng Vi\u1ec7t) H\u00f3a ch\u1ea5t Ursolic acid \u2013 Sigma Aldrich"},"content":{"rendered":"","protected":false},"excerpt":{"rendered":"<p class=\"qtranxs-available-languages-message qtranxs-available-languages-message-en\">Sorry, this entry is only available in <a href=\"https:\/\/labochem.com.vn\/vi\/wp-json\/wp\/v2\/product\/585\" class=\"qtranxs-available-language-link qtranxs-available-language-link-vi\" title=\"Ti\u1ebfng Vi\u1ec7t\">Ti\u1ebfng Vi\u1ec7t<\/a>.<\/p>\n","protected":false},"featured_media":586,"comment_status":"open","ping_status":"closed","template":"","meta":[],"product_cat":[202],"product_tag":[205],"yoast_head":"<!-- This site is optimized with the Yoast SEO plugin v22.6 - https:\/\/yoast.com\/wordpress\/plugins\/seo\/ -->\n<title><\/title>\n<meta name=\"robots\" content=\"index, follow, max-snippet:-1, max-image-preview:large, max-video-preview:-1\" \/>\n<link rel=\"canonical\" href=\"https:\/\/labochem.com.vn\/s\u1ea3n%20ph\u1ea9m\/hoa-chat-ursolic-acid-sigma-aldrich\/\" \/>\n<meta property=\"og:locale\" content=\"en_US\" \/>\n<meta property=\"og:type\" content=\"article\" \/>\n<meta property=\"og:title\" content=\"[:vi]H\u00f3a ch\u1ea5t Ursolic acid \u2013 Sigma Aldrich[:] - C\u00f4ng ty TNHH LABOCHEM Vi\u1ec7t Nam\" \/>\n<meta property=\"og:description\" content=\"[:vi]T\u00ean s\u1ea3n ph\u1ea9m:\u00a0H\u00f3a ch\u1ea5t Ursolic acid \u2013 Sigma Aldrich   M\u00e3 s\u1ea3n ph\u1ea9m: U6753  Th\u01b0\u01a1ng hi\u1ec7u: Sigma Aldrich \u2013 M\u1ef9  \u1ee8ng d\u1ee5ng s\u1ea3n ph\u1ea9m H\u00f3a ch\u1ea5t Ursolic acid \u2013 Sigma Aldrich   Axit Ursolic (UA) l\u00e0 m\u1ed9t axit triterpenoic hydroxyl pentacyclic (HPTA), c\u00f3 t\u00e1c d\u1ee5ng ch\u1ed1ng vi khu\u1ea9n, ch\u1ed1ng ung th\u01b0,\u00a0t\u00e1c\u00a0d\u1ee5ng ch\u1ed1ng oxy h\u00f3a v\u00e0 ch\u1ed1ng vi\u00eam.  N\u00f3 c\u0169ng c\u00f3 th\u1ec3 th\u00fac \u0111\u1ea9y qu\u00e1 tr\u00ecnh t\u00e1i t\u1ea1o th\u1ea7n kinh sau ch\u1ea5n th\u01b0\u01a1ng d\u00e2y th\u1ea7n kinh ngo\u1ea1i bi\u00ean.  UA c\u00f3 th\u1ec3 t\u0103ng c\u01b0\u1eddng th\u1eddi gian ng\u1ee7 b\u1eb1ng c\u00e1ch k\u00edch ho\u1ea1t h\u1ec7 th\u1ed1ng d\u1eabn truy\u1ec1n th\u1ea7n kinh GABAergic.\u00a0[GABA = axit amin-aminobutyric]  UA \u0111\u00e3 \u0111\u01b0\u1ee3c s\u1eed d\u1ee5ng \u0111\u1ec3 nghi\u00ean c\u1ee9u vai tr\u00f2 b\u1ea3o v\u1ec7 c\u00f3 th\u1ec3 c\u1ee7a n\u00f3 ch\u1ed1ng l\u1ea1i \u0111\u1ed9c t\u00ednh k\u00edch th\u00edch do kainate g\u00e2y ra.  Ho\u1ea1t \u0111\u1ed9ng sinh h\u00f3a\/v\u1eadt l\u00fd   Triterpenoid \u0111\u01b0\u1ee3c t\u00ecm th\u1ea5y trong nhi\u1ec1u lo\u1ea1i tr\u00e1i c\u00e2y, bao g\u1ed3m c\u1ea3 t\u00e1o.  Theo nghi\u00ean c\u1ee9u nh\u01b0 m\u1ed9t b\u1ec7nh Alzheimer ti\u1ec1m n\u0103ng \u0111i\u1ec1u tr\u1ecb do t\u00e1c d\u1ee5ng \u1ee9c ch\u1ebf c\u1ee7a n\u00f3 \u0111\u1ed1i v\u1edbi s\u1ef1 t\u01b0\u01a1ng t\u00e1c gi\u1eefa amyloid-v\u00e0 th\u1ee5 th\u1ec3 CD36. [:]\" \/>\n<meta property=\"og:url\" content=\"https:\/\/labochem.com.vn\/s\u1ea3n ph\u1ea9m\/hoa-chat-ursolic-acid-sigma-aldrich\/\" \/>\n<meta property=\"og:site_name\" content=\"C\u00f4ng ty TNHH LABOCHEM Vi\u1ec7t Nam\" \/>\n<meta property=\"article:modified_time\" content=\"2020-05-11T03:48:15+00:00\" \/>\n<meta property=\"og:image\" content=\"https:\/\/labochem.com.vn\/wp-content\/uploads\/2020\/05\/2.2-1.jpg\" \/>\n\t<meta property=\"og:image:width\" content=\"537\" \/>\n\t<meta property=\"og:image:height\" content=\"556\" \/>\n\t<meta property=\"og:image:type\" content=\"image\/jpeg\" \/>\n<meta name=\"twitter:card\" content=\"summary_large_image\" \/>\n<script type=\"application\/ld+json\" class=\"yoast-schema-graph\">{\"@context\":\"https:\/\/schema.org\",\"@graph\":[{\"@type\":\"WebPage\",\"@id\":\"https:\/\/labochem.com.vn\/s\u1ea3n ph\u1ea9m\/hoa-chat-ursolic-acid-sigma-aldrich\/\",\"url\":\"https:\/\/labochem.com.vn\/s\u1ea3n ph\u1ea9m\/hoa-chat-ursolic-acid-sigma-aldrich\/\",\"name\":\"[:vi]H\u00f3a ch\u1ea5t Ursolic acid \u2013 Sigma Aldrich[:] - C\u00f4ng ty TNHH LABOCHEM Vi\u1ec7t Nam\",\"isPartOf\":{\"@id\":\"https:\/\/labochem.com.vn\/#website\"},\"primaryImageOfPage\":{\"@id\":\"https:\/\/labochem.com.vn\/s\u1ea3n ph\u1ea9m\/hoa-chat-ursolic-acid-sigma-aldrich\/#primaryimage\"},\"image\":{\"@id\":\"https:\/\/labochem.com.vn\/s\u1ea3n ph\u1ea9m\/hoa-chat-ursolic-acid-sigma-aldrich\/#primaryimage\"},\"thumbnailUrl\":\"https:\/\/labochem.com.vn\/wp-content\/uploads\/2020\/05\/2.2-1.jpg\",\"datePublished\":\"2020-05-11T03:48:14+00:00\",\"dateModified\":\"2020-05-11T03:48:15+00:00\",\"breadcrumb\":{\"@id\":\"https:\/\/labochem.com.vn\/s\u1ea3n ph\u1ea9m\/hoa-chat-ursolic-acid-sigma-aldrich\/#breadcrumb\"},\"inLanguage\":\"en-US\",\"potentialAction\":[{\"@type\":\"ReadAction\",\"target\":[\"https:\/\/labochem.com.vn\/s\u1ea3n ph\u1ea9m\/hoa-chat-ursolic-acid-sigma-aldrich\/\"]}]},{\"@type\":\"ImageObject\",\"inLanguage\":\"en-US\",\"@id\":\"https:\/\/labochem.com.vn\/s\u1ea3n ph\u1ea9m\/hoa-chat-ursolic-acid-sigma-aldrich\/#primaryimage\",\"url\":\"https:\/\/labochem.com.vn\/wp-content\/uploads\/2020\/05\/2.2-1.jpg\",\"contentUrl\":\"https:\/\/labochem.com.vn\/wp-content\/uploads\/2020\/05\/2.2-1.jpg\",\"width\":537,\"height\":556},{\"@type\":\"BreadcrumbList\",\"@id\":\"https:\/\/labochem.com.vn\/s\u1ea3n ph\u1ea9m\/hoa-chat-ursolic-acid-sigma-aldrich\/#breadcrumb\",\"itemListElement\":[{\"@type\":\"ListItem\",\"position\":1,\"name\":\"Home\",\"item\":\"https:\/\/labochem.com.vn\/\"},{\"@type\":\"ListItem\",\"position\":2,\"name\":\"C\u1eeda h\u00e0ng\",\"item\":\"https:\/\/labochem.com.vn\/mua\/\"},{\"@type\":\"ListItem\",\"position\":3,\"name\":\"H\u00f3a ch\u1ea5t Ursolic acid \u2013 Sigma Aldrich\"}]},{\"@type\":\"WebSite\",\"@id\":\"https:\/\/labochem.com.vn\/#website\",\"url\":\"https:\/\/labochem.com.vn\/\",\"name\":\"C\u00f4ng ty TNHH LABOCHEM Vi\u1ec7t Nam\",\"description\":\"M\u1ed9t trang web m\u1edbi s\u1eed d\u1ee5ng WordPress\",\"potentialAction\":[{\"@type\":\"SearchAction\",\"target\":{\"@type\":\"EntryPoint\",\"urlTemplate\":\"https:\/\/labochem.com.vn\/?s={search_term_string}\"},\"query-input\":\"required name=search_term_string\"}],\"inLanguage\":\"en-US\"}]}<\/script>\n<!-- \/ Yoast SEO plugin. -->","yoast_head_json":{"title":"[:vi]H\u00f3a ch\u1ea5t Ursolic acid \u2013 Sigma Aldrich[:] - C\u00f4ng ty TNHH LABOCHEM Vi\u1ec7t Nam","robots":{"index":"index","follow":"follow","max-snippet":"max-snippet:-1","max-image-preview":"max-image-preview:large","max-video-preview":"max-video-preview:-1"},"canonical":"https:\/\/labochem.com.vn\/s\u1ea3n ph\u1ea9m\/hoa-chat-ursolic-acid-sigma-aldrich\/","og_locale":"en_US","og_type":"article","og_title":"[:vi]H\u00f3a ch\u1ea5t Ursolic acid \u2013 Sigma Aldrich[:] - C\u00f4ng ty TNHH LABOCHEM Vi\u1ec7t Nam","og_description":"[:vi]T\u00ean s\u1ea3n ph\u1ea9m:\u00a0H\u00f3a ch\u1ea5t Ursolic acid \u2013 Sigma Aldrich   M\u00e3 s\u1ea3n ph\u1ea9m: U6753  Th\u01b0\u01a1ng hi\u1ec7u: Sigma Aldrich \u2013 M\u1ef9  \u1ee8ng d\u1ee5ng s\u1ea3n ph\u1ea9m H\u00f3a ch\u1ea5t Ursolic acid \u2013 Sigma Aldrich   Axit Ursolic (UA) l\u00e0 m\u1ed9t axit triterpenoic hydroxyl pentacyclic (HPTA), c\u00f3 t\u00e1c d\u1ee5ng ch\u1ed1ng vi khu\u1ea9n, ch\u1ed1ng ung th\u01b0,\u00a0t\u00e1c\u00a0d\u1ee5ng ch\u1ed1ng oxy h\u00f3a v\u00e0 ch\u1ed1ng vi\u00eam.  N\u00f3 c\u0169ng c\u00f3 th\u1ec3 th\u00fac \u0111\u1ea9y qu\u00e1 tr\u00ecnh t\u00e1i t\u1ea1o th\u1ea7n kinh sau ch\u1ea5n th\u01b0\u01a1ng d\u00e2y th\u1ea7n kinh ngo\u1ea1i bi\u00ean.  UA c\u00f3 th\u1ec3 t\u0103ng c\u01b0\u1eddng th\u1eddi gian ng\u1ee7 b\u1eb1ng c\u00e1ch k\u00edch ho\u1ea1t h\u1ec7 th\u1ed1ng d\u1eabn truy\u1ec1n th\u1ea7n kinh GABAergic.\u00a0[GABA = axit amin-aminobutyric]  UA \u0111\u00e3 \u0111\u01b0\u1ee3c s\u1eed d\u1ee5ng \u0111\u1ec3 nghi\u00ean c\u1ee9u vai tr\u00f2 b\u1ea3o v\u1ec7 c\u00f3 th\u1ec3 c\u1ee7a n\u00f3 ch\u1ed1ng l\u1ea1i \u0111\u1ed9c t\u00ednh k\u00edch th\u00edch do kainate g\u00e2y ra.  Ho\u1ea1t \u0111\u1ed9ng sinh h\u00f3a\/v\u1eadt l\u00fd   Triterpenoid \u0111\u01b0\u1ee3c t\u00ecm th\u1ea5y trong nhi\u1ec1u lo\u1ea1i tr\u00e1i c\u00e2y, bao g\u1ed3m c\u1ea3 t\u00e1o.  Theo nghi\u00ean c\u1ee9u nh\u01b0 m\u1ed9t b\u1ec7nh Alzheimer ti\u1ec1m n\u0103ng \u0111i\u1ec1u tr\u1ecb do t\u00e1c d\u1ee5ng \u1ee9c ch\u1ebf c\u1ee7a n\u00f3 \u0111\u1ed1i v\u1edbi s\u1ef1 t\u01b0\u01a1ng t\u00e1c gi\u1eefa amyloid-v\u00e0 th\u1ee5 th\u1ec3 CD36. [:]","og_url":"https:\/\/labochem.com.vn\/s\u1ea3n ph\u1ea9m\/hoa-chat-ursolic-acid-sigma-aldrich\/","og_site_name":"C\u00f4ng ty TNHH LABOCHEM Vi\u1ec7t Nam","article_modified_time":"2020-05-11T03:48:15+00:00","og_image":[{"width":537,"height":556,"url":"https:\/\/labochem.com.vn\/wp-content\/uploads\/2020\/05\/2.2-1.jpg","type":"image\/jpeg"}],"twitter_card":"summary_large_image","schema":{"@context":"https:\/\/schema.org","@graph":[{"@type":"WebPage","@id":"https:\/\/labochem.com.vn\/s\u1ea3n ph\u1ea9m\/hoa-chat-ursolic-acid-sigma-aldrich\/","url":"https:\/\/labochem.com.vn\/s\u1ea3n ph\u1ea9m\/hoa-chat-ursolic-acid-sigma-aldrich\/","name":"[:vi]H\u00f3a ch\u1ea5t Ursolic acid \u2013 Sigma Aldrich[:] - C\u00f4ng ty TNHH LABOCHEM Vi\u1ec7t Nam","isPartOf":{"@id":"https:\/\/labochem.com.vn\/#website"},"primaryImageOfPage":{"@id":"https:\/\/labochem.com.vn\/s\u1ea3n ph\u1ea9m\/hoa-chat-ursolic-acid-sigma-aldrich\/#primaryimage"},"image":{"@id":"https:\/\/labochem.com.vn\/s\u1ea3n ph\u1ea9m\/hoa-chat-ursolic-acid-sigma-aldrich\/#primaryimage"},"thumbnailUrl":"https:\/\/labochem.com.vn\/wp-content\/uploads\/2020\/05\/2.2-1.jpg","datePublished":"2020-05-11T03:48:14+00:00","dateModified":"2020-05-11T03:48:15+00:00","breadcrumb":{"@id":"https:\/\/labochem.com.vn\/s\u1ea3n ph\u1ea9m\/hoa-chat-ursolic-acid-sigma-aldrich\/#breadcrumb"},"inLanguage":"en-US","potentialAction":[{"@type":"ReadAction","target":["https:\/\/labochem.com.vn\/s\u1ea3n ph\u1ea9m\/hoa-chat-ursolic-acid-sigma-aldrich\/"]}]},{"@type":"ImageObject","inLanguage":"en-US","@id":"https:\/\/labochem.com.vn\/s\u1ea3n ph\u1ea9m\/hoa-chat-ursolic-acid-sigma-aldrich\/#primaryimage","url":"https:\/\/labochem.com.vn\/wp-content\/uploads\/2020\/05\/2.2-1.jpg","contentUrl":"https:\/\/labochem.com.vn\/wp-content\/uploads\/2020\/05\/2.2-1.jpg","width":537,"height":556},{"@type":"BreadcrumbList","@id":"https:\/\/labochem.com.vn\/s\u1ea3n ph\u1ea9m\/hoa-chat-ursolic-acid-sigma-aldrich\/#breadcrumb","itemListElement":[{"@type":"ListItem","position":1,"name":"Home","item":"https:\/\/labochem.com.vn\/"},{"@type":"ListItem","position":2,"name":"C\u1eeda h\u00e0ng","item":"https:\/\/labochem.com.vn\/mua\/"},{"@type":"ListItem","position":3,"name":"H\u00f3a ch\u1ea5t Ursolic acid \u2013 Sigma Aldrich"}]},{"@type":"WebSite","@id":"https:\/\/labochem.com.vn\/#website","url":"https:\/\/labochem.com.vn\/","name":"C\u00f4ng ty TNHH LABOCHEM Vi\u1ec7t Nam","description":"M\u1ed9t trang web m\u1edbi s\u1eed d\u1ee5ng WordPress","potentialAction":[{"@type":"SearchAction","target":{"@type":"EntryPoint","urlTemplate":"https:\/\/labochem.com.vn\/?s={search_term_string}"},"query-input":"required name=search_term_string"}],"inLanguage":"en-US"}]}},"_links":{"self":[{"href":"https:\/\/labochem.com.vn\/en\/wp-json\/wp\/v2\/product\/585"}],"collection":[{"href":"https:\/\/labochem.com.vn\/en\/wp-json\/wp\/v2\/product"}],"about":[{"href":"https:\/\/labochem.com.vn\/en\/wp-json\/wp\/v2\/types\/product"}],"replies":[{"embeddable":true,"href":"https:\/\/labochem.com.vn\/en\/wp-json\/wp\/v2\/comments?post=585"}],"wp:featuredmedia":[{"embeddable":true,"href":"https:\/\/labochem.com.vn\/en\/wp-json\/wp\/v2\/media\/586"}],"wp:attachment":[{"href":"https:\/\/labochem.com.vn\/en\/wp-json\/wp\/v2\/media?parent=585"}],"wp:term":[{"taxonomy":"product_cat","embeddable":true,"href":"https:\/\/labochem.com.vn\/en\/wp-json\/wp\/v2\/product_cat?post=585"},{"taxonomy":"product_tag","embeddable":true,"href":"https:\/\/labochem.com.vn\/en\/wp-json\/wp\/v2\/product_tag?post=585"}],"curies":[{"name":"wp","href":"https:\/\/api.w.org\/{rel}","templated":true}]}}