{"id":566,"date":"2020-05-09T08:10:17","date_gmt":"2020-05-09T08:10:17","guid":{"rendered":"https:\/\/labochem.com.vn\/?post_type=product&#038;p=566"},"modified":"2020-05-09T08:10:18","modified_gmt":"2020-05-09T08:10:18","slug":"thuoc-do-do-min-model-241-3","status":"publish","type":"product","link":"https:\/\/labochem.com.vn\/en\/s\u1ea3n ph\u1ea9m\/thuoc-do-do-min-model-241-3\/","title":{"rendered":"(Ti\u1ebfng Vi\u1ec7t) Th\u01b0\u1edbc \u0111o \u0111\u1ed9 m\u1ecbn  Model: 241\/3"},"content":{"rendered":"","protected":false},"excerpt":{"rendered":"<p class=\"qtranxs-available-languages-message qtranxs-available-languages-message-en\">Sorry, this entry is only available in <a href=\"https:\/\/labochem.com.vn\/vi\/wp-json\/wp\/v2\/product\/566\" class=\"qtranxs-available-language-link qtranxs-available-language-link-vi\" title=\"Ti\u1ebfng Vi\u1ec7t\">Ti\u1ebfng Vi\u1ec7t<\/a>.<\/p>\n","protected":false},"featured_media":567,"comment_status":"open","ping_status":"closed","template":"","meta":[],"product_cat":[86],"product_tag":[199],"yoast_head":"<!-- This site is optimized with the Yoast SEO plugin v22.6 - https:\/\/yoast.com\/wordpress\/plugins\/seo\/ -->\n<title><\/title>\n<meta name=\"robots\" content=\"index, follow, max-snippet:-1, max-image-preview:large, max-video-preview:-1\" \/>\n<link rel=\"canonical\" href=\"https:\/\/labochem.com.vn\/en\/s\u1ea3n%20ph\u1ea9m\/thuoc-do-do-min-model-241-3\/\" \/>\n<meta property=\"og:locale\" content=\"en_US\" \/>\n<meta property=\"og:type\" content=\"article\" \/>\n<meta property=\"og:title\" content=\"[:vi]Th\u01b0\u1edbc \u0111o \u0111\u1ed9 m\u1ecbn Model: 241\/3[:] - C\u00f4ng ty TNHH LABOCHEM Vi\u1ec7t Nam\" \/>\n<meta property=\"og:description\" content=\"[:vi]Th\u01b0\u1edbc \u0111o \u0111\u1ed9 m\u1ecbn  Model: 241\/3  H\u00e3ng s\u1ea3n xu\u1ea5t: BIUGED  Th\u01b0\u1edbc l\u00e0m b\u1eb1ng th\u00e9p kh\u00f4ng g\u1ec9 c\u00f3 m\u1ed9t ho\u1eb7c hai r\u00e3nh v\u1edbi \u0111\u1ed9 s\u00e2u r\u00e3nh t\u0103ng d\u1ea7n. \u0110\u1ed9 s\u00e2u r\u00e3nh \u0111\u01b0\u1ee3c chia tr\u00ean kh\u1ed1i th\u00e9p theo m\u1ed9t ho\u1eb7c hai thang \u0111o \u0111\u01b0\u1ee3c s\u1eed d\u1ee5ng \u0111\u1ec3 \u0111o k\u00edch th\u01b0\u1edbc h\u1ea1t.  \u0110\u01a1n v\u1ecb t\u00ednh: Microns (\u03bcm) ho\u1eb7c Hegman (H)  Thi\u1ebft b\u1ecb \u0111\u01b0\u1ee3c s\u1ea3n xu\u1ea5t theo c\u00e1c ti\u00eau chu\u1ea9n: ISO 1524,\u00a0 ASTM D 3333, ASTM D 1210, ASTM D 1316, DIN EN 21524.[:]\" \/>\n<meta property=\"og:url\" content=\"https:\/\/labochem.com.vn\/en\/s\u1ea3n ph\u1ea9m\/thuoc-do-do-min-model-241-3\/\" \/>\n<meta property=\"og:site_name\" content=\"C\u00f4ng ty TNHH LABOCHEM Vi\u1ec7t Nam\" \/>\n<meta property=\"article:modified_time\" content=\"2020-05-09T08:10:18+00:00\" \/>\n<meta property=\"og:image\" content=\"https:\/\/labochem.com.vn\/wp-content\/uploads\/2020\/05\/th\u01b0\u1edbc-\u0111o-\u0111\u1ed9-m\u1ecbn-c\u1ee7a-s\u01a1n.png\" \/>\n\t<meta property=\"og:image:width\" content=\"300\" \/>\n\t<meta property=\"og:image:height\" content=\"300\" \/>\n\t<meta property=\"og:image:type\" content=\"image\/png\" \/>\n<meta name=\"twitter:card\" content=\"summary_large_image\" \/>\n<script type=\"application\/ld+json\" class=\"yoast-schema-graph\">{\"@context\":\"https:\/\/schema.org\",\"@graph\":[{\"@type\":\"WebPage\",\"@id\":\"https:\/\/labochem.com.vn\/en\/s\u1ea3n ph\u1ea9m\/thuoc-do-do-min-model-241-3\/\",\"url\":\"https:\/\/labochem.com.vn\/en\/s\u1ea3n ph\u1ea9m\/thuoc-do-do-min-model-241-3\/\",\"name\":\"[:vi]Th\u01b0\u1edbc \u0111o \u0111\u1ed9 m\u1ecbn Model: 241\/3[:] - C\u00f4ng ty TNHH LABOCHEM Vi\u1ec7t Nam\",\"isPartOf\":{\"@id\":\"https:\/\/labochem.com.vn\/#website\"},\"primaryImageOfPage\":{\"@id\":\"https:\/\/labochem.com.vn\/en\/s\u1ea3n ph\u1ea9m\/thuoc-do-do-min-model-241-3\/#primaryimage\"},\"image\":{\"@id\":\"https:\/\/labochem.com.vn\/en\/s\u1ea3n ph\u1ea9m\/thuoc-do-do-min-model-241-3\/#primaryimage\"},\"thumbnailUrl\":\"https:\/\/labochem.com.vn\/wp-content\/uploads\/2020\/05\/th\u01b0\u1edbc-\u0111o-\u0111\u1ed9-m\u1ecbn-c\u1ee7a-s\u01a1n.png\",\"datePublished\":\"2020-05-09T08:10:17+00:00\",\"dateModified\":\"2020-05-09T08:10:18+00:00\",\"breadcrumb\":{\"@id\":\"https:\/\/labochem.com.vn\/en\/s\u1ea3n ph\u1ea9m\/thuoc-do-do-min-model-241-3\/#breadcrumb\"},\"inLanguage\":\"en-US\",\"potentialAction\":[{\"@type\":\"ReadAction\",\"target\":[\"https:\/\/labochem.com.vn\/en\/s\u1ea3n ph\u1ea9m\/thuoc-do-do-min-model-241-3\/\"]}]},{\"@type\":\"ImageObject\",\"inLanguage\":\"en-US\",\"@id\":\"https:\/\/labochem.com.vn\/en\/s\u1ea3n ph\u1ea9m\/thuoc-do-do-min-model-241-3\/#primaryimage\",\"url\":\"https:\/\/labochem.com.vn\/wp-content\/uploads\/2020\/05\/th\u01b0\u1edbc-\u0111o-\u0111\u1ed9-m\u1ecbn-c\u1ee7a-s\u01a1n.png\",\"contentUrl\":\"https:\/\/labochem.com.vn\/wp-content\/uploads\/2020\/05\/th\u01b0\u1edbc-\u0111o-\u0111\u1ed9-m\u1ecbn-c\u1ee7a-s\u01a1n.png\",\"width\":300,\"height\":300},{\"@type\":\"BreadcrumbList\",\"@id\":\"https:\/\/labochem.com.vn\/en\/s\u1ea3n ph\u1ea9m\/thuoc-do-do-min-model-241-3\/#breadcrumb\",\"itemListElement\":[{\"@type\":\"ListItem\",\"position\":1,\"name\":\"Home\",\"item\":\"https:\/\/labochem.com.vn\/\"},{\"@type\":\"ListItem\",\"position\":2,\"name\":\"C\u1eeda h\u00e0ng\",\"item\":\"https:\/\/labochem.com.vn\/mua\/\"},{\"@type\":\"ListItem\",\"position\":3,\"name\":\"(Ti\u1ebfng Vi\u1ec7t) Th\u01b0\u1edbc \u0111o \u0111\u1ed9 m\u1ecbn Model: 241\/3\"}]},{\"@type\":\"WebSite\",\"@id\":\"https:\/\/labochem.com.vn\/#website\",\"url\":\"https:\/\/labochem.com.vn\/\",\"name\":\"C\u00f4ng ty TNHH LABOCHEM Vi\u1ec7t Nam\",\"description\":\"M\u1ed9t trang web m\u1edbi s\u1eed d\u1ee5ng WordPress\",\"potentialAction\":[{\"@type\":\"SearchAction\",\"target\":{\"@type\":\"EntryPoint\",\"urlTemplate\":\"https:\/\/labochem.com.vn\/?s={search_term_string}\"},\"query-input\":\"required name=search_term_string\"}],\"inLanguage\":\"en-US\"}]}<\/script>\n<!-- \/ Yoast SEO plugin. -->","yoast_head_json":{"title":"[:vi]Th\u01b0\u1edbc \u0111o \u0111\u1ed9 m\u1ecbn Model: 241\/3[:] - C\u00f4ng ty TNHH LABOCHEM Vi\u1ec7t Nam","robots":{"index":"index","follow":"follow","max-snippet":"max-snippet:-1","max-image-preview":"max-image-preview:large","max-video-preview":"max-video-preview:-1"},"canonical":"https:\/\/labochem.com.vn\/en\/s\u1ea3n ph\u1ea9m\/thuoc-do-do-min-model-241-3\/","og_locale":"en_US","og_type":"article","og_title":"[:vi]Th\u01b0\u1edbc \u0111o \u0111\u1ed9 m\u1ecbn Model: 241\/3[:] - C\u00f4ng ty TNHH LABOCHEM Vi\u1ec7t Nam","og_description":"[:vi]Th\u01b0\u1edbc \u0111o \u0111\u1ed9 m\u1ecbn  Model: 241\/3  H\u00e3ng s\u1ea3n xu\u1ea5t: BIUGED  Th\u01b0\u1edbc l\u00e0m b\u1eb1ng th\u00e9p kh\u00f4ng g\u1ec9 c\u00f3 m\u1ed9t ho\u1eb7c hai r\u00e3nh v\u1edbi \u0111\u1ed9 s\u00e2u r\u00e3nh t\u0103ng d\u1ea7n. \u0110\u1ed9 s\u00e2u r\u00e3nh \u0111\u01b0\u1ee3c chia tr\u00ean kh\u1ed1i th\u00e9p theo m\u1ed9t ho\u1eb7c hai thang \u0111o \u0111\u01b0\u1ee3c s\u1eed d\u1ee5ng \u0111\u1ec3 \u0111o k\u00edch th\u01b0\u1edbc h\u1ea1t.  \u0110\u01a1n v\u1ecb t\u00ednh: Microns (\u03bcm) ho\u1eb7c Hegman (H)  Thi\u1ebft b\u1ecb \u0111\u01b0\u1ee3c s\u1ea3n xu\u1ea5t theo c\u00e1c ti\u00eau chu\u1ea9n: ISO 1524,\u00a0 ASTM D 3333, ASTM D 1210, ASTM D 1316, DIN EN 21524.[:]","og_url":"https:\/\/labochem.com.vn\/en\/s\u1ea3n ph\u1ea9m\/thuoc-do-do-min-model-241-3\/","og_site_name":"C\u00f4ng ty TNHH LABOCHEM Vi\u1ec7t Nam","article_modified_time":"2020-05-09T08:10:18+00:00","og_image":[{"width":300,"height":300,"url":"https:\/\/labochem.com.vn\/wp-content\/uploads\/2020\/05\/th\u01b0\u1edbc-\u0111o-\u0111\u1ed9-m\u1ecbn-c\u1ee7a-s\u01a1n.png","type":"image\/png"}],"twitter_card":"summary_large_image","schema":{"@context":"https:\/\/schema.org","@graph":[{"@type":"WebPage","@id":"https:\/\/labochem.com.vn\/en\/s\u1ea3n ph\u1ea9m\/thuoc-do-do-min-model-241-3\/","url":"https:\/\/labochem.com.vn\/en\/s\u1ea3n ph\u1ea9m\/thuoc-do-do-min-model-241-3\/","name":"[:vi]Th\u01b0\u1edbc \u0111o \u0111\u1ed9 m\u1ecbn Model: 241\/3[:] - C\u00f4ng ty TNHH LABOCHEM Vi\u1ec7t Nam","isPartOf":{"@id":"https:\/\/labochem.com.vn\/#website"},"primaryImageOfPage":{"@id":"https:\/\/labochem.com.vn\/en\/s\u1ea3n ph\u1ea9m\/thuoc-do-do-min-model-241-3\/#primaryimage"},"image":{"@id":"https:\/\/labochem.com.vn\/en\/s\u1ea3n ph\u1ea9m\/thuoc-do-do-min-model-241-3\/#primaryimage"},"thumbnailUrl":"https:\/\/labochem.com.vn\/wp-content\/uploads\/2020\/05\/th\u01b0\u1edbc-\u0111o-\u0111\u1ed9-m\u1ecbn-c\u1ee7a-s\u01a1n.png","datePublished":"2020-05-09T08:10:17+00:00","dateModified":"2020-05-09T08:10:18+00:00","breadcrumb":{"@id":"https:\/\/labochem.com.vn\/en\/s\u1ea3n ph\u1ea9m\/thuoc-do-do-min-model-241-3\/#breadcrumb"},"inLanguage":"en-US","potentialAction":[{"@type":"ReadAction","target":["https:\/\/labochem.com.vn\/en\/s\u1ea3n ph\u1ea9m\/thuoc-do-do-min-model-241-3\/"]}]},{"@type":"ImageObject","inLanguage":"en-US","@id":"https:\/\/labochem.com.vn\/en\/s\u1ea3n ph\u1ea9m\/thuoc-do-do-min-model-241-3\/#primaryimage","url":"https:\/\/labochem.com.vn\/wp-content\/uploads\/2020\/05\/th\u01b0\u1edbc-\u0111o-\u0111\u1ed9-m\u1ecbn-c\u1ee7a-s\u01a1n.png","contentUrl":"https:\/\/labochem.com.vn\/wp-content\/uploads\/2020\/05\/th\u01b0\u1edbc-\u0111o-\u0111\u1ed9-m\u1ecbn-c\u1ee7a-s\u01a1n.png","width":300,"height":300},{"@type":"BreadcrumbList","@id":"https:\/\/labochem.com.vn\/en\/s\u1ea3n ph\u1ea9m\/thuoc-do-do-min-model-241-3\/#breadcrumb","itemListElement":[{"@type":"ListItem","position":1,"name":"Home","item":"https:\/\/labochem.com.vn\/"},{"@type":"ListItem","position":2,"name":"C\u1eeda h\u00e0ng","item":"https:\/\/labochem.com.vn\/mua\/"},{"@type":"ListItem","position":3,"name":"(Ti\u1ebfng Vi\u1ec7t) Th\u01b0\u1edbc \u0111o \u0111\u1ed9 m\u1ecbn Model: 241\/3"}]},{"@type":"WebSite","@id":"https:\/\/labochem.com.vn\/#website","url":"https:\/\/labochem.com.vn\/","name":"C\u00f4ng ty TNHH LABOCHEM Vi\u1ec7t Nam","description":"M\u1ed9t trang web m\u1edbi s\u1eed d\u1ee5ng WordPress","potentialAction":[{"@type":"SearchAction","target":{"@type":"EntryPoint","urlTemplate":"https:\/\/labochem.com.vn\/?s={search_term_string}"},"query-input":"required name=search_term_string"}],"inLanguage":"en-US"}]}},"_links":{"self":[{"href":"https:\/\/labochem.com.vn\/en\/wp-json\/wp\/v2\/product\/566"}],"collection":[{"href":"https:\/\/labochem.com.vn\/en\/wp-json\/wp\/v2\/product"}],"about":[{"href":"https:\/\/labochem.com.vn\/en\/wp-json\/wp\/v2\/types\/product"}],"replies":[{"embeddable":true,"href":"https:\/\/labochem.com.vn\/en\/wp-json\/wp\/v2\/comments?post=566"}],"wp:featuredmedia":[{"embeddable":true,"href":"https:\/\/labochem.com.vn\/en\/wp-json\/wp\/v2\/media\/567"}],"wp:attachment":[{"href":"https:\/\/labochem.com.vn\/en\/wp-json\/wp\/v2\/media?parent=566"}],"wp:term":[{"taxonomy":"product_cat","embeddable":true,"href":"https:\/\/labochem.com.vn\/en\/wp-json\/wp\/v2\/product_cat?post=566"},{"taxonomy":"product_tag","embeddable":true,"href":"https:\/\/labochem.com.vn\/en\/wp-json\/wp\/v2\/product_tag?post=566"}],"curies":[{"name":"wp","href":"https:\/\/api.w.org\/{rel}","templated":true}]}}