{"id":563,"date":"2020-05-09T08:08:34","date_gmt":"2020-05-09T08:08:34","guid":{"rendered":"https:\/\/labochem.com.vn\/?post_type=product&#038;p=563"},"modified":"2020-05-23T02:43:04","modified_gmt":"2020-05-23T02:43:04","slug":"coc-do-ty-trong-model-296-5","status":"publish","type":"product","link":"https:\/\/labochem.com.vn\/en\/s\u1ea3n ph\u1ea9m\/coc-do-ty-trong-model-296-5\/","title":{"rendered":"(Ti\u1ebfng Vi\u1ec7t) C\u1ed1c \u0111o t\u1ef7 tr\u1ecdng  Model: 296\/5"},"content":{"rendered":"","protected":false},"excerpt":{"rendered":"<p class=\"qtranxs-available-languages-message qtranxs-available-languages-message-en\">Sorry, this entry is only available in <a href=\"https:\/\/labochem.com.vn\/vi\/wp-json\/wp\/v2\/product\/563\" class=\"qtranxs-available-language-link qtranxs-available-language-link-vi\" title=\"Ti\u1ebfng Vi\u1ec7t\">Ti\u1ebfng Vi\u1ec7t<\/a>.<\/p>\n","protected":false},"featured_media":564,"comment_status":"open","ping_status":"closed","template":"","meta":[],"product_cat":[86],"product_tag":[198],"yoast_head":"<!-- This site is optimized with the Yoast SEO plugin v22.6 - https:\/\/yoast.com\/wordpress\/plugins\/seo\/ -->\n<title><\/title>\n<meta name=\"robots\" content=\"index, follow, max-snippet:-1, max-image-preview:large, max-video-preview:-1\" \/>\n<link rel=\"canonical\" href=\"https:\/\/labochem.com.vn\/en\/s\u1ea3n%20ph\u1ea9m\/coc-do-ty-trong-model-296-5\/\" \/>\n<meta property=\"og:locale\" content=\"en_US\" \/>\n<meta property=\"og:type\" content=\"article\" \/>\n<meta property=\"og:title\" content=\"[:vi]C\u1ed1c \u0111o t\u1ef7 tr\u1ecdng Model: 296\/5[:] - C\u00f4ng ty TNHH LABOCHEM Vi\u1ec7t Nam\" \/>\n<meta property=\"og:description\" content=\"[:vi]      C\u1ed1c \u0111o t\u1ef7 tr\u1ecdng Model: 296\/5 H\u00e3ng s\u1ea3n xu\u1ea5t: BIUGED . Gi\u1edbi thi\u1ec7u v\u1ec1 c\u1ed1c \u0111o t\u1ef7 tr\u1ecdng BGD 296 h\u00e3ng Biuged: \u2013 C\u1ed1c \u0111o t\u1ef7 tr\u1ecdng (Specific Gravity Cups) BGD 296 h\u00e3ng Biuged l\u00e0 d\u1ee5ng c\u1ee5 \u0111\u01b0\u1ee3c d\u00f9ng nhi\u1ec1u trong ph\u00f2ng th\u00ed nghi\u1ec7m \u0111\u1ec3 x\u00e1c \u0111\u1ecbnh nhanh t\u1ef7 tr\u1ecdng c\u1ee7a ch\u1ea5t l\u1ecfng (kh\u1ed1i l\u01b0\u1ee3ng c\u1ee7a ch\u1ea5t l\u1ecfng tr\u00ean m\u1ed9t \u0111\u01a1n v\u1ecb th\u1ec3 t\u00edch) t\u1ea1i m\u1ed9t nhi\u1ec7t \u0111\u1ed9 nh\u1ea5t \u0111\u1ecbnh.   \u2013 C\u1ed1c \u0111o t\u1ef7 tr\u1ecdng BGD 296 \u0111\u01b0\u1ee3c l\u00e0m b\u1eb1ng th\u00e9p kh\u00f4ng g\u1ec9 ho\u1eb7c nh\u00f4m an\u1ed1t gi\u00fap x\u00e1c \u0111\u1ecbnh ch\u00ednh x\u00e1c t\u1ef7 tr\u1ecdng c\u1ee7a s\u01a1n, m\u1ef1c in v\u00e0 m\u1ed9t s\u1ed1 ch\u1ea5t l\u1ecfng kh\u00e1c v\u1edbi dung sai 0,1%. Th\u1eed nghi\u1ec7m \u0111\u01b0\u1ee3c th\u1ef1c hi\u1ec7n theo ti\u00eau chu\u1ea9n ISO \u1edf nhi\u1ec7t \u0111\u1ed9 l\u00e0: 23 \u00b1 2 \u2103.   \u2013 C\u1ed1c \u0111o t\u1ef7 tr\u1ecdng s\u01a1n c\u00f3 h\u00ecnh tr\u1ee5 v\u1edbi n\u1eafp \u0111\u1eady c\u00f3 m\u1ed9t l\u1ed7 \u0111\u1ec3 x\u1ea3 ch\u1ea5t l\u1ecfng d\u01b0 th\u1eeba v\u00e0 b\u1ecdt kh\u00ed sau khi \u0111\u1eady n\u1eafp gi\u00fap ph\u00e9p \u0111o \u0111\u01b0\u1ee3c ch\u00ednh x\u00e1c h\u01a1n.   \u2013 C\u1ed1c BGD 296 \u0111\u00e1p \u1ee9ng theo ti\u00eau chu\u1ea9n DIN 53217, ISO 2811 v\u00e0 BS 3900 A19.   \u00a0H\u01b0\u1edbng d\u1eabn s\u1eed d\u1ee5ng c\u1ed1c \u0111o t\u1ef7 tr\u1ecdng s\u01a1n h\u00e3ng Biuged: \u2013 L\u00e0m s\u1ea1ch c\u1ed1c \u0111o t\u1ef7 tr\u1ecdng v\u00e0 c\u00e2n kh\u1ed1i l\u01b0\u1ee3ng c\u1ee7a c\u1ed1c ban \u0111\u1ea7u.   \u2013 S\u1eed d\u1ee5ng m\u1eabu ch\u1ea5t l\u1ecfng th\u1eed nghi\u1ec7m t\u1ea1i nhi\u1ec7t \u0111\u1ed9 20 \u2103 \u00b1 0.5 \u2103 (68 \u00b0 F \u00b1 1.0 \u00b0 F)   \u2013 \u0110\u1ed5 \u0111\u1ea7y m\u1eabu v\u00e0o c\u1ed1c \u0111o \u0111\u1ed9 nh\u1edbt BGD 296 r\u1ed3i \u0111\u1eady n\u1eafp. Ch\u1ea5t l\u1ecfng v\u00e0 b\u1ecdt kh\u00ed d\u01b0 th\u1eeba \u00e9p ra l\u1ed7 tr\u00ean n\u1eafp c\u1ed1c.   \u2013 Lau s\u1ea1ch ph\u1ea7n s\u01a1n d\u01b0 th\u1eeba r\u1ed3i \u0111em c\u1ed1c \u0111i c\u00e2n   \u2013 \u00c1p d\u1ee5ng c\u00f4ng th\u1ee9c \u0111\u1ec3 t\u00ednh ra t\u1ef7 tr\u1ecdng c\u1ee7a m\u1eabu                               [:]\" \/>\n<meta property=\"og:url\" content=\"https:\/\/labochem.com.vn\/en\/s\u1ea3n ph\u1ea9m\/coc-do-ty-trong-model-296-5\/\" \/>\n<meta property=\"og:site_name\" content=\"C\u00f4ng ty TNHH LABOCHEM Vi\u1ec7t Nam\" \/>\n<meta property=\"article:modified_time\" content=\"2020-05-23T02:43:04+00:00\" \/>\n<meta property=\"og:image\" content=\"https:\/\/labochem.com.vn\/wp-content\/uploads\/2020\/05\/c\u1ed1c-\u0111o-t\u1ef7-tr\u1ecdng.jpg\" \/>\n\t<meta property=\"og:image:width\" content=\"720\" \/>\n\t<meta property=\"og:image:height\" content=\"817\" \/>\n\t<meta property=\"og:image:type\" content=\"image\/jpeg\" \/>\n<meta name=\"twitter:card\" content=\"summary_large_image\" \/>\n<script type=\"application\/ld+json\" class=\"yoast-schema-graph\">{\"@context\":\"https:\/\/schema.org\",\"@graph\":[{\"@type\":\"WebPage\",\"@id\":\"https:\/\/labochem.com.vn\/en\/s\u1ea3n ph\u1ea9m\/coc-do-ty-trong-model-296-5\/\",\"url\":\"https:\/\/labochem.com.vn\/en\/s\u1ea3n ph\u1ea9m\/coc-do-ty-trong-model-296-5\/\",\"name\":\"[:vi]C\u1ed1c \u0111o t\u1ef7 tr\u1ecdng Model: 296\/5[:] - C\u00f4ng ty TNHH LABOCHEM Vi\u1ec7t Nam\",\"isPartOf\":{\"@id\":\"https:\/\/labochem.com.vn\/#website\"},\"primaryImageOfPage\":{\"@id\":\"https:\/\/labochem.com.vn\/en\/s\u1ea3n ph\u1ea9m\/coc-do-ty-trong-model-296-5\/#primaryimage\"},\"image\":{\"@id\":\"https:\/\/labochem.com.vn\/en\/s\u1ea3n ph\u1ea9m\/coc-do-ty-trong-model-296-5\/#primaryimage\"},\"thumbnailUrl\":\"https:\/\/labochem.com.vn\/wp-content\/uploads\/2020\/05\/c\u1ed1c-\u0111o-t\u1ef7-tr\u1ecdng.jpg\",\"datePublished\":\"2020-05-09T08:08:34+00:00\",\"dateModified\":\"2020-05-23T02:43:04+00:00\",\"breadcrumb\":{\"@id\":\"https:\/\/labochem.com.vn\/en\/s\u1ea3n ph\u1ea9m\/coc-do-ty-trong-model-296-5\/#breadcrumb\"},\"inLanguage\":\"en-US\",\"potentialAction\":[{\"@type\":\"ReadAction\",\"target\":[\"https:\/\/labochem.com.vn\/en\/s\u1ea3n ph\u1ea9m\/coc-do-ty-trong-model-296-5\/\"]}]},{\"@type\":\"ImageObject\",\"inLanguage\":\"en-US\",\"@id\":\"https:\/\/labochem.com.vn\/en\/s\u1ea3n ph\u1ea9m\/coc-do-ty-trong-model-296-5\/#primaryimage\",\"url\":\"https:\/\/labochem.com.vn\/wp-content\/uploads\/2020\/05\/c\u1ed1c-\u0111o-t\u1ef7-tr\u1ecdng.jpg\",\"contentUrl\":\"https:\/\/labochem.com.vn\/wp-content\/uploads\/2020\/05\/c\u1ed1c-\u0111o-t\u1ef7-tr\u1ecdng.jpg\",\"width\":720,\"height\":817},{\"@type\":\"BreadcrumbList\",\"@id\":\"https:\/\/labochem.com.vn\/en\/s\u1ea3n ph\u1ea9m\/coc-do-ty-trong-model-296-5\/#breadcrumb\",\"itemListElement\":[{\"@type\":\"ListItem\",\"position\":1,\"name\":\"Home\",\"item\":\"https:\/\/labochem.com.vn\/\"},{\"@type\":\"ListItem\",\"position\":2,\"name\":\"C\u1eeda h\u00e0ng\",\"item\":\"https:\/\/labochem.com.vn\/mua\/\"},{\"@type\":\"ListItem\",\"position\":3,\"name\":\"(Ti\u1ebfng Vi\u1ec7t) C\u1ed1c \u0111o t\u1ef7 tr\u1ecdng Model: 296\/5\"}]},{\"@type\":\"WebSite\",\"@id\":\"https:\/\/labochem.com.vn\/#website\",\"url\":\"https:\/\/labochem.com.vn\/\",\"name\":\"C\u00f4ng ty TNHH LABOCHEM Vi\u1ec7t Nam\",\"description\":\"M\u1ed9t trang web m\u1edbi s\u1eed d\u1ee5ng WordPress\",\"potentialAction\":[{\"@type\":\"SearchAction\",\"target\":{\"@type\":\"EntryPoint\",\"urlTemplate\":\"https:\/\/labochem.com.vn\/?s={search_term_string}\"},\"query-input\":\"required name=search_term_string\"}],\"inLanguage\":\"en-US\"}]}<\/script>\n<!-- \/ Yoast SEO plugin. -->","yoast_head_json":{"title":"[:vi]C\u1ed1c \u0111o t\u1ef7 tr\u1ecdng Model: 296\/5[:] - C\u00f4ng ty TNHH LABOCHEM Vi\u1ec7t Nam","robots":{"index":"index","follow":"follow","max-snippet":"max-snippet:-1","max-image-preview":"max-image-preview:large","max-video-preview":"max-video-preview:-1"},"canonical":"https:\/\/labochem.com.vn\/en\/s\u1ea3n ph\u1ea9m\/coc-do-ty-trong-model-296-5\/","og_locale":"en_US","og_type":"article","og_title":"[:vi]C\u1ed1c \u0111o t\u1ef7 tr\u1ecdng Model: 296\/5[:] - C\u00f4ng ty TNHH LABOCHEM Vi\u1ec7t Nam","og_description":"[:vi]      C\u1ed1c \u0111o t\u1ef7 tr\u1ecdng Model: 296\/5 H\u00e3ng s\u1ea3n xu\u1ea5t: BIUGED . Gi\u1edbi thi\u1ec7u v\u1ec1 c\u1ed1c \u0111o t\u1ef7 tr\u1ecdng BGD 296 h\u00e3ng Biuged: \u2013 C\u1ed1c \u0111o t\u1ef7 tr\u1ecdng (Specific Gravity Cups) BGD 296 h\u00e3ng Biuged l\u00e0 d\u1ee5ng c\u1ee5 \u0111\u01b0\u1ee3c d\u00f9ng nhi\u1ec1u trong ph\u00f2ng th\u00ed nghi\u1ec7m \u0111\u1ec3 x\u00e1c \u0111\u1ecbnh nhanh t\u1ef7 tr\u1ecdng c\u1ee7a ch\u1ea5t l\u1ecfng (kh\u1ed1i l\u01b0\u1ee3ng c\u1ee7a ch\u1ea5t l\u1ecfng tr\u00ean m\u1ed9t \u0111\u01a1n v\u1ecb th\u1ec3 t\u00edch) t\u1ea1i m\u1ed9t nhi\u1ec7t \u0111\u1ed9 nh\u1ea5t \u0111\u1ecbnh.   \u2013 C\u1ed1c \u0111o t\u1ef7 tr\u1ecdng BGD 296 \u0111\u01b0\u1ee3c l\u00e0m b\u1eb1ng th\u00e9p kh\u00f4ng g\u1ec9 ho\u1eb7c nh\u00f4m an\u1ed1t gi\u00fap x\u00e1c \u0111\u1ecbnh ch\u00ednh x\u00e1c t\u1ef7 tr\u1ecdng c\u1ee7a s\u01a1n, m\u1ef1c in v\u00e0 m\u1ed9t s\u1ed1 ch\u1ea5t l\u1ecfng kh\u00e1c v\u1edbi dung sai 0,1%. Th\u1eed nghi\u1ec7m \u0111\u01b0\u1ee3c th\u1ef1c hi\u1ec7n theo ti\u00eau chu\u1ea9n ISO \u1edf nhi\u1ec7t \u0111\u1ed9 l\u00e0: 23 \u00b1 2 \u2103.   \u2013 C\u1ed1c \u0111o t\u1ef7 tr\u1ecdng s\u01a1n c\u00f3 h\u00ecnh tr\u1ee5 v\u1edbi n\u1eafp \u0111\u1eady c\u00f3 m\u1ed9t l\u1ed7 \u0111\u1ec3 x\u1ea3 ch\u1ea5t l\u1ecfng d\u01b0 th\u1eeba v\u00e0 b\u1ecdt kh\u00ed sau khi \u0111\u1eady n\u1eafp gi\u00fap ph\u00e9p \u0111o \u0111\u01b0\u1ee3c ch\u00ednh x\u00e1c h\u01a1n.   \u2013 C\u1ed1c BGD 296 \u0111\u00e1p \u1ee9ng theo ti\u00eau chu\u1ea9n DIN 53217, ISO 2811 v\u00e0 BS 3900 A19.   \u00a0H\u01b0\u1edbng d\u1eabn s\u1eed d\u1ee5ng c\u1ed1c \u0111o t\u1ef7 tr\u1ecdng s\u01a1n h\u00e3ng Biuged: \u2013 L\u00e0m s\u1ea1ch c\u1ed1c \u0111o t\u1ef7 tr\u1ecdng v\u00e0 c\u00e2n kh\u1ed1i l\u01b0\u1ee3ng c\u1ee7a c\u1ed1c ban \u0111\u1ea7u.   \u2013 S\u1eed d\u1ee5ng m\u1eabu ch\u1ea5t l\u1ecfng th\u1eed nghi\u1ec7m t\u1ea1i nhi\u1ec7t \u0111\u1ed9 20 \u2103 \u00b1 0.5 \u2103 (68 \u00b0 F \u00b1 1.0 \u00b0 F)   \u2013 \u0110\u1ed5 \u0111\u1ea7y m\u1eabu v\u00e0o c\u1ed1c \u0111o \u0111\u1ed9 nh\u1edbt BGD 296 r\u1ed3i \u0111\u1eady n\u1eafp. Ch\u1ea5t l\u1ecfng v\u00e0 b\u1ecdt kh\u00ed d\u01b0 th\u1eeba \u00e9p ra l\u1ed7 tr\u00ean n\u1eafp c\u1ed1c.   \u2013 Lau s\u1ea1ch ph\u1ea7n s\u01a1n d\u01b0 th\u1eeba r\u1ed3i \u0111em c\u1ed1c \u0111i c\u00e2n   \u2013 \u00c1p d\u1ee5ng c\u00f4ng th\u1ee9c \u0111\u1ec3 t\u00ednh ra t\u1ef7 tr\u1ecdng c\u1ee7a m\u1eabu                               [:]","og_url":"https:\/\/labochem.com.vn\/en\/s\u1ea3n ph\u1ea9m\/coc-do-ty-trong-model-296-5\/","og_site_name":"C\u00f4ng ty TNHH LABOCHEM Vi\u1ec7t Nam","article_modified_time":"2020-05-23T02:43:04+00:00","og_image":[{"width":720,"height":817,"url":"https:\/\/labochem.com.vn\/wp-content\/uploads\/2020\/05\/c\u1ed1c-\u0111o-t\u1ef7-tr\u1ecdng.jpg","type":"image\/jpeg"}],"twitter_card":"summary_large_image","schema":{"@context":"https:\/\/schema.org","@graph":[{"@type":"WebPage","@id":"https:\/\/labochem.com.vn\/en\/s\u1ea3n ph\u1ea9m\/coc-do-ty-trong-model-296-5\/","url":"https:\/\/labochem.com.vn\/en\/s\u1ea3n ph\u1ea9m\/coc-do-ty-trong-model-296-5\/","name":"[:vi]C\u1ed1c \u0111o t\u1ef7 tr\u1ecdng Model: 296\/5[:] - C\u00f4ng ty TNHH LABOCHEM Vi\u1ec7t Nam","isPartOf":{"@id":"https:\/\/labochem.com.vn\/#website"},"primaryImageOfPage":{"@id":"https:\/\/labochem.com.vn\/en\/s\u1ea3n ph\u1ea9m\/coc-do-ty-trong-model-296-5\/#primaryimage"},"image":{"@id":"https:\/\/labochem.com.vn\/en\/s\u1ea3n ph\u1ea9m\/coc-do-ty-trong-model-296-5\/#primaryimage"},"thumbnailUrl":"https:\/\/labochem.com.vn\/wp-content\/uploads\/2020\/05\/c\u1ed1c-\u0111o-t\u1ef7-tr\u1ecdng.jpg","datePublished":"2020-05-09T08:08:34+00:00","dateModified":"2020-05-23T02:43:04+00:00","breadcrumb":{"@id":"https:\/\/labochem.com.vn\/en\/s\u1ea3n ph\u1ea9m\/coc-do-ty-trong-model-296-5\/#breadcrumb"},"inLanguage":"en-US","potentialAction":[{"@type":"ReadAction","target":["https:\/\/labochem.com.vn\/en\/s\u1ea3n ph\u1ea9m\/coc-do-ty-trong-model-296-5\/"]}]},{"@type":"ImageObject","inLanguage":"en-US","@id":"https:\/\/labochem.com.vn\/en\/s\u1ea3n ph\u1ea9m\/coc-do-ty-trong-model-296-5\/#primaryimage","url":"https:\/\/labochem.com.vn\/wp-content\/uploads\/2020\/05\/c\u1ed1c-\u0111o-t\u1ef7-tr\u1ecdng.jpg","contentUrl":"https:\/\/labochem.com.vn\/wp-content\/uploads\/2020\/05\/c\u1ed1c-\u0111o-t\u1ef7-tr\u1ecdng.jpg","width":720,"height":817},{"@type":"BreadcrumbList","@id":"https:\/\/labochem.com.vn\/en\/s\u1ea3n ph\u1ea9m\/coc-do-ty-trong-model-296-5\/#breadcrumb","itemListElement":[{"@type":"ListItem","position":1,"name":"Home","item":"https:\/\/labochem.com.vn\/"},{"@type":"ListItem","position":2,"name":"C\u1eeda h\u00e0ng","item":"https:\/\/labochem.com.vn\/mua\/"},{"@type":"ListItem","position":3,"name":"(Ti\u1ebfng Vi\u1ec7t) C\u1ed1c \u0111o t\u1ef7 tr\u1ecdng Model: 296\/5"}]},{"@type":"WebSite","@id":"https:\/\/labochem.com.vn\/#website","url":"https:\/\/labochem.com.vn\/","name":"C\u00f4ng ty TNHH LABOCHEM Vi\u1ec7t Nam","description":"M\u1ed9t trang web m\u1edbi s\u1eed d\u1ee5ng WordPress","potentialAction":[{"@type":"SearchAction","target":{"@type":"EntryPoint","urlTemplate":"https:\/\/labochem.com.vn\/?s={search_term_string}"},"query-input":"required name=search_term_string"}],"inLanguage":"en-US"}]}},"_links":{"self":[{"href":"https:\/\/labochem.com.vn\/en\/wp-json\/wp\/v2\/product\/563"}],"collection":[{"href":"https:\/\/labochem.com.vn\/en\/wp-json\/wp\/v2\/product"}],"about":[{"href":"https:\/\/labochem.com.vn\/en\/wp-json\/wp\/v2\/types\/product"}],"replies":[{"embeddable":true,"href":"https:\/\/labochem.com.vn\/en\/wp-json\/wp\/v2\/comments?post=563"}],"wp:featuredmedia":[{"embeddable":true,"href":"https:\/\/labochem.com.vn\/en\/wp-json\/wp\/v2\/media\/564"}],"wp:attachment":[{"href":"https:\/\/labochem.com.vn\/en\/wp-json\/wp\/v2\/media?parent=563"}],"wp:term":[{"taxonomy":"product_cat","embeddable":true,"href":"https:\/\/labochem.com.vn\/en\/wp-json\/wp\/v2\/product_cat?post=563"},{"taxonomy":"product_tag","embeddable":true,"href":"https:\/\/labochem.com.vn\/en\/wp-json\/wp\/v2\/product_tag?post=563"}],"curies":[{"name":"wp","href":"https:\/\/api.w.org\/{rel}","templated":true}]}}