{"id":561,"date":"2020-05-09T08:04:40","date_gmt":"2020-05-09T08:04:40","guid":{"rendered":"https:\/\/labochem.com.vn\/?post_type=product&#038;p=561"},"modified":"2020-05-25T03:10:19","modified_gmt":"2020-05-25T03:10:19","slug":"may-do-do-nhot-model-bgd-184","status":"publish","type":"product","link":"https:\/\/labochem.com.vn\/en\/s\u1ea3n ph\u1ea9m\/may-do-do-nhot-model-bgd-184\/","title":{"rendered":"(Ti\u1ebfng Vi\u1ec7t) M\u00e1y \u0111o \u0111\u1ed9 nh\u1edbt  Model: BGD 184"},"content":{"rendered":"","protected":false},"excerpt":{"rendered":"<p class=\"qtranxs-available-languages-message qtranxs-available-languages-message-en\">Sorry, this entry is only available in <a href=\"https:\/\/labochem.com.vn\/vi\/wp-json\/wp\/v2\/product\/561\" class=\"qtranxs-available-language-link qtranxs-available-language-link-vi\" title=\"Ti\u1ebfng Vi\u1ec7t\">Ti\u1ebfng Vi\u1ec7t<\/a>.<\/p>\n","protected":false},"featured_media":562,"comment_status":"open","ping_status":"closed","template":"","meta":[],"product_cat":[86],"product_tag":[197],"yoast_head":"<!-- This site is optimized with the Yoast SEO plugin v22.6 - https:\/\/yoast.com\/wordpress\/plugins\/seo\/ -->\n<title><\/title>\n<meta name=\"robots\" content=\"index, follow, max-snippet:-1, max-image-preview:large, max-video-preview:-1\" \/>\n<link rel=\"canonical\" href=\"https:\/\/labochem.com.vn\/en\/s\u1ea3n%20ph\u1ea9m\/may-do-do-nhot-model-bgd-184\/\" \/>\n<meta property=\"og:locale\" content=\"en_US\" \/>\n<meta property=\"og:type\" content=\"article\" \/>\n<meta property=\"og:title\" content=\"[:vi]M\u00e1y \u0111o \u0111\u1ed9 nh\u1edbt Model: BGD 184[:] - C\u00f4ng ty TNHH LABOCHEM Vi\u1ec7t Nam\" \/>\n<meta property=\"og:description\" content=\"[:vi]   M\u00e1y \u0111o \u0111\u1ed9 nh\u1edbt  Model: BGD 184   H\u00e3ng s\u1ea3n xu\u1ea5t: BIUGED  B\u1ea3o h\u00e0nh: 06 th\u00e1ng  - Ngu\u1ed3n \u0111i\u1ec7n\u00a0:\u00a0220V 50Hz  - K\u00edch th\u01b0\u1edbc c\u1ee7a c\u00e1nh khu\u1ea5y:\u00a054\u00d77,9\u00d70,8 mm  - K\u00edch th\u01b0\u1edbc c\u1ee7a l\u00e1 khu\u1ea5y :\u00a085 \u00d7 85mm.  - Tr\u1ecdng l\u01b0\u1ee3ng\u00a0:\u00a05g\u00a0~\u00a0500g  - Ph\u1ea1m vi \u0111o :\u00a053\u00a0~\u00a0141KU  - K\u00edch th\u01b0\u1edbc\u00a0:\u00a0220 \u00d7 220 \u00d7 390mm\u00a0(\u00a0d\u00e0i, chi\u1ec1u r\u1ed9ng, chi\u1ec1u cao\u00a0)  -Tr\u1ecdng l\u01b0\u1ee3ng\u00a0:\u00a010kg  &nbsp;   [:]\" \/>\n<meta property=\"og:url\" content=\"https:\/\/labochem.com.vn\/en\/s\u1ea3n ph\u1ea9m\/may-do-do-nhot-model-bgd-184\/\" \/>\n<meta property=\"og:site_name\" content=\"C\u00f4ng ty TNHH LABOCHEM Vi\u1ec7t Nam\" \/>\n<meta property=\"article:modified_time\" content=\"2020-05-25T03:10:19+00:00\" \/>\n<meta property=\"og:image\" content=\"https:\/\/labochem.com.vn\/wp-content\/uploads\/2020\/05\/thi\u1ebft-b\u1ecb-\u0111o-\u0111\u1ed9-nh\u1edbt.png\" \/>\n\t<meta property=\"og:image:width\" content=\"378\" \/>\n\t<meta property=\"og:image:height\" content=\"378\" \/>\n\t<meta property=\"og:image:type\" content=\"image\/png\" \/>\n<meta name=\"twitter:card\" content=\"summary_large_image\" \/>\n<script type=\"application\/ld+json\" class=\"yoast-schema-graph\">{\"@context\":\"https:\/\/schema.org\",\"@graph\":[{\"@type\":\"WebPage\",\"@id\":\"https:\/\/labochem.com.vn\/en\/s\u1ea3n ph\u1ea9m\/may-do-do-nhot-model-bgd-184\/\",\"url\":\"https:\/\/labochem.com.vn\/en\/s\u1ea3n ph\u1ea9m\/may-do-do-nhot-model-bgd-184\/\",\"name\":\"[:vi]M\u00e1y \u0111o \u0111\u1ed9 nh\u1edbt Model: BGD 184[:] - C\u00f4ng ty TNHH LABOCHEM Vi\u1ec7t Nam\",\"isPartOf\":{\"@id\":\"https:\/\/labochem.com.vn\/#website\"},\"primaryImageOfPage\":{\"@id\":\"https:\/\/labochem.com.vn\/en\/s\u1ea3n ph\u1ea9m\/may-do-do-nhot-model-bgd-184\/#primaryimage\"},\"image\":{\"@id\":\"https:\/\/labochem.com.vn\/en\/s\u1ea3n ph\u1ea9m\/may-do-do-nhot-model-bgd-184\/#primaryimage\"},\"thumbnailUrl\":\"https:\/\/labochem.com.vn\/wp-content\/uploads\/2020\/05\/thi\u1ebft-b\u1ecb-\u0111o-\u0111\u1ed9-nh\u1edbt.png\",\"datePublished\":\"2020-05-09T08:04:40+00:00\",\"dateModified\":\"2020-05-25T03:10:19+00:00\",\"breadcrumb\":{\"@id\":\"https:\/\/labochem.com.vn\/en\/s\u1ea3n ph\u1ea9m\/may-do-do-nhot-model-bgd-184\/#breadcrumb\"},\"inLanguage\":\"en-US\",\"potentialAction\":[{\"@type\":\"ReadAction\",\"target\":[\"https:\/\/labochem.com.vn\/en\/s\u1ea3n ph\u1ea9m\/may-do-do-nhot-model-bgd-184\/\"]}]},{\"@type\":\"ImageObject\",\"inLanguage\":\"en-US\",\"@id\":\"https:\/\/labochem.com.vn\/en\/s\u1ea3n ph\u1ea9m\/may-do-do-nhot-model-bgd-184\/#primaryimage\",\"url\":\"https:\/\/labochem.com.vn\/wp-content\/uploads\/2020\/05\/thi\u1ebft-b\u1ecb-\u0111o-\u0111\u1ed9-nh\u1edbt.png\",\"contentUrl\":\"https:\/\/labochem.com.vn\/wp-content\/uploads\/2020\/05\/thi\u1ebft-b\u1ecb-\u0111o-\u0111\u1ed9-nh\u1edbt.png\",\"width\":378,\"height\":378},{\"@type\":\"BreadcrumbList\",\"@id\":\"https:\/\/labochem.com.vn\/en\/s\u1ea3n ph\u1ea9m\/may-do-do-nhot-model-bgd-184\/#breadcrumb\",\"itemListElement\":[{\"@type\":\"ListItem\",\"position\":1,\"name\":\"Home\",\"item\":\"https:\/\/labochem.com.vn\/\"},{\"@type\":\"ListItem\",\"position\":2,\"name\":\"C\u1eeda h\u00e0ng\",\"item\":\"https:\/\/labochem.com.vn\/mua\/\"},{\"@type\":\"ListItem\",\"position\":3,\"name\":\"(Ti\u1ebfng Vi\u1ec7t) M\u00e1y \u0111o \u0111\u1ed9 nh\u1edbt Model: BGD 184\"}]},{\"@type\":\"WebSite\",\"@id\":\"https:\/\/labochem.com.vn\/#website\",\"url\":\"https:\/\/labochem.com.vn\/\",\"name\":\"C\u00f4ng ty TNHH LABOCHEM Vi\u1ec7t Nam\",\"description\":\"M\u1ed9t trang web m\u1edbi s\u1eed d\u1ee5ng WordPress\",\"potentialAction\":[{\"@type\":\"SearchAction\",\"target\":{\"@type\":\"EntryPoint\",\"urlTemplate\":\"https:\/\/labochem.com.vn\/?s={search_term_string}\"},\"query-input\":\"required name=search_term_string\"}],\"inLanguage\":\"en-US\"}]}<\/script>\n<!-- \/ Yoast SEO plugin. -->","yoast_head_json":{"title":"[:vi]M\u00e1y \u0111o \u0111\u1ed9 nh\u1edbt Model: BGD 184[:] - C\u00f4ng ty TNHH LABOCHEM Vi\u1ec7t Nam","robots":{"index":"index","follow":"follow","max-snippet":"max-snippet:-1","max-image-preview":"max-image-preview:large","max-video-preview":"max-video-preview:-1"},"canonical":"https:\/\/labochem.com.vn\/en\/s\u1ea3n ph\u1ea9m\/may-do-do-nhot-model-bgd-184\/","og_locale":"en_US","og_type":"article","og_title":"[:vi]M\u00e1y \u0111o \u0111\u1ed9 nh\u1edbt Model: BGD 184[:] - C\u00f4ng ty TNHH LABOCHEM Vi\u1ec7t Nam","og_description":"[:vi]   M\u00e1y \u0111o \u0111\u1ed9 nh\u1edbt  Model: BGD 184   H\u00e3ng s\u1ea3n xu\u1ea5t: BIUGED  B\u1ea3o h\u00e0nh: 06 th\u00e1ng  - Ngu\u1ed3n \u0111i\u1ec7n\u00a0:\u00a0220V 50Hz  - K\u00edch th\u01b0\u1edbc c\u1ee7a c\u00e1nh khu\u1ea5y:\u00a054\u00d77,9\u00d70,8 mm  - K\u00edch th\u01b0\u1edbc c\u1ee7a l\u00e1 khu\u1ea5y :\u00a085 \u00d7 85mm.  - Tr\u1ecdng l\u01b0\u1ee3ng\u00a0:\u00a05g\u00a0~\u00a0500g  - Ph\u1ea1m vi \u0111o :\u00a053\u00a0~\u00a0141KU  - K\u00edch th\u01b0\u1edbc\u00a0:\u00a0220 \u00d7 220 \u00d7 390mm\u00a0(\u00a0d\u00e0i, chi\u1ec1u r\u1ed9ng, chi\u1ec1u cao\u00a0)  -Tr\u1ecdng l\u01b0\u1ee3ng\u00a0:\u00a010kg  &nbsp;   [:]","og_url":"https:\/\/labochem.com.vn\/en\/s\u1ea3n ph\u1ea9m\/may-do-do-nhot-model-bgd-184\/","og_site_name":"C\u00f4ng ty TNHH LABOCHEM Vi\u1ec7t Nam","article_modified_time":"2020-05-25T03:10:19+00:00","og_image":[{"width":378,"height":378,"url":"https:\/\/labochem.com.vn\/wp-content\/uploads\/2020\/05\/thi\u1ebft-b\u1ecb-\u0111o-\u0111\u1ed9-nh\u1edbt.png","type":"image\/png"}],"twitter_card":"summary_large_image","schema":{"@context":"https:\/\/schema.org","@graph":[{"@type":"WebPage","@id":"https:\/\/labochem.com.vn\/en\/s\u1ea3n ph\u1ea9m\/may-do-do-nhot-model-bgd-184\/","url":"https:\/\/labochem.com.vn\/en\/s\u1ea3n ph\u1ea9m\/may-do-do-nhot-model-bgd-184\/","name":"[:vi]M\u00e1y \u0111o \u0111\u1ed9 nh\u1edbt Model: BGD 184[:] - C\u00f4ng ty TNHH LABOCHEM Vi\u1ec7t Nam","isPartOf":{"@id":"https:\/\/labochem.com.vn\/#website"},"primaryImageOfPage":{"@id":"https:\/\/labochem.com.vn\/en\/s\u1ea3n ph\u1ea9m\/may-do-do-nhot-model-bgd-184\/#primaryimage"},"image":{"@id":"https:\/\/labochem.com.vn\/en\/s\u1ea3n ph\u1ea9m\/may-do-do-nhot-model-bgd-184\/#primaryimage"},"thumbnailUrl":"https:\/\/labochem.com.vn\/wp-content\/uploads\/2020\/05\/thi\u1ebft-b\u1ecb-\u0111o-\u0111\u1ed9-nh\u1edbt.png","datePublished":"2020-05-09T08:04:40+00:00","dateModified":"2020-05-25T03:10:19+00:00","breadcrumb":{"@id":"https:\/\/labochem.com.vn\/en\/s\u1ea3n ph\u1ea9m\/may-do-do-nhot-model-bgd-184\/#breadcrumb"},"inLanguage":"en-US","potentialAction":[{"@type":"ReadAction","target":["https:\/\/labochem.com.vn\/en\/s\u1ea3n ph\u1ea9m\/may-do-do-nhot-model-bgd-184\/"]}]},{"@type":"ImageObject","inLanguage":"en-US","@id":"https:\/\/labochem.com.vn\/en\/s\u1ea3n ph\u1ea9m\/may-do-do-nhot-model-bgd-184\/#primaryimage","url":"https:\/\/labochem.com.vn\/wp-content\/uploads\/2020\/05\/thi\u1ebft-b\u1ecb-\u0111o-\u0111\u1ed9-nh\u1edbt.png","contentUrl":"https:\/\/labochem.com.vn\/wp-content\/uploads\/2020\/05\/thi\u1ebft-b\u1ecb-\u0111o-\u0111\u1ed9-nh\u1edbt.png","width":378,"height":378},{"@type":"BreadcrumbList","@id":"https:\/\/labochem.com.vn\/en\/s\u1ea3n ph\u1ea9m\/may-do-do-nhot-model-bgd-184\/#breadcrumb","itemListElement":[{"@type":"ListItem","position":1,"name":"Home","item":"https:\/\/labochem.com.vn\/"},{"@type":"ListItem","position":2,"name":"C\u1eeda h\u00e0ng","item":"https:\/\/labochem.com.vn\/mua\/"},{"@type":"ListItem","position":3,"name":"(Ti\u1ebfng Vi\u1ec7t) M\u00e1y \u0111o \u0111\u1ed9 nh\u1edbt Model: BGD 184"}]},{"@type":"WebSite","@id":"https:\/\/labochem.com.vn\/#website","url":"https:\/\/labochem.com.vn\/","name":"C\u00f4ng ty TNHH LABOCHEM Vi\u1ec7t Nam","description":"M\u1ed9t trang web m\u1edbi s\u1eed d\u1ee5ng WordPress","potentialAction":[{"@type":"SearchAction","target":{"@type":"EntryPoint","urlTemplate":"https:\/\/labochem.com.vn\/?s={search_term_string}"},"query-input":"required name=search_term_string"}],"inLanguage":"en-US"}]}},"_links":{"self":[{"href":"https:\/\/labochem.com.vn\/en\/wp-json\/wp\/v2\/product\/561"}],"collection":[{"href":"https:\/\/labochem.com.vn\/en\/wp-json\/wp\/v2\/product"}],"about":[{"href":"https:\/\/labochem.com.vn\/en\/wp-json\/wp\/v2\/types\/product"}],"replies":[{"embeddable":true,"href":"https:\/\/labochem.com.vn\/en\/wp-json\/wp\/v2\/comments?post=561"}],"wp:featuredmedia":[{"embeddable":true,"href":"https:\/\/labochem.com.vn\/en\/wp-json\/wp\/v2\/media\/562"}],"wp:attachment":[{"href":"https:\/\/labochem.com.vn\/en\/wp-json\/wp\/v2\/media?parent=561"}],"wp:term":[{"taxonomy":"product_cat","embeddable":true,"href":"https:\/\/labochem.com.vn\/en\/wp-json\/wp\/v2\/product_cat?post=561"},{"taxonomy":"product_tag","embeddable":true,"href":"https:\/\/labochem.com.vn\/en\/wp-json\/wp\/v2\/product_tag?post=561"}],"curies":[{"name":"wp","href":"https:\/\/api.w.org\/{rel}","templated":true}]}}