{"id":557,"date":"2020-05-09T07:39:43","date_gmt":"2020-05-09T07:39:43","guid":{"rendered":"https:\/\/labochem.com.vn\/?post_type=product&#038;p=557"},"modified":"2020-05-09T07:48:57","modified_gmt":"2020-05-09T07:48:57","slug":"may-chiet-mau-ban-tu-dong-loai-16-ong-mau","status":"publish","type":"product","link":"https:\/\/labochem.com.vn\/en\/s\u1ea3n ph\u1ea9m\/may-chiet-mau-ban-tu-dong-loai-16-ong-mau\/","title":{"rendered":"(Ti\u1ebfng Vi\u1ec7t) M\u00e1y chi\u1ebft m\u1ea7u b\u00e1n t\u1ef1 \u0111\u1ed9ng lo\u1ea1i 16 \u1ed1ng m\u1ea7u."},"content":{"rendered":"","protected":false},"excerpt":{"rendered":"<p class=\"qtranxs-available-languages-message qtranxs-available-languages-message-en\">Sorry, this entry is only available in <a href=\"https:\/\/labochem.com.vn\/vi\/wp-json\/wp\/v2\/product\/557\" class=\"qtranxs-available-language-link qtranxs-available-language-link-vi\" title=\"Ti\u1ebfng Vi\u1ec7t\">Ti\u1ebfng Vi\u1ec7t<\/a>.<\/p>\n","protected":false},"featured_media":559,"comment_status":"open","ping_status":"closed","template":"","meta":[],"product_cat":[86],"product_tag":[196],"yoast_head":"<!-- This site is optimized with the Yoast SEO plugin v22.6 - https:\/\/yoast.com\/wordpress\/plugins\/seo\/ -->\n<title><\/title>\n<meta name=\"robots\" content=\"index, follow, max-snippet:-1, max-image-preview:large, max-video-preview:-1\" \/>\n<link rel=\"canonical\" href=\"https:\/\/labochem.com.vn\/en\/s\u1ea3n%20ph\u1ea9m\/may-chiet-mau-ban-tu-dong-loai-16-ong-mau\/\" \/>\n<meta property=\"og:locale\" content=\"en_US\" \/>\n<meta property=\"og:type\" content=\"article\" \/>\n<meta property=\"og:title\" content=\"[:vi]M\u00e1y chi\u1ebft m\u1ea7u b\u00e1n t\u1ef1 \u0111\u1ed9ng lo\u1ea1i 16 \u1ed1ng m\u1ea7u.[:] - C\u00f4ng ty TNHH LABOCHEM Vi\u1ec7t Nam\" \/>\n<meta property=\"og:description\" content=\"[:vi]M\u00e1y chi\u1ebft m\u00e0u b\u00e1n t\u1ef1 \u0111\u1ed9ng lo\u1ea1i 16 \u1ed1ng m\u1ea7u.  Model: YS - 5A-1.7\/16  Xu\u1ea5t x\u1ee9: Trung Qu\u1ed1c  B\u1ea3o h\u00e0nh: 06 th\u00e1ng  - D\u00f9ng cho s\u01a1n n\u01b0\u1edbc ho\u1eb7c d\u1ea7u c\u00f3 16 \u1ed1ng m\u1ea7u.  - Th\u1ec3 t\u00edch \u1ed1ng \u0111\u1ef1ng:1.7litre (1700ml)  - T\u1ef7 l\u1ec7 \u0111\u1ea7u ra l\u1edbn nh\u1ea5t: 2y  - T\u1ec9 l\u1ec7 thang \uff1a29.574*1\/192, lo\u1ea1i b\u01a1m d\u00f9ng ki\u1ec3u \u0111\u01a1n.  - \u0110\u1ed9 ch\u00ednh x\u00e1c: 0.07ml=1\/384y v\u00e0 0.14ml=1\/192y  - Ngu\u1ed3n \u0111i\u1ec7n: 220V,50-60Hz,40W  - Ti\u1ebfng anh s\u1eed d\u1ee5ng v\u00e0 gi\u1eafc c\u1eafm ki\u1ec3u ch\u00e2u \u00e2u.  - K\u00edch th\u01b0\u1edbc m\u00e1y: 995(l)\u00d7955(w)\u00d7700(h)mm. Ki\u1ec7n h\u00e0ng trong th\u00f9ng g\u1ed7 ch\u1eafc ch\u1eafn \u0111\u1ec3 v\u1eadn chuy\u1ec3n.[:]\" \/>\n<meta property=\"og:url\" content=\"https:\/\/labochem.com.vn\/en\/s\u1ea3n ph\u1ea9m\/may-chiet-mau-ban-tu-dong-loai-16-ong-mau\/\" \/>\n<meta property=\"og:site_name\" content=\"C\u00f4ng ty TNHH LABOCHEM Vi\u1ec7t Nam\" \/>\n<meta property=\"article:modified_time\" content=\"2020-05-09T07:48:57+00:00\" \/>\n<meta property=\"og:image\" content=\"https:\/\/labochem.com.vn\/wp-content\/uploads\/2020\/05\/m\u00e1y-chi\u1ebft-16-\u1ed1ng-1.jpg\" \/>\n\t<meta property=\"og:image:width\" content=\"247\" \/>\n\t<meta property=\"og:image:height\" content=\"300\" \/>\n\t<meta property=\"og:image:type\" content=\"image\/jpeg\" \/>\n<meta name=\"twitter:card\" content=\"summary_large_image\" \/>\n<script type=\"application\/ld+json\" class=\"yoast-schema-graph\">{\"@context\":\"https:\/\/schema.org\",\"@graph\":[{\"@type\":\"WebPage\",\"@id\":\"https:\/\/labochem.com.vn\/en\/s\u1ea3n ph\u1ea9m\/may-chiet-mau-ban-tu-dong-loai-16-ong-mau\/\",\"url\":\"https:\/\/labochem.com.vn\/en\/s\u1ea3n ph\u1ea9m\/may-chiet-mau-ban-tu-dong-loai-16-ong-mau\/\",\"name\":\"[:vi]M\u00e1y chi\u1ebft m\u1ea7u b\u00e1n t\u1ef1 \u0111\u1ed9ng lo\u1ea1i 16 \u1ed1ng m\u1ea7u.[:] - C\u00f4ng ty TNHH LABOCHEM Vi\u1ec7t Nam\",\"isPartOf\":{\"@id\":\"https:\/\/labochem.com.vn\/#website\"},\"primaryImageOfPage\":{\"@id\":\"https:\/\/labochem.com.vn\/en\/s\u1ea3n ph\u1ea9m\/may-chiet-mau-ban-tu-dong-loai-16-ong-mau\/#primaryimage\"},\"image\":{\"@id\":\"https:\/\/labochem.com.vn\/en\/s\u1ea3n ph\u1ea9m\/may-chiet-mau-ban-tu-dong-loai-16-ong-mau\/#primaryimage\"},\"thumbnailUrl\":\"https:\/\/labochem.com.vn\/wp-content\/uploads\/2020\/05\/m\u00e1y-chi\u1ebft-16-\u1ed1ng-1.jpg\",\"datePublished\":\"2020-05-09T07:39:43+00:00\",\"dateModified\":\"2020-05-09T07:48:57+00:00\",\"breadcrumb\":{\"@id\":\"https:\/\/labochem.com.vn\/en\/s\u1ea3n ph\u1ea9m\/may-chiet-mau-ban-tu-dong-loai-16-ong-mau\/#breadcrumb\"},\"inLanguage\":\"en-US\",\"potentialAction\":[{\"@type\":\"ReadAction\",\"target\":[\"https:\/\/labochem.com.vn\/en\/s\u1ea3n ph\u1ea9m\/may-chiet-mau-ban-tu-dong-loai-16-ong-mau\/\"]}]},{\"@type\":\"ImageObject\",\"inLanguage\":\"en-US\",\"@id\":\"https:\/\/labochem.com.vn\/en\/s\u1ea3n ph\u1ea9m\/may-chiet-mau-ban-tu-dong-loai-16-ong-mau\/#primaryimage\",\"url\":\"https:\/\/labochem.com.vn\/wp-content\/uploads\/2020\/05\/m\u00e1y-chi\u1ebft-16-\u1ed1ng-1.jpg\",\"contentUrl\":\"https:\/\/labochem.com.vn\/wp-content\/uploads\/2020\/05\/m\u00e1y-chi\u1ebft-16-\u1ed1ng-1.jpg\",\"width\":247,\"height\":300},{\"@type\":\"BreadcrumbList\",\"@id\":\"https:\/\/labochem.com.vn\/en\/s\u1ea3n ph\u1ea9m\/may-chiet-mau-ban-tu-dong-loai-16-ong-mau\/#breadcrumb\",\"itemListElement\":[{\"@type\":\"ListItem\",\"position\":1,\"name\":\"Home\",\"item\":\"https:\/\/labochem.com.vn\/\"},{\"@type\":\"ListItem\",\"position\":2,\"name\":\"C\u1eeda h\u00e0ng\",\"item\":\"https:\/\/labochem.com.vn\/mua\/\"},{\"@type\":\"ListItem\",\"position\":3,\"name\":\"(Ti\u1ebfng Vi\u1ec7t) M\u00e1y chi\u1ebft m\u1ea7u b\u00e1n t\u1ef1 \u0111\u1ed9ng lo\u1ea1i 16 \u1ed1ng m\u1ea7u.\"}]},{\"@type\":\"WebSite\",\"@id\":\"https:\/\/labochem.com.vn\/#website\",\"url\":\"https:\/\/labochem.com.vn\/\",\"name\":\"C\u00f4ng ty TNHH LABOCHEM Vi\u1ec7t Nam\",\"description\":\"M\u1ed9t trang web m\u1edbi s\u1eed d\u1ee5ng WordPress\",\"potentialAction\":[{\"@type\":\"SearchAction\",\"target\":{\"@type\":\"EntryPoint\",\"urlTemplate\":\"https:\/\/labochem.com.vn\/?s={search_term_string}\"},\"query-input\":\"required name=search_term_string\"}],\"inLanguage\":\"en-US\"}]}<\/script>\n<!-- \/ Yoast SEO plugin. -->","yoast_head_json":{"title":"[:vi]M\u00e1y chi\u1ebft m\u1ea7u b\u00e1n t\u1ef1 \u0111\u1ed9ng lo\u1ea1i 16 \u1ed1ng m\u1ea7u.[:] - C\u00f4ng ty TNHH LABOCHEM Vi\u1ec7t Nam","robots":{"index":"index","follow":"follow","max-snippet":"max-snippet:-1","max-image-preview":"max-image-preview:large","max-video-preview":"max-video-preview:-1"},"canonical":"https:\/\/labochem.com.vn\/en\/s\u1ea3n ph\u1ea9m\/may-chiet-mau-ban-tu-dong-loai-16-ong-mau\/","og_locale":"en_US","og_type":"article","og_title":"[:vi]M\u00e1y chi\u1ebft m\u1ea7u b\u00e1n t\u1ef1 \u0111\u1ed9ng lo\u1ea1i 16 \u1ed1ng m\u1ea7u.[:] - C\u00f4ng ty TNHH LABOCHEM Vi\u1ec7t Nam","og_description":"[:vi]M\u00e1y chi\u1ebft m\u00e0u b\u00e1n t\u1ef1 \u0111\u1ed9ng lo\u1ea1i 16 \u1ed1ng m\u1ea7u.  Model: YS - 5A-1.7\/16  Xu\u1ea5t x\u1ee9: Trung Qu\u1ed1c  B\u1ea3o h\u00e0nh: 06 th\u00e1ng  - D\u00f9ng cho s\u01a1n n\u01b0\u1edbc ho\u1eb7c d\u1ea7u c\u00f3 16 \u1ed1ng m\u1ea7u.  - Th\u1ec3 t\u00edch \u1ed1ng \u0111\u1ef1ng:1.7litre (1700ml)  - T\u1ef7 l\u1ec7 \u0111\u1ea7u ra l\u1edbn nh\u1ea5t: 2y  - T\u1ec9 l\u1ec7 thang \uff1a29.574*1\/192, lo\u1ea1i b\u01a1m d\u00f9ng ki\u1ec3u \u0111\u01a1n.  - \u0110\u1ed9 ch\u00ednh x\u00e1c: 0.07ml=1\/384y v\u00e0 0.14ml=1\/192y  - Ngu\u1ed3n \u0111i\u1ec7n: 220V,50-60Hz,40W  - Ti\u1ebfng anh s\u1eed d\u1ee5ng v\u00e0 gi\u1eafc c\u1eafm ki\u1ec3u ch\u00e2u \u00e2u.  - K\u00edch th\u01b0\u1edbc m\u00e1y: 995(l)\u00d7955(w)\u00d7700(h)mm. Ki\u1ec7n h\u00e0ng trong th\u00f9ng g\u1ed7 ch\u1eafc ch\u1eafn \u0111\u1ec3 v\u1eadn chuy\u1ec3n.[:]","og_url":"https:\/\/labochem.com.vn\/en\/s\u1ea3n ph\u1ea9m\/may-chiet-mau-ban-tu-dong-loai-16-ong-mau\/","og_site_name":"C\u00f4ng ty TNHH LABOCHEM Vi\u1ec7t Nam","article_modified_time":"2020-05-09T07:48:57+00:00","og_image":[{"width":247,"height":300,"url":"https:\/\/labochem.com.vn\/wp-content\/uploads\/2020\/05\/m\u00e1y-chi\u1ebft-16-\u1ed1ng-1.jpg","type":"image\/jpeg"}],"twitter_card":"summary_large_image","schema":{"@context":"https:\/\/schema.org","@graph":[{"@type":"WebPage","@id":"https:\/\/labochem.com.vn\/en\/s\u1ea3n ph\u1ea9m\/may-chiet-mau-ban-tu-dong-loai-16-ong-mau\/","url":"https:\/\/labochem.com.vn\/en\/s\u1ea3n ph\u1ea9m\/may-chiet-mau-ban-tu-dong-loai-16-ong-mau\/","name":"[:vi]M\u00e1y chi\u1ebft m\u1ea7u b\u00e1n t\u1ef1 \u0111\u1ed9ng lo\u1ea1i 16 \u1ed1ng m\u1ea7u.[:] - C\u00f4ng ty TNHH LABOCHEM Vi\u1ec7t Nam","isPartOf":{"@id":"https:\/\/labochem.com.vn\/#website"},"primaryImageOfPage":{"@id":"https:\/\/labochem.com.vn\/en\/s\u1ea3n ph\u1ea9m\/may-chiet-mau-ban-tu-dong-loai-16-ong-mau\/#primaryimage"},"image":{"@id":"https:\/\/labochem.com.vn\/en\/s\u1ea3n ph\u1ea9m\/may-chiet-mau-ban-tu-dong-loai-16-ong-mau\/#primaryimage"},"thumbnailUrl":"https:\/\/labochem.com.vn\/wp-content\/uploads\/2020\/05\/m\u00e1y-chi\u1ebft-16-\u1ed1ng-1.jpg","datePublished":"2020-05-09T07:39:43+00:00","dateModified":"2020-05-09T07:48:57+00:00","breadcrumb":{"@id":"https:\/\/labochem.com.vn\/en\/s\u1ea3n ph\u1ea9m\/may-chiet-mau-ban-tu-dong-loai-16-ong-mau\/#breadcrumb"},"inLanguage":"en-US","potentialAction":[{"@type":"ReadAction","target":["https:\/\/labochem.com.vn\/en\/s\u1ea3n ph\u1ea9m\/may-chiet-mau-ban-tu-dong-loai-16-ong-mau\/"]}]},{"@type":"ImageObject","inLanguage":"en-US","@id":"https:\/\/labochem.com.vn\/en\/s\u1ea3n ph\u1ea9m\/may-chiet-mau-ban-tu-dong-loai-16-ong-mau\/#primaryimage","url":"https:\/\/labochem.com.vn\/wp-content\/uploads\/2020\/05\/m\u00e1y-chi\u1ebft-16-\u1ed1ng-1.jpg","contentUrl":"https:\/\/labochem.com.vn\/wp-content\/uploads\/2020\/05\/m\u00e1y-chi\u1ebft-16-\u1ed1ng-1.jpg","width":247,"height":300},{"@type":"BreadcrumbList","@id":"https:\/\/labochem.com.vn\/en\/s\u1ea3n ph\u1ea9m\/may-chiet-mau-ban-tu-dong-loai-16-ong-mau\/#breadcrumb","itemListElement":[{"@type":"ListItem","position":1,"name":"Home","item":"https:\/\/labochem.com.vn\/"},{"@type":"ListItem","position":2,"name":"C\u1eeda h\u00e0ng","item":"https:\/\/labochem.com.vn\/mua\/"},{"@type":"ListItem","position":3,"name":"(Ti\u1ebfng Vi\u1ec7t) M\u00e1y chi\u1ebft m\u1ea7u b\u00e1n t\u1ef1 \u0111\u1ed9ng lo\u1ea1i 16 \u1ed1ng m\u1ea7u."}]},{"@type":"WebSite","@id":"https:\/\/labochem.com.vn\/#website","url":"https:\/\/labochem.com.vn\/","name":"C\u00f4ng ty TNHH LABOCHEM Vi\u1ec7t Nam","description":"M\u1ed9t trang web m\u1edbi s\u1eed d\u1ee5ng WordPress","potentialAction":[{"@type":"SearchAction","target":{"@type":"EntryPoint","urlTemplate":"https:\/\/labochem.com.vn\/?s={search_term_string}"},"query-input":"required name=search_term_string"}],"inLanguage":"en-US"}]}},"_links":{"self":[{"href":"https:\/\/labochem.com.vn\/en\/wp-json\/wp\/v2\/product\/557"}],"collection":[{"href":"https:\/\/labochem.com.vn\/en\/wp-json\/wp\/v2\/product"}],"about":[{"href":"https:\/\/labochem.com.vn\/en\/wp-json\/wp\/v2\/types\/product"}],"replies":[{"embeddable":true,"href":"https:\/\/labochem.com.vn\/en\/wp-json\/wp\/v2\/comments?post=557"}],"wp:featuredmedia":[{"embeddable":true,"href":"https:\/\/labochem.com.vn\/en\/wp-json\/wp\/v2\/media\/559"}],"wp:attachment":[{"href":"https:\/\/labochem.com.vn\/en\/wp-json\/wp\/v2\/media?parent=557"}],"wp:term":[{"taxonomy":"product_cat","embeddable":true,"href":"https:\/\/labochem.com.vn\/en\/wp-json\/wp\/v2\/product_cat?post=557"},{"taxonomy":"product_tag","embeddable":true,"href":"https:\/\/labochem.com.vn\/en\/wp-json\/wp\/v2\/product_tag?post=557"}],"curies":[{"name":"wp","href":"https:\/\/api.w.org\/{rel}","templated":true}]}}