{"id":551,"date":"2020-05-09T05:00:20","date_gmt":"2020-05-09T05:00:20","guid":{"rendered":"https:\/\/labochem.com.vn\/?post_type=product&#038;p=551"},"modified":"2020-05-25T02:28:06","modified_gmt":"2020-05-25T02:28:06","slug":"may-lac-son-model-hs-3t","status":"publish","type":"product","link":"https:\/\/labochem.com.vn\/en\/s\u1ea3n ph\u1ea9m\/may-lac-son-model-hs-3t\/","title":{"rendered":"(Ti\u1ebfng Vi\u1ec7t) M\u00e1y l\u1eafc s\u01a1n, Model: HS &#8211; 3T"},"content":{"rendered":"","protected":false},"excerpt":{"rendered":"<p class=\"qtranxs-available-languages-message qtranxs-available-languages-message-en\">Sorry, this entry is only available in <a href=\"https:\/\/labochem.com.vn\/vi\/wp-json\/wp\/v2\/product\/551\" class=\"qtranxs-available-language-link qtranxs-available-language-link-vi\" title=\"Ti\u1ebfng Vi\u1ec7t\">Ti\u1ebfng Vi\u1ec7t<\/a>.<\/p>\n","protected":false},"featured_media":668,"comment_status":"open","ping_status":"closed","template":"","meta":[],"product_cat":[86,194],"product_tag":[192,193],"yoast_head":"<!-- This site is optimized with the Yoast SEO plugin v22.6 - https:\/\/yoast.com\/wordpress\/plugins\/seo\/ -->\n<title><\/title>\n<meta name=\"robots\" content=\"index, follow, max-snippet:-1, max-image-preview:large, max-video-preview:-1\" \/>\n<link rel=\"canonical\" href=\"https:\/\/labochem.com.vn\/s\u1ea3n%20ph\u1ea9m\/may-lac-son-model-hs-3t\/\" \/>\n<meta property=\"og:locale\" content=\"en_US\" \/>\n<meta property=\"og:type\" content=\"article\" \/>\n<meta property=\"og:title\" content=\"[:vi]M\u00e1y l\u1eafc s\u01a1n, Model: HS - 3T[:] - C\u00f4ng ty TNHH LABOCHEM Vi\u1ec7t Nam\" \/>\n<meta property=\"og:description\" content=\"[:vi]M\u00e1y l\u1eafc s\u01a1n   Model: HS - 3T  Xu\u1ea5t x\u1ee9: Trung Qu\u1ed1c  B\u1ea3o h\u00e0nh: 06 th\u00e1ng   T\u00ednh n\u0103ng c\u01a1 b\u1ea3n  M\u00e1y rung ho\u00e0n to\u00e0n t\u1ef1 \u0111\u1ed9ng  C\u01a1 ch\u1ebf k\u1eb9p t\u1ef1 \u0111\u1ed9ng c\u00f3 th\u1ec3 ph\u00e1t hi\u1ec7n chi\u1ec1u cao c\u00f3 th\u1ec3  650 chu k\u1ef3 rung m\u1ed7i ph\u00fat (11 Hz)  Th\u1eddi gian tr\u1ed9n c\u00f3 th\u1ec3 \u0111i\u1ec1u ch\u1ec9nh t\u1eeb 0,5 \u0111\u1ebfn 6 ph\u00fat  M\u1ed9t con l\u0103n \u0111\u01b0\u1ee3c t\u00edch h\u1ee3p trong c\u01a1 th\u1ec3 \u0111\u1ec3 d\u1ec5 d\u00e0ng t\u1ea3i v\u00e0 d\u1ee1 h\u1ed9p  M\u00e0n h\u00ecnh LCD c\u00f3 \u0111\u1ed9 t\u01b0\u01a1ng ph\u1ea3n cao  C\u00f4ng t\u1eafc an to\u00e0n tr\u00ean c\u1eeda truy c\u1eadp   T\u00f9y ch\u1ecdn  C\u00e0i \u0111\u1eb7t ngu\u1ed3n 110 V 60 Hz  M\u00e0u s\u1eafc c\u01a1 th\u1ec3 t\u00f9y ch\u1ec9nh   C\u00f3 th\u1ec3 x\u1eed l\u00fd  T\u1ea3i t\u1ed1i \u0111a 35 Kg (77 lb.)  Chi\u1ec1u cao t\u1ed1i \u0111a c\u00f3 th\u1ec3 l\u00e0 410 mm  Chi\u1ec1u cao t\u1ed1i thi\u1ec3u c\u00f3 th\u1ec3 l\u00e0 50 mm  K\u00edch th\u01b0\u1edbc c\u01a1 s\u1edf t\u1ed1i \u0111a c\u00f3 th\u1ec3 \/ g\u00f3i 360 x 350 mm   Th\u00f4ng s\u1ed1 k\u1ef9 thu\u1eadt \u0111i\u1ec7n v\u00e0 \u0111i\u1ec7n  M\u1ed9t pha 220 V 50 Hz \u00b1 10%  C\u00f4ng su\u1ea5t ti\u00eau th\u1ee5 t\u1ed1i \u0111a 750 W  Nhi\u1ec7t \u0111\u1ed9 l\u00e0m vi\u1ec7c t\u1eeb 10 \u00b0 \u0111\u1ebfn 40 \u00b0  \u0110\u1ed9 \u1ea9m t\u01b0\u01a1ng \u0111\u1ed1i t\u1eeb 5% \u0111\u1ebfn 85% (kh\u00f4ng ng\u01b0ng t\u1ee5)   K\u00edch th\u01b0\u1edbc v\u00e0 v\u1eadn chuy\u1ec3n  K\u00edch th\u01b0\u1edbc (H, W, D)  1050 x 730 x 750 mm  Tr\u1ecdng l\u01b0\u1ee3ng 205 Kg (450 lb.)  Th\u00f9ng g\u1ed7 \u0111\u00f3ng g\u00f3i ti\u00eau chu\u1ea9n  K\u00edch th\u01b0\u1edbc v\u1eadn chuy\u1ec3n (H, W, D) 1260 x 900 x 900 mm  Tr\u1ecdng l\u01b0\u1ee3ng v\u1eadn chuy\u1ec3n 265 Kg[:]\" \/>\n<meta property=\"og:url\" content=\"https:\/\/labochem.com.vn\/s\u1ea3n ph\u1ea9m\/may-lac-son-model-hs-3t\/\" \/>\n<meta property=\"og:site_name\" content=\"C\u00f4ng ty TNHH LABOCHEM Vi\u1ec7t Nam\" \/>\n<meta property=\"article:modified_time\" content=\"2020-05-25T02:28:06+00:00\" \/>\n<meta property=\"og:image\" content=\"https:\/\/labochem.com.vn\/wp-content\/uploads\/2020\/05\/HS-3T.png\" \/>\n\t<meta property=\"og:image:width\" content=\"391\" \/>\n\t<meta property=\"og:image:height\" content=\"569\" \/>\n\t<meta property=\"og:image:type\" content=\"image\/png\" \/>\n<meta name=\"twitter:card\" content=\"summary_large_image\" \/>\n<script type=\"application\/ld+json\" class=\"yoast-schema-graph\">{\"@context\":\"https:\/\/schema.org\",\"@graph\":[{\"@type\":\"WebPage\",\"@id\":\"https:\/\/labochem.com.vn\/s\u1ea3n ph\u1ea9m\/may-lac-son-model-hs-3t\/\",\"url\":\"https:\/\/labochem.com.vn\/s\u1ea3n ph\u1ea9m\/may-lac-son-model-hs-3t\/\",\"name\":\"[:vi]M\u00e1y l\u1eafc s\u01a1n, Model: HS - 3T[:] - C\u00f4ng ty TNHH LABOCHEM Vi\u1ec7t Nam\",\"isPartOf\":{\"@id\":\"https:\/\/labochem.com.vn\/#website\"},\"primaryImageOfPage\":{\"@id\":\"https:\/\/labochem.com.vn\/s\u1ea3n ph\u1ea9m\/may-lac-son-model-hs-3t\/#primaryimage\"},\"image\":{\"@id\":\"https:\/\/labochem.com.vn\/s\u1ea3n ph\u1ea9m\/may-lac-son-model-hs-3t\/#primaryimage\"},\"thumbnailUrl\":\"https:\/\/labochem.com.vn\/wp-content\/uploads\/2020\/05\/HS-3T.png\",\"datePublished\":\"2020-05-09T05:00:20+00:00\",\"dateModified\":\"2020-05-25T02:28:06+00:00\",\"breadcrumb\":{\"@id\":\"https:\/\/labochem.com.vn\/s\u1ea3n ph\u1ea9m\/may-lac-son-model-hs-3t\/#breadcrumb\"},\"inLanguage\":\"en-US\",\"potentialAction\":[{\"@type\":\"ReadAction\",\"target\":[\"https:\/\/labochem.com.vn\/s\u1ea3n ph\u1ea9m\/may-lac-son-model-hs-3t\/\"]}]},{\"@type\":\"ImageObject\",\"inLanguage\":\"en-US\",\"@id\":\"https:\/\/labochem.com.vn\/s\u1ea3n ph\u1ea9m\/may-lac-son-model-hs-3t\/#primaryimage\",\"url\":\"https:\/\/labochem.com.vn\/wp-content\/uploads\/2020\/05\/HS-3T.png\",\"contentUrl\":\"https:\/\/labochem.com.vn\/wp-content\/uploads\/2020\/05\/HS-3T.png\",\"width\":391,\"height\":569},{\"@type\":\"BreadcrumbList\",\"@id\":\"https:\/\/labochem.com.vn\/s\u1ea3n ph\u1ea9m\/may-lac-son-model-hs-3t\/#breadcrumb\",\"itemListElement\":[{\"@type\":\"ListItem\",\"position\":1,\"name\":\"Home\",\"item\":\"https:\/\/labochem.com.vn\/\"},{\"@type\":\"ListItem\",\"position\":2,\"name\":\"C\u1eeda h\u00e0ng\",\"item\":\"https:\/\/labochem.com.vn\/mua\/\"},{\"@type\":\"ListItem\",\"position\":3,\"name\":\"M\u00e1y l\u1eafc s\u01a1n, Model: HS &#8211; 3T\"}]},{\"@type\":\"WebSite\",\"@id\":\"https:\/\/labochem.com.vn\/#website\",\"url\":\"https:\/\/labochem.com.vn\/\",\"name\":\"C\u00f4ng ty TNHH LABOCHEM Vi\u1ec7t Nam\",\"description\":\"M\u1ed9t trang web m\u1edbi s\u1eed d\u1ee5ng WordPress\",\"potentialAction\":[{\"@type\":\"SearchAction\",\"target\":{\"@type\":\"EntryPoint\",\"urlTemplate\":\"https:\/\/labochem.com.vn\/?s={search_term_string}\"},\"query-input\":\"required name=search_term_string\"}],\"inLanguage\":\"en-US\"}]}<\/script>\n<!-- \/ Yoast SEO plugin. -->","yoast_head_json":{"title":"[:vi]M\u00e1y l\u1eafc s\u01a1n, Model: HS - 3T[:] - C\u00f4ng ty TNHH LABOCHEM Vi\u1ec7t Nam","robots":{"index":"index","follow":"follow","max-snippet":"max-snippet:-1","max-image-preview":"max-image-preview:large","max-video-preview":"max-video-preview:-1"},"canonical":"https:\/\/labochem.com.vn\/s\u1ea3n ph\u1ea9m\/may-lac-son-model-hs-3t\/","og_locale":"en_US","og_type":"article","og_title":"[:vi]M\u00e1y l\u1eafc s\u01a1n, Model: HS - 3T[:] - C\u00f4ng ty TNHH LABOCHEM Vi\u1ec7t Nam","og_description":"[:vi]M\u00e1y l\u1eafc s\u01a1n   Model: HS - 3T  Xu\u1ea5t x\u1ee9: Trung Qu\u1ed1c  B\u1ea3o h\u00e0nh: 06 th\u00e1ng   T\u00ednh n\u0103ng c\u01a1 b\u1ea3n  M\u00e1y rung ho\u00e0n to\u00e0n t\u1ef1 \u0111\u1ed9ng  C\u01a1 ch\u1ebf k\u1eb9p t\u1ef1 \u0111\u1ed9ng c\u00f3 th\u1ec3 ph\u00e1t hi\u1ec7n chi\u1ec1u cao c\u00f3 th\u1ec3  650 chu k\u1ef3 rung m\u1ed7i ph\u00fat (11 Hz)  Th\u1eddi gian tr\u1ed9n c\u00f3 th\u1ec3 \u0111i\u1ec1u ch\u1ec9nh t\u1eeb 0,5 \u0111\u1ebfn 6 ph\u00fat  M\u1ed9t con l\u0103n \u0111\u01b0\u1ee3c t\u00edch h\u1ee3p trong c\u01a1 th\u1ec3 \u0111\u1ec3 d\u1ec5 d\u00e0ng t\u1ea3i v\u00e0 d\u1ee1 h\u1ed9p  M\u00e0n h\u00ecnh LCD c\u00f3 \u0111\u1ed9 t\u01b0\u01a1ng ph\u1ea3n cao  C\u00f4ng t\u1eafc an to\u00e0n tr\u00ean c\u1eeda truy c\u1eadp   T\u00f9y ch\u1ecdn  C\u00e0i \u0111\u1eb7t ngu\u1ed3n 110 V 60 Hz  M\u00e0u s\u1eafc c\u01a1 th\u1ec3 t\u00f9y ch\u1ec9nh   C\u00f3 th\u1ec3 x\u1eed l\u00fd  T\u1ea3i t\u1ed1i \u0111a 35 Kg (77 lb.)  Chi\u1ec1u cao t\u1ed1i \u0111a c\u00f3 th\u1ec3 l\u00e0 410 mm  Chi\u1ec1u cao t\u1ed1i thi\u1ec3u c\u00f3 th\u1ec3 l\u00e0 50 mm  K\u00edch th\u01b0\u1edbc c\u01a1 s\u1edf t\u1ed1i \u0111a c\u00f3 th\u1ec3 \/ g\u00f3i 360 x 350 mm   Th\u00f4ng s\u1ed1 k\u1ef9 thu\u1eadt \u0111i\u1ec7n v\u00e0 \u0111i\u1ec7n  M\u1ed9t pha 220 V 50 Hz \u00b1 10%  C\u00f4ng su\u1ea5t ti\u00eau th\u1ee5 t\u1ed1i \u0111a 750 W  Nhi\u1ec7t \u0111\u1ed9 l\u00e0m vi\u1ec7c t\u1eeb 10 \u00b0 \u0111\u1ebfn 40 \u00b0  \u0110\u1ed9 \u1ea9m t\u01b0\u01a1ng \u0111\u1ed1i t\u1eeb 5% \u0111\u1ebfn 85% (kh\u00f4ng ng\u01b0ng t\u1ee5)   K\u00edch th\u01b0\u1edbc v\u00e0 v\u1eadn chuy\u1ec3n  K\u00edch th\u01b0\u1edbc (H, W, D)  1050 x 730 x 750 mm  Tr\u1ecdng l\u01b0\u1ee3ng 205 Kg (450 lb.)  Th\u00f9ng g\u1ed7 \u0111\u00f3ng g\u00f3i ti\u00eau chu\u1ea9n  K\u00edch th\u01b0\u1edbc v\u1eadn chuy\u1ec3n (H, W, D) 1260 x 900 x 900 mm  Tr\u1ecdng l\u01b0\u1ee3ng v\u1eadn chuy\u1ec3n 265 Kg[:]","og_url":"https:\/\/labochem.com.vn\/s\u1ea3n ph\u1ea9m\/may-lac-son-model-hs-3t\/","og_site_name":"C\u00f4ng ty TNHH LABOCHEM Vi\u1ec7t Nam","article_modified_time":"2020-05-25T02:28:06+00:00","og_image":[{"width":391,"height":569,"url":"https:\/\/labochem.com.vn\/wp-content\/uploads\/2020\/05\/HS-3T.png","type":"image\/png"}],"twitter_card":"summary_large_image","schema":{"@context":"https:\/\/schema.org","@graph":[{"@type":"WebPage","@id":"https:\/\/labochem.com.vn\/s\u1ea3n ph\u1ea9m\/may-lac-son-model-hs-3t\/","url":"https:\/\/labochem.com.vn\/s\u1ea3n ph\u1ea9m\/may-lac-son-model-hs-3t\/","name":"[:vi]M\u00e1y l\u1eafc s\u01a1n, Model: HS - 3T[:] - C\u00f4ng ty TNHH LABOCHEM Vi\u1ec7t Nam","isPartOf":{"@id":"https:\/\/labochem.com.vn\/#website"},"primaryImageOfPage":{"@id":"https:\/\/labochem.com.vn\/s\u1ea3n ph\u1ea9m\/may-lac-son-model-hs-3t\/#primaryimage"},"image":{"@id":"https:\/\/labochem.com.vn\/s\u1ea3n ph\u1ea9m\/may-lac-son-model-hs-3t\/#primaryimage"},"thumbnailUrl":"https:\/\/labochem.com.vn\/wp-content\/uploads\/2020\/05\/HS-3T.png","datePublished":"2020-05-09T05:00:20+00:00","dateModified":"2020-05-25T02:28:06+00:00","breadcrumb":{"@id":"https:\/\/labochem.com.vn\/s\u1ea3n ph\u1ea9m\/may-lac-son-model-hs-3t\/#breadcrumb"},"inLanguage":"en-US","potentialAction":[{"@type":"ReadAction","target":["https:\/\/labochem.com.vn\/s\u1ea3n ph\u1ea9m\/may-lac-son-model-hs-3t\/"]}]},{"@type":"ImageObject","inLanguage":"en-US","@id":"https:\/\/labochem.com.vn\/s\u1ea3n ph\u1ea9m\/may-lac-son-model-hs-3t\/#primaryimage","url":"https:\/\/labochem.com.vn\/wp-content\/uploads\/2020\/05\/HS-3T.png","contentUrl":"https:\/\/labochem.com.vn\/wp-content\/uploads\/2020\/05\/HS-3T.png","width":391,"height":569},{"@type":"BreadcrumbList","@id":"https:\/\/labochem.com.vn\/s\u1ea3n ph\u1ea9m\/may-lac-son-model-hs-3t\/#breadcrumb","itemListElement":[{"@type":"ListItem","position":1,"name":"Home","item":"https:\/\/labochem.com.vn\/"},{"@type":"ListItem","position":2,"name":"C\u1eeda h\u00e0ng","item":"https:\/\/labochem.com.vn\/mua\/"},{"@type":"ListItem","position":3,"name":"M\u00e1y l\u1eafc s\u01a1n, Model: HS &#8211; 3T"}]},{"@type":"WebSite","@id":"https:\/\/labochem.com.vn\/#website","url":"https:\/\/labochem.com.vn\/","name":"C\u00f4ng ty TNHH LABOCHEM Vi\u1ec7t Nam","description":"M\u1ed9t trang web m\u1edbi s\u1eed d\u1ee5ng WordPress","potentialAction":[{"@type":"SearchAction","target":{"@type":"EntryPoint","urlTemplate":"https:\/\/labochem.com.vn\/?s={search_term_string}"},"query-input":"required name=search_term_string"}],"inLanguage":"en-US"}]}},"_links":{"self":[{"href":"https:\/\/labochem.com.vn\/en\/wp-json\/wp\/v2\/product\/551"}],"collection":[{"href":"https:\/\/labochem.com.vn\/en\/wp-json\/wp\/v2\/product"}],"about":[{"href":"https:\/\/labochem.com.vn\/en\/wp-json\/wp\/v2\/types\/product"}],"replies":[{"embeddable":true,"href":"https:\/\/labochem.com.vn\/en\/wp-json\/wp\/v2\/comments?post=551"}],"wp:featuredmedia":[{"embeddable":true,"href":"https:\/\/labochem.com.vn\/en\/wp-json\/wp\/v2\/media\/668"}],"wp:attachment":[{"href":"https:\/\/labochem.com.vn\/en\/wp-json\/wp\/v2\/media?parent=551"}],"wp:term":[{"taxonomy":"product_cat","embeddable":true,"href":"https:\/\/labochem.com.vn\/en\/wp-json\/wp\/v2\/product_cat?post=551"},{"taxonomy":"product_tag","embeddable":true,"href":"https:\/\/labochem.com.vn\/en\/wp-json\/wp\/v2\/product_tag?post=551"}],"curies":[{"name":"wp","href":"https:\/\/api.w.org\/{rel}","templated":true}]}}