{"id":521,"date":"2020-05-09T01:44:07","date_gmt":"2020-05-09T01:44:07","guid":{"rendered":"https:\/\/labochem.com.vn\/?post_type=product&#038;p=521"},"modified":"2020-05-09T01:44:08","modified_gmt":"2020-05-09T01:44:08","slug":"bo-dem-ph-su-dung-mot-lan-ph-7-00-singlet-2770120-hach","status":"publish","type":"product","link":"https:\/\/labochem.com.vn\/en\/s\u1ea3n ph\u1ea9m\/bo-dem-ph-su-dung-mot-lan-ph-7-00-singlet-2770120-hach\/","title":{"rendered":"(Ti\u1ebfng Vi\u1ec7t) B\u1ed9 \u0111\u1ec7m pH s\u1eed d\u1ee5ng m\u1ed9t l\u1ea7n pH 7.00 SINGLET\u2122 \u2013 2770120 \u2013 Hach"},"content":{"rendered":"","protected":false},"excerpt":{"rendered":"<p class=\"qtranxs-available-languages-message qtranxs-available-languages-message-en\">Sorry, this entry is only available in <a href=\"https:\/\/labochem.com.vn\/vi\/wp-json\/wp\/v2\/product\/521\" class=\"qtranxs-available-language-link qtranxs-available-language-link-vi\" title=\"Ti\u1ebfng Vi\u1ec7t\">Ti\u1ebfng Vi\u1ec7t<\/a>.<\/p>\n","protected":false},"featured_media":522,"comment_status":"open","ping_status":"closed","template":"","meta":[],"product_cat":[137],"product_tag":[171],"yoast_head":"<!-- This site is optimized with the Yoast SEO plugin v22.6 - https:\/\/yoast.com\/wordpress\/plugins\/seo\/ -->\n<title><\/title>\n<meta name=\"robots\" content=\"index, follow, max-snippet:-1, max-image-preview:large, max-video-preview:-1\" \/>\n<link rel=\"canonical\" href=\"https:\/\/labochem.com.vn\/s\u1ea3n%20ph\u1ea9m\/bo-dem-ph-su-dung-mot-lan-ph-7-00-singlet-2770120-hach\/\" \/>\n<meta property=\"og:locale\" content=\"en_US\" \/>\n<meta property=\"og:type\" content=\"article\" \/>\n<meta property=\"og:title\" content=\"[:vi]B\u1ed9 \u0111\u1ec7m pH s\u1eed d\u1ee5ng m\u1ed9t l\u1ea7n pH 7.00 SINGLET\u2122 \u2013 2770120 \u2013 Hach[:] - C\u00f4ng ty TNHH LABOCHEM Vi\u1ec7t Nam\" \/>\n<meta property=\"og:description\" content=\"[:vi]B\u1ed9 \u0111\u1ec7m pH s\u1eed d\u1ee5ng m\u1ed9t l\u1ea7n pH 7.00 SINGLET\u2122 \u2013 2770120 \u2013 Hach   M\u00e3 s\u1ea3n ph\u1ea9m: 2770120  Th\u01b0\u01a1ng hi\u1ec7u: HACH  Xu\u1ea5t x\u1ee9: M\u1ef9  Bao b\u00ec: H\u1ed9p 20 g\u00f3i nh\u1ef1a  C\u00f4ng d\u1ee5ng: Dung d\u1ecbch chu\u1ea9n pH \u0111\u1ec7m \u0111\u1ec3 hi\u1ec7u chu\u1ea9n \u0111i\u1ec7n c\u1ef1c pH. pH \u00b1 0,02 \u1edf 25 \u00b0 C. V\u1edbi \u01b0u \u0111i\u1ec3m d\u1ec5 s\u1eed d\u1ee5ng v\u00e0 \u0111\u00e1ng tin c\u1eady.\u00a0 [:]\" \/>\n<meta property=\"og:url\" content=\"https:\/\/labochem.com.vn\/s\u1ea3n ph\u1ea9m\/bo-dem-ph-su-dung-mot-lan-ph-7-00-singlet-2770120-hach\/\" \/>\n<meta property=\"og:site_name\" content=\"C\u00f4ng ty TNHH LABOCHEM Vi\u1ec7t Nam\" \/>\n<meta property=\"article:modified_time\" content=\"2020-05-09T01:44:08+00:00\" \/>\n<meta property=\"og:image\" content=\"https:\/\/labochem.com.vn\/wp-content\/uploads\/2020\/05\/11.1-1.jpg\" \/>\n\t<meta property=\"og:image:width\" content=\"531\" \/>\n\t<meta property=\"og:image:height\" content=\"549\" \/>\n\t<meta property=\"og:image:type\" content=\"image\/jpeg\" \/>\n<meta name=\"twitter:card\" content=\"summary_large_image\" \/>\n<script type=\"application\/ld+json\" class=\"yoast-schema-graph\">{\"@context\":\"https:\/\/schema.org\",\"@graph\":[{\"@type\":\"WebPage\",\"@id\":\"https:\/\/labochem.com.vn\/s\u1ea3n ph\u1ea9m\/bo-dem-ph-su-dung-mot-lan-ph-7-00-singlet-2770120-hach\/\",\"url\":\"https:\/\/labochem.com.vn\/s\u1ea3n ph\u1ea9m\/bo-dem-ph-su-dung-mot-lan-ph-7-00-singlet-2770120-hach\/\",\"name\":\"[:vi]B\u1ed9 \u0111\u1ec7m pH s\u1eed d\u1ee5ng m\u1ed9t l\u1ea7n pH 7.00 SINGLET\u2122 \u2013 2770120 \u2013 Hach[:] - C\u00f4ng ty TNHH LABOCHEM Vi\u1ec7t Nam\",\"isPartOf\":{\"@id\":\"https:\/\/labochem.com.vn\/#website\"},\"primaryImageOfPage\":{\"@id\":\"https:\/\/labochem.com.vn\/s\u1ea3n ph\u1ea9m\/bo-dem-ph-su-dung-mot-lan-ph-7-00-singlet-2770120-hach\/#primaryimage\"},\"image\":{\"@id\":\"https:\/\/labochem.com.vn\/s\u1ea3n ph\u1ea9m\/bo-dem-ph-su-dung-mot-lan-ph-7-00-singlet-2770120-hach\/#primaryimage\"},\"thumbnailUrl\":\"https:\/\/labochem.com.vn\/wp-content\/uploads\/2020\/05\/11.1-1.jpg\",\"datePublished\":\"2020-05-09T01:44:07+00:00\",\"dateModified\":\"2020-05-09T01:44:08+00:00\",\"breadcrumb\":{\"@id\":\"https:\/\/labochem.com.vn\/s\u1ea3n ph\u1ea9m\/bo-dem-ph-su-dung-mot-lan-ph-7-00-singlet-2770120-hach\/#breadcrumb\"},\"inLanguage\":\"en-US\",\"potentialAction\":[{\"@type\":\"ReadAction\",\"target\":[\"https:\/\/labochem.com.vn\/s\u1ea3n ph\u1ea9m\/bo-dem-ph-su-dung-mot-lan-ph-7-00-singlet-2770120-hach\/\"]}]},{\"@type\":\"ImageObject\",\"inLanguage\":\"en-US\",\"@id\":\"https:\/\/labochem.com.vn\/s\u1ea3n ph\u1ea9m\/bo-dem-ph-su-dung-mot-lan-ph-7-00-singlet-2770120-hach\/#primaryimage\",\"url\":\"https:\/\/labochem.com.vn\/wp-content\/uploads\/2020\/05\/11.1-1.jpg\",\"contentUrl\":\"https:\/\/labochem.com.vn\/wp-content\/uploads\/2020\/05\/11.1-1.jpg\",\"width\":531,\"height\":549},{\"@type\":\"BreadcrumbList\",\"@id\":\"https:\/\/labochem.com.vn\/s\u1ea3n ph\u1ea9m\/bo-dem-ph-su-dung-mot-lan-ph-7-00-singlet-2770120-hach\/#breadcrumb\",\"itemListElement\":[{\"@type\":\"ListItem\",\"position\":1,\"name\":\"Home\",\"item\":\"https:\/\/labochem.com.vn\/\"},{\"@type\":\"ListItem\",\"position\":2,\"name\":\"C\u1eeda h\u00e0ng\",\"item\":\"https:\/\/labochem.com.vn\/mua\/\"},{\"@type\":\"ListItem\",\"position\":3,\"name\":\"B\u1ed9 \u0111\u1ec7m pH s\u1eed d\u1ee5ng m\u1ed9t l\u1ea7n pH 7.00 SINGLET\u2122 \u2013 2770120 \u2013 Hach\"}]},{\"@type\":\"WebSite\",\"@id\":\"https:\/\/labochem.com.vn\/#website\",\"url\":\"https:\/\/labochem.com.vn\/\",\"name\":\"C\u00f4ng ty TNHH LABOCHEM Vi\u1ec7t Nam\",\"description\":\"M\u1ed9t trang web m\u1edbi s\u1eed d\u1ee5ng WordPress\",\"potentialAction\":[{\"@type\":\"SearchAction\",\"target\":{\"@type\":\"EntryPoint\",\"urlTemplate\":\"https:\/\/labochem.com.vn\/?s={search_term_string}\"},\"query-input\":\"required name=search_term_string\"}],\"inLanguage\":\"en-US\"}]}<\/script>\n<!-- \/ Yoast SEO plugin. -->","yoast_head_json":{"title":"[:vi]B\u1ed9 \u0111\u1ec7m pH s\u1eed d\u1ee5ng m\u1ed9t l\u1ea7n pH 7.00 SINGLET\u2122 \u2013 2770120 \u2013 Hach[:] - C\u00f4ng ty TNHH LABOCHEM Vi\u1ec7t Nam","robots":{"index":"index","follow":"follow","max-snippet":"max-snippet:-1","max-image-preview":"max-image-preview:large","max-video-preview":"max-video-preview:-1"},"canonical":"https:\/\/labochem.com.vn\/s\u1ea3n ph\u1ea9m\/bo-dem-ph-su-dung-mot-lan-ph-7-00-singlet-2770120-hach\/","og_locale":"en_US","og_type":"article","og_title":"[:vi]B\u1ed9 \u0111\u1ec7m pH s\u1eed d\u1ee5ng m\u1ed9t l\u1ea7n pH 7.00 SINGLET\u2122 \u2013 2770120 \u2013 Hach[:] - C\u00f4ng ty TNHH LABOCHEM Vi\u1ec7t Nam","og_description":"[:vi]B\u1ed9 \u0111\u1ec7m pH s\u1eed d\u1ee5ng m\u1ed9t l\u1ea7n pH 7.00 SINGLET\u2122 \u2013 2770120 \u2013 Hach   M\u00e3 s\u1ea3n ph\u1ea9m: 2770120  Th\u01b0\u01a1ng hi\u1ec7u: HACH  Xu\u1ea5t x\u1ee9: M\u1ef9  Bao b\u00ec: H\u1ed9p 20 g\u00f3i nh\u1ef1a  C\u00f4ng d\u1ee5ng: Dung d\u1ecbch chu\u1ea9n pH \u0111\u1ec7m \u0111\u1ec3 hi\u1ec7u chu\u1ea9n \u0111i\u1ec7n c\u1ef1c pH. pH \u00b1 0,02 \u1edf 25 \u00b0 C. V\u1edbi \u01b0u \u0111i\u1ec3m d\u1ec5 s\u1eed d\u1ee5ng v\u00e0 \u0111\u00e1ng tin c\u1eady.\u00a0 [:]","og_url":"https:\/\/labochem.com.vn\/s\u1ea3n ph\u1ea9m\/bo-dem-ph-su-dung-mot-lan-ph-7-00-singlet-2770120-hach\/","og_site_name":"C\u00f4ng ty TNHH LABOCHEM Vi\u1ec7t Nam","article_modified_time":"2020-05-09T01:44:08+00:00","og_image":[{"width":531,"height":549,"url":"https:\/\/labochem.com.vn\/wp-content\/uploads\/2020\/05\/11.1-1.jpg","type":"image\/jpeg"}],"twitter_card":"summary_large_image","schema":{"@context":"https:\/\/schema.org","@graph":[{"@type":"WebPage","@id":"https:\/\/labochem.com.vn\/s\u1ea3n ph\u1ea9m\/bo-dem-ph-su-dung-mot-lan-ph-7-00-singlet-2770120-hach\/","url":"https:\/\/labochem.com.vn\/s\u1ea3n ph\u1ea9m\/bo-dem-ph-su-dung-mot-lan-ph-7-00-singlet-2770120-hach\/","name":"[:vi]B\u1ed9 \u0111\u1ec7m pH s\u1eed d\u1ee5ng m\u1ed9t l\u1ea7n pH 7.00 SINGLET\u2122 \u2013 2770120 \u2013 Hach[:] - C\u00f4ng ty TNHH LABOCHEM Vi\u1ec7t Nam","isPartOf":{"@id":"https:\/\/labochem.com.vn\/#website"},"primaryImageOfPage":{"@id":"https:\/\/labochem.com.vn\/s\u1ea3n ph\u1ea9m\/bo-dem-ph-su-dung-mot-lan-ph-7-00-singlet-2770120-hach\/#primaryimage"},"image":{"@id":"https:\/\/labochem.com.vn\/s\u1ea3n ph\u1ea9m\/bo-dem-ph-su-dung-mot-lan-ph-7-00-singlet-2770120-hach\/#primaryimage"},"thumbnailUrl":"https:\/\/labochem.com.vn\/wp-content\/uploads\/2020\/05\/11.1-1.jpg","datePublished":"2020-05-09T01:44:07+00:00","dateModified":"2020-05-09T01:44:08+00:00","breadcrumb":{"@id":"https:\/\/labochem.com.vn\/s\u1ea3n ph\u1ea9m\/bo-dem-ph-su-dung-mot-lan-ph-7-00-singlet-2770120-hach\/#breadcrumb"},"inLanguage":"en-US","potentialAction":[{"@type":"ReadAction","target":["https:\/\/labochem.com.vn\/s\u1ea3n ph\u1ea9m\/bo-dem-ph-su-dung-mot-lan-ph-7-00-singlet-2770120-hach\/"]}]},{"@type":"ImageObject","inLanguage":"en-US","@id":"https:\/\/labochem.com.vn\/s\u1ea3n ph\u1ea9m\/bo-dem-ph-su-dung-mot-lan-ph-7-00-singlet-2770120-hach\/#primaryimage","url":"https:\/\/labochem.com.vn\/wp-content\/uploads\/2020\/05\/11.1-1.jpg","contentUrl":"https:\/\/labochem.com.vn\/wp-content\/uploads\/2020\/05\/11.1-1.jpg","width":531,"height":549},{"@type":"BreadcrumbList","@id":"https:\/\/labochem.com.vn\/s\u1ea3n ph\u1ea9m\/bo-dem-ph-su-dung-mot-lan-ph-7-00-singlet-2770120-hach\/#breadcrumb","itemListElement":[{"@type":"ListItem","position":1,"name":"Home","item":"https:\/\/labochem.com.vn\/"},{"@type":"ListItem","position":2,"name":"C\u1eeda h\u00e0ng","item":"https:\/\/labochem.com.vn\/mua\/"},{"@type":"ListItem","position":3,"name":"B\u1ed9 \u0111\u1ec7m pH s\u1eed d\u1ee5ng m\u1ed9t l\u1ea7n pH 7.00 SINGLET\u2122 \u2013 2770120 \u2013 Hach"}]},{"@type":"WebSite","@id":"https:\/\/labochem.com.vn\/#website","url":"https:\/\/labochem.com.vn\/","name":"C\u00f4ng ty TNHH LABOCHEM Vi\u1ec7t Nam","description":"M\u1ed9t trang web m\u1edbi s\u1eed d\u1ee5ng WordPress","potentialAction":[{"@type":"SearchAction","target":{"@type":"EntryPoint","urlTemplate":"https:\/\/labochem.com.vn\/?s={search_term_string}"},"query-input":"required name=search_term_string"}],"inLanguage":"en-US"}]}},"_links":{"self":[{"href":"https:\/\/labochem.com.vn\/en\/wp-json\/wp\/v2\/product\/521"}],"collection":[{"href":"https:\/\/labochem.com.vn\/en\/wp-json\/wp\/v2\/product"}],"about":[{"href":"https:\/\/labochem.com.vn\/en\/wp-json\/wp\/v2\/types\/product"}],"replies":[{"embeddable":true,"href":"https:\/\/labochem.com.vn\/en\/wp-json\/wp\/v2\/comments?post=521"}],"wp:featuredmedia":[{"embeddable":true,"href":"https:\/\/labochem.com.vn\/en\/wp-json\/wp\/v2\/media\/522"}],"wp:attachment":[{"href":"https:\/\/labochem.com.vn\/en\/wp-json\/wp\/v2\/media?parent=521"}],"wp:term":[{"taxonomy":"product_cat","embeddable":true,"href":"https:\/\/labochem.com.vn\/en\/wp-json\/wp\/v2\/product_cat?post=521"},{"taxonomy":"product_tag","embeddable":true,"href":"https:\/\/labochem.com.vn\/en\/wp-json\/wp\/v2\/product_tag?post=521"}],"curies":[{"name":"wp","href":"https:\/\/api.w.org\/{rel}","templated":true}]}}