{"id":519,"date":"2020-05-09T01:36:39","date_gmt":"2020-05-09T01:36:39","guid":{"rendered":"https:\/\/labochem.com.vn\/?post_type=product&#038;p=519"},"modified":"2020-05-09T01:36:40","modified_gmt":"2020-05-09T01:36:40","slug":"chemical-oxygen-demand-cod-tntplus-vial-test-ulr-1-60-mg-l-cod-tnt820-hach","status":"publish","type":"product","link":"https:\/\/labochem.com.vn\/en\/s\u1ea3n ph\u1ea9m\/chemical-oxygen-demand-cod-tntplus-vial-test-ulr-1-60-mg-l-cod-tnt820-hach\/","title":{"rendered":"(Ti\u1ebfng Vi\u1ec7t) Chemical Oxygen Demand (COD) TNTplus Vial Test, ULR (1-60 mg\/L COD) \u2013 TNT820 \u2013 Hach"},"content":{"rendered":"","protected":false},"excerpt":{"rendered":"<p class=\"qtranxs-available-languages-message qtranxs-available-languages-message-en\">Sorry, this entry is only available in <a href=\"https:\/\/labochem.com.vn\/vi\/wp-json\/wp\/v2\/product\/519\" class=\"qtranxs-available-language-link qtranxs-available-language-link-vi\" title=\"Ti\u1ebfng Vi\u1ec7t\">Ti\u1ebfng Vi\u1ec7t<\/a>.<\/p>\n","protected":false},"featured_media":520,"comment_status":"open","ping_status":"closed","template":"","meta":[],"product_cat":[137],"product_tag":[169,170],"yoast_head":"<!-- This site is optimized with the Yoast SEO plugin v22.6 - https:\/\/yoast.com\/wordpress\/plugins\/seo\/ -->\n<title><\/title>\n<meta name=\"robots\" content=\"index, follow, max-snippet:-1, max-image-preview:large, max-video-preview:-1\" \/>\n<link rel=\"canonical\" href=\"https:\/\/labochem.com.vn\/s\u1ea3n%20ph\u1ea9m\/chemical-oxygen-demand-cod-tntplus-vial-test-ulr-1-60-mg-l-cod-tnt820-hach\/\" \/>\n<meta property=\"og:locale\" content=\"en_US\" \/>\n<meta property=\"og:type\" content=\"article\" \/>\n<meta property=\"og:title\" content=\"[:vi]Chemical Oxygen Demand (COD) TNTplus Vial Test, ULR (1-60 mg\/L COD) \u2013 TNT820 \u2013 Hach[:] - C\u00f4ng ty TNHH LABOCHEM Vi\u1ec7t Nam\" \/>\n<meta property=\"og:description\" content=\"[:vi]T\u00ean s\u1ea3n ph\u1ea9m:\u00a0Chemical Oxygen Demand (COD) TNTplus Vial Test, ULR (1-60 mg\/L COD) \u2013 TNT820 \u2013 Hach   M\u00e3 s\u1ea3n ph\u1ea9m: TNT820  Th\u01b0\u01a1ng hi\u1ec7u:\u00a0Hach  Xu\u1ea5t x\u1ee9: M\u1ef9  Ph\u01b0\u01a1ng ph\u00e1p ti\u1ebfn h\u00e0nh: X\u00e1c \u0111\u1ecbnh nhu c\u1ea7u oxy h\u00f3a h\u1ecdc (COD) b\u1eb1ng ph\u01b0\u01a1ng ph\u00e1p ti\u00eau h\u00f3a l\u00f2 ph\u1ea3n \u1ee9ng.  C\u00f4ng d\u1ee5ng: Ph\u00e2n t\u00edch nhu c\u1ea7u oxy h\u00f3a h\u1ecdc cung c\u1ea5p th\u00f4ng tin quan tr\u1ecdng cho qu\u00e1 tr\u00ecnh x\u1eed l\u00fd n\u01b0\u1edbc v\u00e0 r\u1ea5t c\u1ea7n thi\u1ebft \u0111\u1ec3 t\u00ednh t\u1ef7 l\u1ec7 COD trong n\u01b0\u1edbc th\u1ea3i \u2013 m\u1ed9t trong nh\u1eefng th\u00f4ng s\u1ed1 n\u01b0\u1edbc th\u1ea3i \u0111\u01b0\u1ee3c ph\u00e2n t\u00edch th\u01b0\u1eddng xuy\u00ean nh\u1ea5t tr\u00ean to\u00e0n c\u1ea7u.  &nbsp;[:]\" \/>\n<meta property=\"og:url\" content=\"https:\/\/labochem.com.vn\/s\u1ea3n ph\u1ea9m\/chemical-oxygen-demand-cod-tntplus-vial-test-ulr-1-60-mg-l-cod-tnt820-hach\/\" \/>\n<meta property=\"og:site_name\" content=\"C\u00f4ng ty TNHH LABOCHEM Vi\u1ec7t Nam\" \/>\n<meta property=\"article:modified_time\" content=\"2020-05-09T01:36:40+00:00\" \/>\n<meta property=\"og:image\" content=\"https:\/\/labochem.com.vn\/wp-content\/uploads\/2020\/05\/15.jpg\" \/>\n\t<meta property=\"og:image:width\" content=\"600\" \/>\n\t<meta property=\"og:image:height\" content=\"600\" \/>\n\t<meta property=\"og:image:type\" content=\"image\/jpeg\" \/>\n<meta name=\"twitter:card\" content=\"summary_large_image\" \/>\n<script type=\"application\/ld+json\" class=\"yoast-schema-graph\">{\"@context\":\"https:\/\/schema.org\",\"@graph\":[{\"@type\":\"WebPage\",\"@id\":\"https:\/\/labochem.com.vn\/s\u1ea3n ph\u1ea9m\/chemical-oxygen-demand-cod-tntplus-vial-test-ulr-1-60-mg-l-cod-tnt820-hach\/\",\"url\":\"https:\/\/labochem.com.vn\/s\u1ea3n ph\u1ea9m\/chemical-oxygen-demand-cod-tntplus-vial-test-ulr-1-60-mg-l-cod-tnt820-hach\/\",\"name\":\"[:vi]Chemical Oxygen Demand (COD) TNTplus Vial Test, ULR (1-60 mg\/L COD) \u2013 TNT820 \u2013 Hach[:] - C\u00f4ng ty TNHH LABOCHEM Vi\u1ec7t Nam\",\"isPartOf\":{\"@id\":\"https:\/\/labochem.com.vn\/#website\"},\"primaryImageOfPage\":{\"@id\":\"https:\/\/labochem.com.vn\/s\u1ea3n ph\u1ea9m\/chemical-oxygen-demand-cod-tntplus-vial-test-ulr-1-60-mg-l-cod-tnt820-hach\/#primaryimage\"},\"image\":{\"@id\":\"https:\/\/labochem.com.vn\/s\u1ea3n ph\u1ea9m\/chemical-oxygen-demand-cod-tntplus-vial-test-ulr-1-60-mg-l-cod-tnt820-hach\/#primaryimage\"},\"thumbnailUrl\":\"https:\/\/labochem.com.vn\/wp-content\/uploads\/2020\/05\/15.jpg\",\"datePublished\":\"2020-05-09T01:36:39+00:00\",\"dateModified\":\"2020-05-09T01:36:40+00:00\",\"breadcrumb\":{\"@id\":\"https:\/\/labochem.com.vn\/s\u1ea3n ph\u1ea9m\/chemical-oxygen-demand-cod-tntplus-vial-test-ulr-1-60-mg-l-cod-tnt820-hach\/#breadcrumb\"},\"inLanguage\":\"en-US\",\"potentialAction\":[{\"@type\":\"ReadAction\",\"target\":[\"https:\/\/labochem.com.vn\/s\u1ea3n ph\u1ea9m\/chemical-oxygen-demand-cod-tntplus-vial-test-ulr-1-60-mg-l-cod-tnt820-hach\/\"]}]},{\"@type\":\"ImageObject\",\"inLanguage\":\"en-US\",\"@id\":\"https:\/\/labochem.com.vn\/s\u1ea3n ph\u1ea9m\/chemical-oxygen-demand-cod-tntplus-vial-test-ulr-1-60-mg-l-cod-tnt820-hach\/#primaryimage\",\"url\":\"https:\/\/labochem.com.vn\/wp-content\/uploads\/2020\/05\/15.jpg\",\"contentUrl\":\"https:\/\/labochem.com.vn\/wp-content\/uploads\/2020\/05\/15.jpg\",\"width\":600,\"height\":600},{\"@type\":\"BreadcrumbList\",\"@id\":\"https:\/\/labochem.com.vn\/s\u1ea3n ph\u1ea9m\/chemical-oxygen-demand-cod-tntplus-vial-test-ulr-1-60-mg-l-cod-tnt820-hach\/#breadcrumb\",\"itemListElement\":[{\"@type\":\"ListItem\",\"position\":1,\"name\":\"Home\",\"item\":\"https:\/\/labochem.com.vn\/\"},{\"@type\":\"ListItem\",\"position\":2,\"name\":\"C\u1eeda h\u00e0ng\",\"item\":\"https:\/\/labochem.com.vn\/mua\/\"},{\"@type\":\"ListItem\",\"position\":3,\"name\":\"Chemical Oxygen Demand (COD) TNTplus Vial Test, ULR (1-60 mg\/L COD) \u2013 TNT820 \u2013 Hach\"}]},{\"@type\":\"WebSite\",\"@id\":\"https:\/\/labochem.com.vn\/#website\",\"url\":\"https:\/\/labochem.com.vn\/\",\"name\":\"C\u00f4ng ty TNHH LABOCHEM Vi\u1ec7t Nam\",\"description\":\"M\u1ed9t trang web m\u1edbi s\u1eed d\u1ee5ng WordPress\",\"potentialAction\":[{\"@type\":\"SearchAction\",\"target\":{\"@type\":\"EntryPoint\",\"urlTemplate\":\"https:\/\/labochem.com.vn\/?s={search_term_string}\"},\"query-input\":\"required name=search_term_string\"}],\"inLanguage\":\"en-US\"}]}<\/script>\n<!-- \/ Yoast SEO plugin. -->","yoast_head_json":{"title":"[:vi]Chemical Oxygen Demand (COD) TNTplus Vial Test, ULR (1-60 mg\/L COD) \u2013 TNT820 \u2013 Hach[:] - C\u00f4ng ty TNHH LABOCHEM Vi\u1ec7t Nam","robots":{"index":"index","follow":"follow","max-snippet":"max-snippet:-1","max-image-preview":"max-image-preview:large","max-video-preview":"max-video-preview:-1"},"canonical":"https:\/\/labochem.com.vn\/s\u1ea3n ph\u1ea9m\/chemical-oxygen-demand-cod-tntplus-vial-test-ulr-1-60-mg-l-cod-tnt820-hach\/","og_locale":"en_US","og_type":"article","og_title":"[:vi]Chemical Oxygen Demand (COD) TNTplus Vial Test, ULR (1-60 mg\/L COD) \u2013 TNT820 \u2013 Hach[:] - C\u00f4ng ty TNHH LABOCHEM Vi\u1ec7t Nam","og_description":"[:vi]T\u00ean s\u1ea3n ph\u1ea9m:\u00a0Chemical Oxygen Demand (COD) TNTplus Vial Test, ULR (1-60 mg\/L COD) \u2013 TNT820 \u2013 Hach   M\u00e3 s\u1ea3n ph\u1ea9m: TNT820  Th\u01b0\u01a1ng hi\u1ec7u:\u00a0Hach  Xu\u1ea5t x\u1ee9: M\u1ef9  Ph\u01b0\u01a1ng ph\u00e1p ti\u1ebfn h\u00e0nh: X\u00e1c \u0111\u1ecbnh nhu c\u1ea7u oxy h\u00f3a h\u1ecdc (COD) b\u1eb1ng ph\u01b0\u01a1ng ph\u00e1p ti\u00eau h\u00f3a l\u00f2 ph\u1ea3n \u1ee9ng.  C\u00f4ng d\u1ee5ng: Ph\u00e2n t\u00edch nhu c\u1ea7u oxy h\u00f3a h\u1ecdc cung c\u1ea5p th\u00f4ng tin quan tr\u1ecdng cho qu\u00e1 tr\u00ecnh x\u1eed l\u00fd n\u01b0\u1edbc v\u00e0 r\u1ea5t c\u1ea7n thi\u1ebft \u0111\u1ec3 t\u00ednh t\u1ef7 l\u1ec7 COD trong n\u01b0\u1edbc th\u1ea3i \u2013 m\u1ed9t trong nh\u1eefng th\u00f4ng s\u1ed1 n\u01b0\u1edbc th\u1ea3i \u0111\u01b0\u1ee3c ph\u00e2n t\u00edch th\u01b0\u1eddng xuy\u00ean nh\u1ea5t tr\u00ean to\u00e0n c\u1ea7u.  &nbsp;[:]","og_url":"https:\/\/labochem.com.vn\/s\u1ea3n ph\u1ea9m\/chemical-oxygen-demand-cod-tntplus-vial-test-ulr-1-60-mg-l-cod-tnt820-hach\/","og_site_name":"C\u00f4ng ty TNHH LABOCHEM Vi\u1ec7t Nam","article_modified_time":"2020-05-09T01:36:40+00:00","og_image":[{"width":600,"height":600,"url":"https:\/\/labochem.com.vn\/wp-content\/uploads\/2020\/05\/15.jpg","type":"image\/jpeg"}],"twitter_card":"summary_large_image","schema":{"@context":"https:\/\/schema.org","@graph":[{"@type":"WebPage","@id":"https:\/\/labochem.com.vn\/s\u1ea3n ph\u1ea9m\/chemical-oxygen-demand-cod-tntplus-vial-test-ulr-1-60-mg-l-cod-tnt820-hach\/","url":"https:\/\/labochem.com.vn\/s\u1ea3n ph\u1ea9m\/chemical-oxygen-demand-cod-tntplus-vial-test-ulr-1-60-mg-l-cod-tnt820-hach\/","name":"[:vi]Chemical Oxygen Demand (COD) TNTplus Vial Test, ULR (1-60 mg\/L COD) \u2013 TNT820 \u2013 Hach[:] - C\u00f4ng ty TNHH LABOCHEM Vi\u1ec7t Nam","isPartOf":{"@id":"https:\/\/labochem.com.vn\/#website"},"primaryImageOfPage":{"@id":"https:\/\/labochem.com.vn\/s\u1ea3n ph\u1ea9m\/chemical-oxygen-demand-cod-tntplus-vial-test-ulr-1-60-mg-l-cod-tnt820-hach\/#primaryimage"},"image":{"@id":"https:\/\/labochem.com.vn\/s\u1ea3n ph\u1ea9m\/chemical-oxygen-demand-cod-tntplus-vial-test-ulr-1-60-mg-l-cod-tnt820-hach\/#primaryimage"},"thumbnailUrl":"https:\/\/labochem.com.vn\/wp-content\/uploads\/2020\/05\/15.jpg","datePublished":"2020-05-09T01:36:39+00:00","dateModified":"2020-05-09T01:36:40+00:00","breadcrumb":{"@id":"https:\/\/labochem.com.vn\/s\u1ea3n ph\u1ea9m\/chemical-oxygen-demand-cod-tntplus-vial-test-ulr-1-60-mg-l-cod-tnt820-hach\/#breadcrumb"},"inLanguage":"en-US","potentialAction":[{"@type":"ReadAction","target":["https:\/\/labochem.com.vn\/s\u1ea3n ph\u1ea9m\/chemical-oxygen-demand-cod-tntplus-vial-test-ulr-1-60-mg-l-cod-tnt820-hach\/"]}]},{"@type":"ImageObject","inLanguage":"en-US","@id":"https:\/\/labochem.com.vn\/s\u1ea3n ph\u1ea9m\/chemical-oxygen-demand-cod-tntplus-vial-test-ulr-1-60-mg-l-cod-tnt820-hach\/#primaryimage","url":"https:\/\/labochem.com.vn\/wp-content\/uploads\/2020\/05\/15.jpg","contentUrl":"https:\/\/labochem.com.vn\/wp-content\/uploads\/2020\/05\/15.jpg","width":600,"height":600},{"@type":"BreadcrumbList","@id":"https:\/\/labochem.com.vn\/s\u1ea3n ph\u1ea9m\/chemical-oxygen-demand-cod-tntplus-vial-test-ulr-1-60-mg-l-cod-tnt820-hach\/#breadcrumb","itemListElement":[{"@type":"ListItem","position":1,"name":"Home","item":"https:\/\/labochem.com.vn\/"},{"@type":"ListItem","position":2,"name":"C\u1eeda h\u00e0ng","item":"https:\/\/labochem.com.vn\/mua\/"},{"@type":"ListItem","position":3,"name":"Chemical Oxygen Demand (COD) TNTplus Vial Test, ULR (1-60 mg\/L COD) \u2013 TNT820 \u2013 Hach"}]},{"@type":"WebSite","@id":"https:\/\/labochem.com.vn\/#website","url":"https:\/\/labochem.com.vn\/","name":"C\u00f4ng ty TNHH LABOCHEM Vi\u1ec7t Nam","description":"M\u1ed9t trang web m\u1edbi s\u1eed d\u1ee5ng WordPress","potentialAction":[{"@type":"SearchAction","target":{"@type":"EntryPoint","urlTemplate":"https:\/\/labochem.com.vn\/?s={search_term_string}"},"query-input":"required name=search_term_string"}],"inLanguage":"en-US"}]}},"_links":{"self":[{"href":"https:\/\/labochem.com.vn\/en\/wp-json\/wp\/v2\/product\/519"}],"collection":[{"href":"https:\/\/labochem.com.vn\/en\/wp-json\/wp\/v2\/product"}],"about":[{"href":"https:\/\/labochem.com.vn\/en\/wp-json\/wp\/v2\/types\/product"}],"replies":[{"embeddable":true,"href":"https:\/\/labochem.com.vn\/en\/wp-json\/wp\/v2\/comments?post=519"}],"wp:featuredmedia":[{"embeddable":true,"href":"https:\/\/labochem.com.vn\/en\/wp-json\/wp\/v2\/media\/520"}],"wp:attachment":[{"href":"https:\/\/labochem.com.vn\/en\/wp-json\/wp\/v2\/media?parent=519"}],"wp:term":[{"taxonomy":"product_cat","embeddable":true,"href":"https:\/\/labochem.com.vn\/en\/wp-json\/wp\/v2\/product_cat?post=519"},{"taxonomy":"product_tag","embeddable":true,"href":"https:\/\/labochem.com.vn\/en\/wp-json\/wp\/v2\/product_tag?post=519"}],"curies":[{"name":"wp","href":"https:\/\/api.w.org\/{rel}","templated":true}]}}