{"id":51,"date":"2020-04-22T15:25:22","date_gmt":"2020-04-22T15:25:22","guid":{"rendered":"http:\/\/labochem.com.vn\/?post_type=product&#038;p=51"},"modified":"2020-04-22T15:34:44","modified_gmt":"2020-04-22T15:34:44","slug":"ong-nghiem-edta-k2-k3-chan-khong-7","status":"publish","type":"product","link":"https:\/\/labochem.com.vn\/en\/s\u1ea3n ph\u1ea9m\/ong-nghiem-edta-k2-k3-chan-khong-7\/","title":{"rendered":"\u1ed0ng nghi\u1ec7m EDTA K2\/K3 ch\u00e2n kh\u00f4ng"},"content":{"rendered":"<ul>\n<li>Th\u00e2n \u1ed1ng \u0111\u01b0\u1ee3c l\u00e0m b\u1eb1ng ch\u1ea5t li\u1ec7u nh\u1ef1a PET k\u00edch th\u01b0\u1edbc 13x75mm (\u1ed1ng dung t\u00edch 2ml, 4ml); 13x100mm (\u1ed1ng dung t\u00edch 6ml); 16x100mm (\u1ed1ng dung t\u00edch 6ml, 8ml, 10ml) n\u1eafp cao su \u0111\u01b0\u1ee3c b\u1ecdc nh\u1ef1a m\u00e0u\u00a0<strong>T\u00edm<\/strong>, l\u1ea5y m\u00e1u b\u1eb1ng \u00e1p l\u1ef1c \u00e2m (d\u00f9ng kim l\u1ea5y m\u00e1u 2 \u0111\u1ea7u),\u00a0th\u00edch h\u1ee3p d\u00f9ng cho c\u00e1c m\u00e1y x\u00e9t nghi\u1ec7m t\u1ef1 \u0111\u1ed9ng.<\/li>\n<li>Tem nh\u00e3n \u0111\u01b0\u1ee3c in v\u1edbi m\u00e0u T\u00edm ch\u1ee7 \u0111\u1ea1o v\u1edbi g\u00f3c tr\u00ean b\u00ean ph\u1ea3i in h\u00ecnh logo APM (\u0111\u00e3 \u0111\u0103ng k\u00fd s\u1edf h\u1eefu) b\u00ean trong 3 h\u00ecnh l\u1ee5c gi\u00e1c \u0111\u1ec1u c\u00e2n x\u1ee9ng nhau.<\/li>\n<\/ul>\n<p><strong>\u0110\u1eb7c \u0111i\u1ec3m:<\/strong><\/p>\n<ul>\n<li>S\u1ea3n ph\u1ea9m \u0111\u01b0\u1ee3c phun h\u00f3a ch\u1ea5t ch\u1ed1ng \u0111\u00f4ng K2\/K3 EDTA (K2\/ K3 Ethylenediaminetetraacetic acid) d\u01b0\u1edbi d\u1ea1ng s\u01b0\u01a1ng b\u00e1m \u0111\u1ec1u tr\u00ean th\u00e0nh trong c\u1ee7a \u1ed1ng nghi\u1ec7m \u1edf m\u1ed9t n\u1ed3ng \u0111\u1ed9 ti\u00eau chu\u1ea9n \u0111\u1ee7 \u0111\u1ec3 ch\u1ed1ng \u0111\u00f4ng cho m\u00e1u trong kho\u1ea3ng t\u1eeb 6-8 gi\u1edd \u1edf \u0111i\u1ec1u ki\u1ec7n nhi\u1ec7t \u0111\u1ed9 ph\u00f2ng.<\/li>\n<\/ul>\n<p><strong>C\u00e1ch d\u00f9ng:<\/strong><\/p>\n<ul>\n<li>D\u00f9ng kim l\u1ea5y m\u00e1u 2 \u0111\u1ea7u, c\u1eafm 1 \u0111\u1ea7u v\u00e0o ven b\u1ec7nh nh\u00e2n tr\u01b0\u1edbc, sau \u0111\u00f3 c\u1eafm \u0111\u1ea7u c\u00f2n l\u1ea1i xuy\u00ean qua l\u1edbp cao su c\u1ee7a n\u1eafp \u1ed1ng, m\u00e1u s\u1ebd t\u1ef1 \u0111\u1ed9ng \u0111\u01b0\u1ee3c h\u00fat v\u00e0o t\u01b0\u01a1ng \u1ee9ng v\u1edbi lo\u1ea1i dung t\u00edch cho ph\u00e9p ghi tr\u00ean \u1ed1ng.<\/li>\n<li>Sau khi h\u00fat xong, r\u00fat kim ra kh\u1ecfi ven b\u1ec7nh nh\u00e2n, sau \u0111\u00f3 r\u00fat kim ra kh\u1ecfi \u1ed1ng nghi\u1ec7m b\u1ecf v\u00e0o \u0111\u00fang n\u01a1i quy \u0111\u1ecbnh, \u0111\u1ea3o \u1ed1ng v\u00e0i l\u1ea7n cho h\u00f2a \u0111\u1ec1u h\u00f3a ch\u1ea5t v\u00e0 m\u00e1u.<\/li>\n<\/ul>\n<table>\n<tbody>\n<tr>\n<td><strong>T\u00ean h\u00e0ng<\/strong><\/td>\n<td><strong>Quy c\u00e1ch<\/strong><\/td>\n<td><strong>Xu\u1ea5t x\u1ee9<\/strong><\/td>\n<td><strong>Ti\u00eau chu\u1ea9n<\/strong><\/td>\n<td><strong>S\u1ed1 gi\u1ea5y ph\u00e9p l\u01b0u h\u00e0nh<\/strong><\/td>\n<td><strong>S\u1ed1 phi\u1ebfu ti\u1ebfp nh\u1eadn<\/strong><\/td>\n<\/tr>\n<tr>\n<td>\u1ed0ng nghi\u1ec7m EDTA ch\u00e2n kh\u00f4ng APM\u00a02ml, 4ml<\/td>\n<td>1.800 \u1ed1ng\/ th\u00f9ng100 \u1ed1ng\/khay<\/td>\n<td>APM \u2013 VN<\/td>\n<td>ISO 13485:2016ISO 9001:2016<\/td>\n<td>80\/2016\/BYT_TB_CT<\/td>\n<td>190001447\/PCBA-HN<\/td>\n<\/tr>\n<tr>\n<td>\u1ed0ng nghi\u1ec7m EDTA ch\u00e2n kh\u00f4ng APM 6ml<\/td>\n<td>1.200 \u1ed1ng\/ th\u00f9ng100 \u1ed1ng\/khay<\/td>\n<td>APM \u2013 VN<\/td>\n<td>ISO 13485:2016ISO 9001:2016<\/td>\n<td>80\/2016\/BYT_TB_CT<\/td>\n<td>190001447\/PCBA-HN<\/td>\n<\/tr>\n<tr>\n<td>\u1ed0ng nghi\u1ec7m EDTA ch\u00e2n kh\u00f4ng APM 8ml, 10ml<\/td>\n<td>800 \u1ed1ng\/ th\u00f9ng 100 \u1ed1ng\/khay<\/td>\n<td>APM \u2013 VN<\/td>\n<td>ISO 13485:2016ISO 9001:2016<\/td>\n<td>80\/2016\/BYT_TB_CT<\/td>\n<td>190001447\/PCBA-HN<\/td>\n<\/tr>\n<tr>\n<td colspan=\"6\">Th\u1ec3 t\u00edch ti\u00eau chu\u1ea9n: 2ml, 4ml, 6ml, 8ml, 10ml.<\/td>\n<\/tr>\n<\/tbody>\n<\/table>\n<p>&nbsp;<\/p>\n","protected":false},"excerpt":{"rendered":"<p>Th\u00e2n \u1ed1ng \u0111\u01b0\u1ee3c l\u00e0m b\u1eb1ng ch\u1ea5t li\u1ec7u nh\u1ef1a PET k\u00edch th\u01b0\u1edbc 13x75mm (\u1ed1ng dung t\u00edch 2ml, 4ml); 13x100mm (\u1ed1ng dung t\u00edch 6ml); 16x100mm (\u1ed1ng dung t\u00edch 6ml, 8ml, 10ml) n\u1eafp cao su \u0111\u01b0\u1ee3c b\u1ecdc nh\u1ef1a m\u00e0u\u00a0T\u00edm, l\u1ea5y m\u00e1u b\u1eb1ng \u00e1p l\u1ef1c \u00e2m (d\u00f9ng kim l\u1ea5y m\u00e1u 2 \u0111\u1ea7u),\u00a0th\u00edch h\u1ee3p d\u00f9ng cho c\u00e1c m\u00e1y x\u00e9t nghi\u1ec7m [&hellip;]<\/p>\n","protected":false},"featured_media":44,"comment_status":"open","ping_status":"closed","template":"","meta":[],"product_cat":[15,18,20,19],"product_tag":[],"yoast_head":"<!-- This site is optimized with the Yoast SEO plugin v22.6 - https:\/\/yoast.com\/wordpress\/plugins\/seo\/ -->\n<title>\u1ed0ng nghi\u1ec7m EDTA K2\/K3 ch\u00e2n kh\u00f4ng - C\u00f4ng ty TNHH LABOCHEM Vi\u1ec7t Nam<\/title>\n<meta name=\"robots\" content=\"index, follow, max-snippet:-1, max-image-preview:large, max-video-preview:-1\" \/>\n<link rel=\"canonical\" href=\"https:\/\/labochem.com.vn\/s\u1ea3n%20ph\u1ea9m\/ong-nghiem-edta-k2-k3-chan-khong-7\/\" \/>\n<meta property=\"og:locale\" content=\"en_US\" \/>\n<meta property=\"og:type\" content=\"article\" \/>\n<meta property=\"og:title\" content=\"\u1ed0ng nghi\u1ec7m EDTA K2\/K3 ch\u00e2n kh\u00f4ng - C\u00f4ng ty TNHH LABOCHEM Vi\u1ec7t Nam\" \/>\n<meta property=\"og:description\" content=\"Th\u00e2n \u1ed1ng \u0111\u01b0\u1ee3c l\u00e0m b\u1eb1ng ch\u1ea5t li\u1ec7u nh\u1ef1a PET k\u00edch th\u01b0\u1edbc 13x75mm (\u1ed1ng dung t\u00edch 2ml, 4ml); 13x100mm (\u1ed1ng dung t\u00edch 6ml); 16x100mm (\u1ed1ng dung t\u00edch 6ml, 8ml, 10ml) n\u1eafp cao su \u0111\u01b0\u1ee3c b\u1ecdc nh\u1ef1a m\u00e0u\u00a0T\u00edm, l\u1ea5y m\u00e1u b\u1eb1ng \u00e1p l\u1ef1c \u00e2m (d\u00f9ng kim l\u1ea5y m\u00e1u 2 \u0111\u1ea7u),\u00a0th\u00edch h\u1ee3p d\u00f9ng cho c\u00e1c m\u00e1y x\u00e9t nghi\u1ec7m [&hellip;]\" \/>\n<meta property=\"og:url\" content=\"https:\/\/labochem.com.vn\/s\u1ea3n ph\u1ea9m\/ong-nghiem-edta-k2-k3-chan-khong-7\/\" \/>\n<meta property=\"og:site_name\" content=\"C\u00f4ng ty TNHH LABOCHEM Vi\u1ec7t Nam\" \/>\n<meta property=\"article:modified_time\" content=\"2020-04-22T15:34:44+00:00\" \/>\n<meta property=\"og:image\" content=\"https:\/\/labochem.com.vn\/wp-content\/uploads\/2020\/04\/7.jpg\" \/>\n\t<meta property=\"og:image:width\" content=\"2035\" \/>\n\t<meta property=\"og:image:height\" content=\"1526\" \/>\n\t<meta property=\"og:image:type\" content=\"image\/jpeg\" \/>\n<meta name=\"twitter:card\" content=\"summary_large_image\" \/>\n<meta name=\"twitter:label1\" content=\"Est. reading time\" \/>\n\t<meta name=\"twitter:data1\" content=\"2 minutes\" \/>\n<script type=\"application\/ld+json\" class=\"yoast-schema-graph\">{\"@context\":\"https:\/\/schema.org\",\"@graph\":[{\"@type\":\"WebPage\",\"@id\":\"https:\/\/labochem.com.vn\/s\u1ea3n ph\u1ea9m\/ong-nghiem-edta-k2-k3-chan-khong-7\/\",\"url\":\"https:\/\/labochem.com.vn\/s\u1ea3n ph\u1ea9m\/ong-nghiem-edta-k2-k3-chan-khong-7\/\",\"name\":\"\u1ed0ng nghi\u1ec7m EDTA K2\/K3 ch\u00e2n kh\u00f4ng - C\u00f4ng ty TNHH LABOCHEM Vi\u1ec7t Nam\",\"isPartOf\":{\"@id\":\"https:\/\/labochem.com.vn\/#website\"},\"primaryImageOfPage\":{\"@id\":\"https:\/\/labochem.com.vn\/s\u1ea3n ph\u1ea9m\/ong-nghiem-edta-k2-k3-chan-khong-7\/#primaryimage\"},\"image\":{\"@id\":\"https:\/\/labochem.com.vn\/s\u1ea3n ph\u1ea9m\/ong-nghiem-edta-k2-k3-chan-khong-7\/#primaryimage\"},\"thumbnailUrl\":\"https:\/\/labochem.com.vn\/wp-content\/uploads\/2020\/04\/7.jpg\",\"datePublished\":\"2020-04-22T15:25:22+00:00\",\"dateModified\":\"2020-04-22T15:34:44+00:00\",\"breadcrumb\":{\"@id\":\"https:\/\/labochem.com.vn\/s\u1ea3n ph\u1ea9m\/ong-nghiem-edta-k2-k3-chan-khong-7\/#breadcrumb\"},\"inLanguage\":\"en-US\",\"potentialAction\":[{\"@type\":\"ReadAction\",\"target\":[\"https:\/\/labochem.com.vn\/s\u1ea3n ph\u1ea9m\/ong-nghiem-edta-k2-k3-chan-khong-7\/\"]}]},{\"@type\":\"ImageObject\",\"inLanguage\":\"en-US\",\"@id\":\"https:\/\/labochem.com.vn\/s\u1ea3n ph\u1ea9m\/ong-nghiem-edta-k2-k3-chan-khong-7\/#primaryimage\",\"url\":\"https:\/\/labochem.com.vn\/wp-content\/uploads\/2020\/04\/7.jpg\",\"contentUrl\":\"https:\/\/labochem.com.vn\/wp-content\/uploads\/2020\/04\/7.jpg\",\"width\":2035,\"height\":1526},{\"@type\":\"BreadcrumbList\",\"@id\":\"https:\/\/labochem.com.vn\/s\u1ea3n ph\u1ea9m\/ong-nghiem-edta-k2-k3-chan-khong-7\/#breadcrumb\",\"itemListElement\":[{\"@type\":\"ListItem\",\"position\":1,\"name\":\"Home\",\"item\":\"https:\/\/labochem.com.vn\/\"},{\"@type\":\"ListItem\",\"position\":2,\"name\":\"C\u1eeda h\u00e0ng\",\"item\":\"https:\/\/labochem.com.vn\/mua\/\"},{\"@type\":\"ListItem\",\"position\":3,\"name\":\"\u1ed0ng nghi\u1ec7m EDTA K2\/K3 ch\u00e2n kh\u00f4ng\"}]},{\"@type\":\"WebSite\",\"@id\":\"https:\/\/labochem.com.vn\/#website\",\"url\":\"https:\/\/labochem.com.vn\/\",\"name\":\"C\u00f4ng ty TNHH LABOCHEM Vi\u1ec7t Nam\",\"description\":\"M\u1ed9t trang web m\u1edbi s\u1eed d\u1ee5ng WordPress\",\"potentialAction\":[{\"@type\":\"SearchAction\",\"target\":{\"@type\":\"EntryPoint\",\"urlTemplate\":\"https:\/\/labochem.com.vn\/?s={search_term_string}\"},\"query-input\":\"required name=search_term_string\"}],\"inLanguage\":\"en-US\"}]}<\/script>\n<!-- \/ Yoast SEO plugin. -->","yoast_head_json":{"title":"\u1ed0ng nghi\u1ec7m EDTA K2\/K3 ch\u00e2n kh\u00f4ng - C\u00f4ng ty TNHH LABOCHEM Vi\u1ec7t Nam","robots":{"index":"index","follow":"follow","max-snippet":"max-snippet:-1","max-image-preview":"max-image-preview:large","max-video-preview":"max-video-preview:-1"},"canonical":"https:\/\/labochem.com.vn\/s\u1ea3n ph\u1ea9m\/ong-nghiem-edta-k2-k3-chan-khong-7\/","og_locale":"en_US","og_type":"article","og_title":"\u1ed0ng nghi\u1ec7m EDTA K2\/K3 ch\u00e2n kh\u00f4ng - C\u00f4ng ty TNHH LABOCHEM Vi\u1ec7t Nam","og_description":"Th\u00e2n \u1ed1ng \u0111\u01b0\u1ee3c l\u00e0m b\u1eb1ng ch\u1ea5t li\u1ec7u nh\u1ef1a PET k\u00edch th\u01b0\u1edbc 13x75mm (\u1ed1ng dung t\u00edch 2ml, 4ml); 13x100mm (\u1ed1ng dung t\u00edch 6ml); 16x100mm (\u1ed1ng dung t\u00edch 6ml, 8ml, 10ml) n\u1eafp cao su \u0111\u01b0\u1ee3c b\u1ecdc nh\u1ef1a m\u00e0u\u00a0T\u00edm, l\u1ea5y m\u00e1u b\u1eb1ng \u00e1p l\u1ef1c \u00e2m (d\u00f9ng kim l\u1ea5y m\u00e1u 2 \u0111\u1ea7u),\u00a0th\u00edch h\u1ee3p d\u00f9ng cho c\u00e1c m\u00e1y x\u00e9t nghi\u1ec7m [&hellip;]","og_url":"https:\/\/labochem.com.vn\/s\u1ea3n ph\u1ea9m\/ong-nghiem-edta-k2-k3-chan-khong-7\/","og_site_name":"C\u00f4ng ty TNHH LABOCHEM Vi\u1ec7t Nam","article_modified_time":"2020-04-22T15:34:44+00:00","og_image":[{"width":2035,"height":1526,"url":"https:\/\/labochem.com.vn\/wp-content\/uploads\/2020\/04\/7.jpg","type":"image\/jpeg"}],"twitter_card":"summary_large_image","twitter_misc":{"Est. reading time":"2 minutes"},"schema":{"@context":"https:\/\/schema.org","@graph":[{"@type":"WebPage","@id":"https:\/\/labochem.com.vn\/s\u1ea3n ph\u1ea9m\/ong-nghiem-edta-k2-k3-chan-khong-7\/","url":"https:\/\/labochem.com.vn\/s\u1ea3n ph\u1ea9m\/ong-nghiem-edta-k2-k3-chan-khong-7\/","name":"\u1ed0ng nghi\u1ec7m EDTA K2\/K3 ch\u00e2n kh\u00f4ng - C\u00f4ng ty TNHH LABOCHEM Vi\u1ec7t Nam","isPartOf":{"@id":"https:\/\/labochem.com.vn\/#website"},"primaryImageOfPage":{"@id":"https:\/\/labochem.com.vn\/s\u1ea3n ph\u1ea9m\/ong-nghiem-edta-k2-k3-chan-khong-7\/#primaryimage"},"image":{"@id":"https:\/\/labochem.com.vn\/s\u1ea3n ph\u1ea9m\/ong-nghiem-edta-k2-k3-chan-khong-7\/#primaryimage"},"thumbnailUrl":"https:\/\/labochem.com.vn\/wp-content\/uploads\/2020\/04\/7.jpg","datePublished":"2020-04-22T15:25:22+00:00","dateModified":"2020-04-22T15:34:44+00:00","breadcrumb":{"@id":"https:\/\/labochem.com.vn\/s\u1ea3n ph\u1ea9m\/ong-nghiem-edta-k2-k3-chan-khong-7\/#breadcrumb"},"inLanguage":"en-US","potentialAction":[{"@type":"ReadAction","target":["https:\/\/labochem.com.vn\/s\u1ea3n ph\u1ea9m\/ong-nghiem-edta-k2-k3-chan-khong-7\/"]}]},{"@type":"ImageObject","inLanguage":"en-US","@id":"https:\/\/labochem.com.vn\/s\u1ea3n ph\u1ea9m\/ong-nghiem-edta-k2-k3-chan-khong-7\/#primaryimage","url":"https:\/\/labochem.com.vn\/wp-content\/uploads\/2020\/04\/7.jpg","contentUrl":"https:\/\/labochem.com.vn\/wp-content\/uploads\/2020\/04\/7.jpg","width":2035,"height":1526},{"@type":"BreadcrumbList","@id":"https:\/\/labochem.com.vn\/s\u1ea3n ph\u1ea9m\/ong-nghiem-edta-k2-k3-chan-khong-7\/#breadcrumb","itemListElement":[{"@type":"ListItem","position":1,"name":"Home","item":"https:\/\/labochem.com.vn\/"},{"@type":"ListItem","position":2,"name":"C\u1eeda h\u00e0ng","item":"https:\/\/labochem.com.vn\/mua\/"},{"@type":"ListItem","position":3,"name":"\u1ed0ng nghi\u1ec7m EDTA K2\/K3 ch\u00e2n kh\u00f4ng"}]},{"@type":"WebSite","@id":"https:\/\/labochem.com.vn\/#website","url":"https:\/\/labochem.com.vn\/","name":"C\u00f4ng ty TNHH LABOCHEM Vi\u1ec7t Nam","description":"M\u1ed9t trang web m\u1edbi s\u1eed d\u1ee5ng WordPress","potentialAction":[{"@type":"SearchAction","target":{"@type":"EntryPoint","urlTemplate":"https:\/\/labochem.com.vn\/?s={search_term_string}"},"query-input":"required name=search_term_string"}],"inLanguage":"en-US"}]}},"_links":{"self":[{"href":"https:\/\/labochem.com.vn\/en\/wp-json\/wp\/v2\/product\/51"}],"collection":[{"href":"https:\/\/labochem.com.vn\/en\/wp-json\/wp\/v2\/product"}],"about":[{"href":"https:\/\/labochem.com.vn\/en\/wp-json\/wp\/v2\/types\/product"}],"replies":[{"embeddable":true,"href":"https:\/\/labochem.com.vn\/en\/wp-json\/wp\/v2\/comments?post=51"}],"wp:featuredmedia":[{"embeddable":true,"href":"https:\/\/labochem.com.vn\/en\/wp-json\/wp\/v2\/media\/44"}],"wp:attachment":[{"href":"https:\/\/labochem.com.vn\/en\/wp-json\/wp\/v2\/media?parent=51"}],"wp:term":[{"taxonomy":"product_cat","embeddable":true,"href":"https:\/\/labochem.com.vn\/en\/wp-json\/wp\/v2\/product_cat?post=51"},{"taxonomy":"product_tag","embeddable":true,"href":"https:\/\/labochem.com.vn\/en\/wp-json\/wp\/v2\/product_tag?post=51"}],"curies":[{"name":"wp","href":"https:\/\/api.w.org\/{rel}","templated":true}]}}