{"id":501,"date":"2020-05-08T06:52:04","date_gmt":"2020-05-08T06:52:04","guid":{"rendered":"https:\/\/labochem.com.vn\/?post_type=product&#038;p=501"},"modified":"2024-07-02T18:37:15","modified_gmt":"2024-07-02T18:37:15","slug":"thuoc-thu-dong-10ml-pk-100-2105869-hach","status":"publish","type":"product","link":"https:\/\/labochem.com.vn\/en\/s\u1ea3n ph\u1ea9m\/thuoc-thu-dong-10ml-pk-100-2105869-hach\/","title":{"rendered":"(Ti\u1ebfng Vi\u1ec7t) Thu\u1ed1c th\u1eed ph\u00e2n t\u00edch C\u00e1c lo\u1ea1i\u2013 Hach"},"content":{"rendered":"","protected":false},"excerpt":{"rendered":"<p class=\"qtranxs-available-languages-message qtranxs-available-languages-message-en\">Sorry, this entry is only available in <a href=\"https:\/\/labochem.com.vn\/vi\/wp-json\/wp\/v2\/product\/501\" class=\"qtranxs-available-language-link qtranxs-available-language-link-vi\" title=\"Ti\u1ebfng Vi\u1ec7t\">Ti\u1ebfng Vi\u1ec7t<\/a>.<\/p>\n","protected":false},"featured_media":502,"comment_status":"open","ping_status":"closed","template":"","meta":[],"product_cat":[137],"product_tag":[166,165],"yoast_head":"<!-- This site is optimized with the Yoast SEO plugin v22.6 - https:\/\/yoast.com\/wordpress\/plugins\/seo\/ -->\n<title><\/title>\n<meta name=\"robots\" content=\"index, follow, max-snippet:-1, max-image-preview:large, max-video-preview:-1\" \/>\n<link rel=\"canonical\" href=\"https:\/\/labochem.com.vn\/s\u1ea3n%20ph\u1ea9m\/thuoc-thu-dong-10ml-pk-100-2105869-hach\/\" \/>\n<meta property=\"og:locale\" content=\"en_US\" \/>\n<meta property=\"og:type\" content=\"article\" \/>\n<meta property=\"og:title\" content=\"[:vi] Thu\u1ed1c th\u1eed ph\u00e2n t\u00edch C\u00e1c lo\u1ea1i\u2013 Hach[:] - C\u00f4ng ty TNHH LABOCHEM Vi\u1ec7t Nam\" \/>\n<meta property=\"og:description\" content=\"[:vi]1.Thu\u1ed1c th\u1eed \u0111\u1ed3ng 10ml, PK\/100 \u2013 2105869 \u2013 Hach   M\u00e3 s\u1ea3n ph\u1ea9m: 2105869  Th\u01b0\u01a1ng hi\u1ec7u: Hach  \u0110\u00f3ng g\u00f3i: 100 g\u00f3i b\u1ed9t  \u0110\u1eb7c \u0111i\u1ec3m c\u1ee7a Thu\u1ed1c th\u1eed \u0111\u1ed3ng 10ml, PK\/100 \u2013 2105869 \u2013 Hach   \u0110\u1ec3 x\u00e1c \u0111\u1ecbnh \u0111\u1ed3ng b\u1eb1ng ph\u01b0\u01a1ng ph\u00e1p bicinchoninate.  Tu\u00e2n th\u1ee7 EPA cho b\u00e1o c\u00e1o n\u01b0\u1edbc th\u1ea3i \u2013 Ph\u01b0\u01a1ng ph\u00e1p Hach 8506.  Ph\u1ea1m vi: l\u00ean \u0111\u1ebfn 5.00 mg \/ L Cu.  K\u00edch th\u01b0\u1edbc m\u1eabu: 10 mL  2.Thu\u1ed1c th\u1eed S\u1eaft t\u1ed5ng 10ml, PK\/100 \u2013 2105769 \u2013 Hach   M\u00e3 s\u1ea3n ph\u1ea9m: 2105769  Th\u01b0\u01a1ng hi\u1ec7u: Hach  \u0110\u1eb7c \u0111i\u1ec3m c\u1ee7a Thu\u1ed1c th\u1eed S\u1eaft t\u1ed5ng 10ml, PK\/100 \u2013 2105769 \u2013 Hach   \u0110\u1ec3 x\u00e1c \u0111\u1ecbnh s\u1eaft b\u1eb1ng ph\u01b0\u01a1ng ph\u00e1p 1.10 phenanthroline. USEPA \u0111\u00e3 ph\u00ea duy\u1ec7t ph\u01b0\u01a1ng ph\u00e1p \u0111\u1ec3 b\u00e1o c\u00e1o ph\u00e2n t\u00edch n\u01b0\u1edbc th\u1ea3i b\u1eb1ng c\u00e1ch s\u1eed d\u1ee5ng Hach Ph\u01b0\u01a1ng ph\u00e1p 8008.  D\u1ea3i \u0111o: 0,02 \u0111\u1ebfn 3,00 mg \/ L.  K\u00edch th\u01b0\u1edbc m\u1eabu: 10 mL  Ph\u01b0\u01a1ng ph\u00e1p 8008  3.Thu\u1ed1c th\u1eed Clo t\u1ed5ng 10ml, PK\/100 (DPD Total Chlorine) \u2013 2105669 \u2013 Hach   M\u00e3 s\u1ea3n ph\u1ea9m: 2105669  Th\u01b0\u01a1ng hi\u1ec7u: Hach  \u0110\u00f3ng g\u00f3i: 100 g\u00f3i b\u1ed9t  \u0110\u1eb7c \u0111i\u1ec3m c\u1ee7a Thu\u1ed1c th\u1eed Clo t\u1ed5ng 10ml, PK\/100 (DPD Total Chlorine) \u2013 2105669 \u2013 Hach \u0110\u1ec3 x\u00e1c \u0111\u1ecbnh t\u1ed5ng clo b\u1eb1ng Ph\u01b0\u01a1ng ph\u00e1p DPD.  USEPA \u0111\u01b0\u1ee3c ch\u1ea5p nh\u1eadn \u0111\u1ec3 b\u00e1o c\u00e1o ph\u00e2n t\u00edch n\u01b0\u1edbc u\u1ed1ng v\u00e0 n\u01b0\u1edbc th\u1ea3i b\u1eb1ng Ph\u01b0\u01a1ng ph\u00e1p Hach 8167.  Ph\u1ea1m vi: 0,02 \u2013 2,00 mg \/ L Cl\u2082. C\u1ee1 m\u1eabu: 10 mL.  M\u00e3 UNSPSC 41120000   4.Thu\u1ed1c th\u1eed PhosVer 3 10ml, PK\/100 \u2013 2106069 \u2013 Hach   M\u00e3 s\u1ea3n ph\u1ea9m: 2106069  Th\u01b0\u01a1ng hi\u1ec7u: Hach  \u0110\u00f3ng g\u00f3i: 100 g\u00f3i b\u1ed9t  \u0110\u1eb7c \u0111i\u1ec3m c\u1ee7a Thu\u1ed1c th\u1eed PhosVer 3 10ml, PK\/100 \u2013 2106069 \u2013 Hach   \u0110\u1ec3 x\u00e1c \u0111\u1ecbnh ph\u1ea3n \u1ee9ng (ortho) phosphate (ph\u1ed1t pho) b\u1eb1ng ph\u01b0\u01a1ng ph\u00e1p axit ascorbic PhosVer\u00ae 3.  USEPA \u0111\u01b0\u1ee3c ch\u1ea5p nh\u1eadn \u0111\u1ec3 b\u00e1o c\u00e1o cho ph\u00e2n t\u00edch n\u01b0\u1edbc th\u1ea3i b\u1eb1ng Ph\u01b0\u01a1ng ph\u00e1p Hach 8048  C\u1ee1 m\u1eabu: 10 mL.   5.CyaniVer 4 Cyanide Reagent Powder Pillows, 10 mL, PK\/100 \u2013 2106969 \u2013 Hach   M\u00e3 s\u1ea3n ph\u1ea9m: 2106969  Th\u01b0\u01a1ng hi\u1ec7u: Hach  \u0110\u00f3ng g\u00f3i: 100 g\u00f3i b\u1ed9t  \u0110\u1eb7c \u0111i\u1ec3m c\u1ee7a CyaniVer 4 Cyanide Reagent Powder Pillows, 10 mL, PK\/100 \u2013 2106969 \u2013 Hach   Thu\u1ed1c th\u1eed b\u1ed9t trong bao b\u00ec k\u00edn \u0111\u1ec3 x\u00e1c \u0111\u1ecbnh Cyanide, Ph\u01b0\u01a1ng ph\u00e1p Pyridine-Pyrazopol. Cho m\u1eabu 10ml.  \u0110\u1ec3 x\u00e1c \u0111\u1ecbnh xyanua b\u1eb1ng ph\u01b0\u01a1ng ph\u00e1p Pyridine-Pyrazolone. Cho m\u1eabu 10 ml.  S\u1ed1 l\u01b0\u1ee3ng th\u1eed nghi\u1ec7m: 100  T\u00ean ph\u01b0\u01a1ng ph\u00e1p: Pyridine-Pyrazopol       [:]\" \/>\n<meta property=\"og:url\" content=\"https:\/\/labochem.com.vn\/s\u1ea3n ph\u1ea9m\/thuoc-thu-dong-10ml-pk-100-2105869-hach\/\" \/>\n<meta property=\"og:site_name\" content=\"C\u00f4ng ty TNHH LABOCHEM Vi\u1ec7t Nam\" \/>\n<meta property=\"article:modified_time\" content=\"2024-07-02T18:37:15+00:00\" \/>\n<meta property=\"og:image\" content=\"https:\/\/labochem.com.vn\/wp-content\/uploads\/2020\/05\/8.1-1.jpg\" \/>\n\t<meta property=\"og:image:width\" content=\"544\" \/>\n\t<meta property=\"og:image:height\" content=\"555\" \/>\n\t<meta property=\"og:image:type\" content=\"image\/jpeg\" \/>\n<meta name=\"twitter:card\" content=\"summary_large_image\" \/>\n<script type=\"application\/ld+json\" class=\"yoast-schema-graph\">{\"@context\":\"https:\/\/schema.org\",\"@graph\":[{\"@type\":\"WebPage\",\"@id\":\"https:\/\/labochem.com.vn\/s\u1ea3n ph\u1ea9m\/thuoc-thu-dong-10ml-pk-100-2105869-hach\/\",\"url\":\"https:\/\/labochem.com.vn\/s\u1ea3n ph\u1ea9m\/thuoc-thu-dong-10ml-pk-100-2105869-hach\/\",\"name\":\"[:vi] Thu\u1ed1c th\u1eed ph\u00e2n t\u00edch C\u00e1c lo\u1ea1i\u2013 Hach[:] - C\u00f4ng ty TNHH LABOCHEM Vi\u1ec7t Nam\",\"isPartOf\":{\"@id\":\"https:\/\/labochem.com.vn\/#website\"},\"primaryImageOfPage\":{\"@id\":\"https:\/\/labochem.com.vn\/s\u1ea3n ph\u1ea9m\/thuoc-thu-dong-10ml-pk-100-2105869-hach\/#primaryimage\"},\"image\":{\"@id\":\"https:\/\/labochem.com.vn\/s\u1ea3n ph\u1ea9m\/thuoc-thu-dong-10ml-pk-100-2105869-hach\/#primaryimage\"},\"thumbnailUrl\":\"https:\/\/labochem.com.vn\/wp-content\/uploads\/2020\/05\/8.1-1.jpg\",\"datePublished\":\"2020-05-08T06:52:04+00:00\",\"dateModified\":\"2024-07-02T18:37:15+00:00\",\"breadcrumb\":{\"@id\":\"https:\/\/labochem.com.vn\/s\u1ea3n ph\u1ea9m\/thuoc-thu-dong-10ml-pk-100-2105869-hach\/#breadcrumb\"},\"inLanguage\":\"en-US\",\"potentialAction\":[{\"@type\":\"ReadAction\",\"target\":[\"https:\/\/labochem.com.vn\/s\u1ea3n ph\u1ea9m\/thuoc-thu-dong-10ml-pk-100-2105869-hach\/\"]}]},{\"@type\":\"ImageObject\",\"inLanguage\":\"en-US\",\"@id\":\"https:\/\/labochem.com.vn\/s\u1ea3n ph\u1ea9m\/thuoc-thu-dong-10ml-pk-100-2105869-hach\/#primaryimage\",\"url\":\"https:\/\/labochem.com.vn\/wp-content\/uploads\/2020\/05\/8.1-1.jpg\",\"contentUrl\":\"https:\/\/labochem.com.vn\/wp-content\/uploads\/2020\/05\/8.1-1.jpg\",\"width\":544,\"height\":555},{\"@type\":\"BreadcrumbList\",\"@id\":\"https:\/\/labochem.com.vn\/s\u1ea3n ph\u1ea9m\/thuoc-thu-dong-10ml-pk-100-2105869-hach\/#breadcrumb\",\"itemListElement\":[{\"@type\":\"ListItem\",\"position\":1,\"name\":\"Home\",\"item\":\"https:\/\/labochem.com.vn\/\"},{\"@type\":\"ListItem\",\"position\":2,\"name\":\"C\u1eeda h\u00e0ng\",\"item\":\"https:\/\/labochem.com.vn\/mua\/\"},{\"@type\":\"ListItem\",\"position\":3,\"name\":\"Thu\u1ed1c th\u1eed ph\u00e2n t\u00edch C\u00e1c lo\u1ea1i\u2013 Hach\"}]},{\"@type\":\"WebSite\",\"@id\":\"https:\/\/labochem.com.vn\/#website\",\"url\":\"https:\/\/labochem.com.vn\/\",\"name\":\"C\u00f4ng ty TNHH LABOCHEM Vi\u1ec7t Nam\",\"description\":\"M\u1ed9t trang web m\u1edbi s\u1eed d\u1ee5ng WordPress\",\"potentialAction\":[{\"@type\":\"SearchAction\",\"target\":{\"@type\":\"EntryPoint\",\"urlTemplate\":\"https:\/\/labochem.com.vn\/?s={search_term_string}\"},\"query-input\":\"required name=search_term_string\"}],\"inLanguage\":\"en-US\"}]}<\/script>\n<!-- \/ Yoast SEO plugin. -->","yoast_head_json":{"title":"[:vi] Thu\u1ed1c th\u1eed ph\u00e2n t\u00edch C\u00e1c lo\u1ea1i\u2013 Hach[:] - C\u00f4ng ty TNHH LABOCHEM Vi\u1ec7t Nam","robots":{"index":"index","follow":"follow","max-snippet":"max-snippet:-1","max-image-preview":"max-image-preview:large","max-video-preview":"max-video-preview:-1"},"canonical":"https:\/\/labochem.com.vn\/s\u1ea3n ph\u1ea9m\/thuoc-thu-dong-10ml-pk-100-2105869-hach\/","og_locale":"en_US","og_type":"article","og_title":"[:vi] Thu\u1ed1c th\u1eed ph\u00e2n t\u00edch C\u00e1c lo\u1ea1i\u2013 Hach[:] - C\u00f4ng ty TNHH LABOCHEM Vi\u1ec7t Nam","og_description":"[:vi]1.Thu\u1ed1c th\u1eed \u0111\u1ed3ng 10ml, PK\/100 \u2013 2105869 \u2013 Hach   M\u00e3 s\u1ea3n ph\u1ea9m: 2105869  Th\u01b0\u01a1ng hi\u1ec7u: Hach  \u0110\u00f3ng g\u00f3i: 100 g\u00f3i b\u1ed9t  \u0110\u1eb7c \u0111i\u1ec3m c\u1ee7a Thu\u1ed1c th\u1eed \u0111\u1ed3ng 10ml, PK\/100 \u2013 2105869 \u2013 Hach   \u0110\u1ec3 x\u00e1c \u0111\u1ecbnh \u0111\u1ed3ng b\u1eb1ng ph\u01b0\u01a1ng ph\u00e1p bicinchoninate.  Tu\u00e2n th\u1ee7 EPA cho b\u00e1o c\u00e1o n\u01b0\u1edbc th\u1ea3i \u2013 Ph\u01b0\u01a1ng ph\u00e1p Hach 8506.  Ph\u1ea1m vi: l\u00ean \u0111\u1ebfn 5.00 mg \/ L Cu.  K\u00edch th\u01b0\u1edbc m\u1eabu: 10 mL  2.Thu\u1ed1c th\u1eed S\u1eaft t\u1ed5ng 10ml, PK\/100 \u2013 2105769 \u2013 Hach   M\u00e3 s\u1ea3n ph\u1ea9m: 2105769  Th\u01b0\u01a1ng hi\u1ec7u: Hach  \u0110\u1eb7c \u0111i\u1ec3m c\u1ee7a Thu\u1ed1c th\u1eed S\u1eaft t\u1ed5ng 10ml, PK\/100 \u2013 2105769 \u2013 Hach   \u0110\u1ec3 x\u00e1c \u0111\u1ecbnh s\u1eaft b\u1eb1ng ph\u01b0\u01a1ng ph\u00e1p 1.10 phenanthroline. USEPA \u0111\u00e3 ph\u00ea duy\u1ec7t ph\u01b0\u01a1ng ph\u00e1p \u0111\u1ec3 b\u00e1o c\u00e1o ph\u00e2n t\u00edch n\u01b0\u1edbc th\u1ea3i b\u1eb1ng c\u00e1ch s\u1eed d\u1ee5ng Hach Ph\u01b0\u01a1ng ph\u00e1p 8008.  D\u1ea3i \u0111o: 0,02 \u0111\u1ebfn 3,00 mg \/ L.  K\u00edch th\u01b0\u1edbc m\u1eabu: 10 mL  Ph\u01b0\u01a1ng ph\u00e1p 8008  3.Thu\u1ed1c th\u1eed Clo t\u1ed5ng 10ml, PK\/100 (DPD Total Chlorine) \u2013 2105669 \u2013 Hach   M\u00e3 s\u1ea3n ph\u1ea9m: 2105669  Th\u01b0\u01a1ng hi\u1ec7u: Hach  \u0110\u00f3ng g\u00f3i: 100 g\u00f3i b\u1ed9t  \u0110\u1eb7c \u0111i\u1ec3m c\u1ee7a Thu\u1ed1c th\u1eed Clo t\u1ed5ng 10ml, PK\/100 (DPD Total Chlorine) \u2013 2105669 \u2013 Hach \u0110\u1ec3 x\u00e1c \u0111\u1ecbnh t\u1ed5ng clo b\u1eb1ng Ph\u01b0\u01a1ng ph\u00e1p DPD.  USEPA \u0111\u01b0\u1ee3c ch\u1ea5p nh\u1eadn \u0111\u1ec3 b\u00e1o c\u00e1o ph\u00e2n t\u00edch n\u01b0\u1edbc u\u1ed1ng v\u00e0 n\u01b0\u1edbc th\u1ea3i b\u1eb1ng Ph\u01b0\u01a1ng ph\u00e1p Hach 8167.  Ph\u1ea1m vi: 0,02 \u2013 2,00 mg \/ L Cl\u2082. C\u1ee1 m\u1eabu: 10 mL.  M\u00e3 UNSPSC 41120000   4.Thu\u1ed1c th\u1eed PhosVer 3 10ml, PK\/100 \u2013 2106069 \u2013 Hach   M\u00e3 s\u1ea3n ph\u1ea9m: 2106069  Th\u01b0\u01a1ng hi\u1ec7u: Hach  \u0110\u00f3ng g\u00f3i: 100 g\u00f3i b\u1ed9t  \u0110\u1eb7c \u0111i\u1ec3m c\u1ee7a Thu\u1ed1c th\u1eed PhosVer 3 10ml, PK\/100 \u2013 2106069 \u2013 Hach   \u0110\u1ec3 x\u00e1c \u0111\u1ecbnh ph\u1ea3n \u1ee9ng (ortho) phosphate (ph\u1ed1t pho) b\u1eb1ng ph\u01b0\u01a1ng ph\u00e1p axit ascorbic PhosVer\u00ae 3.  USEPA \u0111\u01b0\u1ee3c ch\u1ea5p nh\u1eadn \u0111\u1ec3 b\u00e1o c\u00e1o cho ph\u00e2n t\u00edch n\u01b0\u1edbc th\u1ea3i b\u1eb1ng Ph\u01b0\u01a1ng ph\u00e1p Hach 8048  C\u1ee1 m\u1eabu: 10 mL.   5.CyaniVer 4 Cyanide Reagent Powder Pillows, 10 mL, PK\/100 \u2013 2106969 \u2013 Hach   M\u00e3 s\u1ea3n ph\u1ea9m: 2106969  Th\u01b0\u01a1ng hi\u1ec7u: Hach  \u0110\u00f3ng g\u00f3i: 100 g\u00f3i b\u1ed9t  \u0110\u1eb7c \u0111i\u1ec3m c\u1ee7a CyaniVer 4 Cyanide Reagent Powder Pillows, 10 mL, PK\/100 \u2013 2106969 \u2013 Hach   Thu\u1ed1c th\u1eed b\u1ed9t trong bao b\u00ec k\u00edn \u0111\u1ec3 x\u00e1c \u0111\u1ecbnh Cyanide, Ph\u01b0\u01a1ng ph\u00e1p Pyridine-Pyrazopol. Cho m\u1eabu 10ml.  \u0110\u1ec3 x\u00e1c \u0111\u1ecbnh xyanua b\u1eb1ng ph\u01b0\u01a1ng ph\u00e1p Pyridine-Pyrazolone. Cho m\u1eabu 10 ml.  S\u1ed1 l\u01b0\u1ee3ng th\u1eed nghi\u1ec7m: 100  T\u00ean ph\u01b0\u01a1ng ph\u00e1p: Pyridine-Pyrazopol       [:]","og_url":"https:\/\/labochem.com.vn\/s\u1ea3n ph\u1ea9m\/thuoc-thu-dong-10ml-pk-100-2105869-hach\/","og_site_name":"C\u00f4ng ty TNHH LABOCHEM Vi\u1ec7t Nam","article_modified_time":"2024-07-02T18:37:15+00:00","og_image":[{"width":544,"height":555,"url":"https:\/\/labochem.com.vn\/wp-content\/uploads\/2020\/05\/8.1-1.jpg","type":"image\/jpeg"}],"twitter_card":"summary_large_image","schema":{"@context":"https:\/\/schema.org","@graph":[{"@type":"WebPage","@id":"https:\/\/labochem.com.vn\/s\u1ea3n ph\u1ea9m\/thuoc-thu-dong-10ml-pk-100-2105869-hach\/","url":"https:\/\/labochem.com.vn\/s\u1ea3n ph\u1ea9m\/thuoc-thu-dong-10ml-pk-100-2105869-hach\/","name":"[:vi] Thu\u1ed1c th\u1eed ph\u00e2n t\u00edch C\u00e1c lo\u1ea1i\u2013 Hach[:] - C\u00f4ng ty TNHH LABOCHEM Vi\u1ec7t Nam","isPartOf":{"@id":"https:\/\/labochem.com.vn\/#website"},"primaryImageOfPage":{"@id":"https:\/\/labochem.com.vn\/s\u1ea3n ph\u1ea9m\/thuoc-thu-dong-10ml-pk-100-2105869-hach\/#primaryimage"},"image":{"@id":"https:\/\/labochem.com.vn\/s\u1ea3n ph\u1ea9m\/thuoc-thu-dong-10ml-pk-100-2105869-hach\/#primaryimage"},"thumbnailUrl":"https:\/\/labochem.com.vn\/wp-content\/uploads\/2020\/05\/8.1-1.jpg","datePublished":"2020-05-08T06:52:04+00:00","dateModified":"2024-07-02T18:37:15+00:00","breadcrumb":{"@id":"https:\/\/labochem.com.vn\/s\u1ea3n ph\u1ea9m\/thuoc-thu-dong-10ml-pk-100-2105869-hach\/#breadcrumb"},"inLanguage":"en-US","potentialAction":[{"@type":"ReadAction","target":["https:\/\/labochem.com.vn\/s\u1ea3n ph\u1ea9m\/thuoc-thu-dong-10ml-pk-100-2105869-hach\/"]}]},{"@type":"ImageObject","inLanguage":"en-US","@id":"https:\/\/labochem.com.vn\/s\u1ea3n ph\u1ea9m\/thuoc-thu-dong-10ml-pk-100-2105869-hach\/#primaryimage","url":"https:\/\/labochem.com.vn\/wp-content\/uploads\/2020\/05\/8.1-1.jpg","contentUrl":"https:\/\/labochem.com.vn\/wp-content\/uploads\/2020\/05\/8.1-1.jpg","width":544,"height":555},{"@type":"BreadcrumbList","@id":"https:\/\/labochem.com.vn\/s\u1ea3n ph\u1ea9m\/thuoc-thu-dong-10ml-pk-100-2105869-hach\/#breadcrumb","itemListElement":[{"@type":"ListItem","position":1,"name":"Home","item":"https:\/\/labochem.com.vn\/"},{"@type":"ListItem","position":2,"name":"C\u1eeda h\u00e0ng","item":"https:\/\/labochem.com.vn\/mua\/"},{"@type":"ListItem","position":3,"name":"Thu\u1ed1c th\u1eed ph\u00e2n t\u00edch C\u00e1c lo\u1ea1i\u2013 Hach"}]},{"@type":"WebSite","@id":"https:\/\/labochem.com.vn\/#website","url":"https:\/\/labochem.com.vn\/","name":"C\u00f4ng ty TNHH LABOCHEM Vi\u1ec7t Nam","description":"M\u1ed9t trang web m\u1edbi s\u1eed d\u1ee5ng WordPress","potentialAction":[{"@type":"SearchAction","target":{"@type":"EntryPoint","urlTemplate":"https:\/\/labochem.com.vn\/?s={search_term_string}"},"query-input":"required name=search_term_string"}],"inLanguage":"en-US"}]}},"_links":{"self":[{"href":"https:\/\/labochem.com.vn\/en\/wp-json\/wp\/v2\/product\/501"}],"collection":[{"href":"https:\/\/labochem.com.vn\/en\/wp-json\/wp\/v2\/product"}],"about":[{"href":"https:\/\/labochem.com.vn\/en\/wp-json\/wp\/v2\/types\/product"}],"replies":[{"embeddable":true,"href":"https:\/\/labochem.com.vn\/en\/wp-json\/wp\/v2\/comments?post=501"}],"wp:featuredmedia":[{"embeddable":true,"href":"https:\/\/labochem.com.vn\/en\/wp-json\/wp\/v2\/media\/502"}],"wp:attachment":[{"href":"https:\/\/labochem.com.vn\/en\/wp-json\/wp\/v2\/media?parent=501"}],"wp:term":[{"taxonomy":"product_cat","embeddable":true,"href":"https:\/\/labochem.com.vn\/en\/wp-json\/wp\/v2\/product_cat?post=501"},{"taxonomy":"product_tag","embeddable":true,"href":"https:\/\/labochem.com.vn\/en\/wp-json\/wp\/v2\/product_tag?post=501"}],"curies":[{"name":"wp","href":"https:\/\/api.w.org\/{rel}","templated":true}]}}