{"id":499,"date":"2020-05-08T05:01:46","date_gmt":"2020-05-08T05:01:46","guid":{"rendered":"https:\/\/labochem.com.vn\/?post_type=product&#038;p=499"},"modified":"2020-05-08T05:01:47","modified_gmt":"2020-05-08T05:01:47","slug":"thuoc-thu-cod-thang-thap-3-150mg-l-2125825-hach","status":"publish","type":"product","link":"https:\/\/labochem.com.vn\/en\/s\u1ea3n ph\u1ea9m\/thuoc-thu-cod-thang-thap-3-150mg-l-2125825-hach\/","title":{"rendered":"(Ti\u1ebfng Vi\u1ec7t) Thu\u1ed1c th\u1eed COD thang th\u1ea5p (3-150mg\/L) \u2013 2125825 \u2013 Hach"},"content":{"rendered":"","protected":false},"excerpt":{"rendered":"<p class=\"qtranxs-available-languages-message qtranxs-available-languages-message-en\">Sorry, this entry is only available in <a href=\"https:\/\/labochem.com.vn\/vi\/wp-json\/wp\/v2\/product\/499\" class=\"qtranxs-available-language-link qtranxs-available-language-link-vi\" title=\"Ti\u1ebfng Vi\u1ec7t\">Ti\u1ebfng Vi\u1ec7t<\/a>.<\/p>\n","protected":false},"featured_media":500,"comment_status":"open","ping_status":"closed","template":"","meta":[],"product_cat":[137],"product_tag":[164],"yoast_head":"<!-- This site is optimized with the Yoast SEO plugin v22.6 - https:\/\/yoast.com\/wordpress\/plugins\/seo\/ -->\n<title><\/title>\n<meta name=\"robots\" content=\"index, follow, max-snippet:-1, max-image-preview:large, max-video-preview:-1\" \/>\n<link rel=\"canonical\" href=\"https:\/\/labochem.com.vn\/s\u1ea3n%20ph\u1ea9m\/thuoc-thu-cod-thang-thap-3-150mg-l-2125825-hach\/\" \/>\n<meta property=\"og:locale\" content=\"en_US\" \/>\n<meta property=\"og:type\" content=\"article\" \/>\n<meta property=\"og:title\" content=\"[:vi]Thu\u1ed1c th\u1eed COD thang th\u1ea5p (3-150mg\/L) \u2013 2125825 \u2013 Hach[:] - C\u00f4ng ty TNHH LABOCHEM Vi\u1ec7t Nam\" \/>\n<meta property=\"og:description\" content=\"[:vi]Thu\u1ed1c th\u1eed COD thang th\u1ea5p (3-150mg\/L) \u2013 2125825 \u2013 Hach   M\u00e3 s\u1ea3n ph\u1ea9m: 2125825  Th\u01b0\u01a1ng hi\u1ec7u: Hach  Quy c\u00e1ch \u0111\u00f3ng g\u00f3i: 25 l\u1ecd  \u0110\u1eb7c \u0111i\u1ec3m c\u1ee7a Thu\u1ed1c th\u1eed COD thang th\u1ea5p (3-150mg\/L) \u2013 2125825 \u2013 Hach   \u0110\u1ec3 x\u00e1c \u0111\u1ecbnh nhu c\u1ea7u oxy h\u00f3a h\u1ecdc (COD) ph\u1ea1m vi th\u1ea5p b\u1eb1ng ph\u01b0\u01a1ng ph\u00e1p ti\u00eau h\u00f3a l\u00f2 ph\u1ea3n \u1ee9ng.  EPA Hoa K\u1ef3 ch\u1ea5p thu\u1eadn cho ph\u00e2n t\u00edch n\u01b0\u1edbc th\u1ea3i b\u1eb1ng Ph\u01b0\u01a1ng ph\u00e1p Hach 8000.  Ph\u1ea1m vi: 3-150 mg \/ L COD.  S\u1ed1 l\u01b0\u1ee3ng th\u1eed: 25 [:]\" \/>\n<meta property=\"og:url\" content=\"https:\/\/labochem.com.vn\/s\u1ea3n ph\u1ea9m\/thuoc-thu-cod-thang-thap-3-150mg-l-2125825-hach\/\" \/>\n<meta property=\"og:site_name\" content=\"C\u00f4ng ty TNHH LABOCHEM Vi\u1ec7t Nam\" \/>\n<meta property=\"article:modified_time\" content=\"2020-05-08T05:01:47+00:00\" \/>\n<meta property=\"og:image\" content=\"https:\/\/labochem.com.vn\/wp-content\/uploads\/2020\/05\/7.1-1.jpg\" \/>\n\t<meta property=\"og:image:width\" content=\"539\" \/>\n\t<meta property=\"og:image:height\" content=\"555\" \/>\n\t<meta property=\"og:image:type\" content=\"image\/jpeg\" \/>\n<meta name=\"twitter:card\" content=\"summary_large_image\" \/>\n<script type=\"application\/ld+json\" class=\"yoast-schema-graph\">{\"@context\":\"https:\/\/schema.org\",\"@graph\":[{\"@type\":\"WebPage\",\"@id\":\"https:\/\/labochem.com.vn\/s\u1ea3n ph\u1ea9m\/thuoc-thu-cod-thang-thap-3-150mg-l-2125825-hach\/\",\"url\":\"https:\/\/labochem.com.vn\/s\u1ea3n ph\u1ea9m\/thuoc-thu-cod-thang-thap-3-150mg-l-2125825-hach\/\",\"name\":\"[:vi]Thu\u1ed1c th\u1eed COD thang th\u1ea5p (3-150mg\/L) \u2013 2125825 \u2013 Hach[:] - C\u00f4ng ty TNHH LABOCHEM Vi\u1ec7t Nam\",\"isPartOf\":{\"@id\":\"https:\/\/labochem.com.vn\/#website\"},\"primaryImageOfPage\":{\"@id\":\"https:\/\/labochem.com.vn\/s\u1ea3n ph\u1ea9m\/thuoc-thu-cod-thang-thap-3-150mg-l-2125825-hach\/#primaryimage\"},\"image\":{\"@id\":\"https:\/\/labochem.com.vn\/s\u1ea3n ph\u1ea9m\/thuoc-thu-cod-thang-thap-3-150mg-l-2125825-hach\/#primaryimage\"},\"thumbnailUrl\":\"https:\/\/labochem.com.vn\/wp-content\/uploads\/2020\/05\/7.1-1.jpg\",\"datePublished\":\"2020-05-08T05:01:46+00:00\",\"dateModified\":\"2020-05-08T05:01:47+00:00\",\"breadcrumb\":{\"@id\":\"https:\/\/labochem.com.vn\/s\u1ea3n ph\u1ea9m\/thuoc-thu-cod-thang-thap-3-150mg-l-2125825-hach\/#breadcrumb\"},\"inLanguage\":\"en-US\",\"potentialAction\":[{\"@type\":\"ReadAction\",\"target\":[\"https:\/\/labochem.com.vn\/s\u1ea3n ph\u1ea9m\/thuoc-thu-cod-thang-thap-3-150mg-l-2125825-hach\/\"]}]},{\"@type\":\"ImageObject\",\"inLanguage\":\"en-US\",\"@id\":\"https:\/\/labochem.com.vn\/s\u1ea3n ph\u1ea9m\/thuoc-thu-cod-thang-thap-3-150mg-l-2125825-hach\/#primaryimage\",\"url\":\"https:\/\/labochem.com.vn\/wp-content\/uploads\/2020\/05\/7.1-1.jpg\",\"contentUrl\":\"https:\/\/labochem.com.vn\/wp-content\/uploads\/2020\/05\/7.1-1.jpg\",\"width\":539,\"height\":555},{\"@type\":\"BreadcrumbList\",\"@id\":\"https:\/\/labochem.com.vn\/s\u1ea3n ph\u1ea9m\/thuoc-thu-cod-thang-thap-3-150mg-l-2125825-hach\/#breadcrumb\",\"itemListElement\":[{\"@type\":\"ListItem\",\"position\":1,\"name\":\"Home\",\"item\":\"https:\/\/labochem.com.vn\/\"},{\"@type\":\"ListItem\",\"position\":2,\"name\":\"C\u1eeda h\u00e0ng\",\"item\":\"https:\/\/labochem.com.vn\/mua\/\"},{\"@type\":\"ListItem\",\"position\":3,\"name\":\"Thu\u1ed1c th\u1eed COD thang th\u1ea5p (3-150mg\/L) \u2013 2125825 \u2013 Hach\"}]},{\"@type\":\"WebSite\",\"@id\":\"https:\/\/labochem.com.vn\/#website\",\"url\":\"https:\/\/labochem.com.vn\/\",\"name\":\"C\u00f4ng ty TNHH LABOCHEM Vi\u1ec7t Nam\",\"description\":\"M\u1ed9t trang web m\u1edbi s\u1eed d\u1ee5ng WordPress\",\"potentialAction\":[{\"@type\":\"SearchAction\",\"target\":{\"@type\":\"EntryPoint\",\"urlTemplate\":\"https:\/\/labochem.com.vn\/?s={search_term_string}\"},\"query-input\":\"required name=search_term_string\"}],\"inLanguage\":\"en-US\"}]}<\/script>\n<!-- \/ Yoast SEO plugin. -->","yoast_head_json":{"title":"[:vi]Thu\u1ed1c th\u1eed COD thang th\u1ea5p (3-150mg\/L) \u2013 2125825 \u2013 Hach[:] - C\u00f4ng ty TNHH LABOCHEM Vi\u1ec7t Nam","robots":{"index":"index","follow":"follow","max-snippet":"max-snippet:-1","max-image-preview":"max-image-preview:large","max-video-preview":"max-video-preview:-1"},"canonical":"https:\/\/labochem.com.vn\/s\u1ea3n ph\u1ea9m\/thuoc-thu-cod-thang-thap-3-150mg-l-2125825-hach\/","og_locale":"en_US","og_type":"article","og_title":"[:vi]Thu\u1ed1c th\u1eed COD thang th\u1ea5p (3-150mg\/L) \u2013 2125825 \u2013 Hach[:] - C\u00f4ng ty TNHH LABOCHEM Vi\u1ec7t Nam","og_description":"[:vi]Thu\u1ed1c th\u1eed COD thang th\u1ea5p (3-150mg\/L) \u2013 2125825 \u2013 Hach   M\u00e3 s\u1ea3n ph\u1ea9m: 2125825  Th\u01b0\u01a1ng hi\u1ec7u: Hach  Quy c\u00e1ch \u0111\u00f3ng g\u00f3i: 25 l\u1ecd  \u0110\u1eb7c \u0111i\u1ec3m c\u1ee7a Thu\u1ed1c th\u1eed COD thang th\u1ea5p (3-150mg\/L) \u2013 2125825 \u2013 Hach   \u0110\u1ec3 x\u00e1c \u0111\u1ecbnh nhu c\u1ea7u oxy h\u00f3a h\u1ecdc (COD) ph\u1ea1m vi th\u1ea5p b\u1eb1ng ph\u01b0\u01a1ng ph\u00e1p ti\u00eau h\u00f3a l\u00f2 ph\u1ea3n \u1ee9ng.  EPA Hoa K\u1ef3 ch\u1ea5p thu\u1eadn cho ph\u00e2n t\u00edch n\u01b0\u1edbc th\u1ea3i b\u1eb1ng Ph\u01b0\u01a1ng ph\u00e1p Hach 8000.  Ph\u1ea1m vi: 3-150 mg \/ L COD.  S\u1ed1 l\u01b0\u1ee3ng th\u1eed: 25 [:]","og_url":"https:\/\/labochem.com.vn\/s\u1ea3n ph\u1ea9m\/thuoc-thu-cod-thang-thap-3-150mg-l-2125825-hach\/","og_site_name":"C\u00f4ng ty TNHH LABOCHEM Vi\u1ec7t Nam","article_modified_time":"2020-05-08T05:01:47+00:00","og_image":[{"width":539,"height":555,"url":"https:\/\/labochem.com.vn\/wp-content\/uploads\/2020\/05\/7.1-1.jpg","type":"image\/jpeg"}],"twitter_card":"summary_large_image","schema":{"@context":"https:\/\/schema.org","@graph":[{"@type":"WebPage","@id":"https:\/\/labochem.com.vn\/s\u1ea3n ph\u1ea9m\/thuoc-thu-cod-thang-thap-3-150mg-l-2125825-hach\/","url":"https:\/\/labochem.com.vn\/s\u1ea3n ph\u1ea9m\/thuoc-thu-cod-thang-thap-3-150mg-l-2125825-hach\/","name":"[:vi]Thu\u1ed1c th\u1eed COD thang th\u1ea5p (3-150mg\/L) \u2013 2125825 \u2013 Hach[:] - C\u00f4ng ty TNHH LABOCHEM Vi\u1ec7t Nam","isPartOf":{"@id":"https:\/\/labochem.com.vn\/#website"},"primaryImageOfPage":{"@id":"https:\/\/labochem.com.vn\/s\u1ea3n ph\u1ea9m\/thuoc-thu-cod-thang-thap-3-150mg-l-2125825-hach\/#primaryimage"},"image":{"@id":"https:\/\/labochem.com.vn\/s\u1ea3n ph\u1ea9m\/thuoc-thu-cod-thang-thap-3-150mg-l-2125825-hach\/#primaryimage"},"thumbnailUrl":"https:\/\/labochem.com.vn\/wp-content\/uploads\/2020\/05\/7.1-1.jpg","datePublished":"2020-05-08T05:01:46+00:00","dateModified":"2020-05-08T05:01:47+00:00","breadcrumb":{"@id":"https:\/\/labochem.com.vn\/s\u1ea3n ph\u1ea9m\/thuoc-thu-cod-thang-thap-3-150mg-l-2125825-hach\/#breadcrumb"},"inLanguage":"en-US","potentialAction":[{"@type":"ReadAction","target":["https:\/\/labochem.com.vn\/s\u1ea3n ph\u1ea9m\/thuoc-thu-cod-thang-thap-3-150mg-l-2125825-hach\/"]}]},{"@type":"ImageObject","inLanguage":"en-US","@id":"https:\/\/labochem.com.vn\/s\u1ea3n ph\u1ea9m\/thuoc-thu-cod-thang-thap-3-150mg-l-2125825-hach\/#primaryimage","url":"https:\/\/labochem.com.vn\/wp-content\/uploads\/2020\/05\/7.1-1.jpg","contentUrl":"https:\/\/labochem.com.vn\/wp-content\/uploads\/2020\/05\/7.1-1.jpg","width":539,"height":555},{"@type":"BreadcrumbList","@id":"https:\/\/labochem.com.vn\/s\u1ea3n ph\u1ea9m\/thuoc-thu-cod-thang-thap-3-150mg-l-2125825-hach\/#breadcrumb","itemListElement":[{"@type":"ListItem","position":1,"name":"Home","item":"https:\/\/labochem.com.vn\/"},{"@type":"ListItem","position":2,"name":"C\u1eeda h\u00e0ng","item":"https:\/\/labochem.com.vn\/mua\/"},{"@type":"ListItem","position":3,"name":"Thu\u1ed1c th\u1eed COD thang th\u1ea5p (3-150mg\/L) \u2013 2125825 \u2013 Hach"}]},{"@type":"WebSite","@id":"https:\/\/labochem.com.vn\/#website","url":"https:\/\/labochem.com.vn\/","name":"C\u00f4ng ty TNHH LABOCHEM Vi\u1ec7t Nam","description":"M\u1ed9t trang web m\u1edbi s\u1eed d\u1ee5ng WordPress","potentialAction":[{"@type":"SearchAction","target":{"@type":"EntryPoint","urlTemplate":"https:\/\/labochem.com.vn\/?s={search_term_string}"},"query-input":"required name=search_term_string"}],"inLanguage":"en-US"}]}},"_links":{"self":[{"href":"https:\/\/labochem.com.vn\/en\/wp-json\/wp\/v2\/product\/499"}],"collection":[{"href":"https:\/\/labochem.com.vn\/en\/wp-json\/wp\/v2\/product"}],"about":[{"href":"https:\/\/labochem.com.vn\/en\/wp-json\/wp\/v2\/types\/product"}],"replies":[{"embeddable":true,"href":"https:\/\/labochem.com.vn\/en\/wp-json\/wp\/v2\/comments?post=499"}],"wp:featuredmedia":[{"embeddable":true,"href":"https:\/\/labochem.com.vn\/en\/wp-json\/wp\/v2\/media\/500"}],"wp:attachment":[{"href":"https:\/\/labochem.com.vn\/en\/wp-json\/wp\/v2\/media?parent=499"}],"wp:term":[{"taxonomy":"product_cat","embeddable":true,"href":"https:\/\/labochem.com.vn\/en\/wp-json\/wp\/v2\/product_cat?post=499"},{"taxonomy":"product_tag","embeddable":true,"href":"https:\/\/labochem.com.vn\/en\/wp-json\/wp\/v2\/product_tag?post=499"}],"curies":[{"name":"wp","href":"https:\/\/api.w.org\/{rel}","templated":true}]}}