{"id":493,"date":"2020-05-08T04:52:27","date_gmt":"2020-05-08T04:52:27","guid":{"rendered":"https:\/\/labochem.com.vn\/?post_type=product&#038;p=493"},"modified":"2020-05-08T04:52:28","modified_gmt":"2020-05-08T04:52:28","slug":"dung-dich-chuan-mangan-25mg-l-mn-2ml-pk-20-2112820-hach","status":"publish","type":"product","link":"https:\/\/labochem.com.vn\/en\/s\u1ea3n ph\u1ea9m\/dung-dich-chuan-mangan-25mg-l-mn-2ml-pk-20-2112820-hach\/","title":{"rendered":"(Ti\u1ebfng Vi\u1ec7t) Dung d\u1ecbch chu\u1ea9n Mangan, 25mg\/L Mn, 2ml, PK\/20 \u2013 2112820 \u2013 Hach"},"content":{"rendered":"","protected":false},"excerpt":{"rendered":"<p class=\"qtranxs-available-languages-message qtranxs-available-languages-message-en\">Sorry, this entry is only available in <a href=\"https:\/\/labochem.com.vn\/vi\/wp-json\/wp\/v2\/product\/493\" class=\"qtranxs-available-language-link qtranxs-available-language-link-vi\" title=\"Ti\u1ebfng Vi\u1ec7t\">Ti\u1ebfng Vi\u1ec7t<\/a>.<\/p>\n","protected":false},"featured_media":494,"comment_status":"open","ping_status":"closed","template":"","meta":[],"product_cat":[137],"product_tag":[158,159,157,160],"yoast_head":"<!-- This site is optimized with the Yoast SEO plugin v22.6 - https:\/\/yoast.com\/wordpress\/plugins\/seo\/ -->\n<title><\/title>\n<meta name=\"robots\" content=\"index, follow, max-snippet:-1, max-image-preview:large, max-video-preview:-1\" \/>\n<link rel=\"canonical\" href=\"https:\/\/labochem.com.vn\/s\u1ea3n%20ph\u1ea9m\/dung-dich-chuan-mangan-25mg-l-mn-2ml-pk-20-2112820-hach\/\" \/>\n<meta property=\"og:locale\" content=\"en_US\" \/>\n<meta property=\"og:type\" content=\"article\" \/>\n<meta property=\"og:title\" content=\"[:vi]Dung d\u1ecbch chu\u1ea9n Mangan, 25mg\/L Mn, 2ml, PK\/20 \u2013 2112820 \u2013 Hach[:] - C\u00f4ng ty TNHH LABOCHEM Vi\u1ec7t Nam\" \/>\n<meta property=\"og:description\" content=\"[:vi]Dung d\u1ecbch chu\u1ea9n Mangan, 25mg\/L Mn, 2ml, PK\/20 \u2013 2112820 \u2013 Hach   M\u00e3 s\u1ea3n ph\u1ea9m: 2112820  Th\u01b0\u01a1ng hi\u1ec7u: Hach  \u0110\u1eb7c \u0111i\u1ec3m c\u1ee7a Dung d\u1ecbch chu\u1ea9n Mangan, 25mg\/L Mn, 2ml, PK\/20 \u2013 2112820 \u2013 Hach   Ki\u1ec3m tra \u0111\u1ed9 ch\u00ednh x\u00e1c \u0111\u01a1n gi\u1ea3n  C\u00e1c ti\u00eau chu\u1ea9n c\u1ee7a Voluette v\u00e0 PourRite \u0111\u01b0\u1ee3c thi\u1ebft k\u1ebf \u0111\u1ec3 ho\u1ea1t \u0111\u1ed9ng tr\u1ef1c ti\u1ebfp v\u1edbi c\u00e1c ki\u1ec3m tra \u0111\u1ed9 ch\u00ednh x\u00e1c c\u1ee7a B\u1ed5 sung ti\u00eau chu\u1ea9n trong quy tr\u00ecnh Hach v\u00e0 ph\u1ea7n m\u1ec1m quang k\u1ebf.\u00a0S\u1eed d\u1ee5ng Pipet TenSette \u0111\u1ec3 th\u00eam c\u00e1c gai ch\u00ednh x\u00e1c c\u1ee7a ti\u00eau chu\u1ea9n v\u00e0 ki\u1ec3m tra ph\u1ea7n tr\u0103m ph\u1ee5c h\u1ed3i, \u0111\u1ec3 x\u00e1c nh\u1eadn hi\u1ec7u su\u1ea5t h\u1ec7 th\u1ed1ng ph\u00e2n t\u00edch.   Gi\u1ea3m thi\u1ec3u ch\u1ea5t th\u1ea3i  M\u1edf m\u1ed9t ampule ti\u00eau chu\u1ea9n m\u1edbi cho m\u1ed7i l\u1ea7n ki\u1ec3m tra \u0111\u1ed9 ch\u00ednh x\u00e1c.\u00a0M\u1ed7i \u1ed1ng ch\u1ee9a \u0111\u1ee7 ti\u00eau chu\u1ea9n cho m\u1ed9t b\u1ed9 b\u1ed5 sung ti\u00eau chu\u1ea9n.   K\u1ebft qu\u1ea3 \u0111\u00e1ng tin c\u1eady  C\u00e1c \u1ed1ng b\u1ecbt k\u00edn ng\u0103n ng\u1eeba s\u1ef1 nhi\u1ec5m b\u1ea9n ng\u1eabu nhi\u00ean ho\u1eb7c bay h\u01a1i c\u1ee7a c\u00e1c gi\u1ea3i ph\u00e1p ti\u00eau chu\u1ea9n.   N\u1ed3ng \u0111\u1ed9:25 mg \/ L  S\u1ed1 l\u01b0\u1ee3ng:mL \/ 20 [:]\" \/>\n<meta property=\"og:url\" content=\"https:\/\/labochem.com.vn\/s\u1ea3n ph\u1ea9m\/dung-dich-chuan-mangan-25mg-l-mn-2ml-pk-20-2112820-hach\/\" \/>\n<meta property=\"og:site_name\" content=\"C\u00f4ng ty TNHH LABOCHEM Vi\u1ec7t Nam\" \/>\n<meta property=\"article:modified_time\" content=\"2020-05-08T04:52:28+00:00\" \/>\n<meta property=\"og:image\" content=\"https:\/\/labochem.com.vn\/wp-content\/uploads\/2020\/05\/4.1-1.jpg\" \/>\n\t<meta property=\"og:image:width\" content=\"535\" \/>\n\t<meta property=\"og:image:height\" content=\"553\" \/>\n\t<meta property=\"og:image:type\" content=\"image\/jpeg\" \/>\n<meta name=\"twitter:card\" content=\"summary_large_image\" \/>\n<script type=\"application\/ld+json\" class=\"yoast-schema-graph\">{\"@context\":\"https:\/\/schema.org\",\"@graph\":[{\"@type\":\"WebPage\",\"@id\":\"https:\/\/labochem.com.vn\/s\u1ea3n ph\u1ea9m\/dung-dich-chuan-mangan-25mg-l-mn-2ml-pk-20-2112820-hach\/\",\"url\":\"https:\/\/labochem.com.vn\/s\u1ea3n ph\u1ea9m\/dung-dich-chuan-mangan-25mg-l-mn-2ml-pk-20-2112820-hach\/\",\"name\":\"[:vi]Dung d\u1ecbch chu\u1ea9n Mangan, 25mg\/L Mn, 2ml, PK\/20 \u2013 2112820 \u2013 Hach[:] - C\u00f4ng ty TNHH LABOCHEM Vi\u1ec7t Nam\",\"isPartOf\":{\"@id\":\"https:\/\/labochem.com.vn\/#website\"},\"primaryImageOfPage\":{\"@id\":\"https:\/\/labochem.com.vn\/s\u1ea3n ph\u1ea9m\/dung-dich-chuan-mangan-25mg-l-mn-2ml-pk-20-2112820-hach\/#primaryimage\"},\"image\":{\"@id\":\"https:\/\/labochem.com.vn\/s\u1ea3n ph\u1ea9m\/dung-dich-chuan-mangan-25mg-l-mn-2ml-pk-20-2112820-hach\/#primaryimage\"},\"thumbnailUrl\":\"https:\/\/labochem.com.vn\/wp-content\/uploads\/2020\/05\/4.1-1.jpg\",\"datePublished\":\"2020-05-08T04:52:27+00:00\",\"dateModified\":\"2020-05-08T04:52:28+00:00\",\"breadcrumb\":{\"@id\":\"https:\/\/labochem.com.vn\/s\u1ea3n ph\u1ea9m\/dung-dich-chuan-mangan-25mg-l-mn-2ml-pk-20-2112820-hach\/#breadcrumb\"},\"inLanguage\":\"en-US\",\"potentialAction\":[{\"@type\":\"ReadAction\",\"target\":[\"https:\/\/labochem.com.vn\/s\u1ea3n ph\u1ea9m\/dung-dich-chuan-mangan-25mg-l-mn-2ml-pk-20-2112820-hach\/\"]}]},{\"@type\":\"ImageObject\",\"inLanguage\":\"en-US\",\"@id\":\"https:\/\/labochem.com.vn\/s\u1ea3n ph\u1ea9m\/dung-dich-chuan-mangan-25mg-l-mn-2ml-pk-20-2112820-hach\/#primaryimage\",\"url\":\"https:\/\/labochem.com.vn\/wp-content\/uploads\/2020\/05\/4.1-1.jpg\",\"contentUrl\":\"https:\/\/labochem.com.vn\/wp-content\/uploads\/2020\/05\/4.1-1.jpg\",\"width\":535,\"height\":553},{\"@type\":\"BreadcrumbList\",\"@id\":\"https:\/\/labochem.com.vn\/s\u1ea3n ph\u1ea9m\/dung-dich-chuan-mangan-25mg-l-mn-2ml-pk-20-2112820-hach\/#breadcrumb\",\"itemListElement\":[{\"@type\":\"ListItem\",\"position\":1,\"name\":\"Home\",\"item\":\"https:\/\/labochem.com.vn\/\"},{\"@type\":\"ListItem\",\"position\":2,\"name\":\"C\u1eeda h\u00e0ng\",\"item\":\"https:\/\/labochem.com.vn\/mua\/\"},{\"@type\":\"ListItem\",\"position\":3,\"name\":\"Dung d\u1ecbch chu\u1ea9n Mangan, 25mg\/L Mn, 2ml, PK\/20 \u2013 2112820 \u2013 Hach\"}]},{\"@type\":\"WebSite\",\"@id\":\"https:\/\/labochem.com.vn\/#website\",\"url\":\"https:\/\/labochem.com.vn\/\",\"name\":\"C\u00f4ng ty TNHH LABOCHEM Vi\u1ec7t Nam\",\"description\":\"M\u1ed9t trang web m\u1edbi s\u1eed d\u1ee5ng WordPress\",\"potentialAction\":[{\"@type\":\"SearchAction\",\"target\":{\"@type\":\"EntryPoint\",\"urlTemplate\":\"https:\/\/labochem.com.vn\/?s={search_term_string}\"},\"query-input\":\"required name=search_term_string\"}],\"inLanguage\":\"en-US\"}]}<\/script>\n<!-- \/ Yoast SEO plugin. -->","yoast_head_json":{"title":"[:vi]Dung d\u1ecbch chu\u1ea9n Mangan, 25mg\/L Mn, 2ml, PK\/20 \u2013 2112820 \u2013 Hach[:] - C\u00f4ng ty TNHH LABOCHEM Vi\u1ec7t Nam","robots":{"index":"index","follow":"follow","max-snippet":"max-snippet:-1","max-image-preview":"max-image-preview:large","max-video-preview":"max-video-preview:-1"},"canonical":"https:\/\/labochem.com.vn\/s\u1ea3n ph\u1ea9m\/dung-dich-chuan-mangan-25mg-l-mn-2ml-pk-20-2112820-hach\/","og_locale":"en_US","og_type":"article","og_title":"[:vi]Dung d\u1ecbch chu\u1ea9n Mangan, 25mg\/L Mn, 2ml, PK\/20 \u2013 2112820 \u2013 Hach[:] - C\u00f4ng ty TNHH LABOCHEM Vi\u1ec7t Nam","og_description":"[:vi]Dung d\u1ecbch chu\u1ea9n Mangan, 25mg\/L Mn, 2ml, PK\/20 \u2013 2112820 \u2013 Hach   M\u00e3 s\u1ea3n ph\u1ea9m: 2112820  Th\u01b0\u01a1ng hi\u1ec7u: Hach  \u0110\u1eb7c \u0111i\u1ec3m c\u1ee7a Dung d\u1ecbch chu\u1ea9n Mangan, 25mg\/L Mn, 2ml, PK\/20 \u2013 2112820 \u2013 Hach   Ki\u1ec3m tra \u0111\u1ed9 ch\u00ednh x\u00e1c \u0111\u01a1n gi\u1ea3n  C\u00e1c ti\u00eau chu\u1ea9n c\u1ee7a Voluette v\u00e0 PourRite \u0111\u01b0\u1ee3c thi\u1ebft k\u1ebf \u0111\u1ec3 ho\u1ea1t \u0111\u1ed9ng tr\u1ef1c ti\u1ebfp v\u1edbi c\u00e1c ki\u1ec3m tra \u0111\u1ed9 ch\u00ednh x\u00e1c c\u1ee7a B\u1ed5 sung ti\u00eau chu\u1ea9n trong quy tr\u00ecnh Hach v\u00e0 ph\u1ea7n m\u1ec1m quang k\u1ebf.\u00a0S\u1eed d\u1ee5ng Pipet TenSette \u0111\u1ec3 th\u00eam c\u00e1c gai ch\u00ednh x\u00e1c c\u1ee7a ti\u00eau chu\u1ea9n v\u00e0 ki\u1ec3m tra ph\u1ea7n tr\u0103m ph\u1ee5c h\u1ed3i, \u0111\u1ec3 x\u00e1c nh\u1eadn hi\u1ec7u su\u1ea5t h\u1ec7 th\u1ed1ng ph\u00e2n t\u00edch.   Gi\u1ea3m thi\u1ec3u ch\u1ea5t th\u1ea3i  M\u1edf m\u1ed9t ampule ti\u00eau chu\u1ea9n m\u1edbi cho m\u1ed7i l\u1ea7n ki\u1ec3m tra \u0111\u1ed9 ch\u00ednh x\u00e1c.\u00a0M\u1ed7i \u1ed1ng ch\u1ee9a \u0111\u1ee7 ti\u00eau chu\u1ea9n cho m\u1ed9t b\u1ed9 b\u1ed5 sung ti\u00eau chu\u1ea9n.   K\u1ebft qu\u1ea3 \u0111\u00e1ng tin c\u1eady  C\u00e1c \u1ed1ng b\u1ecbt k\u00edn ng\u0103n ng\u1eeba s\u1ef1 nhi\u1ec5m b\u1ea9n ng\u1eabu nhi\u00ean ho\u1eb7c bay h\u01a1i c\u1ee7a c\u00e1c gi\u1ea3i ph\u00e1p ti\u00eau chu\u1ea9n.   N\u1ed3ng \u0111\u1ed9:25 mg \/ L  S\u1ed1 l\u01b0\u1ee3ng:mL \/ 20 [:]","og_url":"https:\/\/labochem.com.vn\/s\u1ea3n ph\u1ea9m\/dung-dich-chuan-mangan-25mg-l-mn-2ml-pk-20-2112820-hach\/","og_site_name":"C\u00f4ng ty TNHH LABOCHEM Vi\u1ec7t Nam","article_modified_time":"2020-05-08T04:52:28+00:00","og_image":[{"width":535,"height":553,"url":"https:\/\/labochem.com.vn\/wp-content\/uploads\/2020\/05\/4.1-1.jpg","type":"image\/jpeg"}],"twitter_card":"summary_large_image","schema":{"@context":"https:\/\/schema.org","@graph":[{"@type":"WebPage","@id":"https:\/\/labochem.com.vn\/s\u1ea3n ph\u1ea9m\/dung-dich-chuan-mangan-25mg-l-mn-2ml-pk-20-2112820-hach\/","url":"https:\/\/labochem.com.vn\/s\u1ea3n ph\u1ea9m\/dung-dich-chuan-mangan-25mg-l-mn-2ml-pk-20-2112820-hach\/","name":"[:vi]Dung d\u1ecbch chu\u1ea9n Mangan, 25mg\/L Mn, 2ml, PK\/20 \u2013 2112820 \u2013 Hach[:] - C\u00f4ng ty TNHH LABOCHEM Vi\u1ec7t Nam","isPartOf":{"@id":"https:\/\/labochem.com.vn\/#website"},"primaryImageOfPage":{"@id":"https:\/\/labochem.com.vn\/s\u1ea3n ph\u1ea9m\/dung-dich-chuan-mangan-25mg-l-mn-2ml-pk-20-2112820-hach\/#primaryimage"},"image":{"@id":"https:\/\/labochem.com.vn\/s\u1ea3n ph\u1ea9m\/dung-dich-chuan-mangan-25mg-l-mn-2ml-pk-20-2112820-hach\/#primaryimage"},"thumbnailUrl":"https:\/\/labochem.com.vn\/wp-content\/uploads\/2020\/05\/4.1-1.jpg","datePublished":"2020-05-08T04:52:27+00:00","dateModified":"2020-05-08T04:52:28+00:00","breadcrumb":{"@id":"https:\/\/labochem.com.vn\/s\u1ea3n ph\u1ea9m\/dung-dich-chuan-mangan-25mg-l-mn-2ml-pk-20-2112820-hach\/#breadcrumb"},"inLanguage":"en-US","potentialAction":[{"@type":"ReadAction","target":["https:\/\/labochem.com.vn\/s\u1ea3n ph\u1ea9m\/dung-dich-chuan-mangan-25mg-l-mn-2ml-pk-20-2112820-hach\/"]}]},{"@type":"ImageObject","inLanguage":"en-US","@id":"https:\/\/labochem.com.vn\/s\u1ea3n ph\u1ea9m\/dung-dich-chuan-mangan-25mg-l-mn-2ml-pk-20-2112820-hach\/#primaryimage","url":"https:\/\/labochem.com.vn\/wp-content\/uploads\/2020\/05\/4.1-1.jpg","contentUrl":"https:\/\/labochem.com.vn\/wp-content\/uploads\/2020\/05\/4.1-1.jpg","width":535,"height":553},{"@type":"BreadcrumbList","@id":"https:\/\/labochem.com.vn\/s\u1ea3n ph\u1ea9m\/dung-dich-chuan-mangan-25mg-l-mn-2ml-pk-20-2112820-hach\/#breadcrumb","itemListElement":[{"@type":"ListItem","position":1,"name":"Home","item":"https:\/\/labochem.com.vn\/"},{"@type":"ListItem","position":2,"name":"C\u1eeda h\u00e0ng","item":"https:\/\/labochem.com.vn\/mua\/"},{"@type":"ListItem","position":3,"name":"Dung d\u1ecbch chu\u1ea9n Mangan, 25mg\/L Mn, 2ml, PK\/20 \u2013 2112820 \u2013 Hach"}]},{"@type":"WebSite","@id":"https:\/\/labochem.com.vn\/#website","url":"https:\/\/labochem.com.vn\/","name":"C\u00f4ng ty TNHH LABOCHEM Vi\u1ec7t Nam","description":"M\u1ed9t trang web m\u1edbi s\u1eed d\u1ee5ng WordPress","potentialAction":[{"@type":"SearchAction","target":{"@type":"EntryPoint","urlTemplate":"https:\/\/labochem.com.vn\/?s={search_term_string}"},"query-input":"required name=search_term_string"}],"inLanguage":"en-US"}]}},"_links":{"self":[{"href":"https:\/\/labochem.com.vn\/en\/wp-json\/wp\/v2\/product\/493"}],"collection":[{"href":"https:\/\/labochem.com.vn\/en\/wp-json\/wp\/v2\/product"}],"about":[{"href":"https:\/\/labochem.com.vn\/en\/wp-json\/wp\/v2\/types\/product"}],"replies":[{"embeddable":true,"href":"https:\/\/labochem.com.vn\/en\/wp-json\/wp\/v2\/comments?post=493"}],"wp:featuredmedia":[{"embeddable":true,"href":"https:\/\/labochem.com.vn\/en\/wp-json\/wp\/v2\/media\/494"}],"wp:attachment":[{"href":"https:\/\/labochem.com.vn\/en\/wp-json\/wp\/v2\/media?parent=493"}],"wp:term":[{"taxonomy":"product_cat","embeddable":true,"href":"https:\/\/labochem.com.vn\/en\/wp-json\/wp\/v2\/product_cat?post=493"},{"taxonomy":"product_tag","embeddable":true,"href":"https:\/\/labochem.com.vn\/en\/wp-json\/wp\/v2\/product_tag?post=493"}],"curies":[{"name":"wp","href":"https:\/\/api.w.org\/{rel}","templated":true}]}}