{"id":482,"date":"2020-05-08T04:33:13","date_gmt":"2020-05-08T04:33:13","guid":{"rendered":"https:\/\/labochem.com.vn\/?post_type=product&#038;p=482"},"modified":"2020-05-08T04:33:14","modified_gmt":"2020-05-08T04:33:14","slug":"m-endo-broth-pk-20-2-ml-pourrite-glass-ampules-2373520-hach","status":"publish","type":"product","link":"https:\/\/labochem.com.vn\/en\/s\u1ea3n ph\u1ea9m\/m-endo-broth-pk-20-2-ml-pourrite-glass-ampules-2373520-hach\/","title":{"rendered":"(Ti\u1ebfng Vi\u1ec7t) m-Endo Broth, PK\/20 2-mL PourRite Glass Ampules \u2013 2373520 \u2013 Hach"},"content":{"rendered":"","protected":false},"excerpt":{"rendered":"<p class=\"qtranxs-available-languages-message qtranxs-available-languages-message-en\">Sorry, this entry is only available in <a href=\"https:\/\/labochem.com.vn\/vi\/wp-json\/wp\/v2\/product\/482\" class=\"qtranxs-available-language-link qtranxs-available-language-link-vi\" title=\"Ti\u1ebfng Vi\u1ec7t\">Ti\u1ebfng Vi\u1ec7t<\/a>.<\/p>\n","protected":false},"featured_media":484,"comment_status":"open","ping_status":"closed","template":"","meta":[],"product_cat":[137],"product_tag":[151,152],"yoast_head":"<!-- This site is optimized with the Yoast SEO plugin v22.6 - https:\/\/yoast.com\/wordpress\/plugins\/seo\/ -->\n<title><\/title>\n<meta name=\"robots\" content=\"index, follow, max-snippet:-1, max-image-preview:large, max-video-preview:-1\" \/>\n<link rel=\"canonical\" href=\"https:\/\/labochem.com.vn\/s\u1ea3n%20ph\u1ea9m\/m-endo-broth-pk-20-2-ml-pourrite-glass-ampules-2373520-hach\/\" \/>\n<meta property=\"og:locale\" content=\"en_US\" \/>\n<meta property=\"og:type\" content=\"article\" \/>\n<meta property=\"og:title\" content=\"[:vi]m-Endo Broth, PK\/20 2-mL PourRite Glass Ampules \u2013 2373520 \u2013 Hach[:] - C\u00f4ng ty TNHH LABOCHEM Vi\u1ec7t Nam\" \/>\n<meta property=\"og:description\" content=\"[:vi]m-Endo Broth, PK\/20 2-mL PourRite Glass Ampules \u2013 2373520 \u2013 Hach   M\u00e3 s\u1ea3n ph\u1ea9m: 2373520  Th\u01b0\u01a1ng hi\u1ec7u: Hach  Quy c\u00e1ch \u0111\u00f3ng g\u00f3i: G\u00f3i 20 \u1ed1ng th\u1ee7y tinh PourRite 2 ml  \u0110\u1eb7c \u0111i\u1ec3m c\u1ee7a m-Endo Broth, PK\/20 2-mL PourRite Glass Ampules \u2013 2373520 \u2013 Hach m-Endo broth ph\u00e1t hi\u1ec7n t\u1ed5ng s\u1ed1 vi khu\u1ea9n coliform (khu\u1ea9n l\u1ea1c c\u00f3 \u00e1nh v\u00e0ng xanh).\u00a0\u0110\u1ed1i v\u1edbi c\u00e1c m\u1eabu n\u01b0\u1edbc u\u1ed1ng \u0111\u01b0\u1ee3c, h\u00e3y x\u00e1c nh\u1eadn v\u1edbi Lauryl Tryptose v\u00e0 Brilliant Green Bile Broth \u1ed1ng.\u00a0C\u00e1c m\u1eabu x\u00e9t nghi\u1ec7m d\u01b0\u01a1ng t\u00ednh v\u1edbi t\u1ed5ng vi khu\u1ea9n coliform n\u00ean \u0111\u01b0\u1ee3c ph\u00e2n t\u00edch s\u00e2u h\u01a1n v\u1ec1 s\u1ef1 hi\u1ec7n di\u1ec7n c\u1ee7a coliform ph\u00e2n ho\u1eb7c\u00a0E. coli\u00a0s\u1eed d\u1ee5ng EC Medium ho\u1eb7c EC Medium v\u1edbi MUG t\u01b0\u01a1ng \u1ee9ng.[:]\" \/>\n<meta property=\"og:url\" content=\"https:\/\/labochem.com.vn\/s\u1ea3n ph\u1ea9m\/m-endo-broth-pk-20-2-ml-pourrite-glass-ampules-2373520-hach\/\" \/>\n<meta property=\"og:site_name\" content=\"C\u00f4ng ty TNHH LABOCHEM Vi\u1ec7t Nam\" \/>\n<meta property=\"article:modified_time\" content=\"2020-05-08T04:33:14+00:00\" \/>\n<meta property=\"og:image\" content=\"https:\/\/labochem.com.vn\/wp-content\/uploads\/2020\/05\/10.1.jpg\" \/>\n\t<meta property=\"og:image:width\" content=\"531\" \/>\n\t<meta property=\"og:image:height\" content=\"550\" \/>\n\t<meta property=\"og:image:type\" content=\"image\/jpeg\" \/>\n<meta name=\"twitter:card\" content=\"summary_large_image\" \/>\n<script type=\"application\/ld+json\" class=\"yoast-schema-graph\">{\"@context\":\"https:\/\/schema.org\",\"@graph\":[{\"@type\":\"WebPage\",\"@id\":\"https:\/\/labochem.com.vn\/s\u1ea3n ph\u1ea9m\/m-endo-broth-pk-20-2-ml-pourrite-glass-ampules-2373520-hach\/\",\"url\":\"https:\/\/labochem.com.vn\/s\u1ea3n ph\u1ea9m\/m-endo-broth-pk-20-2-ml-pourrite-glass-ampules-2373520-hach\/\",\"name\":\"[:vi]m-Endo Broth, PK\/20 2-mL PourRite Glass Ampules \u2013 2373520 \u2013 Hach[:] - C\u00f4ng ty TNHH LABOCHEM Vi\u1ec7t Nam\",\"isPartOf\":{\"@id\":\"https:\/\/labochem.com.vn\/#website\"},\"primaryImageOfPage\":{\"@id\":\"https:\/\/labochem.com.vn\/s\u1ea3n ph\u1ea9m\/m-endo-broth-pk-20-2-ml-pourrite-glass-ampules-2373520-hach\/#primaryimage\"},\"image\":{\"@id\":\"https:\/\/labochem.com.vn\/s\u1ea3n ph\u1ea9m\/m-endo-broth-pk-20-2-ml-pourrite-glass-ampules-2373520-hach\/#primaryimage\"},\"thumbnailUrl\":\"https:\/\/labochem.com.vn\/wp-content\/uploads\/2020\/05\/10.1.jpg\",\"datePublished\":\"2020-05-08T04:33:13+00:00\",\"dateModified\":\"2020-05-08T04:33:14+00:00\",\"breadcrumb\":{\"@id\":\"https:\/\/labochem.com.vn\/s\u1ea3n ph\u1ea9m\/m-endo-broth-pk-20-2-ml-pourrite-glass-ampules-2373520-hach\/#breadcrumb\"},\"inLanguage\":\"en-US\",\"potentialAction\":[{\"@type\":\"ReadAction\",\"target\":[\"https:\/\/labochem.com.vn\/s\u1ea3n ph\u1ea9m\/m-endo-broth-pk-20-2-ml-pourrite-glass-ampules-2373520-hach\/\"]}]},{\"@type\":\"ImageObject\",\"inLanguage\":\"en-US\",\"@id\":\"https:\/\/labochem.com.vn\/s\u1ea3n ph\u1ea9m\/m-endo-broth-pk-20-2-ml-pourrite-glass-ampules-2373520-hach\/#primaryimage\",\"url\":\"https:\/\/labochem.com.vn\/wp-content\/uploads\/2020\/05\/10.1.jpg\",\"contentUrl\":\"https:\/\/labochem.com.vn\/wp-content\/uploads\/2020\/05\/10.1.jpg\",\"width\":531,\"height\":550},{\"@type\":\"BreadcrumbList\",\"@id\":\"https:\/\/labochem.com.vn\/s\u1ea3n ph\u1ea9m\/m-endo-broth-pk-20-2-ml-pourrite-glass-ampules-2373520-hach\/#breadcrumb\",\"itemListElement\":[{\"@type\":\"ListItem\",\"position\":1,\"name\":\"Home\",\"item\":\"https:\/\/labochem.com.vn\/\"},{\"@type\":\"ListItem\",\"position\":2,\"name\":\"C\u1eeda h\u00e0ng\",\"item\":\"https:\/\/labochem.com.vn\/mua\/\"},{\"@type\":\"ListItem\",\"position\":3,\"name\":\"m-Endo Broth, PK\/20 2-mL PourRite Glass Ampules \u2013 2373520 \u2013 Hach\"}]},{\"@type\":\"WebSite\",\"@id\":\"https:\/\/labochem.com.vn\/#website\",\"url\":\"https:\/\/labochem.com.vn\/\",\"name\":\"C\u00f4ng ty TNHH LABOCHEM Vi\u1ec7t Nam\",\"description\":\"M\u1ed9t trang web m\u1edbi s\u1eed d\u1ee5ng WordPress\",\"potentialAction\":[{\"@type\":\"SearchAction\",\"target\":{\"@type\":\"EntryPoint\",\"urlTemplate\":\"https:\/\/labochem.com.vn\/?s={search_term_string}\"},\"query-input\":\"required name=search_term_string\"}],\"inLanguage\":\"en-US\"}]}<\/script>\n<!-- \/ Yoast SEO plugin. -->","yoast_head_json":{"title":"[:vi]m-Endo Broth, PK\/20 2-mL PourRite Glass Ampules \u2013 2373520 \u2013 Hach[:] - C\u00f4ng ty TNHH LABOCHEM Vi\u1ec7t Nam","robots":{"index":"index","follow":"follow","max-snippet":"max-snippet:-1","max-image-preview":"max-image-preview:large","max-video-preview":"max-video-preview:-1"},"canonical":"https:\/\/labochem.com.vn\/s\u1ea3n ph\u1ea9m\/m-endo-broth-pk-20-2-ml-pourrite-glass-ampules-2373520-hach\/","og_locale":"en_US","og_type":"article","og_title":"[:vi]m-Endo Broth, PK\/20 2-mL PourRite Glass Ampules \u2013 2373520 \u2013 Hach[:] - C\u00f4ng ty TNHH LABOCHEM Vi\u1ec7t Nam","og_description":"[:vi]m-Endo Broth, PK\/20 2-mL PourRite Glass Ampules \u2013 2373520 \u2013 Hach   M\u00e3 s\u1ea3n ph\u1ea9m: 2373520  Th\u01b0\u01a1ng hi\u1ec7u: Hach  Quy c\u00e1ch \u0111\u00f3ng g\u00f3i: G\u00f3i 20 \u1ed1ng th\u1ee7y tinh PourRite 2 ml  \u0110\u1eb7c \u0111i\u1ec3m c\u1ee7a m-Endo Broth, PK\/20 2-mL PourRite Glass Ampules \u2013 2373520 \u2013 Hach m-Endo broth ph\u00e1t hi\u1ec7n t\u1ed5ng s\u1ed1 vi khu\u1ea9n coliform (khu\u1ea9n l\u1ea1c c\u00f3 \u00e1nh v\u00e0ng xanh).\u00a0\u0110\u1ed1i v\u1edbi c\u00e1c m\u1eabu n\u01b0\u1edbc u\u1ed1ng \u0111\u01b0\u1ee3c, h\u00e3y x\u00e1c nh\u1eadn v\u1edbi Lauryl Tryptose v\u00e0 Brilliant Green Bile Broth \u1ed1ng.\u00a0C\u00e1c m\u1eabu x\u00e9t nghi\u1ec7m d\u01b0\u01a1ng t\u00ednh v\u1edbi t\u1ed5ng vi khu\u1ea9n coliform n\u00ean \u0111\u01b0\u1ee3c ph\u00e2n t\u00edch s\u00e2u h\u01a1n v\u1ec1 s\u1ef1 hi\u1ec7n di\u1ec7n c\u1ee7a coliform ph\u00e2n ho\u1eb7c\u00a0E. coli\u00a0s\u1eed d\u1ee5ng EC Medium ho\u1eb7c EC Medium v\u1edbi MUG t\u01b0\u01a1ng \u1ee9ng.[:]","og_url":"https:\/\/labochem.com.vn\/s\u1ea3n ph\u1ea9m\/m-endo-broth-pk-20-2-ml-pourrite-glass-ampules-2373520-hach\/","og_site_name":"C\u00f4ng ty TNHH LABOCHEM Vi\u1ec7t Nam","article_modified_time":"2020-05-08T04:33:14+00:00","og_image":[{"width":531,"height":550,"url":"https:\/\/labochem.com.vn\/wp-content\/uploads\/2020\/05\/10.1.jpg","type":"image\/jpeg"}],"twitter_card":"summary_large_image","schema":{"@context":"https:\/\/schema.org","@graph":[{"@type":"WebPage","@id":"https:\/\/labochem.com.vn\/s\u1ea3n ph\u1ea9m\/m-endo-broth-pk-20-2-ml-pourrite-glass-ampules-2373520-hach\/","url":"https:\/\/labochem.com.vn\/s\u1ea3n ph\u1ea9m\/m-endo-broth-pk-20-2-ml-pourrite-glass-ampules-2373520-hach\/","name":"[:vi]m-Endo Broth, PK\/20 2-mL PourRite Glass Ampules \u2013 2373520 \u2013 Hach[:] - C\u00f4ng ty TNHH LABOCHEM Vi\u1ec7t Nam","isPartOf":{"@id":"https:\/\/labochem.com.vn\/#website"},"primaryImageOfPage":{"@id":"https:\/\/labochem.com.vn\/s\u1ea3n ph\u1ea9m\/m-endo-broth-pk-20-2-ml-pourrite-glass-ampules-2373520-hach\/#primaryimage"},"image":{"@id":"https:\/\/labochem.com.vn\/s\u1ea3n ph\u1ea9m\/m-endo-broth-pk-20-2-ml-pourrite-glass-ampules-2373520-hach\/#primaryimage"},"thumbnailUrl":"https:\/\/labochem.com.vn\/wp-content\/uploads\/2020\/05\/10.1.jpg","datePublished":"2020-05-08T04:33:13+00:00","dateModified":"2020-05-08T04:33:14+00:00","breadcrumb":{"@id":"https:\/\/labochem.com.vn\/s\u1ea3n ph\u1ea9m\/m-endo-broth-pk-20-2-ml-pourrite-glass-ampules-2373520-hach\/#breadcrumb"},"inLanguage":"en-US","potentialAction":[{"@type":"ReadAction","target":["https:\/\/labochem.com.vn\/s\u1ea3n ph\u1ea9m\/m-endo-broth-pk-20-2-ml-pourrite-glass-ampules-2373520-hach\/"]}]},{"@type":"ImageObject","inLanguage":"en-US","@id":"https:\/\/labochem.com.vn\/s\u1ea3n ph\u1ea9m\/m-endo-broth-pk-20-2-ml-pourrite-glass-ampules-2373520-hach\/#primaryimage","url":"https:\/\/labochem.com.vn\/wp-content\/uploads\/2020\/05\/10.1.jpg","contentUrl":"https:\/\/labochem.com.vn\/wp-content\/uploads\/2020\/05\/10.1.jpg","width":531,"height":550},{"@type":"BreadcrumbList","@id":"https:\/\/labochem.com.vn\/s\u1ea3n ph\u1ea9m\/m-endo-broth-pk-20-2-ml-pourrite-glass-ampules-2373520-hach\/#breadcrumb","itemListElement":[{"@type":"ListItem","position":1,"name":"Home","item":"https:\/\/labochem.com.vn\/"},{"@type":"ListItem","position":2,"name":"C\u1eeda h\u00e0ng","item":"https:\/\/labochem.com.vn\/mua\/"},{"@type":"ListItem","position":3,"name":"m-Endo Broth, PK\/20 2-mL PourRite Glass Ampules \u2013 2373520 \u2013 Hach"}]},{"@type":"WebSite","@id":"https:\/\/labochem.com.vn\/#website","url":"https:\/\/labochem.com.vn\/","name":"C\u00f4ng ty TNHH LABOCHEM Vi\u1ec7t Nam","description":"M\u1ed9t trang web m\u1edbi s\u1eed d\u1ee5ng WordPress","potentialAction":[{"@type":"SearchAction","target":{"@type":"EntryPoint","urlTemplate":"https:\/\/labochem.com.vn\/?s={search_term_string}"},"query-input":"required name=search_term_string"}],"inLanguage":"en-US"}]}},"_links":{"self":[{"href":"https:\/\/labochem.com.vn\/en\/wp-json\/wp\/v2\/product\/482"}],"collection":[{"href":"https:\/\/labochem.com.vn\/en\/wp-json\/wp\/v2\/product"}],"about":[{"href":"https:\/\/labochem.com.vn\/en\/wp-json\/wp\/v2\/types\/product"}],"replies":[{"embeddable":true,"href":"https:\/\/labochem.com.vn\/en\/wp-json\/wp\/v2\/comments?post=482"}],"wp:featuredmedia":[{"embeddable":true,"href":"https:\/\/labochem.com.vn\/en\/wp-json\/wp\/v2\/media\/484"}],"wp:attachment":[{"href":"https:\/\/labochem.com.vn\/en\/wp-json\/wp\/v2\/media?parent=482"}],"wp:term":[{"taxonomy":"product_cat","embeddable":true,"href":"https:\/\/labochem.com.vn\/en\/wp-json\/wp\/v2\/product_cat?post=482"},{"taxonomy":"product_tag","embeddable":true,"href":"https:\/\/labochem.com.vn\/en\/wp-json\/wp\/v2\/product_tag?post=482"}],"curies":[{"name":"wp","href":"https:\/\/api.w.org\/{rel}","templated":true}]}}