{"id":479,"date":"2020-05-08T04:24:39","date_gmt":"2020-05-08T04:24:39","guid":{"rendered":"https:\/\/labochem.com.vn\/?post_type=product&#038;p=479"},"modified":"2020-05-08T04:24:42","modified_gmt":"2020-05-08T04:24:42","slug":"dung-dich-on-dinh-khoang-mineral-stabilizer-50ml-chai-2376626-hach","status":"publish","type":"product","link":"https:\/\/labochem.com.vn\/en\/s\u1ea3n ph\u1ea9m\/dung-dich-on-dinh-khoang-mineral-stabilizer-50ml-chai-2376626-hach\/","title":{"rendered":"(Ti\u1ebfng Vi\u1ec7t) Dung d\u1ecbch \u1ed5n \u0111\u1ecbnh kho\u00e1ng (Mineral Stabilizer) (50ml\/chai) \u2013 2376626 \u2013 Hach"},"content":{"rendered":"","protected":false},"excerpt":{"rendered":"<p class=\"qtranxs-available-languages-message qtranxs-available-languages-message-en\">Sorry, this entry is only available in <a href=\"https:\/\/labochem.com.vn\/vi\/wp-json\/wp\/v2\/product\/479\" class=\"qtranxs-available-language-link qtranxs-available-language-link-vi\" title=\"Ti\u1ebfng Vi\u1ec7t\">Ti\u1ebfng Vi\u1ec7t<\/a>.<\/p>\n","protected":false},"featured_media":481,"comment_status":"open","ping_status":"closed","template":"","meta":[],"product_cat":[137],"product_tag":[150],"yoast_head":"<!-- This site is optimized with the Yoast SEO plugin v22.6 - https:\/\/yoast.com\/wordpress\/plugins\/seo\/ -->\n<title><\/title>\n<meta name=\"robots\" content=\"index, follow, max-snippet:-1, max-image-preview:large, max-video-preview:-1\" \/>\n<link rel=\"canonical\" href=\"https:\/\/labochem.com.vn\/s\u1ea3n%20ph\u1ea9m\/dung-dich-on-dinh-khoang-mineral-stabilizer-50ml-chai-2376626-hach\/\" \/>\n<meta property=\"og:locale\" content=\"en_US\" \/>\n<meta property=\"og:type\" content=\"article\" \/>\n<meta property=\"og:title\" content=\"[:vi]Dung d\u1ecbch \u1ed5n \u0111\u1ecbnh kho\u00e1ng (Mineral Stabilizer) (50ml\/chai) \u2013 2376626 \u2013 Hach[:] - C\u00f4ng ty TNHH LABOCHEM Vi\u1ec7t Nam\" \/>\n<meta property=\"og:description\" content=\"[:vi]Dung d\u1ecbch \u1ed5n \u0111\u1ecbnh kho\u00e1ng (Mineral Stabilizer) (50ml\/chai) \u2013 2376626 \u2013 Hach   M\u00e3 s\u1ea3n ph\u1ea9m: 2376626  Th\u01b0\u01a1ng hi\u1ec7u: Hach  Quy c\u00e1ch \u0111\u00f3ng g\u00f3i: Chai nh\u1ecf gi\u1ecdt 50 ml  \u0110\u1eb7c \u0111i\u1ec3m c\u1ee7a Dung d\u1ecbch \u1ed5n \u0111\u1ecbnh kho\u00e1ng (Mineral Stabilizer) (50ml\/chai) \u2013 2376626 \u2013 Hach   \u0110\u1ec3 x\u00e1c \u0111\u1ecbnh Amoniac v\u00e0 T\u1ed5ng Kjeldahl Nitrogen b\u1eb1ng Ph\u01b0\u01a1ng ph\u00e1p Nessler.  M\u00f4 t\u1ea3:\u00a0Ch\u1ea5t \u1ed5n \u0111\u1ecbnh kho\u00e1ng  T\u00ean ph\u01b0\u01a1ng th\u1ee9c:\u00a0Nessler  S\u1ed1 l\u01b0\u1ee3ng x\u00e9t nghi\u1ec7m:\u00a0250  Th\u00f4ng s\u1ed1:\u00a0Amoniac [:]\" \/>\n<meta property=\"og:url\" content=\"https:\/\/labochem.com.vn\/s\u1ea3n ph\u1ea9m\/dung-dich-on-dinh-khoang-mineral-stabilizer-50ml-chai-2376626-hach\/\" \/>\n<meta property=\"og:site_name\" content=\"C\u00f4ng ty TNHH LABOCHEM Vi\u1ec7t Nam\" \/>\n<meta property=\"article:modified_time\" content=\"2020-05-08T04:24:42+00:00\" \/>\n<meta property=\"og:image\" content=\"https:\/\/labochem.com.vn\/wp-content\/uploads\/2020\/05\/8.1.jpg\" \/>\n\t<meta property=\"og:image:width\" content=\"498\" \/>\n\t<meta property=\"og:image:height\" content=\"526\" \/>\n\t<meta property=\"og:image:type\" content=\"image\/jpeg\" \/>\n<meta name=\"twitter:card\" content=\"summary_large_image\" \/>\n<script type=\"application\/ld+json\" class=\"yoast-schema-graph\">{\"@context\":\"https:\/\/schema.org\",\"@graph\":[{\"@type\":\"WebPage\",\"@id\":\"https:\/\/labochem.com.vn\/s\u1ea3n ph\u1ea9m\/dung-dich-on-dinh-khoang-mineral-stabilizer-50ml-chai-2376626-hach\/\",\"url\":\"https:\/\/labochem.com.vn\/s\u1ea3n ph\u1ea9m\/dung-dich-on-dinh-khoang-mineral-stabilizer-50ml-chai-2376626-hach\/\",\"name\":\"[:vi]Dung d\u1ecbch \u1ed5n \u0111\u1ecbnh kho\u00e1ng (Mineral Stabilizer) (50ml\/chai) \u2013 2376626 \u2013 Hach[:] - C\u00f4ng ty TNHH LABOCHEM Vi\u1ec7t Nam\",\"isPartOf\":{\"@id\":\"https:\/\/labochem.com.vn\/#website\"},\"primaryImageOfPage\":{\"@id\":\"https:\/\/labochem.com.vn\/s\u1ea3n ph\u1ea9m\/dung-dich-on-dinh-khoang-mineral-stabilizer-50ml-chai-2376626-hach\/#primaryimage\"},\"image\":{\"@id\":\"https:\/\/labochem.com.vn\/s\u1ea3n ph\u1ea9m\/dung-dich-on-dinh-khoang-mineral-stabilizer-50ml-chai-2376626-hach\/#primaryimage\"},\"thumbnailUrl\":\"https:\/\/labochem.com.vn\/wp-content\/uploads\/2020\/05\/8.1.jpg\",\"datePublished\":\"2020-05-08T04:24:39+00:00\",\"dateModified\":\"2020-05-08T04:24:42+00:00\",\"breadcrumb\":{\"@id\":\"https:\/\/labochem.com.vn\/s\u1ea3n ph\u1ea9m\/dung-dich-on-dinh-khoang-mineral-stabilizer-50ml-chai-2376626-hach\/#breadcrumb\"},\"inLanguage\":\"en-US\",\"potentialAction\":[{\"@type\":\"ReadAction\",\"target\":[\"https:\/\/labochem.com.vn\/s\u1ea3n ph\u1ea9m\/dung-dich-on-dinh-khoang-mineral-stabilizer-50ml-chai-2376626-hach\/\"]}]},{\"@type\":\"ImageObject\",\"inLanguage\":\"en-US\",\"@id\":\"https:\/\/labochem.com.vn\/s\u1ea3n ph\u1ea9m\/dung-dich-on-dinh-khoang-mineral-stabilizer-50ml-chai-2376626-hach\/#primaryimage\",\"url\":\"https:\/\/labochem.com.vn\/wp-content\/uploads\/2020\/05\/8.1.jpg\",\"contentUrl\":\"https:\/\/labochem.com.vn\/wp-content\/uploads\/2020\/05\/8.1.jpg\",\"width\":498,\"height\":526},{\"@type\":\"BreadcrumbList\",\"@id\":\"https:\/\/labochem.com.vn\/s\u1ea3n ph\u1ea9m\/dung-dich-on-dinh-khoang-mineral-stabilizer-50ml-chai-2376626-hach\/#breadcrumb\",\"itemListElement\":[{\"@type\":\"ListItem\",\"position\":1,\"name\":\"Home\",\"item\":\"https:\/\/labochem.com.vn\/\"},{\"@type\":\"ListItem\",\"position\":2,\"name\":\"C\u1eeda h\u00e0ng\",\"item\":\"https:\/\/labochem.com.vn\/mua\/\"},{\"@type\":\"ListItem\",\"position\":3,\"name\":\"Dung d\u1ecbch \u1ed5n \u0111\u1ecbnh kho\u00e1ng (Mineral Stabilizer) (50ml\/chai) \u2013 2376626 \u2013 Hach\"}]},{\"@type\":\"WebSite\",\"@id\":\"https:\/\/labochem.com.vn\/#website\",\"url\":\"https:\/\/labochem.com.vn\/\",\"name\":\"C\u00f4ng ty TNHH LABOCHEM Vi\u1ec7t Nam\",\"description\":\"M\u1ed9t trang web m\u1edbi s\u1eed d\u1ee5ng WordPress\",\"potentialAction\":[{\"@type\":\"SearchAction\",\"target\":{\"@type\":\"EntryPoint\",\"urlTemplate\":\"https:\/\/labochem.com.vn\/?s={search_term_string}\"},\"query-input\":\"required name=search_term_string\"}],\"inLanguage\":\"en-US\"}]}<\/script>\n<!-- \/ Yoast SEO plugin. -->","yoast_head_json":{"title":"[:vi]Dung d\u1ecbch \u1ed5n \u0111\u1ecbnh kho\u00e1ng (Mineral Stabilizer) (50ml\/chai) \u2013 2376626 \u2013 Hach[:] - C\u00f4ng ty TNHH LABOCHEM Vi\u1ec7t Nam","robots":{"index":"index","follow":"follow","max-snippet":"max-snippet:-1","max-image-preview":"max-image-preview:large","max-video-preview":"max-video-preview:-1"},"canonical":"https:\/\/labochem.com.vn\/s\u1ea3n ph\u1ea9m\/dung-dich-on-dinh-khoang-mineral-stabilizer-50ml-chai-2376626-hach\/","og_locale":"en_US","og_type":"article","og_title":"[:vi]Dung d\u1ecbch \u1ed5n \u0111\u1ecbnh kho\u00e1ng (Mineral Stabilizer) (50ml\/chai) \u2013 2376626 \u2013 Hach[:] - C\u00f4ng ty TNHH LABOCHEM Vi\u1ec7t Nam","og_description":"[:vi]Dung d\u1ecbch \u1ed5n \u0111\u1ecbnh kho\u00e1ng (Mineral Stabilizer) (50ml\/chai) \u2013 2376626 \u2013 Hach   M\u00e3 s\u1ea3n ph\u1ea9m: 2376626  Th\u01b0\u01a1ng hi\u1ec7u: Hach  Quy c\u00e1ch \u0111\u00f3ng g\u00f3i: Chai nh\u1ecf gi\u1ecdt 50 ml  \u0110\u1eb7c \u0111i\u1ec3m c\u1ee7a Dung d\u1ecbch \u1ed5n \u0111\u1ecbnh kho\u00e1ng (Mineral Stabilizer) (50ml\/chai) \u2013 2376626 \u2013 Hach   \u0110\u1ec3 x\u00e1c \u0111\u1ecbnh Amoniac v\u00e0 T\u1ed5ng Kjeldahl Nitrogen b\u1eb1ng Ph\u01b0\u01a1ng ph\u00e1p Nessler.  M\u00f4 t\u1ea3:\u00a0Ch\u1ea5t \u1ed5n \u0111\u1ecbnh kho\u00e1ng  T\u00ean ph\u01b0\u01a1ng th\u1ee9c:\u00a0Nessler  S\u1ed1 l\u01b0\u1ee3ng x\u00e9t nghi\u1ec7m:\u00a0250  Th\u00f4ng s\u1ed1:\u00a0Amoniac [:]","og_url":"https:\/\/labochem.com.vn\/s\u1ea3n ph\u1ea9m\/dung-dich-on-dinh-khoang-mineral-stabilizer-50ml-chai-2376626-hach\/","og_site_name":"C\u00f4ng ty TNHH LABOCHEM Vi\u1ec7t Nam","article_modified_time":"2020-05-08T04:24:42+00:00","og_image":[{"width":498,"height":526,"url":"https:\/\/labochem.com.vn\/wp-content\/uploads\/2020\/05\/8.1.jpg","type":"image\/jpeg"}],"twitter_card":"summary_large_image","schema":{"@context":"https:\/\/schema.org","@graph":[{"@type":"WebPage","@id":"https:\/\/labochem.com.vn\/s\u1ea3n ph\u1ea9m\/dung-dich-on-dinh-khoang-mineral-stabilizer-50ml-chai-2376626-hach\/","url":"https:\/\/labochem.com.vn\/s\u1ea3n ph\u1ea9m\/dung-dich-on-dinh-khoang-mineral-stabilizer-50ml-chai-2376626-hach\/","name":"[:vi]Dung d\u1ecbch \u1ed5n \u0111\u1ecbnh kho\u00e1ng (Mineral Stabilizer) (50ml\/chai) \u2013 2376626 \u2013 Hach[:] - C\u00f4ng ty TNHH LABOCHEM Vi\u1ec7t Nam","isPartOf":{"@id":"https:\/\/labochem.com.vn\/#website"},"primaryImageOfPage":{"@id":"https:\/\/labochem.com.vn\/s\u1ea3n ph\u1ea9m\/dung-dich-on-dinh-khoang-mineral-stabilizer-50ml-chai-2376626-hach\/#primaryimage"},"image":{"@id":"https:\/\/labochem.com.vn\/s\u1ea3n ph\u1ea9m\/dung-dich-on-dinh-khoang-mineral-stabilizer-50ml-chai-2376626-hach\/#primaryimage"},"thumbnailUrl":"https:\/\/labochem.com.vn\/wp-content\/uploads\/2020\/05\/8.1.jpg","datePublished":"2020-05-08T04:24:39+00:00","dateModified":"2020-05-08T04:24:42+00:00","breadcrumb":{"@id":"https:\/\/labochem.com.vn\/s\u1ea3n ph\u1ea9m\/dung-dich-on-dinh-khoang-mineral-stabilizer-50ml-chai-2376626-hach\/#breadcrumb"},"inLanguage":"en-US","potentialAction":[{"@type":"ReadAction","target":["https:\/\/labochem.com.vn\/s\u1ea3n ph\u1ea9m\/dung-dich-on-dinh-khoang-mineral-stabilizer-50ml-chai-2376626-hach\/"]}]},{"@type":"ImageObject","inLanguage":"en-US","@id":"https:\/\/labochem.com.vn\/s\u1ea3n ph\u1ea9m\/dung-dich-on-dinh-khoang-mineral-stabilizer-50ml-chai-2376626-hach\/#primaryimage","url":"https:\/\/labochem.com.vn\/wp-content\/uploads\/2020\/05\/8.1.jpg","contentUrl":"https:\/\/labochem.com.vn\/wp-content\/uploads\/2020\/05\/8.1.jpg","width":498,"height":526},{"@type":"BreadcrumbList","@id":"https:\/\/labochem.com.vn\/s\u1ea3n ph\u1ea9m\/dung-dich-on-dinh-khoang-mineral-stabilizer-50ml-chai-2376626-hach\/#breadcrumb","itemListElement":[{"@type":"ListItem","position":1,"name":"Home","item":"https:\/\/labochem.com.vn\/"},{"@type":"ListItem","position":2,"name":"C\u1eeda h\u00e0ng","item":"https:\/\/labochem.com.vn\/mua\/"},{"@type":"ListItem","position":3,"name":"Dung d\u1ecbch \u1ed5n \u0111\u1ecbnh kho\u00e1ng (Mineral Stabilizer) (50ml\/chai) \u2013 2376626 \u2013 Hach"}]},{"@type":"WebSite","@id":"https:\/\/labochem.com.vn\/#website","url":"https:\/\/labochem.com.vn\/","name":"C\u00f4ng ty TNHH LABOCHEM Vi\u1ec7t Nam","description":"M\u1ed9t trang web m\u1edbi s\u1eed d\u1ee5ng WordPress","potentialAction":[{"@type":"SearchAction","target":{"@type":"EntryPoint","urlTemplate":"https:\/\/labochem.com.vn\/?s={search_term_string}"},"query-input":"required name=search_term_string"}],"inLanguage":"en-US"}]}},"_links":{"self":[{"href":"https:\/\/labochem.com.vn\/en\/wp-json\/wp\/v2\/product\/479"}],"collection":[{"href":"https:\/\/labochem.com.vn\/en\/wp-json\/wp\/v2\/product"}],"about":[{"href":"https:\/\/labochem.com.vn\/en\/wp-json\/wp\/v2\/types\/product"}],"replies":[{"embeddable":true,"href":"https:\/\/labochem.com.vn\/en\/wp-json\/wp\/v2\/comments?post=479"}],"wp:featuredmedia":[{"embeddable":true,"href":"https:\/\/labochem.com.vn\/en\/wp-json\/wp\/v2\/media\/481"}],"wp:attachment":[{"href":"https:\/\/labochem.com.vn\/en\/wp-json\/wp\/v2\/media?parent=479"}],"wp:term":[{"taxonomy":"product_cat","embeddable":true,"href":"https:\/\/labochem.com.vn\/en\/wp-json\/wp\/v2\/product_cat?post=479"},{"taxonomy":"product_tag","embeddable":true,"href":"https:\/\/labochem.com.vn\/en\/wp-json\/wp\/v2\/product_tag?post=479"}],"curies":[{"name":"wp","href":"https:\/\/api.w.org\/{rel}","templated":true}]}}