{"id":472,"date":"2020-05-08T04:08:17","date_gmt":"2020-05-08T04:08:17","guid":{"rendered":"https:\/\/labochem.com.vn\/?post_type=product&#038;p=472"},"modified":"2020-05-08T04:08:18","modified_gmt":"2020-05-08T04:08:18","slug":"bo-thuoc-thu-kem-20ml-2429300-hach","status":"publish","type":"product","link":"https:\/\/labochem.com.vn\/en\/s\u1ea3n ph\u1ea9m\/bo-thuoc-thu-kem-20ml-2429300-hach\/","title":{"rendered":"(Ti\u1ebfng Vi\u1ec7t) B\u1ed9 thu\u1ed1c th\u1eed k\u1ebdm 20ml \u2013 2429300 \u2013 Hach"},"content":{"rendered":"","protected":false},"excerpt":{"rendered":"<p class=\"qtranxs-available-languages-message qtranxs-available-languages-message-en\">Sorry, this entry is only available in <a href=\"https:\/\/labochem.com.vn\/vi\/wp-json\/wp\/v2\/product\/472\" class=\"qtranxs-available-language-link qtranxs-available-language-link-vi\" title=\"Ti\u1ebfng Vi\u1ec7t\">Ti\u1ebfng Vi\u1ec7t<\/a>.<\/p>\n","protected":false},"featured_media":473,"comment_status":"open","ping_status":"closed","template":"","meta":[],"product_cat":[137],"product_tag":[146],"yoast_head":"<!-- This site is optimized with the Yoast SEO plugin v22.6 - https:\/\/yoast.com\/wordpress\/plugins\/seo\/ -->\n<title><\/title>\n<meta name=\"robots\" content=\"index, follow, max-snippet:-1, max-image-preview:large, max-video-preview:-1\" \/>\n<link rel=\"canonical\" href=\"https:\/\/labochem.com.vn\/s\u1ea3n%20ph\u1ea9m\/bo-thuoc-thu-kem-20ml-2429300-hach\/\" \/>\n<meta property=\"og:locale\" content=\"en_US\" \/>\n<meta property=\"og:type\" content=\"article\" \/>\n<meta property=\"og:title\" content=\"[:vi]B\u1ed9 thu\u1ed1c th\u1eed k\u1ebdm 20ml \u2013 2429300 \u2013 Hach[:] - C\u00f4ng ty TNHH LABOCHEM Vi\u1ec7t Nam\" \/>\n<meta property=\"og:description\" content=\"[:vi]B\u1ed9 thu\u1ed1c th\u1eed k\u1ebdm 20ml \u2013 2429300 \u2013 Hach   M\u00e3 s\u1ea3n ph\u1ea9m: 2429300  Th\u01b0\u01a1ng hi\u1ec7u: Hach  \u0110\u1eb7c \u0111i\u1ec3m c\u1ee7a B\u1ed9 thu\u1ed1c th\u1eed k\u1ebdm 20ml \u2013 2429300 \u2013 Hach   \u0110\u1ec3 x\u00e1c \u0111\u1ecbnh K\u1ebdm b\u1eb1ng ph\u01b0\u01a1ng ph\u00e1p ZincoVer\u00ae Zincon.  USEPA \u0111\u01b0\u1ee3c ph\u00ea duy\u1ec7t \u0111\u1ec3 ph\u00e2n t\u00edch n\u01b0\u1edbc th\u1ea3i (c\u1ea7n ti\u00eau h\u00f3a \u0111\u1ec3 x\u00e1c \u0111\u1ecbnh t\u1ed5ng l\u01b0\u1ee3ng k\u1ebdm) b\u1eb1ng Ph\u01b0\u01a1ng ph\u00e1p Hach 8009.  C\u1ee1 m\u1eabu: 20 mL.  Ph\u1ea1m vi: 0,01 \u2013 3,00 mg \/ L Zn.  B\u1ed9 ch\u1ee9a ZincoVer 5 Powder Powder v\u00e0 Cyclohexanone cho 100 b\u00e0i ki\u1ec3m tra.    [:]\" \/>\n<meta property=\"og:url\" content=\"https:\/\/labochem.com.vn\/s\u1ea3n ph\u1ea9m\/bo-thuoc-thu-kem-20ml-2429300-hach\/\" \/>\n<meta property=\"og:site_name\" content=\"C\u00f4ng ty TNHH LABOCHEM Vi\u1ec7t Nam\" \/>\n<meta property=\"article:modified_time\" content=\"2020-05-08T04:08:18+00:00\" \/>\n<meta property=\"og:image\" content=\"https:\/\/labochem.com.vn\/wp-content\/uploads\/2020\/05\/5.1.jpg\" \/>\n\t<meta property=\"og:image:width\" content=\"532\" \/>\n\t<meta property=\"og:image:height\" content=\"550\" \/>\n\t<meta property=\"og:image:type\" content=\"image\/jpeg\" \/>\n<meta name=\"twitter:card\" content=\"summary_large_image\" \/>\n<script type=\"application\/ld+json\" class=\"yoast-schema-graph\">{\"@context\":\"https:\/\/schema.org\",\"@graph\":[{\"@type\":\"WebPage\",\"@id\":\"https:\/\/labochem.com.vn\/s\u1ea3n ph\u1ea9m\/bo-thuoc-thu-kem-20ml-2429300-hach\/\",\"url\":\"https:\/\/labochem.com.vn\/s\u1ea3n ph\u1ea9m\/bo-thuoc-thu-kem-20ml-2429300-hach\/\",\"name\":\"[:vi]B\u1ed9 thu\u1ed1c th\u1eed k\u1ebdm 20ml \u2013 2429300 \u2013 Hach[:] - C\u00f4ng ty TNHH LABOCHEM Vi\u1ec7t Nam\",\"isPartOf\":{\"@id\":\"https:\/\/labochem.com.vn\/#website\"},\"primaryImageOfPage\":{\"@id\":\"https:\/\/labochem.com.vn\/s\u1ea3n ph\u1ea9m\/bo-thuoc-thu-kem-20ml-2429300-hach\/#primaryimage\"},\"image\":{\"@id\":\"https:\/\/labochem.com.vn\/s\u1ea3n ph\u1ea9m\/bo-thuoc-thu-kem-20ml-2429300-hach\/#primaryimage\"},\"thumbnailUrl\":\"https:\/\/labochem.com.vn\/wp-content\/uploads\/2020\/05\/5.1.jpg\",\"datePublished\":\"2020-05-08T04:08:17+00:00\",\"dateModified\":\"2020-05-08T04:08:18+00:00\",\"breadcrumb\":{\"@id\":\"https:\/\/labochem.com.vn\/s\u1ea3n ph\u1ea9m\/bo-thuoc-thu-kem-20ml-2429300-hach\/#breadcrumb\"},\"inLanguage\":\"en-US\",\"potentialAction\":[{\"@type\":\"ReadAction\",\"target\":[\"https:\/\/labochem.com.vn\/s\u1ea3n ph\u1ea9m\/bo-thuoc-thu-kem-20ml-2429300-hach\/\"]}]},{\"@type\":\"ImageObject\",\"inLanguage\":\"en-US\",\"@id\":\"https:\/\/labochem.com.vn\/s\u1ea3n ph\u1ea9m\/bo-thuoc-thu-kem-20ml-2429300-hach\/#primaryimage\",\"url\":\"https:\/\/labochem.com.vn\/wp-content\/uploads\/2020\/05\/5.1.jpg\",\"contentUrl\":\"https:\/\/labochem.com.vn\/wp-content\/uploads\/2020\/05\/5.1.jpg\",\"width\":532,\"height\":550},{\"@type\":\"BreadcrumbList\",\"@id\":\"https:\/\/labochem.com.vn\/s\u1ea3n ph\u1ea9m\/bo-thuoc-thu-kem-20ml-2429300-hach\/#breadcrumb\",\"itemListElement\":[{\"@type\":\"ListItem\",\"position\":1,\"name\":\"Home\",\"item\":\"https:\/\/labochem.com.vn\/\"},{\"@type\":\"ListItem\",\"position\":2,\"name\":\"C\u1eeda h\u00e0ng\",\"item\":\"https:\/\/labochem.com.vn\/mua\/\"},{\"@type\":\"ListItem\",\"position\":3,\"name\":\"B\u1ed9 thu\u1ed1c th\u1eed k\u1ebdm 20ml \u2013 2429300 \u2013 Hach\"}]},{\"@type\":\"WebSite\",\"@id\":\"https:\/\/labochem.com.vn\/#website\",\"url\":\"https:\/\/labochem.com.vn\/\",\"name\":\"C\u00f4ng ty TNHH LABOCHEM Vi\u1ec7t Nam\",\"description\":\"M\u1ed9t trang web m\u1edbi s\u1eed d\u1ee5ng WordPress\",\"potentialAction\":[{\"@type\":\"SearchAction\",\"target\":{\"@type\":\"EntryPoint\",\"urlTemplate\":\"https:\/\/labochem.com.vn\/?s={search_term_string}\"},\"query-input\":\"required name=search_term_string\"}],\"inLanguage\":\"en-US\"}]}<\/script>\n<!-- \/ Yoast SEO plugin. -->","yoast_head_json":{"title":"[:vi]B\u1ed9 thu\u1ed1c th\u1eed k\u1ebdm 20ml \u2013 2429300 \u2013 Hach[:] - C\u00f4ng ty TNHH LABOCHEM Vi\u1ec7t Nam","robots":{"index":"index","follow":"follow","max-snippet":"max-snippet:-1","max-image-preview":"max-image-preview:large","max-video-preview":"max-video-preview:-1"},"canonical":"https:\/\/labochem.com.vn\/s\u1ea3n ph\u1ea9m\/bo-thuoc-thu-kem-20ml-2429300-hach\/","og_locale":"en_US","og_type":"article","og_title":"[:vi]B\u1ed9 thu\u1ed1c th\u1eed k\u1ebdm 20ml \u2013 2429300 \u2013 Hach[:] - C\u00f4ng ty TNHH LABOCHEM Vi\u1ec7t Nam","og_description":"[:vi]B\u1ed9 thu\u1ed1c th\u1eed k\u1ebdm 20ml \u2013 2429300 \u2013 Hach   M\u00e3 s\u1ea3n ph\u1ea9m: 2429300  Th\u01b0\u01a1ng hi\u1ec7u: Hach  \u0110\u1eb7c \u0111i\u1ec3m c\u1ee7a B\u1ed9 thu\u1ed1c th\u1eed k\u1ebdm 20ml \u2013 2429300 \u2013 Hach   \u0110\u1ec3 x\u00e1c \u0111\u1ecbnh K\u1ebdm b\u1eb1ng ph\u01b0\u01a1ng ph\u00e1p ZincoVer\u00ae Zincon.  USEPA \u0111\u01b0\u1ee3c ph\u00ea duy\u1ec7t \u0111\u1ec3 ph\u00e2n t\u00edch n\u01b0\u1edbc th\u1ea3i (c\u1ea7n ti\u00eau h\u00f3a \u0111\u1ec3 x\u00e1c \u0111\u1ecbnh t\u1ed5ng l\u01b0\u1ee3ng k\u1ebdm) b\u1eb1ng Ph\u01b0\u01a1ng ph\u00e1p Hach 8009.  C\u1ee1 m\u1eabu: 20 mL.  Ph\u1ea1m vi: 0,01 \u2013 3,00 mg \/ L Zn.  B\u1ed9 ch\u1ee9a ZincoVer 5 Powder Powder v\u00e0 Cyclohexanone cho 100 b\u00e0i ki\u1ec3m tra.    [:]","og_url":"https:\/\/labochem.com.vn\/s\u1ea3n ph\u1ea9m\/bo-thuoc-thu-kem-20ml-2429300-hach\/","og_site_name":"C\u00f4ng ty TNHH LABOCHEM Vi\u1ec7t Nam","article_modified_time":"2020-05-08T04:08:18+00:00","og_image":[{"width":532,"height":550,"url":"https:\/\/labochem.com.vn\/wp-content\/uploads\/2020\/05\/5.1.jpg","type":"image\/jpeg"}],"twitter_card":"summary_large_image","schema":{"@context":"https:\/\/schema.org","@graph":[{"@type":"WebPage","@id":"https:\/\/labochem.com.vn\/s\u1ea3n ph\u1ea9m\/bo-thuoc-thu-kem-20ml-2429300-hach\/","url":"https:\/\/labochem.com.vn\/s\u1ea3n ph\u1ea9m\/bo-thuoc-thu-kem-20ml-2429300-hach\/","name":"[:vi]B\u1ed9 thu\u1ed1c th\u1eed k\u1ebdm 20ml \u2013 2429300 \u2013 Hach[:] - C\u00f4ng ty TNHH LABOCHEM Vi\u1ec7t Nam","isPartOf":{"@id":"https:\/\/labochem.com.vn\/#website"},"primaryImageOfPage":{"@id":"https:\/\/labochem.com.vn\/s\u1ea3n ph\u1ea9m\/bo-thuoc-thu-kem-20ml-2429300-hach\/#primaryimage"},"image":{"@id":"https:\/\/labochem.com.vn\/s\u1ea3n ph\u1ea9m\/bo-thuoc-thu-kem-20ml-2429300-hach\/#primaryimage"},"thumbnailUrl":"https:\/\/labochem.com.vn\/wp-content\/uploads\/2020\/05\/5.1.jpg","datePublished":"2020-05-08T04:08:17+00:00","dateModified":"2020-05-08T04:08:18+00:00","breadcrumb":{"@id":"https:\/\/labochem.com.vn\/s\u1ea3n ph\u1ea9m\/bo-thuoc-thu-kem-20ml-2429300-hach\/#breadcrumb"},"inLanguage":"en-US","potentialAction":[{"@type":"ReadAction","target":["https:\/\/labochem.com.vn\/s\u1ea3n ph\u1ea9m\/bo-thuoc-thu-kem-20ml-2429300-hach\/"]}]},{"@type":"ImageObject","inLanguage":"en-US","@id":"https:\/\/labochem.com.vn\/s\u1ea3n ph\u1ea9m\/bo-thuoc-thu-kem-20ml-2429300-hach\/#primaryimage","url":"https:\/\/labochem.com.vn\/wp-content\/uploads\/2020\/05\/5.1.jpg","contentUrl":"https:\/\/labochem.com.vn\/wp-content\/uploads\/2020\/05\/5.1.jpg","width":532,"height":550},{"@type":"BreadcrumbList","@id":"https:\/\/labochem.com.vn\/s\u1ea3n ph\u1ea9m\/bo-thuoc-thu-kem-20ml-2429300-hach\/#breadcrumb","itemListElement":[{"@type":"ListItem","position":1,"name":"Home","item":"https:\/\/labochem.com.vn\/"},{"@type":"ListItem","position":2,"name":"C\u1eeda h\u00e0ng","item":"https:\/\/labochem.com.vn\/mua\/"},{"@type":"ListItem","position":3,"name":"B\u1ed9 thu\u1ed1c th\u1eed k\u1ebdm 20ml \u2013 2429300 \u2013 Hach"}]},{"@type":"WebSite","@id":"https:\/\/labochem.com.vn\/#website","url":"https:\/\/labochem.com.vn\/","name":"C\u00f4ng ty TNHH LABOCHEM Vi\u1ec7t Nam","description":"M\u1ed9t trang web m\u1edbi s\u1eed d\u1ee5ng WordPress","potentialAction":[{"@type":"SearchAction","target":{"@type":"EntryPoint","urlTemplate":"https:\/\/labochem.com.vn\/?s={search_term_string}"},"query-input":"required name=search_term_string"}],"inLanguage":"en-US"}]}},"_links":{"self":[{"href":"https:\/\/labochem.com.vn\/en\/wp-json\/wp\/v2\/product\/472"}],"collection":[{"href":"https:\/\/labochem.com.vn\/en\/wp-json\/wp\/v2\/product"}],"about":[{"href":"https:\/\/labochem.com.vn\/en\/wp-json\/wp\/v2\/types\/product"}],"replies":[{"embeddable":true,"href":"https:\/\/labochem.com.vn\/en\/wp-json\/wp\/v2\/comments?post=472"}],"wp:featuredmedia":[{"embeddable":true,"href":"https:\/\/labochem.com.vn\/en\/wp-json\/wp\/v2\/media\/473"}],"wp:attachment":[{"href":"https:\/\/labochem.com.vn\/en\/wp-json\/wp\/v2\/media?parent=472"}],"wp:term":[{"taxonomy":"product_cat","embeddable":true,"href":"https:\/\/labochem.com.vn\/en\/wp-json\/wp\/v2\/product_cat?post=472"},{"taxonomy":"product_tag","embeddable":true,"href":"https:\/\/labochem.com.vn\/en\/wp-json\/wp\/v2\/product_tag?post=472"}],"curies":[{"name":"wp","href":"https:\/\/api.w.org\/{rel}","templated":true}]}}