{"id":463,"date":"2020-05-08T03:44:20","date_gmt":"2020-05-08T03:44:20","guid":{"rendered":"https:\/\/labochem.com.vn\/?post_type=product&#038;p=463"},"modified":"2020-05-08T03:58:17","modified_gmt":"2020-05-08T03:58:17","slug":"dung-dich-buffer-solution-ph10-500ml-chai-2283649-hach","status":"publish","type":"product","link":"https:\/\/labochem.com.vn\/en\/s\u1ea3n ph\u1ea9m\/dung-dich-buffer-solution-ph10-500ml-chai-2283649-hach\/","title":{"rendered":"(Ti\u1ebfng Vi\u1ec7t) Dung d\u1ecbch Buffer solution pH=10 (500ml\/chai) \u2013 2283649 \u2013 Hach"},"content":{"rendered":"","protected":false},"excerpt":{"rendered":"<p class=\"qtranxs-available-languages-message qtranxs-available-languages-message-en\">Sorry, this entry is only available in <a href=\"https:\/\/labochem.com.vn\/vi\/wp-json\/wp\/v2\/product\/463\" class=\"qtranxs-available-language-link qtranxs-available-language-link-vi\" title=\"Ti\u1ebfng Vi\u1ec7t\">Ti\u1ebfng Vi\u1ec7t<\/a>.<\/p>\n","protected":false},"featured_media":469,"comment_status":"open","ping_status":"closed","template":"","meta":[],"product_cat":[137],"product_tag":[140],"yoast_head":"<!-- This site is optimized with the Yoast SEO plugin v22.6 - https:\/\/yoast.com\/wordpress\/plugins\/seo\/ -->\n<title><\/title>\n<meta name=\"robots\" content=\"index, follow, max-snippet:-1, max-image-preview:large, max-video-preview:-1\" \/>\n<link rel=\"canonical\" href=\"https:\/\/labochem.com.vn\/s\u1ea3n%20ph\u1ea9m\/dung-dich-buffer-solution-ph10-500ml-chai-2283649-hach\/\" \/>\n<meta property=\"og:locale\" content=\"en_US\" \/>\n<meta property=\"og:type\" content=\"article\" \/>\n<meta property=\"og:title\" content=\"[:vi]Dung d\u1ecbch Buffer solution pH=10 (500ml\/chai) \u2013 2283649 \u2013 Hach[:] - C\u00f4ng ty TNHH LABOCHEM Vi\u1ec7t Nam\" \/>\n<meta property=\"og:description\" content=\"[:vi]Dung d\u1ecbch Buffer solution pH=10 (500ml\/chai) \u2013 2283649 \u2013 Hach   M\u00e3 s\u1ea3n ph\u1ea9m: 2283649  Th\u01b0\u01a1ng hi\u1ec7u: Hach  Quy c\u00e1ch \u0111\u00f3ng g\u00f3i: Chai 500ml  \u0110\u1eb7c \u0111i\u1ec3m c\u1ee7a Dung d\u1ecbch Buffer solution pH=10 (500ml\/chai) \u2013 2283649 \u2013 Hach   Dung d\u1ecbch chu\u1ea9n pH \u0111\u1ec7m \u0111\u1ec3 hi\u1ec7u chu\u1ea9n \u0111i\u1ec7n c\u1ef1c pH.\u00a0Dung d\u1ecbch \u0111\u1ec7m pH \u0111\u01b0\u1ee3c m\u00e3 h\u00f3a m\u00e0u \u0111\u1ec3 d\u1ec5 nh\u1eadn bi\u1ebft.\u00a0pH l\u00e0 10,01 \u00b1 0,02 \u1edf 25 \u00b0 C.  M\u00f4 t\u1ea3:Thu\u1ed1c th\u1eed pH Hi\u1ec7u chu\u1ea9n \u0111\u1ec7m  NIST Truy nguy\u00ean:\u00a0C\u00f3  Th\u00f4ng s\u1ed1:\u00a0pH  Gi\u00e1 tr\u1ecb pH:\u00a010,01 \u00b1 0,02 pH \u1edf 25 \u00b0 C  Th\u1eddi h\u1ea1n s\u1eed d\u1ee5ng:12 th\u00e1ng  \u0110i\u1ec1u ki\u1ec7n b\u1ea3o qu\u1ea3n:10 \u2013 25 \u00b0 C (tr\u00e1nh \u00e1nh s\u00e1ng)    [:]\" \/>\n<meta property=\"og:url\" content=\"https:\/\/labochem.com.vn\/s\u1ea3n ph\u1ea9m\/dung-dich-buffer-solution-ph10-500ml-chai-2283649-hach\/\" \/>\n<meta property=\"og:site_name\" content=\"C\u00f4ng ty TNHH LABOCHEM Vi\u1ec7t Nam\" \/>\n<meta property=\"article:modified_time\" content=\"2020-05-08T03:58:17+00:00\" \/>\n<meta property=\"og:image\" content=\"https:\/\/labochem.com.vn\/wp-content\/uploads\/2020\/05\/2.1.jpg\" \/>\n\t<meta property=\"og:image:width\" content=\"541\" \/>\n\t<meta property=\"og:image:height\" content=\"554\" \/>\n\t<meta property=\"og:image:type\" content=\"image\/jpeg\" \/>\n<meta name=\"twitter:card\" content=\"summary_large_image\" \/>\n<script type=\"application\/ld+json\" class=\"yoast-schema-graph\">{\"@context\":\"https:\/\/schema.org\",\"@graph\":[{\"@type\":\"WebPage\",\"@id\":\"https:\/\/labochem.com.vn\/s\u1ea3n ph\u1ea9m\/dung-dich-buffer-solution-ph10-500ml-chai-2283649-hach\/\",\"url\":\"https:\/\/labochem.com.vn\/s\u1ea3n ph\u1ea9m\/dung-dich-buffer-solution-ph10-500ml-chai-2283649-hach\/\",\"name\":\"[:vi]Dung d\u1ecbch Buffer solution pH=10 (500ml\/chai) \u2013 2283649 \u2013 Hach[:] - C\u00f4ng ty TNHH LABOCHEM Vi\u1ec7t Nam\",\"isPartOf\":{\"@id\":\"https:\/\/labochem.com.vn\/#website\"},\"primaryImageOfPage\":{\"@id\":\"https:\/\/labochem.com.vn\/s\u1ea3n ph\u1ea9m\/dung-dich-buffer-solution-ph10-500ml-chai-2283649-hach\/#primaryimage\"},\"image\":{\"@id\":\"https:\/\/labochem.com.vn\/s\u1ea3n ph\u1ea9m\/dung-dich-buffer-solution-ph10-500ml-chai-2283649-hach\/#primaryimage\"},\"thumbnailUrl\":\"https:\/\/labochem.com.vn\/wp-content\/uploads\/2020\/05\/2.1.jpg\",\"datePublished\":\"2020-05-08T03:44:20+00:00\",\"dateModified\":\"2020-05-08T03:58:17+00:00\",\"breadcrumb\":{\"@id\":\"https:\/\/labochem.com.vn\/s\u1ea3n ph\u1ea9m\/dung-dich-buffer-solution-ph10-500ml-chai-2283649-hach\/#breadcrumb\"},\"inLanguage\":\"en-US\",\"potentialAction\":[{\"@type\":\"ReadAction\",\"target\":[\"https:\/\/labochem.com.vn\/s\u1ea3n ph\u1ea9m\/dung-dich-buffer-solution-ph10-500ml-chai-2283649-hach\/\"]}]},{\"@type\":\"ImageObject\",\"inLanguage\":\"en-US\",\"@id\":\"https:\/\/labochem.com.vn\/s\u1ea3n ph\u1ea9m\/dung-dich-buffer-solution-ph10-500ml-chai-2283649-hach\/#primaryimage\",\"url\":\"https:\/\/labochem.com.vn\/wp-content\/uploads\/2020\/05\/2.1.jpg\",\"contentUrl\":\"https:\/\/labochem.com.vn\/wp-content\/uploads\/2020\/05\/2.1.jpg\",\"width\":541,\"height\":554},{\"@type\":\"BreadcrumbList\",\"@id\":\"https:\/\/labochem.com.vn\/s\u1ea3n ph\u1ea9m\/dung-dich-buffer-solution-ph10-500ml-chai-2283649-hach\/#breadcrumb\",\"itemListElement\":[{\"@type\":\"ListItem\",\"position\":1,\"name\":\"Home\",\"item\":\"https:\/\/labochem.com.vn\/\"},{\"@type\":\"ListItem\",\"position\":2,\"name\":\"C\u1eeda h\u00e0ng\",\"item\":\"https:\/\/labochem.com.vn\/mua\/\"},{\"@type\":\"ListItem\",\"position\":3,\"name\":\"Dung d\u1ecbch Buffer solution pH=10 (500ml\/chai) \u2013 2283649 \u2013 Hach\"}]},{\"@type\":\"WebSite\",\"@id\":\"https:\/\/labochem.com.vn\/#website\",\"url\":\"https:\/\/labochem.com.vn\/\",\"name\":\"C\u00f4ng ty TNHH LABOCHEM Vi\u1ec7t Nam\",\"description\":\"M\u1ed9t trang web m\u1edbi s\u1eed d\u1ee5ng WordPress\",\"potentialAction\":[{\"@type\":\"SearchAction\",\"target\":{\"@type\":\"EntryPoint\",\"urlTemplate\":\"https:\/\/labochem.com.vn\/?s={search_term_string}\"},\"query-input\":\"required name=search_term_string\"}],\"inLanguage\":\"en-US\"}]}<\/script>\n<!-- \/ Yoast SEO plugin. -->","yoast_head_json":{"title":"[:vi]Dung d\u1ecbch Buffer solution pH=10 (500ml\/chai) \u2013 2283649 \u2013 Hach[:] - C\u00f4ng ty TNHH LABOCHEM Vi\u1ec7t Nam","robots":{"index":"index","follow":"follow","max-snippet":"max-snippet:-1","max-image-preview":"max-image-preview:large","max-video-preview":"max-video-preview:-1"},"canonical":"https:\/\/labochem.com.vn\/s\u1ea3n ph\u1ea9m\/dung-dich-buffer-solution-ph10-500ml-chai-2283649-hach\/","og_locale":"en_US","og_type":"article","og_title":"[:vi]Dung d\u1ecbch Buffer solution pH=10 (500ml\/chai) \u2013 2283649 \u2013 Hach[:] - C\u00f4ng ty TNHH LABOCHEM Vi\u1ec7t Nam","og_description":"[:vi]Dung d\u1ecbch Buffer solution pH=10 (500ml\/chai) \u2013 2283649 \u2013 Hach   M\u00e3 s\u1ea3n ph\u1ea9m: 2283649  Th\u01b0\u01a1ng hi\u1ec7u: Hach  Quy c\u00e1ch \u0111\u00f3ng g\u00f3i: Chai 500ml  \u0110\u1eb7c \u0111i\u1ec3m c\u1ee7a Dung d\u1ecbch Buffer solution pH=10 (500ml\/chai) \u2013 2283649 \u2013 Hach   Dung d\u1ecbch chu\u1ea9n pH \u0111\u1ec7m \u0111\u1ec3 hi\u1ec7u chu\u1ea9n \u0111i\u1ec7n c\u1ef1c pH.\u00a0Dung d\u1ecbch \u0111\u1ec7m pH \u0111\u01b0\u1ee3c m\u00e3 h\u00f3a m\u00e0u \u0111\u1ec3 d\u1ec5 nh\u1eadn bi\u1ebft.\u00a0pH l\u00e0 10,01 \u00b1 0,02 \u1edf 25 \u00b0 C.  M\u00f4 t\u1ea3:Thu\u1ed1c th\u1eed pH Hi\u1ec7u chu\u1ea9n \u0111\u1ec7m  NIST Truy nguy\u00ean:\u00a0C\u00f3  Th\u00f4ng s\u1ed1:\u00a0pH  Gi\u00e1 tr\u1ecb pH:\u00a010,01 \u00b1 0,02 pH \u1edf 25 \u00b0 C  Th\u1eddi h\u1ea1n s\u1eed d\u1ee5ng:12 th\u00e1ng  \u0110i\u1ec1u ki\u1ec7n b\u1ea3o qu\u1ea3n:10 \u2013 25 \u00b0 C (tr\u00e1nh \u00e1nh s\u00e1ng)    [:]","og_url":"https:\/\/labochem.com.vn\/s\u1ea3n ph\u1ea9m\/dung-dich-buffer-solution-ph10-500ml-chai-2283649-hach\/","og_site_name":"C\u00f4ng ty TNHH LABOCHEM Vi\u1ec7t Nam","article_modified_time":"2020-05-08T03:58:17+00:00","og_image":[{"width":541,"height":554,"url":"https:\/\/labochem.com.vn\/wp-content\/uploads\/2020\/05\/2.1.jpg","type":"image\/jpeg"}],"twitter_card":"summary_large_image","schema":{"@context":"https:\/\/schema.org","@graph":[{"@type":"WebPage","@id":"https:\/\/labochem.com.vn\/s\u1ea3n ph\u1ea9m\/dung-dich-buffer-solution-ph10-500ml-chai-2283649-hach\/","url":"https:\/\/labochem.com.vn\/s\u1ea3n ph\u1ea9m\/dung-dich-buffer-solution-ph10-500ml-chai-2283649-hach\/","name":"[:vi]Dung d\u1ecbch Buffer solution pH=10 (500ml\/chai) \u2013 2283649 \u2013 Hach[:] - C\u00f4ng ty TNHH LABOCHEM Vi\u1ec7t Nam","isPartOf":{"@id":"https:\/\/labochem.com.vn\/#website"},"primaryImageOfPage":{"@id":"https:\/\/labochem.com.vn\/s\u1ea3n ph\u1ea9m\/dung-dich-buffer-solution-ph10-500ml-chai-2283649-hach\/#primaryimage"},"image":{"@id":"https:\/\/labochem.com.vn\/s\u1ea3n ph\u1ea9m\/dung-dich-buffer-solution-ph10-500ml-chai-2283649-hach\/#primaryimage"},"thumbnailUrl":"https:\/\/labochem.com.vn\/wp-content\/uploads\/2020\/05\/2.1.jpg","datePublished":"2020-05-08T03:44:20+00:00","dateModified":"2020-05-08T03:58:17+00:00","breadcrumb":{"@id":"https:\/\/labochem.com.vn\/s\u1ea3n ph\u1ea9m\/dung-dich-buffer-solution-ph10-500ml-chai-2283649-hach\/#breadcrumb"},"inLanguage":"en-US","potentialAction":[{"@type":"ReadAction","target":["https:\/\/labochem.com.vn\/s\u1ea3n ph\u1ea9m\/dung-dich-buffer-solution-ph10-500ml-chai-2283649-hach\/"]}]},{"@type":"ImageObject","inLanguage":"en-US","@id":"https:\/\/labochem.com.vn\/s\u1ea3n ph\u1ea9m\/dung-dich-buffer-solution-ph10-500ml-chai-2283649-hach\/#primaryimage","url":"https:\/\/labochem.com.vn\/wp-content\/uploads\/2020\/05\/2.1.jpg","contentUrl":"https:\/\/labochem.com.vn\/wp-content\/uploads\/2020\/05\/2.1.jpg","width":541,"height":554},{"@type":"BreadcrumbList","@id":"https:\/\/labochem.com.vn\/s\u1ea3n ph\u1ea9m\/dung-dich-buffer-solution-ph10-500ml-chai-2283649-hach\/#breadcrumb","itemListElement":[{"@type":"ListItem","position":1,"name":"Home","item":"https:\/\/labochem.com.vn\/"},{"@type":"ListItem","position":2,"name":"C\u1eeda h\u00e0ng","item":"https:\/\/labochem.com.vn\/mua\/"},{"@type":"ListItem","position":3,"name":"Dung d\u1ecbch Buffer solution pH=10 (500ml\/chai) \u2013 2283649 \u2013 Hach"}]},{"@type":"WebSite","@id":"https:\/\/labochem.com.vn\/#website","url":"https:\/\/labochem.com.vn\/","name":"C\u00f4ng ty TNHH LABOCHEM Vi\u1ec7t Nam","description":"M\u1ed9t trang web m\u1edbi s\u1eed d\u1ee5ng WordPress","potentialAction":[{"@type":"SearchAction","target":{"@type":"EntryPoint","urlTemplate":"https:\/\/labochem.com.vn\/?s={search_term_string}"},"query-input":"required name=search_term_string"}],"inLanguage":"en-US"}]}},"_links":{"self":[{"href":"https:\/\/labochem.com.vn\/en\/wp-json\/wp\/v2\/product\/463"}],"collection":[{"href":"https:\/\/labochem.com.vn\/en\/wp-json\/wp\/v2\/product"}],"about":[{"href":"https:\/\/labochem.com.vn\/en\/wp-json\/wp\/v2\/types\/product"}],"replies":[{"embeddable":true,"href":"https:\/\/labochem.com.vn\/en\/wp-json\/wp\/v2\/comments?post=463"}],"wp:featuredmedia":[{"embeddable":true,"href":"https:\/\/labochem.com.vn\/en\/wp-json\/wp\/v2\/media\/469"}],"wp:attachment":[{"href":"https:\/\/labochem.com.vn\/en\/wp-json\/wp\/v2\/media?parent=463"}],"wp:term":[{"taxonomy":"product_cat","embeddable":true,"href":"https:\/\/labochem.com.vn\/en\/wp-json\/wp\/v2\/product_cat?post=463"},{"taxonomy":"product_tag","embeddable":true,"href":"https:\/\/labochem.com.vn\/en\/wp-json\/wp\/v2\/product_tag?post=463"}],"curies":[{"name":"wp","href":"https:\/\/api.w.org\/{rel}","templated":true}]}}