{"id":454,"date":"2020-05-08T03:17:01","date_gmt":"2020-05-08T03:17:01","guid":{"rendered":"https:\/\/labochem.com.vn\/?post_type=product&#038;p=454"},"modified":"2020-05-08T03:17:02","modified_gmt":"2020-05-08T03:17:02","slug":"formic-acid-98-100-for-analysis-emsure","status":"publish","type":"product","link":"https:\/\/labochem.com.vn\/en\/s\u1ea3n ph\u1ea9m\/formic-acid-98-100-for-analysis-emsure\/","title":{"rendered":"(Ti\u1ebfng Vi\u1ec7t) Formic Acid 98-100% for Analysis Emsure"},"content":{"rendered":"","protected":false},"excerpt":{"rendered":"<p class=\"qtranxs-available-languages-message qtranxs-available-languages-message-en\">Sorry, this entry is only available in <a href=\"https:\/\/labochem.com.vn\/vi\/wp-json\/wp\/v2\/product\/454\" class=\"qtranxs-available-language-link qtranxs-available-language-link-vi\" title=\"Ti\u1ebfng Vi\u1ec7t\">Ti\u1ebfng Vi\u1ec7t<\/a>.<\/p>\n","protected":false},"featured_media":455,"comment_status":"open","ping_status":"closed","template":"","meta":[],"product_cat":[25],"product_tag":[136],"yoast_head":"<!-- This site is optimized with the Yoast SEO plugin v22.6 - https:\/\/yoast.com\/wordpress\/plugins\/seo\/ -->\n<title><\/title>\n<meta name=\"robots\" content=\"index, follow, max-snippet:-1, max-image-preview:large, max-video-preview:-1\" \/>\n<link rel=\"canonical\" href=\"https:\/\/labochem.com.vn\/s\u1ea3n%20ph\u1ea9m\/formic-acid-98-100-for-analysis-emsure\/\" \/>\n<meta property=\"og:locale\" content=\"en_US\" \/>\n<meta property=\"og:type\" content=\"article\" \/>\n<meta property=\"og:title\" content=\"[:vi]Formic Acid 98-100% for Analysis Emsure[:] - C\u00f4ng ty TNHH LABOCHEM Vi\u1ec7t Nam\" \/>\n<meta property=\"og:description\" content=\"[:vi]   Formic acid 98-100% for analysis EMSURE\u00ae ACS,Reag. Ph Eur       Th\u00f4ng s\u1ed1 k\u1ef9 thu\u1eadt   H\u00e0m l\u01b0\u1ee3ng \u2265 98.0 %   M\u00e0u \u2264\u00a010\u00a0Hazen   SO4\u00a0 (Sulfate) \u2264 5 ppm   SO3\u00a0 (Sulfite) \u2264 10 ppm   Kim lo\u1ea1i n\u1eb7ng (nh\u01b0 Pb) \u2264 10 ppm   Ag (B\u1ea1c) \u2264\u00a00.020\u00a0ppm   Al (Nh\u00f4m) \u2264 0.050 ppm   Cd (Cadimi) \u2264\u00a00.050\u00a0ppm   Co (Cobalt) \u2264\u00a00.020\u00a0ppm   Cd (Cadimi) \u2264 0.050 ppm   Pb (Ch\u00ec) \u2264 0.020 ppm   &nbsp; &nbsp;   Th\u00f4ng tin l\u00fd t\u00ednh   T\u1ec9 tr\u1ecdng 1.22\u00a0g\/cm3 (20\u00a0\u00b0C)   \u0110i\u1ec3m s\u00f4i 101\u00a0\u00b0C (1013 hPa)   pH 2.2 (10\u00a0g\/l, H\u2082O, 25\u00a0\u00b0C)   \u00c1p su\u1ea5t h\u01a1i 42h\u00a0Pa (25\u00a0\u00b0C)   \u0110i\u1ec3m b\u1ed1c h\u01a1i 4\u00a0\u00b0C   &nbsp; &nbsp;   B\u1ea3o qu\u1ea3n   \u0110i\u1ec1u ki\u1ec7n b\u1ea3o qu\u1ea3n \u00a0+15\u00b0C \u0111\u1ebfn +25\u00b0C.     [:]\" \/>\n<meta property=\"og:url\" content=\"https:\/\/labochem.com.vn\/s\u1ea3n ph\u1ea9m\/formic-acid-98-100-for-analysis-emsure\/\" \/>\n<meta property=\"og:site_name\" content=\"C\u00f4ng ty TNHH LABOCHEM Vi\u1ec7t Nam\" \/>\n<meta property=\"article:modified_time\" content=\"2020-05-08T03:17:02+00:00\" \/>\n<meta property=\"og:image\" content=\"https:\/\/labochem.com.vn\/wp-content\/uploads\/2020\/05\/image1.jpg\" \/>\n\t<meta property=\"og:image:width\" content=\"300\" \/>\n\t<meta property=\"og:image:height\" content=\"250\" \/>\n\t<meta property=\"og:image:type\" content=\"image\/jpeg\" \/>\n<meta name=\"twitter:card\" content=\"summary_large_image\" \/>\n<script type=\"application\/ld+json\" class=\"yoast-schema-graph\">{\"@context\":\"https:\/\/schema.org\",\"@graph\":[{\"@type\":\"WebPage\",\"@id\":\"https:\/\/labochem.com.vn\/s\u1ea3n ph\u1ea9m\/formic-acid-98-100-for-analysis-emsure\/\",\"url\":\"https:\/\/labochem.com.vn\/s\u1ea3n ph\u1ea9m\/formic-acid-98-100-for-analysis-emsure\/\",\"name\":\"[:vi]Formic Acid 98-100% for Analysis Emsure[:] - C\u00f4ng ty TNHH LABOCHEM Vi\u1ec7t Nam\",\"isPartOf\":{\"@id\":\"https:\/\/labochem.com.vn\/#website\"},\"primaryImageOfPage\":{\"@id\":\"https:\/\/labochem.com.vn\/s\u1ea3n ph\u1ea9m\/formic-acid-98-100-for-analysis-emsure\/#primaryimage\"},\"image\":{\"@id\":\"https:\/\/labochem.com.vn\/s\u1ea3n ph\u1ea9m\/formic-acid-98-100-for-analysis-emsure\/#primaryimage\"},\"thumbnailUrl\":\"https:\/\/labochem.com.vn\/wp-content\/uploads\/2020\/05\/image1.jpg\",\"datePublished\":\"2020-05-08T03:17:01+00:00\",\"dateModified\":\"2020-05-08T03:17:02+00:00\",\"breadcrumb\":{\"@id\":\"https:\/\/labochem.com.vn\/s\u1ea3n ph\u1ea9m\/formic-acid-98-100-for-analysis-emsure\/#breadcrumb\"},\"inLanguage\":\"en-US\",\"potentialAction\":[{\"@type\":\"ReadAction\",\"target\":[\"https:\/\/labochem.com.vn\/s\u1ea3n ph\u1ea9m\/formic-acid-98-100-for-analysis-emsure\/\"]}]},{\"@type\":\"ImageObject\",\"inLanguage\":\"en-US\",\"@id\":\"https:\/\/labochem.com.vn\/s\u1ea3n ph\u1ea9m\/formic-acid-98-100-for-analysis-emsure\/#primaryimage\",\"url\":\"https:\/\/labochem.com.vn\/wp-content\/uploads\/2020\/05\/image1.jpg\",\"contentUrl\":\"https:\/\/labochem.com.vn\/wp-content\/uploads\/2020\/05\/image1.jpg\",\"width\":300,\"height\":250},{\"@type\":\"BreadcrumbList\",\"@id\":\"https:\/\/labochem.com.vn\/s\u1ea3n ph\u1ea9m\/formic-acid-98-100-for-analysis-emsure\/#breadcrumb\",\"itemListElement\":[{\"@type\":\"ListItem\",\"position\":1,\"name\":\"Home\",\"item\":\"https:\/\/labochem.com.vn\/\"},{\"@type\":\"ListItem\",\"position\":2,\"name\":\"C\u1eeda h\u00e0ng\",\"item\":\"https:\/\/labochem.com.vn\/mua\/\"},{\"@type\":\"ListItem\",\"position\":3,\"name\":\"Formic Acid 98-100% for Analysis Emsure\"}]},{\"@type\":\"WebSite\",\"@id\":\"https:\/\/labochem.com.vn\/#website\",\"url\":\"https:\/\/labochem.com.vn\/\",\"name\":\"C\u00f4ng ty TNHH LABOCHEM Vi\u1ec7t Nam\",\"description\":\"M\u1ed9t trang web m\u1edbi s\u1eed d\u1ee5ng WordPress\",\"potentialAction\":[{\"@type\":\"SearchAction\",\"target\":{\"@type\":\"EntryPoint\",\"urlTemplate\":\"https:\/\/labochem.com.vn\/?s={search_term_string}\"},\"query-input\":\"required name=search_term_string\"}],\"inLanguage\":\"en-US\"}]}<\/script>\n<!-- \/ Yoast SEO plugin. -->","yoast_head_json":{"title":"[:vi]Formic Acid 98-100% for Analysis Emsure[:] - C\u00f4ng ty TNHH LABOCHEM Vi\u1ec7t Nam","robots":{"index":"index","follow":"follow","max-snippet":"max-snippet:-1","max-image-preview":"max-image-preview:large","max-video-preview":"max-video-preview:-1"},"canonical":"https:\/\/labochem.com.vn\/s\u1ea3n ph\u1ea9m\/formic-acid-98-100-for-analysis-emsure\/","og_locale":"en_US","og_type":"article","og_title":"[:vi]Formic Acid 98-100% for Analysis Emsure[:] - C\u00f4ng ty TNHH LABOCHEM Vi\u1ec7t Nam","og_description":"[:vi]   Formic acid 98-100% for analysis EMSURE\u00ae ACS,Reag. Ph Eur       Th\u00f4ng s\u1ed1 k\u1ef9 thu\u1eadt   H\u00e0m l\u01b0\u1ee3ng \u2265 98.0 %   M\u00e0u \u2264\u00a010\u00a0Hazen   SO4\u00a0 (Sulfate) \u2264 5 ppm   SO3\u00a0 (Sulfite) \u2264 10 ppm   Kim lo\u1ea1i n\u1eb7ng (nh\u01b0 Pb) \u2264 10 ppm   Ag (B\u1ea1c) \u2264\u00a00.020\u00a0ppm   Al (Nh\u00f4m) \u2264 0.050 ppm   Cd (Cadimi) \u2264\u00a00.050\u00a0ppm   Co (Cobalt) \u2264\u00a00.020\u00a0ppm   Cd (Cadimi) \u2264 0.050 ppm   Pb (Ch\u00ec) \u2264 0.020 ppm   &nbsp; &nbsp;   Th\u00f4ng tin l\u00fd t\u00ednh   T\u1ec9 tr\u1ecdng 1.22\u00a0g\/cm3 (20\u00a0\u00b0C)   \u0110i\u1ec3m s\u00f4i 101\u00a0\u00b0C (1013 hPa)   pH 2.2 (10\u00a0g\/l, H\u2082O, 25\u00a0\u00b0C)   \u00c1p su\u1ea5t h\u01a1i 42h\u00a0Pa (25\u00a0\u00b0C)   \u0110i\u1ec3m b\u1ed1c h\u01a1i 4\u00a0\u00b0C   &nbsp; &nbsp;   B\u1ea3o qu\u1ea3n   \u0110i\u1ec1u ki\u1ec7n b\u1ea3o qu\u1ea3n \u00a0+15\u00b0C \u0111\u1ebfn +25\u00b0C.     [:]","og_url":"https:\/\/labochem.com.vn\/s\u1ea3n ph\u1ea9m\/formic-acid-98-100-for-analysis-emsure\/","og_site_name":"C\u00f4ng ty TNHH LABOCHEM Vi\u1ec7t Nam","article_modified_time":"2020-05-08T03:17:02+00:00","og_image":[{"width":300,"height":250,"url":"https:\/\/labochem.com.vn\/wp-content\/uploads\/2020\/05\/image1.jpg","type":"image\/jpeg"}],"twitter_card":"summary_large_image","schema":{"@context":"https:\/\/schema.org","@graph":[{"@type":"WebPage","@id":"https:\/\/labochem.com.vn\/s\u1ea3n ph\u1ea9m\/formic-acid-98-100-for-analysis-emsure\/","url":"https:\/\/labochem.com.vn\/s\u1ea3n ph\u1ea9m\/formic-acid-98-100-for-analysis-emsure\/","name":"[:vi]Formic Acid 98-100% for Analysis Emsure[:] - C\u00f4ng ty TNHH LABOCHEM Vi\u1ec7t Nam","isPartOf":{"@id":"https:\/\/labochem.com.vn\/#website"},"primaryImageOfPage":{"@id":"https:\/\/labochem.com.vn\/s\u1ea3n ph\u1ea9m\/formic-acid-98-100-for-analysis-emsure\/#primaryimage"},"image":{"@id":"https:\/\/labochem.com.vn\/s\u1ea3n ph\u1ea9m\/formic-acid-98-100-for-analysis-emsure\/#primaryimage"},"thumbnailUrl":"https:\/\/labochem.com.vn\/wp-content\/uploads\/2020\/05\/image1.jpg","datePublished":"2020-05-08T03:17:01+00:00","dateModified":"2020-05-08T03:17:02+00:00","breadcrumb":{"@id":"https:\/\/labochem.com.vn\/s\u1ea3n ph\u1ea9m\/formic-acid-98-100-for-analysis-emsure\/#breadcrumb"},"inLanguage":"en-US","potentialAction":[{"@type":"ReadAction","target":["https:\/\/labochem.com.vn\/s\u1ea3n ph\u1ea9m\/formic-acid-98-100-for-analysis-emsure\/"]}]},{"@type":"ImageObject","inLanguage":"en-US","@id":"https:\/\/labochem.com.vn\/s\u1ea3n ph\u1ea9m\/formic-acid-98-100-for-analysis-emsure\/#primaryimage","url":"https:\/\/labochem.com.vn\/wp-content\/uploads\/2020\/05\/image1.jpg","contentUrl":"https:\/\/labochem.com.vn\/wp-content\/uploads\/2020\/05\/image1.jpg","width":300,"height":250},{"@type":"BreadcrumbList","@id":"https:\/\/labochem.com.vn\/s\u1ea3n ph\u1ea9m\/formic-acid-98-100-for-analysis-emsure\/#breadcrumb","itemListElement":[{"@type":"ListItem","position":1,"name":"Home","item":"https:\/\/labochem.com.vn\/"},{"@type":"ListItem","position":2,"name":"C\u1eeda h\u00e0ng","item":"https:\/\/labochem.com.vn\/mua\/"},{"@type":"ListItem","position":3,"name":"Formic Acid 98-100% for Analysis Emsure"}]},{"@type":"WebSite","@id":"https:\/\/labochem.com.vn\/#website","url":"https:\/\/labochem.com.vn\/","name":"C\u00f4ng ty TNHH LABOCHEM Vi\u1ec7t Nam","description":"M\u1ed9t trang web m\u1edbi s\u1eed d\u1ee5ng WordPress","potentialAction":[{"@type":"SearchAction","target":{"@type":"EntryPoint","urlTemplate":"https:\/\/labochem.com.vn\/?s={search_term_string}"},"query-input":"required name=search_term_string"}],"inLanguage":"en-US"}]}},"_links":{"self":[{"href":"https:\/\/labochem.com.vn\/en\/wp-json\/wp\/v2\/product\/454"}],"collection":[{"href":"https:\/\/labochem.com.vn\/en\/wp-json\/wp\/v2\/product"}],"about":[{"href":"https:\/\/labochem.com.vn\/en\/wp-json\/wp\/v2\/types\/product"}],"replies":[{"embeddable":true,"href":"https:\/\/labochem.com.vn\/en\/wp-json\/wp\/v2\/comments?post=454"}],"wp:featuredmedia":[{"embeddable":true,"href":"https:\/\/labochem.com.vn\/en\/wp-json\/wp\/v2\/media\/455"}],"wp:attachment":[{"href":"https:\/\/labochem.com.vn\/en\/wp-json\/wp\/v2\/media?parent=454"}],"wp:term":[{"taxonomy":"product_cat","embeddable":true,"href":"https:\/\/labochem.com.vn\/en\/wp-json\/wp\/v2\/product_cat?post=454"},{"taxonomy":"product_tag","embeddable":true,"href":"https:\/\/labochem.com.vn\/en\/wp-json\/wp\/v2\/product_tag?post=454"}],"curies":[{"name":"wp","href":"https:\/\/api.w.org\/{rel}","templated":true}]}}