{"id":436,"date":"2020-05-08T02:28:29","date_gmt":"2020-05-08T02:28:29","guid":{"rendered":"https:\/\/labochem.com.vn\/?post_type=product&#038;p=436"},"modified":"2020-05-21T02:33:33","modified_gmt":"2020-05-21T02:33:33","slug":"chai-trung-tinh-thanh-day-carboys-gls-80-duran","status":"publish","type":"product","link":"https:\/\/labochem.com.vn\/en\/s\u1ea3n ph\u1ea9m\/chai-trung-tinh-thanh-day-carboys-gls-80-duran\/","title":{"rendered":"(Ti\u1ebfng Vi\u1ec7t) Chai Trung T\u00ednh Th\u00e0nh D\u00e0y Carboys GLS 80 &#8211; DURAN"},"content":{"rendered":"","protected":false},"excerpt":{"rendered":"<p class=\"qtranxs-available-languages-message qtranxs-available-languages-message-en\">Sorry, this entry is only available in <a href=\"https:\/\/labochem.com.vn\/vi\/wp-json\/wp\/v2\/product\/436\" class=\"qtranxs-available-language-link qtranxs-available-language-link-vi\" title=\"Ti\u1ebfng Vi\u1ec7t\">Ti\u1ebfng Vi\u1ec7t<\/a>.<\/p>\n","protected":false},"featured_media":437,"comment_status":"open","ping_status":"closed","template":"","meta":[],"product_cat":[301,100],"product_tag":[124],"yoast_head":"<!-- This site is optimized with the Yoast SEO plugin v22.6 - https:\/\/yoast.com\/wordpress\/plugins\/seo\/ -->\n<title><\/title>\n<meta name=\"robots\" content=\"index, follow, max-snippet:-1, max-image-preview:large, max-video-preview:-1\" \/>\n<link rel=\"canonical\" href=\"https:\/\/labochem.com.vn\/s\u1ea3n%20ph\u1ea9m\/chai-trung-tinh-thanh-day-carboys-gls-80-duran\/\" \/>\n<meta property=\"og:locale\" content=\"en_US\" \/>\n<meta property=\"og:type\" content=\"article\" \/>\n<meta property=\"og:title\" content=\"[:vi]Chai Trung T\u00ednh Th\u00e0nh D\u00e0y Carboys GLS 80 - DURAN[:] - C\u00f4ng ty TNHH LABOCHEM Vi\u1ec7t Nam\" \/>\n<meta property=\"og:description\" content=\"[:vi]* M\u00f4 t\u1ea3 s\u1ea3n ph\u1ea9m: B\u00ecnh c\u00f3 k\u00edch th\u01b0\u1edbc l\u1edbn r\u1ea5t ph\u00f9 h\u1ee3p cho vi\u1ec7c l\u01b0u tr\u1eef c\u1ea3 ch\u1ea5t r\u1eafn v\u00e0 ch\u1ea5t l\u1ecfng. \u0110\u01b0\u1ee3c s\u1ea3n xu\u1ea5t t\u1eeb th\u1ee7y tinh borosilicate 3.3 \u200b\u200blo\u1ea1i 1 cho \u0111\u1ed9 b\u1ec1n v\u00e0 kh\u1ea3 n\u0103ng ch\u1ecbu nhi\u1ec7t cao. Th\u1ee7y tinh ph\u00f9 h\u1ee3p v\u1edbi c\u00e1c ti\u00eau chu\u1ea9n d\u01b0\u1ee3c ph\u1ea9m c\u1ee7a M\u1ef9 (USP), ch\u00e2u \u00c2u (EP) v\u00e0 Nh\u1eadt B\u1ea3n (JP) ... r\u1ea5t l\u00fd t\u01b0\u1edfng cho c\u00e1c \u1ee9ng d\u1ee5ng s\u1ea3n xu\u1ea5t d\u01b0\u1ee3c ph\u1ea9m. \u0110\u1ed9 d\u00e0y th\u00e0nh b\u00ecnh \u0111\u1ed3ng nh\u1ea5t cho \u0111\u1ed9 b\u1ec1n c\u01a1 h\u1ecdc cao h\u01a1n. C\u00f3 hai k\u00edch c\u1ee1 mi\u1ec7ng b\u00ecnh: n\u1eafp DIN GL 45 ho\u1eb7c GLS 80, mi\u1ec7ng r\u1ed9ng gi\u00fap v\u1ec7 sinh d\u1ec5 d\u00e0ng h\u01a1n, ti\u1ec7n l\u1ee3i khi r\u00f3t v\u00e0o hay \u0111\u1ed5 ra. M\u00e3 v\u1ebft cho ph\u00e9p truy xu\u1ea5t ngu\u1ed3n g\u1ed1c l\u00f4 h\u00e0ng v\u00e0 ch\u1ee9ng nh\u1eadn s\u1ea3n ph\u1ea9m. \u0110\u01b0\u1ee3c s\u1ea3n xu\u1ea5t t\u1eeb \u200b\u200bv\u1eadt li\u1ec7u v\u00f4 c\u01a1, ph\u00f9 h\u1ee3p v\u1edbi vi\u1ec7c ti\u1ec7t tr\u00f9ng \u1edf nhi\u1ec7t \u0111\u1ed9 cao b\u1eb1ng n\u1ed3i h\u1ea5p. V\u1ea1ch chia b\u1eb1ng l\u1edbp men tr\u1eafng d\u1ec5 \u0111\u1ecdc, kh\u00f4ng phai. Ph\u1ee7 ngo\u00e0i m\u1ed9t l\u1edbp polyurethane ch\u1ed1ng tr\u1ea7y x\u01b0\u1edbc, r\u00f2 r\u1ec9 v\u00e0 v\u1ee1 v\u1ee5n. Xu\u1ea5t x\u1ee9: DURAN - \u0110\u1ee9c[:]\" \/>\n<meta property=\"og:url\" content=\"https:\/\/labochem.com.vn\/s\u1ea3n ph\u1ea9m\/chai-trung-tinh-thanh-day-carboys-gls-80-duran\/\" \/>\n<meta property=\"og:site_name\" content=\"C\u00f4ng ty TNHH LABOCHEM Vi\u1ec7t Nam\" \/>\n<meta property=\"article:modified_time\" content=\"2020-05-21T02:33:33+00:00\" \/>\n<meta property=\"og:image\" content=\"https:\/\/labochem.com.vn\/wp-content\/uploads\/2020\/05\/image-15.jpg\" \/>\n\t<meta property=\"og:image:width\" content=\"300\" \/>\n\t<meta property=\"og:image:height\" content=\"300\" \/>\n\t<meta property=\"og:image:type\" content=\"image\/jpeg\" \/>\n<meta name=\"twitter:card\" content=\"summary_large_image\" \/>\n<script type=\"application\/ld+json\" class=\"yoast-schema-graph\">{\"@context\":\"https:\/\/schema.org\",\"@graph\":[{\"@type\":\"WebPage\",\"@id\":\"https:\/\/labochem.com.vn\/s\u1ea3n ph\u1ea9m\/chai-trung-tinh-thanh-day-carboys-gls-80-duran\/\",\"url\":\"https:\/\/labochem.com.vn\/s\u1ea3n ph\u1ea9m\/chai-trung-tinh-thanh-day-carboys-gls-80-duran\/\",\"name\":\"[:vi]Chai Trung T\u00ednh Th\u00e0nh D\u00e0y Carboys GLS 80 - DURAN[:] - C\u00f4ng ty TNHH LABOCHEM Vi\u1ec7t Nam\",\"isPartOf\":{\"@id\":\"https:\/\/labochem.com.vn\/#website\"},\"primaryImageOfPage\":{\"@id\":\"https:\/\/labochem.com.vn\/s\u1ea3n ph\u1ea9m\/chai-trung-tinh-thanh-day-carboys-gls-80-duran\/#primaryimage\"},\"image\":{\"@id\":\"https:\/\/labochem.com.vn\/s\u1ea3n ph\u1ea9m\/chai-trung-tinh-thanh-day-carboys-gls-80-duran\/#primaryimage\"},\"thumbnailUrl\":\"https:\/\/labochem.com.vn\/wp-content\/uploads\/2020\/05\/image-15.jpg\",\"datePublished\":\"2020-05-08T02:28:29+00:00\",\"dateModified\":\"2020-05-21T02:33:33+00:00\",\"breadcrumb\":{\"@id\":\"https:\/\/labochem.com.vn\/s\u1ea3n ph\u1ea9m\/chai-trung-tinh-thanh-day-carboys-gls-80-duran\/#breadcrumb\"},\"inLanguage\":\"en-US\",\"potentialAction\":[{\"@type\":\"ReadAction\",\"target\":[\"https:\/\/labochem.com.vn\/s\u1ea3n ph\u1ea9m\/chai-trung-tinh-thanh-day-carboys-gls-80-duran\/\"]}]},{\"@type\":\"ImageObject\",\"inLanguage\":\"en-US\",\"@id\":\"https:\/\/labochem.com.vn\/s\u1ea3n ph\u1ea9m\/chai-trung-tinh-thanh-day-carboys-gls-80-duran\/#primaryimage\",\"url\":\"https:\/\/labochem.com.vn\/wp-content\/uploads\/2020\/05\/image-15.jpg\",\"contentUrl\":\"https:\/\/labochem.com.vn\/wp-content\/uploads\/2020\/05\/image-15.jpg\",\"width\":300,\"height\":300},{\"@type\":\"BreadcrumbList\",\"@id\":\"https:\/\/labochem.com.vn\/s\u1ea3n ph\u1ea9m\/chai-trung-tinh-thanh-day-carboys-gls-80-duran\/#breadcrumb\",\"itemListElement\":[{\"@type\":\"ListItem\",\"position\":1,\"name\":\"Home\",\"item\":\"https:\/\/labochem.com.vn\/\"},{\"@type\":\"ListItem\",\"position\":2,\"name\":\"C\u1eeda h\u00e0ng\",\"item\":\"https:\/\/labochem.com.vn\/mua\/\"},{\"@type\":\"ListItem\",\"position\":3,\"name\":\"Chai Trung T\u00ednh Th\u00e0nh D\u00e0y Carboys GLS 80 &#8211; DURAN\"}]},{\"@type\":\"WebSite\",\"@id\":\"https:\/\/labochem.com.vn\/#website\",\"url\":\"https:\/\/labochem.com.vn\/\",\"name\":\"C\u00f4ng ty TNHH LABOCHEM Vi\u1ec7t Nam\",\"description\":\"M\u1ed9t trang web m\u1edbi s\u1eed d\u1ee5ng WordPress\",\"potentialAction\":[{\"@type\":\"SearchAction\",\"target\":{\"@type\":\"EntryPoint\",\"urlTemplate\":\"https:\/\/labochem.com.vn\/?s={search_term_string}\"},\"query-input\":\"required name=search_term_string\"}],\"inLanguage\":\"en-US\"}]}<\/script>\n<!-- \/ Yoast SEO plugin. -->","yoast_head_json":{"title":"[:vi]Chai Trung T\u00ednh Th\u00e0nh D\u00e0y Carboys GLS 80 - DURAN[:] - C\u00f4ng ty TNHH LABOCHEM Vi\u1ec7t Nam","robots":{"index":"index","follow":"follow","max-snippet":"max-snippet:-1","max-image-preview":"max-image-preview:large","max-video-preview":"max-video-preview:-1"},"canonical":"https:\/\/labochem.com.vn\/s\u1ea3n ph\u1ea9m\/chai-trung-tinh-thanh-day-carboys-gls-80-duran\/","og_locale":"en_US","og_type":"article","og_title":"[:vi]Chai Trung T\u00ednh Th\u00e0nh D\u00e0y Carboys GLS 80 - DURAN[:] - C\u00f4ng ty TNHH LABOCHEM Vi\u1ec7t Nam","og_description":"[:vi]* M\u00f4 t\u1ea3 s\u1ea3n ph\u1ea9m: B\u00ecnh c\u00f3 k\u00edch th\u01b0\u1edbc l\u1edbn r\u1ea5t ph\u00f9 h\u1ee3p cho vi\u1ec7c l\u01b0u tr\u1eef c\u1ea3 ch\u1ea5t r\u1eafn v\u00e0 ch\u1ea5t l\u1ecfng. \u0110\u01b0\u1ee3c s\u1ea3n xu\u1ea5t t\u1eeb th\u1ee7y tinh borosilicate 3.3 \u200b\u200blo\u1ea1i 1 cho \u0111\u1ed9 b\u1ec1n v\u00e0 kh\u1ea3 n\u0103ng ch\u1ecbu nhi\u1ec7t cao. Th\u1ee7y tinh ph\u00f9 h\u1ee3p v\u1edbi c\u00e1c ti\u00eau chu\u1ea9n d\u01b0\u1ee3c ph\u1ea9m c\u1ee7a M\u1ef9 (USP), ch\u00e2u \u00c2u (EP) v\u00e0 Nh\u1eadt B\u1ea3n (JP) ... r\u1ea5t l\u00fd t\u01b0\u1edfng cho c\u00e1c \u1ee9ng d\u1ee5ng s\u1ea3n xu\u1ea5t d\u01b0\u1ee3c ph\u1ea9m. \u0110\u1ed9 d\u00e0y th\u00e0nh b\u00ecnh \u0111\u1ed3ng nh\u1ea5t cho \u0111\u1ed9 b\u1ec1n c\u01a1 h\u1ecdc cao h\u01a1n. C\u00f3 hai k\u00edch c\u1ee1 mi\u1ec7ng b\u00ecnh: n\u1eafp DIN GL 45 ho\u1eb7c GLS 80, mi\u1ec7ng r\u1ed9ng gi\u00fap v\u1ec7 sinh d\u1ec5 d\u00e0ng h\u01a1n, ti\u1ec7n l\u1ee3i khi r\u00f3t v\u00e0o hay \u0111\u1ed5 ra. M\u00e3 v\u1ebft cho ph\u00e9p truy xu\u1ea5t ngu\u1ed3n g\u1ed1c l\u00f4 h\u00e0ng v\u00e0 ch\u1ee9ng nh\u1eadn s\u1ea3n ph\u1ea9m. \u0110\u01b0\u1ee3c s\u1ea3n xu\u1ea5t t\u1eeb \u200b\u200bv\u1eadt li\u1ec7u v\u00f4 c\u01a1, ph\u00f9 h\u1ee3p v\u1edbi vi\u1ec7c ti\u1ec7t tr\u00f9ng \u1edf nhi\u1ec7t \u0111\u1ed9 cao b\u1eb1ng n\u1ed3i h\u1ea5p. V\u1ea1ch chia b\u1eb1ng l\u1edbp men tr\u1eafng d\u1ec5 \u0111\u1ecdc, kh\u00f4ng phai. Ph\u1ee7 ngo\u00e0i m\u1ed9t l\u1edbp polyurethane ch\u1ed1ng tr\u1ea7y x\u01b0\u1edbc, r\u00f2 r\u1ec9 v\u00e0 v\u1ee1 v\u1ee5n. Xu\u1ea5t x\u1ee9: DURAN - \u0110\u1ee9c[:]","og_url":"https:\/\/labochem.com.vn\/s\u1ea3n ph\u1ea9m\/chai-trung-tinh-thanh-day-carboys-gls-80-duran\/","og_site_name":"C\u00f4ng ty TNHH LABOCHEM Vi\u1ec7t Nam","article_modified_time":"2020-05-21T02:33:33+00:00","og_image":[{"width":300,"height":300,"url":"https:\/\/labochem.com.vn\/wp-content\/uploads\/2020\/05\/image-15.jpg","type":"image\/jpeg"}],"twitter_card":"summary_large_image","schema":{"@context":"https:\/\/schema.org","@graph":[{"@type":"WebPage","@id":"https:\/\/labochem.com.vn\/s\u1ea3n ph\u1ea9m\/chai-trung-tinh-thanh-day-carboys-gls-80-duran\/","url":"https:\/\/labochem.com.vn\/s\u1ea3n ph\u1ea9m\/chai-trung-tinh-thanh-day-carboys-gls-80-duran\/","name":"[:vi]Chai Trung T\u00ednh Th\u00e0nh D\u00e0y Carboys GLS 80 - DURAN[:] - C\u00f4ng ty TNHH LABOCHEM Vi\u1ec7t Nam","isPartOf":{"@id":"https:\/\/labochem.com.vn\/#website"},"primaryImageOfPage":{"@id":"https:\/\/labochem.com.vn\/s\u1ea3n ph\u1ea9m\/chai-trung-tinh-thanh-day-carboys-gls-80-duran\/#primaryimage"},"image":{"@id":"https:\/\/labochem.com.vn\/s\u1ea3n ph\u1ea9m\/chai-trung-tinh-thanh-day-carboys-gls-80-duran\/#primaryimage"},"thumbnailUrl":"https:\/\/labochem.com.vn\/wp-content\/uploads\/2020\/05\/image-15.jpg","datePublished":"2020-05-08T02:28:29+00:00","dateModified":"2020-05-21T02:33:33+00:00","breadcrumb":{"@id":"https:\/\/labochem.com.vn\/s\u1ea3n ph\u1ea9m\/chai-trung-tinh-thanh-day-carboys-gls-80-duran\/#breadcrumb"},"inLanguage":"en-US","potentialAction":[{"@type":"ReadAction","target":["https:\/\/labochem.com.vn\/s\u1ea3n ph\u1ea9m\/chai-trung-tinh-thanh-day-carboys-gls-80-duran\/"]}]},{"@type":"ImageObject","inLanguage":"en-US","@id":"https:\/\/labochem.com.vn\/s\u1ea3n ph\u1ea9m\/chai-trung-tinh-thanh-day-carboys-gls-80-duran\/#primaryimage","url":"https:\/\/labochem.com.vn\/wp-content\/uploads\/2020\/05\/image-15.jpg","contentUrl":"https:\/\/labochem.com.vn\/wp-content\/uploads\/2020\/05\/image-15.jpg","width":300,"height":300},{"@type":"BreadcrumbList","@id":"https:\/\/labochem.com.vn\/s\u1ea3n ph\u1ea9m\/chai-trung-tinh-thanh-day-carboys-gls-80-duran\/#breadcrumb","itemListElement":[{"@type":"ListItem","position":1,"name":"Home","item":"https:\/\/labochem.com.vn\/"},{"@type":"ListItem","position":2,"name":"C\u1eeda h\u00e0ng","item":"https:\/\/labochem.com.vn\/mua\/"},{"@type":"ListItem","position":3,"name":"Chai Trung T\u00ednh Th\u00e0nh D\u00e0y Carboys GLS 80 &#8211; DURAN"}]},{"@type":"WebSite","@id":"https:\/\/labochem.com.vn\/#website","url":"https:\/\/labochem.com.vn\/","name":"C\u00f4ng ty TNHH LABOCHEM Vi\u1ec7t Nam","description":"M\u1ed9t trang web m\u1edbi s\u1eed d\u1ee5ng WordPress","potentialAction":[{"@type":"SearchAction","target":{"@type":"EntryPoint","urlTemplate":"https:\/\/labochem.com.vn\/?s={search_term_string}"},"query-input":"required name=search_term_string"}],"inLanguage":"en-US"}]}},"_links":{"self":[{"href":"https:\/\/labochem.com.vn\/en\/wp-json\/wp\/v2\/product\/436"}],"collection":[{"href":"https:\/\/labochem.com.vn\/en\/wp-json\/wp\/v2\/product"}],"about":[{"href":"https:\/\/labochem.com.vn\/en\/wp-json\/wp\/v2\/types\/product"}],"replies":[{"embeddable":true,"href":"https:\/\/labochem.com.vn\/en\/wp-json\/wp\/v2\/comments?post=436"}],"wp:featuredmedia":[{"embeddable":true,"href":"https:\/\/labochem.com.vn\/en\/wp-json\/wp\/v2\/media\/437"}],"wp:attachment":[{"href":"https:\/\/labochem.com.vn\/en\/wp-json\/wp\/v2\/media?parent=436"}],"wp:term":[{"taxonomy":"product_cat","embeddable":true,"href":"https:\/\/labochem.com.vn\/en\/wp-json\/wp\/v2\/product_cat?post=436"},{"taxonomy":"product_tag","embeddable":true,"href":"https:\/\/labochem.com.vn\/en\/wp-json\/wp\/v2\/product_tag?post=436"}],"curies":[{"name":"wp","href":"https:\/\/api.w.org\/{rel}","templated":true}]}}