{"id":434,"date":"2020-05-08T02:26:27","date_gmt":"2020-05-08T02:26:27","guid":{"rendered":"https:\/\/labochem.com.vn\/?post_type=product&#038;p=434"},"modified":"2020-05-21T02:35:29","modified_gmt":"2020-05-21T02:35:29","slug":"chai-trung-tinh-nau-mieng-rong-co-ma-vet-gls-80-duran","status":"publish","type":"product","link":"https:\/\/labochem.com.vn\/en\/s\u1ea3n ph\u1ea9m\/chai-trung-tinh-nau-mieng-rong-co-ma-vet-gls-80-duran\/","title":{"rendered":"Chai trung t\u00ednh n\u00e2u mi\u1ec7ng r\u1ed9ng c\u00f3 m\u00e3 v\u1ebft GLS 80 &#8211; DURAN"},"content":{"rendered":"","protected":false},"excerpt":{"rendered":"<p class=\"qtranxs-available-languages-message qtranxs-available-languages-message-en\">Sorry, this entry is only available in <a href=\"https:\/\/labochem.com.vn\/vi\/wp-json\/wp\/v2\/product\/434\" class=\"qtranxs-available-language-link qtranxs-available-language-link-vi\" title=\"Ti\u1ebfng Vi\u1ec7t\">Ti\u1ebfng Vi\u1ec7t<\/a>.<\/p>\n","protected":false},"featured_media":435,"comment_status":"open","ping_status":"closed","template":"","meta":[],"product_cat":[301,100],"product_tag":[123],"yoast_head":"<!-- This site is optimized with the Yoast SEO plugin v22.6 - https:\/\/yoast.com\/wordpress\/plugins\/seo\/ -->\n<title>Chai trung t\u00ednh n\u00e2u mi\u1ec7ng r\u1ed9ng c\u00f3 m\u00e3 v\u1ebft GLS 80 - DURAN - C\u00f4ng ty TNHH LABOCHEM Vi\u1ec7t Nam<\/title>\n<meta name=\"robots\" content=\"index, follow, max-snippet:-1, max-image-preview:large, max-video-preview:-1\" \/>\n<link rel=\"canonical\" href=\"https:\/\/labochem.com.vn\/s\u1ea3n%20ph\u1ea9m\/chai-trung-tinh-nau-mieng-rong-co-ma-vet-gls-80-duran\/\" \/>\n<meta property=\"og:locale\" content=\"en_US\" \/>\n<meta property=\"og:type\" content=\"article\" \/>\n<meta property=\"og:title\" content=\"Chai trung t\u00ednh n\u00e2u mi\u1ec7ng r\u1ed9ng c\u00f3 m\u00e3 v\u1ebft GLS 80 - DURAN - C\u00f4ng ty TNHH LABOCHEM Vi\u1ec7t Nam\" \/>\n<meta property=\"og:description\" content=\"[:vi]* M\u00f4 t\u1ea3 s\u1ea3n ph\u1ea9m: Thang chia v\u1ea1ch d\u1ec5 \u0111\u1ecdc v\u00e0 d\u1ec5 d\u00e0ng ghi ch\u00fa tr\u00ean v\u00f9ng nh\u00e3n r\u1ed9ng b\u1eb1ng men tr\u1eafng, \u0111\u1ed9 b\u1ec1n cao, ch\u1ecbu nhi\u1ec7t t\u1ed1t. \u0110\u1ed3ng b\u1ed9 v\u1edbi chai g\u1ed3m n\u1eafp v\u1eb7n xanh nh\u1ef1a PP, v\u00e0 v\u00f2ng \u0111\u1ec7m PP gi\u00fap kh\u00f4ng \u0111\u1ecdng n\u01b0\u1edbc khi r\u00f3t v\u00e0 l\u00e0m s\u1ea1ch, an to\u00e0n trong c\u00f4ng vi\u1ec7c. Nhi\u1ec7t \u0111\u1ed9 ti\u1ec7t tr\u00f9ng cho n\u1eafp v\u00e0 v\u00f2ng \u0111\u1ec7m l\u00e0 140\u00b0C. Chai c\u00f3 kh\u1ea3 n\u0103ng ch\u1ed1ng tia UV 500 nm. \u0110\u1eb7c t\u00ednh c\u1ee7a chai kh\u00f4ng thay \u0111\u1ed5i so v\u1edbi chai trung t\u00ednh tr\u1eafng. \u0110\u1ed9 d\u00e0y th\u1ee7y tinh \u0111\u1ed3ng nh\u1ea5t, \u0111\u1ed9 b\u1ec1n cao, ch\u1ed1ng h\u00f3a ch\u1ea5t t\u1ed1t, m\u00e0u h\u1ed5 ph\u00e1ch \u0111\u01b0\u1ee3c thi\u1ebft k\u1ebf b\u1edfi c\u00f4ng ngh\u1ec7 ti\u00ean ti\u1ebfn. Xu\u1ea5t x\u1ee9: DURAN - \u0110\u1ee9c * \u1ee8ng d\u1ee5ng: l\u01b0u tr\u1eef, v\u1eadn chuy\u1ec3n, b\u1ea3o qu\u1ea3n m\u1eabu an to\u00e0n, d\u1ec5 s\u1eed d\u1ee5ng \u0111\u1ed1i v\u1edbi nh\u1eefng v\u1eadt li\u1ec7u d\u1ea1ng h\u1ea1t, d\u1ea1ng b\u1ed9t hay ch\u1ea5t nh\u1edbt, m\u1eabu n\u00f3ng.[:]\" \/>\n<meta property=\"og:url\" content=\"https:\/\/labochem.com.vn\/s\u1ea3n ph\u1ea9m\/chai-trung-tinh-nau-mieng-rong-co-ma-vet-gls-80-duran\/\" \/>\n<meta property=\"og:site_name\" content=\"C\u00f4ng ty TNHH LABOCHEM Vi\u1ec7t Nam\" \/>\n<meta property=\"article:modified_time\" content=\"2020-05-21T02:35:29+00:00\" \/>\n<meta property=\"og:image\" content=\"https:\/\/labochem.com.vn\/wp-content\/uploads\/2020\/05\/image-14.jpg\" \/>\n\t<meta property=\"og:image:width\" content=\"300\" \/>\n\t<meta property=\"og:image:height\" content=\"300\" \/>\n\t<meta property=\"og:image:type\" content=\"image\/jpeg\" \/>\n<meta name=\"twitter:card\" content=\"summary_large_image\" \/>\n<script type=\"application\/ld+json\" class=\"yoast-schema-graph\">{\"@context\":\"https:\/\/schema.org\",\"@graph\":[{\"@type\":\"WebPage\",\"@id\":\"https:\/\/labochem.com.vn\/s\u1ea3n ph\u1ea9m\/chai-trung-tinh-nau-mieng-rong-co-ma-vet-gls-80-duran\/\",\"url\":\"https:\/\/labochem.com.vn\/s\u1ea3n ph\u1ea9m\/chai-trung-tinh-nau-mieng-rong-co-ma-vet-gls-80-duran\/\",\"name\":\"Chai trung t\u00ednh n\u00e2u mi\u1ec7ng r\u1ed9ng c\u00f3 m\u00e3 v\u1ebft GLS 80 - DURAN - C\u00f4ng ty TNHH LABOCHEM Vi\u1ec7t Nam\",\"isPartOf\":{\"@id\":\"https:\/\/labochem.com.vn\/#website\"},\"primaryImageOfPage\":{\"@id\":\"https:\/\/labochem.com.vn\/s\u1ea3n ph\u1ea9m\/chai-trung-tinh-nau-mieng-rong-co-ma-vet-gls-80-duran\/#primaryimage\"},\"image\":{\"@id\":\"https:\/\/labochem.com.vn\/s\u1ea3n ph\u1ea9m\/chai-trung-tinh-nau-mieng-rong-co-ma-vet-gls-80-duran\/#primaryimage\"},\"thumbnailUrl\":\"https:\/\/labochem.com.vn\/wp-content\/uploads\/2020\/05\/image-14.jpg\",\"datePublished\":\"2020-05-08T02:26:27+00:00\",\"dateModified\":\"2020-05-21T02:35:29+00:00\",\"breadcrumb\":{\"@id\":\"https:\/\/labochem.com.vn\/s\u1ea3n ph\u1ea9m\/chai-trung-tinh-nau-mieng-rong-co-ma-vet-gls-80-duran\/#breadcrumb\"},\"inLanguage\":\"en-US\",\"potentialAction\":[{\"@type\":\"ReadAction\",\"target\":[\"https:\/\/labochem.com.vn\/s\u1ea3n ph\u1ea9m\/chai-trung-tinh-nau-mieng-rong-co-ma-vet-gls-80-duran\/\"]}]},{\"@type\":\"ImageObject\",\"inLanguage\":\"en-US\",\"@id\":\"https:\/\/labochem.com.vn\/s\u1ea3n ph\u1ea9m\/chai-trung-tinh-nau-mieng-rong-co-ma-vet-gls-80-duran\/#primaryimage\",\"url\":\"https:\/\/labochem.com.vn\/wp-content\/uploads\/2020\/05\/image-14.jpg\",\"contentUrl\":\"https:\/\/labochem.com.vn\/wp-content\/uploads\/2020\/05\/image-14.jpg\",\"width\":300,\"height\":300},{\"@type\":\"BreadcrumbList\",\"@id\":\"https:\/\/labochem.com.vn\/s\u1ea3n ph\u1ea9m\/chai-trung-tinh-nau-mieng-rong-co-ma-vet-gls-80-duran\/#breadcrumb\",\"itemListElement\":[{\"@type\":\"ListItem\",\"position\":1,\"name\":\"Home\",\"item\":\"https:\/\/labochem.com.vn\/\"},{\"@type\":\"ListItem\",\"position\":2,\"name\":\"C\u1eeda h\u00e0ng\",\"item\":\"https:\/\/labochem.com.vn\/mua\/\"},{\"@type\":\"ListItem\",\"position\":3,\"name\":\"Chai trung t\u00ednh n\u00e2u mi\u1ec7ng r\u1ed9ng c\u00f3 m\u00e3 v\u1ebft GLS 80 &#8211; DURAN\"}]},{\"@type\":\"WebSite\",\"@id\":\"https:\/\/labochem.com.vn\/#website\",\"url\":\"https:\/\/labochem.com.vn\/\",\"name\":\"C\u00f4ng ty TNHH LABOCHEM Vi\u1ec7t Nam\",\"description\":\"M\u1ed9t trang web m\u1edbi s\u1eed d\u1ee5ng WordPress\",\"potentialAction\":[{\"@type\":\"SearchAction\",\"target\":{\"@type\":\"EntryPoint\",\"urlTemplate\":\"https:\/\/labochem.com.vn\/?s={search_term_string}\"},\"query-input\":\"required name=search_term_string\"}],\"inLanguage\":\"en-US\"}]}<\/script>\n<!-- \/ Yoast SEO plugin. -->","yoast_head_json":{"title":"Chai trung t\u00ednh n\u00e2u mi\u1ec7ng r\u1ed9ng c\u00f3 m\u00e3 v\u1ebft GLS 80 - DURAN - C\u00f4ng ty TNHH LABOCHEM Vi\u1ec7t Nam","robots":{"index":"index","follow":"follow","max-snippet":"max-snippet:-1","max-image-preview":"max-image-preview:large","max-video-preview":"max-video-preview:-1"},"canonical":"https:\/\/labochem.com.vn\/s\u1ea3n ph\u1ea9m\/chai-trung-tinh-nau-mieng-rong-co-ma-vet-gls-80-duran\/","og_locale":"en_US","og_type":"article","og_title":"Chai trung t\u00ednh n\u00e2u mi\u1ec7ng r\u1ed9ng c\u00f3 m\u00e3 v\u1ebft GLS 80 - DURAN - C\u00f4ng ty TNHH LABOCHEM Vi\u1ec7t Nam","og_description":"[:vi]* M\u00f4 t\u1ea3 s\u1ea3n ph\u1ea9m: Thang chia v\u1ea1ch d\u1ec5 \u0111\u1ecdc v\u00e0 d\u1ec5 d\u00e0ng ghi ch\u00fa tr\u00ean v\u00f9ng nh\u00e3n r\u1ed9ng b\u1eb1ng men tr\u1eafng, \u0111\u1ed9 b\u1ec1n cao, ch\u1ecbu nhi\u1ec7t t\u1ed1t. \u0110\u1ed3ng b\u1ed9 v\u1edbi chai g\u1ed3m n\u1eafp v\u1eb7n xanh nh\u1ef1a PP, v\u00e0 v\u00f2ng \u0111\u1ec7m PP gi\u00fap kh\u00f4ng \u0111\u1ecdng n\u01b0\u1edbc khi r\u00f3t v\u00e0 l\u00e0m s\u1ea1ch, an to\u00e0n trong c\u00f4ng vi\u1ec7c. Nhi\u1ec7t \u0111\u1ed9 ti\u1ec7t tr\u00f9ng cho n\u1eafp v\u00e0 v\u00f2ng \u0111\u1ec7m l\u00e0 140\u00b0C. Chai c\u00f3 kh\u1ea3 n\u0103ng ch\u1ed1ng tia UV 500 nm. \u0110\u1eb7c t\u00ednh c\u1ee7a chai kh\u00f4ng thay \u0111\u1ed5i so v\u1edbi chai trung t\u00ednh tr\u1eafng. \u0110\u1ed9 d\u00e0y th\u1ee7y tinh \u0111\u1ed3ng nh\u1ea5t, \u0111\u1ed9 b\u1ec1n cao, ch\u1ed1ng h\u00f3a ch\u1ea5t t\u1ed1t, m\u00e0u h\u1ed5 ph\u00e1ch \u0111\u01b0\u1ee3c thi\u1ebft k\u1ebf b\u1edfi c\u00f4ng ngh\u1ec7 ti\u00ean ti\u1ebfn. Xu\u1ea5t x\u1ee9: DURAN - \u0110\u1ee9c * \u1ee8ng d\u1ee5ng: l\u01b0u tr\u1eef, v\u1eadn chuy\u1ec3n, b\u1ea3o qu\u1ea3n m\u1eabu an to\u00e0n, d\u1ec5 s\u1eed d\u1ee5ng \u0111\u1ed1i v\u1edbi nh\u1eefng v\u1eadt li\u1ec7u d\u1ea1ng h\u1ea1t, d\u1ea1ng b\u1ed9t hay ch\u1ea5t nh\u1edbt, m\u1eabu n\u00f3ng.[:]","og_url":"https:\/\/labochem.com.vn\/s\u1ea3n ph\u1ea9m\/chai-trung-tinh-nau-mieng-rong-co-ma-vet-gls-80-duran\/","og_site_name":"C\u00f4ng ty TNHH LABOCHEM Vi\u1ec7t Nam","article_modified_time":"2020-05-21T02:35:29+00:00","og_image":[{"width":300,"height":300,"url":"https:\/\/labochem.com.vn\/wp-content\/uploads\/2020\/05\/image-14.jpg","type":"image\/jpeg"}],"twitter_card":"summary_large_image","schema":{"@context":"https:\/\/schema.org","@graph":[{"@type":"WebPage","@id":"https:\/\/labochem.com.vn\/s\u1ea3n ph\u1ea9m\/chai-trung-tinh-nau-mieng-rong-co-ma-vet-gls-80-duran\/","url":"https:\/\/labochem.com.vn\/s\u1ea3n ph\u1ea9m\/chai-trung-tinh-nau-mieng-rong-co-ma-vet-gls-80-duran\/","name":"Chai trung t\u00ednh n\u00e2u mi\u1ec7ng r\u1ed9ng c\u00f3 m\u00e3 v\u1ebft GLS 80 - DURAN - C\u00f4ng ty TNHH LABOCHEM Vi\u1ec7t Nam","isPartOf":{"@id":"https:\/\/labochem.com.vn\/#website"},"primaryImageOfPage":{"@id":"https:\/\/labochem.com.vn\/s\u1ea3n ph\u1ea9m\/chai-trung-tinh-nau-mieng-rong-co-ma-vet-gls-80-duran\/#primaryimage"},"image":{"@id":"https:\/\/labochem.com.vn\/s\u1ea3n ph\u1ea9m\/chai-trung-tinh-nau-mieng-rong-co-ma-vet-gls-80-duran\/#primaryimage"},"thumbnailUrl":"https:\/\/labochem.com.vn\/wp-content\/uploads\/2020\/05\/image-14.jpg","datePublished":"2020-05-08T02:26:27+00:00","dateModified":"2020-05-21T02:35:29+00:00","breadcrumb":{"@id":"https:\/\/labochem.com.vn\/s\u1ea3n ph\u1ea9m\/chai-trung-tinh-nau-mieng-rong-co-ma-vet-gls-80-duran\/#breadcrumb"},"inLanguage":"en-US","potentialAction":[{"@type":"ReadAction","target":["https:\/\/labochem.com.vn\/s\u1ea3n ph\u1ea9m\/chai-trung-tinh-nau-mieng-rong-co-ma-vet-gls-80-duran\/"]}]},{"@type":"ImageObject","inLanguage":"en-US","@id":"https:\/\/labochem.com.vn\/s\u1ea3n ph\u1ea9m\/chai-trung-tinh-nau-mieng-rong-co-ma-vet-gls-80-duran\/#primaryimage","url":"https:\/\/labochem.com.vn\/wp-content\/uploads\/2020\/05\/image-14.jpg","contentUrl":"https:\/\/labochem.com.vn\/wp-content\/uploads\/2020\/05\/image-14.jpg","width":300,"height":300},{"@type":"BreadcrumbList","@id":"https:\/\/labochem.com.vn\/s\u1ea3n ph\u1ea9m\/chai-trung-tinh-nau-mieng-rong-co-ma-vet-gls-80-duran\/#breadcrumb","itemListElement":[{"@type":"ListItem","position":1,"name":"Home","item":"https:\/\/labochem.com.vn\/"},{"@type":"ListItem","position":2,"name":"C\u1eeda h\u00e0ng","item":"https:\/\/labochem.com.vn\/mua\/"},{"@type":"ListItem","position":3,"name":"Chai trung t\u00ednh n\u00e2u mi\u1ec7ng r\u1ed9ng c\u00f3 m\u00e3 v\u1ebft GLS 80 &#8211; DURAN"}]},{"@type":"WebSite","@id":"https:\/\/labochem.com.vn\/#website","url":"https:\/\/labochem.com.vn\/","name":"C\u00f4ng ty TNHH LABOCHEM Vi\u1ec7t Nam","description":"M\u1ed9t trang web m\u1edbi s\u1eed d\u1ee5ng WordPress","potentialAction":[{"@type":"SearchAction","target":{"@type":"EntryPoint","urlTemplate":"https:\/\/labochem.com.vn\/?s={search_term_string}"},"query-input":"required name=search_term_string"}],"inLanguage":"en-US"}]}},"_links":{"self":[{"href":"https:\/\/labochem.com.vn\/en\/wp-json\/wp\/v2\/product\/434"}],"collection":[{"href":"https:\/\/labochem.com.vn\/en\/wp-json\/wp\/v2\/product"}],"about":[{"href":"https:\/\/labochem.com.vn\/en\/wp-json\/wp\/v2\/types\/product"}],"replies":[{"embeddable":true,"href":"https:\/\/labochem.com.vn\/en\/wp-json\/wp\/v2\/comments?post=434"}],"wp:featuredmedia":[{"embeddable":true,"href":"https:\/\/labochem.com.vn\/en\/wp-json\/wp\/v2\/media\/435"}],"wp:attachment":[{"href":"https:\/\/labochem.com.vn\/en\/wp-json\/wp\/v2\/media?parent=434"}],"wp:term":[{"taxonomy":"product_cat","embeddable":true,"href":"https:\/\/labochem.com.vn\/en\/wp-json\/wp\/v2\/product_cat?post=434"},{"taxonomy":"product_tag","embeddable":true,"href":"https:\/\/labochem.com.vn\/en\/wp-json\/wp\/v2\/product_tag?post=434"}],"curies":[{"name":"wp","href":"https:\/\/api.w.org\/{rel}","templated":true}]}}