{"id":430,"date":"2020-05-08T02:21:40","date_gmt":"2020-05-08T02:21:40","guid":{"rendered":"https:\/\/labochem.com.vn\/?post_type=product&#038;p=430"},"modified":"2020-05-21T02:35:09","modified_gmt":"2020-05-21T02:35:09","slug":"binh-dinh-muc-thuy-tinh-trang-nut-nhua-pe-moi-class-a-duran","status":"publish","type":"product","link":"https:\/\/labochem.com.vn\/en\/s\u1ea3n ph\u1ea9m\/binh-dinh-muc-thuy-tinh-trang-nut-nhua-pe-moi-class-a-duran\/","title":{"rendered":"(Ti\u1ebfng Vi\u1ec7t) B\u00ecnh \u0111\u1ecbnh m\u1ee9c th\u1ee7y tinh tr\u1eafng, n\u00fat nh\u1ef1a PE m\u1edbi, class A  &#8211; DURAN"},"content":{"rendered":"","protected":false},"excerpt":{"rendered":"<p class=\"qtranxs-available-languages-message qtranxs-available-languages-message-en\">Sorry, this entry is only available in <a href=\"https:\/\/labochem.com.vn\/vi\/wp-json\/wp\/v2\/product\/430\" class=\"qtranxs-available-language-link qtranxs-available-language-link-vi\" title=\"Ti\u1ebfng Vi\u1ec7t\">Ti\u1ebfng Vi\u1ec7t<\/a>.<\/p>\n","protected":false},"featured_media":431,"comment_status":"open","ping_status":"closed","template":"","meta":[],"product_cat":[301,100],"product_tag":[120,115,121],"yoast_head":"<!-- This site is optimized with the Yoast SEO plugin v22.6 - https:\/\/yoast.com\/wordpress\/plugins\/seo\/ -->\n<title><\/title>\n<meta name=\"robots\" content=\"index, follow, max-snippet:-1, max-image-preview:large, max-video-preview:-1\" \/>\n<link rel=\"canonical\" href=\"https:\/\/labochem.com.vn\/s\u1ea3n%20ph\u1ea9m\/binh-dinh-muc-thuy-tinh-trang-nut-nhua-pe-moi-class-a-duran\/\" \/>\n<meta property=\"og:locale\" content=\"en_US\" \/>\n<meta property=\"og:type\" content=\"article\" \/>\n<meta property=\"og:title\" content=\"[:vi]B\u00ecnh \u0111\u1ecbnh m\u1ee9c th\u1ee7y tinh tr\u1eafng, n\u00fat nh\u1ef1a PE m\u1edbi, class A - DURAN[:] - C\u00f4ng ty TNHH LABOCHEM Vi\u1ec7t Nam\" \/>\n<meta property=\"og:description\" content=\"[:vi]* M\u00f4 t\u1ea3 s\u1ea3n ph\u1ea9m B\u00ecnh \u0111\u1ecbnh m\u1ee9c th\u1ee7y tinh tr\u1eafng, n\u00fat nh\u1ef1a PE m\u1edbi, class A. Ch\u1ee9ng nh\u1eadn c\u1ea5p theo l\u00f4 s\u1ea3n ph\u1ea9m. Kh\u1ea3 n\u0103ng ch\u1ecbu nhi\u1ec7t c\u1ee7a th\u1ee7y tinh: 250\u00b0C Kh\u1ea3 n\u0103ng ch\u1ecbu nhi\u1ec7t c\u1ee7a n\u1eafp nh\u1ef1a: -40\u00b0C \u0111\u1ebfn +80\u00b0C Xu\u1ea5t x\u1ee9: DURAN - \u0110\u1ee9c * \u1ee8ng d\u1ee5ng: \u0111o ch\u00ednh x\u00e1c l\u01b0\u1ee3ng ch\u1ea5t l\u1ecfng \u0111\u1eb7c th\u00f9, chu\u1ea9n b\u1ecb hay l\u01b0u tr\u1eef c\u00e1c dung d\u1ecbch chu\u1ea9n.[:]\" \/>\n<meta property=\"og:url\" content=\"https:\/\/labochem.com.vn\/s\u1ea3n ph\u1ea9m\/binh-dinh-muc-thuy-tinh-trang-nut-nhua-pe-moi-class-a-duran\/\" \/>\n<meta property=\"og:site_name\" content=\"C\u00f4ng ty TNHH LABOCHEM Vi\u1ec7t Nam\" \/>\n<meta property=\"article:modified_time\" content=\"2020-05-21T02:35:09+00:00\" \/>\n<meta property=\"og:image\" content=\"https:\/\/labochem.com.vn\/wp-content\/uploads\/2020\/05\/image-12.jpg\" \/>\n\t<meta property=\"og:image:width\" content=\"300\" \/>\n\t<meta property=\"og:image:height\" content=\"300\" \/>\n\t<meta property=\"og:image:type\" content=\"image\/jpeg\" \/>\n<meta name=\"twitter:card\" content=\"summary_large_image\" \/>\n<script type=\"application\/ld+json\" class=\"yoast-schema-graph\">{\"@context\":\"https:\/\/schema.org\",\"@graph\":[{\"@type\":\"WebPage\",\"@id\":\"https:\/\/labochem.com.vn\/s\u1ea3n ph\u1ea9m\/binh-dinh-muc-thuy-tinh-trang-nut-nhua-pe-moi-class-a-duran\/\",\"url\":\"https:\/\/labochem.com.vn\/s\u1ea3n ph\u1ea9m\/binh-dinh-muc-thuy-tinh-trang-nut-nhua-pe-moi-class-a-duran\/\",\"name\":\"[:vi]B\u00ecnh \u0111\u1ecbnh m\u1ee9c th\u1ee7y tinh tr\u1eafng, n\u00fat nh\u1ef1a PE m\u1edbi, class A - DURAN[:] - C\u00f4ng ty TNHH LABOCHEM Vi\u1ec7t Nam\",\"isPartOf\":{\"@id\":\"https:\/\/labochem.com.vn\/#website\"},\"primaryImageOfPage\":{\"@id\":\"https:\/\/labochem.com.vn\/s\u1ea3n ph\u1ea9m\/binh-dinh-muc-thuy-tinh-trang-nut-nhua-pe-moi-class-a-duran\/#primaryimage\"},\"image\":{\"@id\":\"https:\/\/labochem.com.vn\/s\u1ea3n ph\u1ea9m\/binh-dinh-muc-thuy-tinh-trang-nut-nhua-pe-moi-class-a-duran\/#primaryimage\"},\"thumbnailUrl\":\"https:\/\/labochem.com.vn\/wp-content\/uploads\/2020\/05\/image-12.jpg\",\"datePublished\":\"2020-05-08T02:21:40+00:00\",\"dateModified\":\"2020-05-21T02:35:09+00:00\",\"breadcrumb\":{\"@id\":\"https:\/\/labochem.com.vn\/s\u1ea3n ph\u1ea9m\/binh-dinh-muc-thuy-tinh-trang-nut-nhua-pe-moi-class-a-duran\/#breadcrumb\"},\"inLanguage\":\"en-US\",\"potentialAction\":[{\"@type\":\"ReadAction\",\"target\":[\"https:\/\/labochem.com.vn\/s\u1ea3n ph\u1ea9m\/binh-dinh-muc-thuy-tinh-trang-nut-nhua-pe-moi-class-a-duran\/\"]}]},{\"@type\":\"ImageObject\",\"inLanguage\":\"en-US\",\"@id\":\"https:\/\/labochem.com.vn\/s\u1ea3n ph\u1ea9m\/binh-dinh-muc-thuy-tinh-trang-nut-nhua-pe-moi-class-a-duran\/#primaryimage\",\"url\":\"https:\/\/labochem.com.vn\/wp-content\/uploads\/2020\/05\/image-12.jpg\",\"contentUrl\":\"https:\/\/labochem.com.vn\/wp-content\/uploads\/2020\/05\/image-12.jpg\",\"width\":300,\"height\":300},{\"@type\":\"BreadcrumbList\",\"@id\":\"https:\/\/labochem.com.vn\/s\u1ea3n ph\u1ea9m\/binh-dinh-muc-thuy-tinh-trang-nut-nhua-pe-moi-class-a-duran\/#breadcrumb\",\"itemListElement\":[{\"@type\":\"ListItem\",\"position\":1,\"name\":\"Home\",\"item\":\"https:\/\/labochem.com.vn\/\"},{\"@type\":\"ListItem\",\"position\":2,\"name\":\"C\u1eeda h\u00e0ng\",\"item\":\"https:\/\/labochem.com.vn\/mua\/\"},{\"@type\":\"ListItem\",\"position\":3,\"name\":\"B\u00ecnh \u0111\u1ecbnh m\u1ee9c th\u1ee7y tinh tr\u1eafng, n\u00fat nh\u1ef1a PE m\u1edbi, class A &#8211; DURAN\"}]},{\"@type\":\"WebSite\",\"@id\":\"https:\/\/labochem.com.vn\/#website\",\"url\":\"https:\/\/labochem.com.vn\/\",\"name\":\"C\u00f4ng ty TNHH LABOCHEM Vi\u1ec7t Nam\",\"description\":\"M\u1ed9t trang web m\u1edbi s\u1eed d\u1ee5ng WordPress\",\"potentialAction\":[{\"@type\":\"SearchAction\",\"target\":{\"@type\":\"EntryPoint\",\"urlTemplate\":\"https:\/\/labochem.com.vn\/?s={search_term_string}\"},\"query-input\":\"required name=search_term_string\"}],\"inLanguage\":\"en-US\"}]}<\/script>\n<!-- \/ Yoast SEO plugin. -->","yoast_head_json":{"title":"[:vi]B\u00ecnh \u0111\u1ecbnh m\u1ee9c th\u1ee7y tinh tr\u1eafng, n\u00fat nh\u1ef1a PE m\u1edbi, class A - DURAN[:] - C\u00f4ng ty TNHH LABOCHEM Vi\u1ec7t Nam","robots":{"index":"index","follow":"follow","max-snippet":"max-snippet:-1","max-image-preview":"max-image-preview:large","max-video-preview":"max-video-preview:-1"},"canonical":"https:\/\/labochem.com.vn\/s\u1ea3n ph\u1ea9m\/binh-dinh-muc-thuy-tinh-trang-nut-nhua-pe-moi-class-a-duran\/","og_locale":"en_US","og_type":"article","og_title":"[:vi]B\u00ecnh \u0111\u1ecbnh m\u1ee9c th\u1ee7y tinh tr\u1eafng, n\u00fat nh\u1ef1a PE m\u1edbi, class A - DURAN[:] - C\u00f4ng ty TNHH LABOCHEM Vi\u1ec7t Nam","og_description":"[:vi]* M\u00f4 t\u1ea3 s\u1ea3n ph\u1ea9m B\u00ecnh \u0111\u1ecbnh m\u1ee9c th\u1ee7y tinh tr\u1eafng, n\u00fat nh\u1ef1a PE m\u1edbi, class A. Ch\u1ee9ng nh\u1eadn c\u1ea5p theo l\u00f4 s\u1ea3n ph\u1ea9m. Kh\u1ea3 n\u0103ng ch\u1ecbu nhi\u1ec7t c\u1ee7a th\u1ee7y tinh: 250\u00b0C Kh\u1ea3 n\u0103ng ch\u1ecbu nhi\u1ec7t c\u1ee7a n\u1eafp nh\u1ef1a: -40\u00b0C \u0111\u1ebfn +80\u00b0C Xu\u1ea5t x\u1ee9: DURAN - \u0110\u1ee9c * \u1ee8ng d\u1ee5ng: \u0111o ch\u00ednh x\u00e1c l\u01b0\u1ee3ng ch\u1ea5t l\u1ecfng \u0111\u1eb7c th\u00f9, chu\u1ea9n b\u1ecb hay l\u01b0u tr\u1eef c\u00e1c dung d\u1ecbch chu\u1ea9n.[:]","og_url":"https:\/\/labochem.com.vn\/s\u1ea3n ph\u1ea9m\/binh-dinh-muc-thuy-tinh-trang-nut-nhua-pe-moi-class-a-duran\/","og_site_name":"C\u00f4ng ty TNHH LABOCHEM Vi\u1ec7t Nam","article_modified_time":"2020-05-21T02:35:09+00:00","og_image":[{"width":300,"height":300,"url":"https:\/\/labochem.com.vn\/wp-content\/uploads\/2020\/05\/image-12.jpg","type":"image\/jpeg"}],"twitter_card":"summary_large_image","schema":{"@context":"https:\/\/schema.org","@graph":[{"@type":"WebPage","@id":"https:\/\/labochem.com.vn\/s\u1ea3n ph\u1ea9m\/binh-dinh-muc-thuy-tinh-trang-nut-nhua-pe-moi-class-a-duran\/","url":"https:\/\/labochem.com.vn\/s\u1ea3n ph\u1ea9m\/binh-dinh-muc-thuy-tinh-trang-nut-nhua-pe-moi-class-a-duran\/","name":"[:vi]B\u00ecnh \u0111\u1ecbnh m\u1ee9c th\u1ee7y tinh tr\u1eafng, n\u00fat nh\u1ef1a PE m\u1edbi, class A - DURAN[:] - C\u00f4ng ty TNHH LABOCHEM Vi\u1ec7t Nam","isPartOf":{"@id":"https:\/\/labochem.com.vn\/#website"},"primaryImageOfPage":{"@id":"https:\/\/labochem.com.vn\/s\u1ea3n ph\u1ea9m\/binh-dinh-muc-thuy-tinh-trang-nut-nhua-pe-moi-class-a-duran\/#primaryimage"},"image":{"@id":"https:\/\/labochem.com.vn\/s\u1ea3n ph\u1ea9m\/binh-dinh-muc-thuy-tinh-trang-nut-nhua-pe-moi-class-a-duran\/#primaryimage"},"thumbnailUrl":"https:\/\/labochem.com.vn\/wp-content\/uploads\/2020\/05\/image-12.jpg","datePublished":"2020-05-08T02:21:40+00:00","dateModified":"2020-05-21T02:35:09+00:00","breadcrumb":{"@id":"https:\/\/labochem.com.vn\/s\u1ea3n ph\u1ea9m\/binh-dinh-muc-thuy-tinh-trang-nut-nhua-pe-moi-class-a-duran\/#breadcrumb"},"inLanguage":"en-US","potentialAction":[{"@type":"ReadAction","target":["https:\/\/labochem.com.vn\/s\u1ea3n ph\u1ea9m\/binh-dinh-muc-thuy-tinh-trang-nut-nhua-pe-moi-class-a-duran\/"]}]},{"@type":"ImageObject","inLanguage":"en-US","@id":"https:\/\/labochem.com.vn\/s\u1ea3n ph\u1ea9m\/binh-dinh-muc-thuy-tinh-trang-nut-nhua-pe-moi-class-a-duran\/#primaryimage","url":"https:\/\/labochem.com.vn\/wp-content\/uploads\/2020\/05\/image-12.jpg","contentUrl":"https:\/\/labochem.com.vn\/wp-content\/uploads\/2020\/05\/image-12.jpg","width":300,"height":300},{"@type":"BreadcrumbList","@id":"https:\/\/labochem.com.vn\/s\u1ea3n ph\u1ea9m\/binh-dinh-muc-thuy-tinh-trang-nut-nhua-pe-moi-class-a-duran\/#breadcrumb","itemListElement":[{"@type":"ListItem","position":1,"name":"Home","item":"https:\/\/labochem.com.vn\/"},{"@type":"ListItem","position":2,"name":"C\u1eeda h\u00e0ng","item":"https:\/\/labochem.com.vn\/mua\/"},{"@type":"ListItem","position":3,"name":"B\u00ecnh \u0111\u1ecbnh m\u1ee9c th\u1ee7y tinh tr\u1eafng, n\u00fat nh\u1ef1a PE m\u1edbi, class A &#8211; DURAN"}]},{"@type":"WebSite","@id":"https:\/\/labochem.com.vn\/#website","url":"https:\/\/labochem.com.vn\/","name":"C\u00f4ng ty TNHH LABOCHEM Vi\u1ec7t Nam","description":"M\u1ed9t trang web m\u1edbi s\u1eed d\u1ee5ng WordPress","potentialAction":[{"@type":"SearchAction","target":{"@type":"EntryPoint","urlTemplate":"https:\/\/labochem.com.vn\/?s={search_term_string}"},"query-input":"required name=search_term_string"}],"inLanguage":"en-US"}]}},"_links":{"self":[{"href":"https:\/\/labochem.com.vn\/en\/wp-json\/wp\/v2\/product\/430"}],"collection":[{"href":"https:\/\/labochem.com.vn\/en\/wp-json\/wp\/v2\/product"}],"about":[{"href":"https:\/\/labochem.com.vn\/en\/wp-json\/wp\/v2\/types\/product"}],"replies":[{"embeddable":true,"href":"https:\/\/labochem.com.vn\/en\/wp-json\/wp\/v2\/comments?post=430"}],"wp:featuredmedia":[{"embeddable":true,"href":"https:\/\/labochem.com.vn\/en\/wp-json\/wp\/v2\/media\/431"}],"wp:attachment":[{"href":"https:\/\/labochem.com.vn\/en\/wp-json\/wp\/v2\/media?parent=430"}],"wp:term":[{"taxonomy":"product_cat","embeddable":true,"href":"https:\/\/labochem.com.vn\/en\/wp-json\/wp\/v2\/product_cat?post=430"},{"taxonomy":"product_tag","embeddable":true,"href":"https:\/\/labochem.com.vn\/en\/wp-json\/wp\/v2\/product_tag?post=430"}],"curies":[{"name":"wp","href":"https:\/\/api.w.org\/{rel}","templated":true}]}}