{"id":426,"date":"2020-05-08T02:12:37","date_gmt":"2020-05-08T02:12:37","guid":{"rendered":"https:\/\/labochem.com.vn\/?post_type=product&#038;p=426"},"modified":"2020-05-21T02:39:57","modified_gmt":"2020-05-21T02:39:57","slug":"binh-tam-giac-co-nap-van-duran","status":"publish","type":"product","link":"https:\/\/labochem.com.vn\/en\/s\u1ea3n ph\u1ea9m\/binh-tam-giac-co-nap-van-duran\/","title":{"rendered":"(Ti\u1ebfng Vi\u1ec7t) B\u00ccNH TAM GI\u00c1C C\u00d3 N\u1eaeP V\u1eb6N &#8211; DURAN"},"content":{"rendered":"","protected":false},"excerpt":{"rendered":"<p class=\"qtranxs-available-languages-message qtranxs-available-languages-message-en\">Sorry, this entry is only available in <a href=\"https:\/\/labochem.com.vn\/vi\/wp-json\/wp\/v2\/product\/426\" class=\"qtranxs-available-language-link qtranxs-available-language-link-vi\" title=\"Ti\u1ebfng Vi\u1ec7t\">Ti\u1ebfng Vi\u1ec7t<\/a>.<\/p>\n","protected":false},"featured_media":427,"comment_status":"open","ping_status":"closed","template":"","meta":[],"product_cat":[301,100],"product_tag":[118],"yoast_head":"<!-- This site is optimized with the Yoast SEO plugin v22.6 - https:\/\/yoast.com\/wordpress\/plugins\/seo\/ -->\n<title><\/title>\n<meta name=\"robots\" content=\"index, follow, max-snippet:-1, max-image-preview:large, max-video-preview:-1\" \/>\n<link rel=\"canonical\" href=\"https:\/\/labochem.com.vn\/s\u1ea3n%20ph\u1ea9m\/binh-tam-giac-co-nap-van-duran\/\" \/>\n<meta property=\"og:locale\" content=\"en_US\" \/>\n<meta property=\"og:type\" content=\"article\" \/>\n<meta property=\"og:title\" content=\"[:vi]B\u00ccNH TAM GI\u00c1C C\u00d3 N\u1eaeP V\u1eb6N - DURAN[:] - C\u00f4ng ty TNHH LABOCHEM Vi\u1ec7t Nam\" \/>\n<meta property=\"og:description\" content=\"[:vi]M\u00f4 t\u1ea3 s\u1ea3n ph\u1ea9m: - Thang chia v\u1ea1ch d\u1ec5 \u0111\u1ecdc v\u00e0 d\u1ec5 d\u00e0ng ghi ch\u00fa tr\u00ean v\u00f9ng nh\u00e3n r\u1ed9ng b\u1eb1ng men tr\u1eafng, \u0111\u1ed9 b\u1ec1n cao. B\u00ecnh n\u1eafp v\u1eb7n chu\u1ea9n DIN, c\u00f3 n\u1eafp PBT ho\u1eb7c n\u1eafp c\u00f3 m\u00e0ng l\u1ecdc (c\u00f3 th\u1ec3 trao \u0111\u1ed5i kh\u00ed). N\u1eafp c\u00f3 m\u00e0ng l\u1ecdc l\u00fd t\u01b0\u1edfng cho qu\u00e1 tr\u00ecnh h\u1ea5p ti\u1ec7t tr\u00f9ng, v\u00ec m\u00e0ng l\u1ecdc cho ph\u00e9p c\u00e2n b\u1eb1ng \u00e1p su\u1ea5t. V\u00ec v\u1eady, s\u1ebd l\u00e0m gi\u1ea3m \u0111\u00e1ng k\u1ec3 r\u1ee7i ro l\u00e2y nhi\u1ec5m ch\u00e9o m\u00e0 h\u00f3a ch\u1ea5t b\u00ean trong chai v\u1eabn \u0111\u01b0\u1ee3c ti\u1ec7t tr\u00f9ng. - Khi d\u00f9ng cho nu\u00f4i c\u1ea5y m\u00f4, m\u00e0ng l\u1ecdc c\u0169ng s\u1ebd ng\u0103n ch\u1eb7n vi\u1ec7c trao \u0111\u1ed5i kh\u00ed. Vi\u1ec7c trao \u0111\u1ed5i kh\u00ed c\u00f3 th\u1ec3 d\u1ec5 d\u00e0ng x\u00e1c \u0111\u1ecbnh h\u01a1n n\u1ebfu m\u00e0ng l\u1ecdc \u0111\u01b0\u1ee3c th\u1ef1c hi\u1ec7n v\u1edbi m\u1ed9t t\u1ea5m l\u00f3t b\u00f4ng. - Xu\u1ea5t x\u1ee9: DURAN - \u0110\u1ee9c * \u1ee8ng d\u1ee5ng: l\u01b0u tr\u1eef, v\u1eadn chuy\u1ec3n c\u00e1c m\u00f4i tr\u01b0\u1eddng t\u1ea1o kh\u00ed; ti\u1ec7t tr\u00f9ng; nu\u00f4i c\u1ea5y vi sinh.[:]\" \/>\n<meta property=\"og:url\" content=\"https:\/\/labochem.com.vn\/s\u1ea3n ph\u1ea9m\/binh-tam-giac-co-nap-van-duran\/\" \/>\n<meta property=\"og:site_name\" content=\"C\u00f4ng ty TNHH LABOCHEM Vi\u1ec7t Nam\" \/>\n<meta property=\"article:modified_time\" content=\"2020-05-21T02:39:57+00:00\" \/>\n<meta property=\"og:image\" content=\"https:\/\/labochem.com.vn\/wp-content\/uploads\/2020\/05\/image-11.jpg\" \/>\n\t<meta property=\"og:image:width\" content=\"300\" \/>\n\t<meta property=\"og:image:height\" content=\"300\" \/>\n\t<meta property=\"og:image:type\" content=\"image\/jpeg\" \/>\n<meta name=\"twitter:card\" content=\"summary_large_image\" \/>\n<script type=\"application\/ld+json\" class=\"yoast-schema-graph\">{\"@context\":\"https:\/\/schema.org\",\"@graph\":[{\"@type\":\"WebPage\",\"@id\":\"https:\/\/labochem.com.vn\/s\u1ea3n ph\u1ea9m\/binh-tam-giac-co-nap-van-duran\/\",\"url\":\"https:\/\/labochem.com.vn\/s\u1ea3n ph\u1ea9m\/binh-tam-giac-co-nap-van-duran\/\",\"name\":\"[:vi]B\u00ccNH TAM GI\u00c1C C\u00d3 N\u1eaeP V\u1eb6N - DURAN[:] - C\u00f4ng ty TNHH LABOCHEM Vi\u1ec7t Nam\",\"isPartOf\":{\"@id\":\"https:\/\/labochem.com.vn\/#website\"},\"primaryImageOfPage\":{\"@id\":\"https:\/\/labochem.com.vn\/s\u1ea3n ph\u1ea9m\/binh-tam-giac-co-nap-van-duran\/#primaryimage\"},\"image\":{\"@id\":\"https:\/\/labochem.com.vn\/s\u1ea3n ph\u1ea9m\/binh-tam-giac-co-nap-van-duran\/#primaryimage\"},\"thumbnailUrl\":\"https:\/\/labochem.com.vn\/wp-content\/uploads\/2020\/05\/image-11.jpg\",\"datePublished\":\"2020-05-08T02:12:37+00:00\",\"dateModified\":\"2020-05-21T02:39:57+00:00\",\"breadcrumb\":{\"@id\":\"https:\/\/labochem.com.vn\/s\u1ea3n ph\u1ea9m\/binh-tam-giac-co-nap-van-duran\/#breadcrumb\"},\"inLanguage\":\"en-US\",\"potentialAction\":[{\"@type\":\"ReadAction\",\"target\":[\"https:\/\/labochem.com.vn\/s\u1ea3n ph\u1ea9m\/binh-tam-giac-co-nap-van-duran\/\"]}]},{\"@type\":\"ImageObject\",\"inLanguage\":\"en-US\",\"@id\":\"https:\/\/labochem.com.vn\/s\u1ea3n ph\u1ea9m\/binh-tam-giac-co-nap-van-duran\/#primaryimage\",\"url\":\"https:\/\/labochem.com.vn\/wp-content\/uploads\/2020\/05\/image-11.jpg\",\"contentUrl\":\"https:\/\/labochem.com.vn\/wp-content\/uploads\/2020\/05\/image-11.jpg\",\"width\":300,\"height\":300},{\"@type\":\"BreadcrumbList\",\"@id\":\"https:\/\/labochem.com.vn\/s\u1ea3n ph\u1ea9m\/binh-tam-giac-co-nap-van-duran\/#breadcrumb\",\"itemListElement\":[{\"@type\":\"ListItem\",\"position\":1,\"name\":\"Home\",\"item\":\"https:\/\/labochem.com.vn\/\"},{\"@type\":\"ListItem\",\"position\":2,\"name\":\"C\u1eeda h\u00e0ng\",\"item\":\"https:\/\/labochem.com.vn\/mua\/\"},{\"@type\":\"ListItem\",\"position\":3,\"name\":\"B\u00ccNH TAM GI\u00c1C C\u00d3 N\u1eaeP V\u1eb6N &#8211; DURAN\"}]},{\"@type\":\"WebSite\",\"@id\":\"https:\/\/labochem.com.vn\/#website\",\"url\":\"https:\/\/labochem.com.vn\/\",\"name\":\"C\u00f4ng ty TNHH LABOCHEM Vi\u1ec7t Nam\",\"description\":\"M\u1ed9t trang web m\u1edbi s\u1eed d\u1ee5ng WordPress\",\"potentialAction\":[{\"@type\":\"SearchAction\",\"target\":{\"@type\":\"EntryPoint\",\"urlTemplate\":\"https:\/\/labochem.com.vn\/?s={search_term_string}\"},\"query-input\":\"required name=search_term_string\"}],\"inLanguage\":\"en-US\"}]}<\/script>\n<!-- \/ Yoast SEO plugin. -->","yoast_head_json":{"title":"[:vi]B\u00ccNH TAM GI\u00c1C C\u00d3 N\u1eaeP V\u1eb6N - DURAN[:] - C\u00f4ng ty TNHH LABOCHEM Vi\u1ec7t Nam","robots":{"index":"index","follow":"follow","max-snippet":"max-snippet:-1","max-image-preview":"max-image-preview:large","max-video-preview":"max-video-preview:-1"},"canonical":"https:\/\/labochem.com.vn\/s\u1ea3n ph\u1ea9m\/binh-tam-giac-co-nap-van-duran\/","og_locale":"en_US","og_type":"article","og_title":"[:vi]B\u00ccNH TAM GI\u00c1C C\u00d3 N\u1eaeP V\u1eb6N - DURAN[:] - C\u00f4ng ty TNHH LABOCHEM Vi\u1ec7t Nam","og_description":"[:vi]M\u00f4 t\u1ea3 s\u1ea3n ph\u1ea9m: - Thang chia v\u1ea1ch d\u1ec5 \u0111\u1ecdc v\u00e0 d\u1ec5 d\u00e0ng ghi ch\u00fa tr\u00ean v\u00f9ng nh\u00e3n r\u1ed9ng b\u1eb1ng men tr\u1eafng, \u0111\u1ed9 b\u1ec1n cao. B\u00ecnh n\u1eafp v\u1eb7n chu\u1ea9n DIN, c\u00f3 n\u1eafp PBT ho\u1eb7c n\u1eafp c\u00f3 m\u00e0ng l\u1ecdc (c\u00f3 th\u1ec3 trao \u0111\u1ed5i kh\u00ed). N\u1eafp c\u00f3 m\u00e0ng l\u1ecdc l\u00fd t\u01b0\u1edfng cho qu\u00e1 tr\u00ecnh h\u1ea5p ti\u1ec7t tr\u00f9ng, v\u00ec m\u00e0ng l\u1ecdc cho ph\u00e9p c\u00e2n b\u1eb1ng \u00e1p su\u1ea5t. V\u00ec v\u1eady, s\u1ebd l\u00e0m gi\u1ea3m \u0111\u00e1ng k\u1ec3 r\u1ee7i ro l\u00e2y nhi\u1ec5m ch\u00e9o m\u00e0 h\u00f3a ch\u1ea5t b\u00ean trong chai v\u1eabn \u0111\u01b0\u1ee3c ti\u1ec7t tr\u00f9ng. - Khi d\u00f9ng cho nu\u00f4i c\u1ea5y m\u00f4, m\u00e0ng l\u1ecdc c\u0169ng s\u1ebd ng\u0103n ch\u1eb7n vi\u1ec7c trao \u0111\u1ed5i kh\u00ed. Vi\u1ec7c trao \u0111\u1ed5i kh\u00ed c\u00f3 th\u1ec3 d\u1ec5 d\u00e0ng x\u00e1c \u0111\u1ecbnh h\u01a1n n\u1ebfu m\u00e0ng l\u1ecdc \u0111\u01b0\u1ee3c th\u1ef1c hi\u1ec7n v\u1edbi m\u1ed9t t\u1ea5m l\u00f3t b\u00f4ng. - Xu\u1ea5t x\u1ee9: DURAN - \u0110\u1ee9c * \u1ee8ng d\u1ee5ng: l\u01b0u tr\u1eef, v\u1eadn chuy\u1ec3n c\u00e1c m\u00f4i tr\u01b0\u1eddng t\u1ea1o kh\u00ed; ti\u1ec7t tr\u00f9ng; nu\u00f4i c\u1ea5y vi sinh.[:]","og_url":"https:\/\/labochem.com.vn\/s\u1ea3n ph\u1ea9m\/binh-tam-giac-co-nap-van-duran\/","og_site_name":"C\u00f4ng ty TNHH LABOCHEM Vi\u1ec7t Nam","article_modified_time":"2020-05-21T02:39:57+00:00","og_image":[{"width":300,"height":300,"url":"https:\/\/labochem.com.vn\/wp-content\/uploads\/2020\/05\/image-11.jpg","type":"image\/jpeg"}],"twitter_card":"summary_large_image","schema":{"@context":"https:\/\/schema.org","@graph":[{"@type":"WebPage","@id":"https:\/\/labochem.com.vn\/s\u1ea3n ph\u1ea9m\/binh-tam-giac-co-nap-van-duran\/","url":"https:\/\/labochem.com.vn\/s\u1ea3n ph\u1ea9m\/binh-tam-giac-co-nap-van-duran\/","name":"[:vi]B\u00ccNH TAM GI\u00c1C C\u00d3 N\u1eaeP V\u1eb6N - DURAN[:] - C\u00f4ng ty TNHH LABOCHEM Vi\u1ec7t Nam","isPartOf":{"@id":"https:\/\/labochem.com.vn\/#website"},"primaryImageOfPage":{"@id":"https:\/\/labochem.com.vn\/s\u1ea3n ph\u1ea9m\/binh-tam-giac-co-nap-van-duran\/#primaryimage"},"image":{"@id":"https:\/\/labochem.com.vn\/s\u1ea3n ph\u1ea9m\/binh-tam-giac-co-nap-van-duran\/#primaryimage"},"thumbnailUrl":"https:\/\/labochem.com.vn\/wp-content\/uploads\/2020\/05\/image-11.jpg","datePublished":"2020-05-08T02:12:37+00:00","dateModified":"2020-05-21T02:39:57+00:00","breadcrumb":{"@id":"https:\/\/labochem.com.vn\/s\u1ea3n ph\u1ea9m\/binh-tam-giac-co-nap-van-duran\/#breadcrumb"},"inLanguage":"en-US","potentialAction":[{"@type":"ReadAction","target":["https:\/\/labochem.com.vn\/s\u1ea3n ph\u1ea9m\/binh-tam-giac-co-nap-van-duran\/"]}]},{"@type":"ImageObject","inLanguage":"en-US","@id":"https:\/\/labochem.com.vn\/s\u1ea3n ph\u1ea9m\/binh-tam-giac-co-nap-van-duran\/#primaryimage","url":"https:\/\/labochem.com.vn\/wp-content\/uploads\/2020\/05\/image-11.jpg","contentUrl":"https:\/\/labochem.com.vn\/wp-content\/uploads\/2020\/05\/image-11.jpg","width":300,"height":300},{"@type":"BreadcrumbList","@id":"https:\/\/labochem.com.vn\/s\u1ea3n ph\u1ea9m\/binh-tam-giac-co-nap-van-duran\/#breadcrumb","itemListElement":[{"@type":"ListItem","position":1,"name":"Home","item":"https:\/\/labochem.com.vn\/"},{"@type":"ListItem","position":2,"name":"C\u1eeda h\u00e0ng","item":"https:\/\/labochem.com.vn\/mua\/"},{"@type":"ListItem","position":3,"name":"B\u00ccNH TAM GI\u00c1C C\u00d3 N\u1eaeP V\u1eb6N &#8211; DURAN"}]},{"@type":"WebSite","@id":"https:\/\/labochem.com.vn\/#website","url":"https:\/\/labochem.com.vn\/","name":"C\u00f4ng ty TNHH LABOCHEM Vi\u1ec7t Nam","description":"M\u1ed9t trang web m\u1edbi s\u1eed d\u1ee5ng WordPress","potentialAction":[{"@type":"SearchAction","target":{"@type":"EntryPoint","urlTemplate":"https:\/\/labochem.com.vn\/?s={search_term_string}"},"query-input":"required name=search_term_string"}],"inLanguage":"en-US"}]}},"_links":{"self":[{"href":"https:\/\/labochem.com.vn\/en\/wp-json\/wp\/v2\/product\/426"}],"collection":[{"href":"https:\/\/labochem.com.vn\/en\/wp-json\/wp\/v2\/product"}],"about":[{"href":"https:\/\/labochem.com.vn\/en\/wp-json\/wp\/v2\/types\/product"}],"replies":[{"embeddable":true,"href":"https:\/\/labochem.com.vn\/en\/wp-json\/wp\/v2\/comments?post=426"}],"wp:featuredmedia":[{"embeddable":true,"href":"https:\/\/labochem.com.vn\/en\/wp-json\/wp\/v2\/media\/427"}],"wp:attachment":[{"href":"https:\/\/labochem.com.vn\/en\/wp-json\/wp\/v2\/media?parent=426"}],"wp:term":[{"taxonomy":"product_cat","embeddable":true,"href":"https:\/\/labochem.com.vn\/en\/wp-json\/wp\/v2\/product_cat?post=426"},{"taxonomy":"product_tag","embeddable":true,"href":"https:\/\/labochem.com.vn\/en\/wp-json\/wp\/v2\/product_tag?post=426"}],"curies":[{"name":"wp","href":"https:\/\/api.w.org\/{rel}","templated":true}]}}