{"id":379,"date":"2020-05-07T09:13:47","date_gmt":"2020-05-07T09:13:47","guid":{"rendered":"https:\/\/labochem.com.vn\/?post_type=product&#038;p=379"},"modified":"2020-05-07T09:19:39","modified_gmt":"2020-05-07T09:19:39","slug":"binh-tam-giac-chiu-luc-co-hep-duran","status":"publish","type":"product","link":"https:\/\/labochem.com.vn\/en\/s\u1ea3n ph\u1ea9m\/binh-tam-giac-chiu-luc-co-hep-duran\/","title":{"rendered":"(Ti\u1ebfng Vi\u1ec7t) B\u00ecnh tam gi\u00e1c ch\u1ecbu l\u1ef1c c\u1ed5 h\u1eb9p &#8211; DURAN"},"content":{"rendered":"","protected":false},"excerpt":{"rendered":"<p class=\"qtranxs-available-languages-message qtranxs-available-languages-message-en\">Sorry, this entry is only available in <a href=\"https:\/\/labochem.com.vn\/vi\/wp-json\/wp\/v2\/product\/379\" class=\"qtranxs-available-language-link qtranxs-available-language-link-vi\" title=\"Ti\u1ebfng Vi\u1ec7t\">Ti\u1ebfng Vi\u1ec7t<\/a>.<\/p>\n","protected":false},"featured_media":384,"comment_status":"open","ping_status":"closed","template":"","meta":[],"product_cat":[15,100],"product_tag":[104],"yoast_head":"<!-- This site is optimized with the Yoast SEO plugin v22.6 - https:\/\/yoast.com\/wordpress\/plugins\/seo\/ -->\n<title><\/title>\n<meta name=\"robots\" content=\"index, follow, max-snippet:-1, max-image-preview:large, max-video-preview:-1\" \/>\n<link rel=\"canonical\" href=\"https:\/\/labochem.com.vn\/en\/s\u1ea3n%20ph\u1ea9m\/binh-tam-giac-chiu-luc-co-hep-duran\/\" \/>\n<meta property=\"og:locale\" content=\"en_US\" \/>\n<meta property=\"og:type\" content=\"article\" \/>\n<meta property=\"og:title\" content=\"[:vi]B\u00ecnh tam gi\u00e1c ch\u1ecbu l\u1ef1c c\u1ed5 h\u1eb9p - DURAN[:] - C\u00f4ng ty TNHH LABOCHEM Vi\u1ec7t Nam\" \/>\n<meta property=\"og:description\" content=\"[:vi]* M\u00f4 t\u1ea3: T\u0103ng kh\u1ea3 n\u0103ng ch\u1ecbu l\u1ef1c nh\u1edd t\u0103ng \u0111\u1ed9 d\u00e0y th\u00e0nh. V\u00e0nh d\u00e0y, c\u1ee9ng. \u0110\u1ed9 d\u00e0y c\u1ee7a th\u00e0nh \u0111\u1ed3ng nh\u1ea5t. \u0110\u00e3 \u0111\u01b0\u1ee3c DURAN\u00ae ki\u1ec3m ch\u1ee9ng. Th\u1ee7y tinh lo\u1ea1i 1 \/ Th\u1ee7y tinh trung t\u00ednh theo chu\u1ea9n USP, EP v\u00e0 JP. C\u00f3 th\u1ec3 h\u1ea5p ti\u1ec7t tr\u00f9ng. C\u00f3 retrace code. V\u1ea1ch chia \u0111\u1ecdc d\u1ec5 d\u00e0ng. \u0110\u1ed9 b\u1ec1n cao. Xu\u1ea5t x\u1ee9: DURAN - \u0110\u1ee9c * \u1ee8ng d\u1ee5ng: d\u00f9ng cho c\u00e1c \u1ee9ng d\u1ee5ng c\u1ea7n ch\u1ecbu l\u1ef1c cao. * Ch\u00fa \u00fd: \u0110\u1ec3 tr\u00e1nh b\u1ecb v\u1ee1 do shock nhi\u1ec7t, c\u1ea7n gia nhi\u1ec7t t\u1eeb t\u1eeb v\u00e0 \u0111\u1ed3ng \u0111\u1ec1u. N\u1ec1u l\u00e0m vi\u1ec7c d\u01b0\u1edbi m\u00f4i tr\u01b0\u1eddng nhi\u1ec7t \u0111\u1ed9 cao ho\u1eb7c thay \u0111\u1ed5i nhi\u1ec7t \u0111\u1ed9t ng\u1ed9t, n\u00ean s\u1eed d\u1ee5ng lo\u1ea1i c\u1ed1c \u0111\u1ed1t, hay b\u00ecnh tam gi\u00e1c th\u00f4ng th\u01b0\u1eddng c\u1ee7a DURAN\u00ae, nh\u1eefng s\u1ea3n ph\u1ea9m c\u00f3 kh\u1ea3 n\u0103ng ch\u1ed1ng shock nhi\u1ec7t r\u1ea5t t\u1ed1t.[:]\" \/>\n<meta property=\"og:url\" content=\"https:\/\/labochem.com.vn\/en\/s\u1ea3n ph\u1ea9m\/binh-tam-giac-chiu-luc-co-hep-duran\/\" \/>\n<meta property=\"og:site_name\" content=\"C\u00f4ng ty TNHH LABOCHEM Vi\u1ec7t Nam\" \/>\n<meta property=\"article:modified_time\" content=\"2020-05-07T09:19:39+00:00\" \/>\n<meta property=\"og:image\" content=\"https:\/\/labochem.com.vn\/wp-content\/uploads\/2020\/05\/timthumb.jpg\" \/>\n\t<meta property=\"og:image:width\" content=\"360\" \/>\n\t<meta property=\"og:image:height\" content=\"360\" \/>\n\t<meta property=\"og:image:type\" content=\"image\/jpeg\" \/>\n<meta name=\"twitter:card\" content=\"summary_large_image\" \/>\n<script type=\"application\/ld+json\" class=\"yoast-schema-graph\">{\"@context\":\"https:\/\/schema.org\",\"@graph\":[{\"@type\":\"WebPage\",\"@id\":\"https:\/\/labochem.com.vn\/en\/s\u1ea3n ph\u1ea9m\/binh-tam-giac-chiu-luc-co-hep-duran\/\",\"url\":\"https:\/\/labochem.com.vn\/en\/s\u1ea3n ph\u1ea9m\/binh-tam-giac-chiu-luc-co-hep-duran\/\",\"name\":\"[:vi]B\u00ecnh tam gi\u00e1c ch\u1ecbu l\u1ef1c c\u1ed5 h\u1eb9p - DURAN[:] - C\u00f4ng ty TNHH LABOCHEM Vi\u1ec7t Nam\",\"isPartOf\":{\"@id\":\"https:\/\/labochem.com.vn\/#website\"},\"primaryImageOfPage\":{\"@id\":\"https:\/\/labochem.com.vn\/en\/s\u1ea3n ph\u1ea9m\/binh-tam-giac-chiu-luc-co-hep-duran\/#primaryimage\"},\"image\":{\"@id\":\"https:\/\/labochem.com.vn\/en\/s\u1ea3n ph\u1ea9m\/binh-tam-giac-chiu-luc-co-hep-duran\/#primaryimage\"},\"thumbnailUrl\":\"https:\/\/labochem.com.vn\/wp-content\/uploads\/2020\/05\/timthumb.jpg\",\"datePublished\":\"2020-05-07T09:13:47+00:00\",\"dateModified\":\"2020-05-07T09:19:39+00:00\",\"breadcrumb\":{\"@id\":\"https:\/\/labochem.com.vn\/en\/s\u1ea3n ph\u1ea9m\/binh-tam-giac-chiu-luc-co-hep-duran\/#breadcrumb\"},\"inLanguage\":\"en-US\",\"potentialAction\":[{\"@type\":\"ReadAction\",\"target\":[\"https:\/\/labochem.com.vn\/en\/s\u1ea3n ph\u1ea9m\/binh-tam-giac-chiu-luc-co-hep-duran\/\"]}]},{\"@type\":\"ImageObject\",\"inLanguage\":\"en-US\",\"@id\":\"https:\/\/labochem.com.vn\/en\/s\u1ea3n ph\u1ea9m\/binh-tam-giac-chiu-luc-co-hep-duran\/#primaryimage\",\"url\":\"https:\/\/labochem.com.vn\/wp-content\/uploads\/2020\/05\/timthumb.jpg\",\"contentUrl\":\"https:\/\/labochem.com.vn\/wp-content\/uploads\/2020\/05\/timthumb.jpg\",\"width\":360,\"height\":360},{\"@type\":\"BreadcrumbList\",\"@id\":\"https:\/\/labochem.com.vn\/en\/s\u1ea3n ph\u1ea9m\/binh-tam-giac-chiu-luc-co-hep-duran\/#breadcrumb\",\"itemListElement\":[{\"@type\":\"ListItem\",\"position\":1,\"name\":\"Home\",\"item\":\"https:\/\/labochem.com.vn\/\"},{\"@type\":\"ListItem\",\"position\":2,\"name\":\"C\u1eeda h\u00e0ng\",\"item\":\"https:\/\/labochem.com.vn\/mua\/\"},{\"@type\":\"ListItem\",\"position\":3,\"name\":\"(Ti\u1ebfng Vi\u1ec7t) B\u00ecnh tam gi\u00e1c ch\u1ecbu l\u1ef1c c\u1ed5 h\u1eb9p &#8211; DURAN\"}]},{\"@type\":\"WebSite\",\"@id\":\"https:\/\/labochem.com.vn\/#website\",\"url\":\"https:\/\/labochem.com.vn\/\",\"name\":\"C\u00f4ng ty TNHH LABOCHEM Vi\u1ec7t Nam\",\"description\":\"M\u1ed9t trang web m\u1edbi s\u1eed d\u1ee5ng WordPress\",\"potentialAction\":[{\"@type\":\"SearchAction\",\"target\":{\"@type\":\"EntryPoint\",\"urlTemplate\":\"https:\/\/labochem.com.vn\/?s={search_term_string}\"},\"query-input\":\"required name=search_term_string\"}],\"inLanguage\":\"en-US\"}]}<\/script>\n<!-- \/ Yoast SEO plugin. -->","yoast_head_json":{"title":"[:vi]B\u00ecnh tam gi\u00e1c ch\u1ecbu l\u1ef1c c\u1ed5 h\u1eb9p - DURAN[:] - C\u00f4ng ty TNHH LABOCHEM Vi\u1ec7t Nam","robots":{"index":"index","follow":"follow","max-snippet":"max-snippet:-1","max-image-preview":"max-image-preview:large","max-video-preview":"max-video-preview:-1"},"canonical":"https:\/\/labochem.com.vn\/en\/s\u1ea3n ph\u1ea9m\/binh-tam-giac-chiu-luc-co-hep-duran\/","og_locale":"en_US","og_type":"article","og_title":"[:vi]B\u00ecnh tam gi\u00e1c ch\u1ecbu l\u1ef1c c\u1ed5 h\u1eb9p - DURAN[:] - C\u00f4ng ty TNHH LABOCHEM Vi\u1ec7t Nam","og_description":"[:vi]* M\u00f4 t\u1ea3: T\u0103ng kh\u1ea3 n\u0103ng ch\u1ecbu l\u1ef1c nh\u1edd t\u0103ng \u0111\u1ed9 d\u00e0y th\u00e0nh. V\u00e0nh d\u00e0y, c\u1ee9ng. \u0110\u1ed9 d\u00e0y c\u1ee7a th\u00e0nh \u0111\u1ed3ng nh\u1ea5t. \u0110\u00e3 \u0111\u01b0\u1ee3c DURAN\u00ae ki\u1ec3m ch\u1ee9ng. Th\u1ee7y tinh lo\u1ea1i 1 \/ Th\u1ee7y tinh trung t\u00ednh theo chu\u1ea9n USP, EP v\u00e0 JP. C\u00f3 th\u1ec3 h\u1ea5p ti\u1ec7t tr\u00f9ng. C\u00f3 retrace code. V\u1ea1ch chia \u0111\u1ecdc d\u1ec5 d\u00e0ng. \u0110\u1ed9 b\u1ec1n cao. Xu\u1ea5t x\u1ee9: DURAN - \u0110\u1ee9c * \u1ee8ng d\u1ee5ng: d\u00f9ng cho c\u00e1c \u1ee9ng d\u1ee5ng c\u1ea7n ch\u1ecbu l\u1ef1c cao. * Ch\u00fa \u00fd: \u0110\u1ec3 tr\u00e1nh b\u1ecb v\u1ee1 do shock nhi\u1ec7t, c\u1ea7n gia nhi\u1ec7t t\u1eeb t\u1eeb v\u00e0 \u0111\u1ed3ng \u0111\u1ec1u. N\u1ec1u l\u00e0m vi\u1ec7c d\u01b0\u1edbi m\u00f4i tr\u01b0\u1eddng nhi\u1ec7t \u0111\u1ed9 cao ho\u1eb7c thay \u0111\u1ed5i nhi\u1ec7t \u0111\u1ed9t ng\u1ed9t, n\u00ean s\u1eed d\u1ee5ng lo\u1ea1i c\u1ed1c \u0111\u1ed1t, hay b\u00ecnh tam gi\u00e1c th\u00f4ng th\u01b0\u1eddng c\u1ee7a DURAN\u00ae, nh\u1eefng s\u1ea3n ph\u1ea9m c\u00f3 kh\u1ea3 n\u0103ng ch\u1ed1ng shock nhi\u1ec7t r\u1ea5t t\u1ed1t.[:]","og_url":"https:\/\/labochem.com.vn\/en\/s\u1ea3n ph\u1ea9m\/binh-tam-giac-chiu-luc-co-hep-duran\/","og_site_name":"C\u00f4ng ty TNHH LABOCHEM Vi\u1ec7t Nam","article_modified_time":"2020-05-07T09:19:39+00:00","og_image":[{"width":360,"height":360,"url":"https:\/\/labochem.com.vn\/wp-content\/uploads\/2020\/05\/timthumb.jpg","type":"image\/jpeg"}],"twitter_card":"summary_large_image","schema":{"@context":"https:\/\/schema.org","@graph":[{"@type":"WebPage","@id":"https:\/\/labochem.com.vn\/en\/s\u1ea3n ph\u1ea9m\/binh-tam-giac-chiu-luc-co-hep-duran\/","url":"https:\/\/labochem.com.vn\/en\/s\u1ea3n ph\u1ea9m\/binh-tam-giac-chiu-luc-co-hep-duran\/","name":"[:vi]B\u00ecnh tam gi\u00e1c ch\u1ecbu l\u1ef1c c\u1ed5 h\u1eb9p - DURAN[:] - C\u00f4ng ty TNHH LABOCHEM Vi\u1ec7t Nam","isPartOf":{"@id":"https:\/\/labochem.com.vn\/#website"},"primaryImageOfPage":{"@id":"https:\/\/labochem.com.vn\/en\/s\u1ea3n ph\u1ea9m\/binh-tam-giac-chiu-luc-co-hep-duran\/#primaryimage"},"image":{"@id":"https:\/\/labochem.com.vn\/en\/s\u1ea3n ph\u1ea9m\/binh-tam-giac-chiu-luc-co-hep-duran\/#primaryimage"},"thumbnailUrl":"https:\/\/labochem.com.vn\/wp-content\/uploads\/2020\/05\/timthumb.jpg","datePublished":"2020-05-07T09:13:47+00:00","dateModified":"2020-05-07T09:19:39+00:00","breadcrumb":{"@id":"https:\/\/labochem.com.vn\/en\/s\u1ea3n ph\u1ea9m\/binh-tam-giac-chiu-luc-co-hep-duran\/#breadcrumb"},"inLanguage":"en-US","potentialAction":[{"@type":"ReadAction","target":["https:\/\/labochem.com.vn\/en\/s\u1ea3n ph\u1ea9m\/binh-tam-giac-chiu-luc-co-hep-duran\/"]}]},{"@type":"ImageObject","inLanguage":"en-US","@id":"https:\/\/labochem.com.vn\/en\/s\u1ea3n ph\u1ea9m\/binh-tam-giac-chiu-luc-co-hep-duran\/#primaryimage","url":"https:\/\/labochem.com.vn\/wp-content\/uploads\/2020\/05\/timthumb.jpg","contentUrl":"https:\/\/labochem.com.vn\/wp-content\/uploads\/2020\/05\/timthumb.jpg","width":360,"height":360},{"@type":"BreadcrumbList","@id":"https:\/\/labochem.com.vn\/en\/s\u1ea3n ph\u1ea9m\/binh-tam-giac-chiu-luc-co-hep-duran\/#breadcrumb","itemListElement":[{"@type":"ListItem","position":1,"name":"Home","item":"https:\/\/labochem.com.vn\/"},{"@type":"ListItem","position":2,"name":"C\u1eeda h\u00e0ng","item":"https:\/\/labochem.com.vn\/mua\/"},{"@type":"ListItem","position":3,"name":"(Ti\u1ebfng Vi\u1ec7t) B\u00ecnh tam gi\u00e1c ch\u1ecbu l\u1ef1c c\u1ed5 h\u1eb9p &#8211; DURAN"}]},{"@type":"WebSite","@id":"https:\/\/labochem.com.vn\/#website","url":"https:\/\/labochem.com.vn\/","name":"C\u00f4ng ty TNHH LABOCHEM Vi\u1ec7t Nam","description":"M\u1ed9t trang web m\u1edbi s\u1eed d\u1ee5ng WordPress","potentialAction":[{"@type":"SearchAction","target":{"@type":"EntryPoint","urlTemplate":"https:\/\/labochem.com.vn\/?s={search_term_string}"},"query-input":"required name=search_term_string"}],"inLanguage":"en-US"}]}},"_links":{"self":[{"href":"https:\/\/labochem.com.vn\/en\/wp-json\/wp\/v2\/product\/379"}],"collection":[{"href":"https:\/\/labochem.com.vn\/en\/wp-json\/wp\/v2\/product"}],"about":[{"href":"https:\/\/labochem.com.vn\/en\/wp-json\/wp\/v2\/types\/product"}],"replies":[{"embeddable":true,"href":"https:\/\/labochem.com.vn\/en\/wp-json\/wp\/v2\/comments?post=379"}],"wp:featuredmedia":[{"embeddable":true,"href":"https:\/\/labochem.com.vn\/en\/wp-json\/wp\/v2\/media\/384"}],"wp:attachment":[{"href":"https:\/\/labochem.com.vn\/en\/wp-json\/wp\/v2\/media?parent=379"}],"wp:term":[{"taxonomy":"product_cat","embeddable":true,"href":"https:\/\/labochem.com.vn\/en\/wp-json\/wp\/v2\/product_cat?post=379"},{"taxonomy":"product_tag","embeddable":true,"href":"https:\/\/labochem.com.vn\/en\/wp-json\/wp\/v2\/product_tag?post=379"}],"curies":[{"name":"wp","href":"https:\/\/api.w.org\/{rel}","templated":true}]}}